{"id":312,"date":"2024-12-09T06:27:40","date_gmt":"2024-12-09T06:27:40","guid":{"rendered":"https:\/\/fmp-components.com\/?page_id=8"},"modified":"2024-12-09T06:44:39","modified_gmt":"2024-12-09T06:44:39","slug":"forklift-steering-hydraulic-cylinder","status":"publish","type":"product","link":"https:\/\/fmp-components.com\/fr\/product\/forklift-steering-hydraulic-cylinder\/","title":{"rendered":"V\u00e9rin hydraulique de direction de chariot \u00e9l\u00e9vateur"},"content":{"rendered":"<p style=\"text-align: center;\"><span style=\"font-size: 24pt;\">V\u00e9rin hydraulique de direction de chariot \u00e9l\u00e9vateur<\/span><img loading=\"lazy\" decoding=\"async\" class=\"size-full wp-image-320 aligncenter\" src=\"https:\/\/fmp-components.com\/wp-content\/uploads\/2024\/12\/Forklift-Steering-Hydraulic-Cylinder-1.webp\" alt=\"V\u00e9rin hydraulique de direction de chariot \u00e9l\u00e9vateur\" width=\"500\" height=\"500\" title=\"\" srcset=\"https:\/\/fmp-components.com\/wp-content\/uploads\/2024\/12\/Forklift-Steering-Hydraulic-Cylinder-1.webp 500w, https:\/\/fmp-components.com\/wp-content\/uploads\/2024\/12\/Forklift-Steering-Hydraulic-Cylinder-1-480x480.webp 480w\" sizes=\"(min-width: 0px) and (max-width: 480px) 480px, (min-width: 481px) 500px, 100vw\" \/><\/p>\n<h2 style=\"text-align: center;\">Pi\u00e8ces de v\u00e9rin hydraulique de direction pour chariot \u00e9l\u00e9vateur\u00a0:<\/h2>\n<p><img loading=\"lazy\" decoding=\"async\" class=\"alignnone size-full wp-image-319\" src=\"https:\/\/fmp-components.com\/wp-content\/uploads\/2024\/12\/Forklift-Steering-Hydraulic-Cylinder-Parts.webp\" alt=\"Pi\u00e8ces de direction pour chariot \u00e9l\u00e9vateur - v\u00e9rin hydraulique\" width=\"1024\" height=\"594\" title=\"\" srcset=\"https:\/\/fmp-components.com\/wp-content\/uploads\/2024\/12\/Forklift-Steering-Hydraulic-Cylinder-Parts.webp 1024w, https:\/\/fmp-components.com\/wp-content\/uploads\/2024\/12\/Forklift-Steering-Hydraulic-Cylinder-Parts-980x568.webp 980w, https:\/\/fmp-components.com\/wp-content\/uploads\/2024\/12\/Forklift-Steering-Hydraulic-Cylinder-Parts-480x278.webp 480w\" sizes=\"(min-width: 0px) and (max-width: 480px) 480px, (min-width: 481px) and (max-width: 980px) 980px, (min-width: 981px) 1024px, 100vw\" \/><\/p>\n<table style=\"width: 100%;\" border=\"1\" width=\"100%\" cellspacing=\"0\" cellpadding=\"0\">\n<tbody>\n<tr>\n<td style=\"width: 7.61801%;\" colspan=\"1\" rowspan=\"1\">\n<div class=\"magic-27\" data-spm-anchor-id=\"a2700.details.0.i41.45d84a73e99C9z\">1<\/div>\n<\/td>\n<td style=\"width: 43.3478%;\" colspan=\"1\" rowspan=\"1\">\n<div class=\"magic-28\">boulon hexagonal<\/div>\n<\/td>\n<td style=\"width: 7.0816%;\" colspan=\"1\" rowspan=\"1\">\n<div class=\"magic-29\">9<\/div>\n<\/td>\n<td style=\"width: 41.8455%;\" colspan=\"1\" rowspan=\"1\">\n<div class=\"magic-30\">Essuie-poussi\u00e8re<\/div>\n<\/td>\n<\/tr>\n<tr>\n<td style=\"width: 7.61801%;\" colspan=\"1\" rowspan=\"1\">\n<div class=\"magic-27\">2<\/div>\n<\/td>\n<td style=\"width: 43.3478%;\" colspan=\"1\" rowspan=\"1\">\n<div class=\"magic-28\">Chape<\/div>\n<\/td>\n<td style=\"width: 7.0816%;\" colspan=\"1\" rowspan=\"1\">\n<div class=\"magic-29\">10<\/div>\n<\/td>\n<td style=\"width: 41.8455%;\" colspan=\"1\" rowspan=\"1\">\n<div class=\"magic-30\">joint de tige<\/div>\n<\/td>\n<\/tr>\n<tr>\n<td style=\"width: 7.61801%;\" colspan=\"1\" rowspan=\"1\">\n<div class=\"magic-27\">3<\/div>\n<\/td>\n<td style=\"width: 43.3478%;\" colspan=\"1\" rowspan=\"1\">\n<div class=\"magic-28\">Rondelles \u00e9lastiques<\/div>\n<\/td>\n<td style=\"width: 7.0816%;\" colspan=\"1\" rowspan=\"1\">\n<div class=\"magic-29\">11<\/div>\n<\/td>\n<td style=\"width: 41.8455%;\" colspan=\"1\" rowspan=\"1\">\n<div class=\"magic-30\">Du Bush<\/div>\n<\/td>\n<\/tr>\n<tr>\n<td style=\"width: 7.61801%;\" colspan=\"1\" rowspan=\"1\">\n<div class=\"magic-27\">4<\/div>\n<\/td>\n<td style=\"width: 43.3478%;\" colspan=\"1\" rowspan=\"1\">\n<div class=\"magic-28\">\u00c9crou hexagonal<\/div>\n<\/td>\n<td style=\"width: 7.0816%;\" colspan=\"1\" rowspan=\"1\">\n<div class=\"magic-29\">12<\/div>\n<\/td>\n<td style=\"width: 41.8455%;\" colspan=\"1\" rowspan=\"1\">\n<div class=\"magic-30\">Ensemble carter de cylindre<\/div>\n<\/td>\n<\/tr>\n<tr>\n<td style=\"width: 7.61801%;\" colspan=\"1\" rowspan=\"1\">\n<div class=\"magic-27\">5<\/div>\n<\/td>\n<td style=\"width: 43.3478%;\" colspan=\"1\" rowspan=\"1\">\n<div class=\"magic-28\">Guide Bush<\/div>\n<\/td>\n<td style=\"width: 7.0816%;\" colspan=\"1\" rowspan=\"1\">\n<div class=\"magic-29\">13<\/div>\n<\/td>\n<td style=\"width: 41.8455%;\" colspan=\"1\" rowspan=\"1\">\n<div class=\"magic-30\">Joint de trou<\/div>\n<\/td>\n<\/tr>\n<tr>\n<td style=\"width: 7.61801%;\" colspan=\"1\" rowspan=\"1\">\n<div class=\"magic-27\">6<\/div>\n<\/td>\n<td style=\"width: 43.3478%;\" colspan=\"1\" rowspan=\"1\">\n<div class=\"magic-28\">joint torique<\/div>\n<\/td>\n<td style=\"width: 7.0816%;\" colspan=\"1\" rowspan=\"1\">\n<div class=\"magic-29\">14<\/div>\n<\/td>\n<td style=\"width: 41.8455%;\" colspan=\"1\" rowspan=\"1\">\n<div class=\"magic-30\">Piston<\/div>\n<\/td>\n<\/tr>\n<tr>\n<td style=\"width: 7.61801%;\" colspan=\"1\" rowspan=\"1\">\n<div class=\"magic-27\">7<\/div>\n<\/td>\n<td style=\"width: 43.3478%;\" colspan=\"1\" rowspan=\"1\">\n<div class=\"magic-28\">joint torique<\/div>\n<\/td>\n<td style=\"width: 7.0816%;\" colspan=\"1\" rowspan=\"1\">\n<div class=\"magic-29\">15<\/div>\n<\/td>\n<td style=\"width: 41.8455%;\" colspan=\"1\" rowspan=\"1\">\n<div class=\"magic-30\">joint torique<\/div>\n<\/td>\n<\/tr>\n<tr>\n<td style=\"width: 7.61801%;\" colspan=\"1\" rowspan=\"1\">\n<div class=\"magic-27\">8<\/div>\n<\/td>\n<td style=\"width: 43.3478%;\" colspan=\"1\" rowspan=\"1\">\n<div class=\"magic-28\">Fil rond<\/div>\n<\/td>\n<td style=\"width: 7.0816%;\" colspan=\"1\" rowspan=\"1\">\n<div class=\"magic-29\">16<\/div>\n<\/td>\n<td style=\"width: 41.8455%;\" colspan=\"1\" rowspan=\"1\">\n<div class=\"magic-30\">Tige de piston<\/div>\n<\/td>\n<\/tr>\n<\/tbody>\n<\/table>\n<h2>Dimensions du v\u00e9rin hydraulique de direction du chariot \u00e9l\u00e9vateur\u00a0:<\/h2>\n<table>\n<tbody>\n<tr>\n<td><img loading=\"lazy\" decoding=\"async\" class=\"alignnone size-full wp-image-314\" src=\"https:\/\/fmp-components.com\/wp-content\/uploads\/2024\/12\/Forklift-Steering-Hydraulic-Cylinder-Dimensions-1.webp\" alt=\"Dimensions du v\u00e9rin hydraulique de direction du chariot \u00e9l\u00e9vateur - 1\" width=\"600\" height=\"230\" title=\"\" srcset=\"https:\/\/fmp-components.com\/wp-content\/uploads\/2024\/12\/Forklift-Steering-Hydraulic-Cylinder-Dimensions-1.webp 600w, https:\/\/fmp-components.com\/wp-content\/uploads\/2024\/12\/Forklift-Steering-Hydraulic-Cylinder-Dimensions-1-480x184.webp 480w\" sizes=\"(min-width: 0px) and (max-width: 480px) 480px, (min-width: 481px) 600px, 100vw\" \/><\/td>\n<td><img loading=\"lazy\" decoding=\"async\" class=\"alignnone size-full wp-image-315\" src=\"https:\/\/fmp-components.com\/wp-content\/uploads\/2024\/12\/Forklift-Steering-Hydraulic-Cylinder-Dimensions-2.webp\" alt=\"Dimensions du v\u00e9rin hydraulique de direction du chariot \u00e9l\u00e9vateur (2)\" width=\"600\" height=\"230\" title=\"\" srcset=\"https:\/\/fmp-components.com\/wp-content\/uploads\/2024\/12\/Forklift-Steering-Hydraulic-Cylinder-Dimensions-2.webp 600w, https:\/\/fmp-components.com\/wp-content\/uploads\/2024\/12\/Forklift-Steering-Hydraulic-Cylinder-Dimensions-2-480x184.webp 480w\" sizes=\"(min-width: 0px) and (max-width: 480px) 480px, (min-width: 481px) 600px, 100vw\" \/><\/td>\n<\/tr>\n<\/tbody>\n<\/table>\n<table border=\"1\" cellspacing=\"0\" cellpadding=\"0\">\n<tbody>\n<tr>\n<td width=\"246\">Nom du cylindre<\/td>\n<td width=\"336\">num\u00e9ro de dessin<\/td>\n<td width=\"126\">diam\u00e8tre d&#039;al\u00e9sage (D)<\/td>\n<td width=\"123\">diam\u00e8tre de la tige (d)<\/td>\n<td width=\"114\">accident vasculaire c\u00e9r\u00e9bral (S)<\/td>\n<td width=\"170\">Distance d&#039;installation (L)<\/td>\n<td width=\"172\">pression de travail<\/td>\n<td width=\"366\">Dimensions de l&#039;interface (M)<\/td>\n<td width=\"96\">poids<\/td>\n<\/tr>\n<tr>\n<td class=\"et3\" width=\"246\" height=\"325\">V\u00e9rin de direction<\/td>\n<td class=\"et4\" width=\"336\">R960-224000-001<\/td>\n<td class=\"et4\" width=\"126\">\u03a665<\/td>\n<td class=\"et4\" width=\"123\">\u03a640<\/td>\n<td class=\"et4\" width=\"114\">2*98<\/td>\n<td class=\"et4\" width=\"170\">672<\/td>\n<td class=\"et4\" width=\"172\">10,5 MPa<\/td>\n<td class=\"et4\" width=\"366\">2-G1\/4<\/td>\n<td class=\"et4\" width=\"96\">15 kg<\/td>\n<\/tr>\n<\/tbody>\n<\/table>\n<table>\n<tbody>\n<tr>\n<td><img loading=\"lazy\" decoding=\"async\" class=\"alignnone size-full wp-image-316\" src=\"https:\/\/fmp-components.com\/wp-content\/uploads\/2024\/12\/Forklift-Steering-Hydraulic-Cylinder-Dimensions-3.webp\" alt=\"Dimensions du v\u00e9rin hydraulique de direction du chariot \u00e9l\u00e9vateur\" width=\"600\" height=\"240\" title=\"\" srcset=\"https:\/\/fmp-components.com\/wp-content\/uploads\/2024\/12\/Forklift-Steering-Hydraulic-Cylinder-Dimensions-3.webp 600w, https:\/\/fmp-components.com\/wp-content\/uploads\/2024\/12\/Forklift-Steering-Hydraulic-Cylinder-Dimensions-3-480x192.webp 480w\" sizes=\"(min-width: 0px) and (max-width: 480px) 480px, (min-width: 481px) 600px, 100vw\" \/><\/td>\n<td><img loading=\"lazy\" decoding=\"async\" class=\"alignnone size-full wp-image-317\" src=\"https:\/\/fmp-components.com\/wp-content\/uploads\/2024\/12\/Forklift-Steering-Hydraulic-Cylinder-Dimensions-4.webp\" alt=\"Dimensions du v\u00e9rin hydraulique de direction du chariot \u00e9l\u00e9vateur\" width=\"600\" height=\"240\" title=\"\" srcset=\"https:\/\/fmp-components.com\/wp-content\/uploads\/2024\/12\/Forklift-Steering-Hydraulic-Cylinder-Dimensions-4.webp 600w, https:\/\/fmp-components.com\/wp-content\/uploads\/2024\/12\/Forklift-Steering-Hydraulic-Cylinder-Dimensions-4-480x192.webp 480w\" sizes=\"(min-width: 0px) and (max-width: 480px) 480px, (min-width: 481px) 600px, 100vw\" \/><\/td>\n<\/tr>\n<\/tbody>\n<\/table>\n<table border=\"1\" cellspacing=\"0\" cellpadding=\"0\">\n<tbody>\n<tr>\n<td width=\"246\">Nom du cylindre<\/td>\n<td width=\"336\">num\u00e9ro de dessin<\/td>\n<td width=\"126\">diam\u00e8tre d&#039;al\u00e9sage (D)<\/td>\n<td width=\"123\">diam\u00e8tre de la tige (d)<\/td>\n<td width=\"114\">accident vasculaire c\u00e9r\u00e9bral (S)<\/td>\n<td width=\"170\">Distance d&#039;installation (L)<\/td>\n<td width=\"172\">pression de travail<\/td>\n<td width=\"366\">Dimensions de l&#039;interface (M)<\/td>\n<td width=\"96\">poids<\/td>\n<\/tr>\n<tr>\n<td class=\"et3\" width=\"246\" height=\"325\">V\u00e9rin de direction<\/td>\n<td class=\"et4\" width=\"336\">A2A300-223000-000<\/td>\n<td class=\"et4\" width=\"126\">\u03a680<\/td>\n<td class=\"et4\" width=\"123\">\u03a650<\/td>\n<td class=\"et4\" width=\"114\">2*103<\/td>\n<td class=\"et4\" width=\"170\">652.2<\/td>\n<td class=\"et4\" width=\"172\">10 MPa<\/td>\n<td class=\"et4\" width=\"366\">2-M16*1,5<\/td>\n<td class=\"et4\" width=\"96\">18 kg<\/td>\n<\/tr>\n<\/tbody>\n<\/table>\n<table>\n<tbody>\n<tr>\n<td><img loading=\"lazy\" decoding=\"async\" class=\"alignnone size-full wp-image-313\" src=\"https:\/\/fmp-components.com\/wp-content\/uploads\/2024\/12\/CUOJqIN9-Forklift-Steering-Hydraulic-Cylinder-Dimensions-5.webp\" alt=\"Dimensions du v\u00e9rin hydraulique de direction du chariot \u00e9l\u00e9vateur (5)\" width=\"600\" height=\"250\" title=\"\" srcset=\"https:\/\/fmp-components.com\/wp-content\/uploads\/2024\/12\/CUOJqIN9-Forklift-Steering-Hydraulic-Cylinder-Dimensions-5.webp 600w, https:\/\/fmp-components.com\/wp-content\/uploads\/2024\/12\/CUOJqIN9-Forklift-Steering-Hydraulic-Cylinder-Dimensions-5-480x200.webp 480w\" sizes=\"(min-width: 0px) and (max-width: 480px) 480px, (min-width: 481px) 600px, 100vw\" \/><\/td>\n<td><img loading=\"lazy\" decoding=\"async\" class=\"alignnone size-full wp-image-318\" src=\"https:\/\/fmp-components.com\/wp-content\/uploads\/2024\/12\/Forklift-Steering-Hydraulic-Cylinder-Dimensions-6.webp\" alt=\"Dimensions du v\u00e9rin hydraulique de direction du chariot \u00e9l\u00e9vateur\" width=\"600\" height=\"250\" title=\"\" srcset=\"https:\/\/fmp-components.com\/wp-content\/uploads\/2024\/12\/Forklift-Steering-Hydraulic-Cylinder-Dimensions-6.webp 600w, https:\/\/fmp-components.com\/wp-content\/uploads\/2024\/12\/Forklift-Steering-Hydraulic-Cylinder-Dimensions-6-480x200.webp 480w\" sizes=\"(min-width: 0px) and (max-width: 480px) 480px, (min-width: 481px) 600px, 100vw\" \/><\/td>\n<\/tr>\n<\/tbody>\n<\/table>\n<table border=\"1\" cellspacing=\"0\" cellpadding=\"0\">\n<tbody>\n<tr>\n<td width=\"246\">Nom du cylindre<\/td>\n<td width=\"336\">num\u00e9ro de dessin<\/td>\n<td width=\"126\">diam\u00e8tre d&#039;al\u00e9sage (D)<\/td>\n<td width=\"123\">diam\u00e8tre de la tige (d)<\/td>\n<td width=\"114\">accident vasculaire c\u00e9r\u00e9bral (S)<\/td>\n<td width=\"170\">Distance d&#039;installation (L)<\/td>\n<td width=\"172\">pression de travail<\/td>\n<td width=\"366\">Dimensions de l&#039;interface (M)<\/td>\n<td width=\"96\">poids<\/td>\n<\/tr>\n<tr>\n<td class=\"et3\" width=\"246\" height=\"325\">V\u00e9rin de direction<\/td>\n<td class=\"et4\" width=\"336\">XF250-223000-500T<\/td>\n<td class=\"et4\" width=\"126\">\u03a680<\/td>\n<td class=\"et4\" width=\"123\">\u03a650<\/td>\n<td class=\"et4\" width=\"114\">2*94<\/td>\n<td class=\"et4\" width=\"170\">654<\/td>\n<td class=\"et4\" width=\"172\">16 MPa<\/td>\n<td class=\"et4\" width=\"366\">2-M16*1,5<\/td>\n<td class=\"et4\" width=\"96\">20 kg<\/td>\n<\/tr>\n<\/tbody>\n<\/table>\n<h2>Cylindre hydraulique Marques et mod\u00e8les disponibles :<\/h2>\n<table border=\"1\" cellspacing=\"0\" cellpadding=\"0\">\n<tbody>\n<tr>\n<td><b data-spm-anchor-id=\"a2700.details.0.i43.45d84a73e99C9z\">KOMATSU (PC)<\/b><\/td>\n<td>PC30, PC40, PC50, PC56, PC60, PC78, PC100, PC110, PC120, PC130, PC160, PC200-3\/5\/6\/7\/8\/8MO, PC210, PC220-5\/6\/7\/8\/8MO, PC240, PC300\/350\/360-5\/6\/7\/8\/8MO, PC400\/450-5\/6\/7\/8\/8MO, PC800, PC850<\/td>\n<\/tr>\n<tr>\n<td><b>CHENILLE (E)<\/b><\/td>\n<td>E301.5, E302, E305.5, E306, E307V1\/V2\/B\/C\/D\/E\/F, E308B\/C, E120B, E312V1\/V2\/B\/C\/D, E313D2, E312D2, E315D,<br \/>\nE200B,E320V1\/V2\/A\/B\/C\/D,E324D,E325C\/D,E329D,E330\/336C\/D,E345C,E349D,E365C,E374,E390<\/td>\n<\/tr>\n<tr>\n<td><b>KOBELCO (Saskatchewan)<\/b><\/td>\n<td>SK60-3\/5\/8, SK75-8\/SR, SK100, SK120-3\/5, SK135-8\/SR, SK140-8, SK200-3\/5\/6\/6E, SK210-3\/5\/6\/6E,<br \/>\nSK230\/250-6E,SK250-8,SK260-8,SK350-8\/S8,SK460\/480-8<\/td>\n<\/tr>\n<tr>\n<td><b>HYUNDAI (R)<\/b><\/td>\n<td>R55-5\/7, R60-5\/7, R80, R110, R130, R200-5, R210-5, R215-5\/7, R220-5\/7\/9, R225-5\/7\/9, R250, R260, R265, R290, R305, R445, R485, R505<\/td>\n<\/tr>\n<tr>\n<td><b data-spm-anchor-id=\"a2700.details.0.i53.45d84a73e99C9z\">HITACHI (EX.ZX)<\/b><\/td>\n<td>EX60, EX100-1\/2\/3, EX120-1\/3\/5\/6, EX200-1\/3\/5, EX230-5, EX300-1, EX400<br \/>\nZAX60,ZAX70,ZA120-6,ZAX200\/210-1\/3\/5\/5K,ZAX240,ZAX250,ZAX260,ZAX330-3\/5\/6,ZAX450\/470,ZAX650\/670,ZAX850\/870<\/td>\n<\/tr>\n<tr>\n<td>\n<div class=\"magic-32\"><b data-spm-anchor-id=\"a2700.details.0.i55.45d84a73e99C9z\">DOOSAN (DH\/DX)<\/b><\/div>\n<\/td>\n<td>\n<div class=\"magic-33\"><span class=\"magic-34\">DH55, DH60, DH80, DH150, DH215-5\/7, DH220-5, DH225-5\/7, DH258, DH300-5\/7, DH370, DH420, DH500<br \/>\nDX55, DX60, DX75, DX130, DX225-9, DX300, DX380, DX420, DX500<\/span><\/div>\n<\/td>\n<\/tr>\n<tr>\n<td>\n<div class=\"magic-32\"><b>VOLVO (CE)<\/b><\/div>\n<\/td>\n<td>\n<div class=\"magic-33\"><span class=\"magic-34\">EC55, EC60, EC75, EC80, EC140, EC210B\/D, EC220D, EC240, EC250, EC290, EC300, EC360 EC380, EC460, EC480, EC700, EC750, EC950<\/span><\/div>\n<\/td>\n<\/tr>\n<tr>\n<td>\n<div class=\"magic-32\"><b>KATO (HD)<\/b><\/div>\n<\/td>\n<td>\n<div class=\"magic-33\"><span class=\"magic-34\">HD307\/308, HD450, HD512, HD700-5\/7, HD820-1\/2\/3\/5\/R, HD1023-1\/3, HD1430-1\/3<\/span><\/div>\n<\/td>\n<\/tr>\n<tr>\n<td>\n<div class=\"magic-32\"><b>AUTRE MARQUE<\/b><\/div>\n<\/td>\n<td>\n<div class=\"magic-33\"><span class=\"magic-34\">XCMG, LIUGONG, KUBOTA, CAS, YANMAR, SUNWARD, ZOOMLION, LISHIDE, LIEHERR<\/span><\/div>\n<\/td>\n<\/tr>\n<\/tbody>\n<\/table>\n<h3>Application du v\u00e9rin hydraulique de direction du chariot \u00e9l\u00e9vateur<\/h3>\n<p><strong>Commande de direction pr\u00e9cise<\/strong><br \/>\nLe v\u00e9rin hydraulique de direction du chariot \u00e9l\u00e9vateur joue un r\u00f4le crucial en assurant un contr\u00f4le pr\u00e9cis de sa direction. Gr\u00e2ce \u00e0 la pression hydraulique, il garantit des virages fluides et pr\u00e9cis, permettant aux op\u00e9rateurs de man\u0153uvrer ais\u00e9ment dans les espaces restreints et les all\u00e9es \u00e9troites. Cette pr\u00e9cision est essentielle dans les environnements o\u00f9 les chariots \u00e9l\u00e9vateurs doivent se d\u00e9placer rapidement et en toute s\u00e9curit\u00e9, comme dans les entrep\u00f4ts encombr\u00e9s, les centres de distribution ou les quais de chargement.<\/p>\n<p><strong>Maniabilit\u00e9 accrue<\/strong><br \/>\nL'un des principaux avantages du v\u00e9rin hydraulique de direction pour chariot \u00e9l\u00e9vateur r\u00e9side dans sa capacit\u00e9 \u00e0 am\u00e9liorer la maniabilit\u00e9. En convertissant la puissance hydraulique en mouvement de direction, il permet au chariot \u00e9l\u00e9vateur d'effectuer des virages serr\u00e9s avec un minimum d'effort de la part de l'op\u00e9rateur. Ceci est particuli\u00e8rement avantageux dans les environnements o\u00f9 les chariots \u00e9l\u00e9vateurs doivent changer fr\u00e9quemment de direction ou \u00e9voluer dans des espaces restreints. La facilit\u00e9 de direction r\u00e9duit la fatigue de l'op\u00e9rateur et am\u00e9liore l'efficacit\u00e9 globale, permettant ainsi aux chariots \u00e9l\u00e9vateurs de travailler dans des zones confin\u00e9es ou encombr\u00e9es sans compromettre la vitesse ni la pr\u00e9cision.<\/p>\n<p><strong>Stabilit\u00e9 et s\u00e9curit\u00e9 accrues<\/strong><br \/>\nLes chariots \u00e9l\u00e9vateurs \u00e9quip\u00e9s d'une direction hydraulique b\u00e9n\u00e9ficient d'une stabilit\u00e9 accrue en fonctionnement. Le v\u00e9rin de direction hydraulique contribue \u00e0 maintenir un alignement et un contr\u00f4le optimaux, \u00e9vitant ainsi les changements de direction inopin\u00e9s susceptibles d'entra\u00eener une perte de stabilit\u00e9 de la charge, voire un basculement. La pr\u00e9cision de la direction permet des virages plus fluides, r\u00e9duisant ainsi les risques d'accidents. Cette stabilit\u00e9 renforc\u00e9e est essentielle lors des op\u00e9rations \u00e0 grande vitesse ou du transport de charges lourdes, car elle garantit l'\u00e9quilibre et la s\u00e9curit\u00e9 du chariot \u00e9l\u00e9vateur.<\/p>\n<p><strong>Durabilit\u00e9 dans des conditions difficiles<\/strong><br \/>\nLe v\u00e9rin hydraulique de direction du chariot \u00e9l\u00e9vateur est con\u00e7u pour r\u00e9sister aux exigences des utilisations intensives. Fabriqu\u00e9 \u00e0 partir de mat\u00e9riaux robustes et con\u00e7u pour supporter des pressions \u00e9lev\u00e9es, il est capable de r\u00e9sister \u00e0 une usure constante dans des environnements difficiles. Il est con\u00e7u pour fonctionner dans diverses conditions climatiques et environnementales, y compris des temp\u00e9ratures extr\u00eames, l'humidit\u00e9 et l'exposition \u00e0 la poussi\u00e8re ou aux produits chimiques. Cette robustesse garantit un fonctionnement fiable du chariot \u00e9l\u00e9vateur sur de longues p\u00e9riodes d'utilisation, avec un risque minimal de panne ou de probl\u00e8mes de maintenance.<\/p>\n<p><strong>Faible entretien et longue dur\u00e9e de vie<\/strong><br \/>\nGr\u00e2ce \u00e0 sa construction robuste et \u00e0 sa conception efficace, le v\u00e9rin hydraulique de direction du chariot \u00e9l\u00e9vateur n\u00e9cessite un entretien minimal et offre une longue dur\u00e9e de vie. Le syst\u00e8me est con\u00e7u pour \u00eatre autonome, r\u00e9duisant ainsi les risques de dommages ou de contamination externes. Des contr\u00f4les r\u00e9guliers des niveaux de fluide et des joints suffisent g\u00e9n\u00e9ralement \u00e0 garantir des performances optimales. Un entretien appropri\u00e9 assure des performances constantes et fiables du v\u00e9rin hydraulique de direction tout au long de la dur\u00e9e de vie du chariot \u00e9l\u00e9vateur, contribuant ainsi \u00e0 r\u00e9duire les temps d'arr\u00eat et le co\u00fbt total de possession.<\/p>\n<h3><img loading=\"lazy\" decoding=\"async\" class=\"alignnone wp-image-322\" src=\"https:\/\/fmp-components.com\/wp-content\/uploads\/2024\/12\/Forklift-Steering-Hydraulic-Cylinder_1.webp\" alt=\"V\u00e9rin hydraulique de direction de chariot \u00e9l\u00e9vateur_1\" width=\"864\" height=\"696\" title=\"\" srcset=\"https:\/\/fmp-components.com\/wp-content\/uploads\/2024\/12\/Forklift-Steering-Hydraulic-Cylinder_1.webp 864w, https:\/\/fmp-components.com\/wp-content\/uploads\/2024\/12\/Forklift-Steering-Hydraulic-Cylinder_1-480x387.webp 480w\" sizes=\"(min-width: 0px) and (max-width: 480px) 480px, (min-width: 481px) 864px, 100vw\" \/><\/h3>\n<h3>\u00c0 propos de FMP<\/h3>\n<p>FMP est un fabricant sp\u00e9cialis\u00e9 de v\u00e9rins hydrauliques, fortement ax\u00e9 sur la recherche et la production. Depuis sa cr\u00e9ation, l&#039;entreprise s&#039;est constamment concentr\u00e9e sur le d\u00e9veloppement de v\u00e9rins hydrauliques, passant de la production de produits vari\u00e9s, tels que des engins de r\u00e9colte et de construction, \u00e0 la sp\u00e9cialisation dans les composants pour tracteurs agricoles. Forte de plus de dix ans d&#039;expertise en fabrication, d&#039;une exp\u00e9rience en gestion et d&#039;une technologie de production de pointe, FMP garantit la plus haute qualit\u00e9 de ses produits.<\/p>\n<p>Au fil de son d\u00e9veloppement professionnel, l&#039;entreprise a mis en place une ligne compl\u00e8te de production d&#039;usinage, une ligne d&#039;assemblage et une ligne de rev\u00eatement. FMP s&#039;appuie sur une \u00e9quipe d\u00e9di\u00e9e compos\u00e9e de cadres exp\u00e9riment\u00e9s, de concepteurs m\u00e9caniques qualifi\u00e9s et de techniciens hautement qualifi\u00e9s. Cela garantit une qualit\u00e9 de produit stable, tout en contr\u00f4lant efficacement la continuit\u00e9 des processus et l&#039;efficacit\u00e9 globale de la production.<\/p>\n<p>FMP adh\u00e8re aux valeurs fondamentales suivantes\u00a0: \u00ab\u00a0L&#039;innovation technologique au service du progr\u00e8s, la qualit\u00e9 au service des marques, le savoir-faire au service de la qualit\u00e9 et l&#039;\u00e9tablissement de relations gagnant-gagnant durables.\u00a0\u00bb L&#039;entreprise s&#039;engage \u00e0 fournir des produits de haute qualit\u00e9 et un service client irr\u00e9prochable, s&#039;effor\u00e7ant constamment de r\u00e9pondre aux besoins changeants du march\u00e9.<\/p>\n<p><img loading=\"lazy\" decoding=\"async\" class=\"alignnone wp-image-303\" src=\"https:\/\/fmp-components.com\/wp-content\/uploads\/2024\/12\/hydraulic-cylinder-factory-11_1.webp\" alt=\"usine de v\u00e9rins hydrauliques\" width=\"917\" height=\"1003\" title=\"\" srcset=\"https:\/\/fmp-components.com\/wp-content\/uploads\/2024\/12\/hydraulic-cylinder-factory-11_1.webp 917w, https:\/\/fmp-components.com\/wp-content\/uploads\/2024\/12\/hydraulic-cylinder-factory-11_1-480x525.webp 480w\" sizes=\"(min-width: 0px) and (max-width: 480px) 480px, (min-width: 481px) 917px, 100vw\" \/><\/p>\n<table style=\"width: 100%;\" border=\"1\" width=\"100%\" cellspacing=\"0\" cellpadding=\"0\">\n<tbody>\n<tr>\n<td style=\"width: 41.9294%;\" width=\"226\"><img loading=\"lazy\" decoding=\"async\" class=\"alignnone size-full wp-image-309\" src=\"https:\/\/fmp-components.com\/wp-content\/uploads\/2024\/12\/Forklift-Tilt-Hydraulic-Cylinder.webp\" alt=\"V\u00e9rin hydraulique d&#039;inclinaison de chariot \u00e9l\u00e9vateur\" width=\"1000\" height=\"750\" title=\"\" srcset=\"https:\/\/fmp-components.com\/wp-content\/uploads\/2024\/12\/Forklift-Tilt-Hydraulic-Cylinder.webp 1000w, https:\/\/fmp-components.com\/wp-content\/uploads\/2024\/12\/Forklift-Tilt-Hydraulic-Cylinder-980x735.webp 980w, https:\/\/fmp-components.com\/wp-content\/uploads\/2024\/12\/Forklift-Tilt-Hydraulic-Cylinder-480x360.webp 480w\" sizes=\"(min-width: 0px) and (max-width: 480px) 480px, (min-width: 481px) and (max-width: 980px) 980px, (min-width: 981px) 1000px, 100vw\" \/><\/td>\n<td style=\"width: 55.6484%;\" width=\"64\"><img loading=\"lazy\" decoding=\"async\" class=\"alignnone wp-image-283\" src=\"https:\/\/fmp-components.com\/wp-content\/uploads\/2024\/12\/hydraulic-cylinder-factory-5.webp\" alt=\"usine de v\u00e9rins hydrauliques\" width=\"542\" height=\"312\" title=\"\"><\/td>\n<\/tr>\n<\/tbody>\n<\/table>\n<p>Auteur : CX<\/p>","protected":false},"excerpt":{"rendered":"<p>Le v\u00e9rin hydraulique de direction est un composant essentiel du syst\u00e8me de direction du chariot \u00e9l\u00e9vateur, permettant un contr\u00f4le pr\u00e9cis et fluide de sa trajectoire. En convertissant la pression hydraulique en force de direction, il permet \u00e0 l'op\u00e9rateur de tourner facilement les roues, garantissant une excellente maniabilit\u00e9 m\u00eame dans les espaces restreints ou encombr\u00e9s. Le v\u00e9rin hydraulique de direction contribue \u00e0 r\u00e9duire l'effort de l'op\u00e9rateur tout en am\u00e9liorant la pr\u00e9cision de la direction, ce qui le rend id\u00e9al pour les environnements o\u00f9 les chariots \u00e9l\u00e9vateurs doivent circuler dans des all\u00e9es \u00e9troites ou des zones de travail difficiles. Sa conception robuste assure des performances fiables m\u00eame dans des conditions d'utilisation intensives, contribuant ainsi \u00e0 la stabilit\u00e9, \u00e0 la s\u00e9curit\u00e9 et \u00e0 l'efficacit\u00e9 op\u00e9rationnelle globales du chariot \u00e9l\u00e9vateur.<\/p>","protected":false},"featured_media":320,"comment_status":"open","ping_status":"closed","template":"","meta":{"_et_pb_use_builder":"","_et_pb_old_content":"","_et_gb_content_width":""},"product_brand":[],"product_cat":[20],"product_tag":[],"class_list":{"0":"post-312","1":"product","2":"type-product","3":"status-publish","4":"has-post-thumbnail","6":"product_cat-forklift-hydraulic-cylinders","8":"first","9":"instock","10":"shipping-taxable","11":"product-type-simple"},"_links":{"self":[{"href":"https:\/\/fmp-components.com\/fr\/wp-json\/wp\/v2\/product\/312","targetHints":{"allow":["GET"]}}],"collection":[{"href":"https:\/\/fmp-components.com\/fr\/wp-json\/wp\/v2\/product"}],"about":[{"href":"https:\/\/fmp-components.com\/fr\/wp-json\/wp\/v2\/types\/product"}],"replies":[{"embeddable":true,"href":"https:\/\/fmp-components.com\/fr\/wp-json\/wp\/v2\/comments?post=312"}],"wp:featuredmedia":[{"embeddable":true,"href":"https:\/\/fmp-components.com\/fr\/wp-json\/wp\/v2\/media\/320"}],"wp:attachment":[{"href":"https:\/\/fmp-components.com\/fr\/wp-json\/wp\/v2\/media?parent=312"}],"wp:term":[{"taxonomy":"product_brand","embeddable":true,"href":"https:\/\/fmp-components.com\/fr\/wp-json\/wp\/v2\/product_brand?post=312"},{"taxonomy":"product_cat","embeddable":true,"href":"https:\/\/fmp-components.com\/fr\/wp-json\/wp\/v2\/product_cat?post=312"},{"taxonomy":"product_tag","embeddable":true,"href":"https:\/\/fmp-components.com\/fr\/wp-json\/wp\/v2\/product_tag?post=312"}],"curies":[{"name":"wp","href":"https:\/\/api.w.org\/{rel}","templated":true}]}}