{"id":3110,"date":"2025-01-05T01:34:53","date_gmt":"2025-01-05T01:34:53","guid":{"rendered":"https:\/\/fmp-components.com\/?page_id=8"},"modified":"2025-01-05T01:34:53","modified_gmt":"2025-01-05T01:34:53","slug":"grain-storage-gearbox-fmp-1003-for-agricultural-grain-storage","status":"publish","type":"product","link":"https:\/\/fmp-components.com\/fr\/product\/grain-storage-gearbox-fmp-1003-for-agricultural-grain-storage\/","title":{"rendered":"R\u00e9ducteur de stockage de c\u00e9r\u00e9ales FMP-1003 pour le stockage de c\u00e9r\u00e9ales agricoles"},"content":{"rendered":"<p><img loading=\"lazy\" decoding=\"async\" class=\"size-full wp-image-3111 aligncenter\" src=\"https:\/\/fmp-components.com\/wp-content\/uploads\/2025\/01\/Grain-Transportation-Gearbox-4.webp\" alt=\"Bo\u00eete de vitesses pour le transport de c\u00e9r\u00e9ales - 4\" width=\"800\" height=\"800\" title=\"\" srcset=\"https:\/\/fmp-components.com\/wp-content\/uploads\/2025\/01\/Grain-Transportation-Gearbox-4.webp 800w, https:\/\/fmp-components.com\/wp-content\/uploads\/2025\/01\/Grain-Transportation-Gearbox-4-480x480.webp 480w\" sizes=\"(min-width: 0px) and (max-width: 480px) 480px, (min-width: 481px) 800px, 100vw\" \/><\/p>\n<h2>Sp\u00e9cifications de la bo\u00eete de vitesses de stockage de c\u00e9r\u00e9ales FMP-1003<\/h2>\n<table style=\"width: 100%; height: 115px;\" border=\"1\" width=\"100%\" cellspacing=\"0\" cellpadding=\"0\">\n<tbody>\n<tr class=\"firstRow\" style=\"height: 23px;\">\n<td style=\"height: 23px;\">Nom du produit<\/td>\n<td style=\"height: 23px;\">bo\u00eete de vitesses de stockage de c\u00e9r\u00e9ales<\/td>\n<\/tr>\n<tr style=\"height: 23px;\">\n<td style=\"height: 23px;\">Mod\u00e8le<\/td>\n<td style=\"height: 23px;\">FMP-1003<\/td>\n<\/tr>\n<tr style=\"height: 23px;\">\n<td style=\"height: 23px;\">Couleur<\/td>\n<td style=\"height: 23px;\">Personnalisation<\/td>\n<\/tr>\n<tr style=\"height: 23px;\">\n<td style=\"height: 23px;\">Mat\u00e9riel<\/td>\n<td style=\"height: 23px;\">HT250 pour le bo\u00eetier, 20CrMnTi pour l'arbre de transmission.<\/td>\n<\/tr>\n<tr style=\"height: 23px;\">\n<td style=\"height: 23px;\">Utilis\u00e9<\/td>\n<td style=\"height: 23px;\">stockage des c\u00e9r\u00e9ales<\/td>\n<\/tr>\n<\/tbody>\n<\/table>\n<h2>Avantages de l'utilisation d'une bo\u00eete de vitesses pour le stockage des c\u00e9r\u00e9ales<\/h2>\n<ol>\n<li><strong>Am\u00e9lioration de l'efficacit\u00e9 op\u00e9rationnelle<\/strong><br \/>\nLes r\u00e9ducteurs des silos \u00e0 grains sont con\u00e7us pour optimiser le d\u00e9placement et la manutention des c\u00e9r\u00e9ales. Ils garantissent le bon fonctionnement du syst\u00e8me de stockage, minimisant les temps d'arr\u00eat et maximisant le d\u00e9bit. En assurant une transmission de puissance fiable et efficace, ces r\u00e9ducteurs contribuent \u00e0 la continuit\u00e9 des op\u00e9rations dans les installations de stockage de c\u00e9r\u00e9ales.<\/li>\n<li><strong>Durabilit\u00e9 et long\u00e9vit\u00e9<\/strong><br \/>\nLes r\u00e9ducteurs des silos \u00e0 grains sont con\u00e7us pour r\u00e9sister aux conditions difficiles des environnements agricoles, notamment aux charges lourdes, \u00e0 la poussi\u00e8re et \u00e0 l'humidit\u00e9. Leur construction robuste garantit leur long\u00e9vit\u00e9, r\u00e9duisant ainsi la fr\u00e9quence des r\u00e9parations et des remplacements. Cette durabilit\u00e9 se traduit par des co\u00fbts de maintenance r\u00e9duits et une disponibilit\u00e9 op\u00e9rationnelle accrue.<\/li>\n<li><strong>Contr\u00f4le pr\u00e9cis et adaptabilit\u00e9<\/strong><br \/>\nLes r\u00e9ducteurs utilis\u00e9s dans les syst\u00e8mes de stockage de c\u00e9r\u00e9ales offrent un contr\u00f4le pr\u00e9cis de la vitesse et du couple, essentiel \u00e0 une manutention efficace des grains. Cette adaptabilit\u00e9 permet des performances personnalis\u00e9es, rendant le syst\u00e8me plus polyvalent et capable de traiter diff\u00e9rents types de grains, quantit\u00e9s et conditions de stockage.<\/li>\n<li><strong>Efficacit\u00e9 \u00e9nerg\u00e9tique<\/strong><br \/>\nLes r\u00e9ducteurs modernes des silos \u00e0 grains sont con\u00e7us dans un souci d'efficacit\u00e9 \u00e9nerg\u00e9tique. En r\u00e9duisant les pertes d'\u00e9nergie lors de la transmission de puissance, ces r\u00e9ducteurs contribuent \u00e0 diminuer les co\u00fbts d'exploitation. Ceci est particuli\u00e8rement important pour les op\u00e9rations de silo \u00e0 grains \u00e0 grande \u00e9chelle, o\u00f9 la consommation d'\u00e9nergie peut repr\u00e9senter une part importante des d\u00e9penses totales.<\/li>\n<li><strong>Am\u00e9lioration de la conservation de la qualit\u00e9 des grains<\/strong><br \/>\nLe fonctionnement r\u00e9gulier et sans \u00e0-coups des \u00e9quipements de manutention des c\u00e9r\u00e9ales, assur\u00e9 par des r\u00e9ducteurs de haute qualit\u00e9, contribue \u00e0 pr\u00e9venir l'endommagement des grains. Une manutention appropri\u00e9e et la r\u00e9duction du bris de grains permettent une meilleure pr\u00e9servation de leur qualit\u00e9, garantissant ainsi le maintien de leur valeur marchande et de leurs qualit\u00e9s nutritionnelles.<\/li>\n<\/ol>\n<p>En r\u00e9sum\u00e9, l'utilisation de r\u00e9ducteurs pour le stockage des c\u00e9r\u00e9ales am\u00e9liore consid\u00e9rablement les performances, l'efficacit\u00e9 et la s\u00e9curit\u00e9 des syst\u00e8mes de manutention. Ils contribuent \u00e0 une meilleure conservation des grains, \u00e0 la r\u00e9duction des co\u00fbts d'exploitation et \u00e0 l'allongement de la dur\u00e9e de vie du syst\u00e8me, ce qui en fait un \u00e9l\u00e9ment essentiel des op\u00e9rations modernes de stockage des c\u00e9r\u00e9ales.<\/p>\n<p><img loading=\"lazy\" decoding=\"async\" class=\"alignnone size-full wp-image-3114\" src=\"https:\/\/fmp-components.com\/wp-content\/uploads\/2025\/01\/lSmPwVjn-Grain-Transportation-Gearbox-8.webp\" alt=\"Bo\u00eete de vitesses pour le transport de c\u00e9r\u00e9ales - 8\" width=\"1534\" height=\"1286\" title=\"\" srcset=\"https:\/\/fmp-components.com\/wp-content\/uploads\/2025\/01\/lSmPwVjn-Grain-Transportation-Gearbox-8.webp 1534w, https:\/\/fmp-components.com\/wp-content\/uploads\/2025\/01\/lSmPwVjn-Grain-Transportation-Gearbox-8-1280x1073.webp 1280w, https:\/\/fmp-components.com\/wp-content\/uploads\/2025\/01\/lSmPwVjn-Grain-Transportation-Gearbox-8-980x822.webp 980w, https:\/\/fmp-components.com\/wp-content\/uploads\/2025\/01\/lSmPwVjn-Grain-Transportation-Gearbox-8-480x402.webp 480w\" sizes=\"(min-width: 0px) and (max-width: 480px) 480px, (min-width: 481px) and (max-width: 980px) 980px, (min-width: 981px) and (max-width: 1280px) 1280px, (min-width: 1281px) 1534px, 100vw\" \/><\/p>\n<h2 data-pm-slice=\"0 0 []\">Composants cl\u00e9s de la bo\u00eete de vitesses de stockage de c\u00e9r\u00e9ales<\/h2>\n<ol>\n<li><strong>arbre d'entr\u00e9e<\/strong><br \/>\nL'arbre d'entr\u00e9e re\u00e7oit la force motrice de la source d'\u00e9nergie, g\u00e9n\u00e9ralement un moteur \u00e9lectrique ou thermique. Il transmet cette puissance \u00e0 la bo\u00eete de vitesses, qui la distribue ensuite aux autres composants pour actionner le syst\u00e8me. L'arbre d'entr\u00e9e est con\u00e7u pour supporter un couple et une vitesse de rotation \u00e9lev\u00e9s.<\/li>\n<li><strong>Engrenages<\/strong><br \/>\nLes engrenages sont les composants essentiels qui assurent la transmission du mouvement et de la puissance au sein de la bo\u00eete de vitesses. Il en existe diff\u00e9rents types (engrenages coniques, h\u00e9lico\u00efdaux, droits, etc.) selon le rendement souhait\u00e9. Les engrenages contr\u00f4lent la vitesse, le couple et le sens de d\u00e9placement dans le syst\u00e8me de stockage des c\u00e9r\u00e9ales. Leur agencement pr\u00e9cis d\u00e9termine l'efficacit\u00e9 et les performances de la bo\u00eete de vitesses.<\/li>\n<li><strong>arbre de sortie<\/strong><br \/>\nL'arbre de sortie transmet le mouvement du r\u00e9ducteur aux \u00e9quipements de manutention des grains, tels que les convoyeurs, les \u00e9l\u00e9vateurs ou les ventilateurs. Il joue un r\u00f4le essentiel dans le contr\u00f4le de la direction et de la vitesse de d\u00e9placement des grains, garantissant ainsi le bon fonctionnement du syst\u00e8me de stockage.<\/li>\n<li><strong>Roulements<\/strong><br \/>\nLes roulements supportent les pi\u00e8ces rotatives de la bo\u00eete de vitesses, telles que les arbres d'entr\u00e9e et de sortie, ainsi que les engrenages. Ils r\u00e9duisent le frottement et assurent un fonctionnement fluide, ce qui contribue \u00e0 pr\u00e9venir l'usure, \u00e0 r\u00e9duire la consommation d'\u00e9nergie et \u00e0 prolonger la dur\u00e9e de vie de la bo\u00eete de vitesses. Des roulements de haute qualit\u00e9 sont essentiels pour limiter la maintenance et garantir l'efficacit\u00e9 de la bo\u00eete de vitesses.<\/li>\n<li><strong>Bo\u00eetier\/\u00c9tui<\/strong><br \/>\nLe carter, ou bo\u00eetier, est l'enveloppe ext\u00e9rieure de la bo\u00eete de vitesses qui renferme et prot\u00e8ge ses composants internes. Fabriqu\u00e9 \u00e0 partir de mat\u00e9riaux robustes comme la fonte ou l'acier, il prot\u00e8ge les engrenages, les roulements et autres pi\u00e8ces de la poussi\u00e8re, de l'humidit\u00e9 et des chocs. Le carter contribue \u00e9galement \u00e0 dissiper la chaleur g\u00e9n\u00e9r\u00e9e pendant le fonctionnement afin d'\u00e9viter toute surchauffe.<\/li>\n<\/ol>\n<p>Les principaux composants d'une bo\u00eete de vitesses de stockage de c\u00e9r\u00e9ales fonctionnent de concert pour garantir un fonctionnement fluide, efficace et fiable des syst\u00e8mes de manutention et de stockage des grains. De l'arbre d'entr\u00e9e qui transmet la puissance aux engrenages et aux roulements qui assurent le mouvement, jusqu'au carter de protection et au syst\u00e8me de lubrification, chaque pi\u00e8ce joue un r\u00f4le crucial pour optimiser les performances et prolonger la dur\u00e9e de vie de la bo\u00eete de vitesses.<\/p>\n<p><img loading=\"lazy\" decoding=\"async\" class=\"alignnone size-full wp-image-3113\" src=\"https:\/\/fmp-components.com\/wp-content\/uploads\/2025\/01\/Grain-Transportation-Gearbox-29-1.webp\" alt=\"Bo\u00eete de vitesses pour le transport de c\u00e9r\u00e9ales - 29\" width=\"1060\" height=\"561\" title=\"\" srcset=\"https:\/\/fmp-components.com\/wp-content\/uploads\/2025\/01\/Grain-Transportation-Gearbox-29-1.webp 1060w, https:\/\/fmp-components.com\/wp-content\/uploads\/2025\/01\/Grain-Transportation-Gearbox-29-1-980x519.webp 980w, https:\/\/fmp-components.com\/wp-content\/uploads\/2025\/01\/Grain-Transportation-Gearbox-29-1-480x254.webp 480w\" sizes=\"(min-width: 0px) and (max-width: 480px) 480px, (min-width: 481px) and (max-width: 980px) 980px, (min-width: 981px) 1060px, 100vw\" \/><\/p>\n<h3>\u00c0 propos de FMP<\/h3>\n<p>Bas\u00e9e en Italie, FMP est un fabricant leader reconnu pour son expertise dans la conception, le d\u00e9veloppement et la production de r\u00e9ducteurs haute performance, principalement destin\u00e9s au secteur des machines agricoles. R\u00e9put\u00e9e pour son ing\u00e9nierie de pr\u00e9cision, ses solutions innovantes et sa fiabilit\u00e9 \u00e0 toute \u00e9preuve, FMP s'est forg\u00e9e une solide r\u00e9putation de partenaire de confiance sur les march\u00e9s agricoles et industriels. Notre vaste gamme de produits comprend des r\u00e9ducteurs sur mesure pour tondeuses \u00e0 gazon, des arbres de prise de force et une grande vari\u00e9t\u00e9 de composants essentiels, chacun \u00e9tant con\u00e7u avec soin pour r\u00e9pondre aux exigences sp\u00e9cifiques de diverses applications.<\/p>\n<p>Chez FMP, nous savons que chaque client est confront\u00e9 \u00e0 des d\u00e9fis uniques. C'est pourquoi nous nous sp\u00e9cialisons dans la fourniture de solutions sur mesure, qu'il s'agisse de composants individuels ou de syst\u00e8mes enti\u00e8rement int\u00e9gr\u00e9s. En collaborant \u00e9troitement avec nos clients, nous veillons \u00e0 ce que chaque solution r\u00e9ponde \u00e0 leurs besoins sp\u00e9cifiques, am\u00e9liore leurs performances et optimise leur valeur. Notre engagement \u00e0 fournir des r\u00e9ponses rapides et professionnelles ainsi qu'un accompagnement expert garantit un traitement pr\u00e9cis de chaque demande, pour des r\u00e9sultats optimaux et constants.<\/p>\n<p>Nous accordons une grande importance \u00e0 une communication claire et continue tout au long du cycle de d\u00e9veloppement produit. Notre \u00e9quipe d\u00e9di\u00e9e travaille en \u00e9troite collaboration avec les clients pour bien comprendre leurs besoins et leur fournir des analyses et des recommandations pertinentes, garantissant ainsi les meilleurs r\u00e9sultats. Qu'il s'agisse de concevoir des produits de pointe ou d'ex\u00e9cuter des commandes courantes, FMP s'engage \u00e0 fournir syst\u00e9matiquement des solutions de haute qualit\u00e9 et d'une grande pr\u00e9cision, dans les d\u00e9lais impartis. Notre mission est de toujours d\u00e9passer les attentes de nos clients, en leur offrant un service et des r\u00e9sultats exceptionnels pour chaque projet.<\/p>\n<p>La qualit\u00e9 est au c\u0153ur des activit\u00e9s de FMP. Nous respectons les normes de fabrication les plus exigeantes et mettons en \u0153uvre des processus de contr\u00f4le qualit\u00e9 rigoureux afin de garantir que chaque produit r\u00e9ponde, voire d\u00e9passe, les normes du secteur. Cet engagement ind\u00e9fectible envers l'excellence, conjugu\u00e9 \u00e0 nos valeurs fondamentales d'int\u00e9grit\u00e9, de travail d'\u00e9quipe et de pers\u00e9v\u00e9rance, nous a permis de nouer des relations durables et de confiance avec des clients dans pr\u00e8s de 30 pays \u00e0 travers le monde.<\/p>\n<p>Chez FMP, nous avons \u00e0 c\u0153ur de d\u00e9velopper des partenariats internationaux en offrant des conseils d'experts et des solutions sur mesure qui r\u00e9pondent aux besoins en constante \u00e9volution de nos clients. Notre objectif est de b\u00e2tir des relations durables et mutuellement avantageuses, contribuant ainsi \u00e0 la r\u00e9ussite de chaque projet. Que vous ayez besoin de solutions innovantes pour une nouvelle initiative ou d'un soutien continu pour un syst\u00e8me existant, FMP est l\u00e0 pour vous accompagner dans la r\u00e9solution de vos d\u00e9fis techniques et garantir votre succ\u00e8s.<\/p>\n<p><img loading=\"lazy\" decoding=\"async\" class=\"alignnone wp-image-2695\" src=\"https:\/\/fmp-components.com\/wp-content\/uploads\/2025\/01\/agricultural-gearbox3.webp\" alt=\"bo\u00eete de vitesses agricole\" width=\"1140\" height=\"1138\" title=\"\" srcset=\"https:\/\/fmp-components.com\/wp-content\/uploads\/2025\/01\/agricultural-gearbox3.webp 1140w, https:\/\/fmp-components.com\/wp-content\/uploads\/2025\/01\/agricultural-gearbox3-480x479.webp 480w\" sizes=\"(min-width: 0px) and (max-width: 480px) 480px, (min-width: 481px) 1140px, 100vw\" \/><\/p>\n<p>Auteur : CX<\/p>","protected":false},"excerpt":{"rendered":"<p>Grain Storage Gearbox FMP-1003 Specifications Product Name Grain\u00a0storage\u00a0gearbox Model FMP-1003 Color Customization Material HT250 for housing, 20CrMnTi for gear shaft. Used Grain\u00a0storage Benefits of Using Grain Storage Gearbox for Grain Storage Enhanced Operational Efficiency Grain storage gearboxes are designed to optimize the movement and handling of grain. They ensure that the grain storage system operates [&hellip;]<\/p>","protected":false},"featured_media":3112,"comment_status":"open","ping_status":"closed","template":"","meta":{"_et_pb_use_builder":"","_et_pb_old_content":"","_et_gb_content_width":""},"product_brand":[],"product_cat":[73],"product_tag":[],"class_list":{"0":"post-3110","1":"product","2":"type-product","3":"status-publish","4":"has-post-thumbnail","6":"product_cat-grain-storage-gearbox","8":"first","9":"instock","10":"shipping-taxable","11":"product-type-simple"},"_links":{"self":[{"href":"https:\/\/fmp-components.com\/fr\/wp-json\/wp\/v2\/product\/3110","targetHints":{"allow":["GET"]}}],"collection":[{"href":"https:\/\/fmp-components.com\/fr\/wp-json\/wp\/v2\/product"}],"about":[{"href":"https:\/\/fmp-components.com\/fr\/wp-json\/wp\/v2\/types\/product"}],"replies":[{"embeddable":true,"href":"https:\/\/fmp-components.com\/fr\/wp-json\/wp\/v2\/comments?post=3110"}],"wp:featuredmedia":[{"embeddable":true,"href":"https:\/\/fmp-components.com\/fr\/wp-json\/wp\/v2\/media\/3112"}],"wp:attachment":[{"href":"https:\/\/fmp-components.com\/fr\/wp-json\/wp\/v2\/media?parent=3110"}],"wp:term":[{"taxonomy":"product_brand","embeddable":true,"href":"https:\/\/fmp-components.com\/fr\/wp-json\/wp\/v2\/product_brand?post=3110"},{"taxonomy":"product_cat","embeddable":true,"href":"https:\/\/fmp-components.com\/fr\/wp-json\/wp\/v2\/product_cat?post=3110"},{"taxonomy":"product_tag","embeddable":true,"href":"https:\/\/fmp-components.com\/fr\/wp-json\/wp\/v2\/product_tag?post=3110"}],"curies":[{"name":"wp","href":"https:\/\/api.w.org\/{rel}","templated":true}]}}