{"id":3102,"date":"2025-01-05T01:11:31","date_gmt":"2025-01-05T01:11:31","guid":{"rendered":"https:\/\/fmp-components.com\/?page_id=8"},"modified":"2025-01-05T01:11:32","modified_gmt":"2025-01-05T01:11:32","slug":"l-series-40hp-grain-storage-gearbox-fmp-5490-for-agricultural-grain-storage","status":"publish","type":"product","link":"https:\/\/fmp-components.com\/fr\/product\/l-series-40hp-grain-storage-gearbox-fmp-5490-for-agricultural-grain-storage\/","title":{"rendered":"R\u00e9ducteur de stockage de c\u00e9r\u00e9ales s\u00e9rie L 40 CV FMP-5490 pour le stockage de c\u00e9r\u00e9ales agricoles"},"content":{"rendered":"<h2>Sp\u00e9cifications de la bo\u00eete de vitesses de stockage de c\u00e9r\u00e9ales FMP-5490<\/h2>\n<p><img loading=\"lazy\" decoding=\"async\" class=\"alignnone size-full wp-image-3104\" src=\"https:\/\/fmp-components.com\/wp-content\/uploads\/2025\/01\/Grain-Storage-Gearbox-FMP-5490-Dimension.webp\" alt=\"Dimensions de la bo\u00eete de vitesses de stockage de c\u00e9r\u00e9ales FMP-5490\" width=\"967\" height=\"714\" title=\"\" srcset=\"https:\/\/fmp-components.com\/wp-content\/uploads\/2025\/01\/Grain-Storage-Gearbox-FMP-5490-Dimension.webp 967w, https:\/\/fmp-components.com\/wp-content\/uploads\/2025\/01\/Grain-Storage-Gearbox-FMP-5490-Dimension-480x354.webp 480w\" sizes=\"(min-width: 0px) and (max-width: 480px) 480px, (min-width: 481px) 967px, 100vw\" \/><\/p>\n<table style=\"width: 93.3388%; height: 204px;\" border=\"1\" cellspacing=\"0\" cellpadding=\"0\">\n<tbody>\n<tr class=\"firstRow\">\n<td>Nom du produit<\/td>\n<td>Bo\u00eete de vitesses de stockage de c\u00e9r\u00e9ales<\/td>\n<\/tr>\n<tr>\n<td>Mat\u00e9riel<\/td>\n<td>HT250 pour le bo\u00eetier, 20CrMnTi pour l'arbre de transmission.<\/td>\n<\/tr>\n<tr>\n<td>Couleur<\/td>\n<td>Personnalisation<\/td>\n<\/tr>\n<tr>\n<td>Poids<\/td>\n<td>21 kg<\/td>\n<\/tr>\n<tr>\n<td>Rapport<\/td>\n<td>1.5:1<\/td>\n<\/tr>\n<tr>\n<td>Pouvoir<\/td>\n<td>40 CV<\/td>\n<\/tr>\n<tr>\n<td>Utilis\u00e9<\/td>\n<td>Stockage des c\u00e9r\u00e9ales<\/td>\n<\/tr>\n<\/tbody>\n<\/table>\n<h2>Avantages de l'utilisation du r\u00e9ducteur de stockage de grains de la s\u00e9rie L pour l'agriculture<\/h2>\n<p>Le r\u00e9ducteur de stockage de c\u00e9r\u00e9ales de la s\u00e9rie L offre plusieurs avantages cl\u00e9s pour les applications agricoles, notamment dans les syst\u00e8mes de stockage de c\u00e9r\u00e9ales. Ces avantages comprennent\u00a0:<\/p>\n<p><strong>1. Durabilit\u00e9 et long\u00e9vit\u00e9<\/strong><\/p>\n<ul>\n<li>Les r\u00e9ducteurs de la s\u00e9rie L sont con\u00e7us pour r\u00e9sister aux conditions difficiles des environnements agricoles. Fabriqu\u00e9s avec des mat\u00e9riaux de haute qualit\u00e9, ils sont r\u00e9sistants \u00e0 l'usure et offrent une performance durable dans les syst\u00e8mes de stockage de c\u00e9r\u00e9ales fonctionnant sous fortes charges et en utilisation continue.<\/li>\n<\/ul>\n<p><strong>2. Haute efficacit\u00e9<\/strong><\/p>\n<ul>\n<li>Gr\u00e2ce \u00e0 leur conception de pr\u00e9cision, les r\u00e9ducteurs de la s\u00e9rie L offrent une efficacit\u00e9 exceptionnelle en mati\u00e8re de transmission de puissance. Il en r\u00e9sulte un fonctionnement fluide et fiable d'\u00e9quipements tels que les convoyeurs \u00e0 grains, les vis sans fin et les \u00e9l\u00e9vateurs, contribuant \u00e0 optimiser les performances et \u00e0 r\u00e9duire la consommation d'\u00e9nergie.<\/li>\n<\/ul>\n<p><strong>3. Conception compacte et peu encombrante<\/strong><\/p>\n<ul>\n<li>La conception compacte des r\u00e9ducteurs de la s\u00e9rie L permet une int\u00e9gration ais\u00e9e dans les espaces restreints des syst\u00e8mes de stockage de c\u00e9r\u00e9ales. Leur faible encombrement garantit un gain de place tout en fournissant la puissance n\u00e9cessaire \u00e0 une manutention efficace des c\u00e9r\u00e9ales.<\/li>\n<\/ul>\n<p><strong>4. Performances fiables dans des conditions difficiles<\/strong><\/p>\n<ul>\n<li>Les environnements agricoles peuvent \u00eatre difficiles, avec une exposition \u00e0 la poussi\u00e8re, \u00e0 l'humidit\u00e9 et \u00e0 des temp\u00e9ratures variables. Les r\u00e9ducteurs de la s\u00e9rie L sont con\u00e7us pour fonctionner de mani\u00e8re fiable m\u00eame dans ces conditions extr\u00eames, garantissant ainsi le fonctionnement continu des \u00e9quipements de stockage de c\u00e9r\u00e9ales et minimisant les temps d'arr\u00eat.<\/li>\n<\/ul>\n<p><strong>5. Options de personnalisation<\/strong><\/p>\n<ul>\n<li>Les r\u00e9ducteurs de la s\u00e9rie L peuvent \u00eatre adapt\u00e9s aux besoins sp\u00e9cifiques des diff\u00e9rents syst\u00e8mes de stockage de c\u00e9r\u00e9ales. Qu'il s'agisse de capacit\u00e9s variables, d'exigences op\u00e9rationnelles particuli\u00e8res ou de configurations de montage diff\u00e9rentes, FMP propose des solutions flexibles garantissant la compatibilit\u00e9 avec une large gamme de machines agricoles.<\/li>\n<\/ul>\n<p>En r\u00e9sum\u00e9, le r\u00e9ducteur de stockage de c\u00e9r\u00e9ales de la s\u00e9rie L offre durabilit\u00e9, efficacit\u00e9 et fiabilit\u00e9, ce qui en fait un choix id\u00e9al pour les applications agricoles o\u00f9 les \u00e9quipements de stockage et de manutention des c\u00e9r\u00e9ales doivent fonctionner dans des conditions exigeantes.<\/p>\n<p><img loading=\"lazy\" decoding=\"async\" class=\"alignnone size-full wp-image-3105\" src=\"https:\/\/fmp-components.com\/wp-content\/uploads\/2025\/01\/Grain-Storage-Gearbox-22.webp\" alt=\"Bo\u00eete de vitesses de stockage de c\u00e9r\u00e9ales 22\" width=\"1060\" height=\"677\" title=\"\" srcset=\"https:\/\/fmp-components.com\/wp-content\/uploads\/2025\/01\/Grain-Storage-Gearbox-22.webp 1060w, https:\/\/fmp-components.com\/wp-content\/uploads\/2025\/01\/Grain-Storage-Gearbox-22-980x626.webp 980w, https:\/\/fmp-components.com\/wp-content\/uploads\/2025\/01\/Grain-Storage-Gearbox-22-480x307.webp 480w\" sizes=\"(min-width: 0px) and (max-width: 480px) 480px, (min-width: 481px) and (max-width: 980px) 980px, (min-width: 981px) 1060px, 100vw\" \/><\/p>\n<h2>Applications du r\u00e9ducteur de stockage de grains de la s\u00e9rie L pour l'agriculture<\/h2>\n<p>Le r\u00e9ducteur de stockage de c\u00e9r\u00e9ales de la s\u00e9rie L est polyvalent et peut \u00eatre utilis\u00e9 dans diverses applications agricoles, notamment dans les syst\u00e8mes de manutention et de stockage des c\u00e9r\u00e9ales. Voici quelques-unes de ses principales applications\u00a0:<\/p>\n<p><strong>1. \u00c9l\u00e9vateurs \u00e0 grains<\/strong><\/p>\n<ul>\n<li>Le r\u00e9ducteur de la s\u00e9rie L est largement utilis\u00e9 dans les \u00e9l\u00e9vateurs \u00e0 grains, o\u00f9 il assure le transport vertical des c\u00e9r\u00e9ales d'un niveau \u00e0 l'autre. Sa fiabilit\u00e9 et sa robustesse garantissent un fonctionnement fluide, m\u00eame sous fortes charges, ce qui le rend id\u00e9al pour le transport des c\u00e9r\u00e9ales vers les tr\u00e9mies de stockage ou les silos.<\/li>\n<\/ul>\n<p><strong>2. Convoyeurs \u00e0 grains<\/strong><\/p>\n<ul>\n<li>Dans les syst\u00e8mes de convoyage de c\u00e9r\u00e9ales, le r\u00e9ducteur de la s\u00e9rie L joue un r\u00f4le essentiel dans le transfert des c\u00e9r\u00e9ales, que ce soit horizontalement ou en pente. Il garantit un d\u00e9placement efficace et continu des c\u00e9r\u00e9ales en vrac d'un point \u00e0 un autre, pour le chargement, le d\u00e9chargement ou le stockage.<\/li>\n<\/ul>\n<p><strong>3. Vis sans fin \u00e0 grains<\/strong><\/p>\n<ul>\n<li>Le r\u00e9ducteur de la s\u00e9rie L est couramment utilis\u00e9 dans les vis sans fin \u00e0 grains, indispensables au transport des c\u00e9r\u00e9ales d'un endroit \u00e0 un autre, souvent des silos aux camions ou aux zones de stockage. Ce r\u00e9ducteur fournit le couple et la fiabilit\u00e9 n\u00e9cessaires \u00e0 un fonctionnement efficace.<\/li>\n<\/ul>\n<p><strong>4. \u00c9quipement de manutention des c\u00e9r\u00e9ales<\/strong><\/p>\n<ul>\n<li>Le r\u00e9ducteur de la s\u00e9rie L est un composant essentiel de nombreuses autres machines de manutention des c\u00e9r\u00e9ales, notamment celles utilis\u00e9es pour le m\u00e9lange, le tri et le s\u00e9chage. Sa construction robuste le rend id\u00e9al pour les op\u00e9rations intensives et continues.<\/li>\n<\/ul>\n<p><strong>5. Balayage des silos \u00e0 grains<\/strong><\/p>\n<ul>\n<li>Le r\u00e9ducteur de la s\u00e9rie L est utilis\u00e9 dans les vis de balayage des silos \u00e0 grains, qui facilitent l'\u00e9vacuation des grains. Il actionne le m\u00e9canisme de balayage, assurant ainsi une vidange efficace des silos et r\u00e9duisant le besoin de main-d'\u0153uvre.<\/li>\n<\/ul>\n<p>En r\u00e9sum\u00e9, le r\u00e9ducteur de stockage de c\u00e9r\u00e9ales de la s\u00e9rie L est con\u00e7u pour r\u00e9pondre aux exigences vari\u00e9es du stockage, de la manutention et du transport des c\u00e9r\u00e9ales, garantissant des solutions fiables, efficaces et \u00e9conomiques pour les op\u00e9rations agricoles. Ses performances robustes dans de nombreuses applications contribuent \u00e0 optimiser les flux de travail et \u00e0 am\u00e9liorer la productivit\u00e9 dans l'ensemble du secteur agricole.<\/p>\n<p><img loading=\"lazy\" decoding=\"async\" class=\"alignnone size-full wp-image-3096\" src=\"https:\/\/fmp-components.com\/wp-content\/uploads\/2025\/01\/Grain-Storage-Gearbox-28.webp\" alt=\"Bo\u00eete de vitesses pour le stockage des c\u00e9r\u00e9ales\" width=\"1200\" height=\"950\" title=\"\" srcset=\"https:\/\/fmp-components.com\/wp-content\/uploads\/2025\/01\/Grain-Storage-Gearbox-28.webp 1200w, https:\/\/fmp-components.com\/wp-content\/uploads\/2025\/01\/Grain-Storage-Gearbox-28-980x776.webp 980w, https:\/\/fmp-components.com\/wp-content\/uploads\/2025\/01\/Grain-Storage-Gearbox-28-480x380.webp 480w\" sizes=\"(min-width: 0px) and (max-width: 480px) 480px, (min-width: 481px) and (max-width: 980px) 980px, (min-width: 981px) 1200px, 100vw\" \/><\/p>\n<h2>Principe de fonctionnement du r\u00e9ducteur de stockage de c\u00e9r\u00e9ales s\u00e9rie L pour l'agriculture<\/h2>\n<p>Le r\u00e9ducteur de stockage de c\u00e9r\u00e9ales de la s\u00e9rie L est con\u00e7u pour transmettre efficacement la puissance et fournir le couple n\u00e9cessaire \u00e0 diverses applications agricoles, notamment dans les syst\u00e8mes de stockage de c\u00e9r\u00e9ales. Voici une description du principe de fonctionnement du r\u00e9ducteur de la s\u00e9rie L\u00a0:<\/p>\n<p><strong>1. Entr\u00e9e d'alimentation<\/strong><\/p>\n<p>La bo\u00eete de vitesses re\u00e7oit la puissance d'un moteur principal, g\u00e9n\u00e9ralement un moteur \u00e9lectrique, un moteur thermique ou une prise de force (PDF). Cette puissance est transmise par un arbre d'entr\u00e9e reli\u00e9 au moteur d'entra\u00eenement.<\/p>\n<p><strong>2. Transmission du mouvement<\/strong><\/p>\n<p>Le r\u00e9ducteur de la s\u00e9rie L est con\u00e7u avec plusieurs engrenages qui facilitent le transfert de l'\u00e9nergie de rotation de l'arbre d'entr\u00e9e \u00e0 l'arbre de sortie. Lorsque l'arbre d'entr\u00e9e tourne, il s'engr\u00e8ne avec les engrenages \u00e0 l'int\u00e9rieur du r\u00e9ducteur, qui convertissent le mouvement de rotation en couple et vitesse adapt\u00e9s \u00e0 l'application.<\/p>\n<p><strong>3. R\u00e9duction par engrenage<\/strong><\/p>\n<p>Le r\u00e9ducteur de la s\u00e9rie L utilise une s\u00e9rie de r\u00e9ductions par engrenages pour diminuer la vitesse de l'arbre d'entr\u00e9e tout en augmentant simultan\u00e9ment le couple de sortie. Cette r\u00e9duction de vitesse permet un fonctionnement plus contr\u00f4l\u00e9 et plus efficace des \u00e9quipements entra\u00een\u00e9s, tels que les convoyeurs, les vis sans fin et autres machines de manutention des c\u00e9r\u00e9ales.<\/p>\n<p><strong>4. Transmission du couple<\/strong><\/p>\n<p>Le r\u00e9ducteur transmet le couple \u00e0 l'arbre de sortie, lequel est directement reli\u00e9 \u00e0 la machine agricole, comme un \u00e9l\u00e9vateur \u00e0 grains ou une vis sans fin. Le r\u00e9ducteur de la s\u00e9rie L garantit la fourniture du couple n\u00e9cessaire sans surcharger le moteur ni les autres composants du syst\u00e8me.<\/p>\n<p><strong>5. Conversion efficace de l'\u00e9nergie<\/strong><\/p>\n<p>La bo\u00eete de vitesses de la s\u00e9rie L est con\u00e7ue avec des engrenages \u00e0 haut rendement qui minimisent les pertes d'\u00e9nergie lors de la transmission. Ceci garantit qu'une part importante de la puissance d'entr\u00e9e est convertie en puissance de sortie utilisable, optimisant ainsi la consommation de carburant ou d'\u00e9lectricit\u00e9 du syst\u00e8me.<\/p>\n<p>En r\u00e9sum\u00e9, le r\u00e9ducteur de stockage de c\u00e9r\u00e9ales de la s\u00e9rie L convertit efficacement la puissance du moteur ou de la prise de force, r\u00e9duit la vitesse tout en augmentant le couple et assure un mouvement fluide et fiable aux \u00e9quipements agricoles connect\u00e9s. Il garantit ainsi des performances optimales pour la manutention et le stockage des c\u00e9r\u00e9ales, ce qui en fait un composant essentiel dans de nombreuses applications agricoles.<\/p>\n<p><img loading=\"lazy\" decoding=\"async\" class=\"alignnone size-full wp-image-3106\" src=\"https:\/\/fmp-components.com\/wp-content\/uploads\/2025\/01\/Grain-Storage-Gearbox-13.webp\" alt=\"Bo\u00eete de vitesses de stockage de c\u00e9r\u00e9ales-13\" width=\"1500\" height=\"1008\" title=\"\" srcset=\"https:\/\/fmp-components.com\/wp-content\/uploads\/2025\/01\/Grain-Storage-Gearbox-13.webp 1500w, https:\/\/fmp-components.com\/wp-content\/uploads\/2025\/01\/Grain-Storage-Gearbox-13-1280x860.webp 1280w, https:\/\/fmp-components.com\/wp-content\/uploads\/2025\/01\/Grain-Storage-Gearbox-13-980x659.webp 980w, https:\/\/fmp-components.com\/wp-content\/uploads\/2025\/01\/Grain-Storage-Gearbox-13-480x323.webp 480w\" sizes=\"(min-width: 0px) and (max-width: 480px) 480px, (min-width: 481px) and (max-width: 980px) 980px, (min-width: 981px) and (max-width: 1280px) 1280px, (min-width: 1281px) 1500px, 100vw\" \/><\/p>\n<h3>\u00c0 propos de FMP<\/h3>\n<p>Bas\u00e9e en Italie, FMP est un fabricant leader reconnu pour son expertise dans la conception, le d\u00e9veloppement et la production de r\u00e9ducteurs haute performance, principalement destin\u00e9s au secteur des machines agricoles. R\u00e9put\u00e9e pour son ing\u00e9nierie de pr\u00e9cision, ses solutions innovantes et sa fiabilit\u00e9 \u00e0 toute \u00e9preuve, FMP s'est forg\u00e9e une solide r\u00e9putation de partenaire de confiance sur les march\u00e9s agricoles et industriels. Notre vaste gamme de produits comprend des r\u00e9ducteurs sur mesure pour tondeuses \u00e0 gazon, des arbres de prise de force et une grande vari\u00e9t\u00e9 de composants essentiels, chacun \u00e9tant con\u00e7u avec soin pour r\u00e9pondre aux exigences sp\u00e9cifiques de diverses applications.<\/p>\n<p>Chez FMP, nous savons que chaque client est confront\u00e9 \u00e0 des d\u00e9fis uniques. C'est pourquoi nous nous sp\u00e9cialisons dans la fourniture de solutions sur mesure, qu'il s'agisse de composants individuels ou de syst\u00e8mes enti\u00e8rement int\u00e9gr\u00e9s. En collaborant \u00e9troitement avec nos clients, nous veillons \u00e0 ce que chaque solution r\u00e9ponde \u00e0 leurs besoins sp\u00e9cifiques, am\u00e9liore leurs performances et optimise leur valeur. Notre engagement \u00e0 fournir des r\u00e9ponses rapides et professionnelles ainsi qu'un accompagnement expert garantit un traitement pr\u00e9cis de chaque demande, pour des r\u00e9sultats optimaux et constants.<\/p>\n<p>Nous accordons une grande importance \u00e0 une communication claire et continue tout au long du cycle de d\u00e9veloppement produit. Notre \u00e9quipe d\u00e9di\u00e9e travaille en \u00e9troite collaboration avec les clients pour bien comprendre leurs besoins et leur fournir des analyses et des recommandations pertinentes, garantissant ainsi les meilleurs r\u00e9sultats. Qu'il s'agisse de concevoir des produits de pointe ou d'ex\u00e9cuter des commandes courantes, FMP s'engage \u00e0 fournir syst\u00e9matiquement des solutions de haute qualit\u00e9 et d'une grande pr\u00e9cision, dans les d\u00e9lais impartis. Notre mission est de toujours d\u00e9passer les attentes de nos clients, en leur offrant un service et des r\u00e9sultats exceptionnels pour chaque projet.<\/p>\n<p>La qualit\u00e9 est au c\u0153ur des activit\u00e9s de FMP. Nous respectons les normes de fabrication les plus exigeantes et mettons en \u0153uvre des processus de contr\u00f4le qualit\u00e9 rigoureux afin de garantir que chaque produit r\u00e9ponde, voire d\u00e9passe, les normes du secteur. Cet engagement ind\u00e9fectible envers l'excellence, conjugu\u00e9 \u00e0 nos valeurs fondamentales d'int\u00e9grit\u00e9, de travail d'\u00e9quipe et de pers\u00e9v\u00e9rance, nous a permis de nouer des relations durables et de confiance avec des clients dans pr\u00e8s de 30 pays \u00e0 travers le monde.<\/p>\n<p>Chez FMP, nous avons \u00e0 c\u0153ur de d\u00e9velopper des partenariats internationaux en offrant des conseils d'experts et des solutions sur mesure qui r\u00e9pondent aux besoins en constante \u00e9volution de nos clients. Notre objectif est de b\u00e2tir des relations durables et mutuellement avantageuses, contribuant ainsi \u00e0 la r\u00e9ussite de chaque projet. Que vous ayez besoin de solutions innovantes pour une nouvelle initiative ou d'un soutien continu pour un syst\u00e8me existant, FMP est l\u00e0 pour vous accompagner dans la r\u00e9solution de vos d\u00e9fis techniques et garantir votre succ\u00e8s.<\/p>\n<p><img loading=\"lazy\" decoding=\"async\" class=\"alignnone wp-image-2695\" src=\"https:\/\/fmp-components.com\/wp-content\/uploads\/2025\/01\/agricultural-gearbox3.webp\" alt=\"bo\u00eete de vitesses agricole\" width=\"1140\" height=\"1138\" title=\"\" srcset=\"https:\/\/fmp-components.com\/wp-content\/uploads\/2025\/01\/agricultural-gearbox3.webp 1140w, https:\/\/fmp-components.com\/wp-content\/uploads\/2025\/01\/agricultural-gearbox3-480x479.webp 480w\" sizes=\"(min-width: 0px) and (max-width: 480px) 480px, (min-width: 481px) 1140px, 100vw\" \/><\/p>\n<p>Auteur : CX<\/p>","protected":false},"excerpt":{"rendered":"<p>Grain Storage Gearbox FMP-5490 Specifications Product Name Grain storage gearbox Material HT250 for housing, 20CrMnTi for gear shaft. Color Customization Weight 21KG Ratio 1.5:1 Power 40HP Used Grain storage Benefits of Using the L Series Grain Storage Gearbox for Agricultural The L Series Grain Storage Gearbox offers several key benefits for agricultural applications, particularly in [&hellip;]<\/p>","protected":false},"featured_media":3103,"comment_status":"open","ping_status":"closed","template":"","meta":{"_et_pb_use_builder":"","_et_pb_old_content":"","_et_gb_content_width":""},"product_brand":[],"product_cat":[73],"product_tag":[],"class_list":{"0":"post-3102","1":"product","2":"type-product","3":"status-publish","4":"has-post-thumbnail","6":"product_cat-grain-storage-gearbox","8":"first","9":"instock","10":"shipping-taxable","11":"product-type-simple"},"_links":{"self":[{"href":"https:\/\/fmp-components.com\/fr\/wp-json\/wp\/v2\/product\/3102","targetHints":{"allow":["GET"]}}],"collection":[{"href":"https:\/\/fmp-components.com\/fr\/wp-json\/wp\/v2\/product"}],"about":[{"href":"https:\/\/fmp-components.com\/fr\/wp-json\/wp\/v2\/types\/product"}],"replies":[{"embeddable":true,"href":"https:\/\/fmp-components.com\/fr\/wp-json\/wp\/v2\/comments?post=3102"}],"wp:featuredmedia":[{"embeddable":true,"href":"https:\/\/fmp-components.com\/fr\/wp-json\/wp\/v2\/media\/3103"}],"wp:attachment":[{"href":"https:\/\/fmp-components.com\/fr\/wp-json\/wp\/v2\/media?parent=3102"}],"wp:term":[{"taxonomy":"product_brand","embeddable":true,"href":"https:\/\/fmp-components.com\/fr\/wp-json\/wp\/v2\/product_brand?post=3102"},{"taxonomy":"product_cat","embeddable":true,"href":"https:\/\/fmp-components.com\/fr\/wp-json\/wp\/v2\/product_cat?post=3102"},{"taxonomy":"product_tag","embeddable":true,"href":"https:\/\/fmp-components.com\/fr\/wp-json\/wp\/v2\/product_tag?post=3102"}],"curies":[{"name":"wp","href":"https:\/\/api.w.org\/{rel}","templated":true}]}}