{"id":3094,"date":"2025-01-05T00:29:23","date_gmt":"2025-01-05T00:29:23","guid":{"rendered":"https:\/\/fmp-components.com\/?page_id=8"},"modified":"2025-01-05T00:53:33","modified_gmt":"2025-01-05T00:53:33","slug":"t-series-grain-storage-gearbox-fmp-4090-for-agricultural-grain-storage","status":"publish","type":"product","link":"https:\/\/fmp-components.com\/fr\/product\/t-series-grain-storage-gearbox-fmp-4090-for-agricultural-grain-storage\/","title":{"rendered":"R\u00e9ducteur de stockage de c\u00e9r\u00e9ales s\u00e9rie T FMP-4090 pour le stockage de c\u00e9r\u00e9ales agricoles"},"content":{"rendered":"<h2>Sp\u00e9cifications du r\u00e9ducteur de stockage de c\u00e9r\u00e9ales s\u00e9rie T FMP-4090<\/h2>\n<table style=\"width: 97.8083%; height: 184px;\" border=\"1\" cellspacing=\"0\" cellpadding=\"0\">\n<tbody>\n<tr class=\"firstRow\">\n<td>Nom du produit<\/td>\n<td>Bo\u00eete de vitesses de stockage de c\u00e9r\u00e9ales<\/td>\n<\/tr>\n<tr>\n<td>Mat\u00e9riel<\/td>\n<td>A380 pour le bo\u00eetier, 40CrMnTi pour l'arbre de transmission.<\/td>\n<\/tr>\n<tr>\n<td>Couleur<\/td>\n<td>Personnalis\u00e9<\/td>\n<\/tr>\n<tr>\n<td>Rapport<\/td>\n<td>1:35:1<\/td>\n<\/tr>\n<tr>\n<td>Puissance nominale<\/td>\n<td>45 CV<\/td>\n<\/tr>\n<tr>\n<td>Poids<\/td>\n<td>13,2 kg<\/td>\n<\/tr>\n<tr>\n<td>Utilis\u00e9<\/td>\n<td>Stockage des c\u00e9r\u00e9ales<\/td>\n<\/tr>\n<\/tbody>\n<\/table>\n<h2>Avantages de l'utilisation de la bo\u00eete de vitesses de stockage de grains de la s\u00e9rie T pour l'agriculture<\/h2>\n<p>Le r\u00e9ducteur pour stockage de c\u00e9r\u00e9ales s\u00e9rie T offre de nombreux avantages pour les applications agricoles, notamment pour les syst\u00e8mes de stockage de c\u00e9r\u00e9ales. Voici les principaux avantages de ce r\u00e9ducteur\u00a0:<\/p>\n<p><strong>1. Durabilit\u00e9 et fiabilit\u00e9 am\u00e9lior\u00e9es<\/strong><\/p>\n<ul>\n<li>Performances durables\u00a0: Les r\u00e9ducteurs de la s\u00e9rie T sont fabriqu\u00e9s avec des mat\u00e9riaux robustes et une ing\u00e9nierie de pr\u00e9cision, garantissant leur r\u00e9sistance aux conditions difficiles typiques des environnements agricoles. Cette durabilit\u00e9 se traduit par une r\u00e9duction des pannes et une dur\u00e9e de vie prolong\u00e9e, r\u00e9duisant ainsi les co\u00fbts de maintenance et les temps d'arr\u00eat.<\/li>\n<\/ul>\n<p><strong>2. Haute efficacit\u00e9<\/strong><\/p>\n<ul>\n<li>Transmission de puissance optimis\u00e9e\u00a0: Les r\u00e9ducteurs sont con\u00e7us pour assurer une transmission de puissance efficace, garantissant le bon fonctionnement de l'ensemble du syst\u00e8me de manutention et de stockage des c\u00e9r\u00e9ales. Cette efficacit\u00e9 contribue \u00e0 r\u00e9duire la consommation d'\u00e9nergie et, par cons\u00e9quent, les co\u00fbts d'exploitation, tout en maintenant des performances optimales.<\/li>\n<\/ul>\n<p><strong>3. Options de personnalisation<\/strong><\/p>\n<ul>\n<li>Adapt\u00e9 \u00e0 des besoins sp\u00e9cifiques\u00a0: La s\u00e9rie T peut \u00eatre personnalis\u00e9e pour r\u00e9pondre aux exigences sp\u00e9cifiques des diff\u00e9rentes applications de stockage de c\u00e9r\u00e9ales. Que ce soit pour des op\u00e9rations \u00e0 petite \u00e9chelle ou de grandes installations de stockage, ce r\u00e9ducteur s'adapte \u00e0 une vari\u00e9t\u00e9 de configurations et de tailles de syst\u00e8mes.<\/li>\n<\/ul>\n<p><strong>4. Bon fonctionnement<\/strong><\/p>\n<ul>\n<li>R\u00e9duction du bruit et des vibrations\u00a0: La conception et la construction avanc\u00e9es du r\u00e9ducteur de la s\u00e9rie T minimisent le bruit et les vibrations de fonctionnement. Cela cr\u00e9e un environnement de travail plus silencieux et plus stable, contribuant ainsi \u00e0 une meilleure performance globale du syst\u00e8me.<\/li>\n<\/ul>\n<p><strong>5. Am\u00e9lioration de la manutention des grains<\/strong><\/p>\n<ul>\n<li>Fonctionnement constant\u00a0: Gr\u00e2ce \u00e0 une transmission de puissance fiable et \u00e0 un contr\u00f4le pr\u00e9cis, le r\u00e9ducteur de la s\u00e9rie T assure un fonctionnement constant et r\u00e9gulier des \u00e9quipements de manutention du grain, tels que les convoyeurs et les vis sans fin. Cela permet d'\u00e9viter d'endommager le grain et de garantir son stockage efficace.<\/li>\n<\/ul>\n<p>L'utilisation du r\u00e9ducteur de stockage de c\u00e9r\u00e9ales s\u00e9rie T dans les applications agricoles am\u00e9liore l'efficacit\u00e9, r\u00e9duit les co\u00fbts d'exploitation et prolonge la dur\u00e9e de vie des \u00e9quipements, tout en maintenant une grande fiabilit\u00e9 et un faible besoin de maintenance. Ces avantages en font un excellent choix pour toute installation de stockage de c\u00e9r\u00e9ales moderne, garantissant un fonctionnement plus fluide et un meilleur retour sur investissement.<\/p>\n<table style=\"border-collapse: collapse; width: 102.065%; height: 354px;\" border=\"0\" width=\"128\" cellspacing=\"0\" cellpadding=\"0\">\n<tbody>\n<tr style=\"height: 13.8pt;\">\n<td style=\"height: 13.8pt; width: 48.318%;\" align=\"right\" width=\"64\" height=\"18\"><img loading=\"lazy\" decoding=\"async\" class=\"alignnone size-full wp-image-3099\" src=\"https:\/\/fmp-components.com\/wp-content\/uploads\/2025\/01\/T-Series-Grain-Storage-Gearbox-for-Agricultural-1.webp\" alt=\"Bo\u00eete de vitesses pour le stockage des c\u00e9r\u00e9ales\" width=\"1000\" height=\"623\" title=\"\" srcset=\"https:\/\/fmp-components.com\/wp-content\/uploads\/2025\/01\/T-Series-Grain-Storage-Gearbox-for-Agricultural-1.webp 1000w, https:\/\/fmp-components.com\/wp-content\/uploads\/2025\/01\/T-Series-Grain-Storage-Gearbox-for-Agricultural-1-980x611.webp 980w, https:\/\/fmp-components.com\/wp-content\/uploads\/2025\/01\/T-Series-Grain-Storage-Gearbox-for-Agricultural-1-480x299.webp 480w\" sizes=\"(min-width: 0px) and (max-width: 480px) 480px, (min-width: 481px) and (max-width: 980px) 980px, (min-width: 981px) 1000px, 100vw\" \/><\/td>\n<td style=\"width: 51.58%;\" align=\"right\" width=\"64\"><img loading=\"lazy\" decoding=\"async\" class=\"alignnone size-full wp-image-3101\" src=\"https:\/\/fmp-components.com\/wp-content\/uploads\/2025\/01\/Grain-Storage-Gearbox-21.webp\" alt=\"Bo\u00eete de vitesses pour le stockage des c\u00e9r\u00e9ales\" width=\"946\" height=\"551\" title=\"\" srcset=\"https:\/\/fmp-components.com\/wp-content\/uploads\/2025\/01\/Grain-Storage-Gearbox-21.webp 946w, https:\/\/fmp-components.com\/wp-content\/uploads\/2025\/01\/Grain-Storage-Gearbox-21-480x280.webp 480w\" sizes=\"(min-width: 0px) and (max-width: 480px) 480px, (min-width: 481px) 946px, 100vw\" \/><\/td>\n<\/tr>\n<\/tbody>\n<\/table>\n<h2>Applications de la bo\u00eete de vitesses de stockage de c\u00e9r\u00e9ales de la s\u00e9rie T pour l'agriculture<\/h2>\n<p>Le r\u00e9ducteur de stockage de c\u00e9r\u00e9ales s\u00e9rie T est largement utilis\u00e9 dans diverses applications agricoles, notamment celles li\u00e9es \u00e0 la manutention et au stockage des c\u00e9r\u00e9ales. Sa conception robuste et son efficacit\u00e9 en font un composant essentiel pour de nombreuses exploitations agricoles. Voici quelques-unes de ses principales applications\u00a0:<\/p>\n<p><strong>1. Syst\u00e8mes de transport de c\u00e9r\u00e9ales<\/strong><\/p>\n<ul>\n<li>R\u00f4le : La bo\u00eete de vitesses entra\u00eene les convoyeurs qui transportent le grain d'un endroit \u00e0 un autre dans les installations de stockage ou entre diff\u00e9rentes \u00e9tapes de transformation.<\/li>\n<li>Application : Utilis\u00e9 dans les \u00e9l\u00e9vateurs \u00e0 godets, les convoyeurs horizontaux et les convoyeurs inclin\u00e9s, le r\u00e9ducteur de la s\u00e9rie T assure un mouvement fluide et efficace du grain, r\u00e9duisant ainsi le risque de bourrages et de retards.<\/li>\n<\/ul>\n<p><strong>2. Vis \u00e0 grains<\/strong><\/p>\n<ul>\n<li>R\u00f4le\u00a0: Les vis sans fin sont couramment utilis\u00e9es pour le chargement et le d\u00e9chargement du grain des camions ou des silos. Le r\u00e9ducteur de la s\u00e9rie T alimente le syst\u00e8me de vis sans fin, assurant un flux de grain fiable et continu.<\/li>\n<li>Application : Le r\u00e9ducteur assure une rotation constante et un contr\u00f4le optimal, \u00e9vitant les blocages et minimisant l'usure du syst\u00e8me de vis sans fin, am\u00e9liorant ainsi l'efficacit\u00e9 op\u00e9rationnelle.<\/li>\n<\/ul>\n<p><strong>3. Syst\u00e8mes de s\u00e9chage des grains<\/strong><\/p>\n<ul>\n<li>R\u00f4le : Dans les s\u00e9choirs \u00e0 grains, la bo\u00eete de vitesses alimente le tambour rotatif ou les syst\u00e8mes de convoyeurs qui font circuler le grain pour un s\u00e9chage uniforme.<\/li>\n<li>Application : En fournissant le couple n\u00e9cessaire, le r\u00e9ducteur de la s\u00e9rie T assure un s\u00e9chage efficace et efficient, essentiel pour maintenir la qualit\u00e9 du grain et r\u00e9duire la teneur en humidit\u00e9.<\/li>\n<\/ul>\n<p><strong>4. Op\u00e9rations de silos de stockage de c\u00e9r\u00e9ales<\/strong><\/p>\n<ul>\n<li>R\u00f4le : La bo\u00eete de vitesses de la s\u00e9rie T entra\u00eene divers m\u00e9canismes dans les silos \u00e0 grains, notamment les syst\u00e8mes d'a\u00e9ration, les vis de d\u00e9chargement et les convoyeurs.<\/li>\n<li>Application : Il assure le mouvement fluide et fiable du grain \u00e0 l'int\u00e9rieur et \u00e0 l'ext\u00e9rieur des silos, favorisant de meilleures conditions de stockage et r\u00e9duisant le risque de d\u00e9t\u00e9rioration d\u00fb \u00e0 une mauvaise a\u00e9ration.<\/li>\n<\/ul>\n<p><strong>5. \u00c9quipement de nettoyage et de tri des grains<\/strong><\/p>\n<ul>\n<li>R\u00f4le : La bo\u00eete de vitesses est utilis\u00e9e pour alimenter les moteurs des machines de nettoyage et de tri, telles que les tamis vibrants, les nettoyeurs et les trieurs, qui sont utilis\u00e9s pour pr\u00e9parer le grain pour le stockage ou la vente.<\/li>\n<li>Application : Gr\u00e2ce \u00e0 sa transmission de puissance efficace, la bo\u00eete de vitesses de la s\u00e9rie T garantit des performances constantes des \u00e9quipements de nettoyage, aidant \u00e0 \u00e9liminer les impuret\u00e9s et garantissant que seuls des grains de haute qualit\u00e9 sont stock\u00e9s ou exp\u00e9di\u00e9s.<\/li>\n<\/ul>\n<p>Le r\u00e9ducteur de stockage de c\u00e9r\u00e9ales s\u00e9rie T est un composant indispensable \u00e0 de nombreux processus agricoles. Il assure une transmission de puissance fiable et efficace pour divers syst\u00e8mes de manutention, de traitement et de stockage des c\u00e9r\u00e9ales. Sa polyvalence, son efficacit\u00e9 et sa durabilit\u00e9 en font un outil id\u00e9al pour le transport, le s\u00e9chage, le tri, la mouture des c\u00e9r\u00e9ales, etc., garantissant ainsi un fonctionnement fluide dans un large \u00e9ventail d'applications agricoles.<\/p>\n<p><img loading=\"lazy\" decoding=\"async\" class=\"alignnone size-full wp-image-3096\" src=\"https:\/\/fmp-components.com\/wp-content\/uploads\/2025\/01\/Grain-Storage-Gearbox-28.webp\" alt=\"Bo\u00eete de vitesses pour le stockage des c\u00e9r\u00e9ales\" width=\"1200\" height=\"950\" title=\"\" srcset=\"https:\/\/fmp-components.com\/wp-content\/uploads\/2025\/01\/Grain-Storage-Gearbox-28.webp 1200w, https:\/\/fmp-components.com\/wp-content\/uploads\/2025\/01\/Grain-Storage-Gearbox-28-980x776.webp 980w, https:\/\/fmp-components.com\/wp-content\/uploads\/2025\/01\/Grain-Storage-Gearbox-28-480x380.webp 480w\" sizes=\"(min-width: 0px) and (max-width: 480px) 480px, (min-width: 481px) and (max-width: 980px) 980px, (min-width: 981px) 1200px, 100vw\" \/><\/p>\n<h2>\u00c0 propos de FMP<\/h2>\n<p>Bas\u00e9 en Italie, FMP est un fabricant de premier plan reconnu pour son expertise dans la conception, le d\u00e9veloppement et la production de bo\u00eetes de vitesses hautes performances, principalement destin\u00e9es au secteur des machines agricoles. Reconnu pour son ing\u00e9nierie de pr\u00e9cision, ses solutions innovantes et sa fiabilit\u00e9 \u00e0 toute \u00e9preuve, FMP s'est impos\u00e9 comme un partenaire de confiance sur les march\u00e9s agricole et industriel. Notre vaste gamme comprend des bo\u00eetes de vitesses sur mesure pour tondeuses \u00e0 gazon, des arbres de prise de force et une large gamme de composants critiques, tous fabriqu\u00e9s avec une attention m\u00e9ticuleuse aux d\u00e9tails pour r\u00e9pondre aux besoins vari\u00e9s de diverses applications.<\/p>\n<p>Chez FMP, nous savons que chaque client est confront\u00e9 \u00e0 des d\u00e9fis uniques. C'est pourquoi nous nous sp\u00e9cialisons dans la fourniture de solutions sur mesure, qu'il s'agisse de composants individuels ou de syst\u00e8mes enti\u00e8rement int\u00e9gr\u00e9s. En collaborant \u00e9troitement avec nos clients, nous garantissons que chaque solution r\u00e9ponde non seulement \u00e0 leurs exigences sp\u00e9cifiques, mais optimise \u00e9galement leurs performances et leur valeur. Notre engagement \u00e0 fournir des r\u00e9ponses rapides et professionnelles et des conseils d'experts garantit un traitement pr\u00e9cis de chaque demande, pour des r\u00e9sultats toujours optimaux.<\/p>\n<p>Une communication claire et continue est au c\u0153ur de notre approche tout au long du cycle de d\u00e9veloppement produit. Notre \u00e9quipe d\u00e9di\u00e9e collabore directement avec nos clients afin de comprendre parfaitement leurs besoins et de leur fournir des conseils et des recommandations pr\u00e9cieux pour obtenir les meilleurs r\u00e9sultats. Qu'il s'agisse de concevoir des produits de pointe ou d'ex\u00e9cuter des commandes courantes, FMP s'engage \u00e0 fournir des solutions de haute qualit\u00e9, con\u00e7ues avec pr\u00e9cision et dans les d\u00e9lais impartis. Notre mission est de toujours d\u00e9passer les attentes de nos clients en offrant un service exceptionnel et des r\u00e9sultats exceptionnels pour chaque projet.<\/p>\n<p>La qualit\u00e9 est au c\u0153ur de toutes nos activit\u00e9s chez FMP. Nous adh\u00e9rons aux normes de fabrication les plus strictes et appliquons des mesures de contr\u00f4le qualit\u00e9 rigoureuses pour garantir que chaque produit respecte, voire d\u00e9passe, les normes du secteur. Cet engagement envers l'excellence, alli\u00e9 \u00e0 nos valeurs fondamentales d'int\u00e9grit\u00e9, d'esprit d'\u00e9quipe et de pers\u00e9v\u00e9rance, nous a permis de b\u00e2tir des relations de confiance durables avec des clients dans pr\u00e8s de 30 pays \u00e0 travers le monde.<\/p>\n<p>FMP est toujours d\u00e9sireux de nouer des partenariats internationaux, offrant des conseils d'experts et des solutions personnalis\u00e9es pour r\u00e9pondre aux besoins \u00e9volutifs de ses clients. Nous nous engageons \u00e0 b\u00e2tir des relations durables et mutuellement b\u00e9n\u00e9fiques, gages de la r\u00e9ussite de chaque projet. Que vous recherchiez des solutions innovantes pour un nouveau projet ou un accompagnement continu pour un syst\u00e8me existant, FMP est l\u00e0 pour vous accompagner dans la r\u00e9solution de vos probl\u00e8mes techniques et garantir votre r\u00e9ussite durable.<\/p>\n<p><img loading=\"lazy\" decoding=\"async\" class=\"alignnone wp-image-2695\" src=\"https:\/\/fmp-components.com\/wp-content\/uploads\/2025\/01\/agricultural-gearbox3.webp\" alt=\"bo\u00eete de vitesses agricole\" width=\"1140\" height=\"1138\" title=\"\" srcset=\"https:\/\/fmp-components.com\/wp-content\/uploads\/2025\/01\/agricultural-gearbox3.webp 1140w, https:\/\/fmp-components.com\/wp-content\/uploads\/2025\/01\/agricultural-gearbox3-480x479.webp 480w\" sizes=\"(min-width: 0px) and (max-width: 480px) 480px, (min-width: 481px) 1140px, 100vw\" \/><\/p>\n<p>Auteur : CX<\/p>","protected":false},"excerpt":{"rendered":"<p>T Series Grain Storage Gearbox FMP-4090 Specifications Product Name Grain storage gearbox Material A380 for housing, 40CrMnTi for gear shaft. Color Customized Ratio 1:35:1 Rate power 45HP Weight 13.2KG Used Grain storage Benefits of Using the T Series Grain Storage Gearbox for Agricultural The T Series Grain Storage Gearbox offers numerous advantages for agricultural applications, [&hellip;]<\/p>","protected":false},"featured_media":3098,"comment_status":"open","ping_status":"closed","template":"","meta":{"_et_pb_use_builder":"","_et_pb_old_content":"","_et_gb_content_width":""},"product_brand":[],"product_cat":[73],"product_tag":[],"class_list":{"0":"post-3094","1":"product","2":"type-product","3":"status-publish","4":"has-post-thumbnail","6":"product_cat-grain-storage-gearbox","8":"first","9":"instock","10":"shipping-taxable","11":"product-type-simple"},"_links":{"self":[{"href":"https:\/\/fmp-components.com\/fr\/wp-json\/wp\/v2\/product\/3094","targetHints":{"allow":["GET"]}}],"collection":[{"href":"https:\/\/fmp-components.com\/fr\/wp-json\/wp\/v2\/product"}],"about":[{"href":"https:\/\/fmp-components.com\/fr\/wp-json\/wp\/v2\/types\/product"}],"replies":[{"embeddable":true,"href":"https:\/\/fmp-components.com\/fr\/wp-json\/wp\/v2\/comments?post=3094"}],"wp:featuredmedia":[{"embeddable":true,"href":"https:\/\/fmp-components.com\/fr\/wp-json\/wp\/v2\/media\/3098"}],"wp:attachment":[{"href":"https:\/\/fmp-components.com\/fr\/wp-json\/wp\/v2\/media?parent=3094"}],"wp:term":[{"taxonomy":"product_brand","embeddable":true,"href":"https:\/\/fmp-components.com\/fr\/wp-json\/wp\/v2\/product_brand?post=3094"},{"taxonomy":"product_cat","embeddable":true,"href":"https:\/\/fmp-components.com\/fr\/wp-json\/wp\/v2\/product_cat?post=3094"},{"taxonomy":"product_tag","embeddable":true,"href":"https:\/\/fmp-components.com\/fr\/wp-json\/wp\/v2\/product_tag?post=3094"}],"curies":[{"name":"wp","href":"https:\/\/api.w.org\/{rel}","templated":true}]}}