{"id":3088,"date":"2025-01-04T08:55:19","date_gmt":"2025-01-04T08:55:19","guid":{"rendered":"https:\/\/fmp-components.com\/?page_id=8"},"modified":"2025-01-04T09:00:03","modified_gmt":"2025-01-04T09:00:03","slug":"agricultural-combine-harvester-reversing-gearbox-for-rice-harvesting","status":"publish","type":"product","link":"https:\/\/fmp-components.com\/fr\/product\/agricultural-combine-harvester-reversing-gearbox-for-rice-harvesting\/","title":{"rendered":"Bo\u00eete de vitesses invers\u00e9e pour moissonneuse-batteuse agricole pour la r\u00e9colte du riz"},"content":{"rendered":"<p><img loading=\"lazy\" decoding=\"async\" class=\"alignnone size-full wp-image-3090\" src=\"https:\/\/fmp-components.com\/wp-content\/uploads\/2025\/01\/10_Combine-Harvester-Gearbox-2.webp\" alt=\"Moissonneuse-batteuse-Bo\u00eete de vitesses\" width=\"1534\" height=\"1138\" title=\"\" srcset=\"https:\/\/fmp-components.com\/wp-content\/uploads\/2025\/01\/10_Combine-Harvester-Gearbox-2.webp 1534w, https:\/\/fmp-components.com\/wp-content\/uploads\/2025\/01\/10_Combine-Harvester-Gearbox-2-1280x950.webp 1280w, https:\/\/fmp-components.com\/wp-content\/uploads\/2025\/01\/10_Combine-Harvester-Gearbox-2-980x727.webp 980w, https:\/\/fmp-components.com\/wp-content\/uploads\/2025\/01\/10_Combine-Harvester-Gearbox-2-480x356.webp 480w\" sizes=\"(min-width: 0px) and (max-width: 480px) 480px, (min-width: 481px) and (max-width: 980px) 980px, (min-width: 981px) and (max-width: 1280px) 1280px, (min-width: 1281px) 1534px, 100vw\" \/><\/p>\n<h2>Sp\u00e9cifications du produit :<\/h2>\n<table style=\"width: 86.1946%; height: 161px;\" border=\"1\" cellspacing=\"0\" cellpadding=\"0\">\n<tbody>\n<tr>\n<td>Nom du produit<\/td>\n<td>Moissonneuse-batteuse courte \u00e0 inversion pour moissonneuse-batteuse \u00e0 riz<\/td>\n<\/tr>\n<tr>\n<td>Mat\u00e9riel<\/td>\n<td>QT450 pour le bo\u00eetier, 20CrMnTi pour l'arbre de transmission.<\/td>\n<\/tr>\n<tr>\n<td>Couleur<\/td>\n<td>Personnalisation<\/td>\n<\/tr>\n<tr>\n<td>Mod\u00e8le<\/td>\n<td>\u00a0FMP-1.6Z.03-05<\/td>\n<\/tr>\n<tr>\n<td>Utilis\u00e9<\/td>\n<td>Moissonneuse-batteuse \u00e0 riz<\/td>\n<\/tr>\n<\/tbody>\n<\/table>\n<h2>Avantages de l'utilisation de la bo\u00eete de vitesses \u00e0 inversion de marche de la moissonneuse-batteuse<\/h2>\n<p>Le bo\u00eetier de transmission invers\u00e9 pour moissonneuse-batteuse offre plusieurs avantages significatifs qui am\u00e9liorent l'efficacit\u00e9 et la fonctionnalit\u00e9 de la moissonneuse. Voici quelques-uns des principaux avantages de ce bo\u00eetier sp\u00e9cialis\u00e9\u00a0:<\/p>\n<p><strong>1. Man\u0153uvrabilit\u00e9 am\u00e9lior\u00e9e<\/strong><\/p>\n<ul>\n<li>Le bo\u00eetier de marche arri\u00e8re permet \u00e0 la moissonneuse-batteuse de reculer facilement, sans man\u0153uvres complexes ni arr\u00eats ni demi-tours. Ce dispositif est particuli\u00e8rement utile dans les espaces restreints ou pour ajuster le positionnement au champ, am\u00e9liorant ainsi l'efficacit\u00e9 op\u00e9rationnelle globale.<\/li>\n<\/ul>\n<p><strong>2. Efficacit\u00e9 op\u00e9rationnelle accrue<\/strong><\/p>\n<ul>\n<li>Gr\u00e2ce \u00e0 une bo\u00eete de vitesses \u00e0 inversion de marche, la moissonneuse-batteuse peut changer de direction rapidement sans avoir \u00e0 d\u00e9brayer ni \u00e0 changer de vitesse. Cela permet des transitions plus fluides et plus rapides lors des entr\u00e9es et sorties de cultures denses, r\u00e9duisant ainsi les temps d'arr\u00eat et am\u00e9liorant l'efficacit\u00e9 de la r\u00e9colte.<\/li>\n<\/ul>\n<p><strong>3. Productivit\u00e9 accrue<\/strong><\/p>\n<ul>\n<li>Gr\u00e2ce \u00e0 la possibilit\u00e9 d'inversion rapide sans arr\u00eat, les op\u00e9rateurs \u00e9vitent les retards et r\u00e9duisent le temps de repositionnement de la machine. Cela am\u00e9liore le rendement global pendant la r\u00e9colte, notamment dans les champs n\u00e9cessitant des changements de direction fr\u00e9quents en raison d'obstacles, de virages ou de terrains accident\u00e9s.<\/li>\n<\/ul>\n<p><strong>4. Une plus grande polyvalence<\/strong><\/p>\n<ul>\n<li>Le bo\u00eetier de commande \u00e0 inversion de marche offre une plus grande flexibilit\u00e9 de travail. Il permet \u00e0 la moissonneuse-batteuse de s'adapter \u00e0 diverses t\u00e2ches, comme le nettoyage des r\u00e9sidus de r\u00e9colte, l'inversion du sens de marche pour ajuster la position de la barre de coupe ou le contournement d'obstacles, le tout sans avoir \u00e0 changer de vitesse ni \u00e0 interrompre le travail.<\/li>\n<\/ul>\n<p><strong>5. Usure r\u00e9duite<\/strong><\/p>\n<ul>\n<li>La bo\u00eete de vitesses assure une marche arri\u00e8re plus souple, r\u00e9duisant ainsi l'usure d'autres composants critiques comme l'embrayage et la transmission. Elle minimise \u00e9galement le recours aux interventions manuelles, prolongeant ainsi la dur\u00e9e de vie de la transmission et r\u00e9duisant les risques de pannes m\u00e9caniques.<\/li>\n<\/ul>\n<p>En r\u00e9sum\u00e9, le bo\u00eetier de transfert pour moissonneuse-batteuse offre des avantages tels qu'une maniabilit\u00e9, une efficacit\u00e9 op\u00e9rationnelle et une productivit\u00e9 accrues, tout en am\u00e9liorant la s\u00e9curit\u00e9, en r\u00e9duisant l'usure et en optimisant le rendement \u00e9nerg\u00e9tique. Ces atouts en font un composant indispensable des moissonneuses-batteuses modernes, garantissant aux agriculteurs des gains de temps et d'argent.<\/p>\n<p><img loading=\"lazy\" decoding=\"async\" class=\"alignnone  wp-image-3091\" src=\"https:\/\/fmp-components.com\/wp-content\/uploads\/2025\/01\/10_Combine-Harvester-Gearbox-12.webp\" alt=\"Moissonneuse-batteuse-Bo\u00eete de vitesses\" width=\"1078\" height=\"609\" title=\"\" srcset=\"https:\/\/fmp-components.com\/wp-content\/uploads\/2025\/01\/10_Combine-Harvester-Gearbox-12.webp 1078w, https:\/\/fmp-components.com\/wp-content\/uploads\/2025\/01\/10_Combine-Harvester-Gearbox-12-980x554.webp 980w, https:\/\/fmp-components.com\/wp-content\/uploads\/2025\/01\/10_Combine-Harvester-Gearbox-12-480x271.webp 480w\" sizes=\"(min-width: 0px) and (max-width: 480px) 480px, (min-width: 481px) and (max-width: 980px) 980px, (min-width: 981px) 1078px, 100vw\" \/><\/p>\n<h2>Composants cl\u00e9s de la bo\u00eete de vitesses de marche arri\u00e8re de la moissonneuse-batteuse<\/h2>\n<div class=\"flex-shrink-0 flex flex-col relative items-end\">\n<div>\n<div class=\"pt-0\">\n<div class=\"gizmo-bot-avatar flex h-8 w-8 items-center justify-center overflow-hidden rounded-full\">\n<div class=\"relative p-1 rounded-sm flex items-center justify-center bg-token-main-surface-primary text-token-text-primary h-8 w-8\">Le bo\u00eetier d'inversion de marche pour moissonneuse-batteuse est un composant essentiel des moissonneuses-batteuses modernes. Il permet une inversion efficace et fluide de la marche sans intervention manuelle. Il int\u00e8gre divers composants m\u00e9caniques qui fonctionnent ensemble pour assurer une transmission et un contr\u00f4le fiables de la puissance. Voici les principaux composants d'un bo\u00eetier d'inversion de marche pour moissonneuse-batteuse\u00a0:<\/div>\n<\/div>\n<\/div>\n<\/div>\n<\/div>\n<div class=\"group\/conversation-turn relative flex w-full min-w-0 flex-col agent-turn\">\n<div class=\"flex-col gap-1 md:gap-3\">\n<div class=\"flex max-w-full flex-col flex-grow\">\n<div class=\"min-h-8 text-message flex w-full flex-col items-end gap-2 whitespace-normal break-words text-start [.text-message+&amp;]:mt-5\" dir=\"auto\" data-message-author-role=\"assistant\" data-message-id=\"e6cb3039-0226-4bda-ac7c-bde40b961baf\" data-message-model-slug=\"gpt-4o-mini\">\n<div class=\"flex w-full flex-col gap-1 empty:hidden first:pt-[3px]\">\n<div class=\"markdown prose w-full break-words dark:prose-invert light\">\n<p><strong>1. Arbre d'entr\u00e9e<\/strong><\/p>\n<ul>\n<li>L'arbre d'entr\u00e9e transmet la puissance du moteur \u00e0 la bo\u00eete de vitesses. Il constitue le principal lien par lequel la force de rotation du moteur p\u00e9n\u00e8tre dans la bo\u00eete de vitesses, initiant ainsi le changement de vitesse.<\/li>\n<\/ul>\n<p><strong>2. Ensemble de marche arri\u00e8re<\/strong><\/p>\n<ul>\n<li>Ce syst\u00e8me d'engrenages permet d'inverser le sens de rotation. Lorsqu'il est activ\u00e9, il inverse le sens de l'arbre de sortie, permettant ainsi \u00e0 la moissonneuse-batteuse de reculer. Le syst\u00e8me de marche arri\u00e8re se compose g\u00e9n\u00e9ralement de pignons fous, de pignons droits et de pignons \u00e0 engrenages, qui s'engagent et se d\u00e9sengagent pour inverser la rotation.<\/li>\n<\/ul>\n<p><strong>3. Carter de la bo\u00eete de vitesses principale<\/strong><\/p>\n<ul>\n<li>Le carter du r\u00e9ducteur est l'enveloppe ext\u00e9rieure qui contient et prot\u00e8ge tous les composants internes. Il est g\u00e9n\u00e9ralement fabriqu\u00e9 \u00e0 partir de mat\u00e9riaux durables comme la fonte ou l'acier pour r\u00e9sister aux fortes contraintes et pressions subies pendant le fonctionnement. Il assure \u00e9galement l'alignement correct des engrenages et des arbres.<\/li>\n<\/ul>\n<p><strong>4. Arbre de sortie<\/strong><\/p>\n<ul>\n<li>L'arbre de sortie transmet la puissance de la bo\u00eete de vitesses \u00e0 la transmission de la moissonneuse-batteuse. Cet arbre est reli\u00e9 aux roues ou aux chenilles de la moissonneuse, lui permettant d'avancer ou de reculer selon le rapport engag\u00e9.<\/li>\n<\/ul>\n<p><strong>5. M\u00e9canisme d'embrayage<\/strong><\/p>\n<ul>\n<li>L'embrayage permet d'embrayer ou de d\u00e9brayer la bo\u00eete de vitesses du moteur. Il permet \u00e0 l'op\u00e9rateur de contr\u00f4ler la liaison entre le moteur et la bo\u00eete de vitesses, garantissant ainsi un passage des vitesses en douceur. Dans le cas d'une bo\u00eete de vitesses avec inverseur, l'embrayage facilite les mouvements avant et arri\u00e8re.<\/li>\n<\/ul>\n<p>Ces composants cl\u00e9s fonctionnent ensemble pour offrir un syst\u00e8me d'inversion de marche hautement efficace et fiable aux moissonneuses-batteuses. Le bo\u00eetier d'inversion permet aux op\u00e9rateurs de passer facilement de la marche avant \u00e0 la marche arri\u00e8re, am\u00e9liorant ainsi la maniabilit\u00e9, la productivit\u00e9 et l'efficacit\u00e9 op\u00e9rationnelle au champ.<\/p>\n<p><img loading=\"lazy\" decoding=\"async\" class=\"alignnone size-full wp-image-3092\" src=\"https:\/\/fmp-components.com\/wp-content\/uploads\/2025\/01\/10_Combine-Harvester-Gearbox-14.webp\" alt=\"Moissonneuse-batteuse-Bo\u00eete de vitesses\" width=\"1280\" height=\"720\" title=\"\" srcset=\"https:\/\/fmp-components.com\/wp-content\/uploads\/2025\/01\/10_Combine-Harvester-Gearbox-14.webp 1280w, https:\/\/fmp-components.com\/wp-content\/uploads\/2025\/01\/10_Combine-Harvester-Gearbox-14-980x551.webp 980w, https:\/\/fmp-components.com\/wp-content\/uploads\/2025\/01\/10_Combine-Harvester-Gearbox-14-480x270.webp 480w\" sizes=\"(min-width: 0px) and (max-width: 480px) 480px, (min-width: 481px) and (max-width: 980px) 980px, (min-width: 981px) 1280px, 100vw\" \/><\/p>\n<h2>\u00c0 propos de FMP<\/h2>\n<p>Bas\u00e9 en Italie, FMP est un fabricant leader reconnu pour son expertise dans la conception, le d\u00e9veloppement et la production de bo\u00eetes de vitesses hautes performances, principalement destin\u00e9es au secteur des machines agricoles. Reconnu pour son ing\u00e9nierie de pr\u00e9cision, ses solutions innovantes et sa fiabilit\u00e9 \u00e0 toute \u00e9preuve, FMP s'est forg\u00e9 une r\u00e9putation de partenaire de confiance sur les march\u00e9s agricoles et industriels. Notre gamme compl\u00e8te comprend des bo\u00eetes de vitesses sur mesure pour tondeuses \u00e0 gazon, des arbres de prise de force et une large gamme de composants essentiels, tous con\u00e7us avec soin pour r\u00e9pondre aux exigences sp\u00e9cifiques de diverses applications.<\/p>\n<p>Chez FMP, nous comprenons que chaque client est confront\u00e9 \u00e0 des d\u00e9fis uniques. C'est pourquoi nous nous sp\u00e9cialisons dans la fourniture de solutions sur mesure, qu'il s'agisse de composants individuels ou de syst\u00e8mes enti\u00e8rement int\u00e9gr\u00e9s. Gr\u00e2ce \u00e0 une \u00e9troite collaboration avec nos clients, nous veillons \u00e0 ce que chaque solution r\u00e9ponde non seulement \u00e0 leurs besoins, mais optimise \u00e9galement leurs performances et leur valeur. Notre engagement \u00e0 fournir des r\u00e9ponses rapides et professionnelles et un accompagnement expert garantit un traitement pr\u00e9cis de chaque demande, garantissant ainsi des r\u00e9sultats optimaux \u00e0 chaque fois.<\/p>\n<p>Nous privil\u00e9gions une communication claire et continue tout au long du cycle de d\u00e9veloppement produit. Notre \u00e9quipe d\u00e9di\u00e9e travaille en \u00e9troite collaboration avec nos clients pour comprendre parfaitement leurs besoins et leur fournir des conseils et des recommandations pr\u00e9cieux pour des r\u00e9sultats optimaux. Qu'il s'agisse de concevoir des produits de pointe ou d'ex\u00e9cuter des commandes courantes, FMP s'engage \u00e0 fournir des solutions de haute qualit\u00e9, con\u00e7ues avec pr\u00e9cision et dans les d\u00e9lais impartis. Notre mission est de toujours d\u00e9passer les attentes de nos clients, en offrant un service et des r\u00e9sultats exceptionnels pour chaque projet.<\/p>\n<p>La qualit\u00e9 est au c\u0153ur des activit\u00e9s de FMP. Nous respectons les normes de fabrication les plus strictes et mettons en \u0153uvre des contr\u00f4les qualit\u00e9 rigoureux afin de garantir que chaque produit respecte, et souvent d\u00e9passe, les normes du secteur. Cet engagement envers l'excellence, alli\u00e9 \u00e0 nos valeurs fondamentales d'int\u00e9grit\u00e9, d'esprit d'\u00e9quipe et de pers\u00e9v\u00e9rance, nous a permis de b\u00e2tir des relations de confiance durables avec des clients dans pr\u00e8s de 30 pays \u00e0 travers le monde.<\/p>\n<p>FMP est toujours d\u00e9sireux de nouer des partenariats internationaux, offrant des conseils d'experts et des solutions personnalis\u00e9es qui r\u00e9pondent aux besoins \u00e9volutifs de ses clients. Nous nous effor\u00e7ons de b\u00e2tir des relations durables et mutuellement b\u00e9n\u00e9fiques, contribuant ainsi \u00e0 la r\u00e9ussite de chaque projet. Que vous ayez besoin de solutions innovantes pour une nouvelle initiative ou d'un support continu pour un syst\u00e8me existant, FMP est l\u00e0 pour vous aider \u00e0 relever les d\u00e9fis techniques et \u00e0 assurer la p\u00e9rennit\u00e9 de votre r\u00e9ussite.<\/p>\n<p><img loading=\"lazy\" decoding=\"async\" class=\"alignnone wp-image-2695\" src=\"https:\/\/fmp-components.com\/wp-content\/uploads\/2025\/01\/agricultural-gearbox3.webp\" alt=\"bo\u00eete de vitesses agricole\" width=\"1140\" height=\"1138\" title=\"\" srcset=\"https:\/\/fmp-components.com\/wp-content\/uploads\/2025\/01\/agricultural-gearbox3.webp 1140w, https:\/\/fmp-components.com\/wp-content\/uploads\/2025\/01\/agricultural-gearbox3-480x479.webp 480w\" sizes=\"(min-width: 0px) and (max-width: 480px) 480px, (min-width: 481px) 1140px, 100vw\" \/><\/p>\n<p>Auteur : CX<\/p>\n<\/div>\n<\/div>\n<\/div>\n<\/div>\n<\/div>\n<\/div>","protected":false},"excerpt":{"rendered":"<p>Product Specifications: Product Name Short harvester reversing for rice harvester Material QT450 for housing, 20CrMnTi for gear shaft. Color Customization Model \u00a0FMP-1.6Z.03-05 Used Rice harvester Advantages of Using the Combine Harvester Reversing Gearbox The Combine Harvester Reversing Gearbox offers several significant advantages that enhance the efficiency and functionality of the harvester. Here are some key [&hellip;]<\/p>","protected":false},"featured_media":3093,"comment_status":"open","ping_status":"closed","template":"","meta":{"_et_pb_use_builder":"","_et_pb_old_content":"","_et_gb_content_width":""},"product_brand":[],"product_cat":[72],"product_tag":[],"class_list":{"0":"post-3088","1":"product","2":"type-product","3":"status-publish","4":"has-post-thumbnail","6":"product_cat-combine-harvester-gearbox","8":"first","9":"instock","10":"shipping-taxable","11":"product-type-simple"},"_links":{"self":[{"href":"https:\/\/fmp-components.com\/fr\/wp-json\/wp\/v2\/product\/3088","targetHints":{"allow":["GET"]}}],"collection":[{"href":"https:\/\/fmp-components.com\/fr\/wp-json\/wp\/v2\/product"}],"about":[{"href":"https:\/\/fmp-components.com\/fr\/wp-json\/wp\/v2\/types\/product"}],"replies":[{"embeddable":true,"href":"https:\/\/fmp-components.com\/fr\/wp-json\/wp\/v2\/comments?post=3088"}],"wp:featuredmedia":[{"embeddable":true,"href":"https:\/\/fmp-components.com\/fr\/wp-json\/wp\/v2\/media\/3093"}],"wp:attachment":[{"href":"https:\/\/fmp-components.com\/fr\/wp-json\/wp\/v2\/media?parent=3088"}],"wp:term":[{"taxonomy":"product_brand","embeddable":true,"href":"https:\/\/fmp-components.com\/fr\/wp-json\/wp\/v2\/product_brand?post=3088"},{"taxonomy":"product_cat","embeddable":true,"href":"https:\/\/fmp-components.com\/fr\/wp-json\/wp\/v2\/product_cat?post=3088"},{"taxonomy":"product_tag","embeddable":true,"href":"https:\/\/fmp-components.com\/fr\/wp-json\/wp\/v2\/product_tag?post=3088"}],"curies":[{"name":"wp","href":"https:\/\/api.w.org\/{rel}","templated":true}]}}