{"id":3074,"date":"2025-01-04T08:48:51","date_gmt":"2025-01-04T08:48:51","guid":{"rendered":"https:\/\/fmp-components.com\/?page_id=8"},"modified":"2025-01-04T08:53:07","modified_gmt":"2025-01-04T08:53:07","slug":"double-disc-fertilizer-spreader-gearbox-fmp-sf11-for-fertilizer-spreader","status":"publish","type":"product","link":"https:\/\/fmp-components.com\/fr\/product\/double-disc-fertilizer-spreader-gearbox-fmp-sf11-for-fertilizer-spreader\/","title":{"rendered":"Bo\u00eete de vitesses FMP-SF11 pour \u00e9pandeur d'engrais \u00e0 double disque"},"content":{"rendered":"<h2>Dimensions de la bo\u00eete de vitesses de l'\u00e9pandeur d'engrais \u00e0 double disque FMP-SF11<\/h2>\n<p><img loading=\"lazy\" decoding=\"async\" class=\"alignnone size-full wp-image-3083\" src=\"https:\/\/fmp-components.com\/wp-content\/uploads\/2025\/01\/Double-Disc-Fertilizer-Spreader-Gearbox-FMP-SF11-Dimensions-2.webp\" alt=\"\u00c9pandeur d&#039;engrais \u00e0 double disque - Bo\u00eete de vitesses - FMP-SF11 - Dimensions - 2\" width=\"1606\" height=\"904\" title=\"\" srcset=\"https:\/\/fmp-components.com\/wp-content\/uploads\/2025\/01\/Double-Disc-Fertilizer-Spreader-Gearbox-FMP-SF11-Dimensions-2.webp 1606w, https:\/\/fmp-components.com\/wp-content\/uploads\/2025\/01\/Double-Disc-Fertilizer-Spreader-Gearbox-FMP-SF11-Dimensions-2-1280x720.webp 1280w, https:\/\/fmp-components.com\/wp-content\/uploads\/2025\/01\/Double-Disc-Fertilizer-Spreader-Gearbox-FMP-SF11-Dimensions-2-980x552.webp 980w, https:\/\/fmp-components.com\/wp-content\/uploads\/2025\/01\/Double-Disc-Fertilizer-Spreader-Gearbox-FMP-SF11-Dimensions-2-480x270.webp 480w\" sizes=\"(min-width: 0px) and (max-width: 480px) 480px, (min-width: 481px) and (max-width: 980px) 980px, (min-width: 981px) and (max-width: 1280px) 1280px, (min-width: 1281px) 1606px, 100vw\" \/> <img loading=\"lazy\" decoding=\"async\" class=\"alignnone size-full wp-image-3084\" src=\"https:\/\/fmp-components.com\/wp-content\/uploads\/2025\/01\/Double-Disc-Fertilizer-Spreader-Gearbox-FMP-SF11-Dimensions-1.webp\" alt=\"\u00c9pandeur d&#039;engrais \u00e0 double disque - Bo\u00eete de vitesses - FMP-SF11 - Dimensions - 1\" width=\"1625\" height=\"820\" title=\"\" srcset=\"https:\/\/fmp-components.com\/wp-content\/uploads\/2025\/01\/Double-Disc-Fertilizer-Spreader-Gearbox-FMP-SF11-Dimensions-1.webp 1625w, https:\/\/fmp-components.com\/wp-content\/uploads\/2025\/01\/Double-Disc-Fertilizer-Spreader-Gearbox-FMP-SF11-Dimensions-1-1280x646.webp 1280w, https:\/\/fmp-components.com\/wp-content\/uploads\/2025\/01\/Double-Disc-Fertilizer-Spreader-Gearbox-FMP-SF11-Dimensions-1-980x495.webp 980w, https:\/\/fmp-components.com\/wp-content\/uploads\/2025\/01\/Double-Disc-Fertilizer-Spreader-Gearbox-FMP-SF11-Dimensions-1-480x242.webp 480w\" sizes=\"(min-width: 0px) and (max-width: 480px) 480px, (min-width: 481px) and (max-width: 980px) 980px, (min-width: 981px) and (max-width: 1280px) 1280px, (min-width: 1281px) 1625px, 100vw\" \/><\/p>\n<h2>Donn\u00e9es techniques de la bo\u00eete de vitesses de l'\u00e9pandeur d'engrais \u00e0 double disque FMP-SF11<\/h2>\n<table style=\"width: 97.1772%; height: 151px;\" border=\"1\" cellspacing=\"0\" cellpadding=\"0\">\n<tbody>\n<tr>\n<td colspan=\"2\" rowspan=\"2\">je<\/td>\n<td rowspan=\"2\">Appropri\u00e9<\/td>\n<td>Entr\u00e9e de r\u00e9gime<\/td>\n<td>Vitesse de sortie<\/td>\n<td colspan=\"2\">Pouvoir<\/td>\n<td rowspan=\"2\">Dentition<\/td>\n<\/tr>\n<tr>\n<td>tr\/min<\/td>\n<td>tr\/min<\/td>\n<td>Kw<\/td>\n<td>HP<\/td>\n<\/tr>\n<tr>\n<td><\/td>\n<td>1:1<\/td>\n<td>\u00c9pandeur d'engrais, etc.<\/td>\n<td>540<\/td>\n<td>540<\/td>\n<td>15<\/td>\n<td>20<\/td>\n<td>H\u00e9lico\u00efdal de Gleason<br \/>\nDents<\/td>\n<\/tr>\n<tr>\n<td colspan=\"8\">Remarque : si vous avez des exigences particuli\u00e8res, n'h\u00e9sitez pas \u00e0 me le faire savoir, nous acceptons \u00e9galement les personnalisations.<\/td>\n<\/tr>\n<\/tbody>\n<\/table>\n<h2>Avantages de la bo\u00eete de vitesses pour \u00e9pandeur d'engrais \u00e0 double disque FMP-SF11<\/h2>\n<p>Le r\u00e9ducteur pour \u00e9pandeur d'engrais \u00e0 double disque FMP-SF11 offre plusieurs avantages qui am\u00e9liorent les performances et l'efficacit\u00e9 de l'\u00e9pandage d'engrais en agriculture. Voici les principaux atouts de ce r\u00e9ducteur\u00a0:<\/p>\n<p><strong>1. Pr\u00e9cision et uniformit\u00e9<\/strong><\/p>\n<ul>\n<li>Le r\u00e9ducteur FMP-SF11 assure une r\u00e9partition homog\u00e8ne de l'engrais sur l'ensemble du champ, garantissant ainsi une application uniforme. Ceci est essentiel pour optimiser les rendements des cultures et \u00e9viter le gaspillage d'engrais.<\/li>\n<\/ul>\n<p><strong>2. Durabilit\u00e9 am\u00e9lior\u00e9e<\/strong><\/p>\n<ul>\n<li>Fabriqu\u00e9e avec des mat\u00e9riaux de haute qualit\u00e9, la bo\u00eete de vitesses FMP-SF11 est con\u00e7ue pour r\u00e9sister aux conditions agricoles difficiles. R\u00e9sistante \u00e0 l'usure, elle garantit des performances durables m\u00eame en cas d'utilisation intensive.<\/li>\n<\/ul>\n<p><strong>3. Transmission de puissance optimis\u00e9e<\/strong><\/p>\n<ul>\n<li>La bo\u00eete de vitesses est con\u00e7ue pour transmettre efficacement la puissance entre le tracteur et l'\u00e9pandeur d'engrais, am\u00e9liorant ainsi le rendement \u00e9nerg\u00e9tique et r\u00e9duisant les pertes d'\u00e9nergie. Ce transfert de puissance optimis\u00e9 garantit un fonctionnement fluide et accro\u00eet la productivit\u00e9 globale.<\/li>\n<\/ul>\n<p><strong>4. Co\u00fbts de maintenance r\u00e9duits<\/strong><\/p>\n<ul>\n<li>Gr\u00e2ce \u00e0 sa conception robuste et \u00e0 sa fabrication de haute qualit\u00e9, le r\u00e9ducteur FMP-SF11 est con\u00e7u pour durer. Son faible besoin d'entretien r\u00e9duit la fr\u00e9quence des r\u00e9parations et les co\u00fbts associ\u00e9s, ce qui en fait une solution \u00e9conomique pour les op\u00e9rations \u00e0 long terme.<\/li>\n<\/ul>\n<p><strong>5. Am\u00e9lioration de l'efficacit\u00e9 op\u00e9rationnelle<\/strong><\/p>\n<ul>\n<li>La bo\u00eete de vitesses est con\u00e7ue pour garantir un fonctionnement fluide, efficace et fiable de l'\u00e9pandeur d'engrais \u00e0 double disque. En assurant un d\u00e9bit constant, elle permet aux op\u00e9rateurs d'effectuer leurs t\u00e2ches plus rapidement et avec un temps d'arr\u00eat minimal, am\u00e9liorant ainsi l'efficacit\u00e9 op\u00e9rationnelle globale.<\/li>\n<\/ul>\n<p>Le r\u00e9ducteur de l'\u00e9pandeur d'engrais \u00e0 double disque FMP-SF11 offre de nombreux avantages, tels que la pr\u00e9cision, la durabilit\u00e9, un entretien r\u00e9duit et une transmission de puissance efficace, contribuant ainsi \u00e0 une productivit\u00e9 accrue et \u00e0 de meilleurs rendements agricoles. Sa robustesse et sa compatibilit\u00e9 avec divers syst\u00e8mes agricoles en font un \u00e9l\u00e9ment essentiel pour un \u00e9pandage d'engrais performant en agriculture moderne.<\/p>\n<p><img loading=\"lazy\" decoding=\"async\" class=\"alignnone size-full wp-image-3085\" src=\"https:\/\/fmp-components.com\/wp-content\/uploads\/2025\/01\/Double-Disc-Fertilizer-Spreader-Gearbox-FMP-SF11-Benefits1.webp\" alt=\"\u00c9pandeur d&#039;engrais \u00e0 double disque - Bo\u00eete de vitesses - FMP-SF11 - Avantages (1)\" width=\"2336\" height=\"1046\" title=\"\" srcset=\"https:\/\/fmp-components.com\/wp-content\/uploads\/2025\/01\/Double-Disc-Fertilizer-Spreader-Gearbox-FMP-SF11-Benefits1.webp 2336w, https:\/\/fmp-components.com\/wp-content\/uploads\/2025\/01\/Double-Disc-Fertilizer-Spreader-Gearbox-FMP-SF11-Benefits1-1280x573.webp 1280w, https:\/\/fmp-components.com\/wp-content\/uploads\/2025\/01\/Double-Disc-Fertilizer-Spreader-Gearbox-FMP-SF11-Benefits1-980x439.webp 980w, https:\/\/fmp-components.com\/wp-content\/uploads\/2025\/01\/Double-Disc-Fertilizer-Spreader-Gearbox-FMP-SF11-Benefits1-480x215.webp 480w\" sizes=\"(min-width: 0px) and (max-width: 480px) 480px, (min-width: 481px) and (max-width: 980px) 980px, (min-width: 981px) and (max-width: 1280px) 1280px, (min-width: 1281px) 2336px, 100vw\" \/><\/p>\n<h2>Applications de la bo\u00eete de vitesses pour \u00e9pandeur d'engrais \u00e0 double disque FMP-SF11<\/h2>\n<p>Le r\u00e9ducteur pour \u00e9pandeur d'engrais \u00e0 double disque FMP-SF11 est con\u00e7u pour une utilisation dans diverses applications agricoles, notamment pour l'\u00e9pandage d'engrais. Voici quelques-unes de ses principales applications\u00a0:<\/p>\n<p><strong>1. Application d'engrais dans les grands champs agricoles<\/strong><\/p>\n<ul>\n<li>Le r\u00e9ducteur FMP-SF11 est principalement utilis\u00e9 dans les exploitations agricoles \u00e0 grande \u00e9chelle pour r\u00e9partir efficacement les engrais sur de vastes superficies. Il garantit une \u00e9pandage uniforme et pr\u00e9cis, essentiel pour optimiser les rendements des cultures et pr\u00e9server la sant\u00e9 des sols.<\/li>\n<\/ul>\n<p><strong>2. Fertilisation des c\u00e9r\u00e9ales et des cultures<\/strong><\/p>\n<ul>\n<li>Ce r\u00e9ducteur est id\u00e9al pour les cultures c\u00e9r\u00e9ali\u00e8res (bl\u00e9, ma\u00efs, riz, etc.) o\u00f9 une fertilisation r\u00e9guli\u00e8re est essentielle \u00e0 la croissance saine des plantes et \u00e0 l'optimisation des rendements. Il permet une r\u00e9partition homog\u00e8ne des engrais sur l'ensemble du champ, am\u00e9liorant ainsi la sant\u00e9 des cultures.<\/li>\n<\/ul>\n<p><strong>3. Vergers de l\u00e9gumes et de fruits<\/strong><\/p>\n<ul>\n<li>Dans les vergers et les exploitations mara\u00eech\u00e8res, le r\u00e9ducteur FMP-SF11 assure une r\u00e9partition homog\u00e8ne des engrais au sol autour des arbres et des cultures. Ceci est essentiel pour une nutrition \u00e9quilibr\u00e9e, le soutien de la croissance des plantes et l'optimisation des rendements fruitiers et l\u00e9gumes.<\/li>\n<\/ul>\n<p><strong>4. Fertilisation des p\u00e2turages et des prairies<\/strong><\/p>\n<ul>\n<li>Ce dispositif peut servir \u00e0 fertiliser les p\u00e2turages et les prairies, essentiels \u00e0 l'\u00e9levage. Une r\u00e9partition homog\u00e8ne de l'engrais am\u00e9liore la qualit\u00e9 de l'herbe et la sant\u00e9 g\u00e9n\u00e9rale des p\u00e2turages, favorisant ainsi un meilleur p\u00e2turage pour les animaux.<\/li>\n<\/ul>\n<p><strong>5. Enrichissement et r\u00e9g\u00e9n\u00e9ration des sols<\/strong><\/p>\n<ul>\n<li>Le FMP-SF11 convient \u00e9galement aux op\u00e9rations d'enrichissement des sols visant \u00e0 r\u00e9g\u00e9n\u00e9rer les sols pauvres ou d\u00e9grad\u00e9s. L'application uniforme d'engrais contribue \u00e0 restaurer la fertilit\u00e9 des sols, ce qui am\u00e9liore la productivit\u00e9 des cultures \u00e0 long terme.<\/li>\n<\/ul>\n<p>Le r\u00e9ducteur de l'\u00e9pandeur d'engrais \u00e0 double disque FMP-SF11 est extr\u00eamement polyvalent et convient \u00e0 une vaste gamme d'applications agricoles, notamment la fertilisation des grandes parcelles, la gestion des vergers et des exploitations mara\u00eech\u00e8res, l'entretien des p\u00e2turages et l'agriculture de pr\u00e9cision. Sa capacit\u00e9 \u00e0 r\u00e9partir les engrais de mani\u00e8re uniforme en fait un \u00e9l\u00e9ment essentiel pour am\u00e9liorer les rendements des cultures, accro\u00eetre la fertilit\u00e9 des sols et soutenir des pratiques agricoles durables dans diff\u00e9rents secteurs agricoles.<\/p>\n<p><img loading=\"lazy\" decoding=\"async\" class=\"alignnone size-full wp-image-3086\" src=\"https:\/\/fmp-components.com\/wp-content\/uploads\/2025\/01\/Double-Disc-Fertilizer-Spreader-Gearbox-FMP-SF11-Applications1.webp\" alt=\"\u00c9pandeur d&#039;engrais \u00e0 double disque - Bo\u00eete de vitesses - FMP-SF11 - Applications (1)\" width=\"1588\" height=\"902\" title=\"\" srcset=\"https:\/\/fmp-components.com\/wp-content\/uploads\/2025\/01\/Double-Disc-Fertilizer-Spreader-Gearbox-FMP-SF11-Applications1.webp 1588w, https:\/\/fmp-components.com\/wp-content\/uploads\/2025\/01\/Double-Disc-Fertilizer-Spreader-Gearbox-FMP-SF11-Applications1-1280x727.webp 1280w, https:\/\/fmp-components.com\/wp-content\/uploads\/2025\/01\/Double-Disc-Fertilizer-Spreader-Gearbox-FMP-SF11-Applications1-980x557.webp 980w, https:\/\/fmp-components.com\/wp-content\/uploads\/2025\/01\/Double-Disc-Fertilizer-Spreader-Gearbox-FMP-SF11-Applications1-480x273.webp 480w\" sizes=\"(min-width: 0px) and (max-width: 480px) 480px, (min-width: 481px) and (max-width: 980px) 980px, (min-width: 981px) and (max-width: 1280px) 1280px, (min-width: 1281px) 1588px, 100vw\" \/><\/p>\n<h3>\u00c0 propos de FMP<\/h3>\n<p>Bas\u00e9e en Italie, FMP est un fabricant leader reconnu pour son expertise dans la conception, le d\u00e9veloppement et la production de r\u00e9ducteurs haute performance, notamment pour le secteur des machines agricoles. Forte d'une r\u00e9putation fond\u00e9e sur l'ing\u00e9nierie de pr\u00e9cision, les solutions innovantes et une fiabilit\u00e9 \u00e0 toute \u00e9preuve, FMP est devenue un partenaire de confiance pour les march\u00e9s agricoles et industriels. Notre vaste gamme de produits comprend des r\u00e9ducteurs sur mesure pour tondeuses \u00e0 gazon, des arbres de prise de force et une large s\u00e9lection d'autres composants essentiels, tous fabriqu\u00e9s avec une attention m\u00e9ticuleuse aux exigences vari\u00e9es des diff\u00e9rentes applications.<\/p>\n<p>Chez FMP, nous savons que chaque client est confront\u00e9 \u00e0 des d\u00e9fis uniques. C'est pourquoi nous nous sp\u00e9cialisons dans les solutions sur mesure, qu'il s'agisse de composants individuels ou de syst\u00e8mes enti\u00e8rement int\u00e9gr\u00e9s. En collaborant \u00e9troitement avec nos clients, nous veillons \u00e0 ce que chaque solution r\u00e9ponde \u00e0 leurs exigences sp\u00e9cifiques, optimise leurs performances et leur apporte une valeur ajout\u00e9e maximale. Notre engagement \u00e0 fournir des r\u00e9ponses rapides et professionnelles ainsi qu'un accompagnement expert garantit un traitement pr\u00e9cis de chaque demande, pour des r\u00e9sultats optimaux.<\/p>\n<p>Nous accordons une grande importance \u00e0 une communication claire et continue tout au long du processus de d\u00e9veloppement produit. Notre \u00e9quipe d\u00e9di\u00e9e travaille directement avec les clients afin de bien comprendre leurs besoins et de leur apporter des conseils et des recommandations pertinentes pour obtenir des r\u00e9sultats optimaux. Qu'il s'agisse de d\u00e9velopper des produits de pointe ou d'honorer des commandes courantes, FMP s'engage \u00e0 fournir des solutions de haute qualit\u00e9 et d'une grande pr\u00e9cision, dans les d\u00e9lais impartis, syst\u00e9matiquement. Notre objectif est de toujours d\u00e9passer les attentes de nos clients, en leur offrant un service et des r\u00e9sultats exceptionnels pour chaque projet.<\/p>\n<p>La qualit\u00e9 est au c\u0153ur des activit\u00e9s de FMP. Nous respectons les normes de fabrication les plus exigeantes et mettons en \u0153uvre des processus de contr\u00f4le qualit\u00e9 rigoureux afin de garantir que chaque produit r\u00e9ponde aux normes de l'industrie, voire les d\u00e9passe. Cet engagement ind\u00e9fectible envers l'excellence, associ\u00e9 \u00e0 nos valeurs fondamentales d'int\u00e9grit\u00e9, de travail d'\u00e9quipe et de pers\u00e9v\u00e9rance, nous a permis de tisser des relations durables et de confiance avec nos clients dans pr\u00e8s de 30 pays \u00e0 travers le monde.<\/p>\n<p>FMP s'engage \u00e0 d\u00e9velopper des partenariats internationaux, \u00e0 offrir des conseils d'experts et des solutions personnalis\u00e9es qui \u00e9voluent au rythme des besoins de ses clients. Notre objectif est de b\u00e2tir des relations durables et mutuellement avantageuses, garantes de la r\u00e9ussite de chaque projet. Que vous recherchiez des solutions innovantes pour une nouvelle entreprise ou un soutien continu pour un syst\u00e8me existant, FMP est l\u00e0 pour vous accompagner dans la r\u00e9solution de vos d\u00e9fis techniques et assurer votre succ\u00e8s.<\/p>\n<p><img loading=\"lazy\" decoding=\"async\" class=\"alignnone wp-image-2695\" src=\"https:\/\/fmp-components.com\/wp-content\/uploads\/2025\/01\/agricultural-gearbox3.webp\" alt=\"bo\u00eete de vitesses agricole\" width=\"1140\" height=\"1138\" title=\"\" srcset=\"https:\/\/fmp-components.com\/wp-content\/uploads\/2025\/01\/agricultural-gearbox3.webp 1140w, https:\/\/fmp-components.com\/wp-content\/uploads\/2025\/01\/agricultural-gearbox3-480x479.webp 480w\" sizes=\"(min-width: 0px) and (max-width: 480px) 480px, (min-width: 481px) 1140px, 100vw\" \/><\/p>\n<p>Auteur : CX<\/p>","protected":false},"excerpt":{"rendered":"<p>Double Disc Fertilizer Spreader Gearbox FMP-SF11 Dimensions Double Disc Fertilizer Spreader Gearbox FMP-SF11 Technical Data i Suitable Rpm input Rpm output Power Toothing r\/min r\/min Kw Hp 1:1 Fertilizer spreader, etc 540 540 15 20 Gleason Helical Teeth Remark: If you have any special require feel free let me know, we also accept custom. Benefits [&hellip;]<\/p>","protected":false},"featured_media":3087,"comment_status":"open","ping_status":"closed","template":"","meta":{"_et_pb_use_builder":"","_et_pb_old_content":"","_et_gb_content_width":""},"product_brand":[],"product_cat":[71],"product_tag":[],"class_list":{"0":"post-3074","1":"product","2":"type-product","3":"status-publish","4":"has-post-thumbnail","6":"product_cat-fertilizer-seeder-gearbox","8":"first","9":"instock","10":"shipping-taxable","11":"product-type-simple"},"_links":{"self":[{"href":"https:\/\/fmp-components.com\/fr\/wp-json\/wp\/v2\/product\/3074","targetHints":{"allow":["GET"]}}],"collection":[{"href":"https:\/\/fmp-components.com\/fr\/wp-json\/wp\/v2\/product"}],"about":[{"href":"https:\/\/fmp-components.com\/fr\/wp-json\/wp\/v2\/types\/product"}],"replies":[{"embeddable":true,"href":"https:\/\/fmp-components.com\/fr\/wp-json\/wp\/v2\/comments?post=3074"}],"wp:featuredmedia":[{"embeddable":true,"href":"https:\/\/fmp-components.com\/fr\/wp-json\/wp\/v2\/media\/3087"}],"wp:attachment":[{"href":"https:\/\/fmp-components.com\/fr\/wp-json\/wp\/v2\/media?parent=3074"}],"wp:term":[{"taxonomy":"product_brand","embeddable":true,"href":"https:\/\/fmp-components.com\/fr\/wp-json\/wp\/v2\/product_brand?post=3074"},{"taxonomy":"product_cat","embeddable":true,"href":"https:\/\/fmp-components.com\/fr\/wp-json\/wp\/v2\/product_cat?post=3074"},{"taxonomy":"product_tag","embeddable":true,"href":"https:\/\/fmp-components.com\/fr\/wp-json\/wp\/v2\/product_tag?post=3074"}],"curies":[{"name":"wp","href":"https:\/\/api.w.org\/{rel}","templated":true}]}}