{"id":3047,"date":"2025-01-04T07:16:41","date_gmt":"2025-01-04T07:16:41","guid":{"rendered":"https:\/\/fmp-components.com\/?page_id=8"},"modified":"2025-01-04T07:16:41","modified_gmt":"2025-01-04T07:16:41","slug":"double-disc-silage-machine-gearbox-fmp-qz115-for-silage-machines","status":"publish","type":"product","link":"https:\/\/fmp-components.com\/fr\/product\/double-disc-silage-machine-gearbox-fmp-qz115-for-silage-machines\/","title":{"rendered":"Bo\u00eete de vitesses FMP-QZ115 pour ensileuses \u00e0 double disque"},"content":{"rendered":"<h2>Donn\u00e9es techniques de la bo\u00eete de vitesses de l'ensileuse \u00e0 double disque FMP-QZ115<\/h2>\n<p><img loading=\"lazy\" decoding=\"async\" class=\"alignnone size-full wp-image-3049\" src=\"https:\/\/fmp-components.com\/wp-content\/uploads\/2025\/01\/Double-Disc-Silage-Machine-Gearbox-EP-QZ115-Dimensions.webp\" alt=\"Dimensions de la bo\u00eete de vitesses de la machine \u00e0 ensilage \u00e0 double disque EP-QZ115\" width=\"1237\" height=\"890\" title=\"\" srcset=\"https:\/\/fmp-components.com\/wp-content\/uploads\/2025\/01\/Double-Disc-Silage-Machine-Gearbox-EP-QZ115-Dimensions.webp 1237w, https:\/\/fmp-components.com\/wp-content\/uploads\/2025\/01\/Double-Disc-Silage-Machine-Gearbox-EP-QZ115-Dimensions-980x705.webp 980w, https:\/\/fmp-components.com\/wp-content\/uploads\/2025\/01\/Double-Disc-Silage-Machine-Gearbox-EP-QZ115-Dimensions-480x345.webp 480w\" sizes=\"(min-width: 0px) and (max-width: 480px) 480px, (min-width: 481px) and (max-width: 980px) 980px, (min-width: 981px) 1237px, 100vw\" \/><\/p>\n<h2>Donn\u00e9es techniques de la bo\u00eete de vitesses de l'ensileuse \u00e0 double disque FMP-QZ115<\/h2>\n<table style=\"width: 92.4037%; height: 146px;\" border=\"1\" cellspacing=\"0\" cellpadding=\"0\">\n<tbody>\n<tr>\n<td colspan=\"2\" rowspan=\"2\">je<\/td>\n<td rowspan=\"2\">Appropri\u00e9<\/td>\n<td>Entr\u00e9e de r\u00e9gime<\/td>\n<td>Vitesse de sortie<\/td>\n<td>Couple de sortie<\/td>\n<td>Poids<\/td>\n<td rowspan=\"2\">Dentition<\/td>\n<\/tr>\n<tr>\n<td>tr\/min<\/td>\n<td>tr\/min<\/td>\n<td>Nm<\/td>\n<td>kg<\/td>\n<\/tr>\n<tr>\n<td>Ralentir<\/td>\n<td>1: 1<\/td>\n<td>machines \u00e0 ensiler, etc.<\/td>\n<td>1000<\/td>\n<td>1000<\/td>\n<td>580<\/td>\n<td>35<\/td>\n<td>H\u00e9lico\u00efdal de Gleason<br \/>\nDents<\/td>\n<\/tr>\n<tr>\n<td colspan=\"8\">Remarque : si vous avez des exigences particuli\u00e8res, n'h\u00e9sitez pas \u00e0 me le faire savoir, nous acceptons \u00e9galement les personnalisations.<\/td>\n<\/tr>\n<\/tbody>\n<\/table>\n<table style=\"height: 128px; width: 92.5728%;\" border=\"1\" width=\"1005\" cellspacing=\"0\" cellpadding=\"0\">\n<tbody>\n<tr>\n<td style=\"width: 27.4354%;\">UN<\/td>\n<td style=\"width: 16.6998%;\">B<\/td>\n<td style=\"width: 27.9324%;\">C<\/td>\n<td style=\"width: 28.329%;\">D<\/td>\n<\/tr>\n<tr>\n<td style=\"width: 27.4354%;\">\u03a645<\/td>\n<td style=\"width: 16.6998%;\">14<\/td>\n<td style=\"width: 27.9324%;\">39.5<\/td>\n<td style=\"width: 28.329%;\">M14<\/td>\n<\/tr>\n<tr>\n<td style=\"width: 27.4354%;\">\u03a640<\/td>\n<td style=\"width: 16.6998%;\">12<\/td>\n<td style=\"width: 27.9324%;\">35<\/td>\n<td style=\"width: 28.329%;\">M12<\/td>\n<\/tr>\n<tr>\n<td style=\"width: 27.4354%;\">\u03a635<\/td>\n<td style=\"width: 16.6998%;\">10<\/td>\n<td style=\"width: 27.9324%;\">30<\/td>\n<td style=\"width: 28.329%;\">M12<\/td>\n<\/tr>\n<\/tbody>\n<\/table>\n<h2>Avantages de la bo\u00eete de vitesses de l'ensileuse \u00e0 double disque FMP-QZ115<\/h2>\n<p>La bo\u00eete de vitesses FMP-QZ115 pour ensileuse \u00e0 double disque offre de nombreux avantages con\u00e7us pour am\u00e9liorer l'efficacit\u00e9, la fiabilit\u00e9 et les performances des op\u00e9rations de r\u00e9colte d'ensilage. Sp\u00e9cialement con\u00e7ue pour les machines \u00e0 double disque de coupe, cette bo\u00eete de vitesses joue un r\u00f4le cl\u00e9 dans le processus de r\u00e9colte d'ensilage en garantissant un fonctionnement fluide et pr\u00e9cis. Voici les principaux avantages de la FMP-QZ115\u00a0:<\/p>\n<p><strong>1. Rendement \u00e9nerg\u00e9tique et transmission du couple \u00e9lev\u00e9s<\/strong><\/p>\n<ul>\n<li>La bo\u00eete de vitesses FMP-QZ115 est con\u00e7ue pour g\u00e9rer les applications \u00e0 couple \u00e9lev\u00e9, assurant un transfert de puissance efficace de l'arbre de prise de force (PTO) du tracteur aux disques de coupe de l'ensileuse.<\/li>\n<li>Sa conception robuste garantit une r\u00e9partition uniforme de la puissance entre les deux disques de coupe, assurant une force de coupe constante sur toute la longueur de la t\u00eate de coupe.<\/li>\n<li>La bo\u00eete de vitesses minimise les pertes de puissance, optimisant ainsi les performances globales de l'ensileuse.<\/li>\n<\/ul>\n<p><strong>2. D\u00e9coupe de pr\u00e9cision pour un ensilage de haute qualit\u00e9<\/strong><\/p>\n<ul>\n<li>Le syst\u00e8me \u00e0 double disque aliment\u00e9 par la bo\u00eete de vitesses FMP-QZ115 permet de couper les cultures fourrag\u00e8res en morceaux de taille uniforme, ce qui est essentiel pour garantir un ensilage de haute qualit\u00e9.<\/li>\n<li>Le fonctionnement synchronis\u00e9 des disques de coupe assure une longueur de hachage pr\u00e9cise et constante, ce qui est essentiel pour une fermentation correcte et un stockage optimal de l'ensilage.<\/li>\n<li>Gr\u00e2ce \u00e0 une coupe pr\u00e9cise, l'ensilage est mieux adapt\u00e9 \u00e0 la digestion par le b\u00e9tail, ce qui am\u00e9liore la valeur nutritionnelle de l'alimentation.<\/li>\n<\/ul>\n<p><strong>3. Durabilit\u00e9 et long\u00e9vit\u00e9<\/strong><\/p>\n<ul>\n<li>La bo\u00eete de vitesses FMP-QZ115 est construite avec des mat\u00e9riaux durables et une ing\u00e9nierie avanc\u00e9e, garantissant des performances durables m\u00eame dans des environnements agricoles exigeants.<\/li>\n<li>Il est con\u00e7u pour fonctionner efficacement dans des conditions difficiles, notamment en cas de charge \u00e9lev\u00e9e, d'humidit\u00e9 et d'exposition \u00e0 la poussi\u00e8re, sans compromettre sa fiabilit\u00e9.<\/li>\n<li>La construction de haute qualit\u00e9 de la bo\u00eete de vitesses prolonge la dur\u00e9e de vie de la machine, r\u00e9duisant ainsi le besoin de r\u00e9parations et d'entretien fr\u00e9quents.<\/li>\n<\/ul>\n<p><strong>4. Conception compacte et l\u00e9g\u00e8re<\/strong><\/p>\n<ul>\n<li>La bo\u00eete de vitesses FMP-QZ115 est compacte et l\u00e9g\u00e8re, ce qui facilite son int\u00e9gration dans la machine \u00e0 ensiler sans ajouter de poids ou d'encombrement inutiles.<\/li>\n<li>Cela contribue \u00e0 l'agilit\u00e9 et \u00e0 la maniabilit\u00e9 globales de la machine, permettant une meilleure prise en main et r\u00e9duisant la contrainte op\u00e9rationnelle sur le tracteur.<\/li>\n<\/ul>\n<p><strong>5. Besoins de maintenance r\u00e9duits<\/strong><\/p>\n<ul>\n<li>La bo\u00eete de vitesses est con\u00e7ue pour n\u00e9cessiter peu d'entretien, int\u00e9grant des roulements \u00e9tanches et des syst\u00e8mes de lubrification avanc\u00e9s qui r\u00e9duisent l'usure des composants internes.<\/li>\n<li>Cela minimise les temps d'arr\u00eat et r\u00e9duit le co\u00fbt total de possession en diminuant les besoins en maintenance et en service.<\/li>\n<li>Les dispositifs d'autolubrification garantissent que les pi\u00e8ces internes restent correctement lubrifi\u00e9es, ce qui assure un fonctionnement plus fluide et une fiabilit\u00e9 accrue.<\/li>\n<\/ul>\n<p>La bo\u00eete de vitesses de l'ensileuse \u00e0 double disque FMP-QZ115 offre une combinaison exceptionnelle de durabilit\u00e9, de pr\u00e9cision et d'efficacit\u00e9, ce qui en fait un choix id\u00e9al pour les op\u00e9rations d'ensilage modernes. Ses caract\u00e9ristiques avanc\u00e9es am\u00e9liorent la qualit\u00e9 globale de l'ensilage, r\u00e9duisent les co\u00fbts d'entretien et augmentent la dur\u00e9e de vie de la bo\u00eete de vitesses et de la machine, pour un processus de r\u00e9colte plus productif et plus rentable.<\/p>\n<p><img loading=\"lazy\" decoding=\"async\" class=\"alignnone  wp-image-3042\" src=\"https:\/\/fmp-components.com\/wp-content\/uploads\/2025\/01\/Silage-Machine-Gearbox-EP-QZ-QGXRL-for-German-Champion-Four-Disc-Type-3500-Applications-2-1024x641-1.webp\" alt=\"Bo\u00eete de vitesses pour ensileuse EP-QZ-QGXRL pour ensileuse \u00e0 quatre disques Champion type 3500 (Allemagne) - 2 - 1024x641\" width=\"1093\" height=\"684\" title=\"\" srcset=\"https:\/\/fmp-components.com\/wp-content\/uploads\/2025\/01\/Silage-Machine-Gearbox-EP-QZ-QGXRL-for-German-Champion-Four-Disc-Type-3500-Applications-2-1024x641-1.webp 1093w, https:\/\/fmp-components.com\/wp-content\/uploads\/2025\/01\/Silage-Machine-Gearbox-EP-QZ-QGXRL-for-German-Champion-Four-Disc-Type-3500-Applications-2-1024x641-1-980x613.webp 980w, https:\/\/fmp-components.com\/wp-content\/uploads\/2025\/01\/Silage-Machine-Gearbox-EP-QZ-QGXRL-for-German-Champion-Four-Disc-Type-3500-Applications-2-1024x641-1-480x300.webp 480w\" sizes=\"(min-width: 0px) and (max-width: 480px) 480px, (min-width: 481px) and (max-width: 980px) 980px, (min-width: 981px) 1093px, 100vw\" \/><\/p>\n<h2>Applications de la bo\u00eete de vitesses \u00e0 double disque pour ensileuse FMP-QZ115<\/h2>\n<p>La bo\u00eete de vitesses \u00e0 double disque FMP-QZ115 pour ensileuse est sp\u00e9cialement con\u00e7ue pour optimiser les performances et l'efficacit\u00e9 des op\u00e9rations de r\u00e9colte d'ensilage. Sa conception robuste et sa pr\u00e9cision la rendent adapt\u00e9e \u00e0 une large gamme d'applications agricoles. Voici les principales applications de la bo\u00eete de vitesses FMP-QZ115\u00a0:<\/p>\n<p><strong>1. R\u00e9colte de l'ensilage<\/strong><\/p>\n<ul>\n<li>La bo\u00eete de vitesses FMP-QZ115 est principalement utilis\u00e9e dans les ensileuses, o\u00f9 elle actionne les deux disques de coupe qui hachent le fourrage en petits morceaux uniformes. Ces morceaux finement hach\u00e9s sont ensuite transform\u00e9s et stock\u00e9s sous forme d'ensilage.<\/li>\n<li>La bo\u00eete de vitesses assure une transmission efficace de la puissance de la prise de force (PDF) du tracteur aux deux disques de coupe, garantissant ainsi des performances constantes et fiables lors de la r\u00e9colte de l'ensilage.<\/li>\n<\/ul>\n<p><strong>2. Coupe et hachage du fourrage<\/strong><\/p>\n<ul>\n<li>La bo\u00eete de vitesses est un \u00e9l\u00e9ment essentiel des machines qui hachent diverses cultures fourrag\u00e8res, notamment le ma\u00efs, l'herbe, la luzerne et d'autres plantes adapt\u00e9es \u00e0 l'ensilage.<\/li>\n<li>Elle permet une coupe pr\u00e9cise et uniforme, essentielle pour garantir la qualit\u00e9 et la r\u00e9gularit\u00e9 de l'ensilage. L'uniformit\u00e9 de la longueur de coupe am\u00e9liore la fermentation et la valeur nutritionnelle globale de l'ensilage, ce qui en fait un outil indispensable pour la production fourrag\u00e8re, aussi bien \u00e0 petite qu'\u00e0 grande \u00e9chelle.<\/li>\n<\/ul>\n<p><strong>3. Ensileuses multidisques<\/strong><\/p>\n<ul>\n<li>Le FMP-QZ115 est particuli\u00e8rement adapt\u00e9 aux syst\u00e8mes de r\u00e9colte fourrag\u00e8re multidisques, o\u00f9 il alimente simultan\u00e9ment deux disques de coupe. Ceci garantit un fonctionnement synchronis\u00e9, permettant un traitement efficace et uniforme de la r\u00e9colte.<\/li>\n<li>En entra\u00eenant plusieurs disques \u00e0 l'unisson, la bo\u00eete de vitesses am\u00e9liore la pr\u00e9cision de coupe et augmente la productivit\u00e9 de l'ensemble de l'ensileuse.<\/li>\n<\/ul>\n<p><strong>4. Production d'ensilage<\/strong><\/p>\n<ul>\n<li>La bo\u00eete de vitesses peut \u00e9galement \u00eatre utilis\u00e9e dans la production d'ensilage d'herbe, qui est fabriqu\u00e9 en hachant et en stockant de l'herbe ou des l\u00e9gumineuses \u00e0 une teneur en humidit\u00e9 plus \u00e9lev\u00e9e que le foin traditionnel.<\/li>\n<li>Le FMP-QZ115 garantit que le m\u00e9canisme de coupe peut traiter le mat\u00e9riau plus humide g\u00e9n\u00e9ralement associ\u00e9 \u00e0 la production d'ensilage sans sacrifier l'efficacit\u00e9 ni la qualit\u00e9 de coupe.<\/li>\n<\/ul>\n<p><strong>5. Applications agricoles \u00e0 couple \u00e9lev\u00e9<\/strong><\/p>\n<ul>\n<li>Con\u00e7ue pour supporter des couples \u00e9lev\u00e9s, la bo\u00eete de vitesses FMP-QZ115 est id\u00e9ale pour les travaux agricoles intensifs, comme la coupe de cultures denses et fibreuses ou de tiges \u00e9paisses. Sa construction robuste lui permet de traiter des mat\u00e9riaux difficiles tels que les tiges de ma\u00efs matures ou le fourrage ligneux, en fournissant un couple \u00e9lev\u00e9 sans compromettre les performances.<\/li>\n<li>Ses capacit\u00e9s de couple \u00e9lev\u00e9es le rendent adapt\u00e9 \u00e0 une utilisation dans des environnements de r\u00e9colte exigeants o\u00f9 une puissance constante et fiable est essentielle.<\/li>\n<\/ul>\n<p>La bo\u00eete de vitesses \u00e0 double disque FMP-QZ115 pour ensileuse est essentielle pour am\u00e9liorer l'efficacit\u00e9, la fiabilit\u00e9 et la pr\u00e9cision des ensileuses. Son adaptabilit\u00e9 \u00e0 une grande vari\u00e9t\u00e9 de cultures, sa capacit\u00e9 \u00e0 supporter des couples \u00e9lev\u00e9s et sa conception polyvalente en font un composant pr\u00e9cieux pour les exploitations agricoles souhaitant optimiser leur production d'ensilage, quelle que soit leur taille.<\/p>\n<p><img loading=\"lazy\" decoding=\"async\" class=\"alignnone size-full wp-image-3051\" src=\"https:\/\/fmp-components.com\/wp-content\/uploads\/2025\/01\/Double-Disc-Silage-Machine-Gearbox-EP-QZ115-Applications.webp\" alt=\"Bo\u00eete de vitesses pour ensileuse \u00e0 double disque EP-QZ115 - Applications\" width=\"1024\" height=\"576\" title=\"\" srcset=\"https:\/\/fmp-components.com\/wp-content\/uploads\/2025\/01\/Double-Disc-Silage-Machine-Gearbox-EP-QZ115-Applications.webp 1024w, https:\/\/fmp-components.com\/wp-content\/uploads\/2025\/01\/Double-Disc-Silage-Machine-Gearbox-EP-QZ115-Applications-980x551.webp 980w, https:\/\/fmp-components.com\/wp-content\/uploads\/2025\/01\/Double-Disc-Silage-Machine-Gearbox-EP-QZ115-Applications-480x270.webp 480w\" sizes=\"(min-width: 0px) and (max-width: 480px) 480px, (min-width: 481px) and (max-width: 980px) 980px, (min-width: 981px) 1024px, 100vw\" \/><\/p>\n<h3>\u00c0 propos de FMP<\/h3>\n<p>Bas\u00e9e en Italie, FMP est un fabricant de premier plan, reconnu pour son expertise dans la conception, le d\u00e9veloppement et la production de r\u00e9ducteurs haute performance, notamment pour le secteur des machines agricoles. FMP est r\u00e9put\u00e9e pour son ing\u00e9nierie de pr\u00e9cision, ses solutions innovantes et sa fiabilit\u00e9 \u00e0 toute \u00e9preuve, s'imposant comme un partenaire de confiance pour les industries agricoles et industrielles. Notre gamme compl\u00e8te de produits comprend des r\u00e9ducteurs sur mesure pour tondeuses \u00e0 gazon, des arbres de prise de force et un large \u00e9ventail de composants essentiels, tous adapt\u00e9s aux exigences vari\u00e9es des diff\u00e9rentes applications.<\/p>\n<p>Chez FMP, nous savons que chaque client a des d\u00e9fis et des besoins uniques. C'est pourquoi nous nous sp\u00e9cialisons dans la fourniture de solutions sur mesure, qu'il s'agisse de composants individuels ou de syst\u00e8mes enti\u00e8rement int\u00e9gr\u00e9s. En travaillant en \u00e9troite collaboration avec nos clients, nous veillons \u00e0 ce que chaque solution r\u00e9ponde \u00e0 leurs exigences sp\u00e9cifiques, optimise leurs performances et apporte une valeur ajout\u00e9e significative. Notre engagement \u00e0 fournir des r\u00e9ponses rapides et professionnelles ainsi qu'un accompagnement expert garantit un traitement pr\u00e9cis de chaque demande, assurant ainsi les meilleurs r\u00e9sultats \u00e0 chaque fois.<\/p>\n<p>Nous privil\u00e9gions une communication transparente et continue tout au long du processus de d\u00e9veloppement produit. Notre \u00e9quipe exp\u00e9riment\u00e9e travaille en \u00e9troite collaboration avec les clients pour bien comprendre leurs besoins et leur fournir des recommandations pertinentes afin de garantir des r\u00e9sultats optimaux. Qu'il s'agisse de concevoir des produits de pointe ou d'honorer des commandes courantes, FMP s'engage \u00e0 fournir des solutions de haute qualit\u00e9 et d'une grande pr\u00e9cision, toujours dans les d\u00e9lais impartis. Notre mission est de d\u00e9passer les attentes de nos clients en leur offrant un service et des r\u00e9sultats exceptionnels pour chaque projet.<\/p>\n<p>Chez FMP, la qualit\u00e9 est au c\u0153ur de toutes nos activit\u00e9s. Nous respectons les normes de fabrication les plus exigeantes et appliquons des contr\u00f4les qualit\u00e9 rigoureux afin de garantir que chaque produit non seulement r\u00e9ponde aux normes de l'industrie, mais les surpasse. Cet engagement envers l'excellence, associ\u00e9 \u00e0 nos valeurs fondamentales d'int\u00e9grit\u00e9, de travail d'\u00e9quipe et de pers\u00e9v\u00e9rance, nous a permis de tisser des relations solides et de confiance avec des clients dans pr\u00e8s de 30 pays \u00e0 travers le monde.<\/p>\n<p>FMP est toujours d\u00e9sireuse de d\u00e9velopper des partenariats internationaux et s'engage \u00e0 offrir des conseils d'experts et des solutions personnalis\u00e9es r\u00e9pondant aux besoins \u00e9volutifs de ses clients. Nous allons au-del\u00e0 de la simple fourniture de produits\u00a0; nous visons \u00e0 \u00e9tablir des partenariats \u00e0 long terme qui contribuent au succ\u00e8s de chaque projet. Que vous ayez besoin de solutions innovantes pour une nouvelle initiative ou d'un soutien continu pour un syst\u00e8me existant, FMP est pr\u00eate \u00e0 vous aider \u00e0 relever vos d\u00e9fis techniques et \u00e0 assurer votre succ\u00e8s continu.<\/p>\n<p><img loading=\"lazy\" decoding=\"async\" class=\"alignnone wp-image-2695\" src=\"https:\/\/fmp-components.com\/wp-content\/uploads\/2025\/01\/agricultural-gearbox3.webp\" alt=\"bo\u00eete de vitesses agricole\" width=\"953\" height=\"951\" title=\"\" srcset=\"https:\/\/fmp-components.com\/wp-content\/uploads\/2025\/01\/agricultural-gearbox3.webp 953w, https:\/\/fmp-components.com\/wp-content\/uploads\/2025\/01\/agricultural-gearbox3-480x479.webp 480w\" sizes=\"(min-width: 0px) and (max-width: 480px) 480px, (min-width: 481px) 953px, 100vw\" \/><\/p>\n<p>Auteur : CX<\/p>\n<p>&nbsp;<\/p>","protected":false},"excerpt":{"rendered":"<p>Double Disc Silage Machine Gearbox FMP-QZ115 Technical Data Double Disc Silage Machine Gearbox FMP-QZ115 Technical Data i Suitable Rpm input Rpm output Output torque Weight Toothing r\/min r\/min N.m kg Decelerate 1: 1 silage machines, etc 1000 1000 580 35 Gleason Helical Teeth Remark: If you have any special require feel free let me know, [&hellip;]<\/p>","protected":false},"featured_media":3050,"comment_status":"open","ping_status":"closed","template":"","meta":{"_et_pb_use_builder":"","_et_pb_old_content":"","_et_gb_content_width":""},"product_brand":[],"product_cat":[69],"product_tag":[],"class_list":{"0":"post-3047","1":"product","2":"type-product","3":"status-publish","4":"has-post-thumbnail","6":"product_cat-silage-machine-gearbox","8":"first","9":"instock","10":"shipping-taxable","11":"product-type-simple"},"_links":{"self":[{"href":"https:\/\/fmp-components.com\/fr\/wp-json\/wp\/v2\/product\/3047","targetHints":{"allow":["GET"]}}],"collection":[{"href":"https:\/\/fmp-components.com\/fr\/wp-json\/wp\/v2\/product"}],"about":[{"href":"https:\/\/fmp-components.com\/fr\/wp-json\/wp\/v2\/types\/product"}],"replies":[{"embeddable":true,"href":"https:\/\/fmp-components.com\/fr\/wp-json\/wp\/v2\/comments?post=3047"}],"wp:featuredmedia":[{"embeddable":true,"href":"https:\/\/fmp-components.com\/fr\/wp-json\/wp\/v2\/media\/3050"}],"wp:attachment":[{"href":"https:\/\/fmp-components.com\/fr\/wp-json\/wp\/v2\/media?parent=3047"}],"wp:term":[{"taxonomy":"product_brand","embeddable":true,"href":"https:\/\/fmp-components.com\/fr\/wp-json\/wp\/v2\/product_brand?post=3047"},{"taxonomy":"product_cat","embeddable":true,"href":"https:\/\/fmp-components.com\/fr\/wp-json\/wp\/v2\/product_cat?post=3047"},{"taxonomy":"product_tag","embeddable":true,"href":"https:\/\/fmp-components.com\/fr\/wp-json\/wp\/v2\/product_tag?post=3047"}],"curies":[{"name":"wp","href":"https:\/\/api.w.org\/{rel}","templated":true}]}}