{"id":304,"date":"2024-12-09T06:10:04","date_gmt":"2024-12-09T06:10:04","guid":{"rendered":"https:\/\/fmp-components.com\/?page_id=8"},"modified":"2024-12-09T06:44:10","modified_gmt":"2024-12-09T06:44:10","slug":"forklift-lifting-hydraulic-cylinder","status":"publish","type":"product","link":"https:\/\/fmp-components.com\/fr\/product\/forklift-lifting-hydraulic-cylinder\/","title":{"rendered":"V\u00e9rin hydraulique de levage pour chariot \u00e9l\u00e9vateur"},"content":{"rendered":"<p style=\"text-align: center;\"><span style=\"font-size: 24pt;\">V\u00e9rin hydraulique de levage pour chariot \u00e9l\u00e9vateur<\/span><\/p>\n<h2><img loading=\"lazy\" decoding=\"async\" class=\"alignnone wp-image-311\" src=\"https:\/\/fmp-components.com\/wp-content\/uploads\/2024\/12\/Forklift-Lifting-Hydraulic-Cylinder-2.webp\" alt=\"V\u00e9rin hydraulique de levage de chariot \u00e9l\u00e9vateur\" width=\"931\" height=\"931\" title=\"\" srcset=\"https:\/\/fmp-components.com\/wp-content\/uploads\/2024\/12\/Forklift-Lifting-Hydraulic-Cylinder-2.webp 931w, https:\/\/fmp-components.com\/wp-content\/uploads\/2024\/12\/Forklift-Lifting-Hydraulic-Cylinder-2-480x480.webp 480w\" sizes=\"(min-width: 0px) and (max-width: 480px) 480px, (min-width: 481px) 931px, 100vw\" \/><\/h2>\n<h2><strong>Dimensions du v\u00e9rin hydraulique de levage du chariot \u00e9l\u00e9vateur :<\/strong><\/h2>\n<p><img loading=\"lazy\" decoding=\"async\" class=\"alignnone size-full wp-image-306\" src=\"https:\/\/fmp-components.com\/wp-content\/uploads\/2024\/12\/Forklift-Lifting-Hydraulic-Cylinder-Dimensions.webp\" alt=\"Dimensions des v\u00e9rins hydrauliques de levage des chariots \u00e9l\u00e9vateurs\" width=\"1024\" height=\"403\" title=\"\" srcset=\"https:\/\/fmp-components.com\/wp-content\/uploads\/2024\/12\/Forklift-Lifting-Hydraulic-Cylinder-Dimensions.webp 1024w, https:\/\/fmp-components.com\/wp-content\/uploads\/2024\/12\/Forklift-Lifting-Hydraulic-Cylinder-Dimensions-980x386.webp 980w, https:\/\/fmp-components.com\/wp-content\/uploads\/2024\/12\/Forklift-Lifting-Hydraulic-Cylinder-Dimensions-480x189.webp 480w\" sizes=\"(min-width: 0px) and (max-width: 480px) 480px, (min-width: 481px) and (max-width: 980px) 980px, (min-width: 981px) 1024px, 100vw\" \/><\/p>\n<table border=\"1\" cellspacing=\"0\" cellpadding=\"0\">\n<tbody>\n<tr>\n<td width=\"246\">Nom du cylindre<\/td>\n<td width=\"336\">num\u00e9ro de dessin<\/td>\n<td width=\"126\">diam\u00e8tre d&#039;al\u00e9sage (D)<\/td>\n<td width=\"123\">diam\u00e8tre de la tige (d)<\/td>\n<td width=\"114\">accident vasculaire c\u00e9r\u00e9bral (S)<\/td>\n<td width=\"170\">Distance d&#039;installation (L)<\/td>\n<td width=\"172\">pression de travail<\/td>\n<td width=\"366\">Dimensions de l&#039;interface (M)<\/td>\n<td width=\"96\">poids<\/td>\n<\/tr>\n<tr>\n<td class=\"et3\" width=\"246\" height=\"153\">V\u00e9rin de levage<\/td>\n<td class=\"et4\" width=\"336\">N30M300-5\/400000-000<\/td>\n<td class=\"et4\" width=\"126\">\u03a656<\/td>\n<td class=\"et4\" width=\"123\">\u03a645<\/td>\n<td class=\"et4\" width=\"114\">1500<\/td>\n<td class=\"et4\" width=\"170\">1658<\/td>\n<td class=\"et4\" width=\"172\">18,1 MPa<\/td>\n<td class=\"et4\" width=\"366\">G1\/2<\/td>\n<td class=\"et4\" width=\"96\">32,6 kg<\/td>\n<\/tr>\n<tr>\n<td class=\"et3\" width=\"246\" height=\"153\">V\u00e9rin de levage<\/td>\n<td class=\"et4\">A2A30M300-400000-000<\/td>\n<td class=\"et4\">\u03a656<\/td>\n<td class=\"et4\">\u03a645<\/td>\n<td class=\"et4\">1500<\/td>\n<td class=\"et4\">1658<\/td>\n<td class=\"et4\">18,1 MPa<\/td>\n<td class=\"et4\">M22*1,5<\/td>\n<td class=\"et4\">36 kg<\/td>\n<\/tr>\n<tr>\n<td class=\"et3\" width=\"246\" height=\"153\">V\u00e9rin de levage<\/td>\n<td class=\"et4\">3.5N4.5H-400000-003<\/td>\n<td class=\"et4\">\u03a660<\/td>\n<td class=\"et4\">\u03a645<\/td>\n<td class=\"et4\">1505<\/td>\n<td class=\"et4\">1780<\/td>\n<td class=\"et4\">17,5 MPa<\/td>\n<td class=\"et4\">M22*1,5<\/td>\n<td class=\"et4\">41 kg<\/td>\n<\/tr>\n<tr>\n<td class=\"et3\" width=\"246\" height=\"153\">V\u00e9rin de levage<\/td>\n<td class=\"et4\">N35M300-5\/400000-001A<\/td>\n<td class=\"et4\">\u03a660<\/td>\n<td class=\"et4\">\u03a645<\/td>\n<td class=\"et4\">1500<\/td>\n<td class=\"et4\">1808<\/td>\n<td class=\"et4\">18,1 MPa<\/td>\n<td class=\"et4\">G1\/2<\/td>\n<td class=\"et4\">46 kg<\/td>\n<\/tr>\n<tr>\n<td class=\"et3\" width=\"246\" height=\"153\">V\u00e9rin de levage<\/td>\n<td class=\"et4\">A2A35M300-400000-000<\/td>\n<td class=\"et4\">\u03a660<\/td>\n<td class=\"et4\">\u03a645<\/td>\n<td class=\"et4\">1500<\/td>\n<td class=\"et4\">1808<\/td>\n<td class=\"et4\">18,1 MPa<\/td>\n<td class=\"et4\">M22*1,5<\/td>\n<td class=\"et4\">50 kg<\/td>\n<\/tr>\n<\/tbody>\n<\/table>\n<h3>Caract\u00e9ristiques du v\u00e9rin hydraulique de levage pour chariot \u00e9l\u00e9vateur<\/h3>\n<p><strong>Capacit\u00e9 de levage \u00e9lev\u00e9e<\/strong><br \/>\nLe v\u00e9rin hydraulique de levage pour chariot \u00e9l\u00e9vateur est con\u00e7u pour la manutention de charges lourdes et fournit la force n\u00e9cessaire pour soulever des charges importantes. Gr\u00e2ce \u00e0 sa construction robuste et \u00e0 son syst\u00e8me hydraulique haute pression, il assure un levage fluide et efficace des marchandises, des palettes et des \u00e9quipements. La r\u00e9sistance du v\u00e9rin est essentielle pour les chariots \u00e9l\u00e9vateurs utilis\u00e9s dans les entrep\u00f4ts, les centres de distribution et les usines de fabrication, o\u00f9 la capacit\u00e9 de levage est essentielle pour manipuler des objets volumineux et encombrants en toute s\u00e9curit\u00e9 et efficacit\u00e9.<\/p>\n<p><strong>Durabilit\u00e9 et fiabilit\u00e9<\/strong><br \/>\nLes v\u00e9rins hydrauliques de levage pour chariots \u00e9l\u00e9vateurs sont con\u00e7us pour r\u00e9sister aux conditions de travail les plus difficiles, notamment aux cycles de travail intensifs et aux conditions environnementales extr\u00eames. Fabriqu\u00e9s \u00e0 partir de mat\u00e9riaux de haute qualit\u00e9, ils r\u00e9sistent \u00e0 l'usure, \u00e0 la corrosion et aux dommages caus\u00e9s par une utilisation fr\u00e9quente. Leur fiabilit\u00e9 garantit un fonctionnement optimal du chariot \u00e9l\u00e9vateur, essentiel au maintien de sa productivit\u00e9 dans des environnements dynamiques. Un entretien et des inspections r\u00e9guliers garantissent un fonctionnement optimal de ces v\u00e9rins, augmentant ainsi leur long\u00e9vit\u00e9.<\/p>\n<p><strong>Fonctionnement fluide et pr\u00e9cis<\/strong><br \/>\nLe v\u00e9rin hydraulique de levage du chariot \u00e9l\u00e9vateur assure des op\u00e9rations de levage et de descente fluides et pr\u00e9cises. Le syst\u00e8me hydraulique assure un mouvement contr\u00f4l\u00e9 et progressif, r\u00e9duisant ainsi les risques de saccades ou de d\u00e9placements brusques susceptibles d'endommager la charge ou de compromettre la s\u00e9curit\u00e9. Ce contr\u00f4le pr\u00e9cis am\u00e9liore la confiance et l'efficacit\u00e9 de l'op\u00e9rateur, qui peut lever et positionner les charges avec pr\u00e9cision, m\u00eame dans les situations confin\u00e9es ou \u00e0 risques \u00e9lev\u00e9s. Il en r\u00e9sulte des op\u00e9rations de levage plus s\u00fbres et plus efficaces, qui optimisent les performances globales du chariot \u00e9l\u00e9vateur.<\/p>\n<h3><img loading=\"lazy\" decoding=\"async\" class=\"alignnone size-full wp-image-310\" src=\"https:\/\/fmp-components.com\/wp-content\/uploads\/2024\/12\/Forklift-Lifting-Hydraulic-Cylinder-1.webp\" alt=\"V\u00e9rin hydraulique de levage de chariot \u00e9l\u00e9vateur\" width=\"1280\" height=\"720\" title=\"\" srcset=\"https:\/\/fmp-components.com\/wp-content\/uploads\/2024\/12\/Forklift-Lifting-Hydraulic-Cylinder-1.webp 1280w, https:\/\/fmp-components.com\/wp-content\/uploads\/2024\/12\/Forklift-Lifting-Hydraulic-Cylinder-1-980x551.webp 980w, https:\/\/fmp-components.com\/wp-content\/uploads\/2024\/12\/Forklift-Lifting-Hydraulic-Cylinder-1-480x270.webp 480w\" sizes=\"(min-width: 0px) and (max-width: 480px) 480px, (min-width: 481px) and (max-width: 980px) 980px, (min-width: 981px) 1280px, 100vw\" \/><\/h3>\n<h3>\u00c0 propos de FMP<\/h3>\n<p>FMP est un fabricant sp\u00e9cialis\u00e9 de v\u00e9rins hydrauliques, fortement ax\u00e9 sur la recherche et la production. Depuis sa cr\u00e9ation, l&#039;entreprise s&#039;est constamment concentr\u00e9e sur le d\u00e9veloppement de v\u00e9rins hydrauliques, passant de la production de produits vari\u00e9s, tels que des engins de r\u00e9colte et de construction, \u00e0 la sp\u00e9cialisation dans les composants pour tracteurs agricoles. Forte de plus de dix ans d&#039;expertise en fabrication, d&#039;une exp\u00e9rience en gestion et d&#039;une technologie de production de pointe, FMP garantit la plus haute qualit\u00e9 de ses produits.<\/p>\n<p>Au fil de son d\u00e9veloppement professionnel, l&#039;entreprise a mis en place une ligne compl\u00e8te de production d&#039;usinage, une ligne d&#039;assemblage et une ligne de rev\u00eatement. FMP s&#039;appuie sur une \u00e9quipe d\u00e9di\u00e9e compos\u00e9e de cadres exp\u00e9riment\u00e9s, de concepteurs m\u00e9caniques qualifi\u00e9s et de techniciens hautement qualifi\u00e9s. Cela garantit une qualit\u00e9 de produit stable, tout en contr\u00f4lant efficacement la continuit\u00e9 des processus et l&#039;efficacit\u00e9 globale de la production.<\/p>\n<p>FMP adh\u00e8re aux valeurs fondamentales suivantes\u00a0: \u00ab\u00a0L&#039;innovation technologique au service du progr\u00e8s, la qualit\u00e9 au service des marques, le savoir-faire au service de la qualit\u00e9 et l&#039;\u00e9tablissement de relations gagnant-gagnant durables.\u00a0\u00bb L&#039;entreprise s&#039;engage \u00e0 fournir des produits de haute qualit\u00e9 et un service client irr\u00e9prochable, s&#039;effor\u00e7ant constamment de r\u00e9pondre aux besoins changeants du march\u00e9.<\/p>\n<p><img loading=\"lazy\" decoding=\"async\" class=\"alignnone wp-image-303\" src=\"https:\/\/fmp-components.com\/wp-content\/uploads\/2024\/12\/hydraulic-cylinder-factory-11_1.webp\" alt=\"usine de v\u00e9rins hydrauliques\" width=\"917\" height=\"1003\" title=\"\" srcset=\"https:\/\/fmp-components.com\/wp-content\/uploads\/2024\/12\/hydraulic-cylinder-factory-11_1.webp 917w, https:\/\/fmp-components.com\/wp-content\/uploads\/2024\/12\/hydraulic-cylinder-factory-11_1-480x525.webp 480w\" sizes=\"(min-width: 0px) and (max-width: 480px) 480px, (min-width: 481px) 917px, 100vw\" \/><\/p>\n<table style=\"width: 100%;\" border=\"1\" width=\"100%\" cellspacing=\"0\" cellpadding=\"0\">\n<tbody>\n<tr>\n<td style=\"width: 41.9294%;\" width=\"226\"><img loading=\"lazy\" decoding=\"async\" class=\"alignnone size-full wp-image-309\" src=\"https:\/\/fmp-components.com\/wp-content\/uploads\/2024\/12\/Forklift-Tilt-Hydraulic-Cylinder.webp\" alt=\"V\u00e9rin hydraulique d&#039;inclinaison de chariot \u00e9l\u00e9vateur\" width=\"1000\" height=\"750\" title=\"\" srcset=\"https:\/\/fmp-components.com\/wp-content\/uploads\/2024\/12\/Forklift-Tilt-Hydraulic-Cylinder.webp 1000w, https:\/\/fmp-components.com\/wp-content\/uploads\/2024\/12\/Forklift-Tilt-Hydraulic-Cylinder-980x735.webp 980w, https:\/\/fmp-components.com\/wp-content\/uploads\/2024\/12\/Forklift-Tilt-Hydraulic-Cylinder-480x360.webp 480w\" sizes=\"(min-width: 0px) and (max-width: 480px) 480px, (min-width: 481px) and (max-width: 980px) 980px, (min-width: 981px) 1000px, 100vw\" \/><\/td>\n<td style=\"width: 55.6484%;\" width=\"64\"><img loading=\"lazy\" decoding=\"async\" class=\"alignnone wp-image-283\" src=\"https:\/\/fmp-components.com\/wp-content\/uploads\/2024\/12\/hydraulic-cylinder-factory-5.webp\" alt=\"usine de v\u00e9rins hydrauliques\" width=\"542\" height=\"312\" title=\"\"><\/td>\n<\/tr>\n<\/tbody>\n<\/table>\n<p>Auteur : CX<\/p>","protected":false},"excerpt":{"rendered":"<p>Le v\u00e9rin hydraulique de levage d'un chariot \u00e9l\u00e9vateur fournit la puissance de levage verticale n\u00e9cessaire \u00e0 la mont\u00e9e et \u00e0 la descente de charges lourdes. Ce v\u00e9rin utilise la pression hydraulique pour soulever le m\u00e2t et les accessoires du chariot, permettant ainsi aux op\u00e9rateurs de manipuler et de d\u00e9placer efficacement palettes, conteneurs et autres mat\u00e9riaux. Con\u00e7u pour r\u00e9sister aux pressions \u00e9lev\u00e9es et aux op\u00e9rations intensives, le v\u00e9rin hydraulique de levage assure des mouvements de levage fluides et contr\u00f4l\u00e9s, tout en maintenant la stabilit\u00e9 et la s\u00e9curit\u00e9, m\u00eame lors de la manutention d'objets volumineux ou encombrants. Sa construction robuste en fait un composant essentiel pour les chariots \u00e9l\u00e9vateurs utilis\u00e9s dans les entrep\u00f4ts, les centres de distribution et autres environnements industriels, o\u00f9 un levage fiable et puissant est essentiel \u00e0 la productivit\u00e9.<\/p>","protected":false},"featured_media":311,"comment_status":"open","ping_status":"closed","template":"","meta":{"_et_pb_use_builder":"","_et_pb_old_content":"","_et_gb_content_width":""},"product_brand":[],"product_cat":[20],"product_tag":[],"class_list":{"0":"post-304","1":"product","2":"type-product","3":"status-publish","4":"has-post-thumbnail","6":"product_cat-forklift-hydraulic-cylinders","8":"first","9":"instock","10":"shipping-taxable","11":"product-type-simple"},"_links":{"self":[{"href":"https:\/\/fmp-components.com\/fr\/wp-json\/wp\/v2\/product\/304","targetHints":{"allow":["GET"]}}],"collection":[{"href":"https:\/\/fmp-components.com\/fr\/wp-json\/wp\/v2\/product"}],"about":[{"href":"https:\/\/fmp-components.com\/fr\/wp-json\/wp\/v2\/types\/product"}],"replies":[{"embeddable":true,"href":"https:\/\/fmp-components.com\/fr\/wp-json\/wp\/v2\/comments?post=304"}],"wp:featuredmedia":[{"embeddable":true,"href":"https:\/\/fmp-components.com\/fr\/wp-json\/wp\/v2\/media\/311"}],"wp:attachment":[{"href":"https:\/\/fmp-components.com\/fr\/wp-json\/wp\/v2\/media?parent=304"}],"wp:term":[{"taxonomy":"product_brand","embeddable":true,"href":"https:\/\/fmp-components.com\/fr\/wp-json\/wp\/v2\/product_brand?post=304"},{"taxonomy":"product_cat","embeddable":true,"href":"https:\/\/fmp-components.com\/fr\/wp-json\/wp\/v2\/product_cat?post=304"},{"taxonomy":"product_tag","embeddable":true,"href":"https:\/\/fmp-components.com\/fr\/wp-json\/wp\/v2\/product_tag?post=304"}],"curies":[{"name":"wp","href":"https:\/\/api.w.org\/{rel}","templated":true}]}}