{"id":3036,"date":"2025-01-04T06:44:35","date_gmt":"2025-01-04T06:44:35","guid":{"rendered":"https:\/\/fmp-components.com\/?page_id=8"},"modified":"2025-01-04T06:58:59","modified_gmt":"2025-01-04T06:58:59","slug":"silage-machine-gearbox-fmp-qz-wrxr-for-german-champion-four-disc-type-3500","status":"publish","type":"product","link":"https:\/\/fmp-components.com\/fr\/product\/silage-machine-gearbox-fmp-qz-wrxr-for-german-champion-four-disc-type-3500\/","title":{"rendered":"R\u00e9ducteur d'ensileuse FMP-QZ-WRXR pour Champion allemand \u00e0 quatre disques (type 3500)"},"content":{"rendered":"<h2>Dimensions de la bo\u00eete de vitesses de la machine d'ensilage FMP-QZ-WRXR<\/h2>\n<p><img loading=\"lazy\" decoding=\"async\" class=\"alignnone size-full wp-image-3039\" src=\"https:\/\/fmp-components.com\/wp-content\/uploads\/2025\/01\/Silage-Machine-Gearbox-EP-QZ-WRXR-Dimensions-1.webp\" alt=\"Ensileuse-Bo\u00eete-de-vitesses-EP-QZ-WRXR-Dimensions-1\" width=\"1332\" height=\"626\" title=\"\" srcset=\"https:\/\/fmp-components.com\/wp-content\/uploads\/2025\/01\/Silage-Machine-Gearbox-EP-QZ-WRXR-Dimensions-1.webp 1332w, https:\/\/fmp-components.com\/wp-content\/uploads\/2025\/01\/Silage-Machine-Gearbox-EP-QZ-WRXR-Dimensions-1-1280x602.webp 1280w, https:\/\/fmp-components.com\/wp-content\/uploads\/2025\/01\/Silage-Machine-Gearbox-EP-QZ-WRXR-Dimensions-1-980x461.webp 980w, https:\/\/fmp-components.com\/wp-content\/uploads\/2025\/01\/Silage-Machine-Gearbox-EP-QZ-WRXR-Dimensions-1-480x226.webp 480w\" sizes=\"(min-width: 0px) and (max-width: 480px) 480px, (min-width: 481px) and (max-width: 980px) 980px, (min-width: 981px) and (max-width: 1280px) 1280px, (min-width: 1281px) 1332px, 100vw\" \/><\/p>\n<p><img loading=\"lazy\" decoding=\"async\" class=\"alignnone size-full wp-image-3038\" src=\"https:\/\/fmp-components.com\/wp-content\/uploads\/2025\/01\/Silage-Machine-Gearbox-EP-QZ-WRXR-Dimensions-2.webp\" alt=\"Ensileuse-Bo\u00eete-de-vitesses-EP-QZ-WRXR-Dimensions-2\" width=\"1332\" height=\"569\" title=\"\" srcset=\"https:\/\/fmp-components.com\/wp-content\/uploads\/2025\/01\/Silage-Machine-Gearbox-EP-QZ-WRXR-Dimensions-2.webp 1332w, https:\/\/fmp-components.com\/wp-content\/uploads\/2025\/01\/Silage-Machine-Gearbox-EP-QZ-WRXR-Dimensions-2-1280x547.webp 1280w, https:\/\/fmp-components.com\/wp-content\/uploads\/2025\/01\/Silage-Machine-Gearbox-EP-QZ-WRXR-Dimensions-2-980x419.webp 980w, https:\/\/fmp-components.com\/wp-content\/uploads\/2025\/01\/Silage-Machine-Gearbox-EP-QZ-WRXR-Dimensions-2-480x205.webp 480w\" sizes=\"(min-width: 0px) and (max-width: 480px) 480px, (min-width: 481px) and (max-width: 980px) 980px, (min-width: 981px) and (max-width: 1280px) 1280px, (min-width: 1281px) 1332px, 100vw\" \/><\/p>\n<h2>Donn\u00e9es techniques de la bo\u00eete de vitesses FMP-QZ-WRXR<\/h2>\n<table style=\"width: 94.2519%; height: 94px;\" border=\"1\" cellspacing=\"0\" cellpadding=\"0\">\n<tbody>\n<tr>\n<td>Nom<\/td>\n<td>Appropri\u00e9<\/td>\n<td>Tourner<\/td>\n<td>s\u00e9rie d'en-t\u00eates<\/td>\n<td>Dentition<\/td>\n<\/tr>\n<tr>\n<td>Bo\u00eete d'alimentation<\/td>\n<td>machines d'ensilage<\/td>\n<td>dextrorotation<\/td>\n<td>S\u00e9rie 3<\/td>\n<td>Dents h\u00e9lico\u00efdales de Gleason<\/td>\n<\/tr>\n<tr>\n<td colspan=\"5\">Remarque : si vous avez des exigences particuli\u00e8res, n'h\u00e9sitez pas \u00e0 me le faire savoir, nous acceptons \u00e9galement les personnalisations.<\/td>\n<\/tr>\n<\/tbody>\n<\/table>\n<h2>Caract\u00e9ristiques de la bo\u00eete de vitesses EP-QZ-WRXR pour machine \u00e0 ensilage Champion allemande \u00e0 quatre disques (type 3500)<\/h2>\n<p>Le r\u00e9ducteur FMP-QZ-WRXR pour ensileuse Champion d'Allemagne \u00e0 quatre disques (type 3500) est con\u00e7u pour offrir des performances et une fiabilit\u00e9 sup\u00e9rieures lors des op\u00e9rations de r\u00e9colte d'ensilage et de transformation du fourrage. Voici ses principales caract\u00e9ristiques\u00a0:<\/p>\n<h3>1. Capacit\u00e9 de couple \u00e9lev\u00e9e<\/h3>\n<ul>\n<li>Le r\u00e9ducteur FMP-QZ-WRXR est con\u00e7u pour supporter des exigences de couple \u00e9lev\u00e9es, garantissant un fonctionnement fluide m\u00eame sous forte charge. Cette caract\u00e9ristique est essentielle pour les machines d'ensilage, qui doivent hacher des fourrages denses et fibreux sans compromettre les performances.<\/li>\n<\/ul>\n<h3>2. Ing\u00e9nierie de pr\u00e9cision pour la fiabilit\u00e9<\/h3>\n<ul>\n<li>Fabriqu\u00e9 avec une ing\u00e9nierie de pr\u00e9cision, le r\u00e9ducteur assure la parfaite harmonie de chaque composant, pour des performances et une fiabilit\u00e9 constantes. Ce niveau d'ing\u00e9nierie minimise l'usure, prolongeant ainsi la dur\u00e9e de vie du r\u00e9ducteur et r\u00e9duisant les co\u00fbts de maintenance.<\/li>\n<\/ul>\n<h3>3. Transmission d'\u00e9nergie efficace<\/h3>\n<ul>\n<li>La bo\u00eete de vitesses est optimis\u00e9e pour une transmission efficace de la puissance de la prise de force du tracteur aux disques de coupe. Elle garantit que l'\u00e9nergie g\u00e9n\u00e9r\u00e9e par la prise de force est convertie efficacement en mouvement de rotation n\u00e9cessaire au fonctionnement du m\u00e9canisme de coupe de l'ensileuse, am\u00e9liorant ainsi l'efficacit\u00e9 op\u00e9rationnelle globale.<\/li>\n<\/ul>\n<h3>4. R\u00e9duction de la vitesse et amplification du couple<\/h3>\n<ul>\n<li>Con\u00e7ue pour r\u00e9duire la vitesse d'entr\u00e9e et amplifier le couple, la bo\u00eete de vitesses assure un r\u00e9gime optimal des disques de coupe pour le hachage des cultures fourrag\u00e8res. En r\u00e9duisant la vitesse de rotation \u00e9lev\u00e9e de la prise de force du tracteur, la bo\u00eete de vitesses permet \u00e0 la machine de fonctionner aux r\u00e9gimes r\u00e9duits n\u00e9cessaires \u00e0 un hachage efficace, tout en conservant la puissance n\u00e9cessaire pour supporter des charges lourdes.<\/li>\n<\/ul>\n<h3>5. Conception compacte et robuste<\/h3>\n<ul>\n<li>La conception compacte et robuste du r\u00e9ducteur FMP-QZ-WRXR le rend adapt\u00e9 aux environnements agricoles difficiles. Sa construction robuste lui permet de r\u00e9sister aux contraintes physiques d'une utilisation continue dans des conditions de terrain exigeantes, offrant durabilit\u00e9 et fiabilit\u00e9 \u00e0 long terme.<\/li>\n<\/ul>\n<p>Le r\u00e9ducteur d'ensileuse FMP-QZ-WRXR pour la Championne allemande \u00e0 quatre disques (type 3500) allie hautes performances, durabilit\u00e9 et adaptabilit\u00e9, ce qui en fait un composant essentiel des \u00e9quipements modernes de r\u00e9colte d'ensilage et de fourrage. Il garantit des performances optimales dans les exploitations agricoles exigeantes, tout en offrant flexibilit\u00e9, fiabilit\u00e9 et efficacit\u00e9.<\/p>\n<p><img loading=\"lazy\" decoding=\"async\" class=\"alignnone size-full wp-image-2971\" src=\"https:\/\/fmp-components.com\/wp-content\/uploads\/2025\/01\/Silage-Machine-Gearbox-EP-QZ-WRXL-for-German-Champion-Four-Disc-Type-3500.webp\" alt=\"Bo\u00eete de vitesses EP-QZ-WRXL pour ensileuse de type quatre disques Champion d&#039;Allemagne 3500\" width=\"1024\" height=\"607\" title=\"\" srcset=\"https:\/\/fmp-components.com\/wp-content\/uploads\/2025\/01\/Silage-Machine-Gearbox-EP-QZ-WRXL-for-German-Champion-Four-Disc-Type-3500.webp 1024w, https:\/\/fmp-components.com\/wp-content\/uploads\/2025\/01\/Silage-Machine-Gearbox-EP-QZ-WRXL-for-German-Champion-Four-Disc-Type-3500-980x581.webp 980w, https:\/\/fmp-components.com\/wp-content\/uploads\/2025\/01\/Silage-Machine-Gearbox-EP-QZ-WRXL-for-German-Champion-Four-Disc-Type-3500-480x285.webp 480w\" sizes=\"(min-width: 0px) and (max-width: 480px) 480px, (min-width: 481px) and (max-width: 980px) 980px, (min-width: 981px) 1024px, 100vw\" \/><\/p>\n<h2>Applications de la bo\u00eete de vitesses FMP-QZ-WRXR pour machine \u00e0 ensilage Champion allemande \u00e0 quatre disques (type 3500)<\/h2>\n<p>Le r\u00e9ducteur FMP-QZ-WRXR pour ensileuse Champion d'Allemagne \u00e0 quatre disques (type 3500) est un composant hautes performances et de pr\u00e9cision, sp\u00e9cialement con\u00e7u pour les machines agricoles utilis\u00e9es pour la r\u00e9colte de l'ensilage et la transformation du fourrage. Voici les principales applications de ce r\u00e9ducteur\u00a0:<\/p>\n<h3>1. R\u00e9colte et traitement de l'ensilage<\/h3>\n<ul>\n<li>Application principale\u00a0: Le r\u00e9ducteur FMP-QZ-WRXR est principalement utilis\u00e9 dans les ensileuses, o\u00f9 il entra\u00eene les disques de coupe pour le hachage et la transformation des fourrages. En transf\u00e9rant efficacement la puissance de l'arbre de prise de force aux disques de coupe, le r\u00e9ducteur permet \u00e0 la machine de r\u00e9colter diverses cultures fourrag\u00e8res, telles que le ma\u00efs, l'herbe, la luzerne et le sorgho, en un mat\u00e9riau finement hach\u00e9, id\u00e9al pour le stockage de l'ensilage.<\/li>\n<li>Types de cultures : La bo\u00eete de vitesses prend en charge la r\u00e9colte des cultures \u00e0 forte teneur en humidit\u00e9 (comme le ma\u00efs) et des cultures plus s\u00e8ches (comme les gramin\u00e9es et les l\u00e9gumineuses), garantissant des performances optimales sur diff\u00e9rents types de cultures.<\/li>\n<\/ul>\n<h3>2. Coupe et hachage du fourrage<\/h3>\n<ul>\n<li>Le r\u00e9ducteur entra\u00eene les disques de coupe qui hachent et d\u00e9chiquettent le fourrage r\u00e9colt\u00e9. La pr\u00e9cision de la conception du FMP-QZ-WRXR garantit un fonctionnement optimal des disques \u00e0 vitesse et couple optimaux, assurant des longueurs de coupe uniformes, essentielles \u00e0 une bonne fermentation pendant le stockage de l'ensilage.<\/li>\n<li>Coupe uniforme : elle assure une coupe uniforme des mati\u00e8res v\u00e9g\u00e9tales, am\u00e9liorant ainsi le processus de fermentation et la qualit\u00e9 des aliments, ce qui est essentiel pour la nutrition du b\u00e9tail.<\/li>\n<\/ul>\n<h3>3. Production d'ensilage et de fourrage \u00e0 haute teneur en humidit\u00e9<\/h3>\n<ul>\n<li>Tout comme pour la r\u00e9colte d'ensilage, le r\u00e9ducteur FMP-QZ-WRXR peut \u00eatre utilis\u00e9 dans la production d'ensilage, o\u00f9 il alimente des machines qui hachent et traitent le fourrage humide pour le stockage. La capacit\u00e9 du r\u00e9ducteur \u00e0 supporter des applications \u00e0 couple \u00e9lev\u00e9 est essentielle dans ces conditions pour maintenir des performances constantes lors du traitement de mat\u00e9riaux plus humides et plus denses.<\/li>\n<li>Maintien de la teneur en humidit\u00e9 : la bo\u00eete de vitesses permet aux machines de fonctionner efficacement sans perdre la teneur en humidit\u00e9, ce qui est essentiel pour produire un ensilage de haute qualit\u00e9.<\/li>\n<\/ul>\n<h3>4. Ensilage d'herbe et de l\u00e9gumineuses<\/h3>\n<ul>\n<li>La bo\u00eete de vitesses est tr\u00e8s efficace pour traiter l'ensilage d'herbe (comme le ray-grass, la fl\u00e9ole des pr\u00e9s et le tr\u00e8fle) et l'ensilage de l\u00e9gumineuses, essentiels \u00e0 l'alimentation des bovins laitiers et de boucherie. Sa capacit\u00e9 \u00e0 traiter une large gamme de mati\u00e8res v\u00e9g\u00e9tales et \u00e0 assurer un hachage homog\u00e8ne est essentielle pour produire un ensilage de haute qualit\u00e9, \u00e0 la valeur nutritionnelle am\u00e9lior\u00e9e pour le b\u00e9tail.<\/li>\n<li>Optimisation de la qualit\u00e9 des aliments : En facilitant un hachage pr\u00e9cis, il garantit que l'ensilage est correctement pr\u00e9par\u00e9 pour la fermentation, am\u00e9liorant ainsi sa digestibilit\u00e9 et sa valeur nutritionnelle.<\/li>\n<\/ul>\n<h3>5. Agriculture commerciale \u00e0 haut volume<\/h3>\n<ul>\n<li>Le r\u00e9ducteur FMP-QZ-WRXR est id\u00e9al pour la r\u00e9colte d'ensilage \u00e0 grande \u00e9chelle dans les exploitations agricoles commerciales. Capable de traiter d'importants volumes de fourrage, il est un \u00e9l\u00e9ment essentiel du fonctionnement des grandes moissonneuses automotrices ou des d\u00e9sileuses tract\u00e9es. Sa conception robuste garantit une fiabilit\u00e9 optimale dans les conditions d'utilisation intensive et continue, typiques des grandes exploitations agricoles.<\/li>\n<li>Durabilit\u00e9 dans les op\u00e9rations intensives : la capacit\u00e9 de la bo\u00eete de vitesses \u00e0 transmettre un couple \u00e9lev\u00e9 sans compromettre les performances la rend parfaite pour les op\u00e9rations agricoles intensives, am\u00e9liorant l'efficacit\u00e9 et r\u00e9duisant les temps d'arr\u00eat.<\/li>\n<\/ul>\n<p>En r\u00e9sum\u00e9, le r\u00e9ducteur FMP-QZ-WRXR est un composant robuste, polyvalent et hautement performant pour machines agricoles, sp\u00e9cialement con\u00e7u pour optimiser la r\u00e9colte et la transformation de l'ensilage. Il assure un fonctionnement fluide dans des conditions exigeantes, am\u00e9liore la qualit\u00e9 des aliments et accompagne les exploitations agricoles \u00e0 grande \u00e9chelle.<\/p>\n<p><img loading=\"lazy\" decoding=\"async\" class=\"alignnone size-full wp-image-2972\" src=\"https:\/\/fmp-components.com\/wp-content\/uploads\/2025\/01\/Silage-Machine-Gearbox-for-German-Champion-Four-Disc-Type-3500-Working-Principle-scaled.webp\" alt=\"Bo\u00eete de vitesses pour ensileuse Championne d&#039;Allemagne, type 3500, quatre disques, principe de fonctionnement\" width=\"2560\" height=\"1212\" title=\"\" srcset=\"https:\/\/fmp-components.com\/wp-content\/uploads\/2025\/01\/Silage-Machine-Gearbox-for-German-Champion-Four-Disc-Type-3500-Working-Principle-scaled.webp 2560w, https:\/\/fmp-components.com\/wp-content\/uploads\/2025\/01\/Silage-Machine-Gearbox-for-German-Champion-Four-Disc-Type-3500-Working-Principle-1280x606.webp 1280w, https:\/\/fmp-components.com\/wp-content\/uploads\/2025\/01\/Silage-Machine-Gearbox-for-German-Champion-Four-Disc-Type-3500-Working-Principle-980x464.webp 980w, https:\/\/fmp-components.com\/wp-content\/uploads\/2025\/01\/Silage-Machine-Gearbox-for-German-Champion-Four-Disc-Type-3500-Working-Principle-480x227.webp 480w\" sizes=\"(min-width: 0px) and (max-width: 480px) 480px, (min-width: 481px) and (max-width: 980px) 980px, (min-width: 981px) and (max-width: 1280px) 1280px, (min-width: 1281px) 2560px, 100vw\" \/><\/p>\n<h2>\u00c0 propos de FMP<\/h2>\n<p>Bas\u00e9 en Italie, FMP est un fabricant leader reconnu pour son expertise dans la conception, le d\u00e9veloppement et la production de bo\u00eetes de vitesses hautes performances, plus particuli\u00e8rement pour le secteur des machines agricoles. Reconnu pour son ing\u00e9nierie de pr\u00e9cision, ses solutions innovantes et sa fiabilit\u00e9 \u00e0 toute \u00e9preuve, FMP s'est forg\u00e9 une r\u00e9putation de partenaire de confiance pour les secteurs agricole et industriel. Notre vaste gamme de produits comprend des bo\u00eetes de vitesses sur mesure pour tondeuses \u00e0 gazon, des arbres de prise de force et d'autres composants essentiels, tous con\u00e7us pour r\u00e9pondre aux besoins vari\u00e9s d'un large \u00e9ventail d'applications.<\/p>\n<p>Chez FMP, nous comprenons que chaque client a des d\u00e9fis et des exigences uniques. C'est pourquoi nous nous sp\u00e9cialisons dans la fourniture de solutions sur mesure, qu'il s'agisse de composants individuels ou de syst\u00e8mes enti\u00e8rement int\u00e9gr\u00e9s. En travaillant en \u00e9troite collaboration avec nos clients, nous garantissons que chaque solution r\u00e9ponde non seulement \u00e0 leurs besoins sp\u00e9cifiques, mais optimise \u00e9galement leurs performances et leur valeur. Notre engagement \u00e0 fournir des r\u00e9ponses rapides et professionnelles, ainsi que des conseils d'experts, garantit que chaque demande est trait\u00e9e avec le plus grand soin et la plus grande pr\u00e9cision, pour des r\u00e9sultats optimaux \u00e0 chaque fois.<\/p>\n<p>Nous privil\u00e9gions une communication transparente et continue tout au long du cycle de d\u00e9veloppement produit. Notre \u00e9quipe d\u00e9di\u00e9e travaille en \u00e9troite collaboration avec nos clients afin de comprendre pleinement leurs besoins sp\u00e9cifiques et de leur proposer des recommandations judicieuses pour garantir les meilleurs r\u00e9sultats possibles. Qu'il s'agisse de concevoir des produits innovants ou d'ex\u00e9cuter des commandes en cours, FMP s'engage \u00e0 fournir des solutions de haute qualit\u00e9, con\u00e7ues avec pr\u00e9cision et dans les d\u00e9lais impartis. Notre objectif est de toujours d\u00e9passer les attentes de nos clients, en offrant un service et des r\u00e9sultats exceptionnels pour chaque projet.<\/p>\n<p>La qualit\u00e9 est au c\u0153ur des activit\u00e9s de FMP. Nous adh\u00e9rons aux normes de fabrication les plus strictes et mettons en \u0153uvre des contr\u00f4les qualit\u00e9 rigoureux pour garantir que chaque produit respecte et d\u00e9passe les normes du secteur. Cette volont\u00e9 d'excellence, alli\u00e9e \u00e0 nos valeurs fondamentales d'int\u00e9grit\u00e9, d'esprit d'\u00e9quipe et de pers\u00e9v\u00e9rance, nous a permis de b\u00e2tir des relations de confiance durables avec des clients r\u00e9partis dans pr\u00e8s de 30 pays.<\/p>\n<p>FMP est toujours d\u00e9sireux de nouer des partenariats internationaux et s'engage \u00e0 offrir des conseils d'experts et des solutions personnalis\u00e9es qui r\u00e9pondent aux besoins \u00e9volutifs de ses clients. Au-del\u00e0 de la simple fourniture de produits, nous visons \u00e0 \u00e9tablir des relations durables qui contribuent \u00e0 la r\u00e9ussite de chaque projet. Que vous ayez besoin de solutions innovantes pour une nouvelle entreprise ou d'un support continu pour un syst\u00e8me existant, FMP est pr\u00eat \u00e0 relever vos d\u00e9fis techniques et \u00e0 assurer votre r\u00e9ussite durable.<\/p>\n<p><img loading=\"lazy\" decoding=\"async\" class=\"alignnone wp-image-2695\" src=\"https:\/\/fmp-components.com\/wp-content\/uploads\/2025\/01\/agricultural-gearbox3.webp\" alt=\"bo\u00eete de vitesses agricole\" width=\"953\" height=\"951\" title=\"\" srcset=\"https:\/\/fmp-components.com\/wp-content\/uploads\/2025\/01\/agricultural-gearbox3.webp 953w, https:\/\/fmp-components.com\/wp-content\/uploads\/2025\/01\/agricultural-gearbox3-480x479.webp 480w\" sizes=\"(min-width: 0px) and (max-width: 480px) 480px, (min-width: 481px) 953px, 100vw\" \/><\/p>\n<p>Auteur : CX<\/p>","protected":false},"excerpt":{"rendered":"<p>Silage Machine Gearbox FMP-QZ-WRXR Dimensions Silage Machine Gearbox FMP-QZ-WRXR Technical Data Name Suitable Turn header series Toothing Feeding box silage machines dextrorotation 3 series Gleason Helical Teeth Remark: If you have any special require feel free let me know, we also accept custom. Features of Silage Machine Gearbox EP-QZ-WRXR for German Champion Four Disc (Type [&hellip;]<\/p>","protected":false},"featured_media":3037,"comment_status":"open","ping_status":"closed","template":"","meta":{"_et_pb_use_builder":"","_et_pb_old_content":"","_et_gb_content_width":""},"product_brand":[],"product_cat":[69],"product_tag":[],"class_list":{"0":"post-3036","1":"product","2":"type-product","3":"status-publish","4":"has-post-thumbnail","6":"product_cat-silage-machine-gearbox","8":"first","9":"instock","10":"shipping-taxable","11":"product-type-simple"},"_links":{"self":[{"href":"https:\/\/fmp-components.com\/fr\/wp-json\/wp\/v2\/product\/3036","targetHints":{"allow":["GET"]}}],"collection":[{"href":"https:\/\/fmp-components.com\/fr\/wp-json\/wp\/v2\/product"}],"about":[{"href":"https:\/\/fmp-components.com\/fr\/wp-json\/wp\/v2\/types\/product"}],"replies":[{"embeddable":true,"href":"https:\/\/fmp-components.com\/fr\/wp-json\/wp\/v2\/comments?post=3036"}],"wp:featuredmedia":[{"embeddable":true,"href":"https:\/\/fmp-components.com\/fr\/wp-json\/wp\/v2\/media\/3037"}],"wp:attachment":[{"href":"https:\/\/fmp-components.com\/fr\/wp-json\/wp\/v2\/media?parent=3036"}],"wp:term":[{"taxonomy":"product_brand","embeddable":true,"href":"https:\/\/fmp-components.com\/fr\/wp-json\/wp\/v2\/product_brand?post=3036"},{"taxonomy":"product_cat","embeddable":true,"href":"https:\/\/fmp-components.com\/fr\/wp-json\/wp\/v2\/product_cat?post=3036"},{"taxonomy":"product_tag","embeddable":true,"href":"https:\/\/fmp-components.com\/fr\/wp-json\/wp\/v2\/product_tag?post=3036"}],"curies":[{"name":"wp","href":"https:\/\/api.w.org\/{rel}","templated":true}]}}