{"id":2875,"date":"2025-01-04T05:25:27","date_gmt":"2025-01-04T05:25:27","guid":{"rendered":"https:\/\/fmp-components.com\/product\/low-price-head-steering-cylinder-hydraulic-ram-cylinder-for-agriculture-trailer\/"},"modified":"2025-03-18T02:02:10","modified_gmt":"2025-03-18T02:02:10","slug":"low-price-head-steering-cylinder-hydraulic-ram-cylinder-for-agriculture-trailer","status":"publish","type":"product","link":"https:\/\/fmp-components.com\/fr\/product\/low-price-head-steering-cylinder-hydraulic-ram-cylinder-for-agriculture-trailer\/","title":{"rendered":"V\u00e9rin de direction hydraulique \u00e0 bas prix pour remorque agricole"},"content":{"rendered":"<p>Cylindre de direction assist\u00e9e bidirectionnel personnalis\u00e9 en gros pour tracteur<\/p>\n<p>Ce v\u00e9rin hydraulique \u00e0 piston bidirectionnel de direction assist\u00e9e, disponible en gros et personnalisable, est sp\u00e9cialement con\u00e7u pour les tracteurs. C'est un v\u00e9rin hydraulique de haute qualit\u00e9 et fiable, utilis\u00e9 pour commander le syst\u00e8me de direction assist\u00e9e des tracteurs. Gr\u00e2ce \u00e0 sa fonctionnalit\u00e9 bidirectionnelle, il assure une direction souple et efficace.<\/p>\n<p>Caract\u00e9ristiques principales :<br \/>\n\u2013 Conception personnalisable pour r\u00e9pondre \u00e0 des exigences sp\u00e9cifiques<br \/>\n\u2013 Fabriqu\u00e9 \u00e0 partir de mat\u00e9riaux durables et robustes pour une performance durable.<br \/>\n\u2013 Piston hydraulique de pr\u00e9cision pour une direction souple et r\u00e9active<br \/>\n\u2013 Con\u00e7u pour une installation et un entretien faciles<br \/>\n\u2013 Convient \u00e0 diff\u00e9rents mod\u00e8les de tracteurs<\/p>\n<p>Que vous soyez fabricant ou distributeur de tracteurs, ce v\u00e9rin hydraulique de direction assist\u00e9e bidirectionnelle, disponible en gros et personnalisable, est la solution id\u00e9ale pour optimiser les performances et la fiabilit\u00e9 de vos tracteurs. Investissez dans ce v\u00e9rin hydraulique de haute qualit\u00e9 pour une direction souple et sans effort.<\/p>\n<p>Pour plus d'informations ou pour passer une commande, veuillez nous contacter.<\/p>\n<div>\n<p>Embarquez pour un voyage dans le futur en visitant notre usine en r\u00e9alit\u00e9 virtuelle. D\u00e9couvrez de pr\u00e8s le processus de fabrication de nos v\u00e9rins hydrauliques.<\/p>\n<p><a href=\"https:\/\/v.holoworld.com.cn\/v\/virtualbuy.html?id=78a76263-47ab-485f-b978-0dafacfb4096\" target=\"_blank\" rel=\"noopener\">Visitez notre usine de r\u00e9alit\u00e9 virtuelle<\/a><\/p>\n<h2>Pr\u00e9sentation : Le v\u00e9rin hydraulique<\/h2>\n<p>Les remorques agricoles ont connu une v\u00e9ritable r\u00e9volution gr\u00e2ce aux v\u00e9rins hydrauliques, et plus particuli\u00e8rement au v\u00e9rin de direction \u00e0 bas prix. Ces v\u00e9rins, dont l'histoire s'\u00e9tend sur plusieurs d\u00e9cennies, ont \u00e9volu\u00e9 au fil du temps pour r\u00e9pondre aux exigences des machines modernes.<\/p>\n<h3>Classification et avantages<\/h3>\n<p><img decoding=\"async\" src=\"https:\/\/hzpt.com\/wp-content\/uploads\/2023\/11\/agricultural-machinery-hydraulic-cylinder-2.webp\" alt=\"Image de v\u00e9rin hydraulique\" title=\"\"><\/p>\n<p>Les v\u00e9rins hydrauliques sont class\u00e9s selon leur fonction et leur structure. Le v\u00e9rin de direction \u00e0 piston Low Price Head est reconnu pour sa robustesse et sa fiabilit\u00e9. Avec une pouss\u00e9e maximale \u00e9lev\u00e9e de 3\u00a0000\u00a0Nm, il est id\u00e9al pour les applications intensives dans les ateliers de r\u00e9paration de machines, les exploitations agricoles, etc.<\/p>\n<h3>Installation, r\u00e9paration et entretien<\/h3>\n<p>Une installation correcte et un entretien r\u00e9gulier de votre v\u00e9rin hydraulique sont essentiels \u00e0 sa dur\u00e9e de vie. Heureusement, le v\u00e9rin de direction \u00e0 t\u00eate basse de prix poss\u00e8de une structure standard, ce qui facilite son installation. Des contr\u00f4les r\u00e9guliers et des r\u00e9parations effectu\u00e9es en temps opportun garantissent des performances optimales en permanence.<\/p>\n<h2>Choisir le bon v\u00e9rin hydraulique<\/h2>\n<p>Lors du choix d'un v\u00e9rin hydraulique, tenez compte du diam\u00e8tre d'al\u00e9sage, du diam\u00e8tre de la tige et de la course. Notre v\u00e9rin de direction \u00e0 prix avantageux est disponible dans une large gamme de tailles, ce qui le rend polyvalent pour diverses applications.<\/p>\n<\/div>\n<h2>Application du v\u00e9rin hydraulique de direction<\/h2>\n<p>Les v\u00e9rins hydrauliques de direction sont des composants essentiels des syst\u00e8mes de direction de divers types de v\u00e9hicules. Ces v\u00e9rins, \u00e9galement appel\u00e9s actionneurs de direction, convertissent l&#039;\u00e9nergie g\u00e9n\u00e9r\u00e9e par une pompe de direction en mouvement lin\u00e9aire permettant de modifier la direction des roues du v\u00e9hicule. Voici quelques applications des v\u00e9rins hydrauliques de direction\u00a0:<\/p>\n<ol>\n<li>V\u00e9hicules lourds :\n<p>Les v\u00e9rins hydrauliques de direction sont couramment utilis\u00e9s sur les v\u00e9hicules lourds tels que les camions, les bus et les engins de chantier. Ces v\u00e9hicules n\u00e9cessitent une force de direction importante, et un v\u00e9rin hydraulique peut g\u00e9n\u00e9rer la puissance n\u00e9cessaire pour faire tourner les roues m\u00eame lorsque le v\u00e9hicule est charg\u00e9. Le syst\u00e8me hydraulique permet \u00e9galement un contr\u00f4le plus pr\u00e9cis du m\u00e9canisme de direction, facilitant ainsi la conduite de v\u00e9hicules volumineux et encombrants.<\/li>\n<li>V\u00e9hicules tout-terrain :\n<p>Les v\u00e9hicules tout-terrain tels que les VTT, les buggys et les motos tout-terrain b\u00e9n\u00e9ficient \u00e9galement de v\u00e9rins hydrauliques de direction. Ces v\u00e9hicules \u00e9voluent souvent sur des terrains accident\u00e9s o\u00f9 les m\u00e9canismes de direction conventionnels peuvent s&#039;av\u00e9rer inefficaces. Les v\u00e9rins hydrauliques peuvent fournir la puissance et la pr\u00e9cision n\u00e9cessaires pour franchir les obstacles et garder le contr\u00f4le du v\u00e9hicule.<\/li>\n<li>Applications marines et a\u00e9rospatiales :\n<p>Les v\u00e9rins hydrauliques de direction ne se limitent pas aux v\u00e9hicules terrestres. Ils sont \u00e9galement utilis\u00e9s dans les applications marines, comme les bateaux et les navires, ainsi que dans l&#039;a\u00e9rospatiale, comme les engins spatiaux et les avions. Dans ces contextes, les v\u00e9rins hydrauliques servent \u00e0 manipuler la direction des gouvernails, des d\u00e9rives et autres gouvernes qui contribuent \u00e0 la direction du navire ou de l&#039;avion.<\/li>\n<li>\u00c9quipements industriels :\n<p>Les v\u00e9rins hydrauliques sont \u00e9galement utilis\u00e9s dans divers environnements industriels pour la direction et d&#039;autres applications. Par exemple, ils peuvent servir \u00e0 diriger des grues, des chariots \u00e9l\u00e9vateurs ou d&#039;autres machines lourdes. Dans ces environnements, les v\u00e9rins hydrauliques peuvent fournir la puissance et la pr\u00e9cision n\u00e9cessaires pour manipuler des charges lourdes ou op\u00e9rer dans des espaces restreints.<\/li>\n<li>Applications personnalis\u00e9es :\n<p>Outre ces applications courantes, les v\u00e9rins hydrauliques de direction peuvent \u00e9galement \u00eatre utilis\u00e9s dans divers environnements personnalis\u00e9s. Par exemple, ils peuvent \u00eatre utilis\u00e9s dans des v\u00e9hicules exp\u00e9rimentaux ou des prototypes n\u00e9cessitant un m\u00e9canisme de direction unique. Ils peuvent \u00e9galement \u00eatre utilis\u00e9s dans des installations artistiques ou des sculptures cin\u00e9tiques exigeant un mouvement pr\u00e9cis et contr\u00f4l\u00e9.<\/li>\n<\/ol>\n<p>Comme vous pouvez le constater, les v\u00e9rins hydrauliques de direction ont une large gamme d&#039;applications dans divers secteurs et environnements. Qu&#039;ils soient utilis\u00e9s dans les v\u00e9hicules lourds, les v\u00e9hicules tout-terrain, les applications marines et a\u00e9rospatiales, les \u00e9quipements industriels ou les applications personnalis\u00e9es, ces v\u00e9rins fournissent la puissance, la pr\u00e9cision et le contr\u00f4le n\u00e9cessaires \u00e0 une direction efficace.<\/p>\n<h2>\u00c0 propos de FMP<\/h2>\n<p>FMP est un fabricant et distributeur leader de v\u00e9rins hydrauliques, de kits de v\u00e9rins et de composants de haute qualit\u00e9 pour engins de chantier. Forts de nombreuses ann\u00e9es d&#039;exp\u00e9rience dans le secteur et d&#039;une \u00e9quipe professionnelle, nous nous engageons \u00e0 fournir \u00e0 nos clients des solutions fiables et efficaces pour leurs besoins en engins de chantier.<\/p>\n<p>Voici cinq raisons pour lesquelles vous devriez choisir FMP\u00a0:<\/p>\n<ol>\n<li><strong>V\u00e9rins hydrauliques de haute qualit\u00e9 :<\/strong> Nous utilisons une ing\u00e9nierie de pr\u00e9cision pour la fabrication de nos v\u00e9rins hydrauliques. Notre engagement envers la qualit\u00e9 nous garantit l&#039;utilisation exclusive de mati\u00e8res premi\u00e8res de la plus haute qualit\u00e9 et des contr\u00f4les qualit\u00e9 rigoureux des produits finis afin de garantir qu&#039;ils respectent et d\u00e9passent les normes de l&#039;industrie.<\/li>\n<li><strong>Vaste gamme de produits :<\/strong> Notre gamme de produits couvre tous les types d&#039;engins de chantier et d&#039;accessoires. Nous proposons divers v\u00e9rins hydrauliques, bo\u00eetes de vitesses, cha\u00eenes, pignons, accessoires moteur, composants de syst\u00e8mes hydrauliques, accessoires de ch\u00e2ssis et accessoires de syst\u00e8mes \u00e9lectriques.<\/li>\n<li><strong>Partenariats \u00e9tablis :<\/strong> Nous avons \u00e9tabli des partenariats durables et stables avec de nombreux fournisseurs nationaux et \u00e9trangers de grande qualit\u00e9. Cela garantit que tous les accessoires fournis r\u00e9pondent \u00e0 nos normes de qualit\u00e9 strictes.<\/li>\n<li><strong>\u00c9quipe de vente exp\u00e9riment\u00e9e :<\/strong> Notre \u00e9quipe commerciale poss\u00e8de de nombreuses ann\u00e9es d&#039;exp\u00e9rience et une connaissance approfondie du secteur des engins de chantier. Elle vous offre des conseils professionnels sur les produits et des conseils d&#039;achat judicieux pour vous aider \u00e0 prendre des d\u00e9cisions \u00e9clair\u00e9es.<\/li>\n<li><strong>Syst\u00e8me de distribution logistique efficace :<\/strong> Nous disposons d&#039;un syst\u00e8me de distribution logistique efficace pour garantir que nos clients re\u00e7oivent les pi\u00e8ces requises en temps opportun et de mani\u00e8re pr\u00e9cise.<\/li>\n<\/ol>\n<p><img decoding=\"async\" src=\"https:\/\/fmp-components.com\/wp-content\/uploads\/2025\/01\/Dump-Truck-Trailer-Hydraulic-Cylinder-product-3-3.webp\" alt=\"V\u00e9rin hydraulique\" width=\"800\" title=\"\"><\/p>\n<p>Chez FMP, nous nous engageons \u00e0 fournir \u00e0 nos clients des accessoires pour engins de chantier fiables et de haute qualit\u00e9, ainsi que des solutions compl\u00e8tes. Gr\u00e2ce \u00e0 nos installations modernes, nos machines-outils \u00e0 commande num\u00e9rique, notre conception assist\u00e9e par ordinateur, nos employ\u00e9s qualifi\u00e9s, nos experts en syst\u00e8mes hydrauliques, nos assembleurs de v\u00e9rins et nos revendeurs, nous sommes le partenaire privil\u00e9gi\u00e9 pour r\u00e9pondre \u00e0 vos besoins en v\u00e9rins hydrauliques, kits de v\u00e9rins et composants.<\/p>\n<p>Auteur : CX<\/p>","protected":false},"excerpt":{"rendered":"<p>Cylindre de direction assist\u00e9e hydraulique \u00e0 piston bidirectionnel personnalis\u00e9 pour tracteur (vente en gros). Ce cylindre de direction assist\u00e9e hydraulique \u00e0 piston bidirectionnel personnalis\u00e9 est sp\u00e9cialement con\u00e7u pour les tracteurs. C'est un cylindre hydraulique de haute qualit\u00e9 et fiable, utilis\u00e9 pour contr\u00f4ler le syst\u00e8me de direction assist\u00e9e des tracteurs. Gr\u00e2ce \u00e0 sa fonctionnalit\u00e9 bidirectionnelle, il permet un fonctionnement fluide [\u2026]<\/p>","protected":false},"featured_media":2876,"comment_status":"closed","ping_status":"closed","template":"","meta":{"_et_pb_use_builder":"","_et_pb_old_content":"","_et_gb_content_width":""},"product_brand":[],"product_cat":[67],"product_tag":[34,70],"class_list":{"0":"post-2875","1":"product","2":"type-product","3":"status-publish","4":"has-post-thumbnail","6":"product_cat-steering-hydraulic-cylinder","7":"product_tag-hydraulic-cylinder","8":"product_tag-steering-hydraulic-cylinder","10":"first","11":"instock","12":"product-type-simple"},"_links":{"self":[{"href":"https:\/\/fmp-components.com\/fr\/wp-json\/wp\/v2\/product\/2875","targetHints":{"allow":["GET"]}}],"collection":[{"href":"https:\/\/fmp-components.com\/fr\/wp-json\/wp\/v2\/product"}],"about":[{"href":"https:\/\/fmp-components.com\/fr\/wp-json\/wp\/v2\/types\/product"}],"replies":[{"embeddable":true,"href":"https:\/\/fmp-components.com\/fr\/wp-json\/wp\/v2\/comments?post=2875"}],"wp:featuredmedia":[{"embeddable":true,"href":"https:\/\/fmp-components.com\/fr\/wp-json\/wp\/v2\/media\/2876"}],"wp:attachment":[{"href":"https:\/\/fmp-components.com\/fr\/wp-json\/wp\/v2\/media?parent=2875"}],"wp:term":[{"taxonomy":"product_brand","embeddable":true,"href":"https:\/\/fmp-components.com\/fr\/wp-json\/wp\/v2\/product_brand?post=2875"},{"taxonomy":"product_cat","embeddable":true,"href":"https:\/\/fmp-components.com\/fr\/wp-json\/wp\/v2\/product_cat?post=2875"},{"taxonomy":"product_tag","embeddable":true,"href":"https:\/\/fmp-components.com\/fr\/wp-json\/wp\/v2\/product_tag?post=2875"}],"curies":[{"name":"wp","href":"https:\/\/api.w.org\/{rel}","templated":true}]}}