{"id":2819,"date":"2025-01-04T05:24:01","date_gmt":"2025-01-04T05:24:01","guid":{"rendered":"https:\/\/fmp-components.com\/product\/guaranteed-quality-piston-steering-cylinder-hydraulic-steering-cylinder-for-high-performance\/"},"modified":"2025-03-18T01:19:40","modified_gmt":"2025-03-18T01:19:40","slug":"guaranteed-quality-piston-steering-cylinder-hydraulic-steering-cylinder-for-high-performance","status":"publish","type":"product","link":"https:\/\/fmp-components.com\/fr\/product\/guaranteed-quality-piston-steering-cylinder-hydraulic-steering-cylinder-for-high-performance\/","title":{"rendered":"V\u00e9rin de direction \u00e0 piston de qualit\u00e9 garantie \u2013 V\u00e9rin de direction hydraulique pour des performances \u00e9lev\u00e9es"},"content":{"rendered":"<p>Vente directe d&#039;usine Mini v\u00e9rin de direction assist\u00e9e V\u00e9rin hydraulique de tracteur<\/p>\n<p>Pr\u00e9sentation du mini v\u00e9rin de direction assist\u00e9e hydraulique pour tracteur, vendu directement en usine. Ce v\u00e9rin hydraulique haut de gamme est sp\u00e9cialement con\u00e7u pour les tracteurs. Compact et performant, il r\u00e9volutionne le secteur agricole.<\/p>\n<p>Dot\u00e9 d'une technologie hydraulique avanc\u00e9e, ce v\u00e9rin assure une direction souple et pr\u00e9cise, facilitant ainsi les man\u0153uvres de votre tracteur. Que vous travailliez dans une petite exploitation ou un grand champ, ce v\u00e9rin offre une efficacit\u00e9 de direction exceptionnelle, vous faisant gagner du temps et des efforts.<\/p>\n<p>Con\u00e7u pour durer, le mini v\u00e9rin de direction assist\u00e9e pour tracteur est fabriqu\u00e9 \u00e0 partir de mat\u00e9riaux de haute qualit\u00e9 capables de r\u00e9sister \u00e0 une utilisation intensive. Sa construction robuste offre une r\u00e9sistance sup\u00e9rieure \u00e0 l'usure, garantissant des performances durables, m\u00eame dans les conditions de travail les plus difficiles.<\/p>\n<p>Ce v\u00e9rin est con\u00e7u pour une installation facile et compatible avec une large gamme de mod\u00e8les de tracteurs. Sa conception intuitive permet une utilisation ais\u00e9e, le rendant ainsi adapt\u00e9 aussi bien aux agriculteurs exp\u00e9riment\u00e9s qu'aux d\u00e9butants.<\/p>\n<p>Investissez dans un mini v\u00e9rin de direction assist\u00e9e hydraulique pour tracteur, vendu directement en usine, et constatez l'impact positif qu'il peut avoir sur les performances de votre tracteur. Am\u00e9liorez votre productivit\u00e9 et votre efficacit\u00e9 sur le terrain gr\u00e2ce \u00e0 ce v\u00e9rin hydraulique fiable et performant.<\/p>\n<p>Commandez d\u00e8s maintenant et profitez des avantages de ce produit haut de gamme, directement d'usine. Am\u00e9liorez la direction de votre tracteur et am\u00e9liorez vos op\u00e9rations agricoles gr\u00e2ce au mini v\u00e9rin de direction assist\u00e9e pour tracteur.<\/p>\n<h2>Pr\u00e9sentation des v\u00e9rins de direction hydrauliques<\/h2>\n<p>Les v\u00e9rins de direction hydrauliques sont essentiels au bon fonctionnement de divers types de machines. Notre gamme comprend des v\u00e9rins d'inclinaison, de direction et de levage hydrauliques, chacun sp\u00e9cialement con\u00e7u pour r\u00e9pondre aux diff\u00e9rentes exigences industrielles.<\/p>\n<h3>Choisir le bon v\u00e9rin hydraulique<\/h3>\n<p>Lors du choix d'un v\u00e9rin hydraulique, il est important de prendre en compte l'al\u00e9sage, la taille de la tige et la course les mieux adapt\u00e9s \u00e0 la machine que vous utilisez. Nos v\u00e9rins de direction \u00e0 piston sont disponibles en plusieurs tailles\u00a0: al\u00e9sage de 5 \u00e0 15\u00a0cm, tige de 28 \u00e0 10\u00a0cm et course de 10 \u00e0 254\u00a0cm.<\/p>\n<p><img decoding=\"async\" src=\"https:\/\/hzpt.com\/wp-content\/uploads\/2023\/11\/Steering-Hydraulic-Cylinder-3.webp\" alt=\"\" title=\"\"><br \/>\n<img decoding=\"async\" src=\"https:\/\/hzpt.com\/wp-content\/uploads\/2023\/11\/Steering-Hydraulic-Cylinder-4.webp\" alt=\"\" title=\"\"><\/p>\n<h2>Application du v\u00e9rin hydraulique de direction<\/h2>\n<p>Les v\u00e9rins hydrauliques de direction sont des composants essentiels des syst\u00e8mes de direction de divers types de v\u00e9hicules. Ces v\u00e9rins, \u00e9galement appel\u00e9s actionneurs de direction, convertissent l&#039;\u00e9nergie g\u00e9n\u00e9r\u00e9e par une pompe de direction en mouvement lin\u00e9aire permettant de modifier la direction des roues du v\u00e9hicule. Voici quelques applications des v\u00e9rins hydrauliques de direction\u00a0:<\/p>\n<ol>\n<li>V\u00e9hicules lourds :\n<p>Les v\u00e9rins hydrauliques de direction sont couramment utilis\u00e9s sur les v\u00e9hicules lourds tels que les camions, les bus et les engins de chantier. Ces v\u00e9hicules n\u00e9cessitent une force de direction importante, et un v\u00e9rin hydraulique peut g\u00e9n\u00e9rer la puissance n\u00e9cessaire pour faire tourner les roues m\u00eame lorsque le v\u00e9hicule est charg\u00e9. Le syst\u00e8me hydraulique permet \u00e9galement un contr\u00f4le plus pr\u00e9cis du m\u00e9canisme de direction, facilitant ainsi la conduite de v\u00e9hicules volumineux et encombrants.<\/li>\n<li>V\u00e9hicules tout-terrain :\n<p>Les v\u00e9hicules tout-terrain tels que les VTT, les buggys et les motos tout-terrain b\u00e9n\u00e9ficient \u00e9galement de v\u00e9rins hydrauliques de direction. Ces v\u00e9hicules \u00e9voluent souvent sur des terrains accident\u00e9s o\u00f9 les m\u00e9canismes de direction conventionnels peuvent s&#039;av\u00e9rer inefficaces. Les v\u00e9rins hydrauliques peuvent fournir la puissance et la pr\u00e9cision n\u00e9cessaires pour franchir les obstacles et garder le contr\u00f4le du v\u00e9hicule.<\/li>\n<li>Applications marines et a\u00e9rospatiales :\n<p>Les v\u00e9rins hydrauliques de direction ne se limitent pas aux v\u00e9hicules terrestres. Ils sont \u00e9galement utilis\u00e9s dans les applications marines, comme les bateaux et les navires, ainsi que dans l&#039;a\u00e9rospatiale, comme les engins spatiaux et les avions. Dans ces contextes, les v\u00e9rins hydrauliques servent \u00e0 manipuler la direction des gouvernails, des d\u00e9rives et autres gouvernes qui contribuent \u00e0 la direction du navire ou de l&#039;avion.<\/li>\n<li>\u00c9quipements industriels :\n<p>Les v\u00e9rins hydrauliques sont \u00e9galement utilis\u00e9s dans divers environnements industriels pour la direction et d&#039;autres applications. Par exemple, ils peuvent servir \u00e0 diriger des grues, des chariots \u00e9l\u00e9vateurs ou d&#039;autres machines lourdes. Dans ces environnements, les v\u00e9rins hydrauliques peuvent fournir la puissance et la pr\u00e9cision n\u00e9cessaires pour manipuler des charges lourdes ou op\u00e9rer dans des espaces restreints.<\/li>\n<li>Applications personnalis\u00e9es :\n<p>Outre ces applications courantes, les v\u00e9rins hydrauliques de direction peuvent \u00e9galement \u00eatre utilis\u00e9s dans divers environnements personnalis\u00e9s. Par exemple, ils peuvent \u00eatre utilis\u00e9s dans des v\u00e9hicules exp\u00e9rimentaux ou des prototypes n\u00e9cessitant un m\u00e9canisme de direction unique. Ils peuvent \u00e9galement \u00eatre utilis\u00e9s dans des installations artistiques ou des sculptures cin\u00e9tiques exigeant un mouvement pr\u00e9cis et contr\u00f4l\u00e9.<\/li>\n<\/ol>\n<p>Comme vous pouvez le constater, les v\u00e9rins hydrauliques de direction ont une large gamme d&#039;applications dans divers secteurs et environnements. Qu&#039;ils soient utilis\u00e9s dans les v\u00e9hicules lourds, les v\u00e9hicules tout-terrain, les applications marines et a\u00e9rospatiales, les \u00e9quipements industriels ou les applications personnalis\u00e9es, ces v\u00e9rins fournissent la puissance, la pr\u00e9cision et le contr\u00f4le n\u00e9cessaires \u00e0 une direction efficace.<\/p>\n<h2>\u00c0 propos de FMP<\/h2>\n<p>FMP est un fabricant et distributeur leader de v\u00e9rins hydrauliques, de kits de v\u00e9rins et de composants de haute qualit\u00e9 pour engins de chantier. Forts de nombreuses ann\u00e9es d&#039;exp\u00e9rience dans le secteur et d&#039;une \u00e9quipe professionnelle, nous nous engageons \u00e0 fournir \u00e0 nos clients des solutions fiables et efficaces pour leurs besoins en engins de chantier.<\/p>\n<p>Voici cinq raisons pour lesquelles vous devriez choisir FMP\u00a0:<\/p>\n<ol>\n<li><strong>V\u00e9rins hydrauliques de haute qualit\u00e9 :<\/strong> Nous utilisons une ing\u00e9nierie de pr\u00e9cision pour la fabrication de nos v\u00e9rins hydrauliques. Notre engagement envers la qualit\u00e9 nous garantit l&#039;utilisation exclusive de mati\u00e8res premi\u00e8res de la plus haute qualit\u00e9 et des contr\u00f4les qualit\u00e9 rigoureux des produits finis afin de garantir qu&#039;ils respectent et d\u00e9passent les normes de l&#039;industrie.<\/li>\n<li><strong>Vaste gamme de produits :<\/strong> Notre gamme de produits couvre tous les types d&#039;engins de chantier et d&#039;accessoires. Nous proposons divers v\u00e9rins hydrauliques, bo\u00eetes de vitesses, cha\u00eenes, pignons, accessoires moteur, composants de syst\u00e8mes hydrauliques, accessoires de ch\u00e2ssis et accessoires de syst\u00e8mes \u00e9lectriques.<\/li>\n<li><strong>Partenariats \u00e9tablis :<\/strong> Nous avons \u00e9tabli des partenariats durables et stables avec de nombreux fournisseurs nationaux et \u00e9trangers de grande qualit\u00e9. Cela garantit que tous les accessoires fournis r\u00e9pondent \u00e0 nos normes de qualit\u00e9 strictes.<\/li>\n<li><strong>\u00c9quipe de vente exp\u00e9riment\u00e9e :<\/strong> Notre \u00e9quipe commerciale poss\u00e8de de nombreuses ann\u00e9es d&#039;exp\u00e9rience et une connaissance approfondie du secteur des engins de chantier. Elle vous offre des conseils professionnels sur les produits et des conseils d&#039;achat judicieux pour vous aider \u00e0 prendre des d\u00e9cisions \u00e9clair\u00e9es.<\/li>\n<li><strong>Syst\u00e8me de distribution logistique efficace :<\/strong> Nous disposons d&#039;un syst\u00e8me de distribution logistique efficace pour garantir que nos clients re\u00e7oivent les pi\u00e8ces requises en temps opportun et de mani\u00e8re pr\u00e9cise.<\/li>\n<\/ol>\n<p><img decoding=\"async\" src=\"https:\/\/fmp-components.com\/wp-content\/uploads\/2025\/01\/Dump-Truck-Trailer-Hydraulic-Cylinder-product-3-3.webp\" alt=\"V\u00e9rin hydraulique\" width=\"800\" title=\"\"><\/p>\n<p>Chez FMP, nous nous engageons \u00e0 fournir \u00e0 nos clients des accessoires pour engins de chantier fiables et de haute qualit\u00e9, ainsi que des solutions compl\u00e8tes. Gr\u00e2ce \u00e0 nos installations modernes, nos machines-outils \u00e0 commande num\u00e9rique, notre conception assist\u00e9e par ordinateur, nos employ\u00e9s qualifi\u00e9s, nos experts en syst\u00e8mes hydrauliques, nos assembleurs de v\u00e9rins et nos revendeurs, nous sommes le partenaire privil\u00e9gi\u00e9 pour r\u00e9pondre \u00e0 vos besoins en v\u00e9rins hydrauliques, kits de v\u00e9rins et composants.<\/p>\n<p>Auteur : CX<\/p>","protected":false},"excerpt":{"rendered":"<p>Factory Direct Sale Mini Power Steering Cylinder Tractor Hydraulic Cylinder Introducing the Factory Direct Sale Mini Power Steering Cylinder Tractor Hydraulic Cylinder &#8211; a top-of-the-line hydraulic cylinder designed specifically for tractors. With its compact size and powerful performance, this cylinder is a game-changer in the agricultural industry. Featuring advanced hydraulic technology, this cylinder ensures smooth [&hellip;]<\/p>","protected":false},"featured_media":2820,"comment_status":"closed","ping_status":"closed","template":"","meta":{"_et_pb_use_builder":"","_et_pb_old_content":"","_et_gb_content_width":""},"product_brand":[],"product_cat":[67],"product_tag":[34,70],"class_list":{"0":"post-2819","1":"product","2":"type-product","3":"status-publish","4":"has-post-thumbnail","6":"product_cat-steering-hydraulic-cylinder","7":"product_tag-hydraulic-cylinder","8":"product_tag-steering-hydraulic-cylinder","10":"first","11":"instock","12":"product-type-simple"},"_links":{"self":[{"href":"https:\/\/fmp-components.com\/fr\/wp-json\/wp\/v2\/product\/2819","targetHints":{"allow":["GET"]}}],"collection":[{"href":"https:\/\/fmp-components.com\/fr\/wp-json\/wp\/v2\/product"}],"about":[{"href":"https:\/\/fmp-components.com\/fr\/wp-json\/wp\/v2\/types\/product"}],"replies":[{"embeddable":true,"href":"https:\/\/fmp-components.com\/fr\/wp-json\/wp\/v2\/comments?post=2819"}],"wp:featuredmedia":[{"embeddable":true,"href":"https:\/\/fmp-components.com\/fr\/wp-json\/wp\/v2\/media\/2820"}],"wp:attachment":[{"href":"https:\/\/fmp-components.com\/fr\/wp-json\/wp\/v2\/media?parent=2819"}],"wp:term":[{"taxonomy":"product_brand","embeddable":true,"href":"https:\/\/fmp-components.com\/fr\/wp-json\/wp\/v2\/product_brand?post=2819"},{"taxonomy":"product_cat","embeddable":true,"href":"https:\/\/fmp-components.com\/fr\/wp-json\/wp\/v2\/product_cat?post=2819"},{"taxonomy":"product_tag","embeddable":true,"href":"https:\/\/fmp-components.com\/fr\/wp-json\/wp\/v2\/product_tag?post=2819"}],"curies":[{"name":"wp","href":"https:\/\/api.w.org\/{rel}","templated":true}]}}