{"id":2813,"date":"2025-01-04T05:24:01","date_gmt":"2025-01-04T05:24:01","guid":{"rendered":"https:\/\/fmp-components.com\/product\/factory-provide-10-ton-piston-hydraulic-steering-cylinder\/"},"modified":"2025-03-18T02:05:19","modified_gmt":"2025-03-18T02:05:19","slug":"factory-provide-10-ton-piston-hydraulic-steering-cylinder","status":"publish","type":"product","link":"https:\/\/fmp-components.com\/fr\/product\/factory-provide-10-ton-piston-hydraulic-steering-cylinder\/","title":{"rendered":"V\u00e9rin de direction hydraulique \u00e0 piston de 10 tonnes fourni par l&#039;usine"},"content":{"rendered":"<p>Nom du produit : Cylindre de direction hydraulique double effet \u00e0 longue course pour tracteur, fabriqu\u00e9 en Italie<\/p>\n<p>Description : Le v\u00e9rin de direction hydraulique double effet \u00e0 longue course, fabriqu\u00e9 en Italie, est un composant haut de gamme con\u00e7u pour une direction pr\u00e9cise des tracteurs. Sa fabrication \u00e0 partir de mat\u00e9riaux de premi\u00e8re qualit\u00e9 garantit une performance et une durabilit\u00e9 exceptionnelles. Ce v\u00e9rin \u00e0 double effet assure une direction souple et r\u00e9active dans les deux sens. Gr\u00e2ce \u00e0 sa longue course, il offre une maniabilit\u00e9 et une stabilit\u00e9 accrues, ce qui en fait le choix id\u00e9al pour les applications exigeantes sur les tracteurs.<\/p>\n<p>Sortie au format HTML\u00a0:<\/p>\n<h2>Nom du produit:<\/h2>\n<p>V\u00e9rin de direction hydraulique \u00e0 double effet pour tracteur, course longue, usine italienne<\/p>\n<h2>Description:<\/h2>\n<p>Le v\u00e9rin de direction hydraulique \u00e0 double effet et longue course, fabriqu\u00e9 en Italie, est un composant haut de gamme con\u00e7u pour une direction pr\u00e9cise des tracteurs. Sa fabrication \u00e0 partir de mat\u00e9riaux de premi\u00e8re qualit\u00e9 garantit une performance et une durabilit\u00e9 exceptionnelles. Ce v\u00e9rin \u00e0 double effet assure une direction souple et r\u00e9active dans les deux sens. Gr\u00e2ce \u00e0 sa longue course, il offre une maniabilit\u00e9 et une stabilit\u00e9 accrues, ce qui en fait le choix id\u00e9al pour les applications exigeantes sur les tracteurs.<\/p>\n<p>D\u00e9couvrez les capacit\u00e9s de production exceptionnelles de FMP, premier fabricant italien de v\u00e9rins hydrauliques. Visitez notre usine ultramoderne en r\u00e9alit\u00e9 virtuelle et observez nos technologies innovantes et de pointe en action.<\/p>\n<p>Le v\u00e9rin de direction hydraulique \u00e0 piston est un composant essentiel de la plupart des syst\u00e8mes hydrauliques mobiles. Il b\u00e9n\u00e9ficie d'une longue histoire de d\u00e9veloppement et d'innovation et est class\u00e9 selon sa structure, sa puissance et le mat\u00e9riau de sa structure.<\/p>\n<p>Notre usine fournit un v\u00e9rin de direction hydraulique \u00e0 piston de 10 tonnes avec une structure et une conception standard, une puissance hydraulique pour une efficacit\u00e9 maximale, un corps en acier pour une durabilit\u00e9 accrue et une pouss\u00e9e et une traction maximales \u00e9lev\u00e9es.<\/p>\n<p>L'installation, la r\u00e9paration et l'entretien de nos v\u00e9rins de direction hydrauliques sont simplifi\u00e9s gr\u00e2ce \u00e0 notre guide complet. Toutefois, nous recommandons de faire appel \u00e0 un professionnel pour les installations complexes.<\/p>\n<p>Le choix de l'huile hydraulique et du joint d'\u00e9tanch\u00e9it\u00e9 appropri\u00e9s est crucial pour des performances optimales. Lors de votre s\u00e9lection, tenez compte de facteurs tels que la viscosit\u00e9, la plage de temp\u00e9ratures et la compatibilit\u00e9 du joint.<\/p>\n<p>Un entretien et une inspection r\u00e9guliers permettent de d\u00e9terminer quand il est temps de remplacer votre v\u00e9rin de direction hydraulique. Soyez attentif aux signes tels que les fuites, la baisse de performance et les bruits anormaux.<\/p>\n<p>FMP propose des produits de haute qualit\u00e9, des prix comp\u00e9titifs et un excellent service client. Outre les v\u00e9rins de direction hydrauliques, nous fournissons \u00e9galement une vaste gamme de v\u00e9rins hydrauliques, notamment pour nacelles \u00e9l\u00e9vatrices, engins de chantier, applications offshore, chariots \u00e9l\u00e9vateurs, technologies \u00e9nerg\u00e9tiques et tunneliers. Nous acceptons les commandes personnalis\u00e9es \u00e0 partir de plans ou d'\u00e9chantillons.<\/p>\n<p>D\u00e9couvrez notre capacit\u00e9 \u00e0 concevoir et fabriquer jusqu'\u00e0 200\u00a0000 ensembles de v\u00e9rins hydrauliques gr\u00e2ce \u00e0 300 unit\u00e9s de production CNC enti\u00e8rement automatis\u00e9es et \u00e0 des \u00e9quipements d'assemblage de v\u00e9rins hydrauliques automatis\u00e9s. Choisissez FMP pour vos besoins en v\u00e9rins hydrauliques.<\/p>\n<h2>Application du v\u00e9rin hydraulique de direction<\/h2>\n<p>Les v\u00e9rins hydrauliques de direction sont des composants essentiels des syst\u00e8mes de direction de divers types de v\u00e9hicules. Ces v\u00e9rins, \u00e9galement appel\u00e9s actionneurs de direction, convertissent l&#039;\u00e9nergie g\u00e9n\u00e9r\u00e9e par une pompe de direction en mouvement lin\u00e9aire permettant de modifier la direction des roues du v\u00e9hicule. Voici quelques applications des v\u00e9rins hydrauliques de direction\u00a0:<\/p>\n<ol>\n<li>V\u00e9hicules lourds :\n<p>Les v\u00e9rins hydrauliques de direction sont couramment utilis\u00e9s sur les v\u00e9hicules lourds tels que les camions, les bus et les engins de chantier. Ces v\u00e9hicules n\u00e9cessitent une force de direction importante, et un v\u00e9rin hydraulique peut g\u00e9n\u00e9rer la puissance n\u00e9cessaire pour faire tourner les roues m\u00eame lorsque le v\u00e9hicule est charg\u00e9. Le syst\u00e8me hydraulique permet \u00e9galement un contr\u00f4le plus pr\u00e9cis du m\u00e9canisme de direction, facilitant ainsi la conduite de v\u00e9hicules volumineux et encombrants.<\/li>\n<li>V\u00e9hicules tout-terrain :\n<p>Les v\u00e9hicules tout-terrain tels que les VTT, les buggys et les motos tout-terrain b\u00e9n\u00e9ficient \u00e9galement de v\u00e9rins hydrauliques de direction. Ces v\u00e9hicules \u00e9voluent souvent sur des terrains accident\u00e9s o\u00f9 les m\u00e9canismes de direction conventionnels peuvent s&#039;av\u00e9rer inefficaces. Les v\u00e9rins hydrauliques peuvent fournir la puissance et la pr\u00e9cision n\u00e9cessaires pour franchir les obstacles et garder le contr\u00f4le du v\u00e9hicule.<\/li>\n<li>Applications marines et a\u00e9rospatiales :\n<p>Les v\u00e9rins hydrauliques de direction ne se limitent pas aux v\u00e9hicules terrestres. Ils sont \u00e9galement utilis\u00e9s dans les applications marines, comme les bateaux et les navires, ainsi que dans l&#039;a\u00e9rospatiale, comme les engins spatiaux et les avions. Dans ces contextes, les v\u00e9rins hydrauliques servent \u00e0 manipuler la direction des gouvernails, des d\u00e9rives et autres gouvernes qui contribuent \u00e0 la direction du navire ou de l&#039;avion.<\/li>\n<li>\u00c9quipements industriels :\n<p>Les v\u00e9rins hydrauliques sont \u00e9galement utilis\u00e9s dans divers environnements industriels pour la direction et d&#039;autres applications. Par exemple, ils peuvent servir \u00e0 diriger des grues, des chariots \u00e9l\u00e9vateurs ou d&#039;autres machines lourdes. Dans ces environnements, les v\u00e9rins hydrauliques peuvent fournir la puissance et la pr\u00e9cision n\u00e9cessaires pour manipuler des charges lourdes ou op\u00e9rer dans des espaces restreints.<\/li>\n<li>Applications personnalis\u00e9es :\n<p>Outre ces applications courantes, les v\u00e9rins hydrauliques de direction peuvent \u00e9galement \u00eatre utilis\u00e9s dans divers environnements personnalis\u00e9s. Par exemple, ils peuvent \u00eatre utilis\u00e9s dans des v\u00e9hicules exp\u00e9rimentaux ou des prototypes n\u00e9cessitant un m\u00e9canisme de direction unique. Ils peuvent \u00e9galement \u00eatre utilis\u00e9s dans des installations artistiques ou des sculptures cin\u00e9tiques exigeant un mouvement pr\u00e9cis et contr\u00f4l\u00e9.<\/li>\n<\/ol>\n<p>Comme vous pouvez le constater, les v\u00e9rins hydrauliques de direction ont une large gamme d&#039;applications dans divers secteurs et environnements. Qu&#039;ils soient utilis\u00e9s dans les v\u00e9hicules lourds, les v\u00e9hicules tout-terrain, les applications marines et a\u00e9rospatiales, les \u00e9quipements industriels ou les applications personnalis\u00e9es, ces v\u00e9rins fournissent la puissance, la pr\u00e9cision et le contr\u00f4le n\u00e9cessaires \u00e0 une direction efficace.<\/p>\n<h2>\u00c0 propos de FMP<\/h2>\n<p>FMP est un fabricant et distributeur leader de v\u00e9rins hydrauliques, de kits de v\u00e9rins et de composants de haute qualit\u00e9 pour engins de chantier. Forts de nombreuses ann\u00e9es d&#039;exp\u00e9rience dans le secteur et d&#039;une \u00e9quipe professionnelle, nous nous engageons \u00e0 fournir \u00e0 nos clients des solutions fiables et efficaces pour leurs besoins en engins de chantier.<\/p>\n<p>Voici cinq raisons pour lesquelles vous devriez choisir FMP\u00a0:<\/p>\n<ol>\n<li><strong>V\u00e9rins hydrauliques de haute qualit\u00e9 :<\/strong> Nous utilisons une ing\u00e9nierie de pr\u00e9cision pour la fabrication de nos v\u00e9rins hydrauliques. Notre engagement envers la qualit\u00e9 nous garantit l&#039;utilisation exclusive de mati\u00e8res premi\u00e8res de la plus haute qualit\u00e9 et des contr\u00f4les qualit\u00e9 rigoureux des produits finis afin de garantir qu&#039;ils respectent et d\u00e9passent les normes de l&#039;industrie.<\/li>\n<li><strong>Vaste gamme de produits :<\/strong> Notre gamme de produits couvre tous les types d&#039;engins de chantier et d&#039;accessoires. Nous proposons divers v\u00e9rins hydrauliques, bo\u00eetes de vitesses, cha\u00eenes, pignons, accessoires moteur, composants de syst\u00e8mes hydrauliques, accessoires de ch\u00e2ssis et accessoires de syst\u00e8mes \u00e9lectriques.<\/li>\n<li><strong>Partenariats \u00e9tablis :<\/strong> Nous avons \u00e9tabli des partenariats durables et stables avec de nombreux fournisseurs nationaux et \u00e9trangers de grande qualit\u00e9. Cela garantit que tous les accessoires fournis r\u00e9pondent \u00e0 nos normes de qualit\u00e9 strictes.<\/li>\n<li><strong>\u00c9quipe de vente exp\u00e9riment\u00e9e :<\/strong> Notre \u00e9quipe commerciale poss\u00e8de de nombreuses ann\u00e9es d&#039;exp\u00e9rience et une connaissance approfondie du secteur des engins de chantier. Elle vous offre des conseils professionnels sur les produits et des conseils d&#039;achat judicieux pour vous aider \u00e0 prendre des d\u00e9cisions \u00e9clair\u00e9es.<\/li>\n<li><strong>Syst\u00e8me de distribution logistique efficace :<\/strong> Nous disposons d&#039;un syst\u00e8me de distribution logistique efficace pour garantir que nos clients re\u00e7oivent les pi\u00e8ces requises en temps opportun et de mani\u00e8re pr\u00e9cise.<\/li>\n<\/ol>\n<p><img decoding=\"async\" src=\"https:\/\/fmp-components.com\/wp-content\/uploads\/2025\/01\/Dump-Truck-Trailer-Hydraulic-Cylinder-product-3-3.webp\" alt=\"V\u00e9rin hydraulique\" width=\"800\" title=\"\"><\/p>\n<p>Chez FMP, nous nous engageons \u00e0 fournir \u00e0 nos clients des accessoires pour engins de chantier fiables et de haute qualit\u00e9, ainsi que des solutions compl\u00e8tes. Gr\u00e2ce \u00e0 nos installations modernes, nos machines-outils \u00e0 commande num\u00e9rique, notre conception assist\u00e9e par ordinateur, nos employ\u00e9s qualifi\u00e9s, nos experts en syst\u00e8mes hydrauliques, nos assembleurs de v\u00e9rins et nos revendeurs, nous sommes le partenaire privil\u00e9gi\u00e9 pour r\u00e9pondre \u00e0 vos besoins en v\u00e9rins hydrauliques, kits de v\u00e9rins et composants.<\/p>\n<p>Auteur : CX<\/p>","protected":false},"excerpt":{"rendered":"<p>Product Name: Italy Factory Long Stroke Double Acting Tractor Hydraulic Steering Cylinder Description: The Italy Factory Long Stroke Double Acting Tractor Hydraulic Steering Cylinder is a high-quality component designed to provide precision steering control for tractors. It is constructed with the finest materials to ensure long-lasting performance and durability. The cylinder features double-acting functionality that [&hellip;]<\/p>","protected":false},"featured_media":2814,"comment_status":"closed","ping_status":"closed","template":"","meta":{"_et_pb_use_builder":"","_et_pb_old_content":"","_et_gb_content_width":""},"product_brand":[],"product_cat":[67],"product_tag":[34,70],"class_list":{"0":"post-2813","1":"product","2":"type-product","3":"status-publish","4":"has-post-thumbnail","6":"product_cat-steering-hydraulic-cylinder","7":"product_tag-hydraulic-cylinder","8":"product_tag-steering-hydraulic-cylinder","10":"first","11":"instock","12":"product-type-simple"},"_links":{"self":[{"href":"https:\/\/fmp-components.com\/fr\/wp-json\/wp\/v2\/product\/2813","targetHints":{"allow":["GET"]}}],"collection":[{"href":"https:\/\/fmp-components.com\/fr\/wp-json\/wp\/v2\/product"}],"about":[{"href":"https:\/\/fmp-components.com\/fr\/wp-json\/wp\/v2\/types\/product"}],"replies":[{"embeddable":true,"href":"https:\/\/fmp-components.com\/fr\/wp-json\/wp\/v2\/comments?post=2813"}],"wp:featuredmedia":[{"embeddable":true,"href":"https:\/\/fmp-components.com\/fr\/wp-json\/wp\/v2\/media\/2814"}],"wp:attachment":[{"href":"https:\/\/fmp-components.com\/fr\/wp-json\/wp\/v2\/media?parent=2813"}],"wp:term":[{"taxonomy":"product_brand","embeddable":true,"href":"https:\/\/fmp-components.com\/fr\/wp-json\/wp\/v2\/product_brand?post=2813"},{"taxonomy":"product_cat","embeddable":true,"href":"https:\/\/fmp-components.com\/fr\/wp-json\/wp\/v2\/product_cat?post=2813"},{"taxonomy":"product_tag","embeddable":true,"href":"https:\/\/fmp-components.com\/fr\/wp-json\/wp\/v2\/product_tag?post=2813"}],"curies":[{"name":"wp","href":"https:\/\/api.w.org\/{rel}","templated":true}]}}