{"id":2799,"date":"2025-01-04T05:22:33","date_gmt":"2025-01-04T05:22:33","guid":{"rendered":"https:\/\/fmp-components.com\/product\/italy-supplier-long-stroke-tractor-hydraulic-steering-cylinder-hydraulic-cylinder-double-acting\/"},"modified":"2025-03-18T02:07:21","modified_gmt":"2025-03-18T02:07:21","slug":"italy-supplier-long-stroke-tractor-hydraulic-steering-cylinder-hydraulic-cylinder-double-acting","status":"publish","type":"product","link":"https:\/\/fmp-components.com\/fr\/product\/italy-supplier-long-stroke-tractor-hydraulic-steering-cylinder-hydraulic-cylinder-double-acting\/","title":{"rendered":"Fournisseur italien V\u00e9rin de direction hydraulique \u00e0 longue course pour tracteur V\u00e9rin hydraulique \u00e0 double effet"},"content":{"rendered":"<h2>Cylindre de direction assist\u00e9e hydraulique bidirectionnel \u00e0 longue course professionnel pour tracteur<\/h2>\n<p>Le v\u00e9rin hydraulique \u00e0 piston bidirectionnel \u00e0 longue course pour direction assist\u00e9e de tracteur est un v\u00e9rin hydraulique de haute qualit\u00e9 con\u00e7u pour les tracteurs. Fabriqu\u00e9 \u00e0 partir de mat\u00e9riaux de premi\u00e8re qualit\u00e9, ce v\u00e9rin est durable, r\u00e9sistant et offre des performances fiables m\u00eame dans les conditions les plus difficiles.<\/p>\n<p>Dot\u00e9 d'une longue course, ce v\u00e9rin hydraulique offre une puissance accrue et des performances am\u00e9lior\u00e9es aux tracteurs. V\u00e9rin bidirectionnel, il peut fonctionner dans les deux sens, ce qui lui conf\u00e8re une grande polyvalence et une flexibilit\u00e9 d'utilisation dans diverses applications.<\/p>\n<p>La direction assist\u00e9e de ce v\u00e9rin permet de contr\u00f4ler facilement et efficacement les tracteurs, m\u00eame dans des conditions difficiles. La conception du piston hydraulique assure un mouvement fluide, pr\u00e9cis et fiable, ce qui le rend id\u00e9al pour diverses applications agricoles et industrielles.<\/p>\n<p>Que vous recherchiez un v\u00e9rin hydraulique de haute qualit\u00e9 pour votre tracteur ou un v\u00e9rin de direction assist\u00e9e fiable et durable pour votre mat\u00e9riel agricole ou industriel, le v\u00e9rin de direction assist\u00e9e hydraulique professionnel \u00e0 longue course et \u00e0 double piston pour tracteur est un excellent choix. Gr\u00e2ce \u00e0 sa construction de haute qualit\u00e9, ses fonctionnalit\u00e9s avanc\u00e9es et ses performances exceptionnelles, ce v\u00e9rin saura d\u00e9passer vos attentes et vous offrir des r\u00e9sultats remarquables.<\/p>\n<h2>Pr\u00e9sentation du fournisseur italien\u00a0: v\u00e9rin de direction hydraulique \u00e0 longue course pour tracteur, v\u00e9rin hydraulique \u00e0 double effet<\/h2>\n<p>Les v\u00e9rins hydrauliques sont depuis longtemps un \u00e9l\u00e9ment essentiel de l'industrie des machines. Parmi les produits qui ont r\u00e9volutionn\u00e9 ce secteur, on trouve le v\u00e9rin de direction hydraulique \u00e0 double effet pour tracteur \u00e0 longue course, fabriqu\u00e9 en Italie par FMP, un acteur majeur du march\u00e9 italien des v\u00e9rins hydrauliques.<\/p>\n<h2>Classification et avantages<\/h2>\n<p>Notre gamme de produits comprend des v\u00e9rins hydrauliques d'inclinaison, de direction et de levage. Chaque cat\u00e9gorie pr\u00e9sente des applications et des avantages sp\u00e9cifiques. Le v\u00e9rin de direction hydraulique \u00e0 double effet pour tracteur, \u00e0 longue course et de fabrication italienne, est particuli\u00e8rement reconnu pour sa puissance et son rendement exceptionnels.<\/p>\n<h2>Installation, r\u00e9paration et entretien<\/h2>\n<p>L'installation de nos v\u00e9rins hydrauliques est simple et rapide, et nous fournissons des instructions claires \u00e0 cet effet. Nos produits sont con\u00e7us pour durer, mais en cas de probl\u00e8me, nous proposons \u00e9galement des services de r\u00e9paration et d'entretien.<\/p>\n<h2>Choisir les bons produits hydrauliques<\/h2>\n<p>Le choix de l'huile hydraulique et du joint d'\u00e9tanch\u00e9it\u00e9 appropri\u00e9s est essentiel pour un fonctionnement optimal des v\u00e9rins hydrauliques. Nous pouvons vous accompagner dans ce choix en fonction de vos besoins sp\u00e9cifiques. Nous vous conseillons \u00e9galement sur le moment et la m\u00e9thode de remplacement de ces composants.<\/p>\n<p><img decoding=\"async\" src=\"https:\/\/hzpt.com\/wp-content\/uploads\/2023\/11\/Steering-Hydraulic-Cylinder-4.webp\" alt=\"\" title=\"\"><\/p>\n<h2>Application du v\u00e9rin hydraulique de direction<\/h2>\n<p>Les v\u00e9rins hydrauliques de direction sont des composants essentiels des syst\u00e8mes de direction de divers types de v\u00e9hicules. Ces v\u00e9rins, \u00e9galement appel\u00e9s actionneurs de direction, convertissent l&#039;\u00e9nergie g\u00e9n\u00e9r\u00e9e par une pompe de direction en mouvement lin\u00e9aire permettant de modifier la direction des roues du v\u00e9hicule. Voici quelques applications des v\u00e9rins hydrauliques de direction\u00a0:<\/p>\n<ol>\n<li>V\u00e9hicules lourds\u00a0: Les v\u00e9rins hydrauliques de direction sont couramment utilis\u00e9s sur les v\u00e9hicules lourds tels que les camions, les autobus et les engins de chantier. Ces v\u00e9hicules n\u00e9cessitent une force de direction importante, et un v\u00e9rin hydraulique peut g\u00e9n\u00e9rer la puissance n\u00e9cessaire pour faire tourner les roues m\u00eame sous une charge importante. Le syst\u00e8me hydraulique permet \u00e9galement un contr\u00f4le plus pr\u00e9cis du m\u00e9canisme de direction, facilitant ainsi la conduite de v\u00e9hicules volumineux et encombrants.<\/li>\n<li>V\u00e9hicules tout-terrain\u00a0: Les v\u00e9hicules tout-terrain tels que les VTT, les buggys et les motos tout-terrain b\u00e9n\u00e9ficient \u00e9galement de v\u00e9rins hydrauliques de direction. Ces v\u00e9hicules \u00e9voluent souvent sur des terrains accident\u00e9s o\u00f9 les m\u00e9canismes de direction conventionnels peuvent s'av\u00e9rer inefficaces. Les v\u00e9rins hydrauliques peuvent fournir la puissance et la pr\u00e9cision n\u00e9cessaires pour franchir les obstacles et garder le contr\u00f4le du v\u00e9hicule.<\/li>\n<li>Applications marines et a\u00e9rospatiales\u00a0: Les v\u00e9rins hydrauliques de direction ne se limitent pas aux v\u00e9hicules terrestres. Ils sont \u00e9galement utilis\u00e9s dans les applications marines, comme les bateaux et les navires, ainsi que dans les technologies a\u00e9rospatiales, comme les engins spatiaux et les avions. Dans ces contextes, les v\u00e9rins hydrauliques servent \u00e0 manipuler la direction des gouvernails, des d\u00e9rives et autres gouvernes qui contribuent \u00e0 la direction du navire ou de l'avion.<\/li>\n<li>\u00c9quipements industriels\u00a0: Les v\u00e9rins hydrauliques sont \u00e9galement utilis\u00e9s dans divers environnements industriels pour la direction et d'autres applications. Par exemple, ils peuvent servir \u00e0 diriger des grues, des chariots \u00e9l\u00e9vateurs ou d'autres machines lourdes. Dans ces environnements, les v\u00e9rins hydrauliques peuvent fournir la puissance et la pr\u00e9cision n\u00e9cessaires pour manipuler des charges lourdes ou op\u00e9rer dans des espaces restreints.<\/li>\n<li>Applications personnalis\u00e9es\u00a0: Outre ces applications courantes, les v\u00e9rins hydrauliques de direction peuvent \u00e9galement \u00eatre utilis\u00e9s dans divers environnements personnalis\u00e9s. Par exemple, ils peuvent \u00eatre utilis\u00e9s dans des v\u00e9hicules exp\u00e9rimentaux ou des prototypes n\u00e9cessitant un m\u00e9canisme de direction unique. Ils peuvent \u00e9galement \u00eatre utilis\u00e9s dans des installations artistiques ou des sculptures cin\u00e9tiques exigeant un mouvement pr\u00e9cis et contr\u00f4l\u00e9.<\/li>\n<\/ol>\n<p>Comme vous pouvez le constater, les v\u00e9rins hydrauliques de direction ont une large gamme d&#039;applications dans divers secteurs et environnements. Qu&#039;ils soient utilis\u00e9s dans les v\u00e9hicules lourds, les v\u00e9hicules tout-terrain, les applications marines et a\u00e9rospatiales, les \u00e9quipements industriels ou les applications personnalis\u00e9es, ces v\u00e9rins fournissent la puissance, la pr\u00e9cision et le contr\u00f4le n\u00e9cessaires \u00e0 une direction efficace.<\/p>\n<h2>\u00c0 propos de FMP<\/h2>\n<p>FMP est un fabricant et distributeur leader de v\u00e9rins hydrauliques, de kits de v\u00e9rins et de composants de haute qualit\u00e9 pour engins de chantier. Forts de nombreuses ann\u00e9es d&#039;exp\u00e9rience dans le secteur et d&#039;une \u00e9quipe professionnelle, nous nous engageons \u00e0 fournir \u00e0 nos clients des solutions fiables et efficaces pour leurs besoins en engins de chantier.<\/p>\n<p>Voici cinq raisons pour lesquelles vous devriez choisir FMP\u00a0:<\/p>\n<ol>\n<li><strong>V\u00e9rins hydrauliques de haute qualit\u00e9 :<\/strong> Nous utilisons une ing\u00e9nierie de pr\u00e9cision pour la fabrication de nos v\u00e9rins hydrauliques. Notre engagement envers la qualit\u00e9 nous garantit l&#039;utilisation exclusive de mati\u00e8res premi\u00e8res de la plus haute qualit\u00e9 et des contr\u00f4les qualit\u00e9 rigoureux des produits finis afin de garantir qu&#039;ils respectent et d\u00e9passent les normes de l&#039;industrie.<\/li>\n<li><strong>Vaste gamme de produits :<\/strong> Notre gamme de produits couvre tous les types d&#039;engins de chantier et d&#039;accessoires. Nous proposons divers v\u00e9rins hydrauliques, bo\u00eetes de vitesses, cha\u00eenes, pignons, accessoires moteur, composants de syst\u00e8mes hydrauliques, accessoires de ch\u00e2ssis et accessoires de syst\u00e8mes \u00e9lectriques.<\/li>\n<li><strong>Partenariats \u00e9tablis :<\/strong> Nous avons \u00e9tabli des partenariats durables et stables avec de nombreux fournisseurs nationaux et \u00e9trangers de grande qualit\u00e9. Cela garantit que tous les accessoires fournis r\u00e9pondent \u00e0 nos normes de qualit\u00e9 strictes.<\/li>\n<li><strong>\u00c9quipe de vente exp\u00e9riment\u00e9e :<\/strong> Notre \u00e9quipe commerciale poss\u00e8de de nombreuses ann\u00e9es d&#039;exp\u00e9rience et une connaissance approfondie du secteur des engins de chantier. Elle vous offre des conseils professionnels sur les produits et des conseils d&#039;achat judicieux pour vous aider \u00e0 prendre des d\u00e9cisions \u00e9clair\u00e9es.<\/li>\n<li><strong>Syst\u00e8me de distribution logistique efficace :<\/strong> Nous disposons d&#039;un syst\u00e8me de distribution logistique efficace pour garantir que nos clients re\u00e7oivent les pi\u00e8ces requises en temps opportun et de mani\u00e8re pr\u00e9cise.<\/li>\n<\/ol>\n<p><img decoding=\"async\" src=\"https:\/\/fmp-components.com\/wp-content\/uploads\/2025\/01\/Dump-Truck-Trailer-Hydraulic-Cylinder-product-3-3.webp\" alt=\"V\u00e9rin hydraulique\" width=\"800\" title=\"\"><\/p>\n<p>Chez FMP, nous nous engageons \u00e0 fournir \u00e0 nos clients des accessoires pour engins de chantier fiables et de haute qualit\u00e9, ainsi que des solutions compl\u00e8tes. Gr\u00e2ce \u00e0 nos installations modernes, nos machines-outils \u00e0 commande num\u00e9rique, notre conception assist\u00e9e par ordinateur, nos employ\u00e9s qualifi\u00e9s, nos experts en syst\u00e8mes hydrauliques, nos assembleurs de v\u00e9rins et nos revendeurs, nous sommes le partenaire privil\u00e9gi\u00e9 pour r\u00e9pondre \u00e0 vos besoins en v\u00e9rins hydrauliques, kits de v\u00e9rins et composants.<\/p>\n<p>Auteur : CX<\/p>","protected":false},"excerpt":{"rendered":"<p>Professional Long Stroke Two Way Hydraulic Piston Cylinder Power Steering Cylinder for Tractor The Professional Long Stroke Two Way Hydraulic Piston Cylinder Power Steering Cylinder for Tractor is a high-quality hydraulic cylinder designed for use in tractors. Made from premium quality materials, this cylinder is durable, long-lasting, and capable of delivering reliable performance in the [&hellip;]<\/p>","protected":false},"featured_media":2800,"comment_status":"closed","ping_status":"closed","template":"","meta":{"_et_pb_use_builder":"","_et_pb_old_content":"","_et_gb_content_width":""},"product_brand":[],"product_cat":[67],"product_tag":[34,70],"class_list":{"0":"post-2799","1":"product","2":"type-product","3":"status-publish","4":"has-post-thumbnail","6":"product_cat-steering-hydraulic-cylinder","7":"product_tag-hydraulic-cylinder","8":"product_tag-steering-hydraulic-cylinder","10":"first","11":"instock","12":"product-type-simple"},"_links":{"self":[{"href":"https:\/\/fmp-components.com\/fr\/wp-json\/wp\/v2\/product\/2799","targetHints":{"allow":["GET"]}}],"collection":[{"href":"https:\/\/fmp-components.com\/fr\/wp-json\/wp\/v2\/product"}],"about":[{"href":"https:\/\/fmp-components.com\/fr\/wp-json\/wp\/v2\/types\/product"}],"replies":[{"embeddable":true,"href":"https:\/\/fmp-components.com\/fr\/wp-json\/wp\/v2\/comments?post=2799"}],"wp:featuredmedia":[{"embeddable":true,"href":"https:\/\/fmp-components.com\/fr\/wp-json\/wp\/v2\/media\/2800"}],"wp:attachment":[{"href":"https:\/\/fmp-components.com\/fr\/wp-json\/wp\/v2\/media?parent=2799"}],"wp:term":[{"taxonomy":"product_brand","embeddable":true,"href":"https:\/\/fmp-components.com\/fr\/wp-json\/wp\/v2\/product_brand?post=2799"},{"taxonomy":"product_cat","embeddable":true,"href":"https:\/\/fmp-components.com\/fr\/wp-json\/wp\/v2\/product_cat?post=2799"},{"taxonomy":"product_tag","embeddable":true,"href":"https:\/\/fmp-components.com\/fr\/wp-json\/wp\/v2\/product_tag?post=2799"}],"curies":[{"name":"wp","href":"https:\/\/api.w.org\/{rel}","templated":true}]}}