{"id":2735,"date":"2025-01-04T03:19:05","date_gmt":"2025-01-04T03:19:05","guid":{"rendered":"https:\/\/fmp-components.com\/?page_id=8"},"modified":"2025-01-04T03:19:05","modified_gmt":"2025-01-04T03:19:05","slug":"grader-driven-rake-gearbox-fmp112-for-variable-speed-rotary-tillers-and-beaters","status":"publish","type":"product","link":"https:\/\/fmp-components.com\/fr\/product\/grader-driven-rake-gearbox-fmp112-for-variable-speed-rotary-tillers-and-beaters\/","title":{"rendered":"Bo\u00eete de vitesses FMP112 pour r\u00e2teaux et motoculteurs \u00e0 vitesse variable"},"content":{"rendered":"<h2>Dimensions de la bo\u00eete de vitesses du r\u00e2teau entra\u00een\u00e9 de niveleuse FMP112\u00a0<img loading=\"lazy\" decoding=\"async\" class=\"alignnone size-full wp-image-2743\" src=\"https:\/\/fmp-components.com\/wp-content\/uploads\/2025\/01\/Grader-Driven-Rake-Gearbox-EP112-Dimensions.webp\" alt=\"Dimensions de la bo\u00eete de vitesses du r\u00e2teau entra\u00een\u00e9 par niveleuse EP112\" width=\"1173\" height=\"872\" title=\"\" srcset=\"https:\/\/fmp-components.com\/wp-content\/uploads\/2025\/01\/Grader-Driven-Rake-Gearbox-EP112-Dimensions.webp 1173w, https:\/\/fmp-components.com\/wp-content\/uploads\/2025\/01\/Grader-Driven-Rake-Gearbox-EP112-Dimensions-980x729.webp 980w, https:\/\/fmp-components.com\/wp-content\/uploads\/2025\/01\/Grader-Driven-Rake-Gearbox-EP112-Dimensions-480x357.webp 480w\" sizes=\"(min-width: 0px) and (max-width: 480px) 480px, (min-width: 481px) and (max-width: 980px) 980px, (min-width: 981px) 1173px, 100vw\" \/><\/h2>\n<h2>Donn\u00e9es techniques de la bo\u00eete de vitesses \u00e0 r\u00e2teau entra\u00een\u00e9 de niveleuse FMP112<\/h2>\n<table style=\"width: 99.845%;\" border=\"1\" cellspacing=\"0\" cellpadding=\"0\">\n<tbody>\n<tr>\n<td style=\"width: 17.2144%;\" colspan=\"2\" rowspan=\"2\">je<\/td>\n<td style=\"width: 25.8216%;\" rowspan=\"2\">Appropri\u00e9<\/td>\n<td style=\"width: 10.1721%;\">Entr\u00e9e de r\u00e9gime<\/td>\n<td style=\"width: 11.5806%;\">Vitesse de sortie<\/td>\n<td style=\"width: 9.85915%;\">KW(Nom)<\/td>\n<td style=\"width: 9.38967%;\">kW (max.)<\/td>\n<td style=\"width: 60.4771%;\" rowspan=\"2\">Dentition<\/td>\n<\/tr>\n<tr>\n<td style=\"width: 10.1721%;\">tr\/min<\/td>\n<td style=\"width: 11.5806%;\">tr\/min<\/td>\n<td style=\"width: 9.85915%;\">hp<\/td>\n<td style=\"width: 9.38967%;\">hp<\/td>\n<\/tr>\n<tr>\n<td style=\"width: 10.7981%;\">Ralentir<\/td>\n<td style=\"width: 6.41628%;\">1.62:1<\/td>\n<td style=\"width: 25.8216%;\" rowspan=\"4\">Motoculteurs, batteurs, etc.<\/td>\n<td style=\"width: 10.1721%;\">540<\/td>\n<td style=\"width: 11.5806%;\">333<\/td>\n<td style=\"width: 9.85915%;\">76<\/td>\n<td style=\"width: 9.38967%;\">116<\/td>\n<td style=\"width: 60.4771%;\" rowspan=\"4\">H\u00e9lico\u00efdal de Gleason<br \/>\nDents<\/td>\n<\/tr>\n<tr>\n<td style=\"width: 10.7981%;\">Ralentir<\/td>\n<td style=\"width: 6.41628%;\">1.82:1<\/td>\n<td style=\"width: 10.1721%;\">540<\/td>\n<td style=\"width: 11.5806%;\">296<\/td>\n<td style=\"width: 9.85915%;\">70<\/td>\n<td style=\"width: 9.38967%;\">120<\/td>\n<\/tr>\n<tr>\n<td style=\"width: 10.7981%;\">Ralentir<\/td>\n<td style=\"width: 6.41628%;\">2.03:1<\/td>\n<td style=\"width: 10.1721%;\">540<\/td>\n<td style=\"width: 11.5806%;\">266<\/td>\n<td style=\"width: 9.85915%;\">68<\/td>\n<td style=\"width: 9.38967%;\">114<\/td>\n<\/tr>\n<tr>\n<td style=\"width: 10.7981%;\">Ralentir<\/td>\n<td style=\"width: 6.41628%;\">2.28:1<\/td>\n<td style=\"width: 10.1721%;\">540<\/td>\n<td style=\"width: 11.5806%;\">236<\/td>\n<td style=\"width: 9.85915%;\">62<\/td>\n<td style=\"width: 9.38967%;\">105<\/td>\n<\/tr>\n<tr>\n<td style=\"width: 144.515%;\" colspan=\"8\">Remarque : si vous avez des exigences particuli\u00e8res, n'h\u00e9sitez pas \u00e0 me le faire savoir, nous acceptons \u00e9galement les personnalisations.<\/td>\n<\/tr>\n<\/tbody>\n<\/table>\n<h2>Dimensions de l'arbre de la bo\u00eete de vitesses du r\u00e2teau entra\u00een\u00e9 de niveleuse FMP112<\/h2>\n<p><img loading=\"lazy\" decoding=\"async\" class=\"alignnone size-full wp-image-2741\" src=\"https:\/\/fmp-components.com\/wp-content\/uploads\/2025\/01\/Grader-Driven-Rake-Gearbox-EP112-Shaft-Dimensions.webp\" alt=\"Dimensions de l&#039;arbre de la bo\u00eete de vitesses d&#039;entra\u00eenement du r\u00e2teau de niveleuse EP112\" width=\"1077\" height=\"362\" title=\"\" srcset=\"https:\/\/fmp-components.com\/wp-content\/uploads\/2025\/01\/Grader-Driven-Rake-Gearbox-EP112-Shaft-Dimensions.webp 1077w, https:\/\/fmp-components.com\/wp-content\/uploads\/2025\/01\/Grader-Driven-Rake-Gearbox-EP112-Shaft-Dimensions-980x329.webp 980w, https:\/\/fmp-components.com\/wp-content\/uploads\/2025\/01\/Grader-Driven-Rake-Gearbox-EP112-Shaft-Dimensions-480x161.webp 480w\" sizes=\"(min-width: 0px) and (max-width: 480px) 480px, (min-width: 481px) and (max-width: 980px) 980px, (min-width: 981px) 1077px, 100vw\" \/><\/p>\n<h2>Tube d'extension pour bo\u00eete de vitesses de r\u00e2teau entra\u00een\u00e9 de niveleuse FMP112<\/h2>\n<p><img loading=\"lazy\" decoding=\"async\" class=\"alignnone size-full wp-image-2742\" src=\"https:\/\/fmp-components.com\/wp-content\/uploads\/2025\/01\/Grader-Driven-Rake-Gearbox-EP112-Extension-Pipe.webp\" alt=\"Tuyau d&#039;extension pour r\u00e2teau entra\u00een\u00e9 de niveleuse EP112\" width=\"1143\" height=\"615\" title=\"\" srcset=\"https:\/\/fmp-components.com\/wp-content\/uploads\/2025\/01\/Grader-Driven-Rake-Gearbox-EP112-Extension-Pipe.webp 1143w, https:\/\/fmp-components.com\/wp-content\/uploads\/2025\/01\/Grader-Driven-Rake-Gearbox-EP112-Extension-Pipe-980x527.webp 980w, https:\/\/fmp-components.com\/wp-content\/uploads\/2025\/01\/Grader-Driven-Rake-Gearbox-EP112-Extension-Pipe-480x258.webp 480w\" sizes=\"(min-width: 0px) and (max-width: 480px) 480px, (min-width: 481px) and (max-width: 980px) 980px, (min-width: 981px) 1143px, 100vw\" \/><\/p>\n<h2>Composants de la bo\u00eete de vitesses du r\u00e2teau entra\u00een\u00e9 de niveleuse FMP112<\/h2>\n<p>La bo\u00eete de vitesses pour r\u00e2teau entra\u00een\u00e9 de niveleuse FMP112 se compose g\u00e9n\u00e9ralement des composants cl\u00e9s suivants, con\u00e7us pour assurer une transmission de puissance efficace et un fonctionnement fiable dans les applications agricoles et industrielles\u00a0:<\/p>\n<ol>\n<li><strong>Logement<\/strong>Le carter ext\u00e9rieur de la bo\u00eete de vitesses, g\u00e9n\u00e9ralement en fonte ou en acier haute r\u00e9sistance, assure le support structurel et abrite les composants internes. Il est con\u00e7u pour r\u00e9sister \u00e0 des charges importantes et prot\u00e9ger les engrenages internes des intemp\u00e9ries.<\/li>\n<li><strong>arbre d'entr\u00e9e<\/strong>Cet arbre se connecte \u00e0 la source d'\u00e9nergie (par exemple, un tracteur ou un autre engin) et transmet l'\u00e9nergie de rotation \u00e0 la bo\u00eete de vitesses. Il est g\u00e9n\u00e9ralement entra\u00een\u00e9 par une prise de force ou un autre m\u00e9canisme d'entra\u00eenement.<\/li>\n<li><strong>arbre de sortie<\/strong>L'arbre de sortie transmet la puissance de la bo\u00eete de vitesses au r\u00e2teau ou \u00e0 toute autre machine entra\u00een\u00e9e. Il est con\u00e7u pour supporter les exigences de couple et de vitesse de l'application.<\/li>\n<li><strong>Engrenages<\/strong>Ces \u00e9l\u00e9ments constituent le c\u0153ur du r\u00e9ducteur\u00a0; ils assurent la transmission du mouvement et le r\u00e9glage de la vitesse de rotation et du couple. Selon sa conception, le r\u00e9ducteur peut comporter des engrenages coniques, h\u00e9lico\u00efdaux ou \u00e0 vis sans fin afin d\u2019obtenir les caract\u00e9ristiques de sortie souhait\u00e9es.<\/li>\n<li><strong>Roulements<\/strong>Les paliers supportent les \u00e9l\u00e9ments rotatifs de la bo\u00eete de vitesses, notamment les arbres d'entr\u00e9e, de sortie et interm\u00e9diaires. Ils r\u00e9duisent le frottement et assurent une rotation fluide tout en absorbant les charges axiales et radiales.<\/li>\n<li><strong>Joints et garnitures<\/strong>Les joints d'\u00e9tanch\u00e9it\u00e9 servent \u00e0 emp\u00eacher les fuites de lubrifiants et de contaminants \u00e0 l'int\u00e9rieur ou \u00e0 l'ext\u00e9rieur de la bo\u00eete de vitesses. Ils sont essentiels au maintien d'une lubrification optimale et \u00e0 la long\u00e9vit\u00e9 des composants internes.<\/li>\n<li><strong>Syst\u00e8me de lubrification<\/strong>La bo\u00eete de vitesses est \u00e9quip\u00e9e d'un syst\u00e8me de lubrification, g\u00e9n\u00e9ralement \u00e0 l'huile ou \u00e0 la graisse, afin de r\u00e9duire le frottement entre les pi\u00e8ces mobiles et de dissiper la chaleur g\u00e9n\u00e9r\u00e9e pendant son fonctionnement. Ceci contribue \u00e0 garantir un rendement optimal et \u00e0 prolonger la dur\u00e9e de vie de la bo\u00eete de vitesses.<\/li>\n<li><strong>M\u00e9canisme de changement de vitesse (le cas \u00e9ch\u00e9ant)<\/strong>Certaines bo\u00eetes de vitesses sont dot\u00e9es d'un m\u00e9canisme de changement de vitesse permettant \u00e0 l'utilisateur de r\u00e9gler la vitesse ou le couple. Ce m\u00e9canisme se compose g\u00e9n\u00e9ralement de leviers ou de s\u00e9lecteurs qui enclenchent diff\u00e9rents rapports.<\/li>\n<li><strong>Ensembles de pignons et d'engrenages<\/strong>Le pignon et les engrenages correspondants fonctionnent ensemble pour fournir les rapports de couple et de vitesse corrects, essentiels pour un fonctionnement efficace dans les applications de ratissage.<\/li>\n<li><strong>Couvercle et fixations du bo\u00eetier<\/strong>Le couvercle du carter assure l'\u00e9tanch\u00e9it\u00e9 de la bo\u00eete de vitesses et permet d'acc\u00e9der aux composants internes pour la maintenance. Des fixations, telles que des boulons ou des vis, maintiennent le carter et son couvercle en place.<\/li>\n<\/ol>\n<p>Ces composants fonctionnent collectivement pour garantir que la bo\u00eete de vitesses du r\u00e2teau entra\u00een\u00e9 par niveleuse FMP112 assure la transmission de puissance et la durabilit\u00e9 requises, soutenant efficacement les t\u00e2ches des machines agricoles telles que le ratissage, le nivellement et d'autres applications lourdes.<\/p>\n<p><img loading=\"lazy\" decoding=\"async\" class=\"alignnone size-full wp-image-2738\" src=\"https:\/\/fmp-components.com\/wp-content\/uploads\/2025\/01\/Grader-Driven-Rake-Gearbox-EP112-Components1-scaled.webp\" alt=\"Bo\u00eete de vitesses pour r\u00e2teau entra\u00een\u00e9 de niveleuse EP112 - Composants (1)\" width=\"2560\" height=\"1421\" title=\"\" srcset=\"https:\/\/fmp-components.com\/wp-content\/uploads\/2025\/01\/Grader-Driven-Rake-Gearbox-EP112-Components1-scaled.webp 2560w, https:\/\/fmp-components.com\/wp-content\/uploads\/2025\/01\/Grader-Driven-Rake-Gearbox-EP112-Components1-1280x711.webp 1280w, https:\/\/fmp-components.com\/wp-content\/uploads\/2025\/01\/Grader-Driven-Rake-Gearbox-EP112-Components1-980x544.webp 980w, https:\/\/fmp-components.com\/wp-content\/uploads\/2025\/01\/Grader-Driven-Rake-Gearbox-EP112-Components1-480x266.webp 480w\" sizes=\"(min-width: 0px) and (max-width: 480px) 480px, (min-width: 481px) and (max-width: 980px) 980px, (min-width: 981px) and (max-width: 1280px) 1280px, (min-width: 1281px) 2560px, 100vw\" \/><\/p>\n<h2>Applications de la bo\u00eete de vitesses FMP112 pour r\u00e2teau entra\u00een\u00e9 de niveleuse<\/h2>\n<p>Le r\u00e9ducteur pour r\u00e2teau entra\u00een\u00e9 de niveleuse FMP112 est con\u00e7u pour une utilisation dans diverses applications agricoles et industrielles o\u00f9 une transmission de puissance efficace et des performances fiables sont essentielles. Voici quelques applications courantes\u00a0:<\/p>\n<ol>\n<li><strong>machines agricoles<\/strong>:\n<ul>\n<li><strong>Syst\u00e8mes de r\u00e2teaux<\/strong>La bo\u00eete de vitesses FMP112 est largement utilis\u00e9e dans les andaineurs agricoles, notamment pour le foin, la paille ou l'herbe. Elle transmet efficacement la puissance du tracteur \u00e0 l'andaineur, assurant ainsi un andainage et une r\u00e9partition uniformes et efficaces des mat\u00e9riaux.<\/li>\n<li><strong>conditionneurs de tondeuses<\/strong>Dans les faucheuses-conditionneuses, la bo\u00eete de vitesses contribue \u00e0 entra\u00eener le syst\u00e8me de conditionnement, am\u00e9liorant ainsi le processus de s\u00e9chage des r\u00e9coltes comme le foin ou l'ensilage.<\/li>\n<li><strong>faneuses<\/strong>La bo\u00eete de vitesses est utilis\u00e9e dans les faneuses, qui permettent de retourner le foin ou l'herbe pour faciliter le s\u00e9chage. Elle garantit un fonctionnement efficace de la machine \u00e0 la vitesse requise.<\/li>\n<\/ul>\n<\/li>\n<li><strong>\u00c9quipement de nivellement et d'am\u00e9nagement paysager<\/strong>:\n<ul>\n<li><strong>Lames de niveleuse<\/strong>La bo\u00eete de vitesses se trouve dans les lames de niveleuse utilis\u00e9es pour le nivellement et le lissage des sols lors de travaux de construction et d'am\u00e9nagement paysager. Elle transmet la puissance de la prise de force du v\u00e9hicule \u00e0 la lame de niveleuse, garantissant ainsi son bon fonctionnement.<\/li>\n<li><strong>Entretien des routes<\/strong>: Dans les \u00e9quipements d'entretien routier, la bo\u00eete de vitesses FMP112 aide \u00e0 actionner les fonctions de ratissage et de nivellement, contribuant ainsi \u00e0 l'entretien et \u00e0 la restauration des routes et autres infrastructures.<\/li>\n<\/ul>\n<\/li>\n<li><strong>\u00c9quipement forestier<\/strong>:\n<ul>\n<li><strong>R\u00e2teaux \u00e0 copeaux de bois<\/strong>La bo\u00eete de vitesses est souvent utilis\u00e9e dans les \u00e9quipements forestiers, notamment dans les syst\u00e8mes de ratissage des copeaux de bois o\u00f9 elle contribue \u00e0 r\u00e9partir uniform\u00e9ment les copeaux de bois sur le sol pour un traitement ou un s\u00e9chage efficace.<\/li>\n<li><strong>Machines de d\u00e9broussaillage<\/strong>Il est utilis\u00e9 dans les machines de d\u00e9broussaillage pour une gestion efficace de la v\u00e9g\u00e9tation, assurant un bon fonctionnement des op\u00e9rations de d\u00e9broussaillage en foresterie et en gestion des terres.<\/li>\n<\/ul>\n<\/li>\n<li><strong>R\u00e9colte d'ensilage et de foin<\/strong>:\n<ul>\n<li><strong>andaineuses<\/strong>Lors de la r\u00e9colte du foin et de l'ensilage, la bo\u00eete de vitesses est utilis\u00e9e dans les andaineurs pour entra\u00eener le m\u00e9canisme de ramassage, permettant ainsi \u00e0 la machine d'andainer et d'organiser efficacement les r\u00e9coltes pour faciliter la r\u00e9colte ou la mise en balles.<\/li>\n<\/ul>\n<\/li>\n<li><strong>Syst\u00e8mes d&#039;irrigation<\/strong>:\n<ul>\n<li style=\"list-style-type: none;\">\n<ul>\n<li><strong>\u00c9quipement d'irrigation<\/strong>Dans certains syst\u00e8mes d'irrigation, le r\u00e9ducteur contribue \u00e0 alimenter les bras de r\u00e2teau rotatifs ou des m\u00e9canismes similaires qui r\u00e9partissent l'eau uniform\u00e9ment sur les champs, assurant ainsi une croissance et une efficacit\u00e9 optimales des cultures.<\/li>\n<\/ul>\n<\/li>\n<\/ul>\n<\/li>\n<\/ol>\n<p>Dans ces applications, le r\u00e9ducteur de r\u00e2teau entra\u00een\u00e9 de niveleuse FMP112 garantit que la machine fonctionne \u00e0 des vitesses et un couple optimaux, offrant efficacit\u00e9, durabilit\u00e9 et performances efficaces pour une vari\u00e9t\u00e9 de t\u00e2ches.<\/p>\n<table style=\"border-collapse: collapse; width: 100.078%; height: 52px;\" border=\"0\" width=\"128\" cellspacing=\"0\" cellpadding=\"0\">\n<tbody>\n<tr style=\"height: 13.8pt;\">\n<td style=\"height: 13.8pt; width: 48pt;\" align=\"right\" width=\"64\" height=\"18\"><img loading=\"lazy\" decoding=\"async\" class=\"alignnone size-full wp-image-2739\" src=\"https:\/\/fmp-components.com\/wp-content\/uploads\/2025\/01\/Grader-Driven-Rake-Gearbox-EP112-Applications1.webp\" alt=\"Bo\u00eete de vitesses pour r\u00e2teau entra\u00een\u00e9 de niveleuse EP112 - Applications (1)\" width=\"1200\" height=\"675\" title=\"\" srcset=\"https:\/\/fmp-components.com\/wp-content\/uploads\/2025\/01\/Grader-Driven-Rake-Gearbox-EP112-Applications1.webp 1200w, https:\/\/fmp-components.com\/wp-content\/uploads\/2025\/01\/Grader-Driven-Rake-Gearbox-EP112-Applications1-980x551.webp 980w, https:\/\/fmp-components.com\/wp-content\/uploads\/2025\/01\/Grader-Driven-Rake-Gearbox-EP112-Applications1-480x270.webp 480w\" sizes=\"(min-width: 0px) and (max-width: 480px) 480px, (min-width: 481px) and (max-width: 980px) 980px, (min-width: 981px) 1200px, 100vw\" \/><\/td>\n<td style=\"width: 48pt;\" align=\"right\" width=\"64\"><img loading=\"lazy\" decoding=\"async\" class=\"alignnone size-full wp-image-2737\" src=\"https:\/\/fmp-components.com\/wp-content\/uploads\/2025\/01\/Grader-Driven-Rake-Gearbox-EP112-Lubrication1.webp\" alt=\"Bo\u00eete de vitesses de r\u00e2teau entra\u00een\u00e9 de niveleuse EP112 - Lubrification (1)\" width=\"980\" height=\"542\" title=\"\" srcset=\"https:\/\/fmp-components.com\/wp-content\/uploads\/2025\/01\/Grader-Driven-Rake-Gearbox-EP112-Lubrication1.webp 980w, https:\/\/fmp-components.com\/wp-content\/uploads\/2025\/01\/Grader-Driven-Rake-Gearbox-EP112-Lubrication1-480x265.webp 480w\" sizes=\"(min-width: 0px) and (max-width: 480px) 480px, (min-width: 481px) 980px, 100vw\" \/><\/td>\n<\/tr>\n<\/tbody>\n<\/table>\n<h2>\u00c0 propos de FMP<\/h2>\n<p>Bas\u00e9 en Italie, FMP est un fabricant leader reconnu pour son expertise dans la conception, le d\u00e9veloppement et la production de bo\u00eetes de vitesses hautes performances, plus particuli\u00e8rement pour le secteur des machines agricoles. Reconnu pour son ing\u00e9nierie de pr\u00e9cision, ses solutions innovantes et sa fiabilit\u00e9 \u00e0 toute \u00e9preuve, FMP s'est forg\u00e9 une r\u00e9putation de partenaire de confiance pour les secteurs agricole et industriel. Notre vaste gamme de produits comprend des bo\u00eetes de vitesses sur mesure pour tondeuses \u00e0 gazon, des arbres de prise de force et d'autres composants essentiels, tous con\u00e7us pour r\u00e9pondre aux besoins vari\u00e9s d'un large \u00e9ventail d'applications.<\/p>\n<p>Chez FMP, nous comprenons que chaque client a des d\u00e9fis et des exigences uniques. C'est pourquoi nous nous sp\u00e9cialisons dans la fourniture de solutions sur mesure, qu'il s'agisse de composants individuels ou de syst\u00e8mes enti\u00e8rement int\u00e9gr\u00e9s. En travaillant en \u00e9troite collaboration avec nos clients, nous garantissons que chaque solution r\u00e9ponde non seulement \u00e0 leurs besoins sp\u00e9cifiques, mais optimise \u00e9galement leurs performances et leur valeur. Notre engagement \u00e0 fournir des r\u00e9ponses rapides et professionnelles, ainsi que des conseils d'experts, garantit que chaque demande est trait\u00e9e avec le plus grand soin et la plus grande pr\u00e9cision, pour des r\u00e9sultats optimaux \u00e0 chaque fois.<\/p>\n<p>Nous privil\u00e9gions une communication transparente et continue tout au long du cycle de d\u00e9veloppement produit. Notre \u00e9quipe d\u00e9di\u00e9e travaille en \u00e9troite collaboration avec nos clients afin de comprendre pleinement leurs besoins sp\u00e9cifiques et de leur proposer des recommandations judicieuses pour garantir les meilleurs r\u00e9sultats possibles. Qu'il s'agisse de concevoir des produits innovants ou d'ex\u00e9cuter des commandes en cours, FMP s'engage \u00e0 fournir des solutions de haute qualit\u00e9, con\u00e7ues avec pr\u00e9cision et dans les d\u00e9lais impartis. Notre objectif est de toujours d\u00e9passer les attentes de nos clients, en offrant un service et des r\u00e9sultats exceptionnels pour chaque projet.<\/p>\n<p>La qualit\u00e9 est au c\u0153ur des activit\u00e9s de FMP. Nous adh\u00e9rons aux normes de fabrication les plus strictes et mettons en \u0153uvre des contr\u00f4les qualit\u00e9 rigoureux pour garantir que chaque produit respecte et d\u00e9passe les normes du secteur. Cette volont\u00e9 d'excellence, alli\u00e9e \u00e0 nos valeurs fondamentales d'int\u00e9grit\u00e9, d'esprit d'\u00e9quipe et de pers\u00e9v\u00e9rance, nous a permis de b\u00e2tir des relations de confiance durables avec des clients r\u00e9partis dans pr\u00e8s de 30 pays.<\/p>\n<p>FMP est toujours d\u00e9sireux de nouer des partenariats internationaux et s'engage \u00e0 offrir des conseils d'experts et des solutions personnalis\u00e9es qui r\u00e9pondent aux besoins \u00e9volutifs de ses clients. Au-del\u00e0 de la simple fourniture de produits, nous visons \u00e0 \u00e9tablir des relations durables qui contribuent \u00e0 la r\u00e9ussite de chaque projet. Que vous ayez besoin de solutions innovantes pour une nouvelle entreprise ou d'un support continu pour un syst\u00e8me existant, FMP est pr\u00eat \u00e0 relever vos d\u00e9fis techniques et \u00e0 assurer votre r\u00e9ussite durable.<\/p>\n<p><img loading=\"lazy\" decoding=\"async\" class=\"alignnone wp-image-2695\" src=\"https:\/\/fmp-components.com\/wp-content\/uploads\/2025\/01\/agricultural-gearbox3.webp\" alt=\"bo\u00eete de vitesses agricole\" width=\"953\" height=\"951\" title=\"\" srcset=\"https:\/\/fmp-components.com\/wp-content\/uploads\/2025\/01\/agricultural-gearbox3.webp 953w, https:\/\/fmp-components.com\/wp-content\/uploads\/2025\/01\/agricultural-gearbox3-480x479.webp 480w\" sizes=\"(min-width: 0px) and (max-width: 480px) 480px, (min-width: 481px) 953px, 100vw\" \/><\/p>\n<p>Auteur : CX<\/p>","protected":false},"excerpt":{"rendered":"<p>Grader Driven Rake Gearbox FMP112 Dimensions\u00a0 Grader Driven Rake Gearbox FMP112 Technical Data i Suitable Rpm input Rpm output KW(Nom) KW(Max) Toothing r\/min r\/min hp hp Decelerate 1.62:1 Rotary Tillers, Beaters, etc 540 333 76 116 Gleason Helical Teeth Decelerate 1.82:1 540 296 70 120 Decelerate 2.03:1 540 266 68 114 Decelerate 2.28:1 540 236 [&hellip;]<\/p>","protected":false},"featured_media":2740,"comment_status":"open","ping_status":"closed","template":"","meta":{"_et_pb_use_builder":"","_et_pb_old_content":"","_et_gb_content_width":""},"product_brand":[],"product_cat":[66],"product_tag":[],"class_list":{"0":"post-2735","1":"product","2":"type-product","3":"status-publish","4":"has-post-thumbnail","6":"product_cat-grader-driven-rake-gearbox","8":"first","9":"instock","10":"shipping-taxable","11":"product-type-simple"},"_links":{"self":[{"href":"https:\/\/fmp-components.com\/fr\/wp-json\/wp\/v2\/product\/2735","targetHints":{"allow":["GET"]}}],"collection":[{"href":"https:\/\/fmp-components.com\/fr\/wp-json\/wp\/v2\/product"}],"about":[{"href":"https:\/\/fmp-components.com\/fr\/wp-json\/wp\/v2\/types\/product"}],"replies":[{"embeddable":true,"href":"https:\/\/fmp-components.com\/fr\/wp-json\/wp\/v2\/comments?post=2735"}],"wp:featuredmedia":[{"embeddable":true,"href":"https:\/\/fmp-components.com\/fr\/wp-json\/wp\/v2\/media\/2740"}],"wp:attachment":[{"href":"https:\/\/fmp-components.com\/fr\/wp-json\/wp\/v2\/media?parent=2735"}],"wp:term":[{"taxonomy":"product_brand","embeddable":true,"href":"https:\/\/fmp-components.com\/fr\/wp-json\/wp\/v2\/product_brand?post=2735"},{"taxonomy":"product_cat","embeddable":true,"href":"https:\/\/fmp-components.com\/fr\/wp-json\/wp\/v2\/product_cat?post=2735"},{"taxonomy":"product_tag","embeddable":true,"href":"https:\/\/fmp-components.com\/fr\/wp-json\/wp\/v2\/product_tag?post=2735"}],"curies":[{"name":"wp","href":"https:\/\/api.w.org\/{rel}","templated":true}]}}