{"id":2696,"date":"2025-01-03T08:43:50","date_gmt":"2025-01-03T08:43:50","guid":{"rendered":"https:\/\/fmp-components.com\/?page_id=8"},"modified":"2025-01-03T08:44:42","modified_gmt":"2025-01-03T08:44:42","slug":"grader-driven-rake-gearbox-fmp-tbs128-for-crawler-rotary-cultivator","status":"publish","type":"product","link":"https:\/\/fmp-components.com\/fr\/product\/grader-driven-rake-gearbox-fmp-tbs128-for-crawler-rotary-cultivator\/","title":{"rendered":"Bo\u00eete de vitesses FMP-TBS128 pour r\u00e2teau \u00e0 chenilles"},"content":{"rendered":"<h2>Dimensions de la bo\u00eete de vitesses du r\u00e2teau entra\u00een\u00e9 de niveleuse FMP-TBS128<\/h2>\n<p><img loading=\"lazy\" decoding=\"async\" class=\"alignnone size-full wp-image-2697\" src=\"https:\/\/fmp-components.com\/wp-content\/uploads\/2025\/01\/Grader-Driven-Rake-Gearbox-FMP-TBS128-Dimensions-1.webp\" alt=\"Bo\u00eete de vitesses pour r\u00e2teau entra\u00een\u00e9 de niveleuse FMP-TBS128 - Dimensions 1\" width=\"1431\" height=\"910\" title=\"\" srcset=\"https:\/\/fmp-components.com\/wp-content\/uploads\/2025\/01\/Grader-Driven-Rake-Gearbox-FMP-TBS128-Dimensions-1.webp 1431w, https:\/\/fmp-components.com\/wp-content\/uploads\/2025\/01\/Grader-Driven-Rake-Gearbox-FMP-TBS128-Dimensions-1-1280x814.webp 1280w, https:\/\/fmp-components.com\/wp-content\/uploads\/2025\/01\/Grader-Driven-Rake-Gearbox-FMP-TBS128-Dimensions-1-980x623.webp 980w, https:\/\/fmp-components.com\/wp-content\/uploads\/2025\/01\/Grader-Driven-Rake-Gearbox-FMP-TBS128-Dimensions-1-480x305.webp 480w\" sizes=\"(min-width: 0px) and (max-width: 480px) 480px, (min-width: 481px) and (max-width: 980px) 980px, (min-width: 981px) and (max-width: 1280px) 1280px, (min-width: 1281px) 1431px, 100vw\" \/><\/p>\n<h2>Donn\u00e9es techniques de la bo\u00eete de vitesses \u00e0 r\u00e2teau entra\u00een\u00e9 de niveleuse FMP-TBS128<\/h2>\n<table style=\"width: 99.6141%; height: 188px;\" border=\"1\" cellspacing=\"0\" cellpadding=\"0\">\n<tbody>\n<tr style=\"height: 47px;\">\n<td style=\"height: 70px; width: 12.8399%;\" colspan=\"2\" rowspan=\"2\">je<\/td>\n<td style=\"height: 70px; width: 27.1903%;\" rowspan=\"2\">Appropri\u00e9<\/td>\n<td style=\"height: 47px; width: 9.66767%;\">Entr\u00e9e de r\u00e9gime<\/td>\n<td style=\"height: 47px; width: 11.0272%;\">Vitesse de sortie<\/td>\n<td style=\"height: 47px; width: 9.51662%;\">KW(Nom)<\/td>\n<td style=\"height: 47px; width: 9.06344%;\">kW (max.)<\/td>\n<td style=\"height: 70px; width: 54.0785%;\" rowspan=\"2\">Dentition<\/td>\n<\/tr>\n<tr style=\"height: 23px;\">\n<td style=\"height: 23px; width: 9.66767%;\">tr\/min<\/td>\n<td style=\"height: 23px; width: 11.0272%;\">tr\/min<\/td>\n<td style=\"height: 23px; width: 9.51662%;\">hp<\/td>\n<td style=\"height: 23px; width: 9.06344%;\">hp<\/td>\n<\/tr>\n<tr style=\"height: 47px;\">\n<td style=\"height: 47px; width: 6.19335%;\">vitesse 1<\/td>\n<td style=\"height: 47px; width: 6.64653%;\">3.69:1<\/td>\n<td style=\"height: 94px; width: 27.1903%;\" rowspan=\"2\">Cultivateur rotatif \u00e0 chenilles, etc.<\/td>\n<td style=\"height: 47px; width: 9.66767%;\">2400<\/td>\n<td style=\"height: 47px; width: 11.0272%;\">650<\/td>\n<td style=\"height: 94px; width: 9.51662%;\" rowspan=\"2\">80<\/td>\n<td style=\"height: 94px; width: 9.06344%;\" rowspan=\"2\">100<\/td>\n<td style=\"height: 94px; width: 54.0785%;\" rowspan=\"2\">Dents h\u00e9lico\u00efdales de Gleason<\/td>\n<\/tr>\n<tr style=\"height: 47px;\">\n<td style=\"height: 47px; width: 6.19335%;\">vitesse 2<\/td>\n<td style=\"height: 47px; width: 6.64653%;\">2.81: 1<\/td>\n<td style=\"height: 47px; width: 9.66767%;\">2400<\/td>\n<td style=\"height: 47px; width: 11.0272%;\">850<\/td>\n<\/tr>\n<tr style=\"height: 23px;\">\n<td style=\"height: 23px; width: 133.384%;\" colspan=\"8\">Remarque : si vous avez des exigences particuli\u00e8res, n'h\u00e9sitez pas \u00e0 me le faire savoir, nous acceptons \u00e9galement les personnalisations.<\/td>\n<\/tr>\n<\/tbody>\n<\/table>\n<h2>Caract\u00e9ristiques principales de la bo\u00eete de vitesses pour r\u00e2teau entra\u00een\u00e9 de niveleuse FMP-TBS128<\/h2>\n<p>Le r\u00e9ducteur pour r\u00e2teau entra\u00een\u00e9 par niveleuse FMP-TBS128 est con\u00e7u pour assurer une transmission de puissance robuste aux syst\u00e8mes de r\u00e2teaux utilis\u00e9s dans les machines agricoles, garantissant ainsi un fonctionnement efficace et fiable. Voici les principales caract\u00e9ristiques de ce r\u00e9ducteur\u00a0:<\/p>\n<p><strong>Transmission \u00e0 couple \u00e9lev\u00e9<\/strong><\/p>\n<ul>\n<li>Le r\u00e9ducteur FMP-TBS128 est con\u00e7u pour supporter des couples \u00e9lev\u00e9s, ce qui lui permet d'entra\u00eener efficacement les andaineurs m\u00eame sous forte charge. Cette capacit\u00e9 de couple \u00e9lev\u00e9e garantit un fonctionnement fluide de l'andaineur, m\u00eame dans les r\u00e9coltes denses ou difficiles.<\/li>\n<\/ul>\n<p><strong>Construction durable<\/strong><\/p>\n<ul>\n<li>Fabriqu\u00e9e avec des mat\u00e9riaux haute r\u00e9sistance, la bo\u00eete de vitesses FMP-TBS128 est extr\u00eamement r\u00e9sistante \u00e0 l'usure. Cette durabilit\u00e9 est essentielle pour garantir un fonctionnement durable dans les environnements agricoles difficiles, notamment les conditions d'humidit\u00e9 et de poussi\u00e8re \u00e9lev\u00e9es typiques des applications agricoles.<\/li>\n<\/ul>\n<p><strong>Conception compacte<\/strong><\/p>\n<ul>\n<li>La bo\u00eete de vitesses pr\u00e9sente une conception compacte et peu encombrante, la rendant id\u00e9ale pour une utilisation dans les espaces restreints des machines agricoles. Cette conception garantit une installation facile et une interf\u00e9rence minimale avec les autres composants du r\u00e2teau ou du tracteur.<\/li>\n<\/ul>\n<p><strong>Transfert de puissance fiable<\/strong><\/p>\n<ul>\n<li>Gr\u00e2ce \u00e0 ses composants internes de haute pr\u00e9cision, la bo\u00eete de vitesses FMP-TBS128 assure une transmission de puissance fiable de la prise de force du tracteur au m\u00e9canisme d'andainage. Ceci r\u00e9duit les risques de pertes de puissance et am\u00e9liore l'efficacit\u00e9 op\u00e9rationnelle, faisant de cette bo\u00eete de vitesses un outil extr\u00eamement fiable pour des r\u00e9sultats constants.<\/li>\n<\/ul>\n<p><strong>Syst\u00e8me d'\u00e9tanch\u00e9it\u00e9 robuste<\/strong><\/p>\n<ul>\n<li>Le FMP-TBS128 est dot\u00e9 d'un syst\u00e8me d'\u00e9tanch\u00e9it\u00e9 robuste qui emp\u00eache la poussi\u00e8re, la salet\u00e9 et l'humidit\u00e9 de p\u00e9n\u00e9trer dans la bo\u00eete de vitesses. Cette caract\u00e9ristique contribue \u00e0 pr\u00e9server l'int\u00e9grit\u00e9 des composants internes, r\u00e9duisant ainsi les risques de dommages et la fr\u00e9quence des op\u00e9rations de maintenance.<\/li>\n<\/ul>\n<p>Ces caract\u00e9ristiques cl\u00e9s font de la bo\u00eete de vitesses pour r\u00e2teau entra\u00een\u00e9 par niveleuse FMP-TBS128 un choix id\u00e9al pour les op\u00e9rations agricoles, offrant une efficacit\u00e9, une durabilit\u00e9 et une adaptabilit\u00e9 \u00e9lev\u00e9es dans diverses applications.<\/p>\n<p><img loading=\"lazy\" decoding=\"async\" class=\"alignnone size-full wp-image-2698\" src=\"https:\/\/fmp-components.com\/wp-content\/uploads\/2025\/01\/uubxblFV-Grader-Driven-Rake-Gearbox-FMP-TBS128-Features1.webp\" alt=\"Bo\u00eete de vitesses pour r\u00e2teau entra\u00een\u00e9 de niveleuse FMP-TBS128 - Caract\u00e9ristiques (1)\" width=\"952\" height=\"453\" title=\"\" srcset=\"https:\/\/fmp-components.com\/wp-content\/uploads\/2025\/01\/uubxblFV-Grader-Driven-Rake-Gearbox-FMP-TBS128-Features1.webp 952w, https:\/\/fmp-components.com\/wp-content\/uploads\/2025\/01\/uubxblFV-Grader-Driven-Rake-Gearbox-FMP-TBS128-Features1-480x228.webp 480w\" sizes=\"(min-width: 0px) and (max-width: 480px) 480px, (min-width: 481px) 952px, 100vw\" \/><\/p>\n<h2>Applications de la bo\u00eete de vitesses pour r\u00e2teau entra\u00een\u00e9 de niveleuse FMP-TBS128<\/h2>\n<p>Le r\u00e9ducteur pour r\u00e2teau entra\u00een\u00e9 de niveleuse FMP-TBS128 est con\u00e7u pour diverses applications de machines agricoles o\u00f9 une transmission de puissance fiable et un fonctionnement efficace sont essentiels. Voici quelques exemples d'applications courantes de ce r\u00e9ducteur\u00a0:<\/p>\n<p><strong>R\u00e2teaux \u00e0 foin et \u00e0 paille<\/strong><\/p>\n<ul>\n<li>Application : La bo\u00eete de vitesses FMP-TBS128 est largement utilis\u00e9e dans les r\u00e2teaux \u00e0 foin et \u00e0 paille pour collecter et disposer efficacement le foin, la paille ou l'herbe en andains pour le s\u00e9chage ou un traitement ult\u00e9rieur.<\/li>\n<li>Avantage : Il garantit un fonctionnement optimal du r\u00e2teau \u00e0 vitesse et couple optimaux, permettant de manipuler efficacement de lourdes charges de foin et de paille tout en maintenant des performances constantes.<\/li>\n<\/ul>\n<p><strong>andaineuses<\/strong><\/p>\n<ul>\n<li>Application\u00a0: Les andaineurs servent \u00e0 former des andains de r\u00e9coltes (comme le foin ou la paille). Le r\u00e9ducteur FMP-TBS128 permet de transmettre la puissance de la prise de force du tracteur au m\u00e9canisme d\u2019andainage, garantissant ainsi un fonctionnement efficace de l\u2019andaineur.<\/li>\n<li>Avantage : La bo\u00eete de vitesses assure un transfert de puissance fluide et un couple \u00e9lev\u00e9, ce qui la rend id\u00e9ale pour former des andains nets et r\u00e9guliers pour un s\u00e9chage efficace.<\/li>\n<\/ul>\n<p><strong>R\u00e2teaux rotatifs<\/strong><\/p>\n<ul>\n<li>Application\u00a0: Les andaineurs rotatifs sont couramment utilis\u00e9s en fenaison pour retourner et a\u00e9rer le foin, favorisant ainsi un s\u00e9chage uniforme. Le r\u00e9ducteur FMP-TBS128 entra\u00eene le m\u00e9canisme d\u2019andainage rotatif, garantissant une vitesse et un couple optimaux.<\/li>\n<li>Avantage : Il permet un \u00e9pandage ou un a\u00e9ration efficace et uniforme du foin, garantissant ainsi une a\u00e9ration ad\u00e9quate du foin et sa pr\u00e9paration pour la mise en balles ou un traitement ult\u00e9rieur.<\/li>\n<\/ul>\n<p><strong>Machines \u00e0 faner<\/strong><\/p>\n<ul>\n<li>Application\u00a0: Les faneuses servent \u00e0 \u00e9taler et \u00e0 a\u00e9rer le foin et l\u2019herbe, am\u00e9liorant ainsi la circulation de l\u2019air pour un s\u00e9chage plus rapide. La bo\u00eete de vitesses entra\u00eene le m\u00e9canisme de fanage, assurant un fonctionnement fluide et une transmission de puissance optimale.<\/li>\n<li>Avantage : La bo\u00eete de vitesses assure un fonctionnement fluide de la faneuse, r\u00e9duisant ainsi le risque d'emm\u00ealement du foin et augmentant l'efficacit\u00e9 du s\u00e9chage.<\/li>\n<\/ul>\n<p><strong>Niveleuses agricoles<\/strong><\/p>\n<ul>\n<li>Application : Dans les \u00e9quipements de pr\u00e9paration et de nivellement des sols, la bo\u00eete de vitesses FMP-TBS128 est utilis\u00e9e pour alimenter les niveleuses qui nivellent ou lissent les surfaces du sol pour la plantation ou la culture.<\/li>\n<li>Avantage : La bo\u00eete de vitesses fournit le couple et la stabilit\u00e9 n\u00e9cessaires \u00e0 un nivellement pr\u00e9cis du sol, garantissant ainsi l'uniformit\u00e9 de la pr\u00e9paration du terrain.<\/li>\n<\/ul>\n<p>Ces applications d\u00e9montrent la polyvalence de la bo\u00eete de vitesses pour r\u00e2teau entra\u00een\u00e9 de niveleuse FMP-TBS128, la rendant adapt\u00e9e \u00e0 une vari\u00e9t\u00e9 de t\u00e2ches agricoles n\u00e9cessitant une transmission de puissance fiable, une durabilit\u00e9 et une efficacit\u00e9 dans les op\u00e9rations sur le terrain.<\/p>\n<p><img loading=\"lazy\" decoding=\"async\" class=\"alignnone size-full wp-image-2700\" src=\"https:\/\/fmp-components.com\/wp-content\/uploads\/2025\/01\/Grader-Driven-Rake-Gearbox-EP-TBS128-Applications1.webp\" alt=\"Bo\u00eete de vitesses pour r\u00e2teau entra\u00een\u00e9 de niveleuse FMP-TBS128 - Applications (1)\" width=\"1000\" height=\"700\" title=\"\" srcset=\"https:\/\/fmp-components.com\/wp-content\/uploads\/2025\/01\/Grader-Driven-Rake-Gearbox-EP-TBS128-Applications1.webp 1000w, https:\/\/fmp-components.com\/wp-content\/uploads\/2025\/01\/Grader-Driven-Rake-Gearbox-EP-TBS128-Applications1-980x686.webp 980w, https:\/\/fmp-components.com\/wp-content\/uploads\/2025\/01\/Grader-Driven-Rake-Gearbox-EP-TBS128-Applications1-480x336.webp 480w\" sizes=\"(min-width: 0px) and (max-width: 480px) 480px, (min-width: 481px) and (max-width: 980px) 980px, (min-width: 981px) 1000px, 100vw\" \/><\/p>\n<h2>\u00c0 propos de FMP<\/h2>\n<p>Bas\u00e9 en Italie, FMP est un fabricant leader sp\u00e9cialis\u00e9 dans la conception, le d\u00e9veloppement et la production de bo\u00eetes de vitesses hautes performances, plus particuli\u00e8rement destin\u00e9es au secteur des machines agricoles. R\u00e9put\u00e9 pour son ing\u00e9nierie de pr\u00e9cision, ses solutions innovantes et sa fiabilit\u00e9 \u00e0 toute \u00e9preuve, FMP est devenu un partenaire de confiance des secteurs agricole et industriel. Notre gamme compl\u00e8te de produits comprend des bo\u00eetes de vitesses sp\u00e9cialis\u00e9es pour tondeuses \u00e0 gazon, des arbres de prise de force et d'autres composants cl\u00e9s, tous soigneusement con\u00e7us pour offrir des solutions sur mesure pour un large \u00e9ventail d'applications.<\/p>\n<p>Chez FMP, nous savons que chaque client est confront\u00e9 \u00e0 des d\u00e9fis et des exigences uniques. C'est pourquoi nous nous concentrons sur la fourniture de solutions sur mesure, qu'il s'agisse de composants individuels ou de syst\u00e8mes enti\u00e8rement int\u00e9gr\u00e9s. Nous collaborons \u00e9troitement avec nos clients pour garantir que chaque solution est non seulement efficace, mais aussi efficiente, optimisant ainsi la performance et la valeur. Notre engagement \u00e0 fournir des r\u00e9ponses rapides et professionnelles, combin\u00e9 \u00e0 un accompagnement d'expert, garantit que chaque demande est trait\u00e9e avec le plus grand soin, pour des r\u00e9sultats optimaux.<\/p>\n<p>Une communication ouverte et continue est au c\u0153ur de notre approche. Notre \u00e9quipe d\u00e9di\u00e9e travaille en \u00e9troite collaboration avec nos clients tout au long du processus de d\u00e9veloppement produit afin de comprendre parfaitement leurs besoins sp\u00e9cifiques. Nous leur apportons des conseils et des recommandations pr\u00e9cieux pour garantir des solutions optimales. Qu'il s'agisse de concevoir de nouveaux produits ou d'ex\u00e9cuter des commandes en cours, FMP s'engage \u00e0 fournir des solutions de haute qualit\u00e9, con\u00e7ues avec pr\u00e9cision et dans les d\u00e9lais impartis, \u00e0 chaque fois. Notre mission est de d\u00e9passer les attentes de nos clients en leur fournissant un service et des r\u00e9sultats exceptionnels pour chaque projet.<\/p>\n<p>La qualit\u00e9 est au c\u0153ur de toutes nos activit\u00e9s. Nous adh\u00e9rons aux normes de fabrication les plus strictes et mettons en \u0153uvre des proc\u00e9dures de contr\u00f4le qualit\u00e9 rigoureuses pour garantir que chaque produit respecte et surpasse les normes du secteur. Cet engagement envers l'excellence, alli\u00e9 \u00e0 nos valeurs fondamentales d'int\u00e9grit\u00e9, d'esprit d'\u00e9quipe et de pers\u00e9v\u00e9rance, a permis \u00e0 FMP d'\u00e9tablir des relations de confiance durables avec des clients dans pr\u00e8s de 30 pays \u00e0 travers le monde.<\/p>\n<p>FMP est toujours soucieux de favoriser des partenariats internationaux et s'engage \u00e0 offrir des conseils d'experts et des solutions personnalis\u00e9es r\u00e9pondant aux divers besoins de ses clients. Nous ne nous contentons pas de fournir des produits\u00a0: notre objectif est de b\u00e2tir des relations durables qui contribuent \u00e0 la r\u00e9ussite \u00e0 long terme de chaque projet. Que vous ayez besoin de solutions innovantes pour une nouvelle initiative ou d'un support continu pour un syst\u00e8me existant, FMP est pr\u00eat \u00e0 relever vos d\u00e9fis techniques et \u00e0 assurer votre r\u00e9ussite durable.<\/p>\n<p><img loading=\"lazy\" decoding=\"async\" class=\"alignnone wp-image-2695\" src=\"https:\/\/fmp-components.com\/wp-content\/uploads\/2025\/01\/agricultural-gearbox3.webp\" alt=\"bo\u00eete de vitesses agricole\" width=\"953\" height=\"951\" title=\"\" srcset=\"https:\/\/fmp-components.com\/wp-content\/uploads\/2025\/01\/agricultural-gearbox3.webp 953w, https:\/\/fmp-components.com\/wp-content\/uploads\/2025\/01\/agricultural-gearbox3-480x479.webp 480w\" sizes=\"(min-width: 0px) and (max-width: 480px) 480px, (min-width: 481px) 953px, 100vw\" \/><\/p>\n<p>Auteur : CX<\/p>","protected":false},"excerpt":{"rendered":"<p>Grader Driven Rake Gearbox FMP-TBS128 Dimensions Grader Driven Rake Gearbox FMP-TBS128 Technical Data i Suitable Rpm input Rpm output KW(Nom) KW(Max) Toothing r\/min r\/min hp hp gear 1 3.69:1 Crawler Rotary Cultivator, etc 2400 650 80 100 Gleason Helical Teeth gear 2 2.81: 1 2400 850 Remark: If you have any special require feel free [&hellip;]<\/p>","protected":false},"featured_media":2699,"comment_status":"open","ping_status":"closed","template":"","meta":{"_et_pb_use_builder":"","_et_pb_old_content":"","_et_gb_content_width":""},"product_brand":[],"product_cat":[66],"product_tag":[],"class_list":{"0":"post-2696","1":"product","2":"type-product","3":"status-publish","4":"has-post-thumbnail","6":"product_cat-grader-driven-rake-gearbox","8":"first","9":"instock","10":"shipping-taxable","11":"product-type-simple"},"_links":{"self":[{"href":"https:\/\/fmp-components.com\/fr\/wp-json\/wp\/v2\/product\/2696","targetHints":{"allow":["GET"]}}],"collection":[{"href":"https:\/\/fmp-components.com\/fr\/wp-json\/wp\/v2\/product"}],"about":[{"href":"https:\/\/fmp-components.com\/fr\/wp-json\/wp\/v2\/types\/product"}],"replies":[{"embeddable":true,"href":"https:\/\/fmp-components.com\/fr\/wp-json\/wp\/v2\/comments?post=2696"}],"wp:featuredmedia":[{"embeddable":true,"href":"https:\/\/fmp-components.com\/fr\/wp-json\/wp\/v2\/media\/2699"}],"wp:attachment":[{"href":"https:\/\/fmp-components.com\/fr\/wp-json\/wp\/v2\/media?parent=2696"}],"wp:term":[{"taxonomy":"product_brand","embeddable":true,"href":"https:\/\/fmp-components.com\/fr\/wp-json\/wp\/v2\/product_brand?post=2696"},{"taxonomy":"product_cat","embeddable":true,"href":"https:\/\/fmp-components.com\/fr\/wp-json\/wp\/v2\/product_cat?post=2696"},{"taxonomy":"product_tag","embeddable":true,"href":"https:\/\/fmp-components.com\/fr\/wp-json\/wp\/v2\/product_tag?post=2696"}],"curies":[{"name":"wp","href":"https:\/\/api.w.org\/{rel}","templated":true}]}}