{"id":2665,"date":"2025-01-03T05:45:44","date_gmt":"2025-01-03T05:45:44","guid":{"rendered":"https:\/\/fmp-components.com\/product\/professional-multi-stage-hydraulic-cylinder-for-dump-truck\/"},"modified":"2025-01-04T00:42:26","modified_gmt":"2025-01-04T00:42:26","slug":"professional-multi-stage-hydraulic-cylinder-for-dump-truck","status":"publish","type":"product","link":"https:\/\/fmp-components.com\/fr\/product\/professional-multi-stage-hydraulic-cylinder-for-dump-truck\/","title":{"rendered":"V\u00e9rin hydraulique professionnel multi-\u00e9tages pour camion-benne"},"content":{"rendered":"<h2>Pr\u00e9sentation du v\u00e9rin hydraulique professionnel multi-\u00e9tages pour camion-benne<\/h2>\n<p>Le v\u00e9rin hydraulique multi-\u00e9tages professionnel pour camion-benne est un accessoire indispensable. Con\u00e7u pour un levage et un d\u00e9chargement fiables et efficaces de charges lourdes, il constitue un composant essentiel dans les secteurs industriel et de la construction. Ce v\u00e9rin hydraulique est fabriqu\u00e9 pour r\u00e9sister aux conditions de travail les plus exigeantes et est suffisamment robuste pour supporter des charges importantes jour apr\u00e8s jour.<\/p>\n<h3>Caract\u00e9ristiques<\/h3>\n<ul>\n<li>Conception de v\u00e9rin hydraulique multi-\u00e9tages<\/li>\n<li>Construction en acier haute r\u00e9sistance<\/li>\n<li>finition sans joint<\/li>\n<li>R\u00e9sistant \u00e0 la corrosion<\/li>\n<li>Facile \u00e0 installer et \u00e0 entretenir<\/li>\n<\/ul>\n<p>Le v\u00e9rin hydraulique multi-\u00e9tages professionnel pour camions-bennes est un composant essentiel. Sa construction robuste et sa capacit\u00e9 de levage \u00e9lev\u00e9e permettent un levage et un d\u00e9chargement fiables et efficaces des charges lourdes, ce qui en fait un choix privil\u00e9gi\u00e9 dans les secteurs industriel et de la construction. Sa facilit\u00e9 d'entretien et son fonctionnement fluide en font une solution \u00e9conomique pour les propri\u00e9taires de camions-bennes qui ont besoin d'un v\u00e9rin hydraulique fiable, capable de supporter des charges importantes au quotidien.<\/p>\n<h2>Pr\u00e9sentation du produit<\/h2>\n<p>Le v\u00e9rin hydraulique professionnel multi-\u00e9tages pour camion-benne est un produit neuf, standard et de haute qualit\u00e9. Il est utilis\u00e9 dans divers secteurs, notamment les usines de fabrication, les ateliers de r\u00e9paration de machines, les exploitations agricoles, l'\u00e9nergie et les mines. Ce v\u00e9rin hydraulique est fabriqu\u00e9 en acier 20#\/45# de haute qualit\u00e9, ce qui lui conf\u00e8re robustesse et durabilit\u00e9. D'un poids de 12 kg, il offre une pouss\u00e9e maximale de 3\u00a0000 Nm et une force de traction maximale de 600 Nm.<\/p>\n<h2>Caract\u00e9ristiques et avantages<\/h2>\n<ul>\n<li>Puissance hydraulique : Ce v\u00e9rin hydraulique utilise la force de la pression du liquide pour cr\u00e9er une force, ce qui le rend tr\u00e8s efficace et fiable.<\/li>\n<li>Structure num\u00e9rique : La structure du cylindre num\u00e9rique garantit pr\u00e9cision et facilit\u00e9 de contr\u00f4le.<\/li>\n<li>\u00c9conomies d'\u00e9nergie : Gr\u00e2ce \u00e0 sa conception ing\u00e9nieuse, il contribue \u00e0 \u00e9conomiser l'\u00e9nergie, ce qui en fait une solution \u00e9cologique.<\/li>\n<li>S\u00e9curit\u00e9 : Fabriqu\u00e9 en acier de haute qualit\u00e9, il garantit s\u00e9curit\u00e9, durabilit\u00e9 et long\u00e9vit\u00e9.<\/li>\n<\/ul>\n<h2>Sp\u00e9cifications techniques<\/h2>\n<table style=\"width: 90.7998%; height: 160px;\" border=\"1\">\n<tbody>\n<tr style=\"height: 23px;\">\n<td style=\"height: 23px;\"><i>Taille de l&#039;al\u00e9sage<\/i><\/td>\n<td style=\"height: 23px;\">2 \u00e0 6 pouces<\/td>\n<\/tr>\n<tr style=\"height: 23px;\">\n<td style=\"height: 23px;\"><i>Taille de la tige<\/i><\/td>\n<td style=\"height: 23px;\">1,125-4 pouces<\/td>\n<\/tr>\n<tr style=\"height: 23px;\">\n<td style=\"height: 23px;\"><i>Taille de la course<\/i><\/td>\n<td style=\"height: 23px;\">4 \u00e0 100 pouces<\/td>\n<\/tr>\n<tr style=\"height: 23px;\">\n<td style=\"height: 23px;\"><i>Taille de la broche<\/i><\/td>\n<td style=\"height: 23px;\">0,5 \u00e0 2 pouces<\/td>\n<\/tr>\n<tr style=\"height: 23px;\">\n<td style=\"height: 23px;\"><i>Ports<\/i><\/td>\n<td style=\"height: 23px;\">G\/SAE\/NPT\/M<\/td>\n<\/tr>\n<\/tbody>\n<\/table>\n<h2>Avantages du v\u00e9rin hydraulique pour camion \u00e0 benne basculante et remorque<\/h2>\n<ul>\n<li><strong>Efficacit\u00e9 accrue :<\/strong> Les camions-bennes et remorques \u00e9quip\u00e9s de v\u00e9rins hydrauliques sont plus efficaces que ceux qui n&#039;en sont pas \u00e9quip\u00e9s. Le syst\u00e8me hydraulique assure un transfert de puissance fluide et fiable, permettant un d\u00e9versement plus rapide et plus pr\u00e9cis des mat\u00e9riaux. Cela permet de gagner du temps et de r\u00e9duire les co\u00fbts de main-d&#039;\u0153uvre, tout en augmentant la productivit\u00e9 globale. De plus, les syst\u00e8mes hydrauliques sont tr\u00e8s \u00e9conomes en \u00e9nergie. Leur fonctionnement n\u00e9cessite moins d&#039;\u00e9nergie que les syst\u00e8mes m\u00e9caniques, ce qui se traduit par des co\u00fbts de carburant r\u00e9duits et un impact environnemental moindre. De plus, les v\u00e9rins hydrauliques sont con\u00e7us pour une performance durable, r\u00e9duisant ainsi les besoins d&#039;entretien et de r\u00e9paration fr\u00e9quents.<\/li>\n<li><strong>S\u00e9curit\u00e9 am\u00e9lior\u00e9e :<\/strong> Les camions-bennes et les remorques peuvent \u00eatre dangereux s&#039;ils ne sont pas utilis\u00e9s correctement. Cependant, les v\u00e9rins hydrauliques peuvent am\u00e9liorer la s\u00e9curit\u00e9 en r\u00e9duisant le risque de basculement ou de d\u00e9versement pendant le d\u00e9versement. Le syst\u00e8me hydraulique assure un transfert de puissance stable et fluide, \u00e9vitant ainsi les mouvements brusques ou les \u00e0-coups susceptibles de d\u00e9stabiliser le v\u00e9hicule. De plus, les syst\u00e8mes hydrauliques peuvent \u00eatre \u00e9quip\u00e9s de dispositifs de s\u00e9curit\u00e9 tels que des soupapes de surpression et une protection contre les surcharges, garantissant ainsi que le syst\u00e8me ne d\u00e9passe pas sa capacit\u00e9 maximale. En am\u00e9liorant la s\u00e9curit\u00e9, les v\u00e9rins hydrauliques contribuent \u00e0 r\u00e9duire les risques d&#039;accidents et de blessures, prot\u00e9geant ainsi les travailleurs et les \u00e9quipements.<\/li>\n<li><strong>Polyvalence accrue :<\/strong> Les camions-bennes et remorques \u00e9quip\u00e9s de v\u00e9rins hydrauliques peuvent \u00eatre utilis\u00e9s pour diverses applications. Les syst\u00e8mes hydrauliques sont hautement adaptables et personnalisables pour r\u00e9pondre aux besoins sp\u00e9cifiques de diff\u00e9rents secteurs et applications. Par exemple, les v\u00e9rins hydrauliques peuvent \u00eatre con\u00e7us pour fonctionner \u00e0 diff\u00e9rentes pressions et vitesses, permettant un contr\u00f4le pr\u00e9cis du processus de d\u00e9versement. Ils peuvent \u00e9galement servir \u00e0 soulever des charges lourdes ou \u00e0 d\u00e9placer des mat\u00e9riaux, ce qui les rend utiles dans la construction, l&#039;exploitation mini\u00e8re et l&#039;agriculture.<\/li>\n<li><strong>Confort am\u00e9lior\u00e9 :<\/strong> Les op\u00e9rateurs de camions-bennes et de remorques b\u00e9n\u00e9ficient du confort accru offert par les syst\u00e8mes hydrauliques. Le fonctionnement fluide des v\u00e9rins hydrauliques r\u00e9duit les vibrations et les \u00e0-coups, diminuant ainsi la fatigue de l&#039;op\u00e9rateur et am\u00e9liorant son confort g\u00e9n\u00e9ral. De plus, les syst\u00e8mes hydrauliques peuvent \u00eatre con\u00e7us pour fonctionner silencieusement, r\u00e9duisant ainsi les nuisances sonores et cr\u00e9ant un environnement de travail plus confortable. Ceci est particuli\u00e8rement important pour les applications o\u00f9 les op\u00e9rateurs restent \u00e0 proximit\u00e9 de l&#039;\u00e9quipement pendant de longues p\u00e9riodes.<\/li>\n<li><strong>Contr\u00f4le accru :<\/strong> Les v\u00e9rins hydrauliques assurent un contr\u00f4le pr\u00e9cis du processus de d\u00e9versement, permettant aux op\u00e9rateurs d&#039;ajuster la vitesse et l&#039;angle de d\u00e9versement. Ce niveau de contr\u00f4le est particuli\u00e8rement utile pour les applications o\u00f9 les mat\u00e9riaux d\u00e9vers\u00e9s sont d\u00e9licats ou n\u00e9cessitent un positionnement pr\u00e9cis. De plus, les v\u00e9rins hydrauliques peuvent \u00eatre command\u00e9s \u00e0 distance, offrant un contr\u00f4le et une flexibilit\u00e9 accrus. Ceci peut \u00eatre utile lorsque l&#039;op\u00e9rateur doit se trouver \u00e0 un endroit \u00e9loign\u00e9 de l&#039;\u00e9quipement ou lorsque la visibilit\u00e9 est limit\u00e9e.<\/li>\n<\/ul>\n<p><img loading=\"lazy\" decoding=\"async\" class=\"alignnone size-full wp-image-2676\" src=\"https:\/\/fmp-components.com\/wp-content\/uploads\/2025\/01\/hydraulic-cylinder-workshop.webp\" alt=\"atelier-de-v\u00e9rins-hydrauliques\" width=\"914\" height=\"733\" title=\"\" srcset=\"https:\/\/fmp-components.com\/wp-content\/uploads\/2025\/01\/hydraulic-cylinder-workshop.webp 914w, https:\/\/fmp-components.com\/wp-content\/uploads\/2025\/01\/hydraulic-cylinder-workshop-480x385.webp 480w\" sizes=\"(min-width: 0px) and (max-width: 480px) 480px, (min-width: 481px) 914px, 100vw\" \/><\/p>\n<h2>\u00c0 propos de FMP<\/h2>\n<p>FMP est une entreprise leader bas\u00e9e en Italie, sp\u00e9cialis\u00e9e dans la vente et l&#039;entretien d&#039;accessoires et de machines compl\u00e8tes pour engins de chantier. Fort d&#039;une vaste exp\u00e9rience dans le secteur, notre \u00e9quipe de professionnels s&#039;engage \u00e0 fournir \u00e0 ses clients des solutions fiables et de haute qualit\u00e9 pour leurs engins de chantier.<\/p>\n<p>Voici cinq raisons pour lesquelles vous devriez choisir FMP\u00a0:<\/p>\n<p>1. V\u00e9rins hydrauliques de pr\u00e9cision de haute qualit\u00e9<br \/>\nChez FMP, nous nous engageons \u00e0 garantir la qualit\u00e9 \u00e0 tous les niveaux de notre activit\u00e9. Nos v\u00e9rins hydrauliques sont con\u00e7us avec pr\u00e9cision pour r\u00e9pondre aux normes industrielles les plus strictes. Nous utilisons exclusivement des mati\u00e8res premi\u00e8res de haute qualit\u00e9 et effectuons des contr\u00f4les qualit\u00e9 rigoureux sur les produits finis afin de garantir \u00e0 nos clients les meilleurs produits possibles.<\/p>\n<p>2. Vaste gamme de produits<br \/>\nNous proposons une large gamme d&#039;accessoires et de machines compl\u00e8tes pour engins de chantier, notamment divers v\u00e9rins hydrauliques, bo\u00eetes de vitesses, cha\u00eenes et pignons. Notre gamme couvre tous les types d&#039;engins et d&#039;accessoires de chantier, notamment les accessoires moteur, les composants de syst\u00e8mes hydrauliques, les accessoires de ch\u00e2ssis et les accessoires de syst\u00e8mes \u00e9lectriques.<\/p>\n<p>3. Relations de coop\u00e9ration stables et \u00e0 long terme avec les fournisseurs<br \/>\nFMP a \u00e9tabli des relations de coop\u00e9ration durables et stables avec de nombreux fournisseurs nationaux et \u00e9trangers de grande qualit\u00e9. Cela garantit que tous les accessoires fournis r\u00e9pondent \u00e0 des normes de qualit\u00e9 strictes et que nos clients re\u00e7oivent les meilleurs produits possibles.<\/p>\n<p>4. \u00c9quipe de vente exp\u00e9riment\u00e9e et comp\u00e9tente<br \/>\nNotre \u00e9quipe commerciale est exp\u00e9riment\u00e9e et comp\u00e9tente dans le secteur des engins de chantier. Elle conna\u00eet les derni\u00e8res tendances et les besoins des clients et peut fournir des conseils professionnels sur les produits et des conseils d&#039;achat judicieux pour garantir \u00e0 nos clients des produits adapt\u00e9s \u00e0 leurs besoins.<\/p>\n<p>5. Syst\u00e8me de distribution logistique efficace<br \/>\nNous disposons d&#039;un syst\u00e8me de distribution logistique efficace qui garantit \u00e0 nos clients la livraison rapide et pr\u00e9cise des pi\u00e8ces n\u00e9cessaires. Notre \u00e9quipe logistique s&#039;engage \u00e0 fournir le meilleur service possible pour garantir la satisfaction de nos clients.<\/p>\n<p>Si vous recherchez des accessoires et des machines compl\u00e8tes de haute qualit\u00e9 pour vos engins de chantier, FMP est le choix id\u00e9al. Contactez-nous d\u00e8s aujourd&#039;hui pour en savoir plus sur nos produits et d\u00e9couvrir comment nous pouvons r\u00e9pondre \u00e0 vos besoins en mati\u00e8re d&#039;engins de chantier.<\/p>\n<p><img loading=\"lazy\" decoding=\"async\" class=\"alignnone wp-image-2672\" src=\"https:\/\/fmp-components.com\/wp-content\/uploads\/2025\/01\/Dump-Truck-Trailer-Hydraulic-Cylinder-product-3-2.webp\" alt=\"V\u00e9rin hydraulique pour camions \u00e0 benne basculante et remorques - produit-3\" width=\"921\" height=\"675\" title=\"\" srcset=\"https:\/\/fmp-components.com\/wp-content\/uploads\/2025\/01\/Dump-Truck-Trailer-Hydraulic-Cylinder-product-3-2.webp 921w, https:\/\/fmp-components.com\/wp-content\/uploads\/2025\/01\/Dump-Truck-Trailer-Hydraulic-Cylinder-product-3-2-480x352.webp 480w\" sizes=\"(min-width: 0px) and (max-width: 480px) 480px, (min-width: 481px) 921px, 100vw\" \/><br \/>\nAuteur : CX<\/p>","protected":false},"excerpt":{"rendered":"<p>Introduction to Professional Multi Stage Hydraulic Cylinder for Dump Truck The professional multi stage hydraulic cylinder for dump truck is a must-have for any dump truck. It is designed to provide reliable and efficient lifting and dumping of heavy loads, making it an essential component in the industrial and construction sectors. This hydraulic cylinder is [&hellip;]<\/p>","protected":false},"featured_media":2666,"comment_status":"closed","ping_status":"closed","template":"","meta":{"_et_pb_use_builder":"","_et_pb_old_content":"","_et_gb_content_width":""},"product_brand":[],"product_cat":[63],"product_tag":[65,34],"class_list":{"0":"post-2665","1":"product","2":"type-product","3":"status-publish","4":"has-post-thumbnail","6":"product_cat-dump-truck-trailer-hydraulic-cylinder","7":"product_tag-dump-truck-trailer-hydraulic-cylinder","8":"product_tag-hydraulic-cylinder","10":"first","11":"instock","12":"product-type-simple"},"_links":{"self":[{"href":"https:\/\/fmp-components.com\/fr\/wp-json\/wp\/v2\/product\/2665","targetHints":{"allow":["GET"]}}],"collection":[{"href":"https:\/\/fmp-components.com\/fr\/wp-json\/wp\/v2\/product"}],"about":[{"href":"https:\/\/fmp-components.com\/fr\/wp-json\/wp\/v2\/types\/product"}],"replies":[{"embeddable":true,"href":"https:\/\/fmp-components.com\/fr\/wp-json\/wp\/v2\/comments?post=2665"}],"wp:featuredmedia":[{"embeddable":true,"href":"https:\/\/fmp-components.com\/fr\/wp-json\/wp\/v2\/media\/2666"}],"wp:attachment":[{"href":"https:\/\/fmp-components.com\/fr\/wp-json\/wp\/v2\/media?parent=2665"}],"wp:term":[{"taxonomy":"product_brand","embeddable":true,"href":"https:\/\/fmp-components.com\/fr\/wp-json\/wp\/v2\/product_brand?post=2665"},{"taxonomy":"product_cat","embeddable":true,"href":"https:\/\/fmp-components.com\/fr\/wp-json\/wp\/v2\/product_cat?post=2665"},{"taxonomy":"product_tag","embeddable":true,"href":"https:\/\/fmp-components.com\/fr\/wp-json\/wp\/v2\/product_tag?post=2665"}],"curies":[{"name":"wp","href":"https:\/\/api.w.org\/{rel}","templated":true}]}}