{"id":2655,"date":"2025-01-03T05:45:44","date_gmt":"2025-01-03T05:45:44","guid":{"rendered":"https:\/\/fmp-components.com\/product\/high-quality-hydraulic-cylinder-of-platform-lifting\/"},"modified":"2025-01-04T00:42:34","modified_gmt":"2025-01-04T00:42:34","slug":"high-quality-hydraulic-cylinder-of-platform-lifting","status":"publish","type":"product","link":"https:\/\/fmp-components.com\/fr\/product\/high-quality-hydraulic-cylinder-of-platform-lifting\/","title":{"rendered":"V\u00e9rin hydraulique de haute qualit\u00e9 pour le levage de plateformes"},"content":{"rendered":"<h3>V\u00e9rin hydraulique de haute qualit\u00e9 pour le levage de plateformes<\/h3>\n<p><strong>Description du produit :<\/strong><\/p>\n<p>Notre v\u00e9rin hydraulique haute performance pour plateformes \u00e9l\u00e9vatrices est con\u00e7u pour offrir des performances et une fiabilit\u00e9 exceptionnelles dans diverses applications de levage. Fabriqu\u00e9 avec pr\u00e9cision, ce v\u00e9rin hydraulique est id\u00e9al pour une utilisation dans les secteurs industriel, de la construction et automobile.<\/p>\n<p><strong>Caract\u00e9ristiques principales :<\/strong><\/p>\n<ul>\n<li><strong>Construction robuste :<\/strong> Fabriqu\u00e9 en acier haute r\u00e9sistance, notre v\u00e9rin hydraulique est con\u00e7u pour r\u00e9sister aux charges lourdes et aux environnements difficiles, garantissant ainsi une durabilit\u00e9 exceptionnelle.<\/li>\n<li><strong>Technologie d'\u00e9tanch\u00e9it\u00e9 avanc\u00e9e\u00a0:<\/strong> Dot\u00e9 de joints d'\u00e9tanch\u00e9it\u00e9 de pointe pour pr\u00e9venir les fuites et maintenir une pression hydraulique optimale, il am\u00e9liore l'efficacit\u00e9 et la s\u00e9curit\u00e9.<\/li>\n<li><strong>Fonctionnement fluide :<\/strong> La conception du v\u00e9rin permet un levage fluide et contr\u00f4l\u00e9, minimisant ainsi l'usure des machines.<\/li>\n<li><strong>Applications polyvalentes :<\/strong> Convient \u00e0 une large gamme de plateformes \u00e9l\u00e9vatrices, notamment les nacelles \u00e9l\u00e9vatrices \u00e0 ciseaux, les plateformes de travail a\u00e9riennes et autres \u00e9quipements lourds.<\/li>\n<li><strong>Options personnalisables :<\/strong> Disponible en diff\u00e9rentes tailles et longueurs de course pour r\u00e9pondre \u00e0 des exigences op\u00e9rationnelles sp\u00e9cifiques.<\/li>\n<li><strong>Installation facile :<\/strong> Con\u00e7ue pour une installation simple, facilitant son int\u00e9gration dans les syst\u00e8mes existants.<\/li>\n<\/ul>\n<p>Investissez dans notre v\u00e9rin hydraulique haute qualit\u00e9 pour le levage de plateformes et b\u00e9n\u00e9ficiez d'une combinaison parfaite de fiabilit\u00e9, d'efficacit\u00e9 et de s\u00e9curit\u00e9 pour vos op\u00e9rations de levage.<\/p>\n<h3>Principe de fonctionnement et applications des syst\u00e8mes hydrauliques<\/h3>\n<p>Le v\u00e9rin hydraulique fonctionne selon le principe de la puissance fluidique\u00a0: la pression appliqu\u00e9e en un point est transmise \u00e0 un autre gr\u00e2ce \u00e0 un fluide incompressible, ici de l\u2019huile. Ce v\u00e9rin est largement utilis\u00e9 dans les industries n\u00e9cessitant le levage de charges lourdes. Avec notre v\u00e9rin hydraulique, les op\u00e9rations sont plus s\u00fbres, plus efficaces et plus fiables.<\/p>\n<h2>Avantages du v\u00e9rin hydraulique pour camion \u00e0 benne basculante et remorque<\/h2>\n<ul>\n<li><strong>Efficacit\u00e9 accrue :<\/strong> Les camions-bennes et remorques \u00e9quip\u00e9s de v\u00e9rins hydrauliques sont plus efficaces que ceux qui n&#039;en sont pas \u00e9quip\u00e9s. Le syst\u00e8me hydraulique assure un transfert de puissance fluide et fiable, permettant un d\u00e9versement plus rapide et plus pr\u00e9cis des mat\u00e9riaux. Cela permet de gagner du temps et de r\u00e9duire les co\u00fbts de main-d&#039;\u0153uvre, tout en augmentant la productivit\u00e9 globale. De plus, les syst\u00e8mes hydrauliques sont tr\u00e8s \u00e9conomes en \u00e9nergie. Leur fonctionnement n\u00e9cessite moins d&#039;\u00e9nergie que les syst\u00e8mes m\u00e9caniques, ce qui se traduit par des co\u00fbts de carburant r\u00e9duits et un impact environnemental moindre. De plus, les v\u00e9rins hydrauliques sont con\u00e7us pour une performance durable, r\u00e9duisant ainsi les besoins d&#039;entretien et de r\u00e9paration fr\u00e9quents.<\/li>\n<li><strong>S\u00e9curit\u00e9 am\u00e9lior\u00e9e :<\/strong> Les camions-bennes et les remorques peuvent \u00eatre dangereux s&#039;ils ne sont pas utilis\u00e9s correctement. Cependant, les v\u00e9rins hydrauliques peuvent am\u00e9liorer la s\u00e9curit\u00e9 en r\u00e9duisant le risque de basculement ou de d\u00e9versement pendant le d\u00e9versement. Le syst\u00e8me hydraulique assure un transfert de puissance stable et fluide, \u00e9vitant ainsi les mouvements brusques ou les \u00e0-coups susceptibles de d\u00e9stabiliser le v\u00e9hicule. De plus, les syst\u00e8mes hydrauliques peuvent \u00eatre \u00e9quip\u00e9s de dispositifs de s\u00e9curit\u00e9 tels que des soupapes de surpression et une protection contre les surcharges, garantissant ainsi que le syst\u00e8me ne d\u00e9passe pas sa capacit\u00e9 maximale. En am\u00e9liorant la s\u00e9curit\u00e9, les v\u00e9rins hydrauliques contribuent \u00e0 r\u00e9duire les risques d&#039;accidents et de blessures, prot\u00e9geant ainsi les travailleurs et les \u00e9quipements.<\/li>\n<li><strong>Polyvalence accrue :<\/strong> Les camions-bennes et remorques \u00e9quip\u00e9s de v\u00e9rins hydrauliques peuvent \u00eatre utilis\u00e9s pour diverses applications. Les syst\u00e8mes hydrauliques sont hautement adaptables et personnalisables pour r\u00e9pondre aux besoins sp\u00e9cifiques de diff\u00e9rents secteurs et applications. Par exemple, les v\u00e9rins hydrauliques peuvent \u00eatre con\u00e7us pour fonctionner \u00e0 diff\u00e9rentes pressions et vitesses, permettant un contr\u00f4le pr\u00e9cis du processus de d\u00e9versement. Ils peuvent \u00e9galement servir \u00e0 soulever des charges lourdes ou \u00e0 d\u00e9placer des mat\u00e9riaux, ce qui les rend utiles dans la construction, l&#039;exploitation mini\u00e8re et l&#039;agriculture.<\/li>\n<li><strong>Confort am\u00e9lior\u00e9 :<\/strong> Les op\u00e9rateurs de camions-bennes et de remorques b\u00e9n\u00e9ficient du confort accru offert par les syst\u00e8mes hydrauliques. Le fonctionnement fluide des v\u00e9rins hydrauliques r\u00e9duit les vibrations et les \u00e0-coups, diminuant ainsi la fatigue de l&#039;op\u00e9rateur et am\u00e9liorant son confort g\u00e9n\u00e9ral. De plus, les syst\u00e8mes hydrauliques peuvent \u00eatre con\u00e7us pour fonctionner silencieusement, r\u00e9duisant ainsi les nuisances sonores et cr\u00e9ant un environnement de travail plus confortable. Ceci est particuli\u00e8rement important pour les applications o\u00f9 les op\u00e9rateurs restent \u00e0 proximit\u00e9 de l&#039;\u00e9quipement pendant de longues p\u00e9riodes.<\/li>\n<li><strong>Contr\u00f4le accru :<\/strong> Les v\u00e9rins hydrauliques assurent un contr\u00f4le pr\u00e9cis du processus de d\u00e9versement, permettant aux op\u00e9rateurs d&#039;ajuster la vitesse et l&#039;angle de d\u00e9versement. Ce niveau de contr\u00f4le est particuli\u00e8rement utile pour les applications o\u00f9 les mat\u00e9riaux d\u00e9vers\u00e9s sont d\u00e9licats ou n\u00e9cessitent un positionnement pr\u00e9cis. De plus, les v\u00e9rins hydrauliques peuvent \u00eatre command\u00e9s \u00e0 distance, offrant un contr\u00f4le et une flexibilit\u00e9 accrus. Ceci peut \u00eatre utile lorsque l&#039;op\u00e9rateur doit se trouver \u00e0 un endroit \u00e9loign\u00e9 de l&#039;\u00e9quipement ou lorsque la visibilit\u00e9 est limit\u00e9e.<\/li>\n<\/ul>\n<p><img loading=\"lazy\" decoding=\"async\" class=\"alignnone size-full wp-image-2676\" src=\"https:\/\/fmp-components.com\/wp-content\/uploads\/2025\/01\/hydraulic-cylinder-workshop.webp\" alt=\"atelier-de-v\u00e9rins-hydrauliques\" width=\"914\" height=\"733\" title=\"\" srcset=\"https:\/\/fmp-components.com\/wp-content\/uploads\/2025\/01\/hydraulic-cylinder-workshop.webp 914w, https:\/\/fmp-components.com\/wp-content\/uploads\/2025\/01\/hydraulic-cylinder-workshop-480x385.webp 480w\" sizes=\"(min-width: 0px) and (max-width: 480px) 480px, (min-width: 481px) 914px, 100vw\" \/><\/p>\n<h2>\u00c0 propos de FMP<\/h2>\n<p>FMP est une entreprise leader bas\u00e9e en Italie, sp\u00e9cialis\u00e9e dans la vente et l&#039;entretien d&#039;accessoires et de machines compl\u00e8tes pour engins de chantier. Fort d&#039;une vaste exp\u00e9rience dans le secteur, notre \u00e9quipe de professionnels s&#039;engage \u00e0 fournir \u00e0 ses clients des solutions fiables et de haute qualit\u00e9 pour leurs engins de chantier.<\/p>\n<p>Voici cinq raisons pour lesquelles vous devriez choisir FMP\u00a0:<\/p>\n<p>1. V\u00e9rins hydrauliques de pr\u00e9cision de haute qualit\u00e9<br \/>\nChez FMP, nous nous engageons \u00e0 garantir la qualit\u00e9 \u00e0 tous les niveaux de notre activit\u00e9. Nos v\u00e9rins hydrauliques sont con\u00e7us avec pr\u00e9cision pour r\u00e9pondre aux normes industrielles les plus strictes. Nous utilisons exclusivement des mati\u00e8res premi\u00e8res de haute qualit\u00e9 et effectuons des contr\u00f4les qualit\u00e9 rigoureux sur les produits finis afin de garantir \u00e0 nos clients les meilleurs produits possibles.<\/p>\n<p>2. Vaste gamme de produits<br \/>\nNous proposons une large gamme d&#039;accessoires et de machines compl\u00e8tes pour engins de chantier, notamment divers v\u00e9rins hydrauliques, bo\u00eetes de vitesses, cha\u00eenes et pignons. Notre gamme couvre tous les types d&#039;engins et d&#039;accessoires de chantier, notamment les accessoires moteur, les composants de syst\u00e8mes hydrauliques, les accessoires de ch\u00e2ssis et les accessoires de syst\u00e8mes \u00e9lectriques.<\/p>\n<p>3. Relations de coop\u00e9ration stables et \u00e0 long terme avec les fournisseurs<br \/>\nFMP a \u00e9tabli des relations de coop\u00e9ration durables et stables avec de nombreux fournisseurs nationaux et \u00e9trangers de grande qualit\u00e9. Cela garantit que tous les accessoires fournis r\u00e9pondent \u00e0 des normes de qualit\u00e9 strictes et que nos clients re\u00e7oivent les meilleurs produits possibles.<\/p>\n<p>4. \u00c9quipe de vente exp\u00e9riment\u00e9e et comp\u00e9tente<br \/>\nNotre \u00e9quipe commerciale est exp\u00e9riment\u00e9e et comp\u00e9tente dans le secteur des engins de chantier. Elle conna\u00eet les derni\u00e8res tendances et les besoins des clients et peut fournir des conseils professionnels sur les produits et des conseils d&#039;achat judicieux pour garantir \u00e0 nos clients des produits adapt\u00e9s \u00e0 leurs besoins.<\/p>\n<p>5. Syst\u00e8me de distribution logistique efficace<br \/>\nNous disposons d&#039;un syst\u00e8me de distribution logistique efficace qui garantit \u00e0 nos clients la livraison rapide et pr\u00e9cise des pi\u00e8ces n\u00e9cessaires. Notre \u00e9quipe logistique s&#039;engage \u00e0 fournir le meilleur service possible pour garantir la satisfaction de nos clients.<\/p>\n<p>Si vous recherchez des accessoires et des machines compl\u00e8tes de haute qualit\u00e9 pour vos engins de chantier, FMP est le choix id\u00e9al. Contactez-nous d\u00e8s aujourd&#039;hui pour en savoir plus sur nos produits et d\u00e9couvrir comment nous pouvons r\u00e9pondre \u00e0 vos besoins en mati\u00e8re d&#039;engins de chantier.<\/p>\n<p><img loading=\"lazy\" decoding=\"async\" class=\"alignnone wp-image-2672\" src=\"https:\/\/fmp-components.com\/wp-content\/uploads\/2025\/01\/Dump-Truck-Trailer-Hydraulic-Cylinder-product-3-2.webp\" alt=\"V\u00e9rin hydraulique pour camions \u00e0 benne basculante et remorques - produit-3\" width=\"921\" height=\"675\" title=\"\" srcset=\"https:\/\/fmp-components.com\/wp-content\/uploads\/2025\/01\/Dump-Truck-Trailer-Hydraulic-Cylinder-product-3-2.webp 921w, https:\/\/fmp-components.com\/wp-content\/uploads\/2025\/01\/Dump-Truck-Trailer-Hydraulic-Cylinder-product-3-2-480x352.webp 480w\" sizes=\"(min-width: 0px) and (max-width: 480px) 480px, (min-width: 481px) 921px, 100vw\" \/><br \/>\nAuteur : CX<\/p>","protected":false},"excerpt":{"rendered":"<p>High Quality Hydraulic Cylinder for Platform Lifting Product Description: Our High-Quality Hydraulic Cylinder for Platform Lifting is designed to deliver exceptional performance and reliability in various lifting applications. Engineered with precision, this hydraulic cylinder is ideal for use in industrial, construction, and automotive settings. Key Features: Robust Construction: Made from high-strength steel, our hydraulic cylinder [&hellip;]<\/p>","protected":false},"featured_media":2656,"comment_status":"closed","ping_status":"closed","template":"","meta":{"_et_pb_use_builder":"","_et_pb_old_content":"","_et_gb_content_width":""},"product_brand":[],"product_cat":[63],"product_tag":[65,34],"class_list":{"0":"post-2655","1":"product","2":"type-product","3":"status-publish","4":"has-post-thumbnail","6":"product_cat-dump-truck-trailer-hydraulic-cylinder","7":"product_tag-dump-truck-trailer-hydraulic-cylinder","8":"product_tag-hydraulic-cylinder","10":"first","11":"instock","12":"product-type-simple"},"_links":{"self":[{"href":"https:\/\/fmp-components.com\/fr\/wp-json\/wp\/v2\/product\/2655","targetHints":{"allow":["GET"]}}],"collection":[{"href":"https:\/\/fmp-components.com\/fr\/wp-json\/wp\/v2\/product"}],"about":[{"href":"https:\/\/fmp-components.com\/fr\/wp-json\/wp\/v2\/types\/product"}],"replies":[{"embeddable":true,"href":"https:\/\/fmp-components.com\/fr\/wp-json\/wp\/v2\/comments?post=2655"}],"wp:featuredmedia":[{"embeddable":true,"href":"https:\/\/fmp-components.com\/fr\/wp-json\/wp\/v2\/media\/2656"}],"wp:attachment":[{"href":"https:\/\/fmp-components.com\/fr\/wp-json\/wp\/v2\/media?parent=2655"}],"wp:term":[{"taxonomy":"product_brand","embeddable":true,"href":"https:\/\/fmp-components.com\/fr\/wp-json\/wp\/v2\/product_brand?post=2655"},{"taxonomy":"product_cat","embeddable":true,"href":"https:\/\/fmp-components.com\/fr\/wp-json\/wp\/v2\/product_cat?post=2655"},{"taxonomy":"product_tag","embeddable":true,"href":"https:\/\/fmp-components.com\/fr\/wp-json\/wp\/v2\/product_tag?post=2655"}],"curies":[{"name":"wp","href":"https:\/\/api.w.org\/{rel}","templated":true}]}}