{"id":2633,"date":"2025-01-03T03:36:28","date_gmt":"2025-01-03T03:36:28","guid":{"rendered":"https:\/\/fmp-components.com\/?page_id=8"},"modified":"2025-01-03T03:37:26","modified_gmt":"2025-01-03T03:37:26","slug":"square-baler-gearbox-fmp-dfk45-for-big-square-baler","status":"publish","type":"product","link":"https:\/\/fmp-components.com\/fr\/product\/square-baler-gearbox-fmp-dfk45-for-big-square-baler\/","title":{"rendered":"Bo\u00eete de vitesses FMP-DFK45 pour presse \u00e0 balles carr\u00e9es"},"content":{"rendered":"<h2>Dimensions de la bo\u00eete de vitesses de la presse \u00e0 balles carr\u00e9es FMP-DFK45<\/h2>\n<p><img loading=\"lazy\" decoding=\"async\" class=\"alignnone size-full wp-image-2638\" src=\"https:\/\/fmp-components.com\/wp-content\/uploads\/2025\/01\/Square-Baler-Gearbox-EP-DFK45-Dimensions-1.webp\" alt=\"Bo\u00eete de vitesses pour presse \u00e0 balles carr\u00e9es FMP-DFK45 - Dimensions 1\" width=\"1256\" height=\"781\" title=\"\" srcset=\"https:\/\/fmp-components.com\/wp-content\/uploads\/2025\/01\/Square-Baler-Gearbox-EP-DFK45-Dimensions-1.webp 1256w, https:\/\/fmp-components.com\/wp-content\/uploads\/2025\/01\/Square-Baler-Gearbox-EP-DFK45-Dimensions-1-980x609.webp 980w, https:\/\/fmp-components.com\/wp-content\/uploads\/2025\/01\/Square-Baler-Gearbox-EP-DFK45-Dimensions-1-480x298.webp 480w\" sizes=\"(min-width: 0px) and (max-width: 480px) 480px, (min-width: 481px) and (max-width: 980px) 980px, (min-width: 981px) 1256px, 100vw\" \/> <img loading=\"lazy\" decoding=\"async\" class=\"alignnone size-full wp-image-2639\" src=\"https:\/\/fmp-components.com\/wp-content\/uploads\/2025\/01\/Square-Baler-Gearbox-EP-DFK45-Dimensions-2.webp\" alt=\"Bo\u00eete de vitesses pour presse \u00e0 balles carr\u00e9es FMP-DFK45 - Dimensions - 2\" width=\"1196\" height=\"439\" title=\"\" srcset=\"https:\/\/fmp-components.com\/wp-content\/uploads\/2025\/01\/Square-Baler-Gearbox-EP-DFK45-Dimensions-2.webp 1196w, https:\/\/fmp-components.com\/wp-content\/uploads\/2025\/01\/Square-Baler-Gearbox-EP-DFK45-Dimensions-2-980x360.webp 980w, https:\/\/fmp-components.com\/wp-content\/uploads\/2025\/01\/Square-Baler-Gearbox-EP-DFK45-Dimensions-2-480x176.webp 480w\" sizes=\"(min-width: 0px) and (max-width: 480px) 480px, (min-width: 481px) and (max-width: 980px) 980px, (min-width: 981px) 1196px, 100vw\" \/><\/p>\n<h2>Donn\u00e9es techniques de la bo\u00eete de vitesses pour presse \u00e0 balles carr\u00e9es FMP-DFK45<\/h2>\n<table style=\"width: 92.8%; height: 145px;\" border=\"1\" cellspacing=\"0\" cellpadding=\"0\">\n<tbody>\n<tr>\n<td colspan=\"3\" rowspan=\"2\">je<\/td>\n<td rowspan=\"2\">Appropri\u00e9<\/td>\n<td>Entr\u00e9e de r\u00e9gime<\/td>\n<td>Vitesse de sortie<br \/>\ntr\/min<\/td>\n<td colspan=\"2\">Pouvoir<\/td>\n<td rowspan=\"2\">Dentition<\/td>\n<\/tr>\n<tr>\n<td>tr\/min<\/td>\n<td>tr\/min<\/td>\n<td>kW<\/td>\n<td>hp<\/td>\n<\/tr>\n<tr>\n<td colspan=\"3\">2.1: 1<\/td>\n<td>Presse \u00e0 balles carr\u00e9es g\u00e9antes<\/td>\n<td>266<\/td>\n<td>126<\/td>\n<td>45<\/td>\n<td>60<\/td>\n<td>Dents h\u00e9lico\u00efdales de Gleason<\/td>\n<\/tr>\n<tr>\n<td colspan=\"9\">Remarque : si vous avez des exigences particuli\u00e8res, n'h\u00e9sitez pas \u00e0 me le faire savoir, nous acceptons \u00e9galement les personnalisations.<\/td>\n<\/tr>\n<\/tbody>\n<\/table>\n<h2>Composants de la bo\u00eete de vitesses de la presse \u00e0 balles carr\u00e9es FMP-DFK45<\/h2>\n<p>La bo\u00eete de vitesses FMP-DFK45 pour presses \u00e0 balles carr\u00e9es est un composant essentiel des machines agricoles de grande taille, notamment pour les presses \u00e0 balles carr\u00e9es. Elle transmet efficacement la puissance de la prise de force (PDF) du tracteur aux diff\u00e9rents m\u00e9canismes de la presse, garantissant ainsi un fonctionnement optimal. Voici les principaux composants de la bo\u00eete de vitesses FMP-DFK45\u00a0:<\/p>\n<p><strong>arbre d'entr\u00e9e<\/strong><\/p>\n<ul>\n<li>Fonction : L'arbre d'entr\u00e9e se connecte au syst\u00e8me de prise de force du tracteur, transf\u00e9rant la puissance de rotation \u00e0 la bo\u00eete de vitesses.<\/li>\n<li>Conception : G\u00e9n\u00e9ralement fabriqu\u00e9 en acier \u00e0 haute r\u00e9sistance pour supporter un couple et des contraintes \u00e9lev\u00e9s pendant le fonctionnement.<\/li>\n<\/ul>\n<p><strong>Engrenages principaux (engrenages coniques ou droits)<\/strong><\/p>\n<ul>\n<li>Fonction : Ces engrenages sont charg\u00e9s de transmettre l'\u00e9nergie de rotation de l'arbre d'entr\u00e9e \u00e0 l'arbre de sortie, en modifiant la vitesse et le couple selon les besoins.<\/li>\n<li>Conception : Con\u00e7ue avec pr\u00e9cision pour un fonctionnement fluide, r\u00e9duisant l'usure et garantissant une efficacit\u00e9 \u00e9lev\u00e9e.<\/li>\n<\/ul>\n<p><strong>arbre de sortie<\/strong><\/p>\n<ul>\n<li>Fonction : L'arbre de sortie transmet la puissance aux syst\u00e8mes op\u00e9rationnels de la presse \u00e0 balles, tels que la chambre de compression, le compactage et les m\u00e9canismes de liage.<\/li>\n<li>Conception : Elle est con\u00e7ue pour supporter les fortes exigences de couple du processus de mise en balles, et est souvent \u00e9quip\u00e9e de cannelures pour une fixation s\u00e9curis\u00e9e aux diff\u00e9rentes parties de la presse \u00e0 balles.<\/li>\n<\/ul>\n<p><strong>Roulements<\/strong><\/p>\n<ul>\n<li>Fonction : Les roulements supportent les arbres et les engrenages mobiles, assurant une rotation fluide et r\u00e9duisant la friction.<\/li>\n<li>Conception\u00a0: Roulements g\u00e9n\u00e9ralement \u00e9tanches pour emp\u00eacher la poussi\u00e8re, l\u2019humidit\u00e9 et autres contaminants de p\u00e9n\u00e9trer et de provoquer une usure.<\/li>\n<\/ul>\n<p>Lors de la s\u00e9lection ou de l'entretien de la bo\u00eete de vitesses de la presse \u00e0 balles carr\u00e9es FMP-DFK45, il est crucial de s'assurer que tous les composants sont correctement lubrifi\u00e9s, \u00e9tanches et exempts d'usure afin de maintenir l'efficacit\u00e9 de la bo\u00eete de vitesses et de prolonger sa dur\u00e9e de vie op\u00e9rationnelle.<\/p>\n<p><img loading=\"lazy\" decoding=\"async\" class=\"alignnone size-full wp-image-2640\" src=\"https:\/\/fmp-components.com\/wp-content\/uploads\/2025\/01\/Square-Baler-Gearbox-EP-DFK45-Applications.webp\" alt=\"Applications de la bo\u00eete de vitesses pour presse \u00e0 balles carr\u00e9es FMP-DFK45\" width=\"1000\" height=\"620\" title=\"\" srcset=\"https:\/\/fmp-components.com\/wp-content\/uploads\/2025\/01\/Square-Baler-Gearbox-EP-DFK45-Applications.webp 1000w, https:\/\/fmp-components.com\/wp-content\/uploads\/2025\/01\/Square-Baler-Gearbox-EP-DFK45-Applications-980x608.webp 980w, https:\/\/fmp-components.com\/wp-content\/uploads\/2025\/01\/Square-Baler-Gearbox-EP-DFK45-Applications-480x298.webp 480w\" sizes=\"(min-width: 0px) and (max-width: 480px) 480px, (min-width: 481px) and (max-width: 980px) 980px, (min-width: 981px) 1000px, 100vw\" \/><\/p>\n<h2>Applications de la bo\u00eete de vitesses pour presse \u00e0 balles carr\u00e9es FMP-DFK45<\/h2>\n<div class=\"group\/conversation-turn relative flex w-full min-w-0 flex-col agent-turn\">\n<div class=\"flex-col gap-1 md:gap-3\">\n<div class=\"flex max-w-full flex-col flex-grow\">\n<div class=\"min-h-8 text-message flex w-full flex-col items-end gap-2 whitespace-normal break-words text-start [.text-message+&amp;]:mt-5\" dir=\"auto\" data-message-author-role=\"assistant\" data-message-id=\"9455a869-4f3f-4093-8494-3ba86af706bc\" data-message-model-slug=\"gpt-4o\">\n<div class=\"flex w-full flex-col gap-1 empty:hidden first:pt-[3px]\">\n<div class=\"markdown prose w-full break-words dark:prose-invert light\">\n<p>Le r\u00e9ducteur pour presse \u00e0 balles carr\u00e9es FMP-DFK45 est sp\u00e9cialement con\u00e7u pour r\u00e9pondre aux exigences \u00e9lev\u00e9es des machines agricoles, notamment pour le fonctionnement des presses \u00e0 balles carr\u00e9es de grande taille. Voici ses principales applications\u00a0:<\/p>\n<p><strong>Grandes presses \u00e0 balles carr\u00e9es<\/strong><\/p>\n<ul>\n<li>Application principale : La bo\u00eete de vitesses FMP-DFK45 est principalement utilis\u00e9e dans les grandes presses \u00e0 balles carr\u00e9es, qui servent \u00e0 collecter et \u00e0 compacter le foin, la paille ou d'autres r\u00e9sidus de r\u00e9colte en balles carr\u00e9es nettes pour le stockage et le transport.<\/li>\n<li>Fonction : Il facilite la transmission de la puissance du syst\u00e8me de prise de force du tracteur aux composants internes de la presse \u00e0 balles, notamment le ramasseur, le m\u00e9canisme d'alimentation, la chambre de compactage et le syst\u00e8me de liage.<\/li>\n<\/ul>\n<p><strong>R\u00e9colte du foin et de la paille<\/strong><\/p>\n<ul>\n<li>Application dans la fenaison\u00a0: La bo\u00eete de vitesses est utilis\u00e9e dans les presses \u00e0 balles carr\u00e9es qui transforment le foin, garantissant ainsi que la r\u00e9colte est correctement compact\u00e9e en balles denses et uniformes.<\/li>\n<li>Collecte de la paille : Comme pour le foin, la bo\u00eete de vitesses joue un r\u00f4le essentiel dans le compactage de la paille en balles carr\u00e9es faciles \u00e0 manipuler, optimisant ainsi l'efficacit\u00e9 du stockage et du transport.<\/li>\n<\/ul>\n<p><strong>Production d'ensilage (formation de balles)<\/strong><\/p>\n<ul>\n<li>Applications pour l'ensilage : Dans la production d'ensilage, o\u00f9 les cultures sont r\u00e9colt\u00e9es pour l'alimentation du b\u00e9tail, la bo\u00eete de vitesses FMP-DFK45 permet la mise en balles carr\u00e9es de divers mat\u00e9riaux d'ensilage, tels que l'herbe, le ma\u00efs ou d'autres cultures fourrag\u00e8res vertes.<\/li>\n<li>Densit\u00e9 et uniformit\u00e9 des balles : Cela garantit un processus de mise en balles efficace, produisant des balles uniform\u00e9ment denses pour une fermentation efficace de l'ensilage et une conservation \u00e0 long terme.<\/li>\n<\/ul>\n<p><strong>R\u00e9colte du fourrage<\/strong><\/p>\n<ul>\n<li>Mat\u00e9riel de r\u00e9colte de fourrage\u00a0: Utilis\u00e9 dans les grands syst\u00e8mes de r\u00e9colte de fourrage, le r\u00e9ducteur permet de transformer des cultures telles que la luzerne, le tr\u00e8fle et autres fourrages en balles carr\u00e9es destin\u00e9es \u00e0 l\u2019alimentation, au stockage ou au transport ult\u00e9rieurs.<\/li>\n<li>M\u00e9canismes de mise en balles : Dans les presses con\u00e7ues pour traiter des cultures fourrag\u00e8res plus lourdes ou plus volumineuses, la bo\u00eete de vitesses FMP-DFK45 assure une transmission de puissance fluide pour garantir une formation de balles efficace et constante.<\/li>\n<\/ul>\n<p>La bo\u00eete de vitesses FMP-DFK45 est un composant essentiel pour optimiser les performances et l'efficacit\u00e9 des presses \u00e0 balles carr\u00e9es de grande taille, prenant en charge une gamme d'applications agricoles qui contribuent \u00e0 une r\u00e9colte efficace, \u00e0 la gestion des r\u00e9sidus et \u00e0 des pratiques agricoles efficaces.<\/p>\n<p><img loading=\"lazy\" decoding=\"async\" class=\"alignnone size-full wp-image-2641\" src=\"https:\/\/fmp-components.com\/wp-content\/uploads\/2025\/01\/Square-Baler-Gearbox-EP-DFK45-for-Big-Square-Baler.webp\" alt=\"Bo\u00eete de vitesses pour presse \u00e0 balles carr\u00e9es FMP-DFK45 pour presse \u00e0 balles carr\u00e9es de grande taille\" width=\"1000\" height=\"510\" title=\"\" srcset=\"https:\/\/fmp-components.com\/wp-content\/uploads\/2025\/01\/Square-Baler-Gearbox-EP-DFK45-for-Big-Square-Baler.webp 1000w, https:\/\/fmp-components.com\/wp-content\/uploads\/2025\/01\/Square-Baler-Gearbox-EP-DFK45-for-Big-Square-Baler-980x500.webp 980w, https:\/\/fmp-components.com\/wp-content\/uploads\/2025\/01\/Square-Baler-Gearbox-EP-DFK45-for-Big-Square-Baler-480x245.webp 480w\" sizes=\"(min-width: 0px) and (max-width: 480px) 480px, (min-width: 481px) and (max-width: 980px) 980px, (min-width: 981px) 1000px, 100vw\" \/><\/p>\n<div class=\"group\/conversation-turn relative flex w-full min-w-0 flex-col agent-turn\">\n<div class=\"flex-col gap-1 md:gap-3\">\n<div class=\"flex max-w-full flex-col flex-grow\">\n<div class=\"min-h-8 text-message flex w-full flex-col items-end gap-2 whitespace-normal break-words text-start [.text-message+&amp;]:mt-5\" dir=\"auto\" data-message-author-role=\"assistant\" data-message-id=\"315fae6f-a490-45b4-9a83-c79e6de69105\" data-message-model-slug=\"gpt-4o\">\n<div class=\"flex w-full flex-col gap-1 empty:hidden first:pt-[3px]\">\n<div class=\"markdown prose w-full break-words dark:prose-invert light\">\n<h3>\u00c0 propos de FMP<\/h3>\n<p>Bas\u00e9e en Italie, FMP est un fabricant de premier plan, reconnu pour son expertise dans la conception, le d\u00e9veloppement et la production de r\u00e9ducteurs haute performance. Sp\u00e9cialis\u00e9e dans le secteur des machines agricoles, FMP s'engage \u00e0 fournir des solutions de pr\u00e9cision r\u00e9pondant aux besoins \u00e9volutifs des march\u00e9s agricoles et industriels. Notre gamme de produits est vaste et comprend notamment des r\u00e9ducteurs sp\u00e9cialis\u00e9s pour tondeuses \u00e0 gazon, des arbres de prise de force et d'autres composants essentiels, tous con\u00e7us avec soin pour offrir des solutions sur mesure adapt\u00e9es \u00e0 diverses applications.<\/p>\n<p>Chez FMP, nous savons que chaque client est confront\u00e9 \u00e0 des d\u00e9fis et des exigences uniques. C'est pourquoi nous nous engageons \u00e0 fournir des solutions sur mesure, qu'il s'agisse de composants individuels ou de syst\u00e8mes enti\u00e8rement int\u00e9gr\u00e9s. Gr\u00e2ce \u00e0 une collaboration \u00e9troite avec nos clients, nous veillons \u00e0 ce que chaque solution soit optimis\u00e9e en termes de performance et de rentabilit\u00e9, cr\u00e9ant ainsi de la valeur \u00e0 chaque \u00e9tape. Nos r\u00e9ponses rapides et professionnelles, associ\u00e9es \u00e0 un accompagnement expert, garantissent un traitement pr\u00e9cis de chaque demande, pour des r\u00e9sultats optimaux.<\/p>\n<p>Nous privil\u00e9gions une communication ouverte et transparente tout au long du processus de d\u00e9veloppement produit. Notre \u00e9quipe travaille en \u00e9troite collaboration avec nos clients afin de bien comprendre leurs besoins et de leur apporter des conseils et des recommandations pertinentes pour garantir les solutions les plus efficaces. Qu'il s'agisse de d\u00e9velopper des produits innovants ou d'honorer des commandes en cours, FMP s'engage \u00e0 fournir des produits de haute qualit\u00e9 et de pr\u00e9cision, dans les d\u00e9lais impartis, syst\u00e9matiquement. Notre objectif est de d\u00e9passer les attentes de nos clients en assurant un service et des r\u00e9sultats d'excellence pour chaque projet.<\/p>\n<p>La qualit\u00e9 est au c\u0153ur de toutes nos activit\u00e9s. Nous respectons les normes de fabrication les plus strictes et mettons en \u0153uvre des processus de contr\u00f4le qualit\u00e9 rigoureux afin de garantir que chaque produit surpasse les normes de l'industrie. Notre engagement ind\u00e9fectible envers la qualit\u00e9, conjugu\u00e9 \u00e0 nos valeurs fondamentales d'int\u00e9grit\u00e9, de travail d'\u00e9quipe et de pers\u00e9v\u00e9rance, nous a permis de b\u00e2tir des relations durables et de confiance avec des clients dans pr\u00e8s de 30 pays \u00e0 travers le monde.<\/p>\n<p>FMP s'engage \u00e0 d\u00e9velopper des partenariats internationaux et \u00e0 offrir des conseils d'experts ainsi que des solutions personnalis\u00e9es r\u00e9pondant aux besoins vari\u00e9s de ses clients. Au-del\u00e0 de la simple fourniture de produits, nous nous effor\u00e7ons de b\u00e2tir des relations durables qui contribuent \u00e0 la r\u00e9ussite de chaque projet. Que vous ayez besoin de solutions innovantes pour une nouvelle initiative ou d'un soutien continu pour un syst\u00e8me existant, FMP est l\u00e0 pour relever vos d\u00e9fis techniques et assurer votre succ\u00e8s.<\/p>\n<\/div>\n<\/div>\n<\/div>\n<\/div>\n<\/div>\n<\/div>\n<p><img loading=\"lazy\" decoding=\"async\" class=\"alignnone size-full wp-image-1861\" src=\"https:\/\/fmp-components.com\/wp-content\/uploads\/2024\/12\/Other-Agricultural-Gearboxes.webp\" sizes=\"(min-width: 0px) and (max-width: 480px) 480px, (min-width: 481px) and (max-width: 980px) 980px, (min-width: 981px) 1200px, 100vw\" srcset=\"https:\/\/fmp-components.com\/wp-content\/uploads\/2024\/12\/Other-Agricultural-Gearboxes.webp 1200w, https:\/\/fmp-components.com\/wp-content\/uploads\/2024\/12\/Other-Agricultural-Gearboxes-980x1143.webp 980w, https:\/\/fmp-components.com\/wp-content\/uploads\/2024\/12\/Other-Agricultural-Gearboxes-480x560.webp 480w\" alt=\"Autres changements agricoles\" width=\"1200\" height=\"1400\" title=\"\"><\/p>\n<p>Auteur : CX<\/p>\n<\/div>\n<\/div>\n<\/div>\n<\/div>\n<\/div>\n<\/div>","protected":false},"excerpt":{"rendered":"<p>Square Baler Gearbox FMP-DFK45 Dimensions Square Baler Gearbox FMP-DFK45 Technical Data i Suitable Rpm input Rpm output r\/min Power Toothing r\/min r\/min kw hp 2.1: 1 Big Square Baler 266 126 45 60 Gleason Helical Teeth Remark: If you have any special require feel free let me know, we also accept custom. Components of Square [&hellip;]<\/p>","protected":false},"featured_media":2637,"comment_status":"open","ping_status":"closed","template":"","meta":{"_et_pb_use_builder":"","_et_pb_old_content":"","_et_gb_content_width":""},"product_brand":[],"product_cat":[62],"product_tag":[],"class_list":{"0":"post-2633","1":"product","2":"type-product","3":"status-publish","4":"has-post-thumbnail","6":"product_cat-square-baler-gearbox","8":"first","9":"instock","10":"shipping-taxable","11":"product-type-simple"},"_links":{"self":[{"href":"https:\/\/fmp-components.com\/fr\/wp-json\/wp\/v2\/product\/2633","targetHints":{"allow":["GET"]}}],"collection":[{"href":"https:\/\/fmp-components.com\/fr\/wp-json\/wp\/v2\/product"}],"about":[{"href":"https:\/\/fmp-components.com\/fr\/wp-json\/wp\/v2\/types\/product"}],"replies":[{"embeddable":true,"href":"https:\/\/fmp-components.com\/fr\/wp-json\/wp\/v2\/comments?post=2633"}],"wp:featuredmedia":[{"embeddable":true,"href":"https:\/\/fmp-components.com\/fr\/wp-json\/wp\/v2\/media\/2637"}],"wp:attachment":[{"href":"https:\/\/fmp-components.com\/fr\/wp-json\/wp\/v2\/media?parent=2633"}],"wp:term":[{"taxonomy":"product_brand","embeddable":true,"href":"https:\/\/fmp-components.com\/fr\/wp-json\/wp\/v2\/product_brand?post=2633"},{"taxonomy":"product_cat","embeddable":true,"href":"https:\/\/fmp-components.com\/fr\/wp-json\/wp\/v2\/product_cat?post=2633"},{"taxonomy":"product_tag","embeddable":true,"href":"https:\/\/fmp-components.com\/fr\/wp-json\/wp\/v2\/product_tag?post=2633"}],"curies":[{"name":"wp","href":"https:\/\/api.w.org\/{rel}","templated":true}]}}