{"id":2627,"date":"2025-01-03T03:21:09","date_gmt":"2025-01-03T03:21:09","guid":{"rendered":"https:\/\/fmp-components.com\/?page_id=8"},"modified":"2025-01-03T03:25:57","modified_gmt":"2025-01-03T03:25:57","slug":"square-baler-gearbox-fmp-dfk192-for-big-square-baler","status":"publish","type":"product","link":"https:\/\/fmp-components.com\/fr\/product\/square-baler-gearbox-fmp-dfk192-for-big-square-baler\/","title":{"rendered":"Bo\u00eete de vitesses FMP-DFK192 pour presse \u00e0 balles carr\u00e9es"},"content":{"rendered":"<h2>Dimensions de la bo\u00eete de vitesses de la presse \u00e0 balles carr\u00e9es FMP-DFK192<\/h2>\n<p><img loading=\"lazy\" decoding=\"async\" class=\"alignnone size-full wp-image-2635\" src=\"https:\/\/fmp-components.com\/wp-content\/uploads\/2025\/01\/Square-Baler-Gearbox-EP-DFK192-Dimensions.webp\" alt=\"Bo\u00eete de vitesses pour presse \u00e0 balles carr\u00e9es FMP-DFK192 - Dimensions\" width=\"979\" height=\"1024\" title=\"\" srcset=\"https:\/\/fmp-components.com\/wp-content\/uploads\/2025\/01\/Square-Baler-Gearbox-EP-DFK192-Dimensions.webp 979w, https:\/\/fmp-components.com\/wp-content\/uploads\/2025\/01\/Square-Baler-Gearbox-EP-DFK192-Dimensions-480x502.webp 480w\" sizes=\"(min-width: 0px) and (max-width: 480px) 480px, (min-width: 481px) 979px, 100vw\" \/><\/p>\n<h2>Donn\u00e9es techniques de la bo\u00eete de vitesses de la presse \u00e0 balles carr\u00e9es FMP-DFK192<\/h2>\n<table style=\"width: 99.0645%; height: 101px;\" border=\"1\" cellspacing=\"0\" cellpadding=\"0\">\n<tbody>\n<tr style=\"height: 23px;\">\n<td style=\"height: 46px;\" colspan=\"3\" rowspan=\"2\">je<\/td>\n<td style=\"height: 46px;\" rowspan=\"2\">Appropri\u00e9<\/td>\n<td style=\"height: 23px;\">Entr\u00e9e de r\u00e9gime<\/td>\n<td style=\"height: 23px;\">KW(Nom)<\/td>\n<td style=\"height: 23px;\">Couple nominal<\/td>\n<td style=\"height: 23px;\">Charge maximale<\/td>\n<td style=\"height: 46px;\" rowspan=\"2\">Type d'axe X<\/td>\n<\/tr>\n<tr style=\"height: 23px;\">\n<td style=\"height: 23px;\">tr\/min<\/td>\n<td style=\"height: 23px;\">kW<\/td>\n<td style=\"height: 23px;\">Nm<\/td>\n<td style=\"height: 23px;\">Nm<\/td>\n<\/tr>\n<tr style=\"height: 23px;\">\n<td style=\"height: 23px;\">XY<\/td>\n<td style=\"height: 23px;\">XZ<\/td>\n<td style=\"height: 23px;\">XE<\/td>\n<td style=\"height: 23px;\">Presse \u00e0 balles carr\u00e9es g\u00e9antes<\/td>\n<td style=\"height: 23px;\">1000<\/td>\n<td style=\"height: 23px;\">192<\/td>\n<td style=\"height: 23px;\">1825<\/td>\n<td style=\"height: 23px;\">4000<\/td>\n<td style=\"height: 23px;\">2 types<\/td>\n<\/tr>\n<tr style=\"height: 23px;\">\n<td style=\"height: 23px;\" colspan=\"9\">Remarque : si vous avez des exigences particuli\u00e8res, n'h\u00e9sitez pas \u00e0 me le faire savoir, nous acceptons \u00e9galement les personnalisations.<\/td>\n<\/tr>\n<\/tbody>\n<\/table>\n<h2>Avantages du r\u00e9ducteur FMP-DFK192 pour presse \u00e0 balles carr\u00e9es<\/h2>\n<p>Le r\u00e9ducteur pour presse \u00e0 balles carr\u00e9es FMP-DFK192 est sp\u00e9cialement con\u00e7u pour les presses \u00e0 balles carr\u00e9es de grande taille. Il offre de nombreux avantages pour am\u00e9liorer les performances, la durabilit\u00e9 et l'efficacit\u00e9 des grandes exploitations agricoles. Voici les principaux avantages du r\u00e9ducteur pour presse \u00e0 balles carr\u00e9es FMP-DFK192\u00a0:<\/p>\n<p><strong>Couple de sortie \u00e9lev\u00e9<\/strong><\/p>\n<ul>\n<li>Avantage\u00a0: Le r\u00e9ducteur FMP-DFK192 est con\u00e7u pour fournir un couple \u00e9lev\u00e9, essentiel pour g\u00e9rer les exigences de puissance \u00e9lev\u00e9es d'une presse \u00e0 balles carr\u00e9es. Il est essentiel pour garantir la compression et la mise en balles efficaces de grands volumes de paille, de foin ou d'autres mat\u00e9riaux sans surcharger le syst\u00e8me.<\/li>\n<li>Pourquoi c'est important : Les grosses presses \u00e0 balles carr\u00e9es n\u00e9cessitent un couple important pour faire fonctionner les m\u00e9canismes de compactage et de liage, et le couple \u00e9lev\u00e9 fourni par cette bo\u00eete de vitesses garantit des performances optimales et \u00e9vite les sous-performances ou le calage.<\/li>\n<\/ul>\n<p><strong>Durabilit\u00e9 et long\u00e9vit\u00e9 am\u00e9lior\u00e9es<\/strong><\/p>\n<ul>\n<li>Avantage : Construit avec des mat\u00e9riaux de haute qualit\u00e9 et des composants robustes, le r\u00e9ducteur FMP-DFK192 est con\u00e7u pour r\u00e9sister aux contraintes des op\u00e9rations agricoles intensives, garantissant une longue dur\u00e9e de vie.<\/li>\n<li>Pourquoi c'est important\u00a0: Dans les op\u00e9rations de pressage \u00e0 grande \u00e9chelle, les temps d'arr\u00eat sont co\u00fbteux. La durabilit\u00e9 du r\u00e9ducteur FMP-DFK192 r\u00e9duit les risques de panne, ce qui se traduit par une r\u00e9duction des r\u00e9parations, des co\u00fbts de maintenance et une fiabilit\u00e9 accrue pendant les p\u00e9riodes de pointe de la r\u00e9colte.<\/li>\n<\/ul>\n<p><strong>Transmission d&#039;\u00e9nergie efficace<\/strong><\/p>\n<ul>\n<li>Avantage : La bo\u00eete de vitesses est con\u00e7ue pour transf\u00e9rer efficacement la puissance de la prise de force du tracteur aux m\u00e9canismes de la presse, optimisant ainsi le processus de conversion d'\u00e9nergie et minimisant les pertes.<\/li>\n<li>Pourquoi c'est important\u00a0: Une transmission de puissance efficace r\u00e9duit la consommation de carburant, un atout majeur pour les op\u00e9rations \u00e0 grande \u00e9chelle o\u00f9 les co\u00fbts de carburant peuvent rapidement grimper. Cette caract\u00e9ristique contribue \u00e0 maintenir un rendement op\u00e9rationnel \u00e9lev\u00e9 et \u00e0 r\u00e9duire les co\u00fbts d'exploitation.<\/li>\n<\/ul>\n<p><strong>Contr\u00f4le pr\u00e9cis de la vitesse<\/strong><\/p>\n<ul>\n<li>Avantage\u00a0: Le bo\u00eetier d'engrenages FMP-DFK192 offre un contr\u00f4le pr\u00e9cis de la vitesse, essentiel au bon fonctionnement de la presse. En g\u00e9rant la vitesse des m\u00e9canismes de compactage et de liage, il garantit une formation correcte et uniforme des balles.<\/li>\n<li>Pourquoi c'est important\u00a0: Un contr\u00f4le pr\u00e9cis de la vitesse garantit une qualit\u00e9 constante des balles, minimise les pertes de produit et am\u00e9liore l'efficacit\u00e9 globale du processus de pressage. Ceci est particuli\u00e8rement important dans les op\u00e9rations \u00e0 grande \u00e9chelle o\u00f9 la constance de la taille et de la qualit\u00e9 des balles est essentielle.<\/li>\n<\/ul>\n<p><img loading=\"lazy\" decoding=\"async\" class=\"alignnone size-full wp-image-2629\" src=\"https:\/\/fmp-components.com\/wp-content\/uploads\/2025\/01\/Square-Baler-Gearbox-321.webp\" alt=\"Bo\u00eete de vitesses pour presse \u00e0 balles carr\u00e9es 32(1)\" width=\"1920\" height=\"1115\" title=\"\" srcset=\"https:\/\/fmp-components.com\/wp-content\/uploads\/2025\/01\/Square-Baler-Gearbox-321.webp 1920w, https:\/\/fmp-components.com\/wp-content\/uploads\/2025\/01\/Square-Baler-Gearbox-321-1280x743.webp 1280w, https:\/\/fmp-components.com\/wp-content\/uploads\/2025\/01\/Square-Baler-Gearbox-321-980x569.webp 980w, https:\/\/fmp-components.com\/wp-content\/uploads\/2025\/01\/Square-Baler-Gearbox-321-480x279.webp 480w\" sizes=\"(min-width: 0px) and (max-width: 480px) 480px, (min-width: 481px) and (max-width: 980px) 980px, (min-width: 981px) and (max-width: 1280px) 1280px, (min-width: 1281px) 1920px, 100vw\" \/><\/p>\n<p><strong>Protection contre les surcharges<\/strong><\/p>\n<ul>\n<li>Avantage : Le r\u00e9ducteur FMP-DFK192 est \u00e9quip\u00e9 de fonctions de protection contre les surcharges, telles qu'un limiteur de couple ou un embrayage \u00e0 glissement, qui emp\u00eachent le r\u00e9ducteur d'\u00eatre endommag\u00e9 par des forces excessives.<\/li>\n<li>Pourquoi c'est important\u00a0: La protection contre les surcharges prot\u00e8ge le r\u00e9ducteur et les autres composants connect\u00e9s des effets potentiellement dommageables d'une r\u00e9sistance soudaine, par exemple lorsqu'une masse importante de mat\u00e9riau provoque un blocage. Cela minimise les temps d'arr\u00eat et les co\u00fbts de maintenance.<\/li>\n<\/ul>\n<p>Le r\u00e9ducteur FMP-DFK192 pour presses \u00e0 balles carr\u00e9es offre de nombreux avantages qui am\u00e9liorent l'efficacit\u00e9 op\u00e9rationnelle, r\u00e9duisent les besoins de maintenance et optimisent les performances globales des presses agricoles \u00e0 grande \u00e9chelle. Gr\u00e2ce \u00e0 son couple \u00e9lev\u00e9, sa durabilit\u00e9, son contr\u00f4le pr\u00e9cis de la vitesse et sa protection contre les surcharges, il permet aux presses de supporter les contraintes des travaux intensifs tout en garantissant une production de balles constante et de haute qualit\u00e9. Que vous exploitiez de grandes exploitations agricoles commerciales ou que vous fournissiez des services de pressage, le r\u00e9ducteur FMP-DFK192 est une solution fiable et efficace pour vos besoins de pressage.<img loading=\"lazy\" decoding=\"async\" class=\"alignnone size-full wp-image-2631\" src=\"https:\/\/fmp-components.com\/wp-content\/uploads\/2025\/01\/Square-Baler-Gearbox-EP-DFK192-Benefits1.webp\" alt=\"Bo\u00eete de vitesses pour presse \u00e0 balles carr\u00e9es EP-DFK192 - Avantages (1)\" width=\"980\" height=\"340\" title=\"\" srcset=\"https:\/\/fmp-components.com\/wp-content\/uploads\/2025\/01\/Square-Baler-Gearbox-EP-DFK192-Benefits1.webp 980w, https:\/\/fmp-components.com\/wp-content\/uploads\/2025\/01\/Square-Baler-Gearbox-EP-DFK192-Benefits1-480x167.webp 480w\" sizes=\"(min-width: 0px) and (max-width: 480px) 480px, (min-width: 481px) 980px, 100vw\" \/><\/p>\n<article class=\"w-full scroll-mb-[var(--thread-trailing-height,150px)] text-token-text-primary focus-visible:outline-2 focus-visible:outline-offset-[-4px]\" dir=\"auto\" data-testid=\"conversation-turn-42\" data-scroll-anchor=\"false\">\n<div class=\"m-auto text-base py-[18px] px-3 md:px-4 w-full md:px-5 lg:px-4 xl:px-5\">\n<div class=\"mx-auto flex flex-1 gap-4 text-base md:gap-5 lg:gap-6 md:max-w-3xl lg:max-w-[40rem] xl:max-w-[48rem]\">\n<div class=\"group\/conversation-turn relative flex w-full min-w-0 flex-col\">\n<div class=\"flex-col gap-1 md:gap-3\">\n<div class=\"flex max-w-full flex-col flex-grow\">\n<div class=\"min-h-8 text-message flex w-full flex-col items-end gap-2 whitespace-normal break-words text-start [.text-message+&amp;]:mt-5\" dir=\"auto\" data-message-author-role=\"user\" data-message-id=\"aaa2e9e4-5469-438b-aa2c-1351bf6585ed\">\n<div class=\"flex w-full flex-col gap-1 empty:hidden items-end rtl:items-start\">\n<div class=\"relative max-w-[var(--user-chat-width,70%)] rounded-3xl bg-token-message-surface px-5 py-2.5\">\n<h2 class=\"whitespace-pre-wrap\">Choisissez la bo\u00eete de vitesses adapt\u00e9e \u00e0 votre presse \u00e0 balles carr\u00e9es<\/h2>\n<\/div>\n<\/div>\n<\/div>\n<\/div>\n<\/div>\n<\/div>\n<\/div>\n<\/div>\n<\/article>\n<p>Choisir la bonne bo\u00eete de vitesses pour une presse \u00e0 balles carr\u00e9es est essentiel pour garantir des performances, une durabilit\u00e9 et une efficacit\u00e9 optimales dans les exploitations agricoles \u00e0 grande \u00e9chelle. La bo\u00eete de vitesses est un \u00e9l\u00e9ment cl\u00e9 qui transf\u00e8re la puissance de la prise de force du tracteur aux m\u00e9canismes de la presse, tels que les syst\u00e8mes de compactage et de liage. Voici quelques facteurs \u00e0 prendre en compte pour choisir la bonne bo\u00eete de vitesses\u00a0:<\/p>\n<p><strong>Exigences de puissance et de couple<\/strong><\/p>\n<ul>\n<li>Pourquoi c'est important\u00a0: Les presses \u00e0 balles carr\u00e9es n\u00e9cessitent un couple \u00e9lev\u00e9 pour comprimer de grands volumes de paille, de foin ou d'autres mat\u00e9riaux en balles uniformes. Le r\u00e9ducteur doit \u00eatre capable de g\u00e9rer la puissance et le couple requis par la presse, garantissant un fonctionnement fluide et \u00e9vitant les surcharges.<\/li>\n<li>Point \u00e0 consid\u00e9rer\u00a0: V\u00e9rifiez les sp\u00e9cifications de la presse \u00e0 balles pour conna\u00eetre la puissance et le couple de prise de force requis. Choisissez une bo\u00eete de vitesses correspondant ou l\u00e9g\u00e8rement sup\u00e9rieure aux exigences de couple et de puissance de votre mod\u00e8le de presse.<\/li>\n<\/ul>\n<p><strong>Rapport de bo\u00eete de vitesses (conversion de vitesse et de couple)<\/strong><\/p>\n<ul>\n<li>Pourquoi c'est important\u00a0: Le rapport de bo\u00eete de vitesses d\u00e9termine la vitesse et le couple de la prise de force du tracteur vers les syst\u00e8mes de la presse. Un rapport correct garantit un fonctionnement optimal de la presse pour un pressage efficace et un compactage optimal du mat\u00e9riau.<\/li>\n<li>Consid\u00e9ration\u00a0: Choisissez une bo\u00eete de vitesses avec un rapport adapt\u00e9 \u00e0 votre presse. Cela d\u00e9pend de facteurs tels que la taille de la presse, le type de mat\u00e9riau \u00e0 presser, ainsi que la taille et la densit\u00e9 de balle souhait\u00e9es.<\/li>\n<\/ul>\n<p><strong>Durabilit\u00e9 et mat\u00e9riaux de construction<\/strong><\/p>\n<ul>\n<li>Pourquoi c'est important\u00a0: Le r\u00e9ducteur doit r\u00e9sister aux conditions de travail difficiles des op\u00e9rations de pressage \u00e0 grande \u00e9chelle, notamment une utilisation intensive et une exposition \u00e0 la poussi\u00e8re, \u00e0 l'humidit\u00e9 et \u00e0 d'autres facteurs environnementaux. Des mat\u00e9riaux de construction de haute qualit\u00e9 garantissent une dur\u00e9e de vie prolong\u00e9e du r\u00e9ducteur et un entretien r\u00e9duit.<\/li>\n<li>Conseil\u00a0: Optez pour une bo\u00eete de vitesses fabriqu\u00e9e \u00e0 partir de mat\u00e9riaux durables, comme l'acier haute r\u00e9sistance, r\u00e9sistant \u00e0 l'usure. Privil\u00e9giez les bo\u00eetes de vitesses \u00e9quip\u00e9es de roulements \u00e9tanches et de rev\u00eatements protecteurs pour une durabilit\u00e9 accrue.<\/li>\n<\/ul>\n<p><img loading=\"lazy\" decoding=\"async\" class=\"alignnone size-full wp-image-2630\" src=\"https:\/\/fmp-components.com\/wp-content\/uploads\/2025\/01\/Square-Baler-Gearbox-EP-DFK192-Applications1.webp\" alt=\"Bo\u00eete de vitesses pour presse \u00e0 balles carr\u00e9es EP-DFK192 - Applications (1)\" width=\"1000\" height=\"620\" title=\"\" srcset=\"https:\/\/fmp-components.com\/wp-content\/uploads\/2025\/01\/Square-Baler-Gearbox-EP-DFK192-Applications1.webp 1000w, https:\/\/fmp-components.com\/wp-content\/uploads\/2025\/01\/Square-Baler-Gearbox-EP-DFK192-Applications1-980x608.webp 980w, https:\/\/fmp-components.com\/wp-content\/uploads\/2025\/01\/Square-Baler-Gearbox-EP-DFK192-Applications1-480x298.webp 480w\" sizes=\"(min-width: 0px) and (max-width: 480px) 480px, (min-width: 481px) and (max-width: 980px) 980px, (min-width: 981px) 1000px, 100vw\" \/><\/p>\n<p><strong>Protection contre les surcharges<\/strong><\/p>\n<ul>\n<li>Pourquoi c'est important : La protection contre les surcharges est essentielle pour \u00e9viter d'endommager la bo\u00eete de vitesses et les autres composants connect\u00e9s en cas de blocage ou de r\u00e9sistance excessive dans le processus de mise en balles.<\/li>\n<li>Consid\u00e9ration : recherchez des bo\u00eetes de vitesses dot\u00e9es de m\u00e9canismes de protection contre les surcharges tels que des limiteurs de couple, des embrayages \u00e0 glissement ou des goupilles de cisaillement qui d\u00e9sengagent la bo\u00eete de vitesses lorsqu'une force excessive est d\u00e9tect\u00e9e, \u00e9vitant ainsi des dommages potentiels.<\/li>\n<\/ul>\n<p><strong>Efficacit\u00e9 et transmission de puissance<\/strong><\/p>\n<ul>\n<li>Pourquoi c'est important : Une transmission de puissance efficace r\u00e9duit les pertes d'\u00e9nergie et contribue \u00e0 optimiser la consommation de carburant, ce qui est important pour minimiser les co\u00fbts d'exploitation, en particulier dans les op\u00e9rations \u00e0 grande \u00e9chelle.<\/li>\n<li>Consid\u00e9ration : Choisissez une bo\u00eete de vitesses avec des engrenages \u00e0 haut rendement qui minimisent les pertes de puissance et assurent une transmission de couple maximale de la prise de force du tracteur aux composants de la presse.<\/li>\n<\/ul>\n<p>Lors du choix d'une bo\u00eete de vitesses pour votre presse \u00e0 balles carr\u00e9es, il est essentiel de prendre en compte les facteurs cl\u00e9s mentionn\u00e9s ci-dessus. En vous concentrant sur les besoins en puissance et en couple, le rapport de d\u00e9multiplication, la durabilit\u00e9, la protection contre les surcharges et la facilit\u00e9 d'entretien, vous pourrez choisir la bo\u00eete de vitesses la mieux adapt\u00e9e \u00e0 vos besoins.<\/p>\n<p>Pour des performances optimales, assurez-vous que la bo\u00eete de vitesses est adapt\u00e9e aux exigences sp\u00e9cifiques de votre mod\u00e8le de presse et offre une transmission de puissance efficace avec un couple \u00e9lev\u00e9. N'oubliez pas de v\u00e9rifier la compatibilit\u00e9, les exigences d'entretien et la r\u00e9putation du fabricant afin de garantir une fiabilit\u00e9 \u00e0 long terme et des temps d'arr\u00eat minimaux.<\/p>\n<p><img loading=\"lazy\" decoding=\"async\" class=\"alignnone size-full wp-image-2628\" src=\"https:\/\/fmp-components.com\/wp-content\/uploads\/2025\/01\/Square-Baler-Gearbox-29-11.webp\" alt=\"Bo\u00eete de vitesses pour presse \u00e0 balles carr\u00e9es 29-1(1)\" width=\"1203\" height=\"586\" title=\"\" srcset=\"https:\/\/fmp-components.com\/wp-content\/uploads\/2025\/01\/Square-Baler-Gearbox-29-11.webp 1203w, https:\/\/fmp-components.com\/wp-content\/uploads\/2025\/01\/Square-Baler-Gearbox-29-11-980x477.webp 980w, https:\/\/fmp-components.com\/wp-content\/uploads\/2025\/01\/Square-Baler-Gearbox-29-11-480x234.webp 480w\" sizes=\"(min-width: 0px) and (max-width: 480px) 480px, (min-width: 481px) and (max-width: 980px) 980px, (min-width: 981px) 1203px, 100vw\" \/><\/p>\n<h3>\u00c0 propos de FMP<\/h3>\n<p>Bas\u00e9 en Italie, FMP est un fabricant de premier plan reconnu pour son ing\u00e9nierie, sa conception et sa production de bo\u00eetes de vitesses hautes performances de pointe, avec une sp\u00e9cialisation dans le secteur des machines agricoles. R\u00e9put\u00e9 pour sa pr\u00e9cision, son innovation et sa fiabilit\u00e9 exceptionnelle, FMP est devenu un partenaire de confiance pour r\u00e9pondre aux besoins \u00e9volutifs des secteurs agricole et industriel. Notre vaste gamme de produits comprend des bo\u00eetes de vitesses sp\u00e9cialis\u00e9es pour tondeuses \u00e0 gazon, des arbres de prise de force et d'autres composants m\u00e9caniques essentiels, chacun \u00e9tant soigneusement con\u00e7u pour offrir des solutions sur mesure pour un large \u00e9ventail d'applications.<\/p>\n<p>Chez FMP, nous comprenons que chaque client est confront\u00e9 \u00e0 des d\u00e9fis et des exigences uniques. C'est pourquoi nous nous sp\u00e9cialisons dans la fourniture de solutions personnalis\u00e9es, qu'il s'agisse de composants individuels ou de syst\u00e8mes enti\u00e8rement int\u00e9gr\u00e9s. En travaillant en \u00e9troite collaboration avec nos clients, nous garantissons que chaque solution r\u00e9ponde non seulement \u00e0 leurs besoins, mais optimise \u00e9galement leurs performances et leur valeur. Notre engagement \u00e0 fournir des r\u00e9ponses rapides et professionnelles et des conseils d'experts garantit que chaque demande est trait\u00e9e avec le plus grand soin et la plus grande pr\u00e9cision, pour des r\u00e9sultats optimaux.<\/p>\n<p>Nous accordons une grande importance \u00e0 une communication ouverte et continue \u00e0 chaque \u00e9tape du d\u00e9veloppement produit. Notre \u00e9quipe d'experts collabore directement avec nos clients afin de comprendre pleinement leurs besoins sp\u00e9cifiques et de leur apporter des conseils pr\u00e9cieux et des recommandations sur mesure pour garantir les solutions les plus efficaces. Qu'il s'agisse de concevoir des produits innovants ou d'honorer des commandes en cours, FMP s'engage \u00e0 fournir des solutions de pr\u00e9cision et de haute qualit\u00e9, dans les d\u00e9lais impartis et \u00e0 chaque fois. Notre mission est d'offrir \u00e0 nos clients un service et des r\u00e9sultats exceptionnels, d\u00e9passant syst\u00e9matiquement leurs attentes \u00e0 chaque projet.<\/p>\n<p>Au c\u0153ur des activit\u00e9s de FMP se trouve un engagement ind\u00e9fectible envers la qualit\u00e9. Nous adh\u00e9rons aux normes de fabrication les plus strictes et appliquons des mesures de contr\u00f4le qualit\u00e9 strictes pour garantir que chaque produit respecte et surpasse les normes de l'industrie. Cet engagement envers la qualit\u00e9, alli\u00e9 \u00e0 nos valeurs fondamentales d'int\u00e9grit\u00e9, d'esprit d'\u00e9quipe et de pers\u00e9v\u00e9rance, nous a permis de forger des relations durables et de confiance avec nos clients dans pr\u00e8s de 30 pays \u00e0 travers le monde.<\/p>\n<p>FMP est toujours ouvert aux partenariats internationaux et s'engage \u00e0 fournir des conseils d'experts et des solutions sur mesure adapt\u00e9es aux besoins vari\u00e9s de ses clients. Au-del\u00e0 de la simple fourniture de produits, nous visons \u00e0 \u00e9tablir des relations durables qui contribuent \u00e0 la r\u00e9ussite de chaque projet. Que vous ayez besoin de solutions innovantes pour une nouvelle initiative ou d'un support continu pour un syst\u00e8me existant, FMP est l\u00e0 pour relever vos d\u00e9fis techniques et assurer votre r\u00e9ussite durable.<\/p>\n<p><img loading=\"lazy\" decoding=\"async\" class=\"alignnone size-full wp-image-1861\" src=\"https:\/\/fmp-components.com\/wp-content\/uploads\/2024\/12\/Other-Agricultural-Gearboxes.webp\" sizes=\"(min-width: 0px) and (max-width: 480px) 480px, (min-width: 481px) and (max-width: 980px) 980px, (min-width: 981px) 1200px, 100vw\" srcset=\"https:\/\/fmp-components.com\/wp-content\/uploads\/2024\/12\/Other-Agricultural-Gearboxes.webp 1200w, https:\/\/fmp-components.com\/wp-content\/uploads\/2024\/12\/Other-Agricultural-Gearboxes-980x1143.webp 980w, https:\/\/fmp-components.com\/wp-content\/uploads\/2024\/12\/Other-Agricultural-Gearboxes-480x560.webp 480w\" alt=\"Autres changements agricoles\" width=\"1200\" height=\"1400\" title=\"\"><\/p>\n<p>Auteur : CX<\/p>","protected":false},"excerpt":{"rendered":"<p>Square Baler Gearbox FMP-DFK192 Dimensions Square Baler Gearbox FMP-DFK192 Technical Data i Suitable Rpm input KW(Nom) Rated torque Maximum Load X-axis type r\/min kw N.m N.m X-Y X-Z X-E Big Square Baler 1000 192 1825 4000 2 types Remark: If you have any special require feel free let me know, we also accept custom. Benefits [&hellip;]<\/p>","protected":false},"featured_media":2632,"comment_status":"open","ping_status":"closed","template":"","meta":{"_et_pb_use_builder":"","_et_pb_old_content":"","_et_gb_content_width":""},"product_brand":[],"product_cat":[62],"product_tag":[],"class_list":{"0":"post-2627","1":"product","2":"type-product","3":"status-publish","4":"has-post-thumbnail","6":"product_cat-square-baler-gearbox","8":"first","9":"instock","10":"shipping-taxable","11":"product-type-simple"},"_links":{"self":[{"href":"https:\/\/fmp-components.com\/fr\/wp-json\/wp\/v2\/product\/2627","targetHints":{"allow":["GET"]}}],"collection":[{"href":"https:\/\/fmp-components.com\/fr\/wp-json\/wp\/v2\/product"}],"about":[{"href":"https:\/\/fmp-components.com\/fr\/wp-json\/wp\/v2\/types\/product"}],"replies":[{"embeddable":true,"href":"https:\/\/fmp-components.com\/fr\/wp-json\/wp\/v2\/comments?post=2627"}],"wp:featuredmedia":[{"embeddable":true,"href":"https:\/\/fmp-components.com\/fr\/wp-json\/wp\/v2\/media\/2632"}],"wp:attachment":[{"href":"https:\/\/fmp-components.com\/fr\/wp-json\/wp\/v2\/media?parent=2627"}],"wp:term":[{"taxonomy":"product_brand","embeddable":true,"href":"https:\/\/fmp-components.com\/fr\/wp-json\/wp\/v2\/product_brand?post=2627"},{"taxonomy":"product_cat","embeddable":true,"href":"https:\/\/fmp-components.com\/fr\/wp-json\/wp\/v2\/product_cat?post=2627"},{"taxonomy":"product_tag","embeddable":true,"href":"https:\/\/fmp-components.com\/fr\/wp-json\/wp\/v2\/product_tag?post=2627"}],"curies":[{"name":"wp","href":"https:\/\/api.w.org\/{rel}","templated":true}]}}