{"id":2604,"date":"2025-01-03T02:27:59","date_gmt":"2025-01-03T02:27:59","guid":{"rendered":"https:\/\/fmp-components.com\/?page_id=8"},"modified":"2025-01-03T02:27:59","modified_gmt":"2025-01-03T02:27:59","slug":"square-baler-gearbox-fmp-fk136","status":"publish","type":"product","link":"https:\/\/fmp-components.com\/fr\/product\/square-baler-gearbox-fmp-fk136\/","title":{"rendered":"Bo\u00eete de vitesses pour presse \u00e0 balles carr\u00e9es FMP-FK136"},"content":{"rendered":"<p><img loading=\"lazy\" decoding=\"async\" class=\"size-full wp-image-2609 aligncenter\" src=\"https:\/\/fmp-components.com\/wp-content\/uploads\/2025\/01\/Square-Baler-Gearbox-FMP-FK136.webp\" alt=\"Bo\u00eete de vitesses pour presse \u00e0 balles carr\u00e9es FMP-FK136\" width=\"600\" height=\"600\" title=\"\" srcset=\"https:\/\/fmp-components.com\/wp-content\/uploads\/2025\/01\/Square-Baler-Gearbox-FMP-FK136.webp 600w, https:\/\/fmp-components.com\/wp-content\/uploads\/2025\/01\/Square-Baler-Gearbox-FMP-FK136-480x480.webp 480w\" sizes=\"(min-width: 0px) and (max-width: 480px) 480px, (min-width: 481px) 600px, 100vw\" \/><\/p>\n<h2>Dimensions de la bo\u00eete de vitesses de la presse \u00e0 balles carr\u00e9es FMP-FK136<\/h2>\n<p><img loading=\"lazy\" decoding=\"async\" class=\"alignnone size-full wp-image-2605\" src=\"https:\/\/fmp-components.com\/wp-content\/uploads\/2025\/01\/Square-Baler-Gearbox-FMP-FK136-Dimensions.webp\" alt=\"Dimensions de la bo\u00eete de vitesses de la presse \u00e0 balles carr\u00e9es FMP-FK136\" width=\"1374\" height=\"821\" title=\"\" srcset=\"https:\/\/fmp-components.com\/wp-content\/uploads\/2025\/01\/Square-Baler-Gearbox-FMP-FK136-Dimensions.webp 1374w, https:\/\/fmp-components.com\/wp-content\/uploads\/2025\/01\/Square-Baler-Gearbox-FMP-FK136-Dimensions-1280x765.webp 1280w, https:\/\/fmp-components.com\/wp-content\/uploads\/2025\/01\/Square-Baler-Gearbox-FMP-FK136-Dimensions-980x586.webp 980w, https:\/\/fmp-components.com\/wp-content\/uploads\/2025\/01\/Square-Baler-Gearbox-FMP-FK136-Dimensions-480x287.webp 480w\" sizes=\"(min-width: 0px) and (max-width: 480px) 480px, (min-width: 481px) and (max-width: 980px) 980px, (min-width: 981px) and (max-width: 1280px) 1280px, (min-width: 1281px) 1374px, 100vw\" \/><\/p>\n<h2>Dimensions de l'arbre de la bo\u00eete de vitesses de la presse \u00e0 balles carr\u00e9es FMP-FK136<\/h2>\n<p><img loading=\"lazy\" decoding=\"async\" class=\"alignnone size-full wp-image-2606\" src=\"https:\/\/fmp-components.com\/wp-content\/uploads\/2025\/01\/Square-Baler-Gearbox-FMP-FK136-Shaft-Dimensions.webp\" alt=\"Dimensions de l&#039;arbre de la bo\u00eete de vitesses de la presse \u00e0 balles carr\u00e9es FMP-FK136\" width=\"1366\" height=\"418\" title=\"\" srcset=\"https:\/\/fmp-components.com\/wp-content\/uploads\/2025\/01\/Square-Baler-Gearbox-FMP-FK136-Shaft-Dimensions.webp 1366w, https:\/\/fmp-components.com\/wp-content\/uploads\/2025\/01\/Square-Baler-Gearbox-FMP-FK136-Shaft-Dimensions-1280x392.webp 1280w, https:\/\/fmp-components.com\/wp-content\/uploads\/2025\/01\/Square-Baler-Gearbox-FMP-FK136-Shaft-Dimensions-980x300.webp 980w, https:\/\/fmp-components.com\/wp-content\/uploads\/2025\/01\/Square-Baler-Gearbox-FMP-FK136-Shaft-Dimensions-480x147.webp 480w\" sizes=\"(min-width: 0px) and (max-width: 480px) 480px, (min-width: 481px) and (max-width: 980px) 980px, (min-width: 981px) and (max-width: 1280px) 1280px, (min-width: 1281px) 1366px, 100vw\" \/><\/p>\n<h2>Donn\u00e9es techniques de la bo\u00eete de vitesses de la presse \u00e0 balles carr\u00e9es FMP-FK270<\/h2>\n<table style=\"width: 99.3987%; height: 186px;\" border=\"1\" cellspacing=\"0\" cellpadding=\"0\">\n<tbody>\n<tr>\n<td colspan=\"2\" rowspan=\"2\">je<\/td>\n<td rowspan=\"2\">Appropri\u00e9<\/td>\n<td>Entr\u00e9e de r\u00e9gime<\/td>\n<td>Vitesse de sortie<\/td>\n<td>KW(Nom)<\/td>\n<td>kW (max.)<\/td>\n<td rowspan=\"2\">Dentition<\/td>\n<\/tr>\n<tr>\n<td>tr\/min<\/td>\n<td>tr\/min<\/td>\n<td>hp<\/td>\n<td>hp<\/td>\n<\/tr>\n<tr>\n<td>Augmentation de la vitesse<\/td>\n<td>1:2.28<\/td>\n<td>Presse \u00e0 balles carr\u00e9es, etc.<\/td>\n<td>540<\/td>\n<td>1231.2<\/td>\n<td>140<\/td>\n<td>500<\/td>\n<td>Droite de Gleason<br \/>\nDents<\/td>\n<\/tr>\n<tr>\n<td colspan=\"8\">Remarque : si vous avez des exigences particuli\u00e8res, n'h\u00e9sitez pas \u00e0 me le faire savoir, nous acceptons \u00e9galement les personnalisations.<\/td>\n<\/tr>\n<\/tbody>\n<\/table>\n<h2>Composants de la structure de la bo\u00eete de vitesses de la presse \u00e0 balles carr\u00e9es FMP-FK136<\/h2>\n<div class=\"flex max-w-full flex-col flex-grow\">\n<div class=\"min-h-8 text-message flex w-full flex-col items-end gap-2 whitespace-normal break-words text-start [.text-message+&amp;]:mt-5\" dir=\"auto\" data-message-author-role=\"assistant\" data-message-id=\"487f2f15-9842-4252-8a89-0028add5a077\" data-message-model-slug=\"gpt-4o\">\n<div class=\"flex w-full flex-col gap-1 empty:hidden first:pt-[3px]\">\n<div class=\"markdown prose w-full break-words dark:prose-invert light\">\n<p>La bo\u00eete de vitesses pour presse \u00e0 balles carr\u00e9es FMP-FK136 est une bo\u00eete de vitesses robuste et de pr\u00e9cision, con\u00e7ue pour supporter les contraintes de couple \u00e9lev\u00e9es des presses \u00e0 balles carr\u00e9es. Ses composants structurels sont con\u00e7us pour garantir une transmission de puissance efficace, une grande durabilit\u00e9 et un fonctionnement fluide, m\u00eame dans des conditions agricoles difficiles. Voici les principaux composants structurels de la bo\u00eete de vitesses pour presse \u00e0 balles carr\u00e9es FMP-FK136\u00a0:<\/p>\n<h4>1. <strong>arbre d'entr\u00e9e<\/strong><\/h4>\n<ul>\n<li><strong>Fonction<\/strong>L'arbre d'entr\u00e9e est l'\u00e9l\u00e9ment qui relie la bo\u00eete de vitesses au syst\u00e8me de prise de force (PDF) du tracteur. Il transmet la puissance de rotation du tracteur \u00e0 la bo\u00eete de vitesses.<\/li>\n<li><strong>Mat\u00e9riel<\/strong>G\u00e9n\u00e9ralement fabriqu\u00e9 en acier \u00e0 haute r\u00e9sistance, l'arbre d'entr\u00e9e est con\u00e7u pour supporter le couple transmis par le tracteur.<\/li>\n<\/ul>\n<h4>2. <strong>Logement principal<\/strong><\/h4>\n<ul>\n<li><strong>Fonction<\/strong>: Le <strong>logement principal<\/strong> Le carter ext\u00e9rieur renferme tous les engrenages et composants internes de la bo\u00eete de vitesses. Il prot\u00e8ge ces composants de la salet\u00e9, des d\u00e9bris et des contraintes environnementales, tout en abritant le syst\u00e8me de lubrification.<\/li>\n<li><strong>Mat\u00e9riel<\/strong>Fabriqu\u00e9 en fonte ou en acier durable et \u00e0 haute r\u00e9sistance, le bo\u00eetier est con\u00e7u pour r\u00e9sister aux chocs et \u00e0 l'usure.<\/li>\n<\/ul>\n<h4>3. <strong>Ensemble d'engrenages plan\u00e9taires<\/strong><\/h4>\n<ul>\n<li><strong>Fonction<\/strong>Le train \u00e9picyclo\u00efdal est un composant cl\u00e9 de nombreuses bo\u00eetes de vitesses, y compris la FMP-FK136. Il se compose du pignon solaire, des pignons plan\u00e9taires et de la couronne, qui fonctionnent ensemble pour fournir le rapport de r\u00e9duction requis pour une transmission de puissance en douceur.<\/li>\n<li><strong>Mat\u00e9riel<\/strong>Usin\u00e9s avec pr\u00e9cision et trait\u00e9s thermiquement pour garantir une usure minimale et une performance durable, les engrenages sont g\u00e9n\u00e9ralement fabriqu\u00e9s en acier tremp\u00e9.<\/li>\n<\/ul>\n<h4>4. <strong>Engrenages coniques<\/strong><\/h4>\n<ul>\n<li><strong>Fonction<\/strong>Les engrenages coniques servent \u00e0 modifier le sens de rotation au sein de la bo\u00eete de vitesses. Ces engrenages sont particuli\u00e8rement importants lorsque l'arbre d'entr\u00e9e entra\u00eene la bo\u00eete de vitesses selon un angle, transmettant ainsi la puissance aux diff\u00e9rents composants de la presse \u00e0 balles.<\/li>\n<li><strong>Mat\u00e9riel<\/strong>Les engrenages coniques sont fabriqu\u00e9s en acier haute r\u00e9sistance trait\u00e9 thermiquement, ce qui leur permet de supporter des charges \u00e9lev\u00e9es et de fonctionner en douceur.<\/li>\n<\/ul>\n<h4>5. <strong>arbre de sortie<\/strong><\/h4>\n<ul>\n<li><strong>Fonction<\/strong>L'arbre de sortie transmet la puissance de la bo\u00eete de vitesses aux composants op\u00e9rationnels de la presse \u00e0 balles carr\u00e9es, tels que le syst\u00e8me d'alimentation, le m\u00e9canisme de nouage et la chambre de compression. Il est con\u00e7u pour fournir la vitesse et le couple n\u00e9cessaires au bon fonctionnement de ces composants.<\/li>\n<li><strong>Mat\u00e9riel<\/strong>Tout comme l'arbre d'entr\u00e9e, l'arbre de sortie est fabriqu\u00e9 en acier haute r\u00e9sistance afin de garantir sa durabilit\u00e9 et sa long\u00e9vit\u00e9.<\/li>\n<\/ul>\n<p>La bo\u00eete de vitesses pour presse \u00e0 balles carr\u00e9es FMP-FK136 est compos\u00e9e de plusieurs composants de pr\u00e9cision con\u00e7us pour fonctionner en parfaite harmonie, garantissant une transmission de puissance fiable et un fonctionnement efficace des presses agricoles. Des arbres d'entr\u00e9e et de sortie haute r\u00e9sistance aux trains \u00e9picyclo\u00efdaux, en passant par les roulements et les joints d'\u00e9tanch\u00e9it\u00e9, chaque composant est con\u00e7u pour une durabilit\u00e9 et des performances optimales sur le long terme. Sa conception robuste et l'agencement strat\u00e9gique de ses composants lui permettent de supporter un couple \u00e9lev\u00e9 et les conditions agricoles les plus exigeantes, ce qui en fait un \u00e9l\u00e9ment fiable des presses modernes.<\/p>\n<p><img loading=\"lazy\" decoding=\"async\" class=\"alignnone size-full wp-image-2607\" src=\"https:\/\/fmp-components.com\/wp-content\/uploads\/2025\/01\/Square-Baler-Gearbox-EP-FK136-Structure-Components1.webp\" alt=\"Bo\u00eete de vitesses de presse \u00e0 balles carr\u00e9es FMP FK136 - Composants de structure (1)\" width=\"1457\" height=\"906\" title=\"\" srcset=\"https:\/\/fmp-components.com\/wp-content\/uploads\/2025\/01\/Square-Baler-Gearbox-EP-FK136-Structure-Components1.webp 1457w, https:\/\/fmp-components.com\/wp-content\/uploads\/2025\/01\/Square-Baler-Gearbox-EP-FK136-Structure-Components1-1280x796.webp 1280w, https:\/\/fmp-components.com\/wp-content\/uploads\/2025\/01\/Square-Baler-Gearbox-EP-FK136-Structure-Components1-980x609.webp 980w, https:\/\/fmp-components.com\/wp-content\/uploads\/2025\/01\/Square-Baler-Gearbox-EP-FK136-Structure-Components1-480x298.webp 480w\" sizes=\"(min-width: 0px) and (max-width: 480px) 480px, (min-width: 481px) and (max-width: 980px) 980px, (min-width: 981px) and (max-width: 1280px) 1280px, (min-width: 1281px) 1457px, 100vw\" \/><\/p>\n<h2>R\u00e9ducteur pour presse \u00e0 balles carr\u00e9es FMP-FK136 Applications courantes<\/h2>\n<p>Le r\u00e9ducteur pour presse \u00e0 balles carr\u00e9es FMP-FK136 est sp\u00e9cialement con\u00e7u pour les machines agricoles, notamment pour le pressage. Sa construction robuste et sa transmission de puissance efficace le rendent adapt\u00e9 \u00e0 diverses applications de pressage exigeant un couple \u00e9lev\u00e9, une grande durabilit\u00e9 et une pr\u00e9cision optimale. Voici quelques exemples d'applications courantes du r\u00e9ducteur pour presse \u00e0 balles carr\u00e9es FMP-FK136\u00a0:<\/p>\n<p><strong>Mise en balles de foin<\/strong><\/p>\n<ul>\n<li>Application\u00a0: La bo\u00eete de vitesses FMP-FK136 est couramment utilis\u00e9e pour le pressage du foin, o\u00f9 le foin est ramass\u00e9, compress\u00e9 et li\u00e9 en balles rectangulaires pour le stockage et le transport. Elle transmet efficacement la puissance de la prise de force du tracteur aux m\u00e9canismes internes de la presse.<\/li>\n<li>Avantages : La bo\u00eete de vitesses assure une formation de balles homog\u00e8ne, m\u00eame avec des taux d'humidit\u00e9 et des densit\u00e9s de foin variables, tout en maintenant des performances optimales pendant de longues heures de fonctionnement.<\/li>\n<\/ul>\n<p><strong>Mise en balles de paille<\/strong><\/p>\n<ul>\n<li>Application\u00a0: Le r\u00e9ducteur FMP-FK136 est largement utilis\u00e9 pour le pressage de la paille, notamment apr\u00e8s la r\u00e9colte de c\u00e9r\u00e9ales comme le bl\u00e9 ou l\u2019orge. Il permet de compacter la paille en balles carr\u00e9es, facilitant ainsi son stockage, son transport et son utilisation \u00e0 diverses fins, comme la liti\u00e8re ou le combustible biomasse.<\/li>\n<li>Avantages : Sa transmission de puissance robuste et efficace garantit un pressage correct m\u00eame de la paille dense et fibreuse, \u00e9vitant ainsi le bourrage et r\u00e9duisant l'usure de la presse.<\/li>\n<\/ul>\n<p><strong>Mise en balles d'ensilage<\/strong><\/p>\n<ul>\n<li>Application\u00a0: Utilis\u00e9e pour le pressage d\u2019ensilage, la bo\u00eete de vitesses FMP-FK136 permet de presser des fourrages verts et humides comme la luzerne ou l\u2019ensilage de ma\u00efs, qui sont ensuite ferment\u00e9s et utilis\u00e9s comme aliments pour animaux. Ces mat\u00e9riaux n\u00e9cessitent une manipulation particuli\u00e8re en raison de leur forte teneur en humidit\u00e9, et la bo\u00eete de vitesses est con\u00e7ue pour fonctionner de mani\u00e8re fiable dans ces conditions.<\/li>\n<li>Avantages : Le fonctionnement souple et efficace de la bo\u00eete de vitesses garantit des balles compactes m\u00eame dans des conditions humides et difficiles, et contribue \u00e0 pr\u00e9server la qualit\u00e9 nutritionnelle de l'ensilage.<\/li>\n<\/ul>\n<p><strong>Mise en balles de luzerne<\/strong><\/p>\n<ul>\n<li>Application\u00a0: Le pressage de la luzerne est une autre application cl\u00e9 du r\u00e9ducteur FMP-FK136. La luzerne est une culture fourrag\u00e8re riche en prot\u00e9ines utilis\u00e9e pour l\u2019alimentation animale. Le r\u00e9ducteur assure la traction lors du pressage, garantissant ainsi une compression optimale de la culture en balles denses et bien form\u00e9es.<\/li>\n<li>Avantages : La bo\u00eete de vitesses assure une densit\u00e9 de balle uniforme et une compression ad\u00e9quate, ce qui est essentiel pour pr\u00e9server la qualit\u00e9 et la valeur nutritionnelle du foin de luzerne.<\/li>\n<\/ul>\n<p><strong>Mise en balles des r\u00e9sidus de r\u00e9colte<\/strong><\/p>\n<ul>\n<li>Application\u00a0: Le r\u00e9ducteur FMP-FK136 est utilis\u00e9 pour le pressage des r\u00e9sidus de r\u00e9colte, notamment les tiges de ma\u00efs, la paille de bl\u00e9 et autres mati\u00e8res v\u00e9g\u00e9tales, apr\u00e8s la r\u00e9colte principale. Ces r\u00e9sidus peuvent \u00eatre valoris\u00e9s de diverses mani\u00e8res, par exemple pour la production de bio\u00e9nergie, la liti\u00e8re animale ou le compostage.<\/li>\n<li>Avantages : Sa capacit\u00e9 \u00e0 traiter une vari\u00e9t\u00e9 de mat\u00e9riaux et \u00e0 produire de mani\u00e8re constante des balles compactes en fait un outil id\u00e9al pour cette application, ce qui contribue \u00e0 r\u00e9duire les d\u00e9chets sur le terrain et \u00e0 am\u00e9liorer l'efficacit\u00e9 de l'exploitation agricole.<\/li>\n<\/ul>\n<p>La bo\u00eete de vitesses pour presse \u00e0 balles carr\u00e9es FMP-FK136 est un composant essentiel pour diverses applications de pressage agricole, notamment lorsque couple \u00e9lev\u00e9 et durabilit\u00e9 sont indispensables. Sa capacit\u00e9 \u00e0 fonctionner dans des conditions vari\u00e9es \u2013 du pressage de foin et de paille \u00e0 celui de biomasse et d'ensilage \u2013 en fait une bo\u00eete de vitesses extr\u00eamement polyvalente et fiable pour l'agriculture moderne. Que ce soit pour les petites ou les grandes exploitations, la bo\u00eete de vitesses FMP-FK136 joue un r\u00f4le crucial pour garantir des balles efficaces et de haute qualit\u00e9, adapt\u00e9es \u00e0 de multiples usages.<\/p>\n<p><img loading=\"lazy\" decoding=\"async\" class=\"alignnone size-full wp-image-2608\" src=\"https:\/\/fmp-components.com\/wp-content\/uploads\/2025\/01\/Square-Baler-Gearbox-EP-FK136-Common-Applications1.webp\" alt=\"Bo\u00eete de vitesses pour presse \u00e0 balles carr\u00e9es FMP FK136 Applications courantes (1)\" width=\"1024\" height=\"564\" title=\"\" srcset=\"https:\/\/fmp-components.com\/wp-content\/uploads\/2025\/01\/Square-Baler-Gearbox-EP-FK136-Common-Applications1.webp 1024w, https:\/\/fmp-components.com\/wp-content\/uploads\/2025\/01\/Square-Baler-Gearbox-EP-FK136-Common-Applications1-980x540.webp 980w, https:\/\/fmp-components.com\/wp-content\/uploads\/2025\/01\/Square-Baler-Gearbox-EP-FK136-Common-Applications1-480x264.webp 480w\" sizes=\"(min-width: 0px) and (max-width: 480px) 480px, (min-width: 481px) and (max-width: 980px) 980px, (min-width: 981px) 1024px, 100vw\" \/><\/p>\n<h2>\u00c0 propos de FMP<\/h2>\n<p>Bas\u00e9e en Italie, FMP est un fabricant leader reconnu pour son expertise dans la conception, le d\u00e9veloppement et la production de r\u00e9ducteurs haute performance, notamment pour le secteur des machines agricoles. R\u00e9put\u00e9e pour son ing\u00e9nierie de pr\u00e9cision, ses solutions innovantes et sa fiabilit\u00e9 \u00e0 toute \u00e9preuve, FMP s'est impos\u00e9e comme un partenaire de confiance pour r\u00e9pondre aux besoins \u00e9volutifs des march\u00e9s agricoles et industriels. Notre gamme compl\u00e8te de produits comprend des r\u00e9ducteurs sp\u00e9cialis\u00e9s pour tondeuses \u00e0 gazon, des arbres de prise de force et d'autres composants essentiels, tous con\u00e7us avec le plus grand soin pour offrir des solutions sur mesure adapt\u00e9es \u00e0 une large gamme d'applications.<\/p>\n<p>Chez FMP, nous savons que chaque client est confront\u00e9 \u00e0 des d\u00e9fis uniques. C'est pourquoi nous nous sp\u00e9cialisons dans la fourniture de solutions sur mesure, qu'il s'agisse de composants individuels ou de syst\u00e8mes enti\u00e8rement int\u00e9gr\u00e9s. Nous collaborons \u00e9troitement avec nos clients pour garantir que chaque solution soit non seulement efficace, mais aussi performante, optimisant ainsi les r\u00e9sultats et offrant une valeur ajout\u00e9e maximale. Notre engagement \u00e0 fournir des r\u00e9ponses rapides et professionnelles, associ\u00e9 \u00e0 un accompagnement expert, assure un traitement pr\u00e9cis et attentif de chaque demande, pour des r\u00e9sultats optimaux.<\/p>\n<p>Nous privil\u00e9gions une communication ouverte et continue tout au long du cycle de d\u00e9veloppement produit. Notre \u00e9quipe d\u00e9di\u00e9e travaille en \u00e9troite collaboration avec nos clients afin de bien comprendre leurs besoins sp\u00e9cifiques et de leur apporter des conseils et des recommandations pertinentes pour garantir les solutions les plus efficaces. Qu'il s'agisse de concevoir de nouveaux produits ou d'honorer des commandes en cours, FMP s'engage \u00e0 fournir syst\u00e9matiquement des solutions de haute qualit\u00e9 et d'une grande pr\u00e9cision, dans les d\u00e9lais impartis. Notre objectif est de toujours d\u00e9passer les attentes et d'offrir \u00e0 nos clients un service et des r\u00e9sultats optimaux pour chaque projet.<\/p>\n<p>La qualit\u00e9 est au c\u0153ur des activit\u00e9s de FMP. Nous respectons les normes de fabrication les plus exigeantes et mettons en \u0153uvre des processus de contr\u00f4le qualit\u00e9 rigoureux afin de garantir que chaque produit r\u00e9ponde, voire surpasse, les exigences du secteur. Cet engagement ind\u00e9fectible envers la qualit\u00e9, associ\u00e9 \u00e0 nos valeurs fondamentales d'int\u00e9grit\u00e9, de travail d'\u00e9quipe et de pers\u00e9v\u00e9rance, nous a permis de b\u00e2tir des relations de confiance durables avec des clients dans plus de 30 pays \u00e0 travers le monde.<\/p>\n<p>FMP est toujours d\u00e9sireuse de d\u00e9velopper des partenariats internationaux et s'engage \u00e0 offrir des conseils d'experts et des solutions personnalis\u00e9es r\u00e9pondant aux besoins vari\u00e9s de ses clients. Nous allons au-del\u00e0 de la simple fourniture de produits\u00a0; nous visons \u00e0 cultiver des relations durables qui contribuent au succ\u00e8s de chaque projet. Que vous recherchiez des solutions innovantes pour une nouvelle initiative ou un soutien continu pour un syst\u00e8me existant, FMP est l\u00e0 pour relever vos d\u00e9fis techniques et assurer votre r\u00e9ussite.<\/p>\n<p><img loading=\"lazy\" decoding=\"async\" class=\"alignnone size-full wp-image-1861\" src=\"https:\/\/fmp-components.com\/wp-content\/uploads\/2024\/12\/Other-Agricultural-Gearboxes.webp\" sizes=\"(min-width: 0px) and (max-width: 480px) 480px, (min-width: 481px) and (max-width: 980px) 980px, (min-width: 981px) 1200px, 100vw\" srcset=\"https:\/\/fmp-components.com\/wp-content\/uploads\/2024\/12\/Other-Agricultural-Gearboxes.webp 1200w, https:\/\/fmp-components.com\/wp-content\/uploads\/2024\/12\/Other-Agricultural-Gearboxes-980x1143.webp 980w, https:\/\/fmp-components.com\/wp-content\/uploads\/2024\/12\/Other-Agricultural-Gearboxes-480x560.webp 480w\" alt=\"Autres changements agricoles\" width=\"1200\" height=\"1400\" title=\"\"><\/p>\n<p>Auteur : CX<\/p>\n<\/div>\n<\/div>\n<\/div>\n<\/div>","protected":false},"excerpt":{"rendered":"<p>Square Baler Gearbox FMP-FK136 Dimensions Square Baler Gearbox FMP-FK136 Shaft Dimensions Square Baler Gearbox FMP-FK270 Technical Data i Suitable Rpm input Rpm output KW(Nom) KW(Max) Toothing r\/min r\/min hp hp Speed increase 1:2.28 Square Baler, etc 540 1231.2 140 500 Gleason Straight Teeth Remark: If you have any special require feel free let me know, [&hellip;]<\/p>","protected":false},"featured_media":2609,"comment_status":"open","ping_status":"closed","template":"","meta":{"_et_pb_use_builder":"","_et_pb_old_content":"","_et_gb_content_width":""},"product_brand":[],"product_cat":[62],"product_tag":[],"class_list":{"0":"post-2604","1":"product","2":"type-product","3":"status-publish","4":"has-post-thumbnail","6":"product_cat-square-baler-gearbox","8":"first","9":"instock","10":"shipping-taxable","11":"product-type-simple"},"_links":{"self":[{"href":"https:\/\/fmp-components.com\/fr\/wp-json\/wp\/v2\/product\/2604","targetHints":{"allow":["GET"]}}],"collection":[{"href":"https:\/\/fmp-components.com\/fr\/wp-json\/wp\/v2\/product"}],"about":[{"href":"https:\/\/fmp-components.com\/fr\/wp-json\/wp\/v2\/types\/product"}],"replies":[{"embeddable":true,"href":"https:\/\/fmp-components.com\/fr\/wp-json\/wp\/v2\/comments?post=2604"}],"wp:featuredmedia":[{"embeddable":true,"href":"https:\/\/fmp-components.com\/fr\/wp-json\/wp\/v2\/media\/2609"}],"wp:attachment":[{"href":"https:\/\/fmp-components.com\/fr\/wp-json\/wp\/v2\/media?parent=2604"}],"wp:term":[{"taxonomy":"product_brand","embeddable":true,"href":"https:\/\/fmp-components.com\/fr\/wp-json\/wp\/v2\/product_brand?post=2604"},{"taxonomy":"product_cat","embeddable":true,"href":"https:\/\/fmp-components.com\/fr\/wp-json\/wp\/v2\/product_cat?post=2604"},{"taxonomy":"product_tag","embeddable":true,"href":"https:\/\/fmp-components.com\/fr\/wp-json\/wp\/v2\/product_tag?post=2604"}],"curies":[{"name":"wp","href":"https:\/\/api.w.org\/{rel}","templated":true}]}}