{"id":2590,"date":"2025-01-03T01:47:42","date_gmt":"2025-01-03T01:47:42","guid":{"rendered":"https:\/\/fmp-components.com\/?page_id=8"},"modified":"2025-01-03T01:50:37","modified_gmt":"2025-01-03T01:50:37","slug":"square-baler-gearbox-fmp-fk263","status":"publish","type":"product","link":"https:\/\/fmp-components.com\/fr\/product\/square-baler-gearbox-fmp-fk263\/","title":{"rendered":"Bo\u00eete de vitesses pour presse \u00e0 balles carr\u00e9es FMP-FK263"},"content":{"rendered":"<p><img loading=\"lazy\" decoding=\"async\" class=\"size-full wp-image-2595 aligncenter\" src=\"https:\/\/fmp-components.com\/wp-content\/uploads\/2025\/01\/Square-Baler-Gearbox-EP-FK2631.webp\" alt=\"Bo\u00eete de vitesses pour presse \u00e0 balles carr\u00e9es EP-FK263\" width=\"600\" height=\"600\" title=\"\" srcset=\"https:\/\/fmp-components.com\/wp-content\/uploads\/2025\/01\/Square-Baler-Gearbox-EP-FK2631.webp 600w, https:\/\/fmp-components.com\/wp-content\/uploads\/2025\/01\/Square-Baler-Gearbox-EP-FK2631-480x480.webp 480w\" sizes=\"(min-width: 0px) and (max-width: 480px) 480px, (min-width: 481px) 600px, 100vw\" \/><\/p>\n<h2>Dimensions de la bo\u00eete de vitesses de la presse \u00e0 balles carr\u00e9es FMP-FK263<\/h2>\n<p><img loading=\"lazy\" decoding=\"async\" class=\"alignnone size-full wp-image-2591\" src=\"https:\/\/fmp-components.com\/wp-content\/uploads\/2025\/01\/Square-Baler-Gearbox-EP-FK263-Dimensions.webp\" alt=\"Dimensions de la bo\u00eete de vitesses pour presse \u00e0 balles carr\u00e9es FMP FK263\" width=\"1456\" height=\"890\" title=\"\" srcset=\"https:\/\/fmp-components.com\/wp-content\/uploads\/2025\/01\/Square-Baler-Gearbox-EP-FK263-Dimensions.webp 1456w, https:\/\/fmp-components.com\/wp-content\/uploads\/2025\/01\/Square-Baler-Gearbox-EP-FK263-Dimensions-1280x782.webp 1280w, https:\/\/fmp-components.com\/wp-content\/uploads\/2025\/01\/Square-Baler-Gearbox-EP-FK263-Dimensions-980x599.webp 980w, https:\/\/fmp-components.com\/wp-content\/uploads\/2025\/01\/Square-Baler-Gearbox-EP-FK263-Dimensions-480x293.webp 480w\" sizes=\"(min-width: 0px) and (max-width: 480px) 480px, (min-width: 481px) and (max-width: 980px) 980px, (min-width: 981px) and (max-width: 1280px) 1280px, (min-width: 1281px) 1456px, 100vw\" \/> <img loading=\"lazy\" decoding=\"async\" class=\"alignnone size-full wp-image-2592\" src=\"https:\/\/fmp-components.com\/wp-content\/uploads\/2025\/01\/Square-Baler-Gearbox-EP-FK263-Shaft-Dimensions.webp\" alt=\"Bo\u00eete de vitesses pour presse \u00e0 balles carr\u00e9es FMP FK263, dimensions de l&#039;arbre\" width=\"1370\" height=\"414\" title=\"\" srcset=\"https:\/\/fmp-components.com\/wp-content\/uploads\/2025\/01\/Square-Baler-Gearbox-EP-FK263-Shaft-Dimensions.webp 1370w, https:\/\/fmp-components.com\/wp-content\/uploads\/2025\/01\/Square-Baler-Gearbox-EP-FK263-Shaft-Dimensions-1280x387.webp 1280w, https:\/\/fmp-components.com\/wp-content\/uploads\/2025\/01\/Square-Baler-Gearbox-EP-FK263-Shaft-Dimensions-980x296.webp 980w, https:\/\/fmp-components.com\/wp-content\/uploads\/2025\/01\/Square-Baler-Gearbox-EP-FK263-Shaft-Dimensions-480x145.webp 480w\" sizes=\"(min-width: 0px) and (max-width: 480px) 480px, (min-width: 481px) and (max-width: 980px) 980px, (min-width: 981px) and (max-width: 1280px) 1280px, (min-width: 1281px) 1370px, 100vw\" \/><\/p>\n<h2>Donn\u00e9es techniques de la bo\u00eete de vitesses de la presse \u00e0 balles carr\u00e9es FMP-FK263<\/h2>\n<table style=\"width: 100.066%; height: 144px;\" border=\"1\" cellspacing=\"0\" cellpadding=\"0\">\n<tbody>\n<tr>\n<td colspan=\"2\" rowspan=\"2\">je<\/td>\n<td rowspan=\"2\">Appropri\u00e9<\/td>\n<td>Entr\u00e9e de r\u00e9gime<\/td>\n<td>Vitesse de sortie<\/td>\n<td>KW(Nom)<\/td>\n<td>kW (max.)<\/td>\n<td rowspan=\"2\">Dentition<\/td>\n<\/tr>\n<tr>\n<td>tr\/min<\/td>\n<td>tr\/min<\/td>\n<td>hp<\/td>\n<td>hp<\/td>\n<\/tr>\n<tr>\n<td>Augmentation de la vitesse<\/td>\n<td>1:2.69<\/td>\n<td>Presse \u00e0 balles carr\u00e9es, etc.<\/td>\n<td>760<\/td>\n<td>2045<\/td>\n<td>180<\/td>\n<td>250<\/td>\n<td>Droite de Gleason<br \/>\nDents<\/td>\n<\/tr>\n<tr>\n<td colspan=\"8\">Remarque : si vous avez des exigences particuli\u00e8res, n'h\u00e9sitez pas \u00e0 me le faire savoir, nous acceptons \u00e9galement les personnalisations.<\/td>\n<\/tr>\n<\/tbody>\n<\/table>\n<h2>Comment fonctionne la bo\u00eete de vitesses de la presse \u00e0 balles carr\u00e9es FMP-FK263\u00a0?<\/h2>\n<p>La bo\u00eete de vitesses FMP-FK263 pour presse \u00e0 balles carr\u00e9es joue un r\u00f4le crucial dans le bon fonctionnement d'une presse \u00e0 balles carr\u00e9es. Elle transf\u00e8re la puissance de la prise de force du tracteur aux diff\u00e9rents syst\u00e8mes m\u00e9caniques de la presse, lui permettant ainsi d'assurer les fonctions n\u00e9cessaires de collecte, de compression et de liage des mat\u00e9riaux en balles. Voici un aper\u00e7u du fonctionnement de la bo\u00eete de vitesses FMP-FK263 lors du pressage\u00a0:<\/p>\n<p><strong>Transmission de puissance depuis la prise de force<\/strong><\/p>\n<ul>\n<li>Le <strong>Bo\u00eete de vitesses FMP-FK263<\/strong> est entra\u00een\u00e9 par l'arbre de prise de force d'un tracteur. Cet arbre transmet la puissance de rotation du moteur du tracteur \u00e0 la bo\u00eete de vitesses, g\u00e9n\u00e9ralement situ\u00e9e sur la presse.<\/li>\n<li>Le <strong>arbre d'entr\u00e9e<\/strong> de la bo\u00eete de vitesses re\u00e7oit cette puissance, initiant le mouvement \u00e0 travers la bo\u00eete de vitesses.<\/li>\n<\/ul>\n<p><strong>M\u00e9canisme interne de la bo\u00eete de vitesses<\/strong><\/p>\n<ul>\n<li>La bo\u00eete de vitesses contient une s\u00e9rie d'engrenages, notamment des engrenages droits, des engrenages coniques et des engrenages plan\u00e9taires (selon la conception), qui transmettent le mouvement de rotation de l'arbre d'entr\u00e9e \u00e0 l'arbre de sortie.<\/li>\n<li><strong>Engrenages coniques<\/strong> Les engrenages droits permettent de modifier le sens du flux de puissance, tandis que les engrenages droits assurent le transfert direct du couple. Ces engrenages sont con\u00e7us pour supporter des charges de couple \u00e9lev\u00e9es et assurer une transmission de puissance fluide et fiable.<\/li>\n<li>Dans le <strong>FMP-FK263<\/strong>, la disposition des engrenages est sp\u00e9cifiquement con\u00e7ue pour maintenir une vitesse et un couple optimaux, garantissant que la presse fonctionne au niveau de performance correct pour comprimer des mat\u00e9riaux comme le foin, la paille ou les r\u00e9sidus de r\u00e9colte.<\/li>\n<\/ul>\n<p>R\u00e9glage de la vitesse et du couple<\/p>\n<ul>\n<li>La bo\u00eete de vitesses ajuste la vitesse de rotation et le couple de la prise de force pour r\u00e9pondre aux exigences sp\u00e9cifiques du processus de mise en balles.<\/li>\n<li>Par exemple, le m\u00e9canisme de r\u00e9duction de vitesse dans la bo\u00eete de vitesses peut garantir que les rouleaux et autres composants de la presse \u00e0 balles tournent \u00e0 la vitesse appropri\u00e9e pour un compactage efficace du mat\u00e9riau et une formation de balles.<\/li>\n<li>Dans certains cas, la bo\u00eete de vitesses peut \u00eatre \u00e9quip\u00e9e d'un syst\u00e8me de r\u00e9duction de vitesse qui r\u00e9duit la vitesse \u00e9lev\u00e9e de la prise de force \u00e0 une vitesse plus lente et plus contr\u00f4l\u00e9e pour les m\u00e9canismes de la presse \u00e0 balles.<\/li>\n<\/ul>\n<p>Transfert de pouvoir aux composantes op\u00e9rationnelles<\/p>\n<ul>\n<li>Le <strong>arbre de sortie<\/strong> de la bo\u00eete de vitesses transf\u00e8re la puissance trait\u00e9e aux syst\u00e8mes op\u00e9rationnels de la presse \u00e0 balles carr\u00e9es, tels que :\n<ul>\n<li><strong>M\u00e9canisme de ramassage<\/strong>: Pour collecter les mati\u00e8res v\u00e9g\u00e9tales du champ.<\/li>\n<li><strong>Syst\u00e8me d'alimentation<\/strong>:Pour alimenter la chambre de compression avec le mat\u00e9riau collect\u00e9.<\/li>\n<li><strong>Rouleaux de compression<\/strong>:Pour compacter le mat\u00e9riau dans la taille de balle souhait\u00e9e.<\/li>\n<li><strong>Syst\u00e8me de nouage<\/strong>: Pour attacher les balles apr\u00e8s leur formation.<\/li>\n<\/ul>\n<\/li>\n<li>Selon la conception de la presse \u00e0 balles, la bo\u00eete de vitesses peut \u00e9galement alimenter des fonctionnalit\u00e9s suppl\u00e9mentaires telles que des syst\u00e8mes hydrauliques ou le syst\u00e8me de convoyeur de la presse \u00e0 balles.<\/li>\n<\/ul>\n<h3>Principales caract\u00e9ristiques de la bo\u00eete de vitesses de la presse \u00e0 balles carr\u00e9es FMP-FK263\u00a0:<\/h3>\n<ul>\n<li><strong>Capacit\u00e9 de couple \u00e9lev\u00e9e<\/strong>:La bo\u00eete de vitesses est con\u00e7ue pour g\u00e9rer les exigences de couple \u00e9lev\u00e9es des presses \u00e0 balles carr\u00e9es.<\/li>\n<li><strong>Transfert de puissance efficace<\/strong>: Assure une transmission fluide et efficace de la puissance de la prise de force aux m\u00e9canismes de mise en balles.<\/li>\n<li><strong>Durabilit\u00e9<\/strong>:Construit avec des mat\u00e9riaux robustes pour supporter les charges lourdes et les conditions rigoureuses typiques des op\u00e9rations agricoles.<\/li>\n<li><strong>Options de personnalisation<\/strong>:Il peut \u00eatre adapt\u00e9 \u00e0 diff\u00e9rentes machines de mise en balles avec des besoins en puissance et des fonctionnalit\u00e9s variables.<\/li>\n<li><strong>Lubrification et refroidissement<\/strong>:Syst\u00e8mes int\u00e9gr\u00e9s pour maintenir l'efficacit\u00e9 op\u00e9rationnelle et pr\u00e9venir la surchauffe.<\/li>\n<\/ul>\n<p>Le bo\u00eetier d'engrenages FMP-FK263 pour presse \u00e0 balles carr\u00e9es convertit la puissance de rotation \u00e0 haute vitesse de la prise de force du tracteur en puissance contr\u00f4l\u00e9e et exploitable qui entra\u00eene les diff\u00e9rents composants de la presse. Il garantit un pressage efficace, fluide et fiable, que ce soit pour le foin, la paille ou d'autres mat\u00e9riaux, et permet d'obtenir des balles de haute qualit\u00e9 dans les d\u00e9lais impartis. Sa conception privil\u00e9gie la durabilit\u00e9, l'efficacit\u00e9 et une r\u00e9partition optimale de la puissance, ce qui en fait un composant essentiel des presses \u00e0 balles hautes performances.<\/p>\n<p><img loading=\"lazy\" decoding=\"async\" class=\"alignnone size-full wp-image-2596\" src=\"https:\/\/fmp-components.com\/wp-content\/uploads\/2025\/01\/FMP-FK215-Square-Baler-Gearbox-Applications-2.webp\" alt=\"Bo\u00eete de vitesses pour presse \u00e0 balles carr\u00e9es FMP-FK215\" width=\"980\" height=\"483\" title=\"\" srcset=\"https:\/\/fmp-components.com\/wp-content\/uploads\/2025\/01\/FMP-FK215-Square-Baler-Gearbox-Applications-2.webp 980w, https:\/\/fmp-components.com\/wp-content\/uploads\/2025\/01\/FMP-FK215-Square-Baler-Gearbox-Applications-2-480x237.webp 480w\" sizes=\"(min-width: 0px) and (max-width: 480px) 480px, (min-width: 481px) 980px, 100vw\" \/><\/p>\n<article class=\"w-full scroll-mb-[var(--thread-trailing-height,150px)] text-token-text-primary focus-visible:outline-2 focus-visible:outline-offset-[-4px]\" dir=\"auto\" data-testid=\"conversation-turn-12\" data-scroll-anchor=\"false\">\n<div class=\"m-auto text-base py-[18px] px-3 md:px-4 w-full md:px-5 lg:px-4 xl:px-5\">\n<div class=\"mx-auto flex flex-1 gap-4 text-base md:gap-5 lg:gap-6 md:max-w-3xl lg:max-w-[40rem] xl:max-w-[48rem]\">\n<div class=\"group\/conversation-turn relative flex w-full min-w-0 flex-col\">\n<div class=\"flex-col gap-1 md:gap-3\">\n<div class=\"flex max-w-full flex-col flex-grow\">\n<div class=\"min-h-8 text-message flex w-full flex-col items-end gap-2 whitespace-normal break-words text-start [.text-message+&amp;]:mt-5\" dir=\"auto\" data-message-author-role=\"user\" data-message-id=\"aaa2e9bf-cefc-4209-a50b-03bfd714e422\">\n<div class=\"flex w-full flex-col gap-1 empty:hidden items-end rtl:items-start\">\n<div class=\"relative max-w-[var(--user-chat-width,70%)] rounded-3xl bg-token-message-surface px-5 py-2.5\">\n<h2 class=\"whitespace-pre-wrap\">Bo\u00eete de vitesses FMP-FK263 pour presse \u00e0 balles carr\u00e9es pour applications agricoles<\/h2>\n<p>Le r\u00e9ducteur FMP-FK263 pour presse \u00e0 balles carr\u00e9es est un composant essentiel des presses agricoles. Il est sp\u00e9cialement con\u00e7u pour assurer une transmission de puissance fiable et performante. Con\u00e7u pour r\u00e9pondre aux exigences de l'agriculture moderne, ce r\u00e9ducteur garantit un pressage efficace, constant et durable. Vous trouverez ci-dessous les principaux d\u00e9tails et avantages du r\u00e9ducteur FMP-FK263 pour les applications agricoles\u00a0:<\/p>\n<h3>Principales caract\u00e9ristiques de la bo\u00eete de vitesses de la presse \u00e0 balles carr\u00e9es FMP-FK263\u00a0:<\/h3>\n<ol>\n<li><strong>Capacit\u00e9 de couple \u00e9lev\u00e9e<\/strong>\n<ul>\n<li>Le <strong>FMP-FK263<\/strong> Le r\u00e9ducteur est con\u00e7u pour g\u00e9rer les exigences de couple \u00e9lev\u00e9es typiques des op\u00e9rations de pressage agricole. Cette capacit\u00e9 permet \u00e0 la presse de compacter et de lier efficacement une grande vari\u00e9t\u00e9 de mat\u00e9riaux, notamment le foin, la paille, les r\u00e9sidus de r\u00e9colte et autres fourrages, en balles compactes.<\/li>\n<\/ul>\n<\/li>\n<li><strong>Transmission d&#039;\u00e9nergie efficace<\/strong>\n<ul>\n<li>Con\u00e7u pour transmettre la puissance de la prise de force (PDF) du tracteur aux diff\u00e9rents syst\u00e8mes m\u00e9caniques de la presse, le <strong>FMP-FK263<\/strong> Assure un flux de puissance fluide et efficace. Le r\u00e9ducteur assure une alimentation efficace du m\u00e9canisme de ramassage, du syst\u00e8me d'alimentation, de la chambre de compression et du syst\u00e8me de nouage de la presse pour des performances optimales.<\/li>\n<\/ul>\n<\/li>\n<li><strong>Durabilit\u00e9 et long\u00e9vit\u00e9<\/strong>\n<ul>\n<li>Fabriqu\u00e9 \u00e0 partir de mat\u00e9riaux hautement r\u00e9sistants et durables, le r\u00e9ducteur r\u00e9siste aux conditions difficiles des environnements agricoles. Il est con\u00e7u pour supporter un couple \u00e9lev\u00e9, une utilisation fr\u00e9quente et une exposition \u00e0 la poussi\u00e8re, \u00e0 l'humidit\u00e9 et aux autres contraintes du terrain.<\/li>\n<li>Sa construction robuste garantit des performances durables, r\u00e9duisant la fr\u00e9quence des r\u00e9parations et les co\u00fbts d'entretien.<\/li>\n<\/ul>\n<\/li>\n<li><strong>Conception pr\u00e9cise des engrenages<\/strong>\n<ul>\n<li>Le <strong>FMP-FK263<\/strong> la bo\u00eete de vitesses est dot\u00e9e d'engrenages de pr\u00e9cision, tels que <strong>engrenages droits<\/strong>, <strong>engrenages coniques<\/strong>, et \u00e9ventuellement <strong>engrenages plan\u00e9taires<\/strong>Con\u00e7u pour supporter les charges et vitesses \u00e9lev\u00e9es requises par les presses agricoles. Sa conception soign\u00e9e assure un fonctionnement fluide avec un minimum de bruit et de vibrations, contribuant ainsi \u00e0 un environnement de travail plus efficace et confortable.<\/li>\n<\/ul>\n<\/li>\n<li><strong>Options personnalisables<\/strong>\n<ul>\n<li>Le <strong>FMP-FK263<\/strong> Le bo\u00eetier d'engrenages peut \u00eatre personnalis\u00e9 pour s'adapter \u00e0 diff\u00e9rents mod\u00e8les de presses et aux besoins agricoles sp\u00e9cifiques. Que vous pressiez du foin, de la paille ou d'autres fourrages, le bo\u00eetier d'engrenages s'adapte \u00e0 diverses configurations, permettant d'optimiser les performances de la presse en fonction du type de produit et des conditions du terrain.<\/li>\n<\/ul>\n<\/li>\n<\/ol>\n<p>Le r\u00e9ducteur FMP-FK263 pour presse \u00e0 balles carr\u00e9es est un \u00e9l\u00e9ment essentiel des \u00e9quipements de pressage agricoles. Il offre une solution robuste et performante. Sa capacit\u00e9 \u00e0 g\u00e9rer un couple \u00e9lev\u00e9, \u00e0 transmettre efficacement la puissance et \u00e0 r\u00e9sister aux conditions difficiles de l'environnement agricole en fait un choix de confiance pour les agriculteurs du monde entier. Qu'il soit utilis\u00e9 pour le foin, la paille, l'ensilage ou les r\u00e9sidus de r\u00e9colte, le r\u00e9ducteur FMP-FK263 garantit un pressage efficace, des r\u00e9sultats de haute qualit\u00e9 et des temps d'arr\u00eat minimaux.<\/p>\n<table style=\"border-collapse: collapse; width: 101.391%; height: 36px;\" border=\"0\" width=\"128\" cellspacing=\"0\" cellpadding=\"0\">\n<tbody>\n<tr style=\"height: 13.8pt;\">\n<td style=\"height: 13.8pt; width: 48pt;\" align=\"right\" width=\"64\" height=\"18\"><img loading=\"lazy\" decoding=\"async\" class=\"alignnone size-full wp-image-2593\" src=\"https:\/\/fmp-components.com\/wp-content\/uploads\/2025\/01\/Square-Baler-Gearbox-EP-FK263-Agricultural-Applications-21.webp\" alt=\"Bo\u00eete de vitesses pour presse \u00e0 balles carr\u00e9es EP-FK263 - Applications agricoles\" width=\"980\" height=\"569\" title=\"\" srcset=\"https:\/\/fmp-components.com\/wp-content\/uploads\/2025\/01\/Square-Baler-Gearbox-EP-FK263-Agricultural-Applications-21.webp 980w, https:\/\/fmp-components.com\/wp-content\/uploads\/2025\/01\/Square-Baler-Gearbox-EP-FK263-Agricultural-Applications-21-480x279.webp 480w\" sizes=\"(min-width: 0px) and (max-width: 480px) 480px, (min-width: 481px) 980px, 100vw\" \/><\/td>\n<td style=\"width: 48pt;\" align=\"right\" width=\"64\"><img loading=\"lazy\" decoding=\"async\" class=\"alignnone size-full wp-image-2594\" src=\"https:\/\/fmp-components.com\/wp-content\/uploads\/2025\/01\/Square-Baler-Gearbox-EP-FK263-Agricultural-Applications-11.webp\" alt=\"Bo\u00eete de vitesses pour presse \u00e0 balles carr\u00e9es EP-FK263 - Applications agricoles\" width=\"980\" height=\"569\" title=\"\" srcset=\"https:\/\/fmp-components.com\/wp-content\/uploads\/2025\/01\/Square-Baler-Gearbox-EP-FK263-Agricultural-Applications-11.webp 980w, https:\/\/fmp-components.com\/wp-content\/uploads\/2025\/01\/Square-Baler-Gearbox-EP-FK263-Agricultural-Applications-11-480x279.webp 480w\" sizes=\"(min-width: 0px) and (max-width: 480px) 480px, (min-width: 481px) 980px, 100vw\" \/><\/td>\n<\/tr>\n<\/tbody>\n<\/table>\n<div class=\"absolute bottom-0 right-full top-0 -mr-3.5 hidden pr-5 pt-1 [.group\\\/conversation-turn:hover_&amp;]:block\">\n<h2>\u00c0 propos de FMP<\/h2>\n<p>Bas\u00e9 en Italie, FMP est un fabricant leader reconnu pour son expertise dans la conception, le d\u00e9veloppement et la production de bo\u00eetes de vitesses hautes performances, principalement destin\u00e9es au secteur des machines agricoles. R\u00e9put\u00e9e pour son ing\u00e9nierie de pr\u00e9cision, ses solutions innovantes et sa fiabilit\u00e9 \u00e0 toute \u00e9preuve, FMP a su gagner la confiance des secteurs agricole et industriel. Notre vaste gamme de produits comprend des bo\u00eetes de vitesses sp\u00e9cialis\u00e9es pour tondeuses \u00e0 gazon, des arbres de prise de force et d'autres composants critiques, tous soigneusement con\u00e7us pour offrir des solutions sur mesure pour un large \u00e9ventail d'applications.<\/p>\n<p>Chez FMP, nous savons que chaque client a des exigences et des d\u00e9fis uniques. C'est pourquoi nous nous sp\u00e9cialisons dans la fourniture de solutions sur mesure, qu'il s'agisse de composants individuels ou de syst\u00e8mes enti\u00e8rement int\u00e9gr\u00e9s. Nous collaborons \u00e9troitement avec nos clients pour garantir que chaque solution soit non seulement efficace, mais aussi efficiente, optimisant ainsi performance et valeur. Notre engagement \u00e0 fournir des r\u00e9ponses rapides et professionnelles, combin\u00e9 \u00e0 des conseils d'experts, garantit que chaque demande est trait\u00e9e avec pr\u00e9cision et attention, pour des r\u00e9sultats optimaux.<\/p>\n<p>Nous accordons une grande importance \u00e0 une communication ouverte et continue tout au long du processus de d\u00e9veloppement produit. Notre \u00e9quipe d\u00e9di\u00e9e travaille en \u00e9troite collaboration avec nos clients afin de comprendre parfaitement leurs besoins sp\u00e9cifiques et de leur fournir des conseils et des recommandations pr\u00e9cieux pour garantir la solution optimale. Qu'il s'agisse de concevoir de nouveaux produits ou d'ex\u00e9cuter des commandes en cours, FMP s'engage \u00e0 fournir des solutions de haute qualit\u00e9, con\u00e7ues avec pr\u00e9cision et dans les d\u00e9lais impartis. Notre objectif est de d\u00e9passer les attentes en offrant un service et des r\u00e9sultats exceptionnels pour chaque projet.<\/p>\n<p>La qualit\u00e9 est la pierre angulaire des activit\u00e9s de FMP. Nous adh\u00e9rons aux normes de fabrication les plus strictes et mettons en \u0153uvre des contr\u00f4les qualit\u00e9 rigoureux pour garantir que chaque produit respecte, voire surpasse, les normes de l'industrie. Cet engagement ind\u00e9fectible envers la qualit\u00e9, alli\u00e9 \u00e0 nos valeurs fondamentales d'int\u00e9grit\u00e9, d'esprit d'\u00e9quipe et de pers\u00e9v\u00e9rance, nous a permis de b\u00e2tir des relations de confiance durables avec des clients dans pr\u00e8s de 30 pays \u00e0 travers le monde.<\/p>\n<p>FMP est toujours ouvert aux partenariats internationaux et s'engage \u00e0 offrir des conseils d'experts et des solutions personnalis\u00e9es r\u00e9pondant aux divers besoins de ses clients. Au-del\u00e0 de la simple fourniture de produits, nous nous effor\u00e7ons de b\u00e2tir des relations durables qui contribuent \u00e0 la r\u00e9ussite de chaque projet. Que vous ayez besoin de solutions innovantes pour une nouvelle initiative ou d'un support continu pour un syst\u00e8me existant, FMP est l\u00e0 pour relever vos d\u00e9fis techniques et assurer votre r\u00e9ussite durable.<\/p>\n<p><img loading=\"lazy\" decoding=\"async\" class=\"alignnone size-full wp-image-1861\" src=\"https:\/\/fmp-components.com\/wp-content\/uploads\/2024\/12\/Other-Agricultural-Gearboxes.webp\" sizes=\"(min-width: 0px) and (max-width: 480px) 480px, (min-width: 481px) and (max-width: 980px) 980px, (min-width: 981px) 1200px, 100vw\" srcset=\"https:\/\/fmp-components.com\/wp-content\/uploads\/2024\/12\/Other-Agricultural-Gearboxes.webp 1200w, https:\/\/fmp-components.com\/wp-content\/uploads\/2024\/12\/Other-Agricultural-Gearboxes-980x1143.webp 980w, https:\/\/fmp-components.com\/wp-content\/uploads\/2024\/12\/Other-Agricultural-Gearboxes-480x560.webp 480w\" alt=\"Autres changements agricoles\" width=\"1200\" height=\"1400\" title=\"\"><\/p>\n<p>Auteur : CX<\/p>\n<\/div>\n<\/div>\n<\/div>\n<\/div>\n<\/div>\n<\/div>\n<\/div>\n<\/div>\n<\/div>\n<\/article>\n<article class=\"w-full scroll-mb-[var(--thread-trailing-height,150px)] text-token-text-primary focus-visible:outline-2 focus-visible:outline-offset-[-4px]\" dir=\"auto\" data-testid=\"conversation-turn-13\" data-scroll-anchor=\"true\">\n<h6 class=\"sr-only\"><\/h6>\n<\/article>","protected":false},"excerpt":{"rendered":"<p>Square Baler Gearbox FMP-FK263 Dimensions Square Baler Gearbox FMP-FK263 Technical Data i Suitable Rpm input Rpm output KW(Nom) KW(Max) Toothing r\/min r\/min hp hp Speed increase 1:2.69 Square Baler, etc 760 2045 180 250 Gleason Straight Teeth Remark: If you have any special require feel free let me know, we also accept custom. How Does [&hellip;]<\/p>","protected":false},"featured_media":2595,"comment_status":"open","ping_status":"closed","template":"","meta":{"_et_pb_use_builder":"","_et_pb_old_content":"","_et_gb_content_width":""},"product_brand":[],"product_cat":[62],"product_tag":[],"class_list":{"0":"post-2590","1":"product","2":"type-product","3":"status-publish","4":"has-post-thumbnail","6":"product_cat-square-baler-gearbox","8":"first","9":"instock","10":"shipping-taxable","11":"product-type-simple"},"_links":{"self":[{"href":"https:\/\/fmp-components.com\/fr\/wp-json\/wp\/v2\/product\/2590","targetHints":{"allow":["GET"]}}],"collection":[{"href":"https:\/\/fmp-components.com\/fr\/wp-json\/wp\/v2\/product"}],"about":[{"href":"https:\/\/fmp-components.com\/fr\/wp-json\/wp\/v2\/types\/product"}],"replies":[{"embeddable":true,"href":"https:\/\/fmp-components.com\/fr\/wp-json\/wp\/v2\/comments?post=2590"}],"wp:featuredmedia":[{"embeddable":true,"href":"https:\/\/fmp-components.com\/fr\/wp-json\/wp\/v2\/media\/2595"}],"wp:attachment":[{"href":"https:\/\/fmp-components.com\/fr\/wp-json\/wp\/v2\/media?parent=2590"}],"wp:term":[{"taxonomy":"product_brand","embeddable":true,"href":"https:\/\/fmp-components.com\/fr\/wp-json\/wp\/v2\/product_brand?post=2590"},{"taxonomy":"product_cat","embeddable":true,"href":"https:\/\/fmp-components.com\/fr\/wp-json\/wp\/v2\/product_cat?post=2590"},{"taxonomy":"product_tag","embeddable":true,"href":"https:\/\/fmp-components.com\/fr\/wp-json\/wp\/v2\/product_tag?post=2590"}],"curies":[{"name":"wp","href":"https:\/\/api.w.org\/{rel}","templated":true}]}}