{"id":2559,"date":"2025-01-03T00:49:42","date_gmt":"2025-01-03T00:49:42","guid":{"rendered":"https:\/\/fmp-components.com\/?page_id=8"},"modified":"2025-01-03T00:49:42","modified_gmt":"2025-01-03T00:49:42","slug":"fertilizer-mixer-gearboxes-replacement-of-comer-code-mr-90-11","status":"publish","type":"product","link":"https:\/\/fmp-components.com\/fr\/product\/fertilizer-mixer-gearboxes-replacement-of-comer-code-mr-90-11\/","title":{"rendered":"Bo\u00eetes de vitesses pour m\u00e9langeurs d&#039;engrais \u2013 Remplacement du mod\u00e8le Comer Code MR-90 1:1"},"content":{"rendered":"<table style=\"border-collapse: collapse; width: 100.381%; height: 37px;\" border=\"0\" width=\"128\" cellspacing=\"0\" cellpadding=\"0\">\n<tbody>\n<tr style=\"height: 13.8pt;\">\n<td style=\"height: 37px; width: 49.6183%;\" align=\"right\" width=\"64\" height=\"18\"><img loading=\"lazy\" decoding=\"async\" class=\"alignnone size-full wp-image-2577\" src=\"https:\/\/fmp-components.com\/wp-content\/uploads\/2025\/01\/Fertilizer-Mixer-Gearboxes-Replacement-of-Comer-Code-MR-90.webp\" alt=\"Bo\u00eetes de vitesses pour m\u00e9langeurs d&#039;engrais - Remplacement du code Comer MR-90\" width=\"600\" height=\"600\" title=\"\" srcset=\"https:\/\/fmp-components.com\/wp-content\/uploads\/2025\/01\/Fertilizer-Mixer-Gearboxes-Replacement-of-Comer-Code-MR-90.webp 600w, https:\/\/fmp-components.com\/wp-content\/uploads\/2025\/01\/Fertilizer-Mixer-Gearboxes-Replacement-of-Comer-Code-MR-90-480x480.webp 480w\" sizes=\"(min-width: 0px) and (max-width: 480px) 480px, (min-width: 481px) 600px, 100vw\" \/><\/td>\n<td style=\"width: 571.348%; height: 37px;\" align=\"right\" width=\"64\"><img loading=\"lazy\" decoding=\"async\" class=\"alignnone size-full wp-image-2578\" src=\"https:\/\/fmp-components.com\/wp-content\/uploads\/2025\/01\/Fertilizer-Mixer-Gearboxes-Replacement-of-Comer-Gearbox-MR-90.webp\" alt=\"Bo\u00eetes de vitesses pour m\u00e9langeurs d&#039;engrais - Remplacement de la bo\u00eete de vitesses Comer MR-90\" width=\"600\" height=\"600\" title=\"\" srcset=\"https:\/\/fmp-components.com\/wp-content\/uploads\/2025\/01\/Fertilizer-Mixer-Gearboxes-Replacement-of-Comer-Gearbox-MR-90.webp 600w, https:\/\/fmp-components.com\/wp-content\/uploads\/2025\/01\/Fertilizer-Mixer-Gearboxes-Replacement-of-Comer-Gearbox-MR-90-480x480.webp 480w\" sizes=\"(min-width: 0px) and (max-width: 480px) 480px, (min-width: 481px) 600px, 100vw\" \/><\/td>\n<\/tr>\n<\/tbody>\n<\/table>\n<h2>Sp\u00e9cifications du r\u00e9ducteur de m\u00e9lange d'engrais MR-90 (1:1)<\/h2>\n<p><img loading=\"lazy\" decoding=\"async\" class=\"alignnone size-full wp-image-2579\" src=\"https:\/\/fmp-components.com\/wp-content\/uploads\/2025\/01\/Fertilizer-Mixer-Gearbox-MR-90-Specifications.webp\" alt=\"Sp\u00e9cifications du m\u00e9langeur d&#039;engrais MR-90\" width=\"1901\" height=\"1075\" title=\"\" srcset=\"https:\/\/fmp-components.com\/wp-content\/uploads\/2025\/01\/Fertilizer-Mixer-Gearbox-MR-90-Specifications.webp 1901w, https:\/\/fmp-components.com\/wp-content\/uploads\/2025\/01\/Fertilizer-Mixer-Gearbox-MR-90-Specifications-1280x724.webp 1280w, https:\/\/fmp-components.com\/wp-content\/uploads\/2025\/01\/Fertilizer-Mixer-Gearbox-MR-90-Specifications-980x554.webp 980w, https:\/\/fmp-components.com\/wp-content\/uploads\/2025\/01\/Fertilizer-Mixer-Gearbox-MR-90-Specifications-480x271.webp 480w\" sizes=\"(min-width: 0px) and (max-width: 480px) 480px, (min-width: 481px) and (max-width: 980px) 980px, (min-width: 981px) and (max-width: 1280px) 1280px, (min-width: 1281px) 1901px, 100vw\" \/><\/p>\n<table class=\"kh-1xzm1su\" border=\"1\" cellspacing=\"0\" cellpadding=\"0\" data-intent=\"lists-product-attributes\" data-test-id=\"attributes-list\">\n<tbody class=\"kh-1ago99h\">\n<tr id=\"alexis#custom#item-id\" class=\"kh-bwvum6\" data-test-id=\"attribute-row\">\n<th class=\"kh-10oizfy\"><strong>Description du produit<\/strong><\/th>\n<td class=\"kh-1f5nhat\">\n<div class=\"kh-pkx4zo\">R\u00e9ducteurs pour m\u00e9langeurs d'engrais \u2013 Remplacement du r\u00e9ducteur Comer MR-90 1:1<\/div>\n<\/td>\n<\/tr>\n<tr id=\"attProductDetails\" class=\"kh-bwvum6\" data-test-id=\"attribute-row\">\n<th class=\"kh-10oizfy\">D\u00e9tails du produit<\/th>\n<td class=\"kh-1f5nhat\">\n<ul>\n<li class=\"kh-16zd49f\">Contactez-nous pour une alimentation \u00e0 un r\u00e9gime diff\u00e9rent<\/li>\n<li class=\"kh-16zd49f\">La bo\u00eete de vitesses est livr\u00e9e sans huile et doit \u00eatre remplie avant la premi\u00e8re utilisation.<\/li>\n<li class=\"kh-16zd49f\">Tout d&#039;abord, la vidange d&#039;huile apr\u00e8s 50 \u00e0 70 heures de fonctionnement, puis apr\u00e8s 500 \u00e0 700 heures de fonctionnement ou au moins une fois par an.<\/li>\n<\/ul>\n<\/td>\n<\/tr>\n<tr id=\"attApplicationRange\" class=\"kh-bwvum6\" data-test-id=\"attribute-row\">\n<th class=\"kh-10oizfy\">Domaine d&#039;application<\/th>\n<td class=\"kh-1f5nhat\">\n<ul>\n<li class=\"kh-16zd49f\">Diverses applications (agricoles)<\/li>\n<li class=\"kh-16zd49f\">M\u00e9langeur d'engrais<\/li>\n<\/ul>\n<\/td>\n<\/tr>\n<tr id=\"attConsistsOf\" class=\"kh-bwvum6\" data-test-id=\"attribute-row\">\n<th class=\"kh-10oizfy\">Se compose de<\/th>\n<td class=\"kh-1f5nhat\">\n<ul>\n<li class=\"kh-16zd49f\">Bo\u00eete de vitesse<\/li>\n<li class=\"kh-16zd49f\">Sans huile<\/li>\n<\/ul>\n<\/td>\n<\/tr>\n<tr id=\"taMaxInputPowerKw\" class=\"kh-bwvum6\" data-test-id=\"attribute-row\">\n<th class=\"kh-10oizfy\">Puissance d'entr\u00e9e max.<\/th>\n<td class=\"kh-1f5nhat\">\n<div class=\"kh-pkx4zo\">62,6 kW<\/div>\n<\/td>\n<\/tr>\n<tr id=\"taMaxOutputTorqueNm_\" class=\"kh-bwvum6\" data-test-id=\"attribute-row\">\n<th class=\"kh-10oizfy\">Couple de sortie max.<\/th>\n<td class=\"kh-1f5nhat\">\n<div class=\"kh-pkx4zo\">1071 nm<\/div>\n<\/td>\n<\/tr>\n<tr id=\"taMaxOutputTorqueDaNm\" class=\"kh-bwvum6\" data-test-id=\"attribute-row\">\n<th class=\"kh-10oizfy\">Couple de sortie max.<\/th>\n<td class=\"kh-1f5nhat\">\n<div class=\"kh-pkx4zo\">107,1 daNm<\/div>\n<\/td>\n<\/tr>\n<tr id=\"taContainsOil\" class=\"kh-bwvum6\" data-test-id=\"attribute-row\">\n<th class=\"kh-10oizfy\">Contient de l&#039;huile<\/th>\n<td class=\"kh-1f5nhat\">\n<div class=\"kh-pkx4zo\">Non<\/div>\n<\/td>\n<\/tr>\n<tr id=\"taMaxOilCapacityL\" class=\"kh-bwvum6\" data-test-id=\"attribute-row\">\n<th class=\"kh-10oizfy\">Capacit\u00e9 d&#039;huile maximale<\/th>\n<td class=\"kh-1f5nhat\">\n<div class=\"kh-pkx4zo\">0,8 l<\/div>\n<\/td>\n<\/tr>\n<tr id=\"taMaxOilChangeIntervalH\" class=\"kh-bwvum6\" data-test-id=\"attribute-row\">\n<th class=\"kh-10oizfy\">Intervalle maximal de vidange d&#039;huile<\/th>\n<td class=\"kh-1f5nhat\">\n<div class=\"kh-pkx4zo\">500 h<\/div>\n<\/td>\n<\/tr>\n<tr id=\"taOilSAEViscosityGrade\" class=\"kh-bwvum6\" data-test-id=\"attribute-row\">\n<th class=\"kh-10oizfy\">Grade de viscosit\u00e9 de l&#039;huile SAE<\/th>\n<td class=\"kh-1f5nhat\">\n<div class=\"kh-pkx4zo\">80W-90<\/div>\n<\/td>\n<\/tr>\n<tr id=\"taHousingMaterial_16\" class=\"kh-bwvum6\" data-test-id=\"attribute-row\">\n<th class=\"kh-10oizfy\">Mat\u00e9riau du bo\u00eetier<\/th>\n<td class=\"kh-1f5nhat\">\n<div class=\"kh-pkx4zo\">Fonte GG25<\/div>\n<\/td>\n<\/tr>\n<tr id=\"taWeightKg_75\" class=\"kh-bwvum6\" data-test-id=\"attribute-row\">\n<th class=\"kh-10oizfy\">Poids<\/th>\n<td class=\"kh-1f5nhat\">\n<div class=\"kh-pkx4zo\">27,5 kg<\/div>\n<\/td>\n<\/tr>\n<tr id=\"taGearArrangement\" class=\"kh-bwvum6\" data-test-id=\"attribute-row\">\n<th class=\"kh-10oizfy\">Disposition des engrenages<\/th>\n<td class=\"kh-1f5nhat\">\n<div class=\"kh-pkx4zo\">43 &#8211; 44<\/div>\n<\/td>\n<\/tr>\n<tr id=\"taRatio\" class=\"kh-bwvum6\" data-test-id=\"attribute-row\">\n<th class=\"kh-10oizfy\">Rapport<\/th>\n<td class=\"kh-1f5nhat\">\n<div class=\"kh-pkx4zo\">1:1<\/div>\n<\/td>\n<\/tr>\n<tr id=\"taSPLITInputSection\" class=\"kh-bwvum6\" data-test-id=\"attribute-row\">\n<th class=\"kh-10oizfy\">Section d'entr\u00e9e<\/th>\n<td class=\"kh-1f5nhat\">\n<div class=\"kh-pkx4zo\">Oui<\/div>\n<\/td>\n<\/tr>\n<tr id=\"taSPLITInputShaft\" class=\"kh-bwvum6\" data-test-id=\"attribute-row\">\n<th class=\"kh-10oizfy\">arbre d&#039;entr\u00e9e<\/th>\n<td class=\"kh-1f5nhat\">\n<div class=\"kh-pkx4zo\">Oui<\/div>\n<\/td>\n<\/tr>\n<tr id=\"taShaftX\" class=\"kh-bwvum6\" data-test-id=\"attribute-row\">\n<th class=\"kh-10oizfy\">Arbre X<\/th>\n<td class=\"kh-1f5nhat\">\n<div class=\"kh-pkx4zo\">1 3\/8\u2033 (6) (C)<\/div>\n<\/td>\n<\/tr>\n<tr id=\"taShaftY\" class=\"kh-bwvum6\" data-test-id=\"attribute-row\">\n<th class=\"kh-10oizfy\">Arbre Y<\/th>\n<td class=\"kh-1f5nhat\">\n<div class=\"kh-pkx4zo\">1 3\/8\u2033 (6) (A)<\/div>\n<\/td>\n<\/tr>\n<tr id=\"taShaftZ\" class=\"kh-bwvum6\" data-test-id=\"attribute-row\">\n<th class=\"kh-10oizfy\">Arbre Z<\/th>\n<td class=\"kh-1f5nhat\">\n<div class=\"kh-pkx4zo\">1 3\/8\u2033 (6) (A)<\/div>\n<\/td>\n<\/tr>\n<\/tbody>\n<\/table>\n<h2>Avantages du m\u00e9langeur d'engrais \u00e0 engrenages MR-90 (1:1)<\/h2>\n<p>Le r\u00e9ducteur pour m\u00e9langeur d'engrais MR-90 est con\u00e7u pour des performances optimales dans les applications agricoles, notamment pour le m\u00e9lange d'engrais. Voici les principaux avantages du r\u00e9ducteur MR-90\u00a0:<\/p>\n<p><strong>Transmission d&#039;\u00e9nergie efficace<\/strong><\/p>\n<ul>\n<li>La bo\u00eete de vitesses MR-90 transmet efficacement la puissance de l'arbre d'entr\u00e9e (prise de force ou moteur) au m\u00e9canisme de m\u00e9lange, avec une perte d'\u00e9nergie minimale. Cette efficacit\u00e9 garantit un fonctionnement optimal du moteur thermique ou du moteur du tracteur lors de l'entra\u00eenement du m\u00e9langeur d'engrais.<\/li>\n<li>Le rapport de d\u00e9multiplication 1:1 offre une vitesse et un couple \u00e9quilibr\u00e9s, permettant un fonctionnement fluide et contr\u00f4l\u00e9, ce qui est crucial lors du m\u00e9lange de mat\u00e9riaux sensibles comme les engrais.<\/li>\n<\/ul>\n<p><strong>Des performances durables et fiables<\/strong><\/p>\n<ul>\n<li>Construite avec des mat\u00e9riaux de haute qualit\u00e9 et une ing\u00e9nierie de pr\u00e9cision, la bo\u00eete de vitesses MR-90 est con\u00e7ue pour r\u00e9sister aux rigueurs des op\u00e9rations agricoles intensives.<\/li>\n<li>La bo\u00eete de vitesses offre une excellente durabilit\u00e9 en utilisation continue, garantissant des performances fiables sur des p\u00e9riodes prolong\u00e9es sans pannes fr\u00e9quentes, ce qui est essentiel dans le m\u00e9lange d'engrais \u00e0 grande \u00e9chelle.<\/li>\n<\/ul>\n<h4>Fonctionnement fluide avec un minimum de vibrations<\/h4>\n<ul>\n<li>Les engrenages de pr\u00e9cision du r\u00e9ducteur MR-90 assurent un fonctionnement fluide et silencieux, minimisant les vibrations et le bruit. Cela r\u00e9duit l'usure des machines et offre un environnement de travail plus confortable.<\/li>\n<li>La r\u00e9duction des vibrations contribue \u00e9galement \u00e0 la long\u00e9vit\u00e9 globale de la bo\u00eete de vitesses et des autres composants connect\u00e9s.<\/li>\n<\/ul>\n<p><strong>Conception compacte avec int\u00e9gration facile<\/strong><\/p>\n<ul>\n<li>Le r\u00e9ducteur MR-90 est compact et s'int\u00e8gre facilement \u00e0 divers m\u00e9langeurs d'engrais. Son encombrement r\u00e9duit le rend id\u00e9al pour les machines agricoles o\u00f9 l'espace est limit\u00e9.<\/li>\n<li>Cette compacit\u00e9 simplifie \u00e9galement l\u2019installation, r\u00e9duisant les temps d\u2019arr\u00eat lors de la configuration ou de la maintenance de la machine.<\/li>\n<\/ul>\n<p><strong>Am\u00e9lioration de la consistance du m\u00e9lange<\/strong><\/p>\n<ul>\n<li>En fournissant une vitesse de rotation et un couple constants, la bo\u00eete de vitesses MR-90 garantit que les mat\u00e9riaux fertilisants sont soigneusement m\u00e9lang\u00e9s, ce qui permet une distribution uniforme.<\/li>\n<li>Un m\u00e9lange homog\u00e8ne conduit \u00e0 une meilleure qualit\u00e9 du m\u00e9lange d\u2019engrais, ce qui est essentiel pour une performance optimale des cultures et une distribution efficace des nutriments.<\/li>\n<\/ul>\n<p>En conclusion, le r\u00e9ducteur pour m\u00e9langeur d'engrais MR-90 (1:1) se distingue par sa transmission de puissance efficace, sa durabilit\u00e9, son fonctionnement fluide et sa polyvalence. Il am\u00e9liore la r\u00e9gularit\u00e9 du m\u00e9lange, r\u00e9duit les vibrations et les besoins d'entretien, ce qui en fait un choix \u00e9conomique et fiable pour les applications agricoles.<\/p>\n<table style=\"border-collapse: collapse; width: 101.281%; height: 5px;\" border=\"0\" width=\"128\" cellspacing=\"0\" cellpadding=\"0\">\n<tbody>\n<tr style=\"height: 13.8pt;\">\n<td style=\"height: 13.8pt; width: 48pt;\" align=\"right\" width=\"64\" height=\"18\"><img loading=\"lazy\" decoding=\"async\" class=\"alignnone size-full wp-image-2580\" src=\"https:\/\/fmp-components.com\/wp-content\/uploads\/2025\/01\/Fertilizer-Mixer-Gearbox-MR-90-Applications-21.webp\" alt=\"M\u00e9langeur d&#039;engrais - Bo\u00eete de vitesses - MR-90 - Applications - 2(1)\" width=\"964\" height=\"667\" title=\"\" srcset=\"https:\/\/fmp-components.com\/wp-content\/uploads\/2025\/01\/Fertilizer-Mixer-Gearbox-MR-90-Applications-21.webp 964w, https:\/\/fmp-components.com\/wp-content\/uploads\/2025\/01\/Fertilizer-Mixer-Gearbox-MR-90-Applications-21-480x332.webp 480w\" sizes=\"(min-width: 0px) and (max-width: 480px) 480px, (min-width: 481px) 964px, 100vw\" \/><\/td>\n<td style=\"width: 48pt;\" align=\"right\" width=\"64\"><img loading=\"lazy\" decoding=\"async\" class=\"alignnone size-full wp-image-2581\" src=\"https:\/\/fmp-components.com\/wp-content\/uploads\/2025\/01\/Fertilizer-Mixer-Gearbox-MR-90-Applications-11.webp\" alt=\"M\u00e9langeur d&#039;engrais - Bo\u00eete de vitesses - MR-90 - Applications\" width=\"964\" height=\"667\" title=\"\" srcset=\"https:\/\/fmp-components.com\/wp-content\/uploads\/2025\/01\/Fertilizer-Mixer-Gearbox-MR-90-Applications-11.webp 964w, https:\/\/fmp-components.com\/wp-content\/uploads\/2025\/01\/Fertilizer-Mixer-Gearbox-MR-90-Applications-11-480x332.webp 480w\" sizes=\"(min-width: 0px) and (max-width: 480px) 480px, (min-width: 481px) 964px, 100vw\" \/><\/td>\n<\/tr>\n<\/tbody>\n<\/table>\n<h2>Arbre de prise de force agricole pour bo\u00eete de vitesses de m\u00e9langeur d'engrais<\/h2>\n<p>L'arbre de prise de force (PDF) agricole joue un r\u00f4le crucial dans la transmission de la puissance m\u00e9canique d'un tracteur ou d'un moteur au bo\u00eetier du m\u00e9langeur d'engrais. Voici un aper\u00e7u des caract\u00e9ristiques et des avantages des arbres de prise de force utilis\u00e9s avec les bo\u00eetiers du m\u00e9langeur d'engrais\u00a0:<\/p>\n<p><strong>Transmission d&#039;\u00e9nergie efficace<\/strong><\/p>\n<ul>\n<li>L'arbre de prise de force transmet efficacement la puissance du moteur du tracteur au bo\u00eetier du m\u00e9langeur d'engrais. Cela permet au m\u00e9langeur de fonctionner \u00e0 la vitesse et au couple souhait\u00e9s.<\/li>\n<li>Un arbre de prise de force bien con\u00e7u garantit un transfert de puissance efficace, minimisant ainsi les pertes d'\u00e9nergie et optimisant les performances de l'\u00e9quipement de m\u00e9lange.<\/li>\n<\/ul>\n<p><strong>Construction durable<\/strong><\/p>\n<ul>\n<li>Les arbres de prise de force sont g\u00e9n\u00e9ralement fabriqu\u00e9s en acier \u00e0 haute r\u00e9sistance ou en d'autres mat\u00e9riaux durables pour r\u00e9sister aux contraintes et aux contraintes d'une utilisation agricole continue.<\/li>\n<li>Con\u00e7u pour les op\u00e9rations intensives, l'arbre est capable de supporter des charges variables et de maintenir son int\u00e9grit\u00e9 m\u00eame dans des conditions de terrain difficiles.<\/li>\n<\/ul>\n<p><strong>Adaptable \u00e0 diff\u00e9rentes machines<\/strong><\/p>\n<ul>\n<li>Les arbres de prise de force agricoles sont polyvalents et peuvent \u00eatre utilis\u00e9s avec une grande vari\u00e9t\u00e9 de machines agricoles, notamment les m\u00e9langeurs d'engrais, les m\u00e9langeurs d'aliments et d'autres outils.<\/li>\n<li>L'arbre de prise de force est con\u00e7u pour se connecter de mani\u00e8re transparente \u00e0 la bo\u00eete de vitesses du m\u00e9langeur d'engrais, garantissant un fonctionnement fluide et des performances fiables dans une gamme d'applications.<\/li>\n<\/ul>\n<p><strong>Longueur flexible et r\u00e9glable<\/strong><\/p>\n<ul>\n<li>Les arbres de prise de force sont disponibles en longueurs r\u00e9glables, ce qui permet de les personnaliser pour s'adapter \u00e0 diff\u00e9rentes machines, y compris les m\u00e9langeurs d'engrais de diff\u00e9rentes tailles et configurations.<\/li>\n<li>La possibilit\u00e9 de r\u00e9glage garantit que l'arbre de prise de force peut \u00eatre correctement align\u00e9 pour assurer une transmission de puissance s\u00fbre et efficace.<\/li>\n<\/ul>\n<p><strong>Facilit\u00e9 de connexion et de d\u00e9connexion<\/strong><\/p>\n<ul>\n<li>L'arbre de prise de force est con\u00e7u pour un accouplement et un d\u00e9couplage rapides du tracteur et de la bo\u00eete de vitesses. Cela facilite l'accouplement et le d\u00e9montage, permettant ainsi un gain de temps lors de la configuration et de l'entretien de la machine.<\/li>\n<li>Certains arbres de prise de force sont \u00e9quip\u00e9s de protections ou de dispositifs de s\u00e9curit\u00e9 pour \u00e9viter les d\u00e9connexions accidentelles et garantir la s\u00e9curit\u00e9 de l'op\u00e9rateur.<\/li>\n<\/ul>\n<p><strong>Fonctionnement fluide<\/strong><\/p>\n<ul>\n<li>Un arbre de prise de force de haute qualit\u00e9 assure un flux de puissance fluide et ininterrompu vers le bo\u00eetier du m\u00e9langeur d'engrais. Cela garantit son efficacit\u00e9 et fournit le couple n\u00e9cessaire pour faire tourner les pales de m\u00e9lange \u00e0 la vitesse ad\u00e9quate.<\/li>\n<li>Le bon fonctionnement r\u00e9duit \u00e9galement l\u2019usure de la bo\u00eete de vitesses, minimisant ainsi les besoins de maintenance et prolongeant la dur\u00e9e de vie de l\u2019\u00e9quipement.<\/li>\n<\/ul>\n<p>Un arbre de prise de force agricole pour bo\u00eete de vitesses de m\u00e9lange d'engrais est un \u00e9l\u00e9ment essentiel pour transf\u00e9rer la puissance du tracteur ou du moteur \u00e0 l'\u00e9quipement de m\u00e9lange. Il assure un fonctionnement fluide, efficace et fiable du m\u00e9langeur d'engrais, tout en garantissant flexibilit\u00e9, s\u00e9curit\u00e9 et durabilit\u00e9. Que vous utilisiez l'arbre de prise de force pour des op\u00e9rations agricoles \u00e0 grande \u00e9chelle ou pour des t\u00e2ches plus sp\u00e9cifiques, il est con\u00e7u pour am\u00e9liorer les performances de la bo\u00eete de vitesses du m\u00e9langeur d'engrais, contribuant ainsi \u00e0 un m\u00e9lange plus efficace et plus rentable.<\/p>\n<p><img loading=\"lazy\" decoding=\"async\" class=\"alignnone size-full wp-image-2582\" src=\"https:\/\/fmp-components.com\/wp-content\/uploads\/2025\/01\/Agricultural-PTO-Shaft-for-Fertilizer-Mixer-Gearbox1.webp\" alt=\"Arbre de prise de force agricole pour bo\u00eete de vitesses de m\u00e9langeur d&#039;engrais\" width=\"1194\" height=\"540\" title=\"\" srcset=\"https:\/\/fmp-components.com\/wp-content\/uploads\/2025\/01\/Agricultural-PTO-Shaft-for-Fertilizer-Mixer-Gearbox1.webp 1194w, https:\/\/fmp-components.com\/wp-content\/uploads\/2025\/01\/Agricultural-PTO-Shaft-for-Fertilizer-Mixer-Gearbox1-980x443.webp 980w, https:\/\/fmp-components.com\/wp-content\/uploads\/2025\/01\/Agricultural-PTO-Shaft-for-Fertilizer-Mixer-Gearbox1-480x217.webp 480w\" sizes=\"(min-width: 0px) and (max-width: 480px) 480px, (min-width: 481px) and (max-width: 980px) 980px, (min-width: 981px) 1194px, 100vw\" \/><\/p>\n<h2>\u00c0 propos de FMP<\/h2>\n<p>Bas\u00e9 en Italie, FMP est un fabricant leader reconnu pour son expertise dans la conception, le d\u00e9veloppement et la production de bo\u00eetes de vitesses hautes performances, notamment pour le secteur des machines agricoles. R\u00e9put\u00e9 pour sa pr\u00e9cision m\u00e9canique, ses solutions innovantes et sa fiabilit\u00e9 in\u00e9gal\u00e9e, FMP s'est impos\u00e9 comme un partenaire de confiance pour r\u00e9pondre aux besoins \u00e9volutifs des secteurs agricole et industriel. Notre vaste gamme de produits comprend des bo\u00eetes de vitesses sp\u00e9cialis\u00e9es pour tondeuses \u00e0 gazon, des arbres de prise de force et d'autres composants essentiels, chacun \u00e9tant soigneusement con\u00e7u pour offrir des solutions sur mesure pour un large \u00e9ventail d'applications.<\/p>\n<p>Chez FMP, nous savons que chaque client a des d\u00e9fis et des exigences uniques. Cette compr\u00e9hension motive notre engagement \u00e0 proposer des solutions sur mesure, qu'il s'agisse de composants individuels ou de syst\u00e8mes enti\u00e8rement int\u00e9gr\u00e9s. Nous collaborons \u00e9troitement avec nos clients pour garantir que chaque solution soit non seulement efficace, mais aussi efficiente, optimisant ainsi la performance et la valeur. Notre approche \u2013 des r\u00e9ponses rapides et professionnelles, associ\u00e9es \u00e0 des conseils d'experts \u2013 garantit que chaque demande est trait\u00e9e avec le plus grand soin, pour des r\u00e9sultats optimaux pour chaque client.<\/p>\n<p>Nous privil\u00e9gions une communication ouverte et continue tout au long du processus de d\u00e9veloppement produit. Notre \u00e9quipe d\u00e9di\u00e9e travaille en \u00e9troite collaboration avec nos clients pour comprendre pleinement leurs besoins sp\u00e9cifiques et leur fournir des informations et des recommandations pr\u00e9cieuses qui m\u00e8nent \u00e0 des solutions optimales. Qu'il s'agisse de d\u00e9velopper de nouveaux produits ou d'honorer des commandes en cours, FMP s'engage \u00e0 fournir des solutions de haute qualit\u00e9, con\u00e7ues avec pr\u00e9cision et dans les d\u00e9lais impartis. Notre objectif est de d\u00e9passer les attentes de nos clients, en garantissant un service et des r\u00e9sultats exceptionnels pour chaque projet.<\/p>\n<p>Au c\u0153ur des activit\u00e9s de FMP se trouve un engagement ind\u00e9fectible envers la qualit\u00e9. Nous adh\u00e9rons aux normes de fabrication les plus strictes et mettons en \u0153uvre des proc\u00e9dures de contr\u00f4le qualit\u00e9 rigoureuses pour garantir que chaque produit surpasse les normes du secteur. Cet engagement envers la qualit\u00e9, alli\u00e9 \u00e0 nos valeurs d'int\u00e9grit\u00e9, de travail d'\u00e9quipe et de pers\u00e9v\u00e9rance, nous a permis de b\u00e2tir des relations durables et de confiance avec des clients dans pr\u00e8s de 30 pays \u00e0 travers le monde.<\/p>\n<p>FMP est toujours ouvert aux partenariats internationaux et s'engage \u00e0 offrir des conseils d'experts et des solutions sur mesure pour r\u00e9pondre aux divers besoins de ses clients. Notre objectif ne se limite pas \u00e0 la fourniture de produits\u00a0: nous souhaitons entretenir des relations durables qui contribuent \u00e0 la r\u00e9ussite de chaque projet. Que vous recherchiez des solutions innovantes pour une nouvelle entreprise ou un support continu pour un syst\u00e8me existant, FMP est votre partenaire pour relever les d\u00e9fis techniques et assurer un succ\u00e8s durable.<\/p>\n<p><img loading=\"lazy\" decoding=\"async\" class=\"alignnone size-full wp-image-1861\" src=\"https:\/\/fmp-components.com\/wp-content\/uploads\/2024\/12\/Other-Agricultural-Gearboxes.webp\" sizes=\"(min-width: 0px) and (max-width: 480px) 480px, (min-width: 481px) and (max-width: 980px) 980px, (min-width: 981px) 1200px, 100vw\" srcset=\"https:\/\/fmp-components.com\/wp-content\/uploads\/2024\/12\/Other-Agricultural-Gearboxes.webp 1200w, https:\/\/fmp-components.com\/wp-content\/uploads\/2024\/12\/Other-Agricultural-Gearboxes-980x1143.webp 980w, https:\/\/fmp-components.com\/wp-content\/uploads\/2024\/12\/Other-Agricultural-Gearboxes-480x560.webp 480w\" alt=\"Autres changements agricoles\" width=\"1200\" height=\"1400\" title=\"\"><\/p>\n<p>Auteur : CX<\/p>","protected":false},"excerpt":{"rendered":"<p>Specifications of Fertilizer Mixer Gearbox MR-90 (1:1) Product\u00a0 Description Fertilizer Mixer Gearboxes &#8211; Replacement of Comer Gearbox MR-90 1:1 Product details Contact us for power at a different RPM The gearbox is delivered without oil and must be filled before first use. First, the oil change after 50-70 operating hours, then after 500-700 operating hours [&hellip;]<\/p>","protected":false},"featured_media":2577,"comment_status":"open","ping_status":"closed","template":"","meta":{"_et_pb_use_builder":"","_et_pb_old_content":"","_et_gb_content_width":""},"product_brand":[],"product_cat":[61],"product_tag":[],"class_list":{"0":"post-2559","1":"product","2":"type-product","3":"status-publish","4":"has-post-thumbnail","6":"product_cat-fertilizer-mixer-gearbox","8":"first","9":"instock","10":"shipping-taxable","11":"product-type-simple"},"_links":{"self":[{"href":"https:\/\/fmp-components.com\/fr\/wp-json\/wp\/v2\/product\/2559","targetHints":{"allow":["GET"]}}],"collection":[{"href":"https:\/\/fmp-components.com\/fr\/wp-json\/wp\/v2\/product"}],"about":[{"href":"https:\/\/fmp-components.com\/fr\/wp-json\/wp\/v2\/types\/product"}],"replies":[{"embeddable":true,"href":"https:\/\/fmp-components.com\/fr\/wp-json\/wp\/v2\/comments?post=2559"}],"wp:featuredmedia":[{"embeddable":true,"href":"https:\/\/fmp-components.com\/fr\/wp-json\/wp\/v2\/media\/2577"}],"wp:attachment":[{"href":"https:\/\/fmp-components.com\/fr\/wp-json\/wp\/v2\/media?parent=2559"}],"wp:term":[{"taxonomy":"product_brand","embeddable":true,"href":"https:\/\/fmp-components.com\/fr\/wp-json\/wp\/v2\/product_brand?post=2559"},{"taxonomy":"product_cat","embeddable":true,"href":"https:\/\/fmp-components.com\/fr\/wp-json\/wp\/v2\/product_cat?post=2559"},{"taxonomy":"product_tag","embeddable":true,"href":"https:\/\/fmp-components.com\/fr\/wp-json\/wp\/v2\/product_tag?post=2559"}],"curies":[{"name":"wp","href":"https:\/\/api.w.org\/{rel}","templated":true}]}}