{"id":2552,"date":"2025-01-02T06:41:12","date_gmt":"2025-01-02T06:41:12","guid":{"rendered":"https:\/\/fmp-components.com\/?page_id=8"},"modified":"2025-01-02T06:41:13","modified_gmt":"2025-01-02T06:41:13","slug":"feed-mixer-machines-gearboxes-replacement-of-comer-code-d-732a-11-1-411","status":"publish","type":"product","link":"https:\/\/fmp-components.com\/fr\/product\/feed-mixer-machines-gearboxes-replacement-of-comer-code-d-732a-11-1-411\/","title":{"rendered":"Bo\u00eetes de vitesses pour m\u00e9langeurs d&#039;aliments \u2013 Remplacement du code Comer D-732A 1:1\/1,41:1"},"content":{"rendered":"<p><img loading=\"lazy\" decoding=\"async\" class=\"size-full wp-image-2554 aligncenter\" src=\"https:\/\/fmp-components.com\/wp-content\/uploads\/2025\/01\/Horizontal-Feed-Mixer-Gearbox-131.webp\" alt=\"Bo\u00eete de vitesses pour m\u00e9langeur \u00e0 alimentation horizontale\" width=\"800\" height=\"800\" title=\"\" srcset=\"https:\/\/fmp-components.com\/wp-content\/uploads\/2025\/01\/Horizontal-Feed-Mixer-Gearbox-131.webp 800w, https:\/\/fmp-components.com\/wp-content\/uploads\/2025\/01\/Horizontal-Feed-Mixer-Gearbox-131-480x480.webp 480w\" sizes=\"(min-width: 0px) and (max-width: 480px) 480px, (min-width: 481px) 800px, 100vw\" \/><\/p>\n<h2>Dimensions du r\u00e9ducteur du m\u00e9langeur \u00e0 alimentation horizontale D732A<\/h2>\n<p><img loading=\"lazy\" decoding=\"async\" class=\"alignnone size-full wp-image-2555\" src=\"https:\/\/fmp-components.com\/wp-content\/uploads\/2025\/01\/Horizontal-Feed-Mixer-Gearbox-D732A-Dimensions.webp\" alt=\"Dimensions du r\u00e9ducteur de m\u00e9langeur \u00e0 alimentation horizontale D732A\" width=\"712\" height=\"390\" title=\"\" srcset=\"https:\/\/fmp-components.com\/wp-content\/uploads\/2025\/01\/Horizontal-Feed-Mixer-Gearbox-D732A-Dimensions.webp 712w, https:\/\/fmp-components.com\/wp-content\/uploads\/2025\/01\/Horizontal-Feed-Mixer-Gearbox-D732A-Dimensions-480x263.webp 480w\" sizes=\"(min-width: 0px) and (max-width: 480px) 480px, (min-width: 481px) 712px, 100vw\" \/><\/p>\n<h2>Sp\u00e9cifications du produit :<\/h2>\n<table class=\"kh-1xzm1su\" border=\"1\" cellspacing=\"0\" cellpadding=\"0\" data-intent=\"lists-product-attributes\" data-test-id=\"attributes-list\">\n<tbody class=\"kh-1ago99h\">\n<tr id=\"alexis#custom#item-id\" class=\"kh-bwvum6\" data-test-id=\"attribute-row\">\n<th class=\"kh-10oizfy\">Description du produit<\/th>\n<td class=\"kh-1f5nhat\">\n<div class=\"kh-pkx4zo\">R\u00e9ducteur pour m\u00e9langeur \u00e0 alimentation horizontale - Remplacement du r\u00e9ducteur Comer D732A<\/div>\n<\/td>\n<\/tr>\n<tr id=\"attProductDetails\" class=\"kh-bwvum6\" data-test-id=\"attribute-row\">\n<th class=\"kh-10oizfy\">D\u00e9tails du produit<\/th>\n<td class=\"kh-1f5nhat\">\n<ul>\n<li class=\"kh-16zd49f\">Contactez-nous pour une alimentation \u00e0 un r\u00e9gime diff\u00e9rent<\/li>\n<li class=\"kh-16zd49f\">La bo\u00eete de vitesses est livr\u00e9e sans huile et doit \u00eatre remplie avant la premi\u00e8re utilisation.<\/li>\n<li class=\"kh-16zd49f\">Premi\u00e8re vidange d&#039;huile apr\u00e8s 50 \u00e0 70 heures de fonctionnement, puis apr\u00e8s 500 \u00e0 700 heures de fonctionnement ou au moins une fois par an.<\/li>\n<\/ul>\n<\/td>\n<\/tr>\n<tr id=\"attApplicationRange\" class=\"kh-bwvum6\" data-test-id=\"attribute-row\">\n<th class=\"kh-10oizfy\">Domaine d&#039;application<\/th>\n<td class=\"kh-1f5nhat\">\n<div class=\"kh-pkx4zo\">Wagon m\u00e9langeur<\/div>\n<\/td>\n<\/tr>\n<tr id=\"attConsistsOf\" class=\"kh-bwvum6\" data-test-id=\"attribute-row\">\n<th class=\"kh-10oizfy\">Se compose de<\/th>\n<td class=\"kh-1f5nhat\">\n<ul>\n<li class=\"kh-16zd49f\">Bo\u00eete de vitesse<\/li>\n<li class=\"kh-16zd49f\">Sans huile<\/li>\n<\/ul>\n<\/td>\n<\/tr>\n<tr id=\"taMaxInputPowerKw\" class=\"kh-bwvum6\" data-test-id=\"attribute-row\">\n<th class=\"kh-10oizfy\">Puissance d'entr\u00e9e max.<\/th>\n<td class=\"kh-1f5nhat\">\n<div class=\"kh-pkx4zo\">59 kW<\/div>\n<\/td>\n<\/tr>\n<tr id=\"taMaxOutputPowerHp\" class=\"kh-bwvum6\" data-test-id=\"attribute-row\">\n<th class=\"kh-10oizfy\">Puissance de sortie maximale<\/th>\n<td class=\"kh-1f5nhat\">\n<div class=\"kh-pkx4zo\">80 CV<\/div>\n<\/td>\n<\/tr>\n<tr id=\"taConnect1OutsideDiameterInch\" class=\"kh-bwvum6\" data-test-id=\"attribute-row\">\n<th class=\"kh-10oizfy\">Diam\u00e8tre ext\u00e9rieur de la connexion 1<\/th>\n<td class=\"kh-1f5nhat\">\n<div class=\"kh-pkx4zo\">1-3\/8 pouce<\/div>\n<\/td>\n<\/tr>\n<tr id=\"taConnect1SplinesNumber\" class=\"kh-bwvum6\" data-test-id=\"attribute-row\">\n<th class=\"kh-10oizfy\">Connexion 1 nombre de splines<\/th>\n<td class=\"kh-1f5nhat\">\n<div class=\"kh-pkx4zo\">6<\/div>\n<\/td>\n<\/tr>\n<tr id=\"taConnect2OutsideDiameterInch\" class=\"kh-bwvum6\" data-test-id=\"attribute-row\">\n<th class=\"kh-10oizfy\">Diam\u00e8tre ext\u00e9rieur de la connexion 2<\/th>\n<td class=\"kh-1f5nhat\">\n<div class=\"kh-pkx4zo\">1-3\/4 pouce<\/div>\n<\/td>\n<\/tr>\n<tr id=\"taConnect2SplinesNumber\" class=\"kh-bwvum6\" data-test-id=\"attribute-row\">\n<th class=\"kh-10oizfy\">Connexion 2 nombre de splines<\/th>\n<td class=\"kh-1f5nhat\">\n<div class=\"kh-pkx4zo\">6<\/div>\n<\/td>\n<\/tr>\n<tr id=\"taContainsOil\" class=\"kh-bwvum6\" data-test-id=\"attribute-row\">\n<th class=\"kh-10oizfy\">Contient de l&#039;huile<\/th>\n<td class=\"kh-1f5nhat\">\n<div class=\"kh-pkx4zo\">Non<\/div>\n<\/td>\n<\/tr>\n<tr id=\"taMaxOilCapacityL\" class=\"kh-bwvum6\" data-test-id=\"attribute-row\">\n<th class=\"kh-10oizfy\">Capacit\u00e9 d&#039;huile maximale<\/th>\n<td class=\"kh-1f5nhat\">\n<div class=\"kh-pkx4zo\">5,6 l<\/div>\n<\/td>\n<\/tr>\n<tr id=\"taMaxOilChangeIntervalH\" class=\"kh-bwvum6\" data-test-id=\"attribute-row\">\n<th class=\"kh-10oizfy\">Intervalle maximal de vidange d&#039;huile<\/th>\n<td class=\"kh-1f5nhat\">\n<div class=\"kh-pkx4zo\">500 h<\/div>\n<\/td>\n<\/tr>\n<tr id=\"taOilSAEViscosityGrade\" class=\"kh-bwvum6\" data-test-id=\"attribute-row\">\n<th class=\"kh-10oizfy\">Grade de viscosit\u00e9 de l&#039;huile SAE<\/th>\n<td class=\"kh-1f5nhat\">\n<div class=\"kh-pkx4zo\">80W-90<\/div>\n<\/td>\n<\/tr>\n<tr id=\"taHousingMaterial_16\" class=\"kh-bwvum6\" data-test-id=\"attribute-row\">\n<th class=\"kh-10oizfy\">Mat\u00e9riau du bo\u00eetier<\/th>\n<td class=\"kh-1f5nhat\">\n<div class=\"kh-pkx4zo\">Fonte GG25<\/div>\n<\/td>\n<\/tr>\n<tr id=\"taWeightKg_75\" class=\"kh-bwvum6\" data-test-id=\"attribute-row\">\n<th class=\"kh-10oizfy\">Poids<\/th>\n<td class=\"kh-1f5nhat\">\n<div class=\"kh-pkx4zo\">63 kg<\/div>\n<\/td>\n<\/tr>\n<\/tbody>\n<\/table>\n<h3>Avantages de l'utilisation du r\u00e9ducteur de m\u00e9lange horizontal D732A<\/h3>\n<ol>\n<li><strong>Efficacit\u00e9 de m\u00e9lange am\u00e9lior\u00e9e<\/strong><br \/>\nLe r\u00e9ducteur du m\u00e9langeur horizontal D732A est sp\u00e9cialement con\u00e7u pour offrir d'excellentes performances de m\u00e9lange. Gr\u00e2ce \u00e0 son couple \u00e9lev\u00e9 et \u00e0 sa transmission de puissance efficace, il garantit un m\u00e9lange homog\u00e8ne et r\u00e9gulier des ingr\u00e9dients. Il en r\u00e9sulte un m\u00e9lange plus efficace, am\u00e9liorant la qualit\u00e9 globale et la valeur nutritionnelle de l'aliment.<\/li>\n<li><strong>Construction durable et fiable<\/strong><br \/>\nLa bo\u00eete de vitesses est fabriqu\u00e9e avec des mat\u00e9riaux haute r\u00e9sistance capables de supporter les conditions de travail difficiles du m\u00e9lange d'aliments. Sa conception robuste garantit une durabilit\u00e9 \u00e0 long terme, m\u00eame en cas d'utilisation intensive, r\u00e9duisant ainsi la fr\u00e9quence des op\u00e9rations de maintenance ou de remplacement de pi\u00e8ces et augmentant la dur\u00e9e de vie globale de l'\u00e9quipement.<\/li>\n<li><strong>Efficacit\u00e9 \u00e9nerg\u00e9tique<\/strong><br \/>\nLe r\u00e9ducteur D732A est con\u00e7u pour optimiser la consommation d'\u00e9nergie, garantissant une utilisation efficace de l'\u00e9nergie tout en maintenant un rendement \u00e9lev\u00e9. Cette conception \u00e9co\u00e9nerg\u00e9tique contribue \u00e0 r\u00e9duire les co\u00fbts d'exploitation, ce qui en fait un choix rentable pour les entreprises qui d\u00e9pendent d'op\u00e9rations de m\u00e9lange d'aliments en continu.<\/li>\n<li><strong>Fonctionnement fluide et faibles vibrations<\/strong><br \/>\nGr\u00e2ce \u00e0 sa conception avanc\u00e9e, le r\u00e9ducteur D732A garantit un fonctionnement fluide et des vibrations minimales, assurant ainsi une performance stable. Il en r\u00e9sulte une fiabilit\u00e9 accrue du malaxeur, un confort et une s\u00e9curit\u00e9 am\u00e9lior\u00e9s pour les op\u00e9rateurs, une r\u00e9duction des risques de pannes m\u00e9caniques et une productivit\u00e9 optimis\u00e9e.<\/li>\n<li><strong>Polyvalence des applications<\/strong><br \/>\nLe r\u00e9ducteur D732A convient \u00e0 une large gamme d'applications de m\u00e9lange d'aliments pour animaux. Que ce soit pour l'agriculture, l'\u00e9levage ou la production industrielle d'aliments, ce r\u00e9ducteur offre la flexibilit\u00e9 n\u00e9cessaire pour r\u00e9pondre \u00e0 divers besoins op\u00e9rationnels. Son adaptabilit\u00e9 \u00e0 diff\u00e9rents syst\u00e8mes de m\u00e9lange en fait un choix id\u00e9al pour divers proc\u00e9d\u00e9s de fabrication d'aliments pour animaux.<\/li>\n<\/ol>\n<p>Ces avantages font du r\u00e9ducteur de m\u00e9lange d'aliments horizontal D732A un atout pr\u00e9cieux pour les entreprises du secteur agricole, garantissant des performances optimales, une durabilit\u00e9 et une efficacit\u00e9 dans la production d'aliments.<\/p>\n<p><img loading=\"lazy\" decoding=\"async\" class=\"alignnone  wp-image-2553\" src=\"https:\/\/fmp-components.com\/wp-content\/uploads\/2025\/01\/Horizontal-Feed-Mixer-Gearbox-141.webp\" alt=\"Bo\u00eete de vitesses pour m\u00e9langeur \u00e0 alimentation horizontale\" width=\"941\" height=\"941\" title=\"\" srcset=\"https:\/\/fmp-components.com\/wp-content\/uploads\/2025\/01\/Horizontal-Feed-Mixer-Gearbox-141.webp 941w, https:\/\/fmp-components.com\/wp-content\/uploads\/2025\/01\/Horizontal-Feed-Mixer-Gearbox-141-480x480.webp 480w\" sizes=\"(min-width: 0px) and (max-width: 480px) 480px, (min-width: 481px) 941px, 100vw\" \/><\/p>\n<h3>Composants cl\u00e9s de la bo\u00eete de vitesses du m\u00e9langeur d'alimentation horizontal entra\u00een\u00e9 par la prise de force du tracteur<\/h3>\n<ol>\n<li><strong>Entr\u00e9e de l'arbre de prise de force<\/strong><br \/>\nL'arbre de prise de force (PDF) est le point de connexion essentiel entre le tracteur et la bo\u00eete de vitesses du m\u00e9langeur d'aliments. Il transmet la puissance m\u00e9canique du moteur du tracteur \u00e0 la bo\u00eete de vitesses, permettant ainsi le m\u00e9lange. L'arbre de PDF assure une transmission d'\u00e9nergie fluide, garantissant le bon fonctionnement de la bo\u00eete de vitesses.<\/li>\n<li><strong>Engrenages h\u00e9lico\u00efdaux<\/strong><br \/>\nLe r\u00e9ducteur du m\u00e9langeur horizontal d'aliments utilise g\u00e9n\u00e9ralement des engrenages h\u00e9lico\u00efdaux, qui assurent un fonctionnement plus fluide et silencieux que les autres types d'engrenages. Ces engrenages sont con\u00e7us pour supporter des couples \u00e9lev\u00e9s et garantir une transmission de puissance efficace, r\u00e9duisant ainsi l'usure lors d'un fonctionnement continu.<\/li>\n<li><strong>Logement<\/strong><br \/>\nLe <strong>carter de bo\u00eete de vitesses<\/strong> Le carter ext\u00e9rieur renferme tous les composants internes, tels que les engrenages, les arbres et les roulements. Il est g\u00e9n\u00e9ralement fabriqu\u00e9 \u00e0 partir de mat\u00e9riaux durables comme la fonte ou l'acier \u00e0 haute r\u00e9sistance, ce qui garantit la robustesse de la bo\u00eete de vitesses et sa capacit\u00e9 \u00e0 r\u00e9sister aux conditions difficiles du milieu agricole.<\/li>\n<li><strong>Roulements<\/strong><br \/>\n<strong>Roulements<\/strong> Ces composants essentiels supportent les arbres rotatifs et r\u00e9duisent les frottements au sein de la bo\u00eete de vitesses. Ils garantissent un fonctionnement fluide et minimisent l'usure, permettant ainsi \u00e0 la bo\u00eete de vitesses de fonctionner de mani\u00e8re fiable pendant de longues p\u00e9riodes sans entretien excessif.<\/li>\n<li><strong>arbre de sortie<\/strong><br \/>\nLe <strong>arbre de sortie<\/strong> Il est reli\u00e9 \u00e0 la vis sans fin de m\u00e9lange ou \u00e0 d'autres composants du m\u00e9langeur d'aliments. Il transmet la puissance du r\u00e9ducteur au m\u00e9canisme de m\u00e9lange, permettant ainsi un m\u00e9lange efficace des ingr\u00e9dients. L'arbre de sortie doit \u00eatre dimensionn\u00e9 pour supporter le couple et la vitesse de rotation n\u00e9cessaires \u00e0 un m\u00e9lange optimal.<\/li>\n<\/ol>\n<p>Ces composants cl\u00e9s fonctionnent ensemble pour garantir que la bo\u00eete de vitesses du m\u00e9langeur d'aliments horizontal entra\u00een\u00e9 par la prise de force du tracteur fonctionne de mani\u00e8re fluide, efficace et fiable, offrant des performances optimales dans les applications de m\u00e9lange agricoles.<\/p>\n<p><img loading=\"lazy\" decoding=\"async\" class=\"alignnone size-full wp-image-2556\" src=\"https:\/\/fmp-components.com\/wp-content\/uploads\/2025\/01\/PTO-Shaft-for-Horizontal-Feed-Mixer-Gearbox1.webp\" alt=\"Arbre de prise de force pour bo\u00eete de vitesses de m\u00e9langeur d&#039;alimentation horizontal\" width=\"1178\" height=\"600\" title=\"\" srcset=\"https:\/\/fmp-components.com\/wp-content\/uploads\/2025\/01\/PTO-Shaft-for-Horizontal-Feed-Mixer-Gearbox1.webp 1178w, https:\/\/fmp-components.com\/wp-content\/uploads\/2025\/01\/PTO-Shaft-for-Horizontal-Feed-Mixer-Gearbox1-980x499.webp 980w, https:\/\/fmp-components.com\/wp-content\/uploads\/2025\/01\/PTO-Shaft-for-Horizontal-Feed-Mixer-Gearbox1-480x244.webp 480w\" sizes=\"(min-width: 0px) and (max-width: 480px) 480px, (min-width: 481px) and (max-width: 980px) 980px, (min-width: 981px) 1178px, 100vw\" \/><\/p>\n<h3>Principe de fonctionnement des bo\u00eetes de vitesses des m\u00e9langeurs d'aliments pour animaux<\/h3>\n<p>Les m\u00e9langeurs d'aliments sont essentiels pour m\u00e9langer diff\u00e9rents types d'aliments pour animaux afin de garantir une consistance et une valeur nutritionnelle uniformes. Le r\u00e9ducteur joue un r\u00f4le cl\u00e9 dans l'alimentation du m\u00e9canisme de m\u00e9lange. Voici le principe de fonctionnement des r\u00e9ducteurs des m\u00e9langeurs d'aliments\u00a0:<br \/>\n1. <strong>Transmission de puissance du tracteur ou du moteur \u00e0 la bo\u00eete de vitesses<\/strong><\/p>\n<ul>\n<li>La bo\u00eete de vitesses est aliment\u00e9e soit par la prise de force du tracteur, soit par un moteur \u00e9lectrique, selon la conception du m\u00e9langeur d'aliments.<\/li>\n<li>Pour les m\u00e9langeurs entra\u00een\u00e9s par prise de force, l'arbre de prise de force reli\u00e9 au tracteur transmet la puissance de rotation du moteur du tracteur \u00e0 la bo\u00eete de vitesses.<\/li>\n<li>Dans les syst\u00e8mes entra\u00een\u00e9s par moteur \u00e9lectrique, le moteur entra\u00eene directement la bo\u00eete de vitesses par l'interm\u00e9diaire d'un accouplement.<\/li>\n<\/ul>\n<p>2. <strong>R\u00e9duction de la vitesse et amplification du couple<\/strong><\/p>\n<ul>\n<li>Le r\u00e9ducteur permet de diminuer la vitesse de rotation du moteur tout en augmentant le couple. Ceci est indispensable pour actionner les lourdes pales ou vis sans fin de m\u00e9lange \u00e0 l'int\u00e9rieur du m\u00e9langeur d'aliments.<\/li>\n<li>Le m\u00e9canisme d'engrenage, g\u00e9n\u00e9ralement compos\u00e9 d'engrenages h\u00e9lico\u00efdaux, d'engrenages coniques ou d'engrenages plan\u00e9taires, r\u00e9duit la vitesse de rotation de la source d'\u00e9nergie et fournit la vitesse de sortie optimale requise pour le m\u00e9lange.<\/li>\n<\/ul>\n<p>3. <strong>Rotation des vis sans fin ou des lames de m\u00e9lange<\/strong><\/p>\n<ul>\n<li>L'arbre de sortie de la bo\u00eete de vitesses se connecte \u00e0 la vis sans fin ou aux lames de m\u00e9lange, qui sont les composants principaux responsables du d\u00e9placement et du m\u00e9lange des ingr\u00e9dients de l'alimentation.<\/li>\n<li>Lorsque la bo\u00eete de vitesses transmet la puissance \u00e0 la vis sans fin ou aux lames, le m\u00e9canisme de m\u00e9lange se met \u00e0 tourner, soulevant et brassant les mati\u00e8res premi\u00e8res pour assurer une distribution uniforme et un m\u00e9lange complet.<\/li>\n<li>Le mouvement de rotation des vis sans fin ou des lames cr\u00e9e un effet de cisaillement qui brise les amas d'ingr\u00e9dients alimentaires, assurant ainsi un m\u00e9lange uniforme.<\/li>\n<\/ul>\n<p>4. <strong>Manutention efficace des mat\u00e9riaux<\/strong><\/p>\n<ul>\n<li>Le r\u00e9ducteur assure une vitesse de rotation constante et ma\u00eetrisable des vis sans fin ou des lames, permettant une manutention efficace des mat\u00e9riaux.<\/li>\n<li>La conception de la bo\u00eete de vitesses permet de m\u00e9langer soigneusement les mati\u00e8res premi\u00e8res sans contrainte excessive ni surcharge du moteur ou de l'arbre de prise de force.<\/li>\n<\/ul>\n<p>5. <strong>Flux de puissance continu<\/strong><\/p>\n<ul>\n<li>Un r\u00e9ducteur de m\u00e9langeur d'aliments assure un flux de puissance continu de l'entr\u00e9e (arbre de prise de force ou moteur) \u00e0 la sortie (m\u00e9canisme de m\u00e9lange) pendant le fonctionnement.<\/li>\n<li>Selon sa conception, la bo\u00eete de vitesses peut inclure des fonctionnalit\u00e9s telles qu'une protection contre les surcharges, garantissant qu'une contrainte excessive ou un blocage dans le syst\u00e8me n'endommage pas la bo\u00eete de vitesses.<\/li>\n<\/ul>\n<p>En r\u00e9sum\u00e9, le principe de fonctionnement des r\u00e9ducteurs de m\u00e9langeurs d'aliments pour animaux repose sur la transmission de la puissance du tracteur ou du moteur au r\u00e9ducteur, qui r\u00e9duit la vitesse et amplifie le couple pour entra\u00eener les vis sans fin ou les pales de m\u00e9lange. Le r\u00e9ducteur assure un m\u00e9lange efficace et homog\u00e8ne en alimentant les pales ou les vis sans fin, garantissant ainsi que les ingr\u00e9dients de l'aliment sont m\u00e9lang\u00e9s de mani\u00e8re uniforme jusqu'\u00e0 la consistance souhait\u00e9e. Des m\u00e9canismes de lubrification et de refroidissement appropri\u00e9s contribuent \u00e9galement au bon fonctionnement du r\u00e9ducteur tout au long du processus.<\/p>\n<p><img loading=\"lazy\" decoding=\"async\" class=\"alignnone  wp-image-2557\" src=\"https:\/\/fmp-components.com\/wp-content\/uploads\/2025\/01\/Horizontal-Feed-Mixer-Gearbox-321.webp\" alt=\"Bo\u00eete de vitesses pour m\u00e9langeur \u00e0 alimentation horizontale\" width=\"928\" height=\"928\" title=\"\" srcset=\"https:\/\/fmp-components.com\/wp-content\/uploads\/2025\/01\/Horizontal-Feed-Mixer-Gearbox-321.webp 928w, https:\/\/fmp-components.com\/wp-content\/uploads\/2025\/01\/Horizontal-Feed-Mixer-Gearbox-321-480x480.webp 480w\" sizes=\"(min-width: 0px) and (max-width: 480px) 480px, (min-width: 481px) 928px, 100vw\" \/><\/p>\n<h3>\u00c0 propos de FMP<\/h3>\n<p>Bas\u00e9 en Italie, FMP est un fabricant leader reconnu pour son expertise dans la conception, le d\u00e9veloppement et la production de bo\u00eetes de vitesses hautes performances, plus particuli\u00e8rement pour le secteur des machines agricoles. Forte de sa r\u00e9putation d&#039;ing\u00e9nierie de pr\u00e9cision, de solutions innovantes et d&#039;une fiabilit\u00e9 \u00e0 toute \u00e9preuve, FMP est devenue un partenaire de confiance pour r\u00e9pondre aux besoins \u00e9volutifs des secteurs agricole et industriel. Notre gamme diversifi\u00e9e comprend des bo\u00eetes de vitesses sp\u00e9cialis\u00e9es pour tondeuses \u00e0 gazon, des arbres de prise de force et d&#039;autres composants essentiels, tous con\u00e7us avec soin pour offrir des solutions sur mesure pour un large \u00e9ventail d&#039;applications.<\/p>\n<p>Chez FMP, nous comprenons que chaque client a des exigences et des d\u00e9fis uniques. C&#039;est pourquoi nous nous sp\u00e9cialisons dans la proposition de solutions sur mesure, qu&#039;il s&#039;agisse de composants individuels ou de syst\u00e8mes enti\u00e8rement int\u00e9gr\u00e9s. Nous travaillons en \u00e9troite collaboration avec nos clients pour garantir que chaque solution soit non seulement efficace, mais aussi efficiente, optimisant ainsi la performance et la valeur. Notre engagement \u00e0 fournir des r\u00e9ponses rapides et professionnelles, associ\u00e9 \u00e0 des conseils d&#039;experts, garantit que chaque demande est trait\u00e9e avec le plus grand soin et la plus grande pr\u00e9cision, pour des r\u00e9sultats optimaux.<\/p>\n<p>Nous privil\u00e9gions une communication ouverte et continue tout au long du processus de d\u00e9veloppement produit. Notre \u00e9quipe d\u00e9di\u00e9e travaille en \u00e9troite collaboration avec nos clients afin de comprendre parfaitement leurs besoins sp\u00e9cifiques et de leur fournir des conseils et des recommandations pr\u00e9cieux pour garantir des solutions optimales. Qu&#039;il s&#039;agisse de concevoir des produits innovants ou d&#039;ex\u00e9cuter des commandes en cours, FMP s&#039;engage \u00e0 fournir des solutions de haute qualit\u00e9, con\u00e7ues avec pr\u00e9cision et dans les d\u00e9lais impartis. Notre objectif est d&#039;offrir \u00e0 nos clients le meilleur service et les meilleurs r\u00e9sultats, d\u00e9passant leurs attentes \u00e0 chaque projet.<\/p>\n<p>La qualit\u00e9 est la pierre angulaire des activit\u00e9s de FMP. Nous adh\u00e9rons aux normes de fabrication les plus strictes et mettons en \u0153uvre des contr\u00f4les qualit\u00e9 rigoureux pour garantir que chaque produit respecte et d\u00e9passe les normes de l&#039;industrie. Cet engagement ind\u00e9fectible envers la qualit\u00e9, combin\u00e9 \u00e0 nos valeurs fondamentales d&#039;int\u00e9grit\u00e9, d&#039;esprit d&#039;\u00e9quipe et de pers\u00e9v\u00e9rance, nous a permis de b\u00e2tir des relations de confiance durables avec des clients r\u00e9partis dans pr\u00e8s de 30 pays \u00e0 travers le monde.<\/p>\n<p>FMP est toujours ouvert aux partenariats internationaux et s&#039;engage \u00e0 offrir des conseils d&#039;experts et des solutions personnalis\u00e9es r\u00e9pondant aux besoins vari\u00e9s de ses clients. Au-del\u00e0 de la simple fourniture de produits, nous souhaitons b\u00e2tir des relations durables qui contribuent \u00e0 la r\u00e9ussite de chaque projet. Que vous ayez besoin de solutions innovantes pour une nouvelle initiative ou d&#039;un support continu pour un syst\u00e8me existant, FMP est l\u00e0 pour relever vos d\u00e9fis techniques et assurer votre r\u00e9ussite durable.<\/p>\n<p><img loading=\"lazy\" decoding=\"async\" class=\"alignnone size-full wp-image-1861\" src=\"https:\/\/fmp-components.com\/wp-content\/uploads\/2024\/12\/Other-Agricultural-Gearboxes.webp\" sizes=\"(min-width: 0px) and (max-width: 480px) 480px, (min-width: 481px) and (max-width: 980px) 980px, (min-width: 981px) 1200px, 100vw\" srcset=\"https:\/\/fmp-components.com\/wp-content\/uploads\/2024\/12\/Other-Agricultural-Gearboxes.webp 1200w, https:\/\/fmp-components.com\/wp-content\/uploads\/2024\/12\/Other-Agricultural-Gearboxes-980x1143.webp 980w, https:\/\/fmp-components.com\/wp-content\/uploads\/2024\/12\/Other-Agricultural-Gearboxes-480x560.webp 480w\" alt=\"Autres changements agricoles\" width=\"1200\" height=\"1400\" title=\"\"><\/p>\n<p>Auteur : CX<\/p>\n<p>&nbsp;<\/p>","protected":false},"excerpt":{"rendered":"<p>Horizontal Feed Mixer Gearbox D732A Dimensions Product Specifications: Product Description Horizontal Feed Mixer Gearbox-Replacement of Comer D732A Gearbox Product details Contact us for power at a different RPM The gearbox is delivered without oil and must be filled before first use. First oil change after 50-70 operating hours, then after 500-700 operating hours or at [&hellip;]<\/p>","protected":false},"featured_media":2553,"comment_status":"open","ping_status":"closed","template":"","meta":{"_et_pb_use_builder":"","_et_pb_old_content":"","_et_gb_content_width":""},"product_brand":[],"product_cat":[60],"product_tag":[],"class_list":{"0":"post-2552","1":"product","2":"type-product","3":"status-publish","4":"has-post-thumbnail","6":"product_cat-feed-mixer-gearbox","8":"first","9":"instock","10":"shipping-taxable","11":"product-type-simple"},"_links":{"self":[{"href":"https:\/\/fmp-components.com\/fr\/wp-json\/wp\/v2\/product\/2552","targetHints":{"allow":["GET"]}}],"collection":[{"href":"https:\/\/fmp-components.com\/fr\/wp-json\/wp\/v2\/product"}],"about":[{"href":"https:\/\/fmp-components.com\/fr\/wp-json\/wp\/v2\/types\/product"}],"replies":[{"embeddable":true,"href":"https:\/\/fmp-components.com\/fr\/wp-json\/wp\/v2\/comments?post=2552"}],"wp:featuredmedia":[{"embeddable":true,"href":"https:\/\/fmp-components.com\/fr\/wp-json\/wp\/v2\/media\/2553"}],"wp:attachment":[{"href":"https:\/\/fmp-components.com\/fr\/wp-json\/wp\/v2\/media?parent=2552"}],"wp:term":[{"taxonomy":"product_brand","embeddable":true,"href":"https:\/\/fmp-components.com\/fr\/wp-json\/wp\/v2\/product_brand?post=2552"},{"taxonomy":"product_cat","embeddable":true,"href":"https:\/\/fmp-components.com\/fr\/wp-json\/wp\/v2\/product_cat?post=2552"},{"taxonomy":"product_tag","embeddable":true,"href":"https:\/\/fmp-components.com\/fr\/wp-json\/wp\/v2\/product_tag?post=2552"}],"curies":[{"name":"wp","href":"https:\/\/api.w.org\/{rel}","templated":true}]}}