{"id":2515,"date":"2025-01-02T03:12:18","date_gmt":"2025-01-02T03:12:18","guid":{"rendered":"https:\/\/fmp-components.com\/?page_id=8"},"modified":"2025-01-02T03:14:23","modified_gmt":"2025-01-02T03:14:23","slug":"round-baler-gearbox-fmp246-for-round-baler-and-harvester","status":"publish","type":"product","link":"https:\/\/fmp-components.com\/fr\/product\/round-baler-gearbox-fmp246-for-round-baler-and-harvester\/","title":{"rendered":"Bo\u00eete de vitesses FMP246 pour presse \u00e0 balles rondes et moissonneuse-batteuse"},"content":{"rendered":"<p><img loading=\"lazy\" decoding=\"async\" class=\"size-full wp-image-2521 aligncenter\" src=\"https:\/\/fmp-components.com\/wp-content\/uploads\/2025\/01\/Round-Baler-Gearbox-EP246.webp\" alt=\"Bo\u00eete de vitesses pour presse \u00e0 balles rondes FMP246\" width=\"600\" height=\"600\" title=\"\" srcset=\"https:\/\/fmp-components.com\/wp-content\/uploads\/2025\/01\/Round-Baler-Gearbox-EP246.webp 600w, https:\/\/fmp-components.com\/wp-content\/uploads\/2025\/01\/Round-Baler-Gearbox-EP246-480x480.webp 480w\" sizes=\"(min-width: 0px) and (max-width: 480px) 480px, (min-width: 481px) 600px, 100vw\" \/><\/p>\n<h2>Dimensions de la bo\u00eete de vitesses \u00e0 double sortie EP246 pour presse \u00e0 balles rondes<\/h2>\n<p><img loading=\"lazy\" decoding=\"async\" class=\"alignnone size-full wp-image-2519\" src=\"https:\/\/fmp-components.com\/wp-content\/uploads\/2025\/01\/Round-Baler-Gearbox-EP246-Double-Output-Dimensions.webp\" alt=\"Dimensions de la bo\u00eete de vitesses pour presse \u00e0 balles rondes EP246 \u00e0 double sortie\" width=\"1662\" height=\"834\" title=\"\" srcset=\"https:\/\/fmp-components.com\/wp-content\/uploads\/2025\/01\/Round-Baler-Gearbox-EP246-Double-Output-Dimensions.webp 1662w, https:\/\/fmp-components.com\/wp-content\/uploads\/2025\/01\/Round-Baler-Gearbox-EP246-Double-Output-Dimensions-1280x642.webp 1280w, https:\/\/fmp-components.com\/wp-content\/uploads\/2025\/01\/Round-Baler-Gearbox-EP246-Double-Output-Dimensions-980x492.webp 980w, https:\/\/fmp-components.com\/wp-content\/uploads\/2025\/01\/Round-Baler-Gearbox-EP246-Double-Output-Dimensions-480x241.webp 480w\" sizes=\"(min-width: 0px) and (max-width: 480px) 480px, (min-width: 481px) and (max-width: 980px) 980px, (min-width: 981px) and (max-width: 1280px) 1280px, (min-width: 1281px) 1662px, 100vw\" \/><\/p>\n<h2>Dimensions de la bo\u00eete de vitesses pour presse \u00e0 balles rondes FMP246 \u00e0 sortie unique<\/h2>\n<p><img loading=\"lazy\" decoding=\"async\" class=\"alignnone size-full wp-image-2518\" src=\"https:\/\/fmp-components.com\/wp-content\/uploads\/2025\/01\/Round-Baler-Gearbox-EP246-Single-Output-Dimensions.webp\" alt=\"Dimensions de la bo\u00eete de vitesses pour presse \u00e0 balles rondes EP246 \u00e0 sortie unique\" width=\"1425\" height=\"695\" title=\"\" srcset=\"https:\/\/fmp-components.com\/wp-content\/uploads\/2025\/01\/Round-Baler-Gearbox-EP246-Single-Output-Dimensions.webp 1425w, https:\/\/fmp-components.com\/wp-content\/uploads\/2025\/01\/Round-Baler-Gearbox-EP246-Single-Output-Dimensions-1280x624.webp 1280w, https:\/\/fmp-components.com\/wp-content\/uploads\/2025\/01\/Round-Baler-Gearbox-EP246-Single-Output-Dimensions-980x478.webp 980w, https:\/\/fmp-components.com\/wp-content\/uploads\/2025\/01\/Round-Baler-Gearbox-EP246-Single-Output-Dimensions-480x234.webp 480w\" sizes=\"(min-width: 0px) and (max-width: 480px) 480px, (min-width: 481px) and (max-width: 980px) 980px, (min-width: 981px) and (max-width: 1280px) 1280px, (min-width: 1281px) 1425px, 100vw\" \/><\/p>\n<h2>Donn\u00e9es techniques de la bo\u00eete de vitesses de la presse \u00e0 balles rondes FMP246<\/h2>\n<table style=\"width: 98.4538%; height: 211px;\" border=\"1\" cellspacing=\"0\" cellpadding=\"0\">\n<tbody>\n<tr style=\"height: 47px;\">\n<td style=\"height: 70px;\" colspan=\"2\" rowspan=\"2\">je<\/td>\n<td style=\"height: 70px;\" rowspan=\"2\">Appropri\u00e9<\/td>\n<td style=\"height: 47px;\">Entr\u00e9e de r\u00e9gime<\/td>\n<td style=\"height: 47px;\">Vitesse de sortie<\/td>\n<td style=\"height: 47px;\">KW(Nom)<\/td>\n<td style=\"height: 47px;\">Couple de sortie<\/td>\n<td style=\"height: 70px;\" rowspan=\"2\">Dentition<\/td>\n<\/tr>\n<tr style=\"height: 23px;\">\n<td style=\"height: 23px;\">tr\/min<\/td>\n<td style=\"height: 23px;\">tr\/min<\/td>\n<td style=\"height: 23px;\">hp<\/td>\n<td style=\"height: 23px;\">Nm<\/td>\n<\/tr>\n<tr style=\"height: 71px;\">\n<td style=\"height: 71px;\">Ralentir<\/td>\n<td style=\"height: 71px;\">1.92:1<\/td>\n<td style=\"height: 71px;\">presse \u00e0 balles rondes, moissonneuse-batteuse, etc.<\/td>\n<td style=\"height: 71px;\">540<\/td>\n<td style=\"height: 71px;\">282<\/td>\n<td style=\"height: 71px;\">100<\/td>\n<td style=\"height: 71px;\">2000<\/td>\n<td style=\"height: 71px;\">H\u00e9lico\u00efdal de Gleason<br \/>\nDents<\/td>\n<\/tr>\n<tr style=\"height: 23px;\">\n<td style=\"height: 23px;\" colspan=\"8\">Remarque : si vous avez des exigences particuli\u00e8res, n'h\u00e9sitez pas \u00e0 me le faire savoir, nous acceptons \u00e9galement les personnalisations.<\/td>\n<\/tr>\n<\/tbody>\n<\/table>\n<h2>Dimensions de l'arbre de la bo\u00eete de vitesses de la presse \u00e0 balles rondes FMP246<\/h2>\n<p><img loading=\"lazy\" decoding=\"async\" class=\"alignnone size-full wp-image-2517\" src=\"https:\/\/fmp-components.com\/wp-content\/uploads\/2025\/01\/Round-Baler-Gearbox-EP246-Shaft-Dimensions.webp\" alt=\"Dimensions de l&#039;arbre de la bo\u00eete de vitesses de la presse \u00e0 balles rondes EP246\" width=\"1573\" height=\"474\" title=\"\" srcset=\"https:\/\/fmp-components.com\/wp-content\/uploads\/2025\/01\/Round-Baler-Gearbox-EP246-Shaft-Dimensions.webp 1573w, https:\/\/fmp-components.com\/wp-content\/uploads\/2025\/01\/Round-Baler-Gearbox-EP246-Shaft-Dimensions-1280x386.webp 1280w, https:\/\/fmp-components.com\/wp-content\/uploads\/2025\/01\/Round-Baler-Gearbox-EP246-Shaft-Dimensions-980x295.webp 980w, https:\/\/fmp-components.com\/wp-content\/uploads\/2025\/01\/Round-Baler-Gearbox-EP246-Shaft-Dimensions-480x145.webp 480w\" sizes=\"(min-width: 0px) and (max-width: 480px) 480px, (min-width: 481px) and (max-width: 980px) 980px, (min-width: 981px) and (max-width: 1280px) 1280px, (min-width: 1281px) 1573px, 100vw\" \/><\/p>\n<h2>Dimensions du tube d'extension de la bo\u00eete de vitesses de la presse \u00e0 balles rondes FMP246<\/h2>\n<p><img loading=\"lazy\" decoding=\"async\" class=\"alignnone size-full wp-image-2516\" src=\"https:\/\/fmp-components.com\/wp-content\/uploads\/2025\/01\/Round-Baler-Gearbox-EP246-Extension-Pipe-Dimensions.webp\" alt=\"Dimensions du tuyau d&#039;extension de la bo\u00eete de vitesses de la presse \u00e0 balles rondes EP246\" width=\"1554\" height=\"820\" title=\"\" srcset=\"https:\/\/fmp-components.com\/wp-content\/uploads\/2025\/01\/Round-Baler-Gearbox-EP246-Extension-Pipe-Dimensions.webp 1554w, https:\/\/fmp-components.com\/wp-content\/uploads\/2025\/01\/Round-Baler-Gearbox-EP246-Extension-Pipe-Dimensions-1280x675.webp 1280w, https:\/\/fmp-components.com\/wp-content\/uploads\/2025\/01\/Round-Baler-Gearbox-EP246-Extension-Pipe-Dimensions-980x517.webp 980w, https:\/\/fmp-components.com\/wp-content\/uploads\/2025\/01\/Round-Baler-Gearbox-EP246-Extension-Pipe-Dimensions-480x253.webp 480w\" sizes=\"(min-width: 0px) and (max-width: 480px) 480px, (min-width: 481px) and (max-width: 980px) 980px, (min-width: 981px) and (max-width: 1280px) 1280px, (min-width: 1281px) 1554px, 100vw\" \/><\/p>\n<h3>Structure des composants de la bo\u00eete de vitesses de la presse \u00e0 balles rondes FMP246<\/h3>\n<p>Le r\u00e9ducteur pour presse \u00e0 balles rondes FMP246 est un composant robuste et de pr\u00e9cision, con\u00e7u sp\u00e9cifiquement pour les presses \u00e0 balles rondes. Il joue un r\u00f4le crucial dans le bon fonctionnement des machines agricoles de pressage en assurant une transmission de puissance optimale, une r\u00e9duction de vitesse efficace et une synchronisation m\u00e9canique parfaite. Vous trouverez ci-dessous une description d\u00e9taill\u00e9e de la structure du r\u00e9ducteur pour presse \u00e0 balles rondes FMP246\u00a0:<\/p>\n<p><strong>Logement<\/strong><\/p>\n<ul>\n<li>Mat\u00e9riaux et fonction : Le bo\u00eetier est g\u00e9n\u00e9ralement fabriqu\u00e9 en fonte ou en acier haute r\u00e9sistance, ce qui assure sa durabilit\u00e9 et prot\u00e8ge les composants internes des chocs externes, de la poussi\u00e8re et de l'humidit\u00e9.<\/li>\n<li>Objectif : Il abrite tous les engrenages, arbres et roulements internes tout en garantissant que la bo\u00eete de vitesses r\u00e9siste aux conditions difficiles du terrain et aux contraintes m\u00e9caniques.<\/li>\n<li>Avantage : Assure la stabilit\u00e9 \u00e0 long terme de la bo\u00eete de vitesses et prot\u00e8ge les composants de pr\u00e9cision internes.<\/li>\n<\/ul>\n<p><strong>arbre d'entr\u00e9e<\/strong><\/p>\n<ul>\n<li>Mat\u00e9riaux et fonction : L'arbre d'entr\u00e9e est g\u00e9n\u00e9ralement fabriqu\u00e9 en acier de haute qualit\u00e9 et se connecte directement au syst\u00e8me de prise de force (PTO) du tracteur.<\/li>\n<li>Objectif : Il est charg\u00e9 de recevoir le mouvement de rotation et le couple du tracteur et de les transmettre au syst\u00e8me de bo\u00eete de vitesses.<\/li>\n<li>Avantage : Garantit une transmission efficace de la puissance du tracteur \u00e0 la bo\u00eete de vitesses avec des pertes minimales.<\/li>\n<\/ul>\n<p><strong>arbre de sortie<\/strong><\/p>\n<ul>\n<li>Mat\u00e9riaux et fonction : Similaire \u00e0 l'arbre d'entr\u00e9e, l'arbre de sortie est fabriqu\u00e9 en acier haute r\u00e9sistance pour supporter la charge m\u00e9canique de la bo\u00eete de vitesses.<\/li>\n<li>Objectif : Il transmet la puissance de la bo\u00eete de vitesses aux m\u00e9canismes internes de la presse \u00e0 balles rondes, tels que les rouleaux, le syst\u00e8me de compression et le m\u00e9canisme de liage.<\/li>\n<li>Avantage : Fournit une puissance r\u00e9guli\u00e8re et constante pour garantir des op\u00e9rations de pressage efficaces.<\/li>\n<\/ul>\n<p><strong>Syst\u00e8me d'engrenages plan\u00e9taires<\/strong><\/p>\n<ul>\n<li>Mat\u00e9riaux et fonctionnement : Le syst\u00e8me d'engrenages plan\u00e9taires est un ensemble d'engrenages comprenant l'engrenage solaire, les engrenages plan\u00e9taires et une couronne dent\u00e9e, tous fabriqu\u00e9s en acier tremp\u00e9 ou en alliage.<\/li>\n<li>Objectif : Ce syst\u00e8me d'engrenages assure la multiplication du couple et la r\u00e9duction de la vitesse, convertissant la vitesse de rotation \u00e9lev\u00e9e de la prise de force en une vitesse de rotation optimale pour la presse \u00e0 balles.<\/li>\n<li>Avantage : Assure un fonctionnement efficace en fournissant le couple n\u00e9cessaire pour effectuer des t\u00e2ches de pressage intensives tout en maintenant l'efficacit\u00e9 op\u00e9rationnelle.<\/li>\n<\/ul>\n<p><strong>Roulements et joints d'\u00e9tanch\u00e9it\u00e9<\/strong><\/p>\n<ul>\n<li>Mat\u00e9riaux et fonction : Les roulements sont g\u00e9n\u00e9ralement fabriqu\u00e9s en acier ou en c\u00e9ramique de haute qualit\u00e9, tandis que les joints sont en caoutchouc durable ou en mat\u00e9riaux synth\u00e9tiques.<\/li>\n<li>Fonction\u00a0: Les roulements supportent les arbres et engrenages rotatifs, r\u00e9duisant ainsi la friction et assurant une rotation fluide. Les joints d\u2019\u00e9tanch\u00e9it\u00e9 emp\u00eachent la poussi\u00e8re, l\u2019humidit\u00e9 et les contaminants de p\u00e9n\u00e9trer dans la bo\u00eete de vitesses, pr\u00e9servant ainsi sa propret\u00e9 interne et ses performances.<\/li>\n<li>Avantage : R\u00e9duit l'usure, assure une longue dur\u00e9e de vie et am\u00e9liore l'efficacit\u00e9 de la bo\u00eete de vitesses en minimisant les frottements et en pr\u00e9venant la contamination.<\/li>\n<\/ul>\n<p>La bo\u00eete de vitesses pour presse \u00e0 balles rondes FMP246 b\u00e9n\u00e9ficie d'une conception robuste et pr\u00e9cise, garantissant un fonctionnement efficace, fiable et fluide m\u00eame dans les environnements agricoles les plus exigeants. Ses composants \u2013 carter, arbres d'entr\u00e9e\/sortie, engrenages plan\u00e9taires, roulements et syst\u00e8me de lubrification \u2013 fonctionnent en parfaite harmonie pour assurer une transmission de puissance optimale, un couple maximal et un fonctionnement r\u00e9gulier et sans \u00e0-coups. Gr\u00e2ce \u00e0 cette conception, la FMP246 est id\u00e9ale pour les applications intensives de pressage de balles rondes, offrant durabilit\u00e9, efficacit\u00e9 et facilit\u00e9 d'entretien.<\/p>\n<p><img loading=\"lazy\" decoding=\"async\" class=\"alignnone size-full wp-image-2520\" src=\"https:\/\/fmp-components.com\/wp-content\/uploads\/2025\/01\/Round-Baler-Gearbox-EP246-Component-Structure-scaled.webp\" alt=\"Structure du composant de la bo\u00eete de vitesses de la presse \u00e0 balles rondes FMP246\" width=\"2560\" height=\"2544\" title=\"\" srcset=\"https:\/\/fmp-components.com\/wp-content\/uploads\/2025\/01\/Round-Baler-Gearbox-EP246-Component-Structure-scaled.webp 2560w, https:\/\/fmp-components.com\/wp-content\/uploads\/2025\/01\/Round-Baler-Gearbox-EP246-Component-Structure-1280x1272.webp 1280w, https:\/\/fmp-components.com\/wp-content\/uploads\/2025\/01\/Round-Baler-Gearbox-EP246-Component-Structure-980x974.webp 980w, https:\/\/fmp-components.com\/wp-content\/uploads\/2025\/01\/Round-Baler-Gearbox-EP246-Component-Structure-480x477.webp 480w\" sizes=\"(min-width: 0px) and (max-width: 480px) 480px, (min-width: 481px) and (max-width: 980px) 980px, (min-width: 981px) and (max-width: 1280px) 1280px, (min-width: 1281px) 2560px, 100vw\" \/><\/p>\n<h2>Avantages de la bo\u00eete de vitesses pour presse \u00e0 balles rondes FMP246<\/h2>\n<p>La bo\u00eete de vitesses pour presse \u00e0 balles rondes FMP246 est sp\u00e9cialement con\u00e7ue pour r\u00e9pondre aux exigences des \u00e9quipements de pressage agricole. Gr\u00e2ce \u00e0 sa conception robuste et \u00e0 ses caract\u00e9ristiques innovantes, elle offre plusieurs avantages cl\u00e9s qui contribuent \u00e0 am\u00e9liorer l'efficacit\u00e9, la durabilit\u00e9 et les performances. Voici les principaux avantages de l'utilisation de la bo\u00eete de vitesses pour presse \u00e0 balles rondes FMP246\u00a0:<\/p>\n<p><strong>Couple \u00e9lev\u00e9 et efficacit\u00e9 de transmission de puissance<\/strong><\/p>\n<ul>\n<li>Avantage : La bo\u00eete de vitesses FMP246 est con\u00e7ue pour g\u00e9rer une transmission de couple \u00e9lev\u00e9e avec une perte de puissance minimale, garantissant ainsi un fonctionnement efficace de la presse \u00e0 balles rondes, m\u00eame dans des conditions de charge lourde.<\/li>\n<li>Impact : Ceci permet un pressage efficace des mat\u00e9riaux denses, augmentant la productivit\u00e9 et r\u00e9duisant la consommation de carburant gr\u00e2ce \u00e0 une optimisation du transfert de puissance du tracteur.<\/li>\n<\/ul>\n<p><strong>Durabilit\u00e9 et long\u00e9vit\u00e9<\/strong><\/p>\n<ul>\n<li>Avantage : Fabriqu\u00e9e \u00e0 partir de mat\u00e9riaux \u00e0 haute r\u00e9sistance tels que l'acier tremp\u00e9 et la fonte, la bo\u00eete de vitesses FMP246 est con\u00e7ue pour r\u00e9sister aux rigueurs d'un fonctionnement continu dans des conditions de terrain difficiles.<\/li>\n<li>Impact : Sa conception robuste garantit sa long\u00e9vit\u00e9, r\u00e9duisant ainsi le besoin de r\u00e9parations ou de remplacements fr\u00e9quents et contribuant \u00e0 la r\u00e9duction des co\u00fbts de maintenance.<\/li>\n<\/ul>\n<p><strong>Transfert de puissance fluide et vibrations r\u00e9duites<\/strong><\/p>\n<ul>\n<li>Avantage : Le FMP246 int\u00e8gre des syst\u00e8mes d'engrenages plan\u00e9taires avanc\u00e9s qui r\u00e9duisent les vibrations et assurent un transfert de puissance fluide et constant.<\/li>\n<li>Impact : Il en r\u00e9sulte un fonctionnement plus silencieux et un processus de pressage plus fluide, minimisant l'usure de la bo\u00eete de vitesses et des machines connect\u00e9es, ce qui prolonge leur dur\u00e9e de vie.<\/li>\n<\/ul>\n<p><strong>Int\u00e9gration facile avec diff\u00e9rents mod\u00e8les de presses \u00e0 balles<\/strong><\/p>\n<ul>\n<li>Avantage : La bo\u00eete de vitesses FMP246 est con\u00e7ue dans un souci de polyvalence, avec des options de montage standardis\u00e9es et une compatibilit\u00e9 avec une large gamme de presses \u00e0 balles rondes.<\/li>\n<li>Impact : Cette flexibilit\u00e9 permet une int\u00e9gration facile avec l'\u00e9quipement existant, ce qui en fait un choix rentable pour les agriculteurs souhaitant remplacer ou moderniser leurs presses \u00e0 balles.<\/li>\n<\/ul>\n<p><strong>Faibles besoins d'entretien<\/strong><\/p>\n<ul>\n<li>Avantage\u00a0: Gr\u00e2ce \u00e0 ses roulements, joints et syst\u00e8me de lubrification de haute qualit\u00e9, la bo\u00eete de vitesses FMP246 n\u00e9cessite un entretien minimal. Des contr\u00f4les r\u00e9guliers et des vidanges d\u2019huile suffisent g\u00e9n\u00e9ralement \u00e0 assurer son bon fonctionnement.<\/li>\n<li>Impact : Cela r\u00e9duit les temps d'arr\u00eat et les co\u00fbts de maintenance, ce qui en fait la solution id\u00e9ale pour les agriculteurs qui ont besoin d'un \u00e9quipement fiable et n\u00e9cessitant peu d'entretien pour leurs op\u00e9rations quotidiennes.<\/li>\n<\/ul>\n<p>La bo\u00eete de vitesses pour presse \u00e0 balles rondes FMP246 offre de nombreux avantages qui en font un atout pr\u00e9cieux pour les machines agricoles. Sa robustesse, son efficacit\u00e9 et son fonctionnement fluide garantissent aux agriculteurs des performances constantes pour toutes leurs op\u00e9rations de pressage. Que vous recherchiez une r\u00e9duction des temps d'arr\u00eat, une meilleure transmission de puissance ou une dur\u00e9e de vie accrue de votre \u00e9quipement, la bo\u00eete de vitesses FMP246 est con\u00e7ue pour r\u00e9pondre aux exigences \u00e9lev\u00e9es de l'agriculture moderne.<\/p>\n<p><img loading=\"lazy\" decoding=\"async\" class=\"alignnone size-full wp-image-2505\" src=\"https:\/\/fmp-components.com\/wp-content\/uploads\/2025\/01\/Round-Baler-Gearbox-191-scaled.webp\" alt=\"Bo\u00eete de vitesses pour presse \u00e0 balles rondes - 19(1)\" width=\"2560\" height=\"1920\" title=\"\" srcset=\"https:\/\/fmp-components.com\/wp-content\/uploads\/2025\/01\/Round-Baler-Gearbox-191-scaled.webp 2560w, https:\/\/fmp-components.com\/wp-content\/uploads\/2025\/01\/Round-Baler-Gearbox-191-1280x960.webp 1280w, https:\/\/fmp-components.com\/wp-content\/uploads\/2025\/01\/Round-Baler-Gearbox-191-980x735.webp 980w, https:\/\/fmp-components.com\/wp-content\/uploads\/2025\/01\/Round-Baler-Gearbox-191-480x360.webp 480w\" sizes=\"(min-width: 0px) and (max-width: 480px) 480px, (min-width: 481px) and (max-width: 980px) 980px, (min-width: 981px) and (max-width: 1280px) 1280px, (min-width: 1281px) 2560px, 100vw\" \/><\/p>\n<h3>\u00c0 propos de FMP<\/h3>\n<p>Bas\u00e9 en Italie, FMP est un fabricant leader reconnu pour son expertise dans la conception, le d\u00e9veloppement et la production de bo\u00eetes de vitesses hautes performances, plus particuli\u00e8rement pour le secteur des machines agricoles. Forte de sa r\u00e9putation d&#039;ing\u00e9nierie de pr\u00e9cision, de solutions innovantes et d&#039;une fiabilit\u00e9 \u00e0 toute \u00e9preuve, FMP est devenue un partenaire de confiance pour r\u00e9pondre aux besoins \u00e9volutifs des secteurs agricole et industriel. Notre gamme diversifi\u00e9e comprend des bo\u00eetes de vitesses sp\u00e9cialis\u00e9es pour tondeuses \u00e0 gazon, des arbres de prise de force et d&#039;autres composants essentiels, tous con\u00e7us avec soin pour offrir des solutions sur mesure pour un large \u00e9ventail d&#039;applications.<\/p>\n<p>Chez FMP, nous comprenons que chaque client a des exigences et des d\u00e9fis uniques. C&#039;est pourquoi nous nous sp\u00e9cialisons dans la proposition de solutions sur mesure, qu&#039;il s&#039;agisse de composants individuels ou de syst\u00e8mes enti\u00e8rement int\u00e9gr\u00e9s. Nous travaillons en \u00e9troite collaboration avec nos clients pour garantir que chaque solution soit non seulement efficace, mais aussi efficiente, optimisant ainsi la performance et la valeur. Notre engagement \u00e0 fournir des r\u00e9ponses rapides et professionnelles, associ\u00e9 \u00e0 des conseils d&#039;experts, garantit que chaque demande est trait\u00e9e avec le plus grand soin et la plus grande pr\u00e9cision, pour des r\u00e9sultats optimaux.<\/p>\n<p>Nous privil\u00e9gions une communication ouverte et continue tout au long du processus de d\u00e9veloppement produit. Notre \u00e9quipe d\u00e9di\u00e9e travaille en \u00e9troite collaboration avec nos clients afin de comprendre parfaitement leurs besoins sp\u00e9cifiques et de leur fournir des conseils et des recommandations pr\u00e9cieux pour garantir des solutions optimales. Qu&#039;il s&#039;agisse de concevoir des produits innovants ou d&#039;ex\u00e9cuter des commandes en cours, FMP s&#039;engage \u00e0 fournir des solutions de haute qualit\u00e9, con\u00e7ues avec pr\u00e9cision et dans les d\u00e9lais impartis. Notre objectif est d&#039;offrir \u00e0 nos clients le meilleur service et les meilleurs r\u00e9sultats, d\u00e9passant leurs attentes \u00e0 chaque projet.<\/p>\n<p>La qualit\u00e9 est la pierre angulaire des activit\u00e9s de FMP. Nous adh\u00e9rons aux normes de fabrication les plus strictes et mettons en \u0153uvre des contr\u00f4les qualit\u00e9 rigoureux pour garantir que chaque produit respecte et d\u00e9passe les normes de l&#039;industrie. Cet engagement ind\u00e9fectible envers la qualit\u00e9, combin\u00e9 \u00e0 nos valeurs fondamentales d&#039;int\u00e9grit\u00e9, d&#039;esprit d&#039;\u00e9quipe et de pers\u00e9v\u00e9rance, nous a permis de b\u00e2tir des relations de confiance durables avec des clients r\u00e9partis dans pr\u00e8s de 30 pays \u00e0 travers le monde.<\/p>\n<p>FMP est toujours ouvert aux partenariats internationaux et s&#039;engage \u00e0 offrir des conseils d&#039;experts et des solutions personnalis\u00e9es r\u00e9pondant aux besoins vari\u00e9s de ses clients. Au-del\u00e0 de la simple fourniture de produits, nous souhaitons b\u00e2tir des relations durables qui contribuent \u00e0 la r\u00e9ussite de chaque projet. Que vous ayez besoin de solutions innovantes pour une nouvelle initiative ou d&#039;un support continu pour un syst\u00e8me existant, FMP est l\u00e0 pour relever vos d\u00e9fis techniques et assurer votre r\u00e9ussite durable.<\/p>\n<p><img loading=\"lazy\" decoding=\"async\" class=\"alignnone size-full wp-image-1861\" src=\"https:\/\/fmp-components.com\/wp-content\/uploads\/2024\/12\/Other-Agricultural-Gearboxes.webp\" sizes=\"(min-width: 0px) and (max-width: 480px) 480px, (min-width: 481px) and (max-width: 980px) 980px, (min-width: 981px) 1200px, 100vw\" srcset=\"https:\/\/fmp-components.com\/wp-content\/uploads\/2024\/12\/Other-Agricultural-Gearboxes.webp 1200w, https:\/\/fmp-components.com\/wp-content\/uploads\/2024\/12\/Other-Agricultural-Gearboxes-980x1143.webp 980w, https:\/\/fmp-components.com\/wp-content\/uploads\/2024\/12\/Other-Agricultural-Gearboxes-480x560.webp 480w\" alt=\"Autres changements agricoles\" width=\"1200\" height=\"1400\" title=\"\"><\/p>\n<p>Auteur : CX<\/p>","protected":false},"excerpt":{"rendered":"<p>Round Baler Gearbox EP246 Double Output Dimensions Round Baler Gearbox FMP246 Single Output Dimensions Round Baler Gearbox FMP246 Technical Data i Suitable Rpm input Rpm output KW(Nom) Output torque Toothing r\/min r\/min hp N.m Decelerate 1.92:1 Round baler, harvester, etc 540 282 100 2000 Gleason Helical Teeth Remark: If you have any special require feel [&hellip;]<\/p>","protected":false},"featured_media":2521,"comment_status":"open","ping_status":"closed","template":"","meta":{"_et_pb_use_builder":"","_et_pb_old_content":"","_et_gb_content_width":""},"product_brand":[],"product_cat":[59],"product_tag":[],"class_list":{"0":"post-2515","1":"product","2":"type-product","3":"status-publish","4":"has-post-thumbnail","6":"product_cat-round-baler-gearbox","8":"first","9":"instock","10":"shipping-taxable","11":"product-type-simple"},"_links":{"self":[{"href":"https:\/\/fmp-components.com\/fr\/wp-json\/wp\/v2\/product\/2515","targetHints":{"allow":["GET"]}}],"collection":[{"href":"https:\/\/fmp-components.com\/fr\/wp-json\/wp\/v2\/product"}],"about":[{"href":"https:\/\/fmp-components.com\/fr\/wp-json\/wp\/v2\/types\/product"}],"replies":[{"embeddable":true,"href":"https:\/\/fmp-components.com\/fr\/wp-json\/wp\/v2\/comments?post=2515"}],"wp:featuredmedia":[{"embeddable":true,"href":"https:\/\/fmp-components.com\/fr\/wp-json\/wp\/v2\/media\/2521"}],"wp:attachment":[{"href":"https:\/\/fmp-components.com\/fr\/wp-json\/wp\/v2\/media?parent=2515"}],"wp:term":[{"taxonomy":"product_brand","embeddable":true,"href":"https:\/\/fmp-components.com\/fr\/wp-json\/wp\/v2\/product_brand?post=2515"},{"taxonomy":"product_cat","embeddable":true,"href":"https:\/\/fmp-components.com\/fr\/wp-json\/wp\/v2\/product_cat?post=2515"},{"taxonomy":"product_tag","embeddable":true,"href":"https:\/\/fmp-components.com\/fr\/wp-json\/wp\/v2\/product_tag?post=2515"}],"curies":[{"name":"wp","href":"https:\/\/api.w.org\/{rel}","templated":true}]}}