{"id":2476,"date":"2025-01-01T08:57:07","date_gmt":"2025-01-01T08:57:07","guid":{"rendered":"https:\/\/fmp-components.com\/?page_id=8"},"modified":"2025-01-02T01:23:56","modified_gmt":"2025-01-02T01:23:56","slug":"round-baler-gearbox-replacement-of-comer-code-t-292e","status":"publish","type":"product","link":"https:\/\/fmp-components.com\/fr\/product\/round-baler-gearbox-replacement-of-comer-code-t-292e\/","title":{"rendered":"Bo\u00eete de vitesses pour presse \u00e0 balles rondes \u2013 Remplacement du mod\u00e8le Comer Code T-292E"},"content":{"rendered":"<p><img loading=\"lazy\" decoding=\"async\" class=\"size-full wp-image-2477 aligncenter\" src=\"https:\/\/fmp-components.com\/wp-content\/uploads\/2025\/01\/round-baler-gearbox-t292e-11.webp\" alt=\"bo\u00eete de vitesses de presse \u00e0 balles rondes t292e-1(1)\" width=\"372\" height=\"300\" title=\"\" srcset=\"https:\/\/fmp-components.com\/wp-content\/uploads\/2025\/01\/round-baler-gearbox-t292e-11.webp 372w, https:\/\/fmp-components.com\/wp-content\/uploads\/2025\/01\/round-baler-gearbox-t292e-11-300x242.webp 300w, https:\/\/fmp-components.com\/wp-content\/uploads\/2025\/01\/round-baler-gearbox-t292e-11-15x12.webp 15w\" sizes=\"(max-width: 372px) 100vw, 372px\" \/><\/p>\n<h2>Sp\u00e9cifications de la bo\u00eete de vitesses pour presse \u00e0 balles rondes T292E<\/h2>\n<p><img loading=\"lazy\" decoding=\"async\" class=\"alignnone wp-image-2478\" src=\"https:\/\/fmp-components.com\/wp-content\/uploads\/2025\/01\/china-round-baler-gearbox-details-T292E.webp\" alt=\"D\u00e9tails de la bo\u00eete de vitesses de la presse \u00e0 balles rondes chinoise T292E\" width=\"911\" height=\"811\" title=\"\" srcset=\"https:\/\/fmp-components.com\/wp-content\/uploads\/2025\/01\/china-round-baler-gearbox-details-T292E.webp 911w, https:\/\/fmp-components.com\/wp-content\/uploads\/2025\/01\/china-round-baler-gearbox-details-T292E-480x427.webp 480w\" sizes=\"(min-width: 0px) and (max-width: 480px) 480px, (min-width: 481px) 911px, 100vw\" \/><\/p>\n<table style=\"width: 98.5091%; height: 503px;\" border=\"1\">\n<tbody>\n<tr>\n<td><strong>je<\/strong><\/td>\n<td>1.86<\/td>\n<\/tr>\n<tr>\n<td><strong>N<sub>1<\/sub>[tr\/min]<\/strong><\/td>\n<td>540<\/td>\n<\/tr>\n<tr>\n<td><strong>P<sub>1<\/sub>[kW]<\/strong><\/td>\n<td>47.7<\/td>\n<\/tr>\n<tr>\n<td><strong>M<sub>2<\/sub>[Nm]<\/strong><\/td>\n<td>&#8211;<\/td>\n<\/tr>\n<tr>\n<td><strong>Arbre X<br \/>\n<img loading=\"lazy\" decoding=\"async\" class=\"size-full wp-image-2473 aligncenter\" src=\"https:\/\/fmp-components.com\/wp-content\/uploads\/2025\/01\/shaft-x.webp\" alt=\"arbre-x\" width=\"81\" height=\"78\" title=\"\" srcset=\"https:\/\/fmp-components.com\/wp-content\/uploads\/2025\/01\/shaft-x.webp 81w, https:\/\/fmp-components.com\/wp-content\/uploads\/2025\/01\/shaft-x-12x12.webp 12w\" sizes=\"(max-width: 81px) 100vw, 81px\" \/><br \/>\n<\/strong><\/td>\n<td>\u00a01\u201d 3\/8 Z6<\/td>\n<\/tr>\n<tr>\n<td><strong>Arbre Y<img loading=\"lazy\" decoding=\"async\" class=\"size-full wp-image-2473 aligncenter\" src=\"https:\/\/fmp-components.com\/wp-content\/uploads\/2025\/01\/shaft-x.webp\" alt=\"arbre-x\" width=\"81\" height=\"78\" title=\"\" srcset=\"https:\/\/fmp-components.com\/wp-content\/uploads\/2025\/01\/shaft-x.webp 81w, https:\/\/fmp-components.com\/wp-content\/uploads\/2025\/01\/shaft-x-12x12.webp 12w\" sizes=\"(max-width: 81px) 100vw, 81px\" \/><\/strong><\/td>\n<td>1\u201d 3\/8 Z6<\/td>\n<\/tr>\n<tr>\n<td><strong>Arbre Z<img loading=\"lazy\" decoding=\"async\" class=\"size-full wp-image-2480 aligncenter\" src=\"https:\/\/fmp-components.com\/wp-content\/uploads\/2025\/01\/shaft1.webp\" alt=\"arbre\" width=\"83\" height=\"83\" title=\"\" srcset=\"https:\/\/fmp-components.com\/wp-content\/uploads\/2025\/01\/shaft1.webp 83w, https:\/\/fmp-components.com\/wp-content\/uploads\/2025\/01\/shaft1-12x12.webp 12w\" sizes=\"(max-width: 83px) 100vw, 83px\" \/><\/strong><\/td>\n<td>L200 \u03a655<\/td>\n<\/tr>\n<tr>\n<td><strong>Saisir<\/strong><\/td>\n<td>X<\/td>\n<\/tr>\n<\/tbody>\n<\/table>\n<h2>Caract\u00e9ristiques de la bo\u00eete de vitesses de la presse \u00e0 balles rondes<\/h2>\n<p>La bo\u00eete de vitesses d'une presse \u00e0 balles rondes est un composant essentiel des machines agricoles de pressage, garantissant leur bon fonctionnement. Voici les principales caract\u00e9ristiques d'une bo\u00eete de vitesses typique pour presse \u00e0 balles rondes, con\u00e7ue pour optimiser les performances, la durabilit\u00e9 et la fiabilit\u00e9\u00a0:<\/p>\n<p><strong>Capacit\u00e9 de couple \u00e9lev\u00e9e<\/strong><\/p>\n<p>Les bo\u00eetes de vitesses des presses \u00e0 balles rondes sont con\u00e7ues pour fournir un couple \u00e9lev\u00e9, permettant ainsi \u00e0 la presse de traiter efficacement de grands volumes de r\u00e9coltes, comme le foin, la paille et l'ensilage. Ce couple \u00e9lev\u00e9 garantit un fonctionnement fluide de la presse, m\u00eame sous forte charge.<\/p>\n<ul>\n<li>Avantage : Fournit une alimentation \u00e9lectrique constante et fiable pour les cultures denses et \u00e0 forte humidit\u00e9, r\u00e9duisant ainsi le risque de surcharge.<\/li>\n<\/ul>\n<p><strong>Construction robuste<\/strong><\/p>\n<p>Les bo\u00eetes de vitesses des presses \u00e0 balles rondes sont fabriqu\u00e9es \u00e0 partir de mat\u00e9riaux haute r\u00e9sistance capables de supporter les conditions difficiles des op\u00e9rations agricoles. Leur carter et leurs engrenages robustes garantissent une performance durable, m\u00eame dans des environnements exigeants tels que les intemp\u00e9ries, l'humidit\u00e9 et les situations de haute pression.<\/p>\n<ul>\n<li>Avantage : Optimise la durabilit\u00e9 et minimise les risques de pannes, r\u00e9duisant ainsi les temps d'arr\u00eat et les co\u00fbts de maintenance.<\/li>\n<\/ul>\n<p><strong>Rapport de transmission pr\u00e9cis (par exemple, 1:3 ou 1:4)<\/strong><\/p>\n<p>Le rapport de transmission d'une bo\u00eete de vitesses de presse \u00e0 balles rondes est optimis\u00e9 pour \u00e9quilibrer couple et vitesse. Les rapports courants, tels que 1:3 ou 1:4, fournissent la puissance n\u00e9cessaire pour former des balles compactes et uniformes sans surcharger le syst\u00e8me. Un rapport de transmission appropri\u00e9 permet \u00e0 la presse de fonctionner efficacement avec diff\u00e9rents types de r\u00e9coltes.<\/p>\n<ul>\n<li>Avantage : Assure un fonctionnement fluide et une formation de balles homog\u00e8ne, quels que soient les mat\u00e9riaux et les conditions sur le terrain.<\/li>\n<\/ul>\n<p><strong>Fonctionnement fluide avec de faibles vibrations<\/strong><\/p>\n<p>Les r\u00e9ducteurs des presses \u00e0 balles rondes sont con\u00e7us pour un fonctionnement fluide, gr\u00e2ce \u00e0 des conceptions avanc\u00e9es qui minimisent les vibrations et les contraintes m\u00e9caniques. Il en r\u00e9sulte un fonctionnement plus silencieux et une usure r\u00e9duite du r\u00e9ducteur et des autres pi\u00e8ces qui y sont reli\u00e9es.<\/p>\n<ul>\n<li>Avantage : Am\u00e9liore la dur\u00e9e de vie de la bo\u00eete de vitesses et des composants associ\u00e9s, tout en assurant un processus de pressage plus silencieux et plus efficace.<\/li>\n<\/ul>\n<p><strong>Conception facilitant l'entretien<\/strong><\/p>\n<p>La bo\u00eete de vitesses est con\u00e7ue pour faciliter la maintenance, gr\u00e2ce \u00e0 des points d'acc\u00e8s pour la lubrification, l'inspection et l'entretien. Les op\u00e9rations de maintenance r\u00e9guli\u00e8res sont simplifi\u00e9es, permettant ainsi aux op\u00e9rateurs de maintenir la bo\u00eete de vitesses en parfait \u00e9tat de fonctionnement sans interruption excessive.<\/p>\n<ul>\n<li>Avantage : R\u00e9duit la complexit\u00e9 et le temps n\u00e9cessaires \u00e0 la maintenance, augmentant ainsi la disponibilit\u00e9 op\u00e9rationnelle.<\/li>\n<\/ul>\n<p>La bo\u00eete de vitesses de la presse \u00e0 balles rondes est un composant essentiel \u00e0 son bon fonctionnement. Sa capacit\u00e9 de couple \u00e9lev\u00e9e, sa construction robuste, ses rapports de transmission pr\u00e9cis et sa conception facilitant l'entretien garantissent des performances optimales, une grande fiabilit\u00e9 et une longue dur\u00e9e de vie pour les op\u00e9rations agricoles. Que ce soit pour le pressage de foin, de paille ou d'ensilage, la bo\u00eete de vitesses de la presse \u00e0 balles rondes assure un fonctionnement fluide, efficace et \u00e9conomique, ce qui en fait un investissement judicieux pour les agriculteurs et les entrepreneurs.<\/p>\n<p><img loading=\"lazy\" decoding=\"async\" class=\"size-full wp-image-2479 aligncenter\" src=\"https:\/\/fmp-components.com\/wp-content\/uploads\/2025\/01\/round-baler-gearbox-T292E-e1.webp\" alt=\"bo\u00eete de vitesses pour presse \u00e0 balles rondes T292E-e(1)\" width=\"500\" height=\"500\" title=\"\" srcset=\"https:\/\/fmp-components.com\/wp-content\/uploads\/2025\/01\/round-baler-gearbox-T292E-e1.webp 500w, https:\/\/fmp-components.com\/wp-content\/uploads\/2025\/01\/round-baler-gearbox-T292E-e1-480x480.webp 480w\" sizes=\"(min-width: 0px) and (max-width: 480px) 480px, (min-width: 481px) 500px, 100vw\" \/><\/p>\n<h3>\u00c0 propos de FMP<\/h3>\n<p>Bas\u00e9e en Italie, FMP est un leader reconnu dans la conception, le d\u00e9veloppement et la fabrication de r\u00e9ducteurs haute performance, notamment pour les machines agricoles. R\u00e9put\u00e9e pour son ing\u00e9nierie de pr\u00e9cision, ses solutions innovantes et sa fiabilit\u00e9 \u00e0 toute \u00e9preuve, FMP a su gagner la confiance des secteurs agricole et industriel. Notre gamme compl\u00e8te de produits comprend des r\u00e9ducteurs sp\u00e9cialis\u00e9s pour tondeuses \u00e0 gazon, des arbres de prise de force et d'autres composants essentiels, con\u00e7us pour offrir des solutions sur mesure adapt\u00e9es \u00e0 une large gamme d'applications.<\/p>\n<p>Chez FMP, nous savons que chaque client a des d\u00e9fis et des exigences uniques. C'est pourquoi nous nous sp\u00e9cialisons dans la fourniture de solutions sur mesure, qu'il s'agisse de composants individuels ou de syst\u00e8mes int\u00e9gr\u00e9s complets. Nous collaborons \u00e9troitement avec nos clients pour garantir que chaque solution soit non seulement efficace, mais aussi performante, optimisant ainsi la valeur et les r\u00e9sultats. Notre engagement \u00e0 r\u00e9pondre rapidement et professionnellement, et \u00e0 fournir des conseils d'experts, assure un traitement pr\u00e9cis de chaque demande, pour des r\u00e9sultats optimaux.<\/p>\n<p>Nous accordons une grande importance \u00e0 une communication ouverte et continue tout au long du processus de d\u00e9veloppement produit. Notre \u00e9quipe d\u00e9di\u00e9e travaille directement avec les clients afin de bien comprendre leurs besoins sp\u00e9cifiques, en leur proposant des recommandations pertinentes et des solutions pratiques. Qu'il s'agisse de d\u00e9velopper de nouveaux produits innovants ou d'honorer les commandes en cours, FMP s'engage \u00e0 fournir des solutions de haute qualit\u00e9 et d'une grande pr\u00e9cision, de mani\u00e8re constante et dans les d\u00e9lais impartis. Notre objectif est de d\u00e9passer les attentes de nos clients en leur offrant un service in\u00e9gal\u00e9 et des r\u00e9sultats exceptionnels pour chaque projet.<\/p>\n<p>Au c\u0153ur des activit\u00e9s de FMP se trouve un engagement ind\u00e9fectible envers la qualit\u00e9. Nous respectons les normes de fabrication les plus exigeantes et appliquons des protocoles de contr\u00f4le qualit\u00e9 rigoureux afin de garantir que chaque produit r\u00e9ponde, voire surpasse, les attentes du secteur. Cet engagement envers la qualit\u00e9, conjugu\u00e9 \u00e0 nos valeurs fondamentales d'int\u00e9grit\u00e9, de collaboration et de r\u00e9silience, nous a permis d'\u00e9tablir des relations durables avec des clients dans plus de 30 pays \u00e0 travers le monde.<\/p>\n<p>FMP s'engage \u00e0 b\u00e2tir des partenariats internationaux et \u00e0 offrir des conseils d'experts et des solutions personnalis\u00e9es r\u00e9pondant aux besoins vari\u00e9s de ses clients. Nous ne nous contentons pas de fournir des produits\u00a0: nous cultivons des relations durables qui contribuent au succ\u00e8s de chaque projet. Que vous recherchiez des solutions innovantes pour une nouvelle entreprise ou un soutien continu pour un syst\u00e8me existant, FMP est l\u00e0 pour relever vos d\u00e9fis techniques et assurer votre croissance.<\/p>\n<p><img loading=\"lazy\" decoding=\"async\" class=\"alignnone size-full wp-image-1861\" src=\"https:\/\/fmp-components.com\/wp-content\/uploads\/2024\/12\/Other-Agricultural-Gearboxes.webp\" sizes=\"(min-width: 0px) and (max-width: 480px) 480px, (min-width: 481px) and (max-width: 980px) 980px, (min-width: 981px) 1200px, 100vw\" srcset=\"https:\/\/fmp-components.com\/wp-content\/uploads\/2024\/12\/Other-Agricultural-Gearboxes.webp 1200w, https:\/\/fmp-components.com\/wp-content\/uploads\/2024\/12\/Other-Agricultural-Gearboxes-980x1143.webp 980w, https:\/\/fmp-components.com\/wp-content\/uploads\/2024\/12\/Other-Agricultural-Gearboxes-480x560.webp 480w\" alt=\"Autres changements agricoles\" width=\"1200\" height=\"1400\" title=\"\"><\/p>\n<p>Auteur : CX<\/p>","protected":false},"excerpt":{"rendered":"<p>Round Baler Gearbox T292E\u00a0Specification i 1.86 N1[rpm] 540 P1[kW] 47.7 M2[Nm] &#8211; Shaft X \u00a01&#8221; 3\/8 Z6 Shaft Y 1&#8221; 3\/8 Z6 Shaft Z L200 \u03a655 Input X Round Baler Gearbox Features The Round Baler Gearbox is a critical component in agricultural baling machinery, ensuring the effective operation of round balers. Below are the key [&hellip;]<\/p>","protected":false},"featured_media":2479,"comment_status":"open","ping_status":"closed","template":"","meta":{"_et_pb_use_builder":"","_et_pb_old_content":"","_et_gb_content_width":""},"product_brand":[],"product_cat":[59],"product_tag":[],"class_list":{"0":"post-2476","1":"product","2":"type-product","3":"status-publish","4":"has-post-thumbnail","6":"product_cat-round-baler-gearbox","8":"first","9":"instock","10":"shipping-taxable","11":"product-type-simple"},"_links":{"self":[{"href":"https:\/\/fmp-components.com\/fr\/wp-json\/wp\/v2\/product\/2476","targetHints":{"allow":["GET"]}}],"collection":[{"href":"https:\/\/fmp-components.com\/fr\/wp-json\/wp\/v2\/product"}],"about":[{"href":"https:\/\/fmp-components.com\/fr\/wp-json\/wp\/v2\/types\/product"}],"replies":[{"embeddable":true,"href":"https:\/\/fmp-components.com\/fr\/wp-json\/wp\/v2\/comments?post=2476"}],"wp:featuredmedia":[{"embeddable":true,"href":"https:\/\/fmp-components.com\/fr\/wp-json\/wp\/v2\/media\/2479"}],"wp:attachment":[{"href":"https:\/\/fmp-components.com\/fr\/wp-json\/wp\/v2\/media?parent=2476"}],"wp:term":[{"taxonomy":"product_brand","embeddable":true,"href":"https:\/\/fmp-components.com\/fr\/wp-json\/wp\/v2\/product_brand?post=2476"},{"taxonomy":"product_cat","embeddable":true,"href":"https:\/\/fmp-components.com\/fr\/wp-json\/wp\/v2\/product_cat?post=2476"},{"taxonomy":"product_tag","embeddable":true,"href":"https:\/\/fmp-components.com\/fr\/wp-json\/wp\/v2\/product_tag?post=2476"}],"curies":[{"name":"wp","href":"https:\/\/api.w.org\/{rel}","templated":true}]}}