{"id":2218,"date":"2024-12-31T01:15:47","date_gmt":"2024-12-31T01:15:47","guid":{"rendered":"https:\/\/fmp-components.com\/?page_id=8"},"modified":"2024-12-31T01:49:51","modified_gmt":"2024-12-31T01:49:51","slug":"rotary-cutter-gearboxes-replacement-of-omni-code-rc-27-gearbox","status":"publish","type":"product","link":"https:\/\/fmp-components.com\/fr\/product\/rotary-cutter-gearboxes-replacement-of-omni-code-rc-27-gearbox\/","title":{"rendered":"Bo\u00eetes de vitesses pour fraises rotatives \u2013 Remplacement de la bo\u00eete de vitesses Omni Code RC-27"},"content":{"rendered":"<p style=\"text-align: center;\"><span style=\"font-size: 18pt;\">Bo\u00eete de vitesses pour coupeur rotatif \u2013 Remplacement de la bo\u00eete de vitesses Omni Code RC-27<\/span><\/p>\n<p>Le r\u00e9ducteur RC-27 pour broyeur rotatif est un r\u00e9ducteur haute performance con\u00e7u pour assurer une transmission de puissance fiable et efficace aux broyeurs rotatifs utilis\u00e9s en agriculture et pour l'entretien des espaces verts. Ce r\u00e9ducteur de remplacement est la solution id\u00e9ale pour remplacer le r\u00e9ducteur Omni Code RC-27 et garantir ainsi le fonctionnement optimal de votre broyeur rotatif.<\/p>\n<p><img loading=\"lazy\" decoding=\"async\" class=\"size-full wp-image-2221 aligncenter\" src=\"https:\/\/fmp-components.com\/wp-content\/uploads\/2024\/12\/Rotary-Cutter-Gearboxes-Replacement-of-Omni-Code-RC-27-Gearbox.webp\" alt=\"Bo\u00eetes de vitesses pour fraises rotatives - Remplacement de la bo\u00eete de vitesses OmniCode RC-27\" width=\"500\" height=\"500\" title=\"\" srcset=\"https:\/\/fmp-components.com\/wp-content\/uploads\/2024\/12\/Rotary-Cutter-Gearboxes-Replacement-of-Omni-Code-RC-27-Gearbox.webp 500w, https:\/\/fmp-components.com\/wp-content\/uploads\/2024\/12\/Rotary-Cutter-Gearboxes-Replacement-of-Omni-Code-RC-27-Gearbox-480x480.webp 480w\" sizes=\"(min-width: 0px) and (max-width: 480px) 480px, (min-width: 481px) 500px, 100vw\" \/><\/p>\n<h3>Caract\u00e9ristiques principales :<\/h3>\n<ul>\n<li>Capacit\u00e9 de couple \u00e9lev\u00e9e : Con\u00e7ue pour g\u00e9rer les t\u00e2ches de coupe exigeantes, la bo\u00eete de vitesses RC-27 fournit le couple n\u00e9cessaire pour venir \u00e0 bout des broussailles \u00e9paisses, des herbes hautes et autres v\u00e9g\u00e9taux r\u00e9sistants.<\/li>\n<li>Durabilit\u00e9 : Fabriqu\u00e9e avec des mat\u00e9riaux robustes et \u00e0 haute r\u00e9sistance, la bo\u00eete de vitesses RC-27 offre des performances durables m\u00eame dans des conditions de travail difficiles, minimisant ainsi les temps d'arr\u00eat.<\/li>\n<li>Transmission de puissance pr\u00e9cise\u00a0: La bo\u00eete de vitesses est con\u00e7ue pour un transfert de puissance fluide et efficace du tracteur aux lames de la fraise rotative, garantissant une vitesse de lame et une efficacit\u00e9 de coupe constantes.<\/li>\n<li>Polyvalence : Compatible avec une large gamme de mod\u00e8les de coupeurs rotatifs, le r\u00e9ducteur RC-27 est un remplacement id\u00e9al pour l'Omni Code RC-27, offrant une int\u00e9gration parfaite \u00e0 votre \u00e9quipement existant.<\/li>\n<li>Maintenance facile : Gr\u00e2ce \u00e0 sa conception simple et \u00e0 ses composants faciles d'acc\u00e8s, la bo\u00eete de vitesses RC-27 simplifie la maintenance courante, garantissant moins de temps d'arr\u00eat et un fonctionnement plus efficace.<\/li>\n<\/ul>\n<p>Am\u00e9liorez votre broyeur rotatif avec le r\u00e9ducteur RC-27 pour des performances fiables et efficaces dans les t\u00e2ches agricoles et d'am\u00e9nagement du territoire difficiles.<\/p>\n<h2>Sp\u00e9cifications de la bo\u00eete de vitesses de la fraiseuse rotative RC27<\/h2>\n<table style=\"width: 98.8984%; height: 384px;\" border=\"1\" cellspacing=\"0\" cellpadding=\"0\">\n<tbody>\n<tr>\n<td style=\"width: 31.0383%;\">Mod\u00e8le:<\/td>\n<td style=\"width: 68.8525%;\">Bo\u00eete de vitesses pour coupeur rotatif FMP-RC27<\/td>\n<\/tr>\n<tr>\n<td style=\"width: 31.0383%;\">Pouvoir:<\/td>\n<td style=\"width: 68.8525%;\">23 \u00e0 53 ch<br \/>\n17 \u2013 40 kW<\/td>\n<\/tr>\n<tr>\n<td style=\"width: 31.0383%;\">Couple<\/td>\n<td style=\"width: 68.8525%;\">2 683 \u2013 6 183 lb-po<br \/>\n(303 \u2013 698 Nm.)<\/td>\n<\/tr>\n<tr>\n<td style=\"width: 31.0383%;\">Ratios<\/td>\n<td style=\"width: 68.8525%;\">1:2.5, 1:2.83<\/td>\n<\/tr>\n<tr>\n<td style=\"width: 31.0383%;\">Type d'engrenage<\/td>\n<td style=\"width: 68.8525%;\">Biseau<\/td>\n<\/tr>\n<tr>\n<td style=\"width: 31.0383%;\">Type de joint<\/td>\n<td style=\"width: 68.8525%;\">Ressort \u00e0 double l\u00e8vre<\/td>\n<\/tr>\n<tr>\n<td style=\"width: 31.0383%;\">Capacit\u00e9 d'huile<\/td>\n<td style=\"width: 68.8525%;\">20 oz.<br \/>\n(0,59 L)<\/td>\n<\/tr>\n<tr>\n<td style=\"width: 31.0383%;\">Poids<\/td>\n<td style=\"width: 68.8525%;\">47 livres<br \/>\n(21,3 kg)<\/td>\n<\/tr>\n<tr>\n<td style=\"width: 31.0383%;\">\u00a0Applications :<\/td>\n<td style=\"width: 68.8525%;\">Tondeuses de finition<br \/>\nCutters rotatifs<br \/>\nD\u00e9broussailleuses rotatives<\/td>\n<\/tr>\n<\/tbody>\n<\/table>\n<h2>Caract\u00e9ristiques de la bo\u00eete de vitesses du coupeur rotatif RC27<\/h2>\n<p>Le r\u00e9ducteur pour broyeur rotatif RC27 est con\u00e7u pour assurer une transmission de puissance robuste, fiable et efficace aux broyeurs rotatifs utilis\u00e9s en agriculture et pour l'entretien des espaces verts. Il est sp\u00e9cialement con\u00e7u pour les travaux de coupe exigeants, du d\u00e9broussaillage dense \u00e0 la tonte de grandes surfaces. Voici les principales caract\u00e9ristiques du r\u00e9ducteur pour broyeur rotatif RC27\u00a0:<\/p>\n<p><strong>Performances de couple \u00e9lev\u00e9es<\/strong><\/p>\n<p>La bo\u00eete de vitesses RC27 offre un couple \u00e9lev\u00e9, lui permettant de venir \u00e0 bout de la v\u00e9g\u00e9tation dense, des herbes hautes et des broussailles \u00e9paisses. Elle convient ainsi aux travaux de coupe l\u00e9gers comme aux travaux intensifs, garantissant des performances constantes et puissantes.<\/p>\n<p><strong>Construction durable<\/strong><\/p>\n<p>Fabriqu\u00e9 avec des mat\u00e9riaux de haute qualit\u00e9 et r\u00e9sistants \u00e0 l'usure, le r\u00e9ducteur RC27 est con\u00e7u pour une durabilit\u00e9 exceptionnelle, m\u00eame dans les conditions de travail les plus extr\u00eames. Son bo\u00eetier robuste et ses composants de pr\u00e9cision lui permettent de r\u00e9sister aux environnements les plus difficiles, minimisant ainsi les risques de panne et prolongeant la dur\u00e9e de vie de votre d\u00e9coupeuse rotative.<\/p>\n<p><strong>Transmission d&#039;\u00e9nergie efficace<\/strong><\/p>\n<p>La bo\u00eete de vitesses RC27 assure une transmission de puissance efficace du tracteur aux lames de la faucheuse rotative, optimisant ainsi les performances de coupe. Elle contribue \u00e0 maintenir une vitesse de lame constante, am\u00e9liorant l'efficacit\u00e9 de coupe et garantissant une finition de haute qualit\u00e9 pour diverses applications.<\/p>\n<p><strong>Polyvalence et compatibilit\u00e9<\/strong><\/p>\n<p>Le r\u00e9ducteur RC27 est compatible avec une large gamme de mod\u00e8les de fraises rotatives, ce qui en fait un excellent remplacement pour les r\u00e9ducteurs Omni Code RC-27 existants. Sa conception polyvalente permet une int\u00e9gration facile dans diff\u00e9rents types d'\u00e9quipements, offrant ainsi une solution fiable et \u00e9conomique.<\/p>\n<p><strong>Entretien facile<\/strong><\/p>\n<p>Gr\u00e2ce \u00e0 sa conception ergonomique, la bo\u00eete de vitesses RC27 est facile \u00e0 entretenir. Ses composants sont facilement accessibles, ce qui simplifie les op\u00e9rations de maintenance courantes telles que la lubrification et les contr\u00f4les. Cela minimise les temps d'arr\u00eat et garantit un fonctionnement optimal de la bo\u00eete de vitesses.<\/p>\n<p><strong>Dissipation de la chaleur<\/strong><\/p>\n<p>Con\u00e7ue pour une gestion thermique optimale, la bo\u00eete de vitesses RC27 est con\u00e7ue pour supporter les temp\u00e9ratures \u00e9lev\u00e9es pouvant survenir lors d'une utilisation prolong\u00e9e. Son syst\u00e8me de dissipation thermique efficace garantit un fonctionnement fluide, m\u00eame sous fortes charges, pr\u00e9venant ainsi la surchauffe et am\u00e9liorant les performances.<\/p>\n<p>Le r\u00e9ducteur pour broyeur rotatif RC27 est un r\u00e9ducteur haute performance, durable et polyvalent qui fournit une puissance fiable aux broyeurs rotatifs, ce qui en fait un excellent choix pour une utilisation commerciale et agricole.<\/p>\n<p><img loading=\"lazy\" decoding=\"async\" class=\"alignnone size-full wp-image-2215\" src=\"https:\/\/fmp-components.com\/wp-content\/uploads\/2024\/12\/Rotary-Cutter-Gearbox1.webp\" alt=\"Bo\u00eete de vitesses pour coupeuse rotative\" width=\"1279\" height=\"761\" title=\"\" srcset=\"https:\/\/fmp-components.com\/wp-content\/uploads\/2024\/12\/Rotary-Cutter-Gearbox1.webp 1279w, https:\/\/fmp-components.com\/wp-content\/uploads\/2024\/12\/Rotary-Cutter-Gearbox1-980x583.webp 980w, https:\/\/fmp-components.com\/wp-content\/uploads\/2024\/12\/Rotary-Cutter-Gearbox1-480x286.webp 480w\" sizes=\"(min-width: 0px) and (max-width: 480px) 480px, (min-width: 481px) and (max-width: 980px) 980px, (min-width: 981px) 1279px, 100vw\" \/><\/p>\n<h2>Bo\u00eete de vitesses pour coupeuse rotative vs. bo\u00eete de vitesses pour tondeuse rotative<\/h2>\n<ol>\n<li><strong>Objectif et application<\/strong><br \/>\nLes r\u00e9ducteurs des faucheuses rotatives et les r\u00e9ducteurs des tondeuses rotatives remplissent des fonctions similaires, mais ils sont con\u00e7us pour des types de travaux diff\u00e9rents. <strong>bo\u00eete de vitesses de coupe rotative<\/strong> Il est g\u00e9n\u00e9ralement utilis\u00e9 pour des travaux intensifs comme le d\u00e9broussaillage, le d\u00e9broussaillage d'herbes hautes et de v\u00e9g\u00e9tation ligneuse, ce qui le rend id\u00e9al pour le d\u00e9frichement, l'agriculture et d'autres applications exigeantes. En revanche, un <strong>bo\u00eete de vitesses de tondeuse rotative<\/strong> Elle est g\u00e9n\u00e9ralement utilis\u00e9e pour des travaux de tonte l\u00e9gers, comme l'entretien des pelouses, des parcs et des terrains de golf, o\u00f9 la v\u00e9g\u00e9tation est moins dense.<\/li>\n<li><strong>Conception et durabilit\u00e9<\/strong><br \/>\nLe <strong>bo\u00eete de vitesses de coupe rotative<\/strong> Elle est construite avec des composants plus robustes et renforc\u00e9s, con\u00e7us pour r\u00e9sister aux fortes contraintes rencontr\u00e9es lors de la d\u00e9coupe grossi\u00e8re. Ces r\u00e9ducteurs poss\u00e8dent g\u00e9n\u00e9ralement un carter plus solide et des engrenages plus grands pour supporter un couple accru et \u00e9viter les dommages lors de la d\u00e9coupe de mat\u00e9riaux durs. Par ailleurs, <strong>bo\u00eetes de vitesses de tondeuses rotatives<\/strong> Ils sont g\u00e9n\u00e9ralement plus l\u00e9gers et moins robustes, privil\u00e9giant une puissance plus r\u00e9guli\u00e8re pour les coupes fines et moins exigeantes. Leur conception est souvent plus simple et leur capacit\u00e9 de couple inf\u00e9rieure.<\/li>\n<li><strong>Couple et vitesse<\/strong><br \/>\nEn termes de performance, <strong>r\u00e9ducteurs de coupe rotative<\/strong> sont con\u00e7ues pour fournir un couple \u00e9lev\u00e9, ce qui leur permet de percer des mat\u00e9riaux denses sans caler. Ce couple \u00e9lev\u00e9 permet \u00e0 la fraise rotative de maintenir des performances de coupe constantes m\u00eame dans des conditions difficiles. Par ailleurs, <strong>bo\u00eetes de vitesses de tondeuses rotatives<\/strong> Elles sont con\u00e7ues pour offrir une vitesse de lame plus \u00e9lev\u00e9e avec un couple plus faible, ce qui les optimise pour une coupe uniforme des v\u00e9g\u00e9tations plus tendres et plus fines. Pour les tondeuses, l'accent est mis davantage sur la vitesse et la pr\u00e9cision que sur la puissance brute n\u00e9cessaire pour d\u00e9broussailler les zones de v\u00e9g\u00e9tation dense.<\/li>\n<li><strong>Entretien et long\u00e9vit\u00e9<\/strong><br \/>\nParce que <strong>r\u00e9ducteurs de coupe rotative<\/strong> Con\u00e7ues pour des t\u00e2ches plus exigeantes, ces bo\u00eetes de vitesses sont g\u00e9n\u00e9ralement plus robustes, n\u00e9cessitent un entretien moins fr\u00e9quent et offrent une dur\u00e9e de vie plus longue en cas d'utilisation intensive. Elles sont souvent \u00e9quip\u00e9es de joints et de syst\u00e8mes de refroidissement renforc\u00e9s pour r\u00e9sister \u00e0 la chaleur et aux contraintes d'un fonctionnement continu dans des conditions difficiles. <strong>bo\u00eetes de vitesses de tondeuses rotatives<\/strong>En comparaison, ils peuvent n\u00e9cessiter un entretien plus fr\u00e9quent en raison de leur construction plus l\u00e9g\u00e8re et de leurs vitesses de fonctionnement plus \u00e9lev\u00e9es. Ils sont g\u00e9n\u00e9ralement plus faciles \u00e0 entretenir, mais leur dur\u00e9e de vie peut \u00eatre plus courte s'ils sont utilis\u00e9s dans des applications plus exigeantes.<\/li>\n<li><strong>Co\u00fbt et efficacit\u00e9<\/strong><br \/>\nTypiquement, <strong>r\u00e9ducteurs de coupe rotative<\/strong> sont plus ch\u00e8res en raison de leur conception robuste et de leur capacit\u00e9 \u00e0 effectuer des travaux plus difficiles. Cependant, pour les utilisateurs qui doivent fr\u00e9quemment d\u00e9broussailler ou couper des broussailles, leur durabilit\u00e9 et leurs performances en font un choix rentable \u00e0 long terme. En revanche, <strong>bo\u00eetes de vitesses de tondeuses rotatives<\/strong> Ces tondeuses sont moins ch\u00e8res et plus performantes pour l'entretien des pelouses et des gazons, offrant un bon compromis entre performance et co\u00fbt pour les travaux l\u00e9gers. Elles sont id\u00e9ales pour les clients qui recherchent efficacit\u00e9 et pr\u00e9cision sans le surco\u00fbt d'une bo\u00eete de vitesses robuste.<\/li>\n<\/ol>\n<table border=\"1\" cellspacing=\"0\" cellpadding=\"0\">\n<tbody>\n<tr>\n<td><img loading=\"lazy\" decoding=\"async\" class=\"alignnone size-full wp-image-2223\" src=\"https:\/\/fmp-components.com\/wp-content\/uploads\/2024\/12\/Rotary-Cutter-Gearbox-Vs-Rotary-Mower-Gearbox-61.webp\" alt=\"Bo\u00eete de vitesses pour d\u00e9broussailleuse rotative vs bo\u00eete de vitesses pour tondeuse rotative\" width=\"1500\" height=\"1000\" title=\"\" srcset=\"https:\/\/fmp-components.com\/wp-content\/uploads\/2024\/12\/Rotary-Cutter-Gearbox-Vs-Rotary-Mower-Gearbox-61.webp 1500w, https:\/\/fmp-components.com\/wp-content\/uploads\/2024\/12\/Rotary-Cutter-Gearbox-Vs-Rotary-Mower-Gearbox-61-1280x853.webp 1280w, https:\/\/fmp-components.com\/wp-content\/uploads\/2024\/12\/Rotary-Cutter-Gearbox-Vs-Rotary-Mower-Gearbox-61-980x653.webp 980w, https:\/\/fmp-components.com\/wp-content\/uploads\/2024\/12\/Rotary-Cutter-Gearbox-Vs-Rotary-Mower-Gearbox-61-480x320.webp 480w\" sizes=\"(min-width: 0px) and (max-width: 480px) 480px, (min-width: 481px) and (max-width: 980px) 980px, (min-width: 981px) and (max-width: 1280px) 1280px, (min-width: 1281px) 1500px, 100vw\" \/><\/td>\n<td><img loading=\"lazy\" decoding=\"async\" class=\"alignnone size-full wp-image-2222\" src=\"https:\/\/fmp-components.com\/wp-content\/uploads\/2024\/12\/Rotary-Cutter-Gearbox-Vs-Rotary-Mower-Gearbox-71.webp\" alt=\"Bo\u00eete de vitesses pour d\u00e9broussailleuse rotative vs bo\u00eete de vitesses pour tondeuse rotative\" width=\"1500\" height=\"1000\" title=\"\" srcset=\"https:\/\/fmp-components.com\/wp-content\/uploads\/2024\/12\/Rotary-Cutter-Gearbox-Vs-Rotary-Mower-Gearbox-71.webp 1500w, https:\/\/fmp-components.com\/wp-content\/uploads\/2024\/12\/Rotary-Cutter-Gearbox-Vs-Rotary-Mower-Gearbox-71-1280x853.webp 1280w, https:\/\/fmp-components.com\/wp-content\/uploads\/2024\/12\/Rotary-Cutter-Gearbox-Vs-Rotary-Mower-Gearbox-71-980x653.webp 980w, https:\/\/fmp-components.com\/wp-content\/uploads\/2024\/12\/Rotary-Cutter-Gearbox-Vs-Rotary-Mower-Gearbox-71-480x320.webp 480w\" sizes=\"(min-width: 0px) and (max-width: 480px) 480px, (min-width: 481px) and (max-width: 980px) 980px, (min-width: 981px) and (max-width: 1280px) 1280px, (min-width: 1281px) 1500px, 100vw\" \/><\/td>\n<\/tr>\n<tr>\n<td><strong>Bo\u00eete de vitesses pour coupeuse rotative<\/strong><\/td>\n<td><strong>Bo\u00eete de vitesses de tondeuse rotative<\/strong><\/td>\n<\/tr>\n<\/tbody>\n<\/table>\n<h2>Arbres de prise de force pour bo\u00eetes de vitesses de faucheuses rotatives<\/h2>\n<ol>\n<li><strong>Objectif et fonctionnalit\u00e9<\/strong><br \/>\nLes arbres de prise de force des bo\u00eetes de vitesses des faucheuses rotatives sont des composants essentiels qui transmettent la puissance du moteur du tracteur \u00e0 la bo\u00eete de vitesses, laquelle entra\u00eene les lames de coupe de la faucheuse. Ces arbres sont con\u00e7us pour supporter les fortes exigences de puissance des faucheuses rotatives, garantissant ainsi un fonctionnement efficace de la machine m\u00eame dans des conditions difficiles, comme en v\u00e9g\u00e9tation dense ou sur terrain accident\u00e9.<\/li>\n<li><strong>Conception et construction<\/strong><br \/>\nLes arbres de prise de force des r\u00e9ducteurs de faucheuses rotatives sont g\u00e9n\u00e9ralement fabriqu\u00e9s en acier haute r\u00e9sistance pour supporter le couple \u00e9lev\u00e9 g\u00e9n\u00e9r\u00e9 en fonctionnement. Ils sont dot\u00e9s de joints universels \u00e0 leurs deux extr\u00e9mit\u00e9s, assurant une grande flexibilit\u00e9 et une transmission de puissance fluide entre le tracteur et le r\u00e9ducteur, m\u00eame en cas de d\u00e9salignement ou de variation de l'angle de travail. Ces arbres sont souvent \u00e9quip\u00e9s de dispositifs de s\u00e9curit\u00e9, tels que des boulons de cisaillement ou des m\u00e9canismes d'embrayage, afin de pr\u00e9venir les dommages li\u00e9s aux surcharges.<\/li>\n<li><strong>Durabilit\u00e9 et performance<\/strong><br \/>\nCompte tenu des exigences li\u00e9es au fonctionnement des broyeurs rotatifs, les arbres de prise de force de ces r\u00e9ducteurs sont con\u00e7us pour \u00eatre extr\u00eamement robustes et r\u00e9sister aux environnements de travail difficiles. Ils doivent supporter des contraintes continues, des vibrations et les chocs occasionnels caus\u00e9s par la coupe de broussailles \u00e9paisses ou de petits arbres. Pour garantir des performances optimales, ces arbres sont g\u00e9n\u00e9ralement \u00e9quilibr\u00e9s afin de minimiser les vibrations, qui peuvent entra\u00eener une usure et des dommages au fil du temps.<\/li>\n<li><strong>Personnalisation et ajustement<\/strong><br \/>\nLes arbres de prise de force (PDF) pour bo\u00eetes de vitesses de broyeurs rotatifs sont disponibles en diff\u00e9rentes tailles et configurations afin de s'adapter aux divers mod\u00e8les et besoins en puissance. Des options de personnalisation permettent d'assurer une parfaite compatibilit\u00e9 entre l'arbre de PDF et le tracteur, ainsi qu'avec la bo\u00eete de vitesses. Ceci garantit une transmission de puissance optimale et minimise les risques de panne li\u00e9s \u00e0 un montage incorrect ou \u00e0 un mauvais alignement. Les arbres de PDF sont \u00e9galement disponibles en diff\u00e9rentes longueurs pour s'adapter aux diverses configurations de broyeurs et largeurs de travail.<\/li>\n<\/ol>\n<table style=\"width: 101.801%; height: 44px;\" width=\"136\">\n<tbody>\n<tr>\n<td style=\"width: 49.363%;\" width=\"72\"><img loading=\"lazy\" decoding=\"async\" class=\"alignnone size-full wp-image-2225\" src=\"https:\/\/fmp-components.com\/wp-content\/uploads\/2024\/12\/PTO-Shafts-for-Rotary-Cutter-Gearboxes-71.webp\" alt=\"Arbres de prise de force pour bo\u00eetes de vitesses de broyeurs rotatifs\" width=\"800\" height=\"600\" title=\"\" srcset=\"https:\/\/fmp-components.com\/wp-content\/uploads\/2024\/12\/PTO-Shafts-for-Rotary-Cutter-Gearboxes-71.webp 800w, https:\/\/fmp-components.com\/wp-content\/uploads\/2024\/12\/PTO-Shafts-for-Rotary-Cutter-Gearboxes-71-480x360.webp 480w\" sizes=\"(min-width: 0px) and (max-width: 480px) 480px, (min-width: 481px) 800px, 100vw\" \/><\/td>\n<td style=\"width: 50%;\" width=\"64\"><img loading=\"lazy\" decoding=\"async\" class=\"alignnone size-full wp-image-2224\" src=\"https:\/\/fmp-components.com\/wp-content\/uploads\/2024\/12\/PTO-Shafts-for-Rotary-Cutter-Gearboxes-81.webp\" alt=\"Arbres de prise de force pour bo\u00eetes de vitesses de broyeurs rotatifs\" width=\"800\" height=\"600\" title=\"\" srcset=\"https:\/\/fmp-components.com\/wp-content\/uploads\/2024\/12\/PTO-Shafts-for-Rotary-Cutter-Gearboxes-81.webp 800w, https:\/\/fmp-components.com\/wp-content\/uploads\/2024\/12\/PTO-Shafts-for-Rotary-Cutter-Gearboxes-81-480x360.webp 480w\" sizes=\"(min-width: 0px) and (max-width: 480px) 480px, (min-width: 481px) 800px, 100vw\" \/><\/td>\n<\/tr>\n<\/tbody>\n<\/table>\n<h3>\u00c0 propos de FMP<\/h3>\n<p>Bas\u00e9 en Italie, FMP est un fabricant leader reconnu pour son expertise dans la conception, le d\u00e9veloppement et la production de bo\u00eetes de vitesses hautes performances, principalement destin\u00e9es au secteur des machines agricoles. Reconnu pour son engagement envers l'ing\u00e9nierie de pr\u00e9cision, l'innovation et une fiabilit\u00e9 in\u00e9gal\u00e9e, FMP s'est forg\u00e9 une solide r\u00e9putation en proposant des produits haut de gamme r\u00e9pondant aux besoins dynamiques des march\u00e9s agricoles et industriels. Notre vaste gamme de produits comprend des bo\u00eetes de vitesses sp\u00e9cialis\u00e9es pour tondeuses \u00e0 gazon, des arbres de prise de force et d'autres composants essentiels, tous con\u00e7us pour offrir des solutions sur mesure pour un large \u00e9ventail d'applications.<\/p>\n<p>Chez FMP, nous savons que chaque client est confront\u00e9 \u00e0 des d\u00e9fis et des exigences sp\u00e9cifiques. C'est pourquoi nous nous sp\u00e9cialisons dans la fourniture de solutions personnalis\u00e9es, qu'il s'agisse de composants individuels ou de syst\u00e8mes complets et int\u00e9gr\u00e9s. Nous travaillons en \u00e9troite collaboration avec nos clients pour garantir que chaque solution est non seulement efficace, mais aussi efficiente, optimisant ainsi les performances et la valeur. Notre engagement \u00e0 fournir des r\u00e9ponses rapides et professionnelles, combin\u00e9 \u00e0 un accompagnement expert, garantit que chaque demande est trait\u00e9e avec pr\u00e9cision et attention.<\/p>\n<p>Nous privil\u00e9gions une communication claire et continue, notamment lors du d\u00e9veloppement de nouveaux produits. Notre \u00e9quipe d\u00e9di\u00e9e travaille en \u00e9troite collaboration avec nos clients afin de comprendre leurs besoins sp\u00e9cifiques et de leur apporter des conseils pratiques pour \u00e9laborer les solutions les plus optimales. Qu'il s'agisse de concevoir des produits de pointe ou d'ex\u00e9cuter des commandes en cours, nous maintenons notre engagement \u00e0 fournir des solutions de haute qualit\u00e9, con\u00e7ues avec pr\u00e9cision et rapidit\u00e9, avec fiabilit\u00e9.<\/p>\n<p>Au c\u0153ur des activit\u00e9s de FMP se trouve une attention constante port\u00e9e \u00e0 la qualit\u00e9. Nous adh\u00e9rons aux normes de fabrication les plus strictes et appliquons des proc\u00e9dures de contr\u00f4le qualit\u00e9 rigoureuses pour garantir que chaque produit r\u00e9ponde aux attentes du secteur, voire les d\u00e9passe. Notre engagement envers la qualit\u00e9, alli\u00e9 \u00e0 nos valeurs fondamentales d'int\u00e9grit\u00e9, de collaboration et de pers\u00e9v\u00e9rance, nous a permis de forger des relations solides et durables avec nos clients dans plus de 30 pays \u00e0 travers le monde.<\/p>\n<p>FMP est toujours ouvert aux partenariats internationaux et s'engage \u00e0 offrir des conseils d'experts et des solutions sur mesure pour r\u00e9pondre aux divers besoins de ses clients. Au-del\u00e0 de la simple fourniture de produits, nous nous effor\u00e7ons de construire des relations durables et significatives, gages de la r\u00e9ussite de chaque projet. Que vous recherchiez des solutions innovantes pour une nouvelle initiative ou un accompagnement continu pour un syst\u00e8me existant, FMP est l\u00e0 pour relever vos d\u00e9fis techniques et assurer votre r\u00e9ussite durable.<\/p>\n<p><img loading=\"lazy\" decoding=\"async\" class=\"alignnone size-full wp-image-1861\" src=\"https:\/\/fmp-components.com\/wp-content\/uploads\/2024\/12\/Other-Agricultural-Gearboxes.webp\" sizes=\"(min-width: 0px) and (max-width: 480px) 480px, (min-width: 481px) and (max-width: 980px) 980px, (min-width: 981px) 1200px, 100vw\" srcset=\"https:\/\/fmp-components.com\/wp-content\/uploads\/2024\/12\/Other-Agricultural-Gearboxes.webp 1200w, https:\/\/fmp-components.com\/wp-content\/uploads\/2024\/12\/Other-Agricultural-Gearboxes-980x1143.webp 980w, https:\/\/fmp-components.com\/wp-content\/uploads\/2024\/12\/Other-Agricultural-Gearboxes-480x560.webp 480w\" alt=\"Autres changements agricoles\" width=\"1200\" height=\"1400\" title=\"\"><\/p>\n<p>Auteur : CX<\/p>","protected":false},"excerpt":{"rendered":"<p>Rotary Cutter Gearbox \u2013 Replacement of Omni Code RC-27 Gearbox The RC-27 Rotary Cutter Gearbox is a high-performance gearbox designed to deliver reliable and efficient power transfer for rotary cutters used in agricultural and land maintenance tasks. This replacement gearbox serves as an ideal solution for replacing the Omni Code RC-27 gearbox, ensuring that your [&hellip;]<\/p>","protected":false},"featured_media":2221,"comment_status":"open","ping_status":"closed","template":"","meta":{"_et_pb_use_builder":"","_et_pb_old_content":"","_et_gb_content_width":""},"product_brand":[],"product_cat":[56],"product_tag":[],"class_list":{"0":"post-2218","1":"product","2":"type-product","3":"status-publish","4":"has-post-thumbnail","6":"product_cat-rotary-cutter-gearbox","8":"first","9":"instock","10":"shipping-taxable","11":"product-type-simple"},"_links":{"self":[{"href":"https:\/\/fmp-components.com\/fr\/wp-json\/wp\/v2\/product\/2218","targetHints":{"allow":["GET"]}}],"collection":[{"href":"https:\/\/fmp-components.com\/fr\/wp-json\/wp\/v2\/product"}],"about":[{"href":"https:\/\/fmp-components.com\/fr\/wp-json\/wp\/v2\/types\/product"}],"replies":[{"embeddable":true,"href":"https:\/\/fmp-components.com\/fr\/wp-json\/wp\/v2\/comments?post=2218"}],"wp:featuredmedia":[{"embeddable":true,"href":"https:\/\/fmp-components.com\/fr\/wp-json\/wp\/v2\/media\/2221"}],"wp:attachment":[{"href":"https:\/\/fmp-components.com\/fr\/wp-json\/wp\/v2\/media?parent=2218"}],"wp:term":[{"taxonomy":"product_brand","embeddable":true,"href":"https:\/\/fmp-components.com\/fr\/wp-json\/wp\/v2\/product_brand?post=2218"},{"taxonomy":"product_cat","embeddable":true,"href":"https:\/\/fmp-components.com\/fr\/wp-json\/wp\/v2\/product_cat?post=2218"},{"taxonomy":"product_tag","embeddable":true,"href":"https:\/\/fmp-components.com\/fr\/wp-json\/wp\/v2\/product_tag?post=2218"}],"curies":[{"name":"wp","href":"https:\/\/api.w.org\/{rel}","templated":true}]}}