{"id":2209,"date":"2024-12-31T00:44:14","date_gmt":"2024-12-31T00:44:14","guid":{"rendered":"https:\/\/fmp-components.com\/?page_id=8"},"modified":"2024-12-31T01:41:45","modified_gmt":"2024-12-31T01:41:45","slug":"rotary-cutter-gearboxes-replacement-of-omni-code-rc-20-gearbox","status":"publish","type":"product","link":"https:\/\/fmp-components.com\/fr\/product\/rotary-cutter-gearboxes-replacement-of-omni-code-rc-20-gearbox\/","title":{"rendered":"Bo\u00eetes de vitesses pour fraises rotatives \u2013 Remplacement de la bo\u00eete de vitesses Omni Code RC-20"},"content":{"rendered":"<p style=\"text-align: center;\"><span style=\"font-size: 18pt;\">Bo\u00eetes de vitesses pour fraises rotatives \u2013 Remplacement de la bo\u00eete de vitesses Omni Code RC-20<\/span><\/p>\n<p><img loading=\"lazy\" decoding=\"async\" class=\"size-full wp-image-2211 aligncenter\" src=\"https:\/\/fmp-components.com\/wp-content\/uploads\/2024\/12\/Rotary-Cutter-Gearboxes-Replacement-of-Omni-Code-RC-20-Gearbox-1.webp\" alt=\"Bo\u00eetes de vitesses pour fraises rotatives - Remplacement de la bo\u00eete de vitesses OmniCode RC-20\" width=\"500\" height=\"500\" title=\"\" srcset=\"https:\/\/fmp-components.com\/wp-content\/uploads\/2024\/12\/Rotary-Cutter-Gearboxes-Replacement-of-Omni-Code-RC-20-Gearbox-1.webp 500w, https:\/\/fmp-components.com\/wp-content\/uploads\/2024\/12\/Rotary-Cutter-Gearboxes-Replacement-of-Omni-Code-RC-20-Gearbox-1-480x480.webp 480w\" sizes=\"(min-width: 0px) and (max-width: 480px) 480px, (min-width: 481px) 500px, 100vw\" \/><\/p>\n<p>Le bo\u00eetier de transmission pour d\u00e9broussailleuse, destin\u00e9 \u00e0 remplacer le bo\u00eetier Omni Code RC-20, est con\u00e7u pour offrir des performances et une durabilit\u00e9 sup\u00e9rieures dans les applications agricoles et industrielles. Ce bo\u00eetier de remplacement de haute qualit\u00e9 s&#039;int\u00e8gre parfaitement aux d\u00e9broussailleuses et offre une solution efficace et fiable pour l&#039;entretien des pelouses, le d\u00e9frichage et la maintenance des cultures. Gr\u00e2ce \u00e0 sa conception pr\u00e9cise et \u00e0 sa construction robuste, il assure une transmission de puissance et des performances optimales, permettant aux d\u00e9broussailleuses de fonctionner en douceur dans diverses conditions de travail.<\/p>\n<h3>Caract\u00e9ristiques principales :<\/h3>\n<ol>\n<li><strong>Compatibilit\u00e9<\/strong>Ce r\u00e9ducteur est con\u00e7u pour remplacer le r\u00e9ducteur Omni Code RC-20, garantissant une installation facile et une compatibilit\u00e9 avec les \u00e9quipements existants. Il permet un remplacement direct, minimisant les temps d&#039;arr\u00eat et les modifications n\u00e9cessaires.<\/li>\n<li><strong>Haute efficacit\u00e9<\/strong>:Con\u00e7ue pour une efficacit\u00e9 \u00e9lev\u00e9e, la bo\u00eete de vitesses du coupeur rotatif assure un transfert de puissance efficace de l&#039;arbre de prise de force du tracteur aux lames de coupe, maximisant ainsi les performances op\u00e9rationnelles.<\/li>\n<li><strong>Durabilit\u00e9<\/strong>Fabriqu\u00e9 avec des mat\u00e9riaux de haute qualit\u00e9, le r\u00e9ducteur est con\u00e7u pour r\u00e9sister aux environnements de travail difficiles. Il offre une r\u00e9sistance exceptionnelle \u00e0 l&#039;usure, \u00e0 la corrosion et aux charges extr\u00eames, garantissant une fiabilit\u00e9 \u00e0 long terme et r\u00e9duisant les co\u00fbts de maintenance.<\/li>\n<li><strong>Faible entretien<\/strong>La conception du r\u00e9ducteur minimise les besoins d&#039;entretien fr\u00e9quents. Ses roulements \u00e9tanches et ses composants de pr\u00e9cision r\u00e9duisent les frottements, augmentant ainsi sa dur\u00e9e de vie et r\u00e9duisant l&#039;usure.<\/li>\n<li><strong>Application polyvalente<\/strong>:Id\u00e9al pour une utilisation dans une vari\u00e9t\u00e9 d&#039;applications, y compris les champs agricoles, les p\u00e2turages et les environnements industriels, o\u00f9 les tondeuses rotatives sont utilis\u00e9es pour tondre, d\u00e9broussailler ou couper l&#039;herbe et les petits arbustes.<\/li>\n<\/ol>\n<h2>Sp\u00e9cifications du r\u00e9ducteur de vitesse pour coupeuse rotative RC20<\/h2>\n<table style=\"width: 94.902%; height: 417px;\" border=\"1\" cellspacing=\"0\" cellpadding=\"0\">\n<tbody>\n<tr>\n<td style=\"width: 28.4738%;\">Mod\u00e8le:<\/td>\n<td style=\"width: 71.4123%;\">\u00a0Bo\u00eete de vitesses pour coupeuse rotative FMP-RC20<\/td>\n<\/tr>\n<tr>\n<td style=\"width: 28.4738%;\">Pouvoir:<\/td>\n<td style=\"width: 71.4123%;\">15 \u2013 18 ch<br \/>\n11 \u2013 21 kW<\/td>\n<\/tr>\n<tr>\n<td style=\"width: 28.4738%;\">Couple:<\/td>\n<td style=\"width: 71.4123%;\">1\u00a0750 \u00e0 3\u00a0267 lb-po<br \/>\n(198 \u2013 369 Nm.)<\/td>\n<\/tr>\n<tr>\n<td style=\"width: 28.4738%;\">Rapports :<\/td>\n<td style=\"width: 71.4123%;\">1:1.25, 1:2.83<\/td>\n<\/tr>\n<tr>\n<td style=\"width: 28.4738%;\">Type d&#039;engrenage :<\/td>\n<td style=\"width: 71.4123%;\">Biseau<\/td>\n<\/tr>\n<tr>\n<td style=\"width: 28.4738%;\">Type de joint :<\/td>\n<td style=\"width: 71.4123%;\">Triple l\u00e8vre \u00e0 ressort<\/td>\n<\/tr>\n<tr>\n<td style=\"width: 28.4738%;\">Type de roulement :<\/td>\n<td style=\"width: 71.4123%;\">Boule \u00e0 rainure profonde<\/td>\n<\/tr>\n<tr>\n<td style=\"width: 28.4738%;\">Capacit\u00e9 d&#039;huile :<\/td>\n<td style=\"width: 71.4123%;\">16 onces<br \/>\n(0,47 L)<\/td>\n<\/tr>\n<tr>\n<td style=\"width: 28.4738%;\">Poids:<\/td>\n<td style=\"width: 71.4123%;\">34 livres<br \/>\n(15,4 kg.)<\/td>\n<\/tr>\n<tr>\n<td style=\"width: 28.4738%;\">Applications :<\/td>\n<td style=\"width: 71.4123%;\">Tondeuses de finition<br \/>\nCutters rotatifs<br \/>\nD\u00e9broussailleuses rotatives<\/td>\n<\/tr>\n<\/tbody>\n<\/table>\n<h2>Conception du rapport de transmission du coupeur rotatif RC20<\/h2>\n<p>Le bo\u00eetier d&#039;engrenages du coupeur rotatif RC20 offre diff\u00e9rents rapports de d\u00e9multiplication pour r\u00e9pondre aux diff\u00e9rentes puissances et exigences de coupe. Le rapport du bo\u00eetier d\u00e9termine la vitesse de rotation de la lame\u00a0: des rapports plus \u00e9lev\u00e9s entra\u00eenent des vitesses de lame plus \u00e9lev\u00e9es mais un couple plus faible, tandis que des rapports plus faibles offrent un couple plus \u00e9lev\u00e9 avec une vitesse de lame r\u00e9duite.<\/p>\n<p>Disponible dans des ratios tels que <strong>1:1.25<\/strong> et <strong>1:2.83<\/strong>, la s\u00e9lection appropri\u00e9e d\u00e9pend des exigences sp\u00e9cifiques de votre application.<\/p>\n<ul>\n<li><strong>Des ratios plus \u00e9lev\u00e9s<\/strong> (par exemple, 1:1,25) sont id\u00e9ales pour les t\u00e2ches plus l\u00e9g\u00e8res, o\u00f9 la vitesse est essentielle, comme tondre la pelouse ou couper l&#039;herbe.<\/li>\n<li><strong>Ratios inf\u00e9rieurs<\/strong> (par exemple, 1:2,83) sont mieux adapt\u00e9s aux applications lourdes telles que le d\u00e9frichage de terrains accident\u00e9s, la coupe de broussailles \u00e9paisses ou le d\u00e9frichage de terres, car ils fournissent plus de couple pour traverser des mat\u00e9riaux plus r\u00e9sistants.<\/li>\n<\/ul>\n<p>Lors du choix d&#039;un rapport, il est essentiel de prendre en compte des facteurs tels que la puissance de votre tracteur, la densit\u00e9 du mat\u00e9riau \u00e0 couper et la vitesse de rotation de la lame requise pour une coupe nette et uniforme. Choisir le bon rapport de d\u00e9multiplication pour votre gyrobroyeur RC20 garantit des performances, une efficacit\u00e9 et une long\u00e9vit\u00e9 optimales, tant pour le r\u00e9ducteur que pour le couteau.<\/p>\n<p><img loading=\"lazy\" decoding=\"async\" class=\"alignnone size-full wp-image-2215\" src=\"https:\/\/fmp-components.com\/wp-content\/uploads\/2024\/12\/Rotary-Cutter-Gearbox1.webp\" alt=\"Bo\u00eete de vitesses pour coupeuse rotative\" width=\"1279\" height=\"761\" title=\"\" srcset=\"https:\/\/fmp-components.com\/wp-content\/uploads\/2024\/12\/Rotary-Cutter-Gearbox1.webp 1279w, https:\/\/fmp-components.com\/wp-content\/uploads\/2024\/12\/Rotary-Cutter-Gearbox1-980x583.webp 980w, https:\/\/fmp-components.com\/wp-content\/uploads\/2024\/12\/Rotary-Cutter-Gearbox1-480x286.webp 480w\" sizes=\"(min-width: 0px) and (max-width: 480px) 480px, (min-width: 481px) and (max-width: 980px) 980px, (min-width: 981px) 1279px, 100vw\" \/><\/p>\n<h2>Caract\u00e9ristiques de la bo\u00eete de vitesses de la tondeuse rotative RC20<\/h2>\n<ol>\n<li><strong>Construction durable<\/strong>Le bo\u00eetier d&#039;engrenages de la tondeuse rotative RC20 est fabriqu\u00e9 avec des mat\u00e9riaux de haute qualit\u00e9, garantissant une durabilit\u00e9 et une r\u00e9sistance \u00e0 l&#039;usure durables, m\u00eame dans des conditions difficiles. Sa construction robuste lui permet de supporter des charges de travail \u00e9lev\u00e9es et d&#039;assurer des performances fiables pendant des ann\u00e9es.<\/li>\n<li><strong>Rapports de d\u00e9multiplication multiples<\/strong>:Disponible dans diff\u00e9rents rapports de d\u00e9multiplication, tels que <strong>1:1.25<\/strong> et <strong>1:2.83<\/strong>Le r\u00e9ducteur RC20 offre une flexibilit\u00e9 adapt\u00e9e aux diff\u00e9rentes exigences de coupe. Ces rapports permettent aux utilisateurs de choisir entre une vitesse de lame plus \u00e9lev\u00e9e pour les travaux l\u00e9gers et un couple accru pour les applications intensives comme le d\u00e9broussaillage.<\/li>\n<li><strong>Fonctionnement fluide<\/strong>La bo\u00eete de vitesses est con\u00e7ue pour un transfert de puissance fluide et efficace, minimisant les pertes d&#039;\u00e9nergie et maximisant les performances de coupe. Sa conception pr\u00e9cise garantit un fonctionnement silencieux et sans vibrations, pour une exp\u00e9rience utilisateur optimale.<\/li>\n<li><strong>Versatilit\u00e9<\/strong>Adapt\u00e9 \u00e0 une large gamme d&#039;applications, le bo\u00eetier de transmission pour tondeuse rotative RC20 est id\u00e9al pour la tonte de pelouse, le d\u00e9frichage et la coupe de v\u00e9g\u00e9tation dense. Son adaptabilit\u00e9 en fait un outil id\u00e9al pour diff\u00e9rents mod\u00e8les de tondeuses et terrains.<\/li>\n<li><strong>Entretien facile<\/strong>: La bo\u00eete de vitesses RC20 est con\u00e7ue pour un entretien facile. Ses composants accessibles simplifient les inspections, la lubrification et les r\u00e9parations de routine, garantissant ainsi un fonctionnement optimal de la tondeuse avec un minimum de temps d&#039;arr\u00eat.<\/li>\n<li><strong>Capacit\u00e9 de couple \u00e9lev\u00e9e<\/strong>La bo\u00eete de vitesses RC20 offre un couple \u00e9lev\u00e9, notamment dans les rapports inf\u00e9rieurs, ce qui la rend id\u00e9ale pour les t\u00e2ches exigeantes comme la coupe \u00e0 travers des broussailles \u00e9paisses ou sur des terrains accident\u00e9s. Cette caract\u00e9ristique garantit des performances optimales, m\u00eame sous forte charge.<\/li>\n<li><strong>Conception compacte et l\u00e9g\u00e8re<\/strong>Malgr\u00e9 sa robustesse et sa durabilit\u00e9, la bo\u00eete de vitesses RC20 est compacte et l\u00e9g\u00e8re, ce qui facilite son installation et son entretien. Sa conception contribue \u00e0 l&#039;efficacit\u00e9 globale de la tondeuse tout en minimisant le surpoids.<\/li>\n<\/ol>\n<p>En int\u00e9grant ces caract\u00e9ristiques, la bo\u00eete de vitesses de tondeuse rotative RC20 est une solution fiable et performante pour une grande vari\u00e9t\u00e9 d&#039;applications de tonte et de d\u00e9frichement.<\/p>\n<table style=\"width: 103.676%; height: 337px;\" width=\"136\">\n<tbody>\n<tr style=\"height: 337px;\">\n<td style=\"width: 49.375%; height: 337px;\" width=\"72\"><img loading=\"lazy\" decoding=\"async\" class=\"alignnone size-full wp-image-2216\" src=\"https:\/\/fmp-components.com\/wp-content\/uploads\/2024\/12\/Using-RC20-Rotary-Mower-Gearbox-Precautions-1.webp\" alt=\"Pr\u00e9cautions d&#039;utilisation de la bo\u00eete de vitesses de la tondeuse rotative RC20\" width=\"1000\" height=\"700\" title=\"\" srcset=\"https:\/\/fmp-components.com\/wp-content\/uploads\/2024\/12\/Using-RC20-Rotary-Mower-Gearbox-Precautions-1.webp 1000w, https:\/\/fmp-components.com\/wp-content\/uploads\/2024\/12\/Using-RC20-Rotary-Mower-Gearbox-Precautions-1-980x686.webp 980w, https:\/\/fmp-components.com\/wp-content\/uploads\/2024\/12\/Using-RC20-Rotary-Mower-Gearbox-Precautions-1-480x336.webp 480w\" sizes=\"(min-width: 0px) and (max-width: 480px) 480px, (min-width: 481px) and (max-width: 980px) 980px, (min-width: 981px) 1000px, 100vw\" \/><\/td>\n<td style=\"width: 49.8959%; height: 337px;\" width=\"64\"><img loading=\"lazy\" decoding=\"async\" class=\"alignnone size-full wp-image-2217\" src=\"https:\/\/fmp-components.com\/wp-content\/uploads\/2024\/12\/Using-RC20-Rotary-Mower-Gearbox-Precautions-2.webp\" alt=\"Pr\u00e9cautions d&#039;utilisation de la bo\u00eete de vitesses de la tondeuse rotative RC20\" width=\"1000\" height=\"700\" title=\"\" srcset=\"https:\/\/fmp-components.com\/wp-content\/uploads\/2024\/12\/Using-RC20-Rotary-Mower-Gearbox-Precautions-2.webp 1000w, https:\/\/fmp-components.com\/wp-content\/uploads\/2024\/12\/Using-RC20-Rotary-Mower-Gearbox-Precautions-2-980x686.webp 980w, https:\/\/fmp-components.com\/wp-content\/uploads\/2024\/12\/Using-RC20-Rotary-Mower-Gearbox-Precautions-2-480x336.webp 480w\" sizes=\"(min-width: 0px) and (max-width: 480px) 480px, (min-width: 481px) and (max-width: 980px) 980px, (min-width: 981px) 1000px, 100vw\" \/><\/td>\n<\/tr>\n<\/tbody>\n<\/table>\n<h2>Arbre de prise de force pour bo\u00eete de vitesses de coupe rotative<\/h2>\n<p>L&#039;arbre de prise de force (PDF) est un \u00e9l\u00e9ment essentiel qui relie le bo\u00eetier de la faucheuse rotative au syst\u00e8me d&#039;alimentation du tracteur, permettant ainsi le transfert de puissance du tracteur au m\u00e9canisme de coupe. Un arbre de prise de force de haute qualit\u00e9 garantit un fonctionnement efficace et fiable du bo\u00eetier de la faucheuse rotative, lui permettant de r\u00e9aliser des travaux de tonte et de d\u00e9frichage difficiles. Voici les principales caract\u00e9ristiques et avantages de l&#039;arbre de prise de force pour un bo\u00eetier de la faucheuse rotative\u00a0:<\/p>\n<p><strong>Transfert de puissance efficace<\/strong><\/p>\n<p>L&#039;arbre de prise de force assure une liaison fluide entre le syst\u00e8me de prise de force du tracteur et le bo\u00eetier de la faucheuse. Il transf\u00e8re efficacement la puissance de rotation, garantissant ainsi une vitesse de rotation optimale des lames pour une coupe efficace. Ce transfert direct de puissance contribue \u00e0 maintenir une productivit\u00e9 \u00e9lev\u00e9e pendant l&#039;utilisation.<\/p>\n<p><strong>Construction durable<\/strong><\/p>\n<p>L&#039;arbre de prise de force est fabriqu\u00e9 \u00e0 partir de mat\u00e9riaux haute r\u00e9sistance, con\u00e7us pour supporter un couple \u00e9lev\u00e9 et une utilisation intensive. Il est con\u00e7u pour r\u00e9sister \u00e0 l&#039;usure et \u00e0 la fatigue, m\u00eame dans des environnements de travail difficiles, garantissant des performances durables avec un entretien minimal.<\/p>\n<p><strong>Flexibilit\u00e9 et polyvalence<\/strong><\/p>\n<p>Les arbres de prise de force sont disponibles dans une vari\u00e9t\u00e9 de tailles et de configurations, ce qui les rend compatibles avec diff\u00e9rents bo\u00eetiers de d\u00e9broussailleuses et mod\u00e8les de tracteurs. Ils sont con\u00e7us pour une grande vari\u00e9t\u00e9 de t\u00e2ches agricoles, comme la tonte, le d\u00e9frichage et le d\u00e9broussaillage, sur diff\u00e9rents terrains et types de v\u00e9g\u00e9tation.<\/p>\n<p><strong>Caract\u00e9ristiques de s\u00e9curit\u00e9<\/strong><\/p>\n<p>De nombreux arbres de prise de force sont \u00e9quip\u00e9s de dispositifs de s\u00e9curit\u00e9, tels que des goupilles de cisaillement ou des limiteurs de couple, qui prot\u00e8gent la machine des dommages caus\u00e9s par des surcharges ou des blocages soudains. Ces dispositifs garantissent un fonctionnement s\u00fbr, \u00e9vitant d&#039;endommager le bo\u00eetier de la fraise rotative et le syst\u00e8me de prise de force du tracteur.<\/p>\n<p><strong>Installation et entretien faciles<\/strong><\/p>\n<p>Les arbres de prise de force pour bo\u00eetes de vitesses de faucheuses rotatives sont con\u00e7us pour une fixation et une d\u00e9connexion faciles du syst\u00e8me de prise de force du tracteur. Leur conception simple et intuitive permet une installation et un entretien rapides, r\u00e9duisant ainsi les temps d&#039;arr\u00eat. De plus, un entretien et une lubrification r\u00e9guliers de l&#039;arbre de prise de force garantissent un fonctionnement fluide et prolongent sa dur\u00e9e de vie.<\/p>\n<p><strong>Capacit\u00e9 de charge lourde<\/strong><\/p>\n<p>Pour les applications plus exigeantes, comme le d\u00e9broussaillage \u00e9pais ou le travail sur terrain accident\u00e9, l&#039;arbre de prise de force pour bo\u00eetiers de d\u00e9broussailleuse est con\u00e7u pour supporter des couples \u00e9lev\u00e9s. Il garantit des performances optimales du bo\u00eetier, m\u00eame dans des conditions difficiles, fournissant une puissance constante et fiable aux lames de la d\u00e9broussailleuse.<\/p>\n<p><strong>R\u00e9sistance \u00e0 la corrosion<\/strong><\/p>\n<p>Pour r\u00e9sister aux intemp\u00e9ries, les arbres de prise de force sont souvent recouverts de mat\u00e9riaux anticorrosion, ce qui les prot\u00e8ge de la rouille et de l&#039;usure due \u00e0 l&#039;humidit\u00e9, \u00e0 la salet\u00e9 et \u00e0 d&#039;autres facteurs environnementaux. Ils sont ainsi adapt\u00e9s \u00e0 une utilisation dans des conditions climatiques vari\u00e9es et prolongent leur dur\u00e9e de vie.<\/p>\n<p>En r\u00e9sum\u00e9, l&#039;arbre de prise de force des bo\u00eetes de vitesses des faucheuses rotatives joue un r\u00f4le crucial pour un fonctionnement efficace, fiable et s\u00fbr des \u00e9quipements agricoles. En assurant un transfert de puissance fluide et en offrant flexibilit\u00e9 et durabilit\u00e9, l&#039;arbre de prise de force garantit des performances optimales de la faucheuse rotative, r\u00e9pondant aux exigences d&#039;une grande vari\u00e9t\u00e9 de t\u00e2ches de coupe.<\/p>\n<table style=\"width: 104.338%; height: 13px;\" width=\"136\">\n<tbody>\n<tr>\n<td style=\"width: 51.3458%;\" width=\"72\"><img loading=\"lazy\" decoding=\"async\" class=\"alignnone size-full wp-image-2213\" src=\"https:\/\/fmp-components.com\/wp-content\/uploads\/2024\/12\/PTO-Shaft-for-Rotary-Cutter-Gearbox-61.webp\" alt=\"Arbre de prise de force pour bo\u00eete de vitesses de coupe rotative\" width=\"600\" height=\"400\" title=\"\" srcset=\"https:\/\/fmp-components.com\/wp-content\/uploads\/2024\/12\/PTO-Shaft-for-Rotary-Cutter-Gearbox-61.webp 600w, https:\/\/fmp-components.com\/wp-content\/uploads\/2024\/12\/PTO-Shaft-for-Rotary-Cutter-Gearbox-61-480x320.webp 480w\" sizes=\"(min-width: 0px) and (max-width: 480px) 480px, (min-width: 481px) 600px, 100vw\" \/><\/td>\n<td style=\"width: 47.9296%;\" width=\"64\"><img loading=\"lazy\" decoding=\"async\" class=\"alignnone size-full wp-image-2214\" src=\"https:\/\/fmp-components.com\/wp-content\/uploads\/2024\/12\/PTO-Shaft-for-Rotary-Cutter-Gearbox-51.webp\" alt=\"Arbre de prise de force pour bo\u00eete de vitesses de coupe rotative\" width=\"600\" height=\"400\" title=\"\" srcset=\"https:\/\/fmp-components.com\/wp-content\/uploads\/2024\/12\/PTO-Shaft-for-Rotary-Cutter-Gearbox-51.webp 600w, https:\/\/fmp-components.com\/wp-content\/uploads\/2024\/12\/PTO-Shaft-for-Rotary-Cutter-Gearbox-51-480x320.webp 480w\" sizes=\"(min-width: 0px) and (max-width: 480px) 480px, (min-width: 481px) 600px, 100vw\" \/><\/td>\n<\/tr>\n<\/tbody>\n<\/table>\n<h3>\u00c0 propos de FMP<\/h3>\n<p>Bas\u00e9 en Italie, FMP est un fabricant leader reconnu pour son expertise dans la conception, le d\u00e9veloppement et la production de bo\u00eetes de vitesses hautes performances, principalement destin\u00e9es au secteur des machines agricoles. R\u00e9put\u00e9 pour sa pr\u00e9cision, son innovation et sa fiabilit\u00e9 \u00e0 toute \u00e9preuve, FMP s&#039;est impos\u00e9 comme un partenaire de confiance pour r\u00e9pondre aux exigences \u00e9volutives des march\u00e9s agricoles et industriels. Notre gamme compl\u00e8te de produits comprend des bo\u00eetes de vitesses sp\u00e9cialis\u00e9es pour tondeuses \u00e0 gazon, des arbres de prise de force et d&#039;autres composants critiques, tous con\u00e7us pour offrir des solutions efficaces et personnalis\u00e9es pour un large \u00e9ventail d&#039;applications.<\/p>\n<p>Chez FMP, nous comprenons que chaque client a des besoins et des d\u00e9fis uniques. C&#039;est pourquoi nous nous sp\u00e9cialisons dans la proposition de solutions sur mesure, qu&#039;il s&#039;agisse de composants individuels ou de syst\u00e8mes enti\u00e8rement int\u00e9gr\u00e9s. Nous adoptons une approche collaborative, en \u00e9troite collaboration avec nos clients, afin de garantir l&#039;efficacit\u00e9 de chaque solution. Notre engagement \u00e0 fournir des r\u00e9ponses rapides et professionnelles et des conseils d&#039;experts garantit que chaque demande est trait\u00e9e avec le plus grand soin et la plus grande pr\u00e9cision, garantissant ainsi les meilleurs r\u00e9sultats pour nos clients.<\/p>\n<p>Nous accordons une grande importance \u00e0 une communication ouverte et continue, notamment lors du d\u00e9veloppement de nouveaux produits. Notre \u00e9quipe d\u00e9di\u00e9e travaille en \u00e9troite collaboration avec nos clients afin de comprendre parfaitement leurs besoins et de leur apporter des conseils et des recommandations pr\u00e9cieux pour des solutions optimales. Qu&#039;il s&#039;agisse de concevoir des produits innovants ou d&#039;honorer des commandes existantes, FMP s&#039;engage \u00e0 fournir des solutions de haute qualit\u00e9, con\u00e7ues avec pr\u00e9cision et dans les d\u00e9lais impartis, garantissant ainsi \u00e0 ses clients un service et des r\u00e9sultats optimaux.<\/p>\n<p>Au c\u0153ur des activit\u00e9s de FMP se trouve notre souci constant de la qualit\u00e9. Nous adh\u00e9rons aux normes de fabrication les plus strictes et appliquons des mesures de contr\u00f4le qualit\u00e9 rigoureuses pour garantir que chaque produit r\u00e9ponde aux attentes de l&#039;industrie, voire les d\u00e9passe. Cet engagement envers la qualit\u00e9, associ\u00e9 \u00e0 nos valeurs fondamentales d&#039;int\u00e9grit\u00e9, de travail d&#039;\u00e9quipe et de pers\u00e9v\u00e9rance, nous a permis de b\u00e2tir des relations de confiance durables avec nos clients dans pr\u00e8s de 30 pays \u00e0 travers le monde.<\/p>\n<p>FMP est toujours d\u00e9sireux de nouer des partenariats internationaux et s&#039;engage \u00e0 fournir des conseils d&#039;experts et des solutions sur mesure pour r\u00e9pondre aux divers besoins de ses clients. Notre approche va au-del\u00e0 de la simple livraison de produits\u00a0; nous visons \u00e0 entretenir des relations durables qui contribuent \u00e0 la r\u00e9ussite de chaque projet. Que vous ayez besoin de solutions innovantes pour une nouvelle entreprise ou d&#039;un support continu pour un syst\u00e8me existant, FMP est l\u00e0 pour relever vos d\u00e9fis techniques et vous accompagner dans la r\u00e9ussite de votre projet.<\/p>\n<p><img loading=\"lazy\" decoding=\"async\" class=\"alignnone size-full wp-image-1861\" src=\"https:\/\/fmp-components.com\/wp-content\/uploads\/2024\/12\/Other-Agricultural-Gearboxes.webp\" sizes=\"(min-width: 0px) and (max-width: 480px) 480px, (min-width: 481px) and (max-width: 980px) 980px, (min-width: 981px) 1200px, 100vw\" srcset=\"https:\/\/fmp-components.com\/wp-content\/uploads\/2024\/12\/Other-Agricultural-Gearboxes.webp 1200w, https:\/\/fmp-components.com\/wp-content\/uploads\/2024\/12\/Other-Agricultural-Gearboxes-980x1143.webp 980w, https:\/\/fmp-components.com\/wp-content\/uploads\/2024\/12\/Other-Agricultural-Gearboxes-480x560.webp 480w\" alt=\"Autres changements agricoles\" width=\"1200\" height=\"1400\" title=\"\"><\/p>\n<p>Auteur : CX<\/p>","protected":false},"excerpt":{"rendered":"<p>Rotary Cutter Gearboxes \u2013 Replacement of Omni Code RC-20 Gearbox The Rotary Cutter Gearbox for the replacement of the Omni Code RC-20 gearbox is designed to provide superior performance and durability in agricultural and industrial applications. This high-quality replacement gearbox is engineered to fit seamlessly into rotary cutters, offering an efficient and reliable solution for [&hellip;]<\/p>","protected":false},"featured_media":2211,"comment_status":"open","ping_status":"closed","template":"","meta":{"_et_pb_use_builder":"","_et_pb_old_content":"","_et_gb_content_width":""},"product_brand":[],"product_cat":[56],"product_tag":[],"class_list":{"0":"post-2209","1":"product","2":"type-product","3":"status-publish","4":"has-post-thumbnail","6":"product_cat-rotary-cutter-gearbox","8":"first","9":"instock","10":"shipping-taxable","11":"product-type-simple"},"_links":{"self":[{"href":"https:\/\/fmp-components.com\/fr\/wp-json\/wp\/v2\/product\/2209","targetHints":{"allow":["GET"]}}],"collection":[{"href":"https:\/\/fmp-components.com\/fr\/wp-json\/wp\/v2\/product"}],"about":[{"href":"https:\/\/fmp-components.com\/fr\/wp-json\/wp\/v2\/types\/product"}],"replies":[{"embeddable":true,"href":"https:\/\/fmp-components.com\/fr\/wp-json\/wp\/v2\/comments?post=2209"}],"wp:featuredmedia":[{"embeddable":true,"href":"https:\/\/fmp-components.com\/fr\/wp-json\/wp\/v2\/media\/2211"}],"wp:attachment":[{"href":"https:\/\/fmp-components.com\/fr\/wp-json\/wp\/v2\/media?parent=2209"}],"wp:term":[{"taxonomy":"product_brand","embeddable":true,"href":"https:\/\/fmp-components.com\/fr\/wp-json\/wp\/v2\/product_brand?post=2209"},{"taxonomy":"product_cat","embeddable":true,"href":"https:\/\/fmp-components.com\/fr\/wp-json\/wp\/v2\/product_cat?post=2209"},{"taxonomy":"product_tag","embeddable":true,"href":"https:\/\/fmp-components.com\/fr\/wp-json\/wp\/v2\/product_tag?post=2209"}],"curies":[{"name":"wp","href":"https:\/\/api.w.org\/{rel}","templated":true}]}}