{"id":2187,"date":"2024-12-30T08:31:56","date_gmt":"2024-12-30T08:31:56","guid":{"rendered":"https:\/\/fmp-components.com\/?page_id=8"},"modified":"2024-12-30T08:37:15","modified_gmt":"2024-12-30T08:37:15","slug":"agricultural-sprayer-gearbox-replacement-of-comer-code-d27a-d27j-d27b","status":"publish","type":"product","link":"https:\/\/fmp-components.com\/fr\/product\/agricultural-sprayer-gearbox-replacement-of-comer-code-d27a-d27j-d27b\/","title":{"rendered":"Bo\u00eete de vitesses pour pulv\u00e9risateur agricole \u2013 Remplacement des mod\u00e8les Comer Code D27A D27J D27B"},"content":{"rendered":"<h2>Sp\u00e9cifications de la bo\u00eete de vitesses pour pulv\u00e9risateur agricole D27A\/D27J\/D27B<\/h2>\n<h3><em>D27A<\/em><\/h3>\n<p><img loading=\"lazy\" decoding=\"async\" class=\"alignnone size-full wp-image-2192\" src=\"https:\/\/fmp-components.com\/wp-content\/uploads\/2024\/12\/agricultural-sprayer-gearbox-specification-D27A.webp\" alt=\"Sp\u00e9cifications de la bo\u00eete de vitesses pour pulv\u00e9risateur agricole - D27A\" width=\"908\" height=\"473\" title=\"\" srcset=\"https:\/\/fmp-components.com\/wp-content\/uploads\/2024\/12\/agricultural-sprayer-gearbox-specification-D27A.webp 908w, https:\/\/fmp-components.com\/wp-content\/uploads\/2024\/12\/agricultural-sprayer-gearbox-specification-D27A-480x250.webp 480w\" sizes=\"(min-width: 0px) and (max-width: 480px) 480px, (min-width: 481px) 908px, 100vw\" \/><\/p>\n<table style=\"width: 101.336%; height: 345px;\" border=\"1\" cellspacing=\"0\" cellpadding=\"0\">\n<tbody>\n<tr style=\"height: 23px;\">\n<td style=\"height: 70px; width: 7.24947%;\" rowspan=\"2\"><strong>je<\/strong><\/td>\n<td style=\"height: 70px; width: 13.6461%;\" rowspan=\"2\"><strong>N<sub>1<\/sub>[tr\/min]<\/strong><\/td>\n<td style=\"height: 70px; width: 12.0469%;\" rowspan=\"2\"><strong>P<sub>1<\/sub>[kW]<\/strong><\/td>\n<td style=\"height: 70px; width: 13.0064%;\" rowspan=\"2\"><strong>M<sub>2<\/sub>[Nm]<\/strong><\/td>\n<td style=\"height: 23px; width: 44.8827%;\" colspan=\"2\"><strong>Type d'arbre<\/strong><strong><br \/>\n<\/strong><\/td>\n<td style=\"height: 70px; width: 9.06183%;\" rowspan=\"2\"><strong>Saisir<\/strong><\/td>\n<\/tr>\n<tr style=\"height: 47px;\">\n<td style=\"height: 47px; width: 21.9616%;\"><strong>\u00a0 \u00a0 \u00a0 \u00a0 \u00a0 \u00a0 \u00a0 \u00a0 \u00a0 \u00a0 \u00a0 \u00a0X<br \/>\n<\/strong>\u00a0<img loading=\"lazy\" decoding=\"async\" class=\"size-full wp-image-2180 aligncenter\" src=\"https:\/\/fmp-components.com\/wp-content\/uploads\/2024\/12\/shaft-x-3.webp\" alt=\"arbre-x\" width=\"81\" height=\"78\" title=\"\" srcset=\"https:\/\/fmp-components.com\/wp-content\/uploads\/2024\/12\/shaft-x-3.webp 81w, https:\/\/fmp-components.com\/wp-content\/uploads\/2024\/12\/shaft-x-3-12x12.webp 12w\" sizes=\"(max-width: 81px) 100vw, 81px\" \/><\/td>\n<td style=\"height: 47px; width: 22.9211%;\"><strong>\u00a0 \u00a0 \u00a0 \u00a0 \u00a0 \u00a0 \u00a0 \u00a0 \u00a0 \u00a0 \u00a0Z<\/strong><\/p>\n<p><strong><img loading=\"lazy\" decoding=\"async\" class=\"size-full wp-image-2181 aligncenter\" src=\"https:\/\/fmp-components.com\/wp-content\/uploads\/2024\/12\/shaft-z.webp\" alt=\"arbre-z\" width=\"81\" height=\"84\" title=\"\" srcset=\"https:\/\/fmp-components.com\/wp-content\/uploads\/2024\/12\/shaft-z.webp 81w, https:\/\/fmp-components.com\/wp-content\/uploads\/2024\/12\/shaft-z-12x12.webp 12w\" sizes=\"(max-width: 81px) 100vw, 81px\" \/><\/strong><\/td>\n<\/tr>\n<tr style=\"height: 47px;\">\n<td style=\"height: 47px; width: 7.24947%;\">4.00<br \/>\n5.25<\/td>\n<td style=\"height: 47px; width: 13.6461%;\">540<\/td>\n<td style=\"height: 47px; width: 12.0469%;\">22.1<\/td>\n<td style=\"height: 47px; width: 13.0064%;\"><\/td>\n<td style=\"height: 47px; width: 21.9616%;\">1\u201d 3\/8 Z6<\/td>\n<td style=\"height: 47px; width: 22.9211%;\"><\/td>\n<td style=\"height: 47px; width: 9.06183%;\">X<\/td>\n<\/tr>\n<tr style=\"height: 47px;\">\n<td style=\"height: 47px; width: 7.24947%;\">3.70<br \/>\n4.80<\/td>\n<td style=\"height: 47px; width: 13.6461%;\">540<\/td>\n<td style=\"height: 47px; width: 12.0469%;\">22.1<\/td>\n<td style=\"height: 47px; width: 13.0064%;\">&#8211;<\/td>\n<td style=\"height: 47px; width: 21.9616%;\">1\u201d 3\/8 Z6<\/td>\n<td style=\"height: 47px; width: 22.9211%;\">\u00a0L250 35<\/td>\n<td style=\"height: 47px; width: 9.06183%;\">X<\/td>\n<\/tr>\n<tr style=\"height: 47px;\">\n<td style=\"height: 47px; width: 7.24947%;\">3.70<br \/>\n4.40<\/td>\n<td style=\"height: 47px; width: 13.6461%;\">540<\/td>\n<td style=\"height: 47px; width: 12.0469%;\">22.1<\/td>\n<td style=\"height: 47px; width: 13.0064%;\">&#8211;<\/td>\n<td style=\"height: 47px; width: 21.9616%;\">1\u201d 3\/8 Z6<\/td>\n<td style=\"height: 47px; width: 22.9211%;\">L117 35<\/td>\n<td style=\"height: 47px; width: 9.06183%;\">X<\/td>\n<\/tr>\n<tr style=\"height: 47px;\">\n<td style=\"height: 47px; width: 7.24947%;\">2.95<br \/>\n4.00<\/td>\n<td style=\"height: 47px; width: 13.6461%;\">540<\/td>\n<td style=\"height: 47px; width: 12.0469%;\">22.1<\/td>\n<td style=\"height: 47px; width: 13.0064%;\"><\/td>\n<td style=\"height: 47px; width: 21.9616%;\">1\u201d 3\/8 Z6<\/td>\n<td style=\"height: 47px; width: 22.9211%;\"><\/td>\n<td style=\"height: 47px; width: 9.06183%;\">X<\/td>\n<\/tr>\n<\/tbody>\n<\/table>\n<p><img loading=\"lazy\" decoding=\"async\" class=\"alignnone size-full wp-image-2191\" src=\"https:\/\/fmp-components.com\/wp-content\/uploads\/2024\/12\/agricultural-sprayer-gearbox-specification-D27J-D27B.webp\" alt=\"Sp\u00e9cifications de la bo\u00eete de vitesses pour pulv\u00e9risateur agricole - D27J-D27B\" width=\"853\" height=\"454\" title=\"\" srcset=\"https:\/\/fmp-components.com\/wp-content\/uploads\/2024\/12\/agricultural-sprayer-gearbox-specification-D27J-D27B.webp 853w, https:\/\/fmp-components.com\/wp-content\/uploads\/2024\/12\/agricultural-sprayer-gearbox-specification-D27J-D27B-480x255.webp 480w\" sizes=\"(min-width: 0px) and (max-width: 480px) 480px, (min-width: 481px) 853px, 100vw\" \/><\/p>\n<table style=\"width: 100.094%; height: 286px;\" border=\"1\" cellspacing=\"0\" cellpadding=\"0\">\n<tbody>\n<tr>\n<td style=\"width: 7.5594%;\" rowspan=\"2\"><strong>je<\/strong><\/td>\n<td style=\"width: 14.0389%;\" rowspan=\"2\"><strong>N<sub>1<\/sub>[tr\/min]<\/strong><\/td>\n<td style=\"width: 12.419%;\" rowspan=\"2\"><strong>P<sub>1<\/sub>[kW]<\/strong><\/td>\n<td style=\"width: 13.4989%;\" rowspan=\"2\"><strong>M<sub>2<\/sub>[Nm]<\/strong><\/td>\n<td style=\"width: 42.9806%;\" colspan=\"2\"><strong>Type d'arbre<\/strong><strong><br \/>\n<\/strong><\/td>\n<td style=\"width: 9.28726%;\" rowspan=\"2\"><strong>Saisir<\/strong><\/td>\n<\/tr>\n<tr>\n<td style=\"width: 21.4903%;\"><strong>\u00a0 \u00a0 \u00a0 \u00a0 \u00a0 \u00a0 \u00a0 \u00a0 \u00a0 \u00a0 \u00a0 \u00a0X<br \/>\n<\/strong><img loading=\"lazy\" decoding=\"async\" class=\"size-full wp-image-2180 aligncenter\" src=\"https:\/\/fmp-components.com\/wp-content\/uploads\/2024\/12\/shaft-x-3.webp\" alt=\"arbre-x\" width=\"81\" height=\"78\" title=\"\" srcset=\"https:\/\/fmp-components.com\/wp-content\/uploads\/2024\/12\/shaft-x-3.webp 81w, https:\/\/fmp-components.com\/wp-content\/uploads\/2024\/12\/shaft-x-3-12x12.webp 12w\" sizes=\"(max-width: 81px) 100vw, 81px\" \/><\/td>\n<td style=\"width: 21.4903%;\"><strong>\u00a0 \u00a0 \u00a0 \u00a0 \u00a0 \u00a0 \u00a0 \u00a0 \u00a0 \u00a0 \u00a0 Z<img loading=\"lazy\" decoding=\"async\" class=\"size-full wp-image-2181 aligncenter\" src=\"https:\/\/fmp-components.com\/wp-content\/uploads\/2024\/12\/shaft-z.webp\" alt=\"arbre-z\" width=\"81\" height=\"84\" title=\"\" srcset=\"https:\/\/fmp-components.com\/wp-content\/uploads\/2024\/12\/shaft-z.webp 81w, https:\/\/fmp-components.com\/wp-content\/uploads\/2024\/12\/shaft-z-12x12.webp 12w\" sizes=\"(max-width: 81px) 100vw, 81px\" \/><\/strong><\/td>\n<\/tr>\n<tr>\n<td style=\"width: 7.5594%;\">4.00<br \/>\n5.25<\/td>\n<td style=\"width: 14.0389%;\">540<\/td>\n<td style=\"width: 12.419%;\">22.1<\/td>\n<td style=\"width: 13.4989%;\">&#8211;<\/td>\n<td style=\"width: 21.4903%;\">1\u201d 3\/8 Z6<\/td>\n<td style=\"width: 21.4903%;\">L200 \u03a630<\/td>\n<td style=\"width: 9.28726%;\">X<\/td>\n<\/tr>\n<tr>\n<td style=\"width: 7.5594%;\">3.69<br \/>\n4.36<\/td>\n<td style=\"width: 14.0389%;\">540<\/td>\n<td style=\"width: 12.419%;\">22.1<\/td>\n<td style=\"width: 13.4989%;\">&#8211;<\/td>\n<td style=\"width: 21.4903%;\">1\u201d 3\/8 Z6<\/td>\n<td style=\"width: 21.4903%;\">\u00a0L253 40<\/td>\n<td style=\"width: 9.28726%;\">X<\/td>\n<\/tr>\n<tr>\n<td style=\"width: 7.5594%;\">2.95<br \/>\n4.00<\/td>\n<td style=\"width: 14.0389%;\">540<\/td>\n<td style=\"width: 12.419%;\">22.1<\/td>\n<td style=\"width: 13.4989%;\">&#8211;<\/td>\n<td style=\"width: 21.4903%;\">1\u201d 3\/8 Z6<\/td>\n<td style=\"width: 21.4903%;\">L200 40<\/td>\n<td style=\"width: 9.28726%;\">X<\/td>\n<\/tr>\n<tr>\n<td style=\"width: 7.5594%;\">2.95<br \/>\n4.00<\/td>\n<td style=\"width: 14.0389%;\">540<\/td>\n<td style=\"width: 12.419%;\">22.1<\/td>\n<td style=\"width: 13.4989%;\">&#8211;<\/td>\n<td style=\"width: 21.4903%;\">1\u201d 3\/8 Z6<\/td>\n<td style=\"width: 21.4903%;\">L250 40<\/td>\n<td style=\"width: 9.28726%;\">X<\/td>\n<\/tr>\n<\/tbody>\n<\/table>\n<h3>Avantages de la bo\u00eete de vitesses du pulv\u00e9risateur agricole<\/h3>\n<ol>\n<li><strong>Transmission d&#039;\u00e9nergie efficace<\/strong><br \/>\nLes bo\u00eetes de vitesses des pulv\u00e9risateurs agricoles sont con\u00e7ues pour transmettre efficacement la puissance de la prise de force du tracteur \u00e0 la pompe ou au m\u00e9canisme de pulv\u00e9risation du pulv\u00e9risateur. Ceci garantit un fonctionnement optimal du pulv\u00e9risateur, la bo\u00eete de vitesses convertissant le couple faible et la vitesse \u00e9lev\u00e9e du tracteur en un couple \u00e9lev\u00e9 et une vitesse de sortie adapt\u00e9s \u00e0 une pulv\u00e9risation efficace. Cette transmission de puissance efficace maximise les performances du pulv\u00e9risateur, assurant une pulv\u00e9risation pr\u00e9cise et homog\u00e8ne de pesticides, d'engrais et autres produits chimiques.<\/li>\n<li><strong>R\u00e9duction de la vitesse et augmentation du couple<\/strong><br \/>\nL'un des principaux avantages d'une bo\u00eete de vitesses pour pulv\u00e9risateur agricole r\u00e9side dans sa capacit\u00e9 \u00e0 r\u00e9duire la vitesse et \u00e0 augmenter le couple de la puissance d'entr\u00e9e. Les pulv\u00e9risateurs n\u00e9cessitent une vitesse r\u00e9duite et un couple \u00e9lev\u00e9 pour un fonctionnement optimal des pompes et des buses, et la bo\u00eete de vitesses garantit le respect de ces conditions. En ralentissant la vitesse de rotation de la prise de force du tracteur tout en augmentant le couple, la bo\u00eete de vitesses fournit l'avantage m\u00e9canique n\u00e9cessaire \u00e0 une pulv\u00e9risation efficace sur de vastes surfaces agricoles.<\/li>\n<li><strong>Durabilit\u00e9 et long\u00e9vit\u00e9<\/strong><br \/>\nLes r\u00e9ducteurs des pulv\u00e9risateurs agricoles sont con\u00e7us pour r\u00e9sister aux conditions difficiles du travail agricole. Fabriqu\u00e9s avec des mat\u00e9riaux de haute qualit\u00e9 et selon une conception robuste, ils garantissent durabilit\u00e9 et performance \u00e0 long terme. Leur capacit\u00e9 \u00e0 supporter les fortes contraintes et le fonctionnement continu typiques des environnements agricoles leur conf\u00e8re une grande fiabilit\u00e9, r\u00e9duisant ainsi la fr\u00e9quence des r\u00e9parations et des remplacements. Cette long\u00e9vit\u00e9 se traduit par un co\u00fbt total de possession plus faible pour les agriculteurs.<\/li>\n<li><strong>Protection contre les surcharges<\/strong><br \/>\nDe nombreuses bo\u00eetes de vitesses de pulv\u00e9risateurs agricoles sont \u00e9quip\u00e9es de m\u00e9canismes de protection contre les surcharges, tels que des goupilles de cisaillement ou des embrayages. Ces syst\u00e8mes prot\u00e8gent la bo\u00eete de vitesses des surcharges m\u00e9caniques soudaines, qui peuvent survenir en cas d'obstacle ou de variation brutale de la charge. En absorbant les contraintes excessives et en pr\u00e9venant l'endommagement des composants internes, la protection contre les surcharges prolonge la dur\u00e9e de vie de la bo\u00eete de vitesses et garantit un fonctionnement continu lors des op\u00e9rations de pulv\u00e9risation critiques.<\/li>\n<li><strong>Entretien r\u00e9duit et lubrification facile<\/strong><br \/>\nUne lubrification ad\u00e9quate est essentielle au bon fonctionnement de toute bo\u00eete de vitesses, et celles des pulv\u00e9risateurs agricoles sont con\u00e7ues avec des syst\u00e8mes de lubrification faciles d'entretien. Ces syst\u00e8mes garantissent une lubrification optimale des engrenages et des pi\u00e8ces mobiles, r\u00e9duisant ainsi la friction et l'usure, et pr\u00e9venant la surchauffe. Un entretien r\u00e9gulier, comprenant notamment des vidanges d'huile p\u00e9riodiques, permet \u00e0 la bo\u00eete de vitesses de conserver son efficacit\u00e9 et de fonctionner sans \u00e0-coups, n\u00e9cessitant un minimum d'entretien tout au long de sa dur\u00e9e de vie. Cette facilit\u00e9 d'entretien contribue \u00e0 r\u00e9duire les co\u00fbts d'exploitation et les temps d'arr\u00eat pour les agriculteurs.<\/li>\n<\/ol>\n<p>La bo\u00eete de vitesses du pulv\u00e9risateur agricole offre de nombreux avantages, notamment une transmission de puissance efficace, une r\u00e9duction de vitesse avec augmentation du couple, une grande durabilit\u00e9, une protection contre les surcharges et des besoins d'entretien r\u00e9duits. Ces caract\u00e9ristiques contribuent \u00e0 la fiabilit\u00e9 et \u00e0 l'efficacit\u00e9 de la bo\u00eete de vitesses, garantissant ainsi le bon fonctionnement des pulv\u00e9risateurs dans le temps, m\u00eame dans des conditions agricoles difficiles. En optimisant les performances et en r\u00e9duisant les temps d'arr\u00eat, la bo\u00eete de vitesses est un composant essentiel pour des op\u00e9rations de pulv\u00e9risation r\u00e9ussies et rentables.<\/p>\n<p><img loading=\"lazy\" decoding=\"async\" class=\"alignnone size-full wp-image-2193\" src=\"https:\/\/fmp-components.com\/wp-content\/uploads\/2024\/12\/Agricultural-Sprayer-Gearbox-19.webp\" alt=\"Bo\u00eete de vitesses pour pulv\u00e9risateur agricole\" width=\"2016\" height=\"1512\" title=\"\" srcset=\"https:\/\/fmp-components.com\/wp-content\/uploads\/2024\/12\/Agricultural-Sprayer-Gearbox-19.webp 2016w, https:\/\/fmp-components.com\/wp-content\/uploads\/2024\/12\/Agricultural-Sprayer-Gearbox-19-1280x960.webp 1280w, https:\/\/fmp-components.com\/wp-content\/uploads\/2024\/12\/Agricultural-Sprayer-Gearbox-19-980x735.webp 980w, https:\/\/fmp-components.com\/wp-content\/uploads\/2024\/12\/Agricultural-Sprayer-Gearbox-19-480x360.webp 480w\" sizes=\"(min-width: 0px) and (max-width: 480px) 480px, (min-width: 481px) and (max-width: 980px) 980px, (min-width: 981px) and (max-width: 1280px) 1280px, (min-width: 1281px) 2016px, 100vw\" \/><\/p>\n<h3>Arbres de prise de force pour bo\u00eete de vitesses de pulv\u00e9risateur agricole<\/h3>\n<ol>\n<li><strong>Efficacit\u00e9 de transmission de puissance<\/strong><br \/>\nL'arbre de prise de force (PDF) joue un r\u00f4le crucial dans la transmission de la puissance m\u00e9canique du tracteur \u00e0 la bo\u00eete de vitesses du pulv\u00e9risateur agricole. Reli\u00e9 au syst\u00e8me de prise de force du tracteur, il permet la transmission de la puissance du moteur \u00e0 la bo\u00eete de vitesses, qui alimente la pompe du pulv\u00e9risateur et d'autres composants essentiels. Cette transmission directe de puissance garantit un fonctionnement optimal du pulv\u00e9risateur, en assurant la pression et le d\u00e9bit ad\u00e9quats pour une distribution uniforme des produits chimiques.<\/li>\n<li><strong>Polyvalence et compatibilit\u00e9<\/strong><br \/>\nLes arbres de prise de force (PDF) sont con\u00e7us pour \u00eatre extr\u00eamement polyvalents et compatibles avec une large gamme de bo\u00eetes de vitesses de pulv\u00e9risateurs agricoles. Disponibles en diff\u00e9rentes tailles et configurations, ils s'adaptent facilement \u00e0 diff\u00e9rents types de pulv\u00e9risateurs, des petits mod\u00e8les portatifs aux grands pulv\u00e9risateurs mont\u00e9s sur tracteur. Leur conception universelle permet une int\u00e9gration parfaite avec divers syst\u00e8mes de pulv\u00e9risation, ce qui en fait une solution fiable pour les agriculteurs utilisant diff\u00e9rents mod\u00e8les de pulv\u00e9risateurs dans le cadre de leurs activit\u00e9s agricoles.<\/li>\n<li><strong>Durabilit\u00e9 et construction robuste<\/strong><br \/>\nLes bo\u00eetes de vitesses et les arbres de prise de force des pulv\u00e9risateurs agricoles sont soumis \u00e0 des conditions de travail difficiles, notamment \u00e0 la salet\u00e9, \u00e0 l'humidit\u00e9 et aux fortes charges. Les arbres de prise de force utilis\u00e9s avec ces bo\u00eetes de vitesses sont fabriqu\u00e9s \u00e0 partir de mat\u00e9riaux haute r\u00e9sistance, comme l'acier alli\u00e9, ce qui am\u00e9liore leur durabilit\u00e9 et leur r\u00e9sistance \u00e0 l'usure. Cette construction robuste garantit que l'arbre de prise de force peut supporter les contraintes r\u00e9p\u00e9t\u00e9es des op\u00e9rations agricoles, assurant ainsi une fiabilit\u00e9 \u00e0 long terme et minimisant les besoins de remplacement ou de r\u00e9paration.<\/li>\n<li><strong>Caract\u00e9ristiques de s\u00e9curit\u00e9<\/strong><br \/>\nDe nombreux arbres de prise de force (PDF) pour bo\u00eetes de vitesses de pulv\u00e9risateurs agricoles sont \u00e9quip\u00e9s de dispositifs de s\u00e9curit\u00e9 int\u00e9gr\u00e9s, tels que des goupilles de cisaillement, des embrayages ou des joints coulissants. Ces m\u00e9canismes de s\u00e9curit\u00e9 contribuent \u00e0 pr\u00e9venir les dommages \u00e0 l'arbre de PDF et \u00e0 la bo\u00eete de vitesses en cas de surcharge m\u00e9canique soudaine ou d'obstruction. En cas de surcharge m\u00e9canique, la goupille de cisaillement ou l'embrayage d\u00e9sengage la transmission de puissance de l'arbre, \u00e9vitant ainsi d'endommager la bo\u00eete de vitesses du pulv\u00e9risateur ou d'autres composants connect\u00e9s. Ces dispositifs de s\u00e9curit\u00e9 contribuent \u00e0 r\u00e9duire les risques d'immobilisation et de r\u00e9parations co\u00fbteuses, garantissant un fonctionnement continu.<\/li>\n<li><strong>Facilit\u00e9 d&#039;entretien<\/strong><br \/>\nUn entretien r\u00e9gulier des arbres de prise de force (PDF) est essentiel pour garantir des performances optimales et une longue dur\u00e9e de vie. Les arbres de PDF con\u00e7us pour les bo\u00eetes de vitesses des pulv\u00e9risateurs agricoles sont pens\u00e9s pour faciliter leur entretien. Ils sont \u00e9quip\u00e9s de raccords rapides, de graisseurs et de points d'acc\u00e8s ais\u00e9s pour la lubrification. En assurant une lubrification ad\u00e9quate et en effectuant des inspections r\u00e9guli\u00e8res, les agriculteurs s'assurent du bon fonctionnement de l'arbre de PDF, minimisant ainsi les frottements et l'usure. Un entretien r\u00e9gulier prolonge \u00e9galement la dur\u00e9e de vie de l'arbre de PDF et de la bo\u00eete de vitesses du pulv\u00e9risateur, r\u00e9duisant ainsi le co\u00fbt total de possession.<\/li>\n<\/ol>\n<p>Les arbres de prise de force (PDF) des bo\u00eetes de vitesses des pulv\u00e9risateurs agricoles sont des composants essentiels qui transmettent efficacement la puissance du tracteur au syst\u00e8me de pulv\u00e9risation. Leur polyvalence, leur robustesse et leur compatibilit\u00e9 avec diff\u00e9rents mod\u00e8les de pulv\u00e9risateurs en font un \u00e9l\u00e9ment crucial des exploitations agricoles modernes. Gr\u00e2ce \u00e0 leurs dispositifs de s\u00e9curit\u00e9 int\u00e9gr\u00e9s et \u00e0 leur facilit\u00e9 d'entretien, les arbres de prise de force contribuent \u00e0 un fonctionnement fluide, minimisent les temps d'arr\u00eat et prolongent la dur\u00e9e de vie de l'arbre et de la bo\u00eete de vitesses. Pour des performances optimales et une fiabilit\u00e9 \u00e0 long terme, un entretien r\u00e9gulier et une utilisation appropri\u00e9e de ces arbres sont indispensables au bon d\u00e9roulement des op\u00e9rations de pulv\u00e9risation agricole.<\/p>\n<p><img loading=\"lazy\" decoding=\"async\" class=\"alignnone size-full wp-image-2194\" src=\"https:\/\/fmp-components.com\/wp-content\/uploads\/2024\/12\/tractor-pto-shaft.webp\" alt=\"Bo\u00eete de vitesses pour pulv\u00e9risateur agricole\" width=\"1000\" height=\"580\" title=\"\" srcset=\"https:\/\/fmp-components.com\/wp-content\/uploads\/2024\/12\/tractor-pto-shaft.webp 1000w, https:\/\/fmp-components.com\/wp-content\/uploads\/2024\/12\/tractor-pto-shaft-980x568.webp 980w, https:\/\/fmp-components.com\/wp-content\/uploads\/2024\/12\/tractor-pto-shaft-480x278.webp 480w\" sizes=\"(min-width: 0px) and (max-width: 480px) 480px, (min-width: 481px) and (max-width: 980px) 980px, (min-width: 981px) 1000px, 100vw\" \/><\/p>\n<h3>\u00c0 propos de FMP<\/h3>\n<p>Bas\u00e9 en Italie, FMP est un fabricant leader reconnu pour son expertise dans la conception, le d\u00e9veloppement et la production de bo\u00eetes de vitesses hautes performances, plus particuli\u00e8rement pour le secteur des machines agricoles. Forte de sa r\u00e9putation d&#039;ing\u00e9nierie de pr\u00e9cision, de solutions innovantes et d&#039;une fiabilit\u00e9 \u00e0 toute \u00e9preuve, FMP est devenue un partenaire de confiance pour r\u00e9pondre aux besoins \u00e9volutifs des secteurs agricole et industriel. Notre gamme diversifi\u00e9e comprend des bo\u00eetes de vitesses sp\u00e9cialis\u00e9es pour tondeuses \u00e0 gazon, des arbres de prise de force et d&#039;autres composants essentiels, tous con\u00e7us avec soin pour offrir des solutions sur mesure pour un large \u00e9ventail d&#039;applications.<\/p>\n<p>Chez FMP, nous comprenons que chaque client a des exigences et des d\u00e9fis uniques. C&#039;est pourquoi nous nous sp\u00e9cialisons dans la proposition de solutions sur mesure, qu&#039;il s&#039;agisse de composants individuels ou de syst\u00e8mes enti\u00e8rement int\u00e9gr\u00e9s. Nous travaillons en \u00e9troite collaboration avec nos clients pour garantir que chaque solution soit non seulement efficace, mais aussi efficiente, optimisant ainsi la performance et la valeur. Notre engagement \u00e0 fournir des r\u00e9ponses rapides et professionnelles, associ\u00e9 \u00e0 des conseils d&#039;experts, garantit que chaque demande est trait\u00e9e avec le plus grand soin et la plus grande pr\u00e9cision, pour des r\u00e9sultats optimaux.<\/p>\n<p>Nous privil\u00e9gions une communication ouverte et continue tout au long du processus de d\u00e9veloppement produit. Notre \u00e9quipe d\u00e9di\u00e9e travaille en \u00e9troite collaboration avec nos clients afin de comprendre parfaitement leurs besoins sp\u00e9cifiques et de leur fournir des conseils et des recommandations pr\u00e9cieux pour garantir des solutions optimales. Qu&#039;il s&#039;agisse de concevoir des produits innovants ou d&#039;ex\u00e9cuter des commandes en cours, FMP s&#039;engage \u00e0 fournir des solutions de haute qualit\u00e9, con\u00e7ues avec pr\u00e9cision et dans les d\u00e9lais impartis. Notre objectif est d&#039;offrir \u00e0 nos clients le meilleur service et les meilleurs r\u00e9sultats, d\u00e9passant leurs attentes \u00e0 chaque projet.<\/p>\n<p>La qualit\u00e9 est la pierre angulaire des activit\u00e9s de FMP. Nous adh\u00e9rons aux normes de fabrication les plus strictes et mettons en \u0153uvre des contr\u00f4les qualit\u00e9 rigoureux pour garantir que chaque produit respecte et d\u00e9passe les normes de l&#039;industrie. Cet engagement ind\u00e9fectible envers la qualit\u00e9, combin\u00e9 \u00e0 nos valeurs fondamentales d&#039;int\u00e9grit\u00e9, d&#039;esprit d&#039;\u00e9quipe et de pers\u00e9v\u00e9rance, nous a permis de b\u00e2tir des relations de confiance durables avec des clients r\u00e9partis dans pr\u00e8s de 30 pays \u00e0 travers le monde.<\/p>\n<p>FMP est toujours ouvert aux partenariats internationaux et s&#039;engage \u00e0 offrir des conseils d&#039;experts et des solutions personnalis\u00e9es r\u00e9pondant aux besoins vari\u00e9s de ses clients. Au-del\u00e0 de la simple fourniture de produits, nous souhaitons b\u00e2tir des relations durables qui contribuent \u00e0 la r\u00e9ussite de chaque projet. Que vous ayez besoin de solutions innovantes pour une nouvelle initiative ou d&#039;un support continu pour un syst\u00e8me existant, FMP est l\u00e0 pour relever vos d\u00e9fis techniques et assurer votre r\u00e9ussite durable.<\/p>\n<p><img loading=\"lazy\" decoding=\"async\" class=\"alignnone size-full wp-image-1861\" src=\"https:\/\/fmp-components.com\/wp-content\/uploads\/2024\/12\/Other-Agricultural-Gearboxes.webp\" sizes=\"(min-width: 0px) and (max-width: 480px) 480px, (min-width: 481px) and (max-width: 980px) 980px, (min-width: 981px) 1200px, 100vw\" srcset=\"https:\/\/fmp-components.com\/wp-content\/uploads\/2024\/12\/Other-Agricultural-Gearboxes.webp 1200w, https:\/\/fmp-components.com\/wp-content\/uploads\/2024\/12\/Other-Agricultural-Gearboxes-980x1143.webp 980w, https:\/\/fmp-components.com\/wp-content\/uploads\/2024\/12\/Other-Agricultural-Gearboxes-480x560.webp 480w\" alt=\"Autres changements agricoles\" width=\"1200\" height=\"1400\" title=\"\"><\/p>\n<p>Auteur : CX<\/p>","protected":false},"excerpt":{"rendered":"<p>Sp\u00e9cifications de la bo\u00eete de vitesses pour pulv\u00e9risateur agricole D27A\/D27J\/D27B D27A i N1 [tr\/min] P1 [kW] M2 [Nm] Type d'arbre Entr\u00e9e X Z 4,00 5,25 540 22,1 1\u201d 3\/8 Z6 X 3,70 4,80 540 22,1 \u2013 1\u201d 3\/8 Z6 L250 [\u2026]<\/p>","protected":false},"featured_media":2189,"comment_status":"open","ping_status":"closed","template":"","meta":{"_et_pb_use_builder":"","_et_pb_old_content":"","_et_gb_content_width":""},"product_brand":[],"product_cat":[55],"product_tag":[],"class_list":{"0":"post-2187","1":"product","2":"type-product","3":"status-publish","4":"has-post-thumbnail","6":"product_cat-agricultural-sprayer-gearbox","8":"first","9":"instock","10":"shipping-taxable","11":"product-type-simple"},"_links":{"self":[{"href":"https:\/\/fmp-components.com\/fr\/wp-json\/wp\/v2\/product\/2187","targetHints":{"allow":["GET"]}}],"collection":[{"href":"https:\/\/fmp-components.com\/fr\/wp-json\/wp\/v2\/product"}],"about":[{"href":"https:\/\/fmp-components.com\/fr\/wp-json\/wp\/v2\/types\/product"}],"replies":[{"embeddable":true,"href":"https:\/\/fmp-components.com\/fr\/wp-json\/wp\/v2\/comments?post=2187"}],"wp:featuredmedia":[{"embeddable":true,"href":"https:\/\/fmp-components.com\/fr\/wp-json\/wp\/v2\/media\/2189"}],"wp:attachment":[{"href":"https:\/\/fmp-components.com\/fr\/wp-json\/wp\/v2\/media?parent=2187"}],"wp:term":[{"taxonomy":"product_brand","embeddable":true,"href":"https:\/\/fmp-components.com\/fr\/wp-json\/wp\/v2\/product_brand?post=2187"},{"taxonomy":"product_cat","embeddable":true,"href":"https:\/\/fmp-components.com\/fr\/wp-json\/wp\/v2\/product_cat?post=2187"},{"taxonomy":"product_tag","embeddable":true,"href":"https:\/\/fmp-components.com\/fr\/wp-json\/wp\/v2\/product_tag?post=2187"}],"curies":[{"name":"wp","href":"https:\/\/api.w.org\/{rel}","templated":true}]}}