{"id":2148,"date":"2024-12-30T06:48:50","date_gmt":"2024-12-30T06:48:50","guid":{"rendered":"https:\/\/fmp-components.com\/?page_id=8"},"modified":"2024-12-30T08:06:20","modified_gmt":"2024-12-30T08:06:20","slug":"fertilizer-spreader-gearbox-replacement-of-comer-code-l-150c","status":"publish","type":"product","link":"https:\/\/fmp-components.com\/fr\/product\/fertilizer-spreader-gearbox-replacement-of-comer-code-l-150c\/","title":{"rendered":"Bo\u00eete de vitesses pour \u00e9pandeur d&#039;engrais \u2013 Remplacement du Comer Code L-150C"},"content":{"rendered":"<p><img loading=\"lazy\" decoding=\"async\" class=\"wp-image-2150 aligncenter\" src=\"https:\/\/fmp-components.com\/wp-content\/uploads\/2024\/12\/fertilizer-spreader-gearbox-l150c1.webp\" alt=\"\u00e9pandeur d&#039;engrais-bo\u00eete-de-vitesses-l150c\" width=\"453\" height=\"453\" title=\"\" srcset=\"https:\/\/fmp-components.com\/wp-content\/uploads\/2024\/12\/fertilizer-spreader-gearbox-l150c1.webp 300w, https:\/\/fmp-components.com\/wp-content\/uploads\/2024\/12\/fertilizer-spreader-gearbox-l150c1-150x150.webp 150w, https:\/\/fmp-components.com\/wp-content\/uploads\/2024\/12\/fertilizer-spreader-gearbox-l150c1-12x12.webp 12w, https:\/\/fmp-components.com\/wp-content\/uploads\/2024\/12\/fertilizer-spreader-gearbox-l150c1-100x100.webp 100w\" sizes=\"(max-width: 453px) 100vw, 453px\" \/><\/p>\n<h2>Sp\u00e9cifications de l'\u00e9pandeur d'engrais \u00e0 bo\u00eete de vitesses L-150C<\/h2>\n<p><img loading=\"lazy\" decoding=\"async\" class=\"alignnone size-full wp-image-2149\" src=\"https:\/\/fmp-components.com\/wp-content\/uploads\/2024\/12\/fertilizer-spreader-gearbox-specifications-l150c.webp\" alt=\"Sp\u00e9cifications de la bo\u00eete de vitesses de l&#039;\u00e9pandeur d&#039;engrais L150C\" width=\"1000\" height=\"744\" title=\"\" srcset=\"https:\/\/fmp-components.com\/wp-content\/uploads\/2024\/12\/fertilizer-spreader-gearbox-specifications-l150c.webp 1000w, https:\/\/fmp-components.com\/wp-content\/uploads\/2024\/12\/fertilizer-spreader-gearbox-specifications-l150c-980x729.webp 980w, https:\/\/fmp-components.com\/wp-content\/uploads\/2024\/12\/fertilizer-spreader-gearbox-specifications-l150c-480x357.webp 480w\" sizes=\"(min-width: 0px) and (max-width: 480px) 480px, (min-width: 481px) and (max-width: 980px) 980px, (min-width: 981px) 1000px, 100vw\" \/><\/p>\n<table style=\"width: 100%;\" border=\"1\" width=\"100%\" cellspacing=\"0\" cellpadding=\"0\">\n<tbody>\n<tr>\n<th style=\"width: 53.9957%;\">Ratio d'entr\u00e9e (i)<\/th>\n<td style=\"width: 45.7883%;\">1.35<\/td>\n<\/tr>\n<tr>\n<th style=\"width: 53.9957%;\">Vitesse d'entr\u00e9e (N1 [tr\/min])<\/th>\n<td style=\"width: 45.7883%;\">540<\/td>\n<\/tr>\n<tr>\n<th style=\"width: 53.9957%;\">Puissance d'entr\u00e9e (P1 [kW])<\/th>\n<td style=\"width: 45.7883%;\">9.9<\/td>\n<\/tr>\n<tr>\n<th style=\"width: 53.9957%;\">Couple de sortie (M2 [Nm])<\/th>\n<td style=\"width: 45.7883%;\">126<\/td>\n<\/tr>\n<\/tbody>\n<\/table>\n<h3>Caract\u00e9ristiques de la bo\u00eete de vitesses de l'\u00e9pandeur d'engrais<\/h3>\n<ol>\n<li><strong>Haute pr\u00e9cision et efficacit\u00e9<\/strong><br \/>\nLe bo\u00eetier d'engrenages pour \u00e9pandeurs d'engrais est con\u00e7u pour assurer une transmission de puissance pr\u00e9cise et efficace aux \u00e9pandeurs agricoles. Il optimise le rapport de d\u00e9multiplication pour une \u00e9pandage uniforme et homog\u00e8ne de l'engrais, essentiel pour maximiser le rendement des cultures et r\u00e9duire les pertes. Gr\u00e2ce \u00e0 ses performances fiables, le bo\u00eetier d'engrenages maintient la vitesse et le couple n\u00e9cessaires \u00e0 une distribution pr\u00e9cise de l'engrais.<\/li>\n<li><strong>Durabilit\u00e9 et r\u00e9sistance<\/strong><br \/>\nCon\u00e7u pour r\u00e9sister aux conditions exigeantes du travail agricole, le bo\u00eetier d'engrenages de l'\u00e9pandeur d'engrais est fabriqu\u00e9 avec des mat\u00e9riaux durables pour une performance durable. Sa construction robuste lui permet de supporter les charges \u00e9lev\u00e9es et le fonctionnement continu requis dans des environnements difficiles, tels que les terrains accident\u00e9s ou les conditions climatiques difficiles.<\/li>\n<li><strong>Conception compacte et peu encombrante<\/strong><br \/>\nLe bo\u00eetier d'engrenages est con\u00e7u pour \u00eatre compact et puissant, s'int\u00e9grant parfaitement \u00e0 l'\u00e9pandeur sans occuper d'espace inutile. Cette conception compacte permet de r\u00e9duire le poids total de la machine tout en maintenant des performances optimales. Sa compacit\u00e9 facilite \u00e9galement l'installation et la maintenance, permettant ainsi un gain de temps et d'efforts pr\u00e9cieux.<\/li>\n<li><strong>Faible entretien et utilisation facile<\/strong><br \/>\nLe bo\u00eetier d'engrenages de l'\u00e9pandeur d'engrais est con\u00e7u pour une utilisation facile et un entretien minimal. Gr\u00e2ce \u00e0 des joints et des syst\u00e8mes de lubrification de haute qualit\u00e9, le bo\u00eetier fonctionne parfaitement et n\u00e9cessite un entretien moins fr\u00e9quent. Des contr\u00f4les r\u00e9guliers et un entretien de base suffisent g\u00e9n\u00e9ralement \u00e0 maintenir le bo\u00eetier d'engrenages \u00e0 son efficacit\u00e9 optimale, ce qui en fait une solution id\u00e9ale pour les exploitations agricoles intensives.<\/li>\n<li><strong>Polyvalence et personnalisation<\/strong><br \/>\nCes bo\u00eetes de vitesses sont polyvalentes et personnalisables pour s'adapter \u00e0 diff\u00e9rents types d'\u00e9pandeurs d'engrais, qu'ils soient destin\u00e9s \u00e0 des exploitations agricoles de petite ou de grande envergure. Gr\u00e2ce \u00e0 des rapports et des configurations r\u00e9glables, la bo\u00eete de vitesses s'adapte aux exigences op\u00e9rationnelles sp\u00e9cifiques, garantissant ainsi la compatibilit\u00e9 avec diff\u00e9rents types d'engrais et mod\u00e8les d'\u00e9pandeurs. Cette flexibilit\u00e9 permet aux utilisateurs d'optimiser leurs \u00e9quipements pour une efficacit\u00e9 et une productivit\u00e9 maximales.<\/li>\n<\/ol>\n<p><img loading=\"lazy\" decoding=\"async\" class=\"wp-image-2152 aligncenter\" src=\"https:\/\/fmp-components.com\/wp-content\/uploads\/2024\/12\/pto-shaft-for-fertilizer-spreader.webp\" alt=\"arbre de prise de force pour \u00e9pandeur d&#039;engrais\" width=\"881\" height=\"663\" title=\"\" srcset=\"https:\/\/fmp-components.com\/wp-content\/uploads\/2024\/12\/pto-shaft-for-fertilizer-spreader.webp 881w, https:\/\/fmp-components.com\/wp-content\/uploads\/2024\/12\/pto-shaft-for-fertilizer-spreader-480x361.webp 480w\" sizes=\"(min-width: 0px) and (max-width: 480px) 480px, (min-width: 481px) 881px, 100vw\" \/><\/p>\n<h3>Arbre de prise de force pour \u00e9pandeur d'engrais<\/h3>\n<ol>\n<li><strong>Transmission d&#039;\u00e9nergie efficace<\/strong><br \/>\nL'arbre de prise de force pour \u00e9pandeurs d'engrais est con\u00e7u pour transf\u00e9rer efficacement la puissance m\u00e9canique de la prise de force (PDF) du tracteur au bo\u00eetier de l'\u00e9pandeur. Cette transmission directe de puissance assure un fonctionnement fluide et constant de l'\u00e9pandeur, optimisant ainsi ses performances lors des op\u00e9rations d'\u00e9pandage. L'arbre de prise de force fournit le couple n\u00e9cessaire \u00e0 l'entra\u00eenement des composants de l'\u00e9pandeur, assurant ainsi une distribution d'engrais uniforme et pr\u00e9cise.<\/li>\n<li><strong>Durabilit\u00e9 et robustesse<\/strong><br \/>\nCon\u00e7u pour r\u00e9sister aux rigueurs des environnements agricoles, l'arbre de prise de force pour \u00e9pandeurs d'engrais est fabriqu\u00e9 avec des mat\u00e9riaux de haute qualit\u00e9 offrant r\u00e9sistance et durabilit\u00e9. Il peut supporter les charges de travail intenses li\u00e9es \u00e0 l'\u00e9pandage d'engrais sur de vastes champs, m\u00eame dans des conditions climatiques difficiles et sur des terrains accident\u00e9s. Sa conception robuste garantit une longue dur\u00e9e de vie, minimisant les remplacements et les r\u00e9parations fr\u00e9quents.<\/li>\n<li><strong>Caract\u00e9ristiques de s\u00e9curit\u00e9<\/strong><br \/>\nLa s\u00e9curit\u00e9 est un crit\u00e8re essentiel lors de la conception de l'arbre de prise de force des \u00e9pandeurs d'engrais. \u00c9quip\u00e9 de protections et d'autres dispositifs de s\u00e9curit\u00e9, l'arbre contribue \u00e0 pr\u00e9venir les accidents en minimisant les risques d'enchev\u00eatrement ou de blessure pendant le fonctionnement. Ces dispositifs de s\u00e9curit\u00e9 sont essentiels pour garantir un fonctionnement s\u00fbr et fiable, r\u00e9duisant ainsi les risques de blessures pour les op\u00e9rateurs et le b\u00e9tail \u00e0 proximit\u00e9.<\/li>\n<li><strong>Installation et entretien faciles<\/strong><br \/>\nL'arbre de prise de force pour \u00e9pandeurs d'engrais est con\u00e7u pour une fixation et une d\u00e9pose faciles du tracteur et de l'\u00e9pandeur. Cette fonctionnalit\u00e9 intuitive permet un gain de temps et d'efforts lors des proc\u00e9dures d'installation et d'entretien. De plus, la lubrification et l'entretien r\u00e9guliers de l'arbre de prise de force sont simples, ce qui garantit un fonctionnement fluide et prolonge la dur\u00e9e de vie de l'arbre et de l'\u00e9pandeur.<\/li>\n<li><strong>Compatibilit\u00e9 polyvalente<\/strong><br \/>\nDisponible en diff\u00e9rentes tailles et configurations, l'arbre de prise de force pour \u00e9pandeurs d'engrais est polyvalent et s'adapte \u00e0 une large gamme de mod\u00e8les d'\u00e9pandeurs et de tracteurs. Que ce soit pour les petites exploitations ou les grandes exploitations agricoles, l'arbre de prise de force peut \u00eatre personnalis\u00e9 pour r\u00e9pondre aux besoins sp\u00e9cifiques de puissance de l'\u00e9pandeur, garantissant ainsi une compatibilit\u00e9 et des performances optimales pour diff\u00e9rentes applications. Cette flexibilit\u00e9 permet aux utilisateurs d'utiliser efficacement leur \u00e9quipement, quelle que soit la taille de leur exploitation.<\/li>\n<\/ol>\n<p><img loading=\"lazy\" decoding=\"async\" class=\"alignnone size-full wp-image-2088\" src=\"https:\/\/fmp-components.com\/wp-content\/uploads\/2024\/12\/Agricultural-Gearbox-and-PTO-Drive-Shaft1.webp\" alt=\"Bo\u00eete de vitesses et arbre de transmission de prise de force agricoles\" width=\"1200\" height=\"540\" title=\"\" srcset=\"https:\/\/fmp-components.com\/wp-content\/uploads\/2024\/12\/Agricultural-Gearbox-and-PTO-Drive-Shaft1.webp 1200w, https:\/\/fmp-components.com\/wp-content\/uploads\/2024\/12\/Agricultural-Gearbox-and-PTO-Drive-Shaft1-980x441.webp 980w, https:\/\/fmp-components.com\/wp-content\/uploads\/2024\/12\/Agricultural-Gearbox-and-PTO-Drive-Shaft1-480x216.webp 480w\" sizes=\"(min-width: 0px) and (max-width: 480px) 480px, (min-width: 481px) and (max-width: 980px) 980px, (min-width: 981px) 1200px, 100vw\" \/><\/p>\n<h3>\u00c0 propos de FMP<\/h3>\n<p>Bas\u00e9 en Italie, FMP est un fabricant leader reconnu pour son expertise dans la conception, le d\u00e9veloppement et la production de bo\u00eetes de vitesses hautes performances, plus particuli\u00e8rement pour le secteur des machines agricoles. Forte de sa r\u00e9putation d&#039;ing\u00e9nierie de pr\u00e9cision, de solutions innovantes et d&#039;une fiabilit\u00e9 \u00e0 toute \u00e9preuve, FMP est devenue un partenaire de confiance pour r\u00e9pondre aux besoins \u00e9volutifs des secteurs agricole et industriel. Notre gamme diversifi\u00e9e comprend des bo\u00eetes de vitesses sp\u00e9cialis\u00e9es pour tondeuses \u00e0 gazon, des arbres de prise de force et d&#039;autres composants essentiels, tous con\u00e7us avec soin pour offrir des solutions sur mesure pour un large \u00e9ventail d&#039;applications.<\/p>\n<p>Chez FMP, nous comprenons que chaque client a des exigences et des d\u00e9fis uniques. C&#039;est pourquoi nous nous sp\u00e9cialisons dans la proposition de solutions sur mesure, qu&#039;il s&#039;agisse de composants individuels ou de syst\u00e8mes enti\u00e8rement int\u00e9gr\u00e9s. Nous travaillons en \u00e9troite collaboration avec nos clients pour garantir que chaque solution soit non seulement efficace, mais aussi efficiente, optimisant ainsi la performance et la valeur. Notre engagement \u00e0 fournir des r\u00e9ponses rapides et professionnelles, associ\u00e9 \u00e0 des conseils d&#039;experts, garantit que chaque demande est trait\u00e9e avec le plus grand soin et la plus grande pr\u00e9cision, pour des r\u00e9sultats optimaux.<\/p>\n<p>Nous privil\u00e9gions une communication ouverte et continue tout au long du processus de d\u00e9veloppement produit. Notre \u00e9quipe d\u00e9di\u00e9e travaille en \u00e9troite collaboration avec nos clients afin de comprendre parfaitement leurs besoins sp\u00e9cifiques et de leur fournir des conseils et des recommandations pr\u00e9cieux pour garantir des solutions optimales. Qu&#039;il s&#039;agisse de concevoir des produits innovants ou d&#039;ex\u00e9cuter des commandes en cours, FMP s&#039;engage \u00e0 fournir des solutions de haute qualit\u00e9, con\u00e7ues avec pr\u00e9cision et dans les d\u00e9lais impartis. Notre objectif est d&#039;offrir \u00e0 nos clients le meilleur service et les meilleurs r\u00e9sultats, d\u00e9passant leurs attentes \u00e0 chaque projet.<\/p>\n<p>La qualit\u00e9 est la pierre angulaire des activit\u00e9s de FMP. Nous adh\u00e9rons aux normes de fabrication les plus strictes et mettons en \u0153uvre des contr\u00f4les qualit\u00e9 rigoureux pour garantir que chaque produit respecte et d\u00e9passe les normes de l&#039;industrie. Cet engagement ind\u00e9fectible envers la qualit\u00e9, combin\u00e9 \u00e0 nos valeurs fondamentales d&#039;int\u00e9grit\u00e9, d&#039;esprit d&#039;\u00e9quipe et de pers\u00e9v\u00e9rance, nous a permis de b\u00e2tir des relations de confiance durables avec des clients r\u00e9partis dans pr\u00e8s de 30 pays \u00e0 travers le monde.<\/p>\n<p>FMP est toujours ouvert aux partenariats internationaux et s&#039;engage \u00e0 offrir des conseils d&#039;experts et des solutions personnalis\u00e9es r\u00e9pondant aux besoins vari\u00e9s de ses clients. Au-del\u00e0 de la simple fourniture de produits, nous souhaitons b\u00e2tir des relations durables qui contribuent \u00e0 la r\u00e9ussite de chaque projet. Que vous ayez besoin de solutions innovantes pour une nouvelle initiative ou d&#039;un support continu pour un syst\u00e8me existant, FMP est l\u00e0 pour relever vos d\u00e9fis techniques et assurer votre r\u00e9ussite durable.<\/p>\n<p><img loading=\"lazy\" decoding=\"async\" class=\"alignnone size-full wp-image-1861\" src=\"https:\/\/fmp-components.com\/wp-content\/uploads\/2024\/12\/Other-Agricultural-Gearboxes.webp\" sizes=\"(min-width: 0px) and (max-width: 480px) 480px, (min-width: 481px) and (max-width: 980px) 980px, (min-width: 981px) 1200px, 100vw\" srcset=\"https:\/\/fmp-components.com\/wp-content\/uploads\/2024\/12\/Other-Agricultural-Gearboxes.webp 1200w, https:\/\/fmp-components.com\/wp-content\/uploads\/2024\/12\/Other-Agricultural-Gearboxes-980x1143.webp 980w, https:\/\/fmp-components.com\/wp-content\/uploads\/2024\/12\/Other-Agricultural-Gearboxes-480x560.webp 480w\" alt=\"Autres changements agricoles\" width=\"1200\" height=\"1400\" title=\"\"><\/p>\n<p>Auteur : CX<\/p>\n<p>&nbsp;<\/p>","protected":false},"excerpt":{"rendered":"<p>Specifications of\u00a0Fertilizer Spreader Gearbox L-150C Input Ratio (i) 1.35 Input Speed (N1 [rpm]) 540 Input Power (P1 [kW]) 9.9 Output Torque (M2 [Nm]) 126 Features of Fertilizer Spreader Gearbox High Precision and Efficiency The fertilizer spreader gearbox is engineered to provide precise and efficient power transmission for agricultural spreaders. It ensures that the gear ratio [&hellip;]<\/p>","protected":false},"featured_media":2150,"comment_status":"open","ping_status":"closed","template":"","meta":{"_et_pb_use_builder":"","_et_pb_old_content":"","_et_gb_content_width":""},"product_brand":[],"product_cat":[54],"product_tag":[],"class_list":{"0":"post-2148","1":"product","2":"type-product","3":"status-publish","4":"has-post-thumbnail","6":"product_cat-fertilizer-spreader-gearbox","8":"first","9":"instock","10":"shipping-taxable","11":"product-type-simple"},"_links":{"self":[{"href":"https:\/\/fmp-components.com\/fr\/wp-json\/wp\/v2\/product\/2148","targetHints":{"allow":["GET"]}}],"collection":[{"href":"https:\/\/fmp-components.com\/fr\/wp-json\/wp\/v2\/product"}],"about":[{"href":"https:\/\/fmp-components.com\/fr\/wp-json\/wp\/v2\/types\/product"}],"replies":[{"embeddable":true,"href":"https:\/\/fmp-components.com\/fr\/wp-json\/wp\/v2\/comments?post=2148"}],"wp:featuredmedia":[{"embeddable":true,"href":"https:\/\/fmp-components.com\/fr\/wp-json\/wp\/v2\/media\/2150"}],"wp:attachment":[{"href":"https:\/\/fmp-components.com\/fr\/wp-json\/wp\/v2\/media?parent=2148"}],"wp:term":[{"taxonomy":"product_brand","embeddable":true,"href":"https:\/\/fmp-components.com\/fr\/wp-json\/wp\/v2\/product_brand?post=2148"},{"taxonomy":"product_cat","embeddable":true,"href":"https:\/\/fmp-components.com\/fr\/wp-json\/wp\/v2\/product_cat?post=2148"},{"taxonomy":"product_tag","embeddable":true,"href":"https:\/\/fmp-components.com\/fr\/wp-json\/wp\/v2\/product_tag?post=2148"}],"curies":[{"name":"wp","href":"https:\/\/api.w.org\/{rel}","templated":true}]}}