{"id":2039,"date":"2024-12-30T01:00:18","date_gmt":"2024-12-30T01:00:18","guid":{"rendered":"https:\/\/fmp-components.com\/?page_id=8"},"modified":"2024-12-30T01:08:49","modified_gmt":"2024-12-30T01:08:49","slug":"agricultural-lawn-mower-gearbox-fmp-140","status":"publish","type":"product","link":"https:\/\/fmp-components.com\/fr\/product\/agricultural-lawn-mower-gearbox-fmp-140\/","title":{"rendered":"Bo\u00eete de vitesses pour tondeuse \u00e0 gazon agricole FMP-140"},"content":{"rendered":"<h2>Bo\u00eete de vitesses pour tondeuse \u00e0 gazon agricole FMP-140 \u2013 Pr\u00e9sentation du produit<\/h2>\n<p>Le bo\u00eetier d'engrenages pour tondeuses agricoles FMP-140 est un bo\u00eetier hautes performances et robuste, sp\u00e9cialement con\u00e7u pour les tondeuses \u00e0 gazon et autres machines agricoles. Con\u00e7u par FMP, fabricant leader de bo\u00eetiers d'engrenages de pr\u00e9cision, le FMP-140 allie fiabilit\u00e9, efficacit\u00e9 et durabilit\u00e9 pour r\u00e9pondre aux exigences des applications de tonte professionnelles et r\u00e9sidentielles.<\/p>\n<p><strong>Caract\u00e9ristiques principales :<\/strong><\/p>\n<ol>\n<li><strong>Construction robuste :<\/strong> Le FMP-140 est fabriqu\u00e9 avec des mat\u00e9riaux de haute qualit\u00e9 pour r\u00e9sister aux conditions difficiles du travail agricole. Sa conception robuste lui permet de supporter une utilisation intensive et d'assurer une longue dur\u00e9e de vie, m\u00eame dans des environnements difficiles.<\/li>\n<li><strong>Haute efficacit\u00e9 :<\/strong> Ce r\u00e9ducteur est con\u00e7u pour maximiser l'efficacit\u00e9 op\u00e9rationnelle, assurant une transmission de puissance fluide avec une perte d'\u00e9nergie minimale. Il assure des performances optimales aux tondeuses \u00e0 gazon, fournissant une puissance constante aux lames de coupe pour une coupe nette et pr\u00e9cise.<\/li>\n<li><strong>Compact et l\u00e9ger :<\/strong> Le bo\u00eetier d'engrenages FMP-140 est compact et l\u00e9ger, ce qui facilite son installation et son int\u00e9gration \u00e0 divers syst\u00e8mes de tondeuses. Malgr\u00e9 sa petite taille, il ne compromet ni la puissance ni les performances.<\/li>\n<li><strong>Versatilit\u00e9:<\/strong> Le FMP-140 est tr\u00e8s adaptable et peut \u00eatre utilis\u00e9 sur une grande vari\u00e9t\u00e9 de machines agricoles, notamment les tondeuses rotatives, les d\u00e9broussailleuses et autres \u00e9quipements similaires. Sa polyvalence en fait un choix fiable pour diverses applications.<\/li>\n<li><strong>Entretien facile :<\/strong> Le r\u00e9ducteur FMP-140 est con\u00e7u pour faciliter l'entretien. Sa conception simple et robuste simplifie l'entretien courant, minimise les temps d'arr\u00eat et assure le bon fonctionnement des op\u00e9rations.<\/li>\n<li><strong>Options personnalisables :<\/strong> FMP propose des options de personnalisation pour la bo\u00eete de vitesses FMP-140, lui permettant d'\u00eatre adapt\u00e9e aux besoins sp\u00e9cifiques des clients, y compris les modifications des arbres d'entr\u00e9e\/sortie, du diam\u00e8tre des roulements et des configurations de montage.<\/li>\n<\/ol>\n<p><strong>Applications :<\/strong><\/p>\n<ul>\n<li>Tondeuses \u00e0 gazon agricoles<\/li>\n<li>Tondeuses rotatives<\/li>\n<li>D\u00e9broussailleuses<\/li>\n<li>Machines d'entretien du gazon<\/li>\n<li>Autres machines agricoles n\u00e9cessitant une transmission de puissance efficace<\/li>\n<\/ul>\n<table style=\"width: 96.2203%; height: 596px;\" border=\"1\" width=\"100%\" cellspacing=\"0\" cellpadding=\"0\">\n<tbody>\n<tr>\n<td width=\"110\"><img loading=\"lazy\" decoding=\"async\" class=\"alignnone size-full wp-image-2040\" src=\"https:\/\/fmp-components.com\/wp-content\/uploads\/2024\/12\/FMP_agricultural-gearbox-HC-140-2.webp\" alt=\"FMP_bo\u00eete-de-vitesses-agricole-HC-140-2\" width=\"413\" height=\"553\" title=\"\" srcset=\"https:\/\/fmp-components.com\/wp-content\/uploads\/2024\/12\/FMP_agricultural-gearbox-HC-140-2.webp 413w, https:\/\/fmp-components.com\/wp-content\/uploads\/2024\/12\/FMP_agricultural-gearbox-HC-140-2-224x300.webp 224w, https:\/\/fmp-components.com\/wp-content\/uploads\/2024\/12\/FMP_agricultural-gearbox-HC-140-2-9x12.webp 9w\" sizes=\"(max-width: 413px) 100vw, 413px\" \/><\/td>\n<td width=\"98\"><img loading=\"lazy\" decoding=\"async\" class=\"alignnone size-full wp-image-2041\" src=\"https:\/\/fmp-components.com\/wp-content\/uploads\/2024\/12\/Lawn-Mower-Gearbox-9.webp\" alt=\"Bo\u00eete de vitesses de tondeuse \u00e0 gazon\" width=\"500\" height=\"500\" title=\"\" srcset=\"https:\/\/fmp-components.com\/wp-content\/uploads\/2024\/12\/Lawn-Mower-Gearbox-9.webp 500w, https:\/\/fmp-components.com\/wp-content\/uploads\/2024\/12\/Lawn-Mower-Gearbox-9-480x480.webp 480w\" sizes=\"(min-width: 0px) and (max-width: 480px) 480px, (min-width: 481px) 500px, 100vw\" \/><\/td>\n<\/tr>\n<\/tbody>\n<\/table>\n<table style=\"width: 97.407%; height: 214px;\" border=\"1\">\n<tbody>\n<tr>\n<td style=\"width: 31.0059%;\"><strong>ARTICLE<\/strong><\/td>\n<td style=\"width: 68.284%;\">FMP-140<\/td>\n<\/tr>\n<tr>\n<td style=\"width: 31.0059%;\"><strong>Rapport<\/strong><\/td>\n<td style=\"width: 68.284%;\">1:1.5\/1:1.93<\/td>\n<\/tr>\n<tr>\n<td style=\"width: 31.0059%;\"><strong>Dents<\/strong><\/td>\n<td style=\"width: 68.284%;\">21\/14 27\/14<\/td>\n<\/tr>\n<tr>\n<td style=\"width: 31.0059%;\"><strong>Module<\/strong><\/td>\n<td style=\"width: 68.284%;\">\u00a05.7 \/5.64<\/td>\n<\/tr>\n<tr>\n<td style=\"width: 31.0059%;\"><strong>Puissance (CV)<\/strong><\/td>\n<td style=\"width: 68.284%;\">60<\/td>\n<\/tr>\n<tr>\n<td style=\"width: 31.0059%;\"><strong>Entr\u00e9e nominale<\/strong><\/td>\n<td style=\"width: 68.284%;\">540 tr\/min<\/td>\n<\/tr>\n<tr>\n<td style=\"width: 31.0059%;\"><strong>Description des entr\u00e9es\/sorties<\/strong><\/td>\n<td style=\"width: 68.284%;\">Cannelure conique Z6 1-3\/8<\/td>\n<\/tr>\n<tr>\n<td style=\"width: 31.0059%;\"><strong>Poids (NW)<\/strong><\/td>\n<td style=\"width: 68.284%;\">30 kg<\/td>\n<\/tr>\n<\/tbody>\n<\/table>\n<article class=\"w-full scroll-mb-[var(--thread-trailing-height,150px)] text-token-text-primary focus-visible:outline-2 focus-visible:outline-offset-[-4px]\" dir=\"auto\" data-testid=\"conversation-turn-11\" data-scroll-anchor=\"true\">\n<div class=\"m-auto text-base py-[18px] px-3 md:px-4 w-full md:px-5 lg:px-4 xl:px-5\">\n<div class=\"mx-auto flex flex-1 gap-4 text-base md:gap-5 lg:gap-6 md:max-w-3xl lg:max-w-[40rem] xl:max-w-[48rem]\">\n<div class=\"group\/conversation-turn relative flex w-full min-w-0 flex-col agent-turn\">\n<div class=\"flex-col gap-1 md:gap-3\">\n<div class=\"flex max-w-full flex-col flex-grow\">\n<div class=\"min-h-8 text-message flex w-full flex-col items-end gap-2 whitespace-normal break-words text-start [.text-message+&amp;]:mt-5\" dir=\"auto\" data-message-author-role=\"assistant\" data-message-id=\"34732349-e34e-4f41-bcf6-f51e6a4c4ca7\" data-message-model-slug=\"gpt-4o\">\n<div class=\"flex w-full flex-col gap-1 empty:hidden first:pt-[3px]\">\n<div class=\"markdown prose w-full break-words dark:prose-invert light\">\n<h2>Avantages de la bo\u00eete de vitesses pour tondeuse \u00e0 gazon agricole FMP-140<\/h2>\n<p>Le bo\u00eetier d'engrenages FMP-140 pour tondeuses \u00e0 gazon agricoles est sp\u00e9cialement con\u00e7u pour am\u00e9liorer les performances, l'efficacit\u00e9 et la durabilit\u00e9 des tondeuses \u00e0 gazon et autres machines agricoles. Voici les principaux avantages du bo\u00eetier d'engrenages FMP-140\u00a0:<\/p>\n<ol>\n<li>Durabilit\u00e9 et long\u00e9vit\u00e9 exceptionnelles :\n<ul>\n<li>Le FMP-140 est construit avec des mat\u00e9riaux de haute qualit\u00e9 et une fabrication pr\u00e9cise, garantissant une bo\u00eete de vitesses robuste et durable capable de supporter une utilisation intensive.<\/li>\n<li>Sa construction durable r\u00e9siste aux rigueurs des environnements agricoles difficiles, r\u00e9duisant ainsi le besoin de r\u00e9parations ou de remplacements fr\u00e9quents.<\/li>\n<\/ul>\n<\/li>\n<li>Efficacit\u00e9 op\u00e9rationnelle am\u00e9lior\u00e9e :\n<ul>\n<li>La bo\u00eete de vitesses est con\u00e7ue pour une efficacit\u00e9 de transmission de puissance maximale, minimisant les pertes d'\u00e9nergie entre le moteur et les lames de coupe.<\/li>\n<li>Cette efficacit\u00e9 conduit \u00e0 une meilleure \u00e9conomie de carburant, \u00e0 des co\u00fbts d\u2019exploitation r\u00e9duits et \u00e0 des performances globales am\u00e9lior\u00e9es, ce qui en fait un choix rentable pour les applications commerciales et r\u00e9sidentielles.<\/li>\n<\/ul>\n<\/li>\n<li>Polyvalence dans diverses applications :\n<ul>\n<li>La bo\u00eete de vitesses FMP-140 est compatible avec une large gamme de machines agricoles et d'entretien des pelouses, notamment les tondeuses rotatives, les d\u00e9broussailleuses et les \u00e9quipements de gestion du gazon.<\/li>\n<li>Sa conception polyvalente lui permet d'\u00eatre utilis\u00e9 dans diff\u00e9rents types de machines de tonte de pelouse et d'am\u00e9nagement paysager, offrant une solution flexible pour divers besoins op\u00e9rationnels.<\/li>\n<\/ul>\n<\/li>\n<li>Compact et l\u00e9ger :\n<ul>\n<li>Malgr\u00e9 ses performances robustes, le FMP-140 est con\u00e7u pour \u00eatre compact et l\u00e9ger, ce qui le rend plus facile \u00e0 installer et \u00e0 int\u00e9grer dans divers syst\u00e8mes.<\/li>\n<li>Cela r\u00e9duit le poids total de la machine, am\u00e9liorant ainsi la maniabilit\u00e9 et la facilit\u00e9 de manipulation pendant le fonctionnement.<\/li>\n<\/ul>\n<\/li>\n<li>Faible entretien et entretien facile :\n<ul>\n<li>La bo\u00eete de vitesses FMP-140 est con\u00e7ue pour un entretien convivial, avec des composants facilement accessibles pour l'entretien et les r\u00e9parations de routine.<\/li>\n<li>Sa conception simple minimise le besoin d\u2019outils sp\u00e9cialis\u00e9s ou d\u2019expertise technique, contribuant ainsi \u00e0 r\u00e9duire les co\u00fbts de maintenance et les temps d\u2019arr\u00eat.<\/li>\n<\/ul>\n<\/li>\n<\/ol>\n<p>Le r\u00e9ducteur pour tondeuse \u00e0 gazon agricole FMP-140 offre de nombreux avantages, ce qui en fait le choix id\u00e9al pour tous ceux qui recherchent une solution fiable, efficace et durable pour leurs tondeuses \u00e0 gazon et machines agricoles. Polyvalent, facile d'entretien et performant dans des conditions difficiles, le FMP-140 est con\u00e7u pour offrir un excellent rapport qualit\u00e9-prix et une fiabilit\u00e9 \u00e0 long terme sur le terrain.<\/p>\n<p><img loading=\"lazy\" decoding=\"async\" class=\"alignnone  wp-image-1961\" src=\"https:\/\/fmp-components.com\/wp-content\/uploads\/2024\/12\/Lawn-Mower-Gearbox-1.webp\" alt=\"Bo\u00eete de vitesses de tondeuse \u00e0 gazon\" width=\"928\" height=\"620\" title=\"\" srcset=\"https:\/\/fmp-components.com\/wp-content\/uploads\/2024\/12\/Lawn-Mower-Gearbox-1.webp 928w, https:\/\/fmp-components.com\/wp-content\/uploads\/2024\/12\/Lawn-Mower-Gearbox-1-480x321.webp 480w\" sizes=\"(min-width: 0px) and (max-width: 480px) 480px, (min-width: 481px) 928px, 100vw\" \/><\/p>\n<\/div>\n<\/div>\n<\/div>\n<\/div>\n<\/div>\n<\/div>\n<\/div>\n<\/div>\n<\/article>\n<h3>Pourquoi choisir la bo\u00eete de vitesses FMP-140 ?<\/h3>\n<p>La FMP-140 est con\u00e7ue pour offrir des performances \u00e9lev\u00e9es, une fiabilit\u00e9 et une simplicit\u00e9 d'utilisation optimales. Gr\u00e2ce \u00e0 l'engagement de FMP en mati\u00e8re de pr\u00e9cision et de qualit\u00e9, le bo\u00eetier d'engrenages FMP-140 garantit un fonctionnement efficace et performant de votre tondeuse, m\u00eame dans des conditions difficiles. Que vous entreteniez de grands domaines, des propri\u00e9t\u00e9s commerciales ou des champs agricoles, ce bo\u00eetier d'engrenages offre la fiabilit\u00e9 et la puissance n\u00e9cessaires pour une tonte optimale.<\/p>\n<p>Pour plus d'informations ou pour toute demande d'options personnalis\u00e9es, contactez FMP d\u00e8s aujourd'hui. Nous nous engageons \u00e0 vous proposer les meilleures solutions adapt\u00e9es \u00e0 vos besoins sp\u00e9cifiques.<\/p>\n<h3>\u00c0 propos de FMP<\/h3>\n<p>Bas\u00e9e en Italie, FMP est un leader reconnu dans la conception, le d\u00e9veloppement et la production de bo\u00eetes de vitesses hautes performances, principalement destin\u00e9es au secteur des machines agricoles. Reconnue pour son expertise en ing\u00e9nierie de pr\u00e9cision, son innovation et sa fiabilit\u00e9, FMP s'est forg\u00e9 une solide r\u00e9putation en proposant des produits de haute qualit\u00e9 r\u00e9pondant aux exigences \u00e9volutives des secteurs agricole et industriel. Notre gamme diversifi\u00e9e comprend des bo\u00eetes de vitesses sp\u00e9cialis\u00e9es pour tondeuses \u00e0 gazon, des arbres de prise de force et divers composants essentiels, tous con\u00e7us pour offrir des solutions sur mesure pour un large \u00e9ventail d'applications.<\/p>\n<p>Chez FMP, nous savons que chaque client a des besoins sp\u00e9cifiques. C'est pourquoi nous nous sp\u00e9cialisons dans la cr\u00e9ation de solutions sur mesure, qu'il s'agisse de composants individuels ou de syst\u00e8mes enti\u00e8rement int\u00e9gr\u00e9s. Nous adoptons une approche collaborative et travaillons en \u00e9troite collaboration avec nos clients pour garantir l'efficacit\u00e9 et la rentabilit\u00e9 de chaque solution. Notre engagement \u00e0 fournir des r\u00e9ponses rapides et professionnelles et \u00e0 b\u00e9n\u00e9ficier d'un accompagnement expert garantit que chaque demande est trait\u00e9e avec pr\u00e9cision et attention.<\/p>\n<p>Nous accordons une grande importance \u00e0 une communication ouverte et continue, notamment en mati\u00e8re de d\u00e9veloppement produit. Notre \u00e9quipe travaille en \u00e9troite collaboration avec nos clients afin de comprendre pleinement leurs d\u00e9fis sp\u00e9cifiques et de leur fournir des informations concr\u00e8tes pour des solutions optimales. Qu'il s'agisse de d\u00e9velopper de nouveaux produits ou d'honorer des commandes existantes, notre engagement \u00e0 fournir des solutions de haute qualit\u00e9 et de pr\u00e9cision reste in\u00e9branlable.<\/p>\n<p>La qualit\u00e9 est au c\u0153ur de toutes nos activit\u00e9s chez FMP. Nous adh\u00e9rons aux normes de fabrication les plus strictes et mettons en \u0153uvre des processus de contr\u00f4le qualit\u00e9 rigoureux pour garantir que chaque produit r\u00e9ponde, voire d\u00e9passe, les attentes du secteur. Notre engagement constant envers la qualit\u00e9, alli\u00e9 \u00e0 nos valeurs fondamentales d'int\u00e9grit\u00e9, d'esprit d'\u00e9quipe et de pers\u00e9v\u00e9rance, nous a permis d'\u00e9tablir des relations durables avec nos clients dans pr\u00e8s de 30 pays \u00e0 travers le monde.<\/p>\n<p>FMP est toujours ouvert aux partenariats internationaux et s'engage \u00e0 fournir des conseils d'experts et des solutions sur mesure pour r\u00e9pondre aux divers besoins de ses clients. Au-del\u00e0 de la simple fourniture de produits, nous nous attachons \u00e0 \u00e9tablir des relations durables et \u00e0 garantir la r\u00e9ussite de chaque projet. Que vous recherchiez des solutions innovantes pour une nouvelle initiative ou que vous ayez besoin d'assistance pour un syst\u00e8me existant, FMP s'engage \u00e0 relever vos d\u00e9fis techniques et \u00e0 vous accompagner vers une r\u00e9ussite durable.<\/p>\n<p><img loading=\"lazy\" decoding=\"async\" class=\"alignnone size-full wp-image-1861\" src=\"https:\/\/fmp-components.com\/wp-content\/uploads\/2024\/12\/Other-Agricultural-Gearboxes.webp\" sizes=\"(min-width: 0px) and (max-width: 480px) 480px, (min-width: 481px) and (max-width: 980px) 980px, (min-width: 981px) 1200px, 100vw\" srcset=\"https:\/\/fmp-components.com\/wp-content\/uploads\/2024\/12\/Other-Agricultural-Gearboxes.webp 1200w, https:\/\/fmp-components.com\/wp-content\/uploads\/2024\/12\/Other-Agricultural-Gearboxes-980x1143.webp 980w, https:\/\/fmp-components.com\/wp-content\/uploads\/2024\/12\/Other-Agricultural-Gearboxes-480x560.webp 480w\" alt=\"Autres changements agricoles\" width=\"1200\" height=\"1400\" title=\"\"><\/p>\n<p>Auteur : CX<\/p>\n<p>&nbsp;<\/p>","protected":false},"excerpt":{"rendered":"<p>Agricultural Lawn Mower Gearbox FMP-140 \u2013 Product Introduction The FMP-140 Agricultural Lawn Mower Gearbox is a high-performance, durable gearbox designed specifically for lawn mowers and other agricultural machinery. Engineered by FMP, a leading manufacturer of precision gearboxes, the FMP-140 combines reliability, efficiency, and long-lasting performance to meet the demands of both commercial and residential mowing [&hellip;]<\/p>","protected":false},"featured_media":2041,"comment_status":"open","ping_status":"closed","template":"","meta":{"_et_pb_use_builder":"","_et_pb_old_content":"","_et_gb_content_width":""},"product_brand":[],"product_cat":[52],"product_tag":[],"class_list":{"0":"post-2039","1":"product","2":"type-product","3":"status-publish","4":"has-post-thumbnail","6":"product_cat-lawn-mower-gearbox","8":"first","9":"instock","10":"shipping-taxable","11":"product-type-simple"},"_links":{"self":[{"href":"https:\/\/fmp-components.com\/fr\/wp-json\/wp\/v2\/product\/2039","targetHints":{"allow":["GET"]}}],"collection":[{"href":"https:\/\/fmp-components.com\/fr\/wp-json\/wp\/v2\/product"}],"about":[{"href":"https:\/\/fmp-components.com\/fr\/wp-json\/wp\/v2\/types\/product"}],"replies":[{"embeddable":true,"href":"https:\/\/fmp-components.com\/fr\/wp-json\/wp\/v2\/comments?post=2039"}],"wp:featuredmedia":[{"embeddable":true,"href":"https:\/\/fmp-components.com\/fr\/wp-json\/wp\/v2\/media\/2041"}],"wp:attachment":[{"href":"https:\/\/fmp-components.com\/fr\/wp-json\/wp\/v2\/media?parent=2039"}],"wp:term":[{"taxonomy":"product_brand","embeddable":true,"href":"https:\/\/fmp-components.com\/fr\/wp-json\/wp\/v2\/product_brand?post=2039"},{"taxonomy":"product_cat","embeddable":true,"href":"https:\/\/fmp-components.com\/fr\/wp-json\/wp\/v2\/product_cat?post=2039"},{"taxonomy":"product_tag","embeddable":true,"href":"https:\/\/fmp-components.com\/fr\/wp-json\/wp\/v2\/product_tag?post=2039"}],"curies":[{"name":"wp","href":"https:\/\/api.w.org\/{rel}","templated":true}]}}