{"id":2035,"date":"2024-12-30T00:46:25","date_gmt":"2024-12-30T00:46:25","guid":{"rendered":"https:\/\/fmp-components.com\/?page_id=8"},"modified":"2024-12-30T00:57:51","modified_gmt":"2024-12-30T00:57:51","slug":"agricultural-lawn-mower-gearbox-fmp-55","status":"publish","type":"product","link":"https:\/\/fmp-components.com\/fr\/product\/agricultural-lawn-mower-gearbox-fmp-55\/","title":{"rendered":"Bo\u00eete de vitesses pour tondeuse \u00e0 gazon agricole FMP-55"},"content":{"rendered":"<h2>Caract\u00e9ristiques de la bo\u00eete de vitesses pour tondeuse agricole FMP-55<\/h2>\n<p>La bo\u00eete de vitesses FMP-55 pour tondeuses agricoles est con\u00e7ue pour offrir des performances \u00e9lev\u00e9es, une grande durabilit\u00e9 et une fiabilit\u00e9 \u00e0 toute \u00e9preuve, r\u00e9pondant ainsi aux exigences rigoureuses des applications de tonte de pelouses agricoles. Robuste et con\u00e7ue pour un usage intensif, la FMP-55 garantit un fonctionnement fluide, une longue dur\u00e9e de vie et une transmission de puissance efficace. Ses principales caract\u00e9ristiques sont les suivantes\u00a0:<\/p>\n<ol>\n<li><strong>Construction robuste<\/strong><br \/>\nFabriqu\u00e9 avec des mat\u00e9riaux haute r\u00e9sistance, le FMP-55 est parfaitement adapt\u00e9 aux conditions agricoles difficiles. Sa construction robuste lui conf\u00e8re une excellente r\u00e9sistance \u00e0 l'usure, aux chocs et aux contraintes op\u00e9rationnelles extr\u00eames.<\/li>\n<li><strong>Capacit\u00e9 de couple \u00e9lev\u00e9e<\/strong><br \/>\nCette bo\u00eete de vitesses est con\u00e7ue pour supporter un couple \u00e9lev\u00e9, ce qui la rend id\u00e9ale pour les travaux de tonte intensifs, notamment dans l'herbe dense, les broussailles \u00e9paisses et les terrains accident\u00e9s. La FMP-55 assure une transmission efficace de la puissance du moteur aux lames.<\/li>\n<li><strong>Ing\u00e9nierie de pr\u00e9cision<\/strong><br \/>\nLa bo\u00eete de vitesses FMP-55 est dot\u00e9e d'engrenages usin\u00e9s avec pr\u00e9cision qui assurent une transmission de puissance fluide, minimisant ainsi les vibrations et l'usure. Cette conception de pr\u00e9cision am\u00e9liore les performances globales, l'efficacit\u00e9 op\u00e9rationnelle et la dur\u00e9e de vie de la bo\u00eete de vitesses.<\/li>\n<li><strong>Transmission d&#039;\u00e9nergie efficace<\/strong><br \/>\nCon\u00e7u pour une efficacit\u00e9 \u00e9nerg\u00e9tique maximale, le FMP-55 r\u00e9duit les pertes d'\u00e9nergie lors de la transmission. Il en r\u00e9sulte une consommation de carburant r\u00e9duite, une diminution de la charge sur le moteur et des performances optimales m\u00eame lors de longues s\u00e9ances de tonte.<\/li>\n<li><strong>Compact et l\u00e9ger<\/strong><br \/>\nMalgr\u00e9 ses caract\u00e9ristiques robustes, la FMP-55 est con\u00e7ue pour \u00eatre compacte et l\u00e9g\u00e8re. Cela r\u00e9duit le poids total de la tondeuse, am\u00e9liorant ainsi sa maniabilit\u00e9 et facilitant son installation et son utilisation.<\/li>\n<li><strong>Faibles besoins d'entretien<\/strong><br \/>\nLa bo\u00eete de vitesses FMP-55 n\u00e9cessite un entretien minimal gr\u00e2ce \u00e0 ses composants autolubrifiants et \u00e0 ses joints d'\u00e9tanch\u00e9it\u00e9 durables. Cela r\u00e9duit la fr\u00e9quence des interventions et assure un fonctionnement continu, diminuant ainsi les co\u00fbts de maintenance globaux.<\/li>\n<\/ol>\n<p>La bo\u00eete de vitesses FMP-55 pour tondeuses agricoles est une solution robuste, fiable et performante pour diverses applications de tonte. Con\u00e7ue pour supporter des charges importantes, r\u00e9duire la maintenance et assurer une transmission de puissance fluide, elle est le choix id\u00e9al pour les professionnels de l'agriculture \u00e0 la recherche de bo\u00eetes de vitesses hautes performances capables de r\u00e9sister aux conditions les plus exigeantes.<\/p>\n<h2>Sp\u00e9cification<\/h2>\n<table style=\"width: 96.2203%; height: 596px;\" border=\"1\" width=\"100%\" cellspacing=\"0\" cellpadding=\"0\">\n<tbody>\n<tr>\n<td width=\"110\"><img loading=\"lazy\" decoding=\"async\" class=\"alignnone size-full wp-image-2037\" src=\"https:\/\/fmp-components.com\/wp-content\/uploads\/2024\/12\/fmp_agricultural-gearbox-HC-55-2.webp\" alt=\"fmp_agricultural-gearbox-HC-55\" width=\"400\" height=\"486\" title=\"\" srcset=\"https:\/\/fmp-components.com\/wp-content\/uploads\/2024\/12\/fmp_agricultural-gearbox-HC-55-2.webp 400w, https:\/\/fmp-components.com\/wp-content\/uploads\/2024\/12\/fmp_agricultural-gearbox-HC-55-2-247x300.webp 247w, https:\/\/fmp-components.com\/wp-content\/uploads\/2024\/12\/fmp_agricultural-gearbox-HC-55-2-10x12.webp 10w\" sizes=\"(max-width: 400px) 100vw, 400px\" \/><\/td>\n<td width=\"98\"><img loading=\"lazy\" decoding=\"async\" class=\"alignnone size-full wp-image-2036\" src=\"https:\/\/fmp-components.com\/wp-content\/uploads\/2024\/12\/Agricultural-Lawn-Mower-Gearbox-FMP-55.webp\" alt=\"Bo\u00eete de vitesses pour tondeuse \u00e0 gazon agricole FMP-55\" width=\"500\" height=\"500\" title=\"\" srcset=\"https:\/\/fmp-components.com\/wp-content\/uploads\/2024\/12\/Agricultural-Lawn-Mower-Gearbox-FMP-55.webp 500w, https:\/\/fmp-components.com\/wp-content\/uploads\/2024\/12\/Agricultural-Lawn-Mower-Gearbox-FMP-55-480x480.webp 480w\" sizes=\"(min-width: 0px) and (max-width: 480px) 480px, (min-width: 481px) 500px, 100vw\" \/><\/td>\n<\/tr>\n<\/tbody>\n<\/table>\n<table style=\"width: 100%;\" border=\"1\" width=\"100%\" cellspacing=\"0\" cellpadding=\"0\">\n<tbody>\n<tr>\n<th>Article<\/th>\n<td>FMP-55<\/td>\n<\/tr>\n<tr>\n<th>Rapport<\/th>\n<td>1:1.6<\/td>\n<\/tr>\n<tr>\n<th>Dents<\/th>\n<td>15\/24<\/td>\n<\/tr>\n<tr>\n<th>Module<\/th>\n<td>6.0<\/td>\n<\/tr>\n<tr>\n<th>Puissance (HP)<\/th>\n<td>50<\/td>\n<\/tr>\n<tr>\n<th>Entr\u00e9e nominale<\/th>\n<td>540 tr\/min<\/td>\n<\/tr>\n<tr>\n<th>Description des entr\u00e9es\/sorties<\/th>\n<td>1-3\/8 Z6, base conique, arbre cannel\u00e9 ad\u00e9quat<\/td>\n<\/tr>\n<tr>\n<th>Poids (NW)<\/th>\n<td>28,7 kg<\/td>\n<\/tr>\n<tr>\n<th>Mat\u00e9riel<\/th>\n<td>\u2013 HT250 pour le logement<br \/>\n\u2013 20CrMnTi pour arbre d'engrenage<br \/>\n\u2013 Aluminium pour plaque<\/td>\n<\/tr>\n<\/tbody>\n<\/table>\n<h3>Nous fournissons \u00e9galement des arbres de prise de force.<\/h3>\n<p>FMP, fabricant et usine de prises de force (PDF) de confiance, bas\u00e9 en Chine, s'engage \u00e0 fournir des PDF de haute qualit\u00e9, con\u00e7us pour une performance et une durabilit\u00e9 optimales. Nous proposons une large gamme de PDF, chacune adapt\u00e9e aux besoins sp\u00e9cifiques des machines agricoles et industrielles. Nos PDF sont disponibles avec diff\u00e9rents diam\u00e8tres de roulement, garantissant ainsi leur compatibilit\u00e9 avec divers \u00e9quipements et applications.<\/p>\n<p>Que vous ayez besoin d'un arbre de prise de force \u00e0 joint universel pour votre bo\u00eete de vitesses agricole, votre tondeuse rotative ou toute autre machine agricole, FMP propose des solutions sur mesure r\u00e9pondant \u00e0 vos exigences sp\u00e9cifiques. Forts de notre expertise en ing\u00e9nierie de pr\u00e9cision et de nombreuses ann\u00e9es d'exp\u00e9rience, nous garantissons des produits fiables, robustes et con\u00e7us pour durer.<\/p>\n<p>Notre \u00e9quipe s'engage \u00e0 vous fournir un service rapide et efficace, en veillant \u00e0 ce que vos demandes soient trait\u00e9es avec des conseils d'experts et des solutions adapt\u00e9es dans les meilleurs d\u00e9lais. Si vous recherchez un arbre de prise de force haute performance capable de r\u00e9sister aux exigences de vos machines, n'h\u00e9sitez pas \u00e0 nous contacter d\u00e8s aujourd'hui. Faites confiance \u00e0 FMP pour tous vos besoins en arbres de prise de force\u00a0!<\/p>\n<p><img loading=\"lazy\" decoding=\"async\" class=\"alignnone size-full wp-image-2010\" src=\"https:\/\/fmp-components.com\/wp-content\/uploads\/2024\/12\/Agricultural-Lawnmower-Gearbox-Precautions-for-Use1.webp\" alt=\"Bo\u00eete de vitesses de tondeuse \u00e0 gazon\" width=\"1202\" height=\"665\" title=\"\" srcset=\"https:\/\/fmp-components.com\/wp-content\/uploads\/2024\/12\/Agricultural-Lawnmower-Gearbox-Precautions-for-Use1.webp 1202w, https:\/\/fmp-components.com\/wp-content\/uploads\/2024\/12\/Agricultural-Lawnmower-Gearbox-Precautions-for-Use1-980x542.webp 980w, https:\/\/fmp-components.com\/wp-content\/uploads\/2024\/12\/Agricultural-Lawnmower-Gearbox-Precautions-for-Use1-480x266.webp 480w\" sizes=\"(min-width: 0px) and (max-width: 480px) 480px, (min-width: 481px) and (max-width: 980px) 980px, (min-width: 981px) 1202px, 100vw\" \/><\/p>\n<h3>\u00c0 propos de FMP<\/h3>\n<p>Bas\u00e9e en Italie, FMP est un fabricant leader reconnu pour son expertise dans la conception, le d\u00e9veloppement et la production de r\u00e9ducteurs haute performance, principalement destin\u00e9s au secteur des machines agricoles. Forte d'une ing\u00e9nierie de pr\u00e9cision, d'une capacit\u00e9 d'innovation et d'une fiabilit\u00e9 \u00e9prouv\u00e9es, FMP s'est forg\u00e9e une r\u00e9putation d'excellence en fournissant des produits r\u00e9pondant aux besoins \u00e9volutifs des industries agricole et industrielle. Notre gamme de produits comprend des r\u00e9ducteurs sp\u00e9cialis\u00e9s pour tondeuses \u00e0 gazon, des arbres de prise de force et divers composants cl\u00e9s, con\u00e7us pour offrir des solutions sur mesure adapt\u00e9es \u00e0 une large gamme d'applications.<\/p>\n<p>Chez FMP, nous savons que chaque client a des besoins sp\u00e9cifiques. C'est pourquoi nous nous sp\u00e9cialisons dans les solutions sur mesure, qu'il s'agisse de composants individuels ou de syst\u00e8mes enti\u00e8rement int\u00e9gr\u00e9s. Nous privil\u00e9gions une approche collaborative, en travaillant en \u00e9troite collaboration avec nos clients pour garantir l'efficacit\u00e9 et la performance de chaque solution. Notre engagement \u00e0 r\u00e9pondre rapidement et professionnellement, et \u00e0 fournir des conseils d'experts, assure un traitement rigoureux et pr\u00e9cis de chaque demande.<\/p>\n<p>Nous privil\u00e9gions une communication ouverte et continue, notamment en mati\u00e8re de d\u00e9veloppement produit. Notre \u00e9quipe travaille en \u00e9troite collaboration avec nos clients pour comprendre leurs probl\u00e9matiques sp\u00e9cifiques et leur proposer des solutions concr\u00e8tes et optimales. Qu'il s'agisse de concevoir des produits innovants ou d'assurer le suivi des commandes, nous nous engageons \u00e0 fournir syst\u00e9matiquement des solutions de haute qualit\u00e9 et d'une grande pr\u00e9cision.<\/p>\n<p>Chez FMP, la qualit\u00e9 est au c\u0153ur de toutes nos activit\u00e9s. Nous respectons les normes de fabrication les plus exigeantes et mettons en \u0153uvre des processus de contr\u00f4le qualit\u00e9 rigoureux afin de garantir que chaque produit r\u00e9ponde aux attentes du secteur, voire les d\u00e9passe. Notre engagement envers la qualit\u00e9, conjugu\u00e9 \u00e0 nos valeurs d'int\u00e9grit\u00e9, de travail d'\u00e9quipe et de pers\u00e9v\u00e9rance, nous a permis de tisser des relations durables avec nos clients dans pr\u00e8s de 30 pays \u00e0 travers le monde.<\/p>\n<p>FMP est toujours ouverte aux partenariats internationaux et s'engage \u00e0 fournir des conseils d'experts et des solutions sur mesure pour r\u00e9pondre aux besoins vari\u00e9s de ses clients. Nous allons au-del\u00e0 de la simple fourniture de produits\u00a0: nous privil\u00e9gions l'\u00e9tablissement de relations \u00e0 long terme, garantissant ainsi le succ\u00e8s de chaque projet. Que vous recherchiez des solutions innovantes pour une nouvelle initiative ou ayez besoin d'assistance pour un syst\u00e8me existant, FMP s'engage \u00e0 relever vos d\u00e9fis techniques et \u00e0 vous accompagner vers un succ\u00e8s continu.<\/p>\n<p><img loading=\"lazy\" decoding=\"async\" class=\"alignnone size-full wp-image-1861\" src=\"https:\/\/fmp-components.com\/wp-content\/uploads\/2024\/12\/Other-Agricultural-Gearboxes.webp\" sizes=\"(min-width: 0px) and (max-width: 480px) 480px, (min-width: 481px) and (max-width: 980px) 980px, (min-width: 981px) 1200px, 100vw\" srcset=\"https:\/\/fmp-components.com\/wp-content\/uploads\/2024\/12\/Other-Agricultural-Gearboxes.webp 1200w, https:\/\/fmp-components.com\/wp-content\/uploads\/2024\/12\/Other-Agricultural-Gearboxes-980x1143.webp 980w, https:\/\/fmp-components.com\/wp-content\/uploads\/2024\/12\/Other-Agricultural-Gearboxes-480x560.webp 480w\" alt=\"Autres changements agricoles\" width=\"1200\" height=\"1400\" title=\"\"><\/p>\n<p>Auteur : CX<\/p>","protected":false},"excerpt":{"rendered":"<p>Features of Agricultural Lawn Mower Gearbox FMP-55 The FMP-55 Agricultural Lawn Mower Gearbox is engineered for high performance, durability, and reliability, designed to meet the demanding requirements of agricultural lawn mowing applications. Built for heavy-duty use, the FMP-55 ensures smooth operation, long-lasting service, and efficient power transmission. Key features of the FMP-55 include: Heavy-Duty Construction [&hellip;]<\/p>","protected":false},"featured_media":2036,"comment_status":"open","ping_status":"closed","template":"","meta":{"_et_pb_use_builder":"","_et_pb_old_content":"","_et_gb_content_width":""},"product_brand":[],"product_cat":[52],"product_tag":[],"class_list":{"0":"post-2035","1":"product","2":"type-product","3":"status-publish","4":"has-post-thumbnail","6":"product_cat-lawn-mower-gearbox","8":"first","9":"instock","10":"shipping-taxable","11":"product-type-simple"},"_links":{"self":[{"href":"https:\/\/fmp-components.com\/fr\/wp-json\/wp\/v2\/product\/2035","targetHints":{"allow":["GET"]}}],"collection":[{"href":"https:\/\/fmp-components.com\/fr\/wp-json\/wp\/v2\/product"}],"about":[{"href":"https:\/\/fmp-components.com\/fr\/wp-json\/wp\/v2\/types\/product"}],"replies":[{"embeddable":true,"href":"https:\/\/fmp-components.com\/fr\/wp-json\/wp\/v2\/comments?post=2035"}],"wp:featuredmedia":[{"embeddable":true,"href":"https:\/\/fmp-components.com\/fr\/wp-json\/wp\/v2\/media\/2036"}],"wp:attachment":[{"href":"https:\/\/fmp-components.com\/fr\/wp-json\/wp\/v2\/media?parent=2035"}],"wp:term":[{"taxonomy":"product_brand","embeddable":true,"href":"https:\/\/fmp-components.com\/fr\/wp-json\/wp\/v2\/product_brand?post=2035"},{"taxonomy":"product_cat","embeddable":true,"href":"https:\/\/fmp-components.com\/fr\/wp-json\/wp\/v2\/product_cat?post=2035"},{"taxonomy":"product_tag","embeddable":true,"href":"https:\/\/fmp-components.com\/fr\/wp-json\/wp\/v2\/product_tag?post=2035"}],"curies":[{"name":"wp","href":"https:\/\/api.w.org\/{rel}","templated":true}]}}