{"id":2031,"date":"2024-12-27T01:51:37","date_gmt":"2024-12-27T01:51:37","guid":{"rendered":"https:\/\/fmp-components.com\/?page_id=8"},"modified":"2024-12-27T01:51:37","modified_gmt":"2024-12-27T01:51:37","slug":"agricultural-lawn-mower-gearbox-fmp-rc81","status":"publish","type":"product","link":"https:\/\/fmp-components.com\/fr\/product\/agricultural-lawn-mower-gearbox-fmp-rc81\/","title":{"rendered":"Bo\u00eete de vitesses pour tondeuse \u00e0 gazon agricole FMP-RC81"},"content":{"rendered":"<h2>Sp\u00e9cifications de la bo\u00eete de vitesses pour tondeuse \u00e0 gazon agricole FMP-RC81<\/h2>\n<table style=\"width: 96.2203%; height: 596px;\" border=\"1\" width=\"100%\" cellspacing=\"0\" cellpadding=\"0\">\n<tbody>\n<tr>\n<td width=\"110\"><img loading=\"lazy\" decoding=\"async\" class=\"alignnone size-full wp-image-2033\" src=\"https:\/\/fmp-components.com\/wp-content\/uploads\/2024\/12\/fmp_agricultural-gearbox-HC-RC81-2.webp\" alt=\"fmp_agricultural-gearbox-HC-RC81-2\" width=\"399\" height=\"518\" title=\"\" srcset=\"https:\/\/fmp-components.com\/wp-content\/uploads\/2024\/12\/fmp_agricultural-gearbox-HC-RC81-2.webp 399w, https:\/\/fmp-components.com\/wp-content\/uploads\/2024\/12\/fmp_agricultural-gearbox-HC-RC81-2-231x300.webp 231w, https:\/\/fmp-components.com\/wp-content\/uploads\/2024\/12\/fmp_agricultural-gearbox-HC-RC81-2-9x12.webp 9w\" sizes=\"(max-width: 399px) 100vw, 399px\" \/><\/td>\n<td width=\"98\"><img loading=\"lazy\" decoding=\"async\" class=\"alignnone size-full wp-image-2034\" src=\"https:\/\/fmp-components.com\/wp-content\/uploads\/2024\/12\/fmp_agricultural-gearbox-HC-RC81.webp\" alt=\"fmp_agricultural-gearbox-HC-RC81-2\" width=\"400\" height=\"400\" title=\"\" srcset=\"https:\/\/fmp-components.com\/wp-content\/uploads\/2024\/12\/fmp_agricultural-gearbox-HC-RC81.webp 400w, https:\/\/fmp-components.com\/wp-content\/uploads\/2024\/12\/fmp_agricultural-gearbox-HC-RC81-300x300.webp 300w, https:\/\/fmp-components.com\/wp-content\/uploads\/2024\/12\/fmp_agricultural-gearbox-HC-RC81-150x150.webp 150w, https:\/\/fmp-components.com\/wp-content\/uploads\/2024\/12\/fmp_agricultural-gearbox-HC-RC81-12x12.webp 12w, https:\/\/fmp-components.com\/wp-content\/uploads\/2024\/12\/fmp_agricultural-gearbox-HC-RC81-100x100.webp 100w\" sizes=\"(max-width: 400px) 100vw, 400px\" \/><\/td>\n<\/tr>\n<\/tbody>\n<\/table>\n<table style=\"width: 95.6387%; height: 235px;\" border=\"1\">\n<tbody>\n<tr>\n<td><strong>ARTICLE<\/strong><\/td>\n<td>FMP-RC81<\/td>\n<\/tr>\n<tr>\n<td><strong>Rapport<\/strong><\/td>\n<td>1:1.93\/1:1.46<\/td>\n<\/tr>\n<tr>\n<td><strong>Dents<\/strong><\/td>\n<td>27\/14 19\/13<\/td>\n<\/tr>\n<tr>\n<td><strong>Module<\/strong><\/td>\n<td>5.5 \/ 7.0<\/td>\n<\/tr>\n<tr>\n<td><strong>Puissance (CV)<\/strong><\/td>\n<td>80<\/td>\n<\/tr>\n<tr>\n<td><strong>Entr\u00e9e nominale<\/strong><\/td>\n<td>600 tr\/min<\/td>\n<\/tr>\n<tr>\n<td><strong>Description des entr\u00e9es\/sorties<\/strong><\/td>\n<td>Cannelure conique Z6 1-3\/8<\/td>\n<\/tr>\n<tr>\n<td><strong>Poids (NW)<\/strong><\/td>\n<td>28,7 kg<\/td>\n<\/tr>\n<\/tbody>\n<\/table>\n<h3>Caract\u00e9ristiques de la bo\u00eete de vitesses pour tondeuse \u00e0 gazon agricole FMP-RC81<\/h3>\n<p>Le bo\u00eetier d'engrenages pour tondeuses agricoles FMP-RC81 est un bo\u00eetier robuste et performant, con\u00e7u pour offrir une fiabilit\u00e9, une efficacit\u00e9 et une durabilit\u00e9 exceptionnelles pour les applications de tonte exigeantes. Il est con\u00e7u pour r\u00e9sister aux conditions les plus difficiles et assurer une longue dur\u00e9e de vie. Voici ses principales caract\u00e9ristiques\u00a0:<\/p>\n<ol>\n<li><strong>Conception robuste<\/strong><br \/>\nLa FMP-RC81 est fabriqu\u00e9e avec des mat\u00e9riaux robustes et hautement r\u00e9sistants pour r\u00e9sister aux fortes contraintes li\u00e9es \u00e0 la tonte des pelouses agricoles. Sa conception robuste garantit des performances sup\u00e9rieures dans les environnements difficiles, de l'herbe \u00e9paisse aux terrains accident\u00e9s.<\/li>\n<li><strong>Capacit\u00e9 de couple \u00e9lev\u00e9e<\/strong><br \/>\nGr\u00e2ce \u00e0 sa capacit\u00e9 de couple sup\u00e9rieure, la FMP-RC81 est id\u00e9ale pour les applications \u00e0 forte charge. Elle assure une transmission de puissance efficace m\u00eame dans les conditions les plus exigeantes, permettant \u00e0 la tondeuse d'optimiser ses performances, m\u00eame dans l'herbe dense ou sur les terrains en pente.<\/li>\n<li><strong>Engrenages usin\u00e9s avec pr\u00e9cision<\/strong><br \/>\n\u00c9quip\u00e9 d'engrenages de pr\u00e9cision, le FMP-RC81 assure une transmission de puissance fluide et efficace avec un minimum de vibrations. Cette pr\u00e9cision r\u00e9duit l'usure, prolongeant ainsi la dur\u00e9e de vie et r\u00e9duisant les co\u00fbts de maintenance.<\/li>\n<li><strong>Efficacit\u00e9 \u00e9nerg\u00e9tique optimis\u00e9e<\/strong><br \/>\nLa FMP-RC81 b\u00e9n\u00e9ficie d'une conception optimis\u00e9e des engrenages qui minimise les pertes de puissance et am\u00e9liore l'efficacit\u00e9 globale de la tondeuse. Cela r\u00e9duit la charge du moteur, am\u00e9liore la consommation de carburant et garantit une utilisation optimale de la puissance pour une coupe optimale.<\/li>\n<li><strong>Compact et l\u00e9ger<\/strong><br \/>\nMalgr\u00e9 ses capacit\u00e9s robustes, le FMP-RC81 est con\u00e7u pour \u00eatre compact et l\u00e9ger. Cela facilite son int\u00e9gration \u00e0 divers syst\u00e8mes de tondeuses \u00e0 gazon sans ajouter de poids, contribuant ainsi \u00e0 une meilleure maniabilit\u00e9 et \u00e0 une r\u00e9duction des contraintes sur l'\u00e9quipement.<\/li>\n<li><strong>Conception n\u00e9cessitant peu d'entretien<\/strong><br \/>\nLe r\u00e9ducteur FMP-RC81 est con\u00e7u pour n\u00e9cessiter un entretien minimal gr\u00e2ce \u00e0 ses composants autolubrifiants qui r\u00e9duisent les besoins d'entretien fr\u00e9quents. Cette conception garantit un fonctionnement continu avec des temps d'arr\u00eat et des co\u00fbts de maintenance r\u00e9duits.<\/li>\n<li><strong>Polyvalent et adaptable<\/strong><br \/>\nLe FMP-RC81 est tr\u00e8s polyvalent et compatible avec une large gamme de tondeuses \u00e0 gazon utilis\u00e9es en agriculture et en am\u00e9nagement paysager. Il peut \u00eatre personnalis\u00e9 pour r\u00e9pondre \u00e0 des besoins sp\u00e9cifiques, garantissant des performances optimales sur diff\u00e9rentes configurations.<\/li>\n<\/ol>\n<p>Le r\u00e9ducteur pour tondeuse \u00e0 gazon agricole FMP-RC81 allie robustesse, efficacit\u00e9 et fiabilit\u00e9, ce qui en fait un excellent choix pour les applications agricoles et industrielles. Con\u00e7u pour supporter de lourdes charges, r\u00e9duire l'entretien et assurer une transmission de puissance fluide, il est con\u00e7u pour optimiser l'efficacit\u00e9 op\u00e9rationnelle et minimiser les temps d'arr\u00eat.<\/p>\n<p><img loading=\"lazy\" decoding=\"async\" class=\"alignnone size-full wp-image-1994\" src=\"https:\/\/fmp-components.com\/wp-content\/uploads\/2024\/12\/Lawn-Mower-Gearbox-7.webp\" alt=\"Bo\u00eete de vitesses de tondeuse \u00e0 gazon\" width=\"1502\" height=\"805\" title=\"\" srcset=\"https:\/\/fmp-components.com\/wp-content\/uploads\/2024\/12\/Lawn-Mower-Gearbox-7.webp 1502w, https:\/\/fmp-components.com\/wp-content\/uploads\/2024\/12\/Lawn-Mower-Gearbox-7-1280x686.webp 1280w, https:\/\/fmp-components.com\/wp-content\/uploads\/2024\/12\/Lawn-Mower-Gearbox-7-980x525.webp 980w, https:\/\/fmp-components.com\/wp-content\/uploads\/2024\/12\/Lawn-Mower-Gearbox-7-480x257.webp 480w\" sizes=\"(min-width: 0px) and (max-width: 480px) 480px, (min-width: 481px) and (max-width: 980px) 980px, (min-width: 981px) and (max-width: 1280px) 1280px, (min-width: 1281px) 1502px, 100vw\" \/><\/p>\n<h3>\u00c0 propos de FMP<\/h3>\n<p>FMP, dont le si\u00e8ge social est en Italie, est un fabricant leader sp\u00e9cialis\u00e9 dans les bo\u00eetes de vitesses hautes performances pour machines agricoles. Reconnus pour leur ing\u00e9nierie de pr\u00e9cision, leur innovation et leur fiabilit\u00e9, nous proposons une large gamme de bo\u00eetes de vitesses, notamment pour tondeuses \u00e0 gazon, et des composants essentiels comme les arbres de prise de force. Notre mission est de fournir des solutions sur mesure r\u00e9pondant aux besoins sp\u00e9cifiques des secteurs agricole et industriel, que ce soit par le biais de produits individuels ou de syst\u00e8mes int\u00e9gr\u00e9s.<\/p>\n<p>Nous comprenons que chaque client a des exigences uniques, c'est pourquoi nous excellons dans la personnalisation de nos produits pour r\u00e9pondre \u00e0 ces besoins. Que vous ayez besoin d'une bo\u00eete de vitesses sp\u00e9cialis\u00e9e ou d'un syst\u00e8me complet, nous travaillons en \u00e9troite collaboration avec vous pour vous proposer les solutions les plus performantes. Nos r\u00e9ponses rapides et professionnelles, combin\u00e9es \u00e0 nos conseils d'experts, garantissent un traitement minutieux et pr\u00e9cis de chaque demande.<\/p>\n<p>Chez FMP, nous privil\u00e9gions la communication et la collaboration, notamment lors du d\u00e9veloppement de nouveaux produits. Notre \u00e9quipe travaille aux c\u00f4t\u00e9s de nos clients pour comprendre leurs d\u00e9fis et leur apporter des solutions optimales. Nous nous engageons \u00e0 livrer dans les d\u00e9lais des produits de haute qualit\u00e9, con\u00e7us avec pr\u00e9cision, qu'il s'agisse de nouveaux d\u00e9veloppements ou de commandes existantes.<\/p>\n<p>La qualit\u00e9 est au c\u0153ur des activit\u00e9s de FMP. Nos processus de fabrication respectent les normes les plus strictes, garantissant pr\u00e9cision et z\u00e9ro d\u00e9faut. Un contr\u00f4le qualit\u00e9 rigoureux garantit que chaque produit respecte, voire d\u00e9passe, les normes de l'industrie. Cet engagement qualit\u00e9, alli\u00e9 \u00e0 nos valeurs fondamentales d'int\u00e9grit\u00e9, de travail d'\u00e9quipe et de pers\u00e9v\u00e9rance, nous a permis de nouer des relations solides avec des clients dans pr\u00e8s de 30 pays.<\/p>\n<p>FMP est toujours ouvert aux partenariats internationaux, offrant des conseils d'experts et des solutions personnalis\u00e9es. Notre approche va au-del\u00e0 de la simple livraison de produits\u00a0; nous visons \u00e0 b\u00e2tir des relations durables, sources de r\u00e9ussite mutuelle. Que vous ayez besoin de nouvelles solutions ou d'un support pour vos syst\u00e8mes existants, FMP s'engage \u00e0 relever vos d\u00e9fis techniques et \u00e0 assurer votre r\u00e9ussite durable.<\/p>\n<p><img loading=\"lazy\" decoding=\"async\" class=\"alignnone size-full wp-image-1861\" src=\"https:\/\/fmp-components.com\/wp-content\/uploads\/2024\/12\/Other-Agricultural-Gearboxes.webp\" sizes=\"(min-width: 0px) and (max-width: 480px) 480px, (min-width: 481px) and (max-width: 980px) 980px, (min-width: 981px) 1200px, 100vw\" srcset=\"https:\/\/fmp-components.com\/wp-content\/uploads\/2024\/12\/Other-Agricultural-Gearboxes.webp 1200w, https:\/\/fmp-components.com\/wp-content\/uploads\/2024\/12\/Other-Agricultural-Gearboxes-980x1143.webp 980w, https:\/\/fmp-components.com\/wp-content\/uploads\/2024\/12\/Other-Agricultural-Gearboxes-480x560.webp 480w\" alt=\"Autres changements agricoles\" width=\"1200\" height=\"1400\" title=\"\"><\/p>\n<p>Auteur : CX<\/p>","protected":false},"excerpt":{"rendered":"<p>Agricultural Lawn Mower Gearbox FMP-RC81 Specification ITEM FMP-RC81 Ratio 1:1.93\/1:1.46 Teeth 27\/14 19\/13 Module 5.5 \/ 7.0 Power(HP) 80 Rated Input 600rpm Input\/Output Description 1-3\/8 Z6 Taper spline Weight(N.W) 28.7KG Features of Agricultural Lawn Mower Gearbox FMP-RC81 The FMP-RC81 Agricultural Lawn Mower Gearbox is a high-performance, heavy-duty gearbox designed to deliver exceptional reliability, efficiency, and [&hellip;]<\/p>","protected":false},"featured_media":2034,"comment_status":"open","ping_status":"closed","template":"","meta":{"_et_pb_use_builder":"","_et_pb_old_content":"","_et_gb_content_width":""},"product_brand":[],"product_cat":[52],"product_tag":[],"class_list":{"0":"post-2031","1":"product","2":"type-product","3":"status-publish","4":"has-post-thumbnail","6":"product_cat-lawn-mower-gearbox","8":"first","9":"instock","10":"shipping-taxable","11":"product-type-simple"},"_links":{"self":[{"href":"https:\/\/fmp-components.com\/fr\/wp-json\/wp\/v2\/product\/2031","targetHints":{"allow":["GET"]}}],"collection":[{"href":"https:\/\/fmp-components.com\/fr\/wp-json\/wp\/v2\/product"}],"about":[{"href":"https:\/\/fmp-components.com\/fr\/wp-json\/wp\/v2\/types\/product"}],"replies":[{"embeddable":true,"href":"https:\/\/fmp-components.com\/fr\/wp-json\/wp\/v2\/comments?post=2031"}],"wp:featuredmedia":[{"embeddable":true,"href":"https:\/\/fmp-components.com\/fr\/wp-json\/wp\/v2\/media\/2034"}],"wp:attachment":[{"href":"https:\/\/fmp-components.com\/fr\/wp-json\/wp\/v2\/media?parent=2031"}],"wp:term":[{"taxonomy":"product_brand","embeddable":true,"href":"https:\/\/fmp-components.com\/fr\/wp-json\/wp\/v2\/product_brand?post=2031"},{"taxonomy":"product_cat","embeddable":true,"href":"https:\/\/fmp-components.com\/fr\/wp-json\/wp\/v2\/product_cat?post=2031"},{"taxonomy":"product_tag","embeddable":true,"href":"https:\/\/fmp-components.com\/fr\/wp-json\/wp\/v2\/product_tag?post=2031"}],"curies":[{"name":"wp","href":"https:\/\/api.w.org\/{rel}","templated":true}]}}