{"id":2021,"date":"2024-12-27T01:29:14","date_gmt":"2024-12-27T01:29:14","guid":{"rendered":"https:\/\/fmp-components.com\/?page_id=8"},"modified":"2024-12-27T01:42:20","modified_gmt":"2024-12-27T01:42:20","slug":"agricultural-lawn-mower-gearbox-fmp-rc51","status":"publish","type":"product","link":"https:\/\/fmp-components.com\/fr\/product\/agricultural-lawn-mower-gearbox-fmp-rc51\/","title":{"rendered":"Bo\u00eete de vitesses pour tondeuse \u00e0 gazon agricole FMP-RC51"},"content":{"rendered":"<h2>Sp\u00e9cification<\/h2>\n<table style=\"width: 96.2203%; height: 596px;\" border=\"1\" width=\"100%\" cellspacing=\"0\" cellpadding=\"0\">\n<tbody>\n<tr>\n<td width=\"110\"><img loading=\"lazy\" decoding=\"async\" class=\"alignnone size-full wp-image-2025\" src=\"https:\/\/fmp-components.com\/wp-content\/uploads\/2024\/12\/fmp_agricultural-gearbox-HC-RC51-2.webp\" alt=\"fmp_agricultural-gearbox-HC-RC51-2\" width=\"404\" height=\"547\" title=\"\" srcset=\"https:\/\/fmp-components.com\/wp-content\/uploads\/2024\/12\/fmp_agricultural-gearbox-HC-RC51-2.webp 404w, https:\/\/fmp-components.com\/wp-content\/uploads\/2024\/12\/fmp_agricultural-gearbox-HC-RC51-2-222x300.webp 222w, https:\/\/fmp-components.com\/wp-content\/uploads\/2024\/12\/fmp_agricultural-gearbox-HC-RC51-2-9x12.webp 9w\" sizes=\"(max-width: 404px) 100vw, 404px\" \/><\/td>\n<td width=\"98\"><img loading=\"lazy\" decoding=\"async\" class=\"alignnone size-full wp-image-2026\" src=\"https:\/\/fmp-components.com\/wp-content\/uploads\/2024\/12\/fmp_agricultural-gearbox-HC-RC51.webp\" alt=\"fmp_agricultural-gearbox-HC-RC51-2\" width=\"400\" height=\"400\" title=\"\" srcset=\"https:\/\/fmp-components.com\/wp-content\/uploads\/2024\/12\/fmp_agricultural-gearbox-HC-RC51.webp 400w, https:\/\/fmp-components.com\/wp-content\/uploads\/2024\/12\/fmp_agricultural-gearbox-HC-RC51-300x300.webp 300w, https:\/\/fmp-components.com\/wp-content\/uploads\/2024\/12\/fmp_agricultural-gearbox-HC-RC51-150x150.webp 150w, https:\/\/fmp-components.com\/wp-content\/uploads\/2024\/12\/fmp_agricultural-gearbox-HC-RC51-12x12.webp 12w, https:\/\/fmp-components.com\/wp-content\/uploads\/2024\/12\/fmp_agricultural-gearbox-HC-RC51-100x100.webp 100w\" sizes=\"(max-width: 400px) 100vw, 400px\" \/><\/td>\n<\/tr>\n<\/tbody>\n<\/table>\n<p>&nbsp;<\/p>\n<table style=\"width: 100.19%; height: 241px;\" border=\"1\">\n<tbody>\n<tr>\n<td style=\"width: 36.3538%;\"><strong>ARTICLE<\/strong><\/td>\n<td style=\"width: 62.9989%;\">FMP-rc51<\/td>\n<\/tr>\n<tr>\n<td style=\"width: 36.3538%;\"><strong>Rapport<\/strong><\/td>\n<td style=\"width: 62.9989%;\">1:1.47\/1:1.93<\/td>\n<\/tr>\n<tr>\n<td style=\"width: 36.3538%;\"><strong>Dents<\/strong><\/td>\n<td style=\"width: 62.9989%;\">22\/15 29\/15<\/td>\n<\/tr>\n<tr>\n<td style=\"width: 36.3538%;\"><strong>Module<\/strong><\/td>\n<td style=\"width: 62.9989%;\">\u00a05.08 \/4.0<\/td>\n<\/tr>\n<tr>\n<td style=\"width: 36.3538%;\"><strong>Puissance (CV)<\/strong><\/td>\n<td style=\"width: 62.9989%;\">30<\/td>\n<\/tr>\n<tr>\n<td style=\"width: 36.3538%;\"><strong>Entr\u00e9e nominale<\/strong><\/td>\n<td style=\"width: 62.9989%;\">540 tr\/min<\/td>\n<\/tr>\n<tr>\n<td style=\"width: 36.3538%;\"><strong>Description des entr\u00e9es\/sorties<\/strong><\/td>\n<td style=\"width: 62.9989%;\">\u00a0Cannelure \/ Cannelure conique<\/td>\n<\/tr>\n<tr>\n<td style=\"width: 36.3538%;\"><strong>Poids (NW)<\/strong><\/td>\n<td style=\"width: 62.9989%;\">29 kg<\/td>\n<\/tr>\n<\/tbody>\n<\/table>\n<h2>Caract\u00e9ristiques de la bo\u00eete de vitesses pour tondeuse \u00e0 gazon agricole FMP-RC51<\/h2>\n<p>Le bo\u00eetier d'engrenages pour tondeuse agricole FMP-RC51 est con\u00e7u pour offrir des performances, une fiabilit\u00e9 et une durabilit\u00e9 \u00e9lev\u00e9es, ce qui en fait la solution id\u00e9ale pour la tonte de gazon. Voici ses principales caract\u00e9ristiques\u00a0:<\/p>\n<ol>\n<li><strong>Conception robuste<\/strong><br \/>\nFabriqu\u00e9e avec des mat\u00e9riaux de haute qualit\u00e9, la bo\u00eete de vitesses FMP-RC51 offre une r\u00e9sistance et une r\u00e9silience exceptionnelles, garantissant qu'elle peut r\u00e9sister aux exigences rigoureuses des environnements agricoles.<\/li>\n<li><strong>Ing\u00e9nierie de pr\u00e9cision<\/strong><br \/>\nLe FMP-RC51 b\u00e9n\u00e9ficie d'un usinage de pr\u00e9cision garantissant un fonctionnement fluide et une transmission de puissance optimale. Cette conception minimise l'usure, am\u00e9liorant ainsi la long\u00e9vit\u00e9 et l'efficacit\u00e9 du r\u00e9ducteur.<\/li>\n<li><strong>Capacit\u00e9 de couple \u00e9lev\u00e9e<\/strong><br \/>\nCon\u00e7u pour g\u00e9rer des charges de couple \u00e9lev\u00e9es, le FMP-RC51 offre des performances sup\u00e9rieures dans des conditions de tonte difficiles, garantissant un fonctionnement fiable m\u00eame sur des terrains difficiles.<\/li>\n<li><strong>Transmission d&#039;\u00e9nergie efficace<\/strong><br \/>\nGr\u00e2ce \u00e0 sa conception \u00e0 engrenages \u00e0 haut rendement, le FMP-RC51 garantit une perte d'\u00e9nergie minimale et une puissance maximale. Cela permet un fonctionnement fluide, r\u00e9duisant la charge du moteur et augmentant le rendement \u00e9nerg\u00e9tique.<\/li>\n<li><strong>Compact et l\u00e9ger<\/strong><br \/>\nLa bo\u00eete de vitesses est con\u00e7ue avec une structure compacte et l\u00e9g\u00e8re, ce qui la rend facile \u00e0 installer et \u00e0 int\u00e9grer dans divers syst\u00e8mes de tondeuses \u00e0 gazon sans ajouter de poids inutile.<\/li>\n<li><strong>Faible entretien<\/strong><br \/>\nLa bo\u00eete de vitesses FMP-RC51 est con\u00e7ue pour un faible entretien, avec des composants autolubrifiants qui r\u00e9duisent le besoin d'entretien fr\u00e9quent, am\u00e9liorant la productivit\u00e9 et minimisant les temps d'arr\u00eat.<\/li>\n<li><strong>Compatibilit\u00e9 polyvalente<\/strong><br \/>\nLe FMP-RC51 est compatible avec une large gamme de tondeuses \u00e0 gazon, ce qui en fait une option polyvalente pour diff\u00e9rentes applications agricoles. Il s'adapte facilement aux exigences sp\u00e9cifiques des machines.<\/li>\n<\/ol>\n<p>Ces caract\u00e9ristiques font de la bo\u00eete de vitesses pour tondeuse \u00e0 gazon agricole FMP-RC51 un choix fiable, efficace et durable pour les machines agricoles, offrant des performances et une long\u00e9vit\u00e9 exceptionnelles pour les t\u00e2ches de tonte de pelouse.<\/p>\n<div class=\"flex-shrink-0 flex flex-col relative items-end\">\n<div>\n<div class=\"pt-0\">\n<div class=\"gizmo-bot-avatar flex h-8 w-8 items-center justify-center overflow-hidden rounded-full\">\n<div class=\"relative p-1 rounded-sm flex items-center justify-center bg-token-main-surface-primary text-token-text-primary h-8 w-8\"><img loading=\"lazy\" decoding=\"async\" class=\"alignnone size-full wp-image-1994\" src=\"https:\/\/fmp-components.com\/wp-content\/uploads\/2024\/12\/Lawn-Mower-Gearbox-7.webp\" alt=\"Bo\u00eete de vitesses de tondeuse \u00e0 gazon\" width=\"1502\" height=\"805\" title=\"\" srcset=\"https:\/\/fmp-components.com\/wp-content\/uploads\/2024\/12\/Lawn-Mower-Gearbox-7.webp 1502w, https:\/\/fmp-components.com\/wp-content\/uploads\/2024\/12\/Lawn-Mower-Gearbox-7-1280x686.webp 1280w, https:\/\/fmp-components.com\/wp-content\/uploads\/2024\/12\/Lawn-Mower-Gearbox-7-980x525.webp 980w, https:\/\/fmp-components.com\/wp-content\/uploads\/2024\/12\/Lawn-Mower-Gearbox-7-480x257.webp 480w\" sizes=\"(min-width: 0px) and (max-width: 480px) 480px, (min-width: 481px) and (max-width: 980px) 980px, (min-width: 981px) and (max-width: 1280px) 1280px, (min-width: 1281px) 1502px, 100vw\" \/><\/div>\n<\/div>\n<\/div>\n<\/div>\n<\/div>\n<div class=\"group\/conversation-turn relative flex w-full min-w-0 flex-col agent-turn\">\n<div class=\"flex-col gap-1 md:gap-3\">\n<div class=\"flex max-w-full flex-col flex-grow\">\n<div class=\"min-h-8 text-message flex w-full flex-col items-end gap-2 whitespace-normal break-words text-start [.text-message+&amp;]:mt-5\" dir=\"auto\" data-message-author-role=\"assistant\" data-message-id=\"f83c79da-cb0c-4da0-823f-20067c852903\" data-message-model-slug=\"gpt-4o\">\n<div class=\"flex w-full flex-col gap-1 empty:hidden first:pt-[3px]\">\n<div class=\"markdown prose w-full break-words dark:prose-invert light\">\n<h3>\u00c0 propos de FMP<\/h3>\n<p>Bas\u00e9 en Italie, FMP est un fabricant de premier plan, reconnu pour ses bo\u00eetes de vitesses hautes performances con\u00e7ues pour les machines agricoles. Forts d'une solide r\u00e9putation en mati\u00e8re d'ing\u00e9nierie de pr\u00e9cision, d'innovation et de fiabilit\u00e9, nous proposons une gamme compl\u00e8te de bo\u00eetes de vitesses, notamment des bo\u00eetes de vitesses sp\u00e9cialis\u00e9es pour tondeuses \u00e0 gazon et des composants critiques tels que des arbres de prise de force. Notre objectif est de fournir des solutions sur mesure parfaitement adapt\u00e9es aux exigences sp\u00e9cifiques des secteurs agricole et industriel, qu'il s'agisse de produits autonomes ou de syst\u00e8mes int\u00e9gr\u00e9s.<\/p>\n<p>Conscients que les besoins de chaque client sont uniques, nous adaptons nos produits \u00e0 leurs exigences sp\u00e9cifiques. Que vous recherchiez une bo\u00eete de vitesses sur mesure ou un syst\u00e8me complet, nous collaborons \u00e9troitement avec vous pour d\u00e9velopper des solutions performantes et efficaces. Nos r\u00e9ponses rapides et professionnelles, ainsi que nos conseils d'experts, garantissent un traitement rigoureux et pr\u00e9cis de chaque demande.<\/p>\n<p>Chez FMP, nous accordons une grande importance \u00e0 la transparence et \u00e0 la collaboration, notamment lors de la conception et du d\u00e9veloppement de nouveaux produits. Nous travaillons en \u00e9troite collaboration avec nos clients pour comprendre en profondeur leurs enjeux et leur apporter des solutions optimales et innovantes. Notre engagement \u00e0 livrer des produits de haute qualit\u00e9, con\u00e7us avec pr\u00e9cision, dans les d\u00e9lais et r\u00e9pondant aux attentes de nos clients, est au c\u0153ur de toutes nos activit\u00e9s.<\/p>\n<p>La qualit\u00e9 est la pierre angulaire des activit\u00e9s de FMP. Nos processus de fabrication sont r\u00e9gis par les normes les plus strictes, garantissant une ex\u00e9cution irr\u00e9prochable et z\u00e9ro d\u00e9faut. Un contr\u00f4le qualit\u00e9 rigoureux garantit que chaque produit respecte, voire surpasse, les normes de r\u00e9f\u00e9rence du secteur. Cet engagement ind\u00e9fectible envers la qualit\u00e9, alli\u00e9 \u00e0 nos valeurs fondamentales d'int\u00e9grit\u00e9, d'esprit d'\u00e9quipe et de pers\u00e9v\u00e9rance, nous a permis de cultiver des relations durables avec des clients dans plus de 30 pays.<\/p>\n<p>FMP est toujours ouvert \u00e0 la cr\u00e9ation de partenariats mondiaux, offrant des conseils d'experts et des solutions personnalis\u00e9es. Notre approche ne se limite pas \u00e0 la fourniture de produits, mais vise \u00e0 forger des partenariats durables pour une r\u00e9ussite partag\u00e9e. Que vous recherchiez des solutions innovantes ou un support continu pour vos syst\u00e8mes existants, FMP s'engage \u00e0 relever vos d\u00e9fis techniques et \u00e0 assurer votre r\u00e9ussite durable.<\/p>\n<\/div>\n<\/div>\n<\/div>\n<\/div>\n<\/div>\n<\/div>\n<p><img loading=\"lazy\" decoding=\"async\" class=\"alignnone size-full wp-image-1861\" src=\"https:\/\/fmp-components.com\/wp-content\/uploads\/2024\/12\/Other-Agricultural-Gearboxes.webp\" sizes=\"(min-width: 0px) and (max-width: 480px) 480px, (min-width: 481px) and (max-width: 980px) 980px, (min-width: 981px) 1200px, 100vw\" srcset=\"https:\/\/fmp-components.com\/wp-content\/uploads\/2024\/12\/Other-Agricultural-Gearboxes.webp 1200w, https:\/\/fmp-components.com\/wp-content\/uploads\/2024\/12\/Other-Agricultural-Gearboxes-980x1143.webp 980w, https:\/\/fmp-components.com\/wp-content\/uploads\/2024\/12\/Other-Agricultural-Gearboxes-480x560.webp 480w\" alt=\"Autres changements agricoles\" width=\"1200\" height=\"1400\" title=\"\"><\/p>\n<p>Auteur : CX<\/p>","protected":false},"excerpt":{"rendered":"<p>Specification &nbsp; ITEM FMP-rc51 Ratio 1:1.47\/1:1.93 Teeth 22\/15 29\/15 Module \u00a05.08 \/4.0 Power(HP) 30 Rated Input 540rpm Input\/Output Description \u00a0Spline \/Taper spline Weight(N.W) 29KG Features of Agricultural Lawn Mower Gearbox FMP-RC51 The FMP-RC51 Agricultural Lawn Mower Gearbox is designed for high performance, reliability, and durability, making it the ideal solution for lawn mowing applications. Key [&hellip;]<\/p>","protected":false},"featured_media":2026,"comment_status":"open","ping_status":"closed","template":"","meta":{"_et_pb_use_builder":"","_et_pb_old_content":"","_et_gb_content_width":""},"product_brand":[],"product_cat":[52],"product_tag":[],"class_list":{"0":"post-2021","1":"product","2":"type-product","3":"status-publish","4":"has-post-thumbnail","6":"product_cat-lawn-mower-gearbox","8":"first","9":"instock","10":"shipping-taxable","11":"product-type-simple"},"_links":{"self":[{"href":"https:\/\/fmp-components.com\/fr\/wp-json\/wp\/v2\/product\/2021","targetHints":{"allow":["GET"]}}],"collection":[{"href":"https:\/\/fmp-components.com\/fr\/wp-json\/wp\/v2\/product"}],"about":[{"href":"https:\/\/fmp-components.com\/fr\/wp-json\/wp\/v2\/types\/product"}],"replies":[{"embeddable":true,"href":"https:\/\/fmp-components.com\/fr\/wp-json\/wp\/v2\/comments?post=2021"}],"wp:featuredmedia":[{"embeddable":true,"href":"https:\/\/fmp-components.com\/fr\/wp-json\/wp\/v2\/media\/2026"}],"wp:attachment":[{"href":"https:\/\/fmp-components.com\/fr\/wp-json\/wp\/v2\/media?parent=2021"}],"wp:term":[{"taxonomy":"product_brand","embeddable":true,"href":"https:\/\/fmp-components.com\/fr\/wp-json\/wp\/v2\/product_brand?post=2021"},{"taxonomy":"product_cat","embeddable":true,"href":"https:\/\/fmp-components.com\/fr\/wp-json\/wp\/v2\/product_cat?post=2021"},{"taxonomy":"product_tag","embeddable":true,"href":"https:\/\/fmp-components.com\/fr\/wp-json\/wp\/v2\/product_tag?post=2021"}],"curies":[{"name":"wp","href":"https:\/\/api.w.org\/{rel}","templated":true}]}}