{"id":1999,"date":"2024-12-26T08:44:59","date_gmt":"2024-12-26T08:44:59","guid":{"rendered":"https:\/\/fmp-components.com\/?page_id=8"},"modified":"2024-12-27T00:36:22","modified_gmt":"2024-12-27T00:36:22","slug":"fmp-1zs-380-lawn-mower-gearbox","status":"publish","type":"product","link":"https:\/\/fmp-components.com\/fr\/product\/fmp-1zs-380-lawn-mower-gearbox\/","title":{"rendered":"Bo\u00eete de vitesses pour tondeuse \u00e0 gazon FMP-1ZS-380"},"content":{"rendered":"<p><img loading=\"lazy\" decoding=\"async\" class=\"size-full wp-image-2005 aligncenter\" src=\"https:\/\/fmp-components.com\/wp-content\/uploads\/2024\/12\/FMP_agricultural-gearbox-HC-1ZS-380.webp\" alt=\"Bo\u00eete de vitesses agricole FMP HC-1ZS-380\" width=\"400\" height=\"400\" title=\"\" srcset=\"https:\/\/fmp-components.com\/wp-content\/uploads\/2024\/12\/FMP_agricultural-gearbox-HC-1ZS-380.webp 400w, https:\/\/fmp-components.com\/wp-content\/uploads\/2024\/12\/FMP_agricultural-gearbox-HC-1ZS-380-300x300.webp 300w, https:\/\/fmp-components.com\/wp-content\/uploads\/2024\/12\/FMP_agricultural-gearbox-HC-1ZS-380-150x150.webp 150w, https:\/\/fmp-components.com\/wp-content\/uploads\/2024\/12\/FMP_agricultural-gearbox-HC-1ZS-380-12x12.webp 12w, https:\/\/fmp-components.com\/wp-content\/uploads\/2024\/12\/FMP_agricultural-gearbox-HC-1ZS-380-100x100.webp 100w\" sizes=\"(max-width: 400px) 100vw, 400px\" \/><\/p>\n<h2>Sp\u00e9cifications de la bo\u00eete de vitesses de la tondeuse \u00e0 gazon FMP-1ZS-380<\/h2>\n<p><img loading=\"lazy\" decoding=\"async\" class=\"alignnone wp-image-2000\" src=\"https:\/\/fmp-components.com\/wp-content\/uploads\/2024\/12\/fmp_agricultural-gearbox-HC-1ZS-380-1.webp\" alt=\"fmp_agricultural-gearbox-HC-1ZS-380-1\" width=\"806\" height=\"307\" title=\"\" srcset=\"https:\/\/fmp-components.com\/wp-content\/uploads\/2024\/12\/fmp_agricultural-gearbox-HC-1ZS-380-1.webp 806w, https:\/\/fmp-components.com\/wp-content\/uploads\/2024\/12\/fmp_agricultural-gearbox-HC-1ZS-380-1-480x183.webp 480w\" sizes=\"(min-width: 0px) and (max-width: 480px) 480px, (min-width: 481px) 806px, 100vw\" \/><\/p>\n<table style=\"width: 85.3964%; height: 238px;\" border=\"1\">\n<tbody>\n<tr>\n<td style=\"width: 37.4684%;\">ARTICLE<\/td>\n<td style=\"width: 61.7722%;\">Bo\u00eete de vitesses pour tondeuse \u00e0 gazon FMP-1ZS-380<\/td>\n<\/tr>\n<tr>\n<td style=\"width: 37.4684%;\">Rapport<\/td>\n<td style=\"width: 61.7722%;\">1:1.24<\/td>\n<\/tr>\n<tr>\n<td style=\"width: 37.4684%;\">Dents<\/td>\n<td style=\"width: 61.7722%;\">21\/17\/17\/17<\/td>\n<\/tr>\n<tr>\n<td style=\"width: 37.4684%;\">Module<\/td>\n<td style=\"width: 61.7722%;\">7.0<\/td>\n<\/tr>\n<tr>\n<td style=\"width: 37.4684%;\">Puissance (HP)<\/td>\n<td style=\"width: 61.7722%;\">100<\/td>\n<\/tr>\n<tr>\n<td style=\"width: 37.4684%;\">Entr\u00e9e nominale<\/td>\n<td style=\"width: 61.7722%;\">540 tr\/min<\/td>\n<\/tr>\n<tr>\n<td style=\"width: 37.4684%;\">Description des entr\u00e9es\/sorties<\/td>\n<td style=\"width: 61.7722%;\">\u00a0Spline<\/td>\n<\/tr>\n<tr>\n<td style=\"width: 37.4684%;\">Poids (NW)<\/td>\n<td style=\"width: 61.7722%;\">42,5 kg<\/td>\n<\/tr>\n<\/tbody>\n<\/table>\n<h3>Avantages de la bo\u00eete de vitesses de tondeuse \u00e0 gazon FMP-1ZS-380<\/h3>\n<ol>\n<li><strong>Haute performance et efficacit\u00e9<\/strong><br \/>\nLa bo\u00eete de vitesses de la tondeuse FMP-1ZS-380 est con\u00e7ue pour une transmission de puissance optimale, garantissant un fonctionnement \u00e0 pleine efficacit\u00e9. Elle offre des performances fiables et constantes, la rendant adapt\u00e9e \u00e0 diverses applications d'entretien des pelouses, des petits jardins r\u00e9sidentiels aux grandes surfaces commerciales.<\/li>\n<li><strong>Durabilit\u00e9 et long\u00e9vit\u00e9<\/strong><br \/>\nFabriqu\u00e9 avec des mat\u00e9riaux de haute qualit\u00e9 et une ing\u00e9nierie de pr\u00e9cision, le FMP-1ZS-380 est con\u00e7u pour r\u00e9sister \u00e0 l'usure li\u00e9e \u00e0 une utilisation intensive. Sa conception robuste garantit sa durabilit\u00e9 et une longue dur\u00e9e de vie, m\u00eame dans des conditions d'utilisation difficiles.<\/li>\n<li><strong>Options de personnalisation<\/strong><br \/>\nFMP propose des solutions personnalis\u00e9es pour r\u00e9pondre aux exigences sp\u00e9cifiques de chaque application. Qu'il s'agisse d'ajustements des rapports de transmission, des configurations de montage ou d'autres sp\u00e9cifications techniques, le FMP-1ZS-380 peut \u00eatre adapt\u00e9 \u00e0 vos besoins particuliers.<\/li>\n<li><strong>Entretien facile<\/strong><br \/>\nLa bo\u00eete de vitesses est con\u00e7ue pour faciliter la maintenance. Sa structure ergonomique garantit un entretien rapide et simple, r\u00e9duisant les temps d'arr\u00eat et permettant aux op\u00e9rateurs de maintenir des performances optimales avec un minimum d'effort.<\/li>\n<li><strong>Faible niveau de bruit et de vibrations<\/strong><br \/>\nLe FMP-1ZS-380 est con\u00e7u avec des dispositifs de r\u00e9duction du bruit pour un fonctionnement plus silencieux. Il est ainsi id\u00e9al pour les environnements o\u00f9 le niveau sonore doit \u00eatre minimal, tout en assurant une transmission de puissance efficace aux lames de la tondeuse.<\/li>\n<li><strong>Conception compacte et l\u00e9g\u00e8re<\/strong><br \/>\nMalgr\u00e9 ses performances exceptionnelles, le FMP-1ZS-380 se distingue par sa conception compacte et l\u00e9g\u00e8re. Il s'int\u00e8gre ainsi facilement \u00e0 diff\u00e9rents mod\u00e8les de tondeuses sans les alourdir, ce qui am\u00e9liore la maniabilit\u00e9 et la facilit\u00e9 d'utilisation.<\/li>\n<li><strong>Ing\u00e9nierie de pr\u00e9cision<\/strong><br \/>\nFabriqu\u00e9e selon des normes de contr\u00f4le qualit\u00e9 rigoureuses, la FMP-1ZS-380 est dot\u00e9e d'engrenages de pr\u00e9cision qui r\u00e9duisent le jeu et optimisent les performances globales. Il en r\u00e9sulte un fonctionnement plus fluide et une tonte de meilleure qualit\u00e9.<\/li>\n<\/ol>\n<p>En r\u00e9sum\u00e9, la bo\u00eete de vitesses de tondeuse \u00e0 gazon FMP-1ZS-380 combine haute performance, durabilit\u00e9, facilit\u00e9 d'entretien et options de personnalisation, ce qui en fait un choix de premier ordre pour les applications de tonte r\u00e9sidentielles et commerciales.<\/p>\n<p><img loading=\"lazy\" decoding=\"async\" class=\"alignnone size-full wp-image-1994\" src=\"https:\/\/fmp-components.com\/wp-content\/uploads\/2024\/12\/Lawn-Mower-Gearbox-7.webp\" alt=\"Bo\u00eete de vitesses de tondeuse \u00e0 gazon\" width=\"1502\" height=\"805\" title=\"\" srcset=\"https:\/\/fmp-components.com\/wp-content\/uploads\/2024\/12\/Lawn-Mower-Gearbox-7.webp 1502w, https:\/\/fmp-components.com\/wp-content\/uploads\/2024\/12\/Lawn-Mower-Gearbox-7-1280x686.webp 1280w, https:\/\/fmp-components.com\/wp-content\/uploads\/2024\/12\/Lawn-Mower-Gearbox-7-980x525.webp 980w, https:\/\/fmp-components.com\/wp-content\/uploads\/2024\/12\/Lawn-Mower-Gearbox-7-480x257.webp 480w\" sizes=\"(min-width: 0px) and (max-width: 480px) 480px, (min-width: 481px) and (max-width: 980px) 980px, (min-width: 981px) and (max-width: 1280px) 1280px, (min-width: 1281px) 1502px, 100vw\" \/><\/p>\n<h3>\u00c0 propos de FMP<\/h3>\n<p>FMP, dont le si\u00e8ge social est en Italie, est un fabricant leader sp\u00e9cialis\u00e9 dans les bo\u00eetes de vitesses hautes performances pour machines agricoles. Reconnus pour leur ing\u00e9nierie de pr\u00e9cision, leur innovation et leur fiabilit\u00e9, nous proposons une large gamme de bo\u00eetes de vitesses, notamment pour tondeuses \u00e0 gazon, et des composants essentiels comme les arbres de prise de force. Notre mission est de fournir des solutions sur mesure r\u00e9pondant aux besoins sp\u00e9cifiques des secteurs agricole et industriel, que ce soit par le biais de produits individuels ou de syst\u00e8mes int\u00e9gr\u00e9s.<\/p>\n<p>Nous comprenons que chaque client a des exigences uniques, c'est pourquoi nous excellons dans la personnalisation de nos produits pour r\u00e9pondre \u00e0 ces besoins. Que vous ayez besoin d'une bo\u00eete de vitesses sp\u00e9cialis\u00e9e ou d'un syst\u00e8me complet, nous travaillons en \u00e9troite collaboration avec vous pour vous proposer les solutions les plus performantes. Nos r\u00e9ponses rapides et professionnelles, combin\u00e9es \u00e0 nos conseils d'experts, garantissent un traitement minutieux et pr\u00e9cis de chaque demande.<\/p>\n<p>Chez FMP, nous privil\u00e9gions la communication et la collaboration, notamment lors du d\u00e9veloppement de nouveaux produits. Notre \u00e9quipe travaille aux c\u00f4t\u00e9s de nos clients pour comprendre leurs d\u00e9fis et leur apporter des solutions optimales. Nous nous engageons \u00e0 livrer dans les d\u00e9lais des produits de haute qualit\u00e9, con\u00e7us avec pr\u00e9cision, qu'il s'agisse de nouveaux d\u00e9veloppements ou de commandes existantes.<\/p>\n<p>La qualit\u00e9 est au c\u0153ur des activit\u00e9s de FMP. Nos processus de fabrication respectent les normes les plus strictes, garantissant pr\u00e9cision et z\u00e9ro d\u00e9faut. Un contr\u00f4le qualit\u00e9 rigoureux garantit que chaque produit respecte, voire d\u00e9passe, les normes de l'industrie. Cet engagement qualit\u00e9, alli\u00e9 \u00e0 nos valeurs fondamentales d'int\u00e9grit\u00e9, de travail d'\u00e9quipe et de pers\u00e9v\u00e9rance, nous a permis de nouer des relations solides avec des clients dans pr\u00e8s de 30 pays.<\/p>\n<p>FMP est toujours ouvert aux partenariats internationaux, offrant des conseils d'experts et des solutions personnalis\u00e9es. Notre approche va au-del\u00e0 de la simple livraison de produits\u00a0; nous visons \u00e0 b\u00e2tir des relations durables, sources de r\u00e9ussite mutuelle. Que vous ayez besoin de nouvelles solutions ou d'un support pour vos syst\u00e8mes existants, FMP s'engage \u00e0 relever vos d\u00e9fis techniques et \u00e0 assurer votre r\u00e9ussite durable.<\/p>\n<p><img loading=\"lazy\" decoding=\"async\" class=\"alignnone size-full wp-image-1861\" src=\"https:\/\/fmp-components.com\/wp-content\/uploads\/2024\/12\/Other-Agricultural-Gearboxes.webp\" sizes=\"(min-width: 0px) and (max-width: 480px) 480px, (min-width: 481px) and (max-width: 980px) 980px, (min-width: 981px) 1200px, 100vw\" srcset=\"https:\/\/fmp-components.com\/wp-content\/uploads\/2024\/12\/Other-Agricultural-Gearboxes.webp 1200w, https:\/\/fmp-components.com\/wp-content\/uploads\/2024\/12\/Other-Agricultural-Gearboxes-980x1143.webp 980w, https:\/\/fmp-components.com\/wp-content\/uploads\/2024\/12\/Other-Agricultural-Gearboxes-480x560.webp 480w\" alt=\"Autres changements agricoles\" width=\"1200\" height=\"1400\" title=\"\"><\/p>\n<p>Auteur : CX<\/p>","protected":false},"excerpt":{"rendered":"<p>FMP-1ZS-380 Lawn Mower Gearbox Specification ITEM FMP-1ZS-380 Lawn Mower Gearbox Ratio 1:1.24 Teeth 21\/17\/17\/17 Module 7.0 Power\uff08HP\uff09 100 Rated Input 540rpm Input\/Output description \u00a0Spline Weight\uff08N.W\uff09 42.5Kg Advantages of FMP-1ZS-380 Lawn Mower Gearbox High Performance &amp; Efficiency The FMP-1ZS-380 lawn mower gearbox is designed for optimal power transmission, ensuring that the mower operates at peak efficiency. [&hellip;]<\/p>","protected":false},"featured_media":2005,"comment_status":"open","ping_status":"closed","template":"","meta":{"_et_pb_use_builder":"","_et_pb_old_content":"","_et_gb_content_width":""},"product_brand":[],"product_cat":[52],"product_tag":[],"class_list":{"0":"post-1999","1":"product","2":"type-product","3":"status-publish","4":"has-post-thumbnail","6":"product_cat-lawn-mower-gearbox","8":"first","9":"instock","10":"shipping-taxable","11":"product-type-simple"},"_links":{"self":[{"href":"https:\/\/fmp-components.com\/fr\/wp-json\/wp\/v2\/product\/1999","targetHints":{"allow":["GET"]}}],"collection":[{"href":"https:\/\/fmp-components.com\/fr\/wp-json\/wp\/v2\/product"}],"about":[{"href":"https:\/\/fmp-components.com\/fr\/wp-json\/wp\/v2\/types\/product"}],"replies":[{"embeddable":true,"href":"https:\/\/fmp-components.com\/fr\/wp-json\/wp\/v2\/comments?post=1999"}],"wp:featuredmedia":[{"embeddable":true,"href":"https:\/\/fmp-components.com\/fr\/wp-json\/wp\/v2\/media\/2005"}],"wp:attachment":[{"href":"https:\/\/fmp-components.com\/fr\/wp-json\/wp\/v2\/media?parent=1999"}],"wp:term":[{"taxonomy":"product_brand","embeddable":true,"href":"https:\/\/fmp-components.com\/fr\/wp-json\/wp\/v2\/product_brand?post=1999"},{"taxonomy":"product_cat","embeddable":true,"href":"https:\/\/fmp-components.com\/fr\/wp-json\/wp\/v2\/product_cat?post=1999"},{"taxonomy":"product_tag","embeddable":true,"href":"https:\/\/fmp-components.com\/fr\/wp-json\/wp\/v2\/product_tag?post=1999"}],"curies":[{"name":"wp","href":"https:\/\/api.w.org\/{rel}","templated":true}]}}