{"id":1993,"date":"2024-12-26T08:39:30","date_gmt":"2024-12-26T08:39:30","guid":{"rendered":"https:\/\/fmp-components.com\/?page_id=8"},"modified":"2024-12-26T08:43:04","modified_gmt":"2024-12-26T08:43:04","slug":"agricultural-lawn-mower-gearbox-fmp-966109","status":"publish","type":"product","link":"https:\/\/fmp-components.com\/fr\/product\/agricultural-lawn-mower-gearbox-fmp-966109\/","title":{"rendered":"Bo\u00eete de vitesses pour tondeuse \u00e0 gazon agricole FMP-966109"},"content":{"rendered":"<h2>Sp\u00e9cifications de la bo\u00eete de vitesses pour tondeuse agricole FMP-966109<\/h2>\n<p><img loading=\"lazy\" decoding=\"async\" class=\"size-full wp-image-1997 alignleft\" src=\"https:\/\/fmp-components.com\/wp-content\/uploads\/2024\/12\/fmp_agricultural-gearbox-HC-GS4RC-2-1.webp\" alt=\"fmp_agricultural-gearbox-HC-GS4RC-2-1\" width=\"506\" height=\"640\" title=\"\" srcset=\"https:\/\/fmp-components.com\/wp-content\/uploads\/2024\/12\/fmp_agricultural-gearbox-HC-GS4RC-2-1.webp 506w, https:\/\/fmp-components.com\/wp-content\/uploads\/2024\/12\/fmp_agricultural-gearbox-HC-GS4RC-2-1-480x607.webp 480w\" sizes=\"(min-width: 0px) and (max-width: 480px) 480px, (min-width: 481px) 506px, 100vw\" \/><img loading=\"lazy\" decoding=\"async\" class=\"wp-image-1996 aligncenter\" src=\"https:\/\/fmp-components.com\/wp-content\/uploads\/2024\/12\/FMP_agricultural-gearbox-HC-966109.webp\" alt=\"FMP_bo\u00eete-de-vitesses-agricole-HC-966109\" width=\"383\" height=\"383\" title=\"\" srcset=\"https:\/\/fmp-components.com\/wp-content\/uploads\/2024\/12\/FMP_agricultural-gearbox-HC-966109.webp 400w, https:\/\/fmp-components.com\/wp-content\/uploads\/2024\/12\/FMP_agricultural-gearbox-HC-966109-300x300.webp 300w, https:\/\/fmp-components.com\/wp-content\/uploads\/2024\/12\/FMP_agricultural-gearbox-HC-966109-150x150.webp 150w, https:\/\/fmp-components.com\/wp-content\/uploads\/2024\/12\/FMP_agricultural-gearbox-HC-966109-12x12.webp 12w, https:\/\/fmp-components.com\/wp-content\/uploads\/2024\/12\/FMP_agricultural-gearbox-HC-966109-100x100.webp 100w\" sizes=\"(max-width: 383px) 100vw, 383px\" \/><\/p>\n<table style=\"width: 92.3941%; height: 221px;\" border=\"1\">\n<tbody>\n<tr>\n<td style=\"width: 31.5789%;\"><strong>ARTICLE<\/strong><\/td>\n<td style=\"width: 67.7193%;\">FMP-966109<\/td>\n<\/tr>\n<tr>\n<td style=\"width: 31.5789%;\"><strong>Rapport<\/strong><\/td>\n<td style=\"width: 67.7193%;\">1:1.47\/1:1.93<\/td>\n<\/tr>\n<tr>\n<td style=\"width: 31.5789%;\"><strong>Dents<\/strong><\/td>\n<td style=\"width: 67.7193%;\">13\/19 14\/27<\/td>\n<\/tr>\n<tr>\n<td style=\"width: 31.5789%;\"><strong>Module<\/strong><\/td>\n<td style=\"width: 67.7193%;\">\u00a07.0 \/5.5<\/td>\n<\/tr>\n<tr>\n<td style=\"width: 31.5789%;\"><strong>Puissance (CV)<\/strong><\/td>\n<td style=\"width: 67.7193%;\">60<\/td>\n<\/tr>\n<tr>\n<td style=\"width: 31.5789%;\"><strong>Entr\u00e9e nominale<\/strong><\/td>\n<td style=\"width: 67.7193%;\">540 tr\/min<\/td>\n<\/tr>\n<tr>\n<td style=\"width: 31.5789%;\"><strong>Description des entr\u00e9es\/sorties<\/strong><\/td>\n<td style=\"width: 67.7193%;\">\u00a01 3\/8 Z6\/1 3\/4 Z20 Axe optique 1 Cannelure conique<\/td>\n<\/tr>\n<tr>\n<td style=\"width: 31.5789%;\"><strong>Poids (NW)<\/strong><\/td>\n<td style=\"width: 67.7193%;\">29 kg<\/td>\n<\/tr>\n<\/tbody>\n<\/table>\n<h2>Conception des pi\u00e8ces de la bo\u00eete de vitesses d'une tondeuse \u00e0 gazon<\/h2>\n<p><img loading=\"lazy\" decoding=\"async\" class=\"alignnone size-full wp-image-1995\" src=\"https:\/\/fmp-components.com\/wp-content\/uploads\/2024\/12\/Lawn-Mower-Gearbox-Parts-Design.webp\" alt=\"Bo\u00eete de vitesses de tondeuse \u00e0 gazon\" width=\"1000\" height=\"614\" title=\"\" srcset=\"https:\/\/fmp-components.com\/wp-content\/uploads\/2024\/12\/Lawn-Mower-Gearbox-Parts-Design.webp 1000w, https:\/\/fmp-components.com\/wp-content\/uploads\/2024\/12\/Lawn-Mower-Gearbox-Parts-Design-980x602.webp 980w, https:\/\/fmp-components.com\/wp-content\/uploads\/2024\/12\/Lawn-Mower-Gearbox-Parts-Design-480x295.webp 480w\" sizes=\"(min-width: 0px) and (max-width: 480px) 480px, (min-width: 481px) and (max-width: 980px) 980px, (min-width: 981px) 1000px, 100vw\" \/><\/p>\n<h3>Caract\u00e9ristiques de la bo\u00eete de vitesses d'une tondeuse agricole<\/h3>\n<ol>\n<li><strong>Rapports de transmission personnalisables<\/strong>Nous proposons une vari\u00e9t\u00e9 de rapports de transmission adapt\u00e9s \u00e0 vos besoins sp\u00e9cifiques.<\/li>\n<li><strong>Contr\u00f4le qualit\u00e9 professionnel<\/strong>Notre service de contr\u00f4le qualit\u00e9 d\u00e9di\u00e9 utilise des \u00e9quipements d'inspection de pointe pour garantir des dimensions pr\u00e9cises, un jeu minimal et de faibles niveaux de bruit dans chaque bo\u00eete de vitesses.<\/li>\n<li><strong>Capacit\u00e9s ODM et OEM<\/strong>Notre d\u00e9partement technologique est \u00e9quip\u00e9 pour concevoir et d\u00e9velopper des bo\u00eetes de vitesses sur mesure en fonction de vos exigences sp\u00e9cifiques, en fournissant \u00e0 la fois des services de fabricant de conception originale (ODM) et de fabricant d'\u00e9quipement d'origine (OEM).<\/li>\n<li><strong>P\u00e9riode de garantie<\/strong>Nous offrons une p\u00e9riode de garantie de 1,5 \u00e0 2 ans afin d'assurer la long\u00e9vit\u00e9 et la fiabilit\u00e9 de nos produits.<\/li>\n<li><strong>Vaste exp\u00e9rience<\/strong>Avec plus de 20 ans d'exp\u00e9rience dans le secteur, nos r\u00e9ducteurs sont reconnus pour leur s\u00e9curit\u00e9, leur fiabilit\u00e9, leur rentabilit\u00e9 et leur durabilit\u00e9.<\/li>\n<li><strong>Contr\u00f4le rigoureux de l'emballage et de la livraison<\/strong>Tous nos employ\u00e9s sont hautement qualifi\u00e9s afin de garantir le respect des normes de qualit\u00e9 les plus strictes. Chaque bo\u00eete de vitesses est soumise \u00e0 une inspection 100% avant exp\u00e9dition pour garantir un fonctionnement irr\u00e9prochable.<\/li>\n<\/ol>\n<p>Nous nous engageons \u00e0 vous offrir des designs exceptionnels, un contr\u00f4le qualit\u00e9 professionnel, des prix comp\u00e9titifs et un service client hors pair pour r\u00e9pondre \u00e0 vos besoins.<\/p>\n<p><img loading=\"lazy\" decoding=\"async\" class=\"alignnone size-full wp-image-1994\" src=\"https:\/\/fmp-components.com\/wp-content\/uploads\/2024\/12\/Lawn-Mower-Gearbox-7.webp\" alt=\"Bo\u00eete de vitesses de tondeuse \u00e0 gazon\" width=\"1502\" height=\"805\" title=\"\" srcset=\"https:\/\/fmp-components.com\/wp-content\/uploads\/2024\/12\/Lawn-Mower-Gearbox-7.webp 1502w, https:\/\/fmp-components.com\/wp-content\/uploads\/2024\/12\/Lawn-Mower-Gearbox-7-1280x686.webp 1280w, https:\/\/fmp-components.com\/wp-content\/uploads\/2024\/12\/Lawn-Mower-Gearbox-7-980x525.webp 980w, https:\/\/fmp-components.com\/wp-content\/uploads\/2024\/12\/Lawn-Mower-Gearbox-7-480x257.webp 480w\" sizes=\"(min-width: 0px) and (max-width: 480px) 480px, (min-width: 481px) and (max-width: 980px) 980px, (min-width: 981px) and (max-width: 1280px) 1280px, (min-width: 1281px) 1502px, 100vw\" \/><\/p>\n<h3>\u00c0 propos de FMP<\/h3>\n<p>FMP, dont le si\u00e8ge social est en Italie, est un fabricant leader sp\u00e9cialis\u00e9 dans les bo\u00eetes de vitesses hautes performances pour machines agricoles. Reconnus pour leur ing\u00e9nierie de pr\u00e9cision, leur innovation et leur fiabilit\u00e9, nous proposons une large gamme de bo\u00eetes de vitesses, notamment pour tondeuses \u00e0 gazon, et des composants essentiels comme les arbres de prise de force. Notre mission est de fournir des solutions sur mesure r\u00e9pondant aux besoins sp\u00e9cifiques des secteurs agricole et industriel, que ce soit par le biais de produits individuels ou de syst\u00e8mes int\u00e9gr\u00e9s.<\/p>\n<p>Nous comprenons que chaque client a des exigences uniques, c'est pourquoi nous excellons dans la personnalisation de nos produits pour r\u00e9pondre \u00e0 ces besoins. Que vous ayez besoin d'une bo\u00eete de vitesses sp\u00e9cialis\u00e9e ou d'un syst\u00e8me complet, nous travaillons en \u00e9troite collaboration avec vous pour vous proposer les solutions les plus performantes. Nos r\u00e9ponses rapides et professionnelles, combin\u00e9es \u00e0 nos conseils d'experts, garantissent un traitement minutieux et pr\u00e9cis de chaque demande.<\/p>\n<p>Chez FMP, nous privil\u00e9gions la communication et la collaboration, notamment lors du d\u00e9veloppement de nouveaux produits. Notre \u00e9quipe travaille aux c\u00f4t\u00e9s de nos clients pour comprendre leurs d\u00e9fis et leur apporter des solutions optimales. Nous nous engageons \u00e0 livrer dans les d\u00e9lais des produits de haute qualit\u00e9, con\u00e7us avec pr\u00e9cision, qu'il s'agisse de nouveaux d\u00e9veloppements ou de commandes existantes.<\/p>\n<p>La qualit\u00e9 est au c\u0153ur des activit\u00e9s de FMP. Nos processus de fabrication respectent les normes les plus strictes, garantissant pr\u00e9cision et z\u00e9ro d\u00e9faut. Un contr\u00f4le qualit\u00e9 rigoureux garantit que chaque produit respecte, voire d\u00e9passe, les normes de l'industrie. Cet engagement qualit\u00e9, alli\u00e9 \u00e0 nos valeurs fondamentales d'int\u00e9grit\u00e9, de travail d'\u00e9quipe et de pers\u00e9v\u00e9rance, nous a permis de nouer des relations solides avec des clients dans pr\u00e8s de 30 pays.<\/p>\n<p>FMP est toujours ouvert aux partenariats internationaux, offrant des conseils d'experts et des solutions personnalis\u00e9es. Notre approche va au-del\u00e0 de la simple livraison de produits\u00a0; nous visons \u00e0 b\u00e2tir des relations durables, sources de r\u00e9ussite mutuelle. Que vous ayez besoin de nouvelles solutions ou d'un support pour vos syst\u00e8mes existants, FMP s'engage \u00e0 relever vos d\u00e9fis techniques et \u00e0 assurer votre r\u00e9ussite durable.<\/p>\n<p><img loading=\"lazy\" decoding=\"async\" class=\"alignnone size-full wp-image-1861\" src=\"https:\/\/fmp-components.com\/wp-content\/uploads\/2024\/12\/Other-Agricultural-Gearboxes.webp\" sizes=\"(min-width: 0px) and (max-width: 480px) 480px, (min-width: 481px) and (max-width: 980px) 980px, (min-width: 981px) 1200px, 100vw\" srcset=\"https:\/\/fmp-components.com\/wp-content\/uploads\/2024\/12\/Other-Agricultural-Gearboxes.webp 1200w, https:\/\/fmp-components.com\/wp-content\/uploads\/2024\/12\/Other-Agricultural-Gearboxes-980x1143.webp 980w, https:\/\/fmp-components.com\/wp-content\/uploads\/2024\/12\/Other-Agricultural-Gearboxes-480x560.webp 480w\" alt=\"Autres changements agricoles\" width=\"1200\" height=\"1400\" title=\"\"><\/p>\n<p>Auteur : CX<\/p>","protected":false},"excerpt":{"rendered":"<p>Agricultural Lawn Mower Gearbox FMP-966109 Specification ITEM FMP-966109 Ratio 1:1.47\/1:1.93 Teeth 13\/19 14\/27 Module \u00a07.0 \/5.5 Power(HP) 60 Rated Input 540rpm Input\/Output Description \u00a01 3\/8 Z6\/1 3\/4 Z20 Optic ax1 Taper spline Weight(N.W) 29KG Lawn Mower Gearbox Parts Design Agricultural Lawnmower Gearbox Features Customizable Transmission Ratios: We offer a variety of transmission ratios tailored to [&hellip;]<\/p>","protected":false},"featured_media":1996,"comment_status":"open","ping_status":"closed","template":"","meta":{"_et_pb_use_builder":"","_et_pb_old_content":"","_et_gb_content_width":""},"product_brand":[],"product_cat":[52],"product_tag":[],"class_list":{"0":"post-1993","1":"product","2":"type-product","3":"status-publish","4":"has-post-thumbnail","6":"product_cat-lawn-mower-gearbox","8":"first","9":"instock","10":"shipping-taxable","11":"product-type-simple"},"_links":{"self":[{"href":"https:\/\/fmp-components.com\/fr\/wp-json\/wp\/v2\/product\/1993","targetHints":{"allow":["GET"]}}],"collection":[{"href":"https:\/\/fmp-components.com\/fr\/wp-json\/wp\/v2\/product"}],"about":[{"href":"https:\/\/fmp-components.com\/fr\/wp-json\/wp\/v2\/types\/product"}],"replies":[{"embeddable":true,"href":"https:\/\/fmp-components.com\/fr\/wp-json\/wp\/v2\/comments?post=1993"}],"wp:featuredmedia":[{"embeddable":true,"href":"https:\/\/fmp-components.com\/fr\/wp-json\/wp\/v2\/media\/1996"}],"wp:attachment":[{"href":"https:\/\/fmp-components.com\/fr\/wp-json\/wp\/v2\/media?parent=1993"}],"wp:term":[{"taxonomy":"product_brand","embeddable":true,"href":"https:\/\/fmp-components.com\/fr\/wp-json\/wp\/v2\/product_brand?post=1993"},{"taxonomy":"product_cat","embeddable":true,"href":"https:\/\/fmp-components.com\/fr\/wp-json\/wp\/v2\/product_cat?post=1993"},{"taxonomy":"product_tag","embeddable":true,"href":"https:\/\/fmp-components.com\/fr\/wp-json\/wp\/v2\/product_tag?post=1993"}],"curies":[{"name":"wp","href":"https:\/\/api.w.org\/{rel}","templated":true}]}}