{"id":1983,"date":"2024-12-26T07:51:14","date_gmt":"2024-12-26T07:51:14","guid":{"rendered":"https:\/\/fmp-components.com\/?page_id=8"},"modified":"2024-12-30T02:49:27","modified_gmt":"2024-12-30T02:49:27","slug":"fmp-ag135-lawnmower-135-deg-gearbox-11-for-agricultural","status":"publish","type":"product","link":"https:\/\/fmp-components.com\/fr\/product\/fmp-ag135-lawnmower-135-deg-gearbox-11-for-agricultural\/","title":{"rendered":"Tondeuse \u00e0 gazon FMP-AG135, bo\u00eete de vitesses 135 degr\u00e9s, rapport 1:1, pour usage agricole"},"content":{"rendered":"<h2>Tondeuse \u00e0 gazon FMP-AG135, bo\u00eete de vitesses 135 degr\u00e9s, rapport 1:1, pour sp\u00e9cifications agricoles<\/h2>\n<p><img loading=\"lazy\" decoding=\"async\" class=\"alignnone wp-image-1984\" src=\"https:\/\/fmp-components.com\/wp-content\/uploads\/2024\/12\/fmp_agricultural-gearbox-HC-AG135-1.webp\" alt=\"fmp_agricultural-gearbox-HC-AG135\" width=\"919\" height=\"548\" title=\"\" srcset=\"https:\/\/fmp-components.com\/wp-content\/uploads\/2024\/12\/fmp_agricultural-gearbox-HC-AG135-1.webp 919w, https:\/\/fmp-components.com\/wp-content\/uploads\/2024\/12\/fmp_agricultural-gearbox-HC-AG135-1-480x286.webp 480w\" sizes=\"(min-width: 0px) and (max-width: 480px) 480px, (min-width: 481px) 919px, 100vw\" \/><\/p>\n<table style=\"width: 99.0594%; height: 184px;\" border=\"1\">\n<tbody>\n<tr style=\"height: 23px;\">\n<td style=\"height: 23px;\">ARTICLE<\/td>\n<td style=\"height: 23px;\">Bo\u00eete de vitesses FMP-AG135 135 degr\u00e9s<\/td>\n<\/tr>\n<tr style=\"height: 23px;\">\n<td style=\"height: 23px;\">Rapport<\/td>\n<td style=\"height: 23px;\">1:1<\/td>\n<\/tr>\n<tr style=\"height: 23px;\">\n<td style=\"height: 23px;\">Dents<\/td>\n<td style=\"height: 23px;\">20\/20<\/td>\n<\/tr>\n<tr style=\"height: 23px;\">\n<td style=\"height: 23px;\">Module<\/td>\n<td style=\"height: 23px;\">6.0<\/td>\n<\/tr>\n<tr style=\"height: 23px;\">\n<td style=\"height: 23px;\">Puissance (HP)<\/td>\n<td style=\"height: 23px;\">50<\/td>\n<\/tr>\n<tr style=\"height: 23px;\">\n<td style=\"height: 23px;\">Entr\u00e9e nominale<\/td>\n<td style=\"height: 23px;\">540 tr\/min<\/td>\n<\/tr>\n<tr style=\"height: 23px;\">\n<td style=\"height: 23px;\">Description des entr\u00e9es\/sorties<\/td>\n<td style=\"height: 23px;\">\u00a0Arbre cannel\u00e9 \u00e9quilat \u00e0 base conique Z6 de 1 3\/8 po<\/td>\n<\/tr>\n<tr style=\"height: 23px;\">\n<td style=\"height: 23px;\">Poids (NW)<\/td>\n<td style=\"height: 23px;\">16,5 kg<\/td>\n<\/tr>\n<\/tbody>\n<\/table>\n<h3>Caract\u00e9ristiques de la bo\u00eete de vitesses de la tondeuse \u00e0 gazon<\/h3>\n<p>Les bo\u00eetes de vitesses des tondeuses \u00e0 gazon sont des composants essentiels qui entra\u00eenent les lames de coupe, assurant un fonctionnement efficace et constant de la tondeuse. Voici les principales caract\u00e9ristiques qui rendent ces bo\u00eetes de vitesses efficaces et fiables dans diverses applications de tonte\u00a0:<\/p>\n<h4>Durabilit\u00e9 et robustesse<\/h4>\n<p>Les bo\u00eetes de vitesses pour tondeuses \u00e0 gazon sont con\u00e7ues pour supporter les charges lourdes et le fonctionnement continu requis en ext\u00e9rieur. Fabriqu\u00e9es \u00e0 partir de mat\u00e9riaux de haute qualit\u00e9, comme l'acier tremp\u00e9, elles sont con\u00e7ues pour durer et r\u00e9sister \u00e0 l'usure, garantissant une fiabilit\u00e9 \u00e0 long terme, m\u00eame dans des conditions difficiles.<\/p>\n<h4>Conception d'engrenages de pr\u00e9cision<\/h4>\n<p>Ces bo\u00eetes de vitesses sont dot\u00e9es d'engrenages de haute pr\u00e9cision qui assurent une transmission de puissance fluide et efficace aux lames de la tondeuse. Leur conception pr\u00e9cise minimise les frottements, r\u00e9duisant ainsi les pertes d'\u00e9nergie et am\u00e9liorant les performances du syst\u00e8me de coupe, pour des coupes plus nettes et une consommation de carburant r\u00e9duite.<\/p>\n<h4>Capacit\u00e9 de couple \u00e9lev\u00e9e<\/h4>\n<p>Les bo\u00eetiers d'engrenages pour tondeuses \u00e0 gazon sont con\u00e7us pour g\u00e9rer les couples \u00e9lev\u00e9s n\u00e9cessaires \u00e0 l'entra\u00eenement efficace des lames. Qu'il s'agisse de tondeuses rotatives ou de mod\u00e8les industriels, ces bo\u00eetiers transf\u00e8rent efficacement la puissance requise, permettant aux lames de couper l'herbe \u00e9paisse, les mauvaises herbes et autres v\u00e9g\u00e9taux tenaces.<\/p>\n<h4>Compact et l\u00e9ger<\/h4>\n<p>Malgr\u00e9 leur robustesse et leur durabilit\u00e9, les bo\u00eetes de vitesses pour tondeuses \u00e0 gazon sont con\u00e7ues pour \u00eatre compactes et l\u00e9g\u00e8res. Cela facilite leur installation, leur entretien et leur utilisation sans alourdir inutilement l'\u00e9quipement, ce qui am\u00e9liore la maniabilit\u00e9 et le rendement \u00e9nerg\u00e9tique.<\/p>\n<h4>R\u00e9sistance \u00e0 la corrosion et aux intemp\u00e9ries<\/h4>\n<p>Les tondeuses \u00e0 gazon \u00e9tant g\u00e9n\u00e9ralement utilis\u00e9es en ext\u00e9rieur, leurs bo\u00eetes de vitesses sont \u00e9quip\u00e9es de dispositifs antirouille et anticorrosion. De nombreuses bo\u00eetes de vitesses sont trait\u00e9es avec des rev\u00eatements protecteurs ou fabriqu\u00e9es avec des mat\u00e9riaux r\u00e9sistants \u00e0 la corrosion afin de garantir des performances optimales dans des conditions climatiques variables, telles que la pluie, l'humidit\u00e9 et les temp\u00e9ratures extr\u00eames.<\/p>\n<p>Les bo\u00eetes de vitesses pour tondeuses \u00e0 gazon allient robustesse, pr\u00e9cision et efficacit\u00e9 pour alimenter efficacement les syst\u00e8mes de coupe. Con\u00e7ues pour durer, n\u00e9cessiter peu d'entretien et offrir des performances \u00e9lev\u00e9es, elles sont un \u00e9l\u00e9ment essentiel des \u00e9quipements de tonte modernes. Que ce soit pour un usage r\u00e9sidentiel ou commercial, une bo\u00eete de vitesses adapt\u00e9e garantit des performances de tonte optimales et une longue dur\u00e9e de vie \u00e0 l'\u00e9quipement.<\/p>\n<p><img loading=\"lazy\" decoding=\"async\" class=\"alignnone wp-image-1985\" src=\"https:\/\/fmp-components.com\/wp-content\/uploads\/2024\/12\/Lawn-Mower-Gearbox-1-1.webp\" alt=\"Bo\u00eete de vitesses de tondeuse \u00e0 gazon\" width=\"943\" height=\"630\" title=\"\" srcset=\"https:\/\/fmp-components.com\/wp-content\/uploads\/2024\/12\/Lawn-Mower-Gearbox-1-1.webp 943w, https:\/\/fmp-components.com\/wp-content\/uploads\/2024\/12\/Lawn-Mower-Gearbox-1-1-480x321.webp 480w\" sizes=\"(min-width: 0px) and (max-width: 480px) 480px, (min-width: 481px) 943px, 100vw\" \/><\/p>\n<h3>\u00c0 propos de FMP<\/h3>\n<p>Bas\u00e9 en Italie, FMP est un fabricant leader sp\u00e9cialis\u00e9 dans la conception, le d\u00e9veloppement et la production de bo\u00eetes de vitesses hautes performances pour machines agricoles. R\u00e9put\u00e9s pour notre ing\u00e9nierie de pr\u00e9cision, notre innovation et notre fiabilit\u00e9, nous proposons une gamme compl\u00e8te de bo\u00eetes de vitesses, notamment pour tondeuses \u00e0 gazon, ainsi que des composants essentiels comme les arbres de prise de force. Notre mission est de fournir des solutions sur mesure r\u00e9pondant aux besoins sp\u00e9cifiques des secteurs agricole et industriel, que ce soit par le biais de produits individuels ou de syst\u00e8mes enti\u00e8rement int\u00e9gr\u00e9s.<\/p>\n<p>Chez FMP, nous comprenons que chaque client a des exigences uniques, ce qui nous pousse \u00e0 adapter nos produits en cons\u00e9quence. Que vous ayez besoin d'une bo\u00eete de vitesses sp\u00e9cialis\u00e9e ou d'un syst\u00e8me complet, nous travaillons en \u00e9troite collaboration avec vous pour vous proposer la solution la plus performante et efficace. Nous sommes fiers de fournir des r\u00e9ponses rapides et professionnelles, garantissant que chaque demande est trait\u00e9e avec la plus grande expertise et le plus grand souci du d\u00e9tail.<\/p>\n<p>Une communication ouverte et une collaboration sont fondamentales pour notre approche, notamment pour le d\u00e9veloppement de nouveaux produits. Notre \u00e9quipe travaille en \u00e9troite collaboration avec nos clients afin de comprendre parfaitement leurs d\u00e9fis et de leur fournir des informations pr\u00e9cieuses pour des solutions optimales. Du d\u00e9veloppement de nouveaux produits \u00e0 l'ex\u00e9cution des commandes existantes, nous nous engageons \u00e0 livrer des produits de haute qualit\u00e9, con\u00e7us avec pr\u00e9cision et rapidit\u00e9.<\/p>\n<p>La qualit\u00e9 est au c\u0153ur de toutes nos activit\u00e9s. Nos processus de fabrication reposent sur des principes d'exigence, de pr\u00e9cision et de z\u00e9ro d\u00e9faut. Nous appliquons des mesures de contr\u00f4le qualit\u00e9 rigoureuses pour garantir que chaque produit d\u00e9passe les normes de l'industrie. Cette attention constante \u00e0 la qualit\u00e9, alli\u00e9e \u00e0 nos valeurs d'int\u00e9grit\u00e9, d'esprit d'\u00e9quipe et de pers\u00e9v\u00e9rance, nous a permis de b\u00e2tir des relations durables avec nos clients dans pr\u00e8s de 30 pays \u00e0 travers le monde.<\/p>\n<p>FMP est toujours ouvert aux partenariats internationaux et s'engage \u00e0 offrir des conseils d'experts et des solutions sur mesure. Notre philosophie va au-del\u00e0 de la simple livraison de produits\u00a0: elle vise \u00e0 b\u00e2tir des relations durables pour une r\u00e9ussite mutuelle. Que vous ayez besoin de solutions pour un nouveau projet ou d'assistance pour un syst\u00e8me existant, FMP s'engage \u00e0 relever vos d\u00e9fis techniques et \u00e0 assurer votre r\u00e9ussite durable.<\/p>\n<p><img loading=\"lazy\" decoding=\"async\" class=\"alignnone size-full wp-image-1861\" src=\"https:\/\/fmp-components.com\/wp-content\/uploads\/2024\/12\/Other-Agricultural-Gearboxes.webp\" sizes=\"(min-width: 0px) and (max-width: 480px) 480px, (min-width: 481px) and (max-width: 980px) 980px, (min-width: 981px) 1200px, 100vw\" srcset=\"https:\/\/fmp-components.com\/wp-content\/uploads\/2024\/12\/Other-Agricultural-Gearboxes.webp 1200w, https:\/\/fmp-components.com\/wp-content\/uploads\/2024\/12\/Other-Agricultural-Gearboxes-980x1143.webp 980w, https:\/\/fmp-components.com\/wp-content\/uploads\/2024\/12\/Other-Agricultural-Gearboxes-480x560.webp 480w\" alt=\"Autres changements agricoles\" width=\"1200\" height=\"1400\" title=\"\"><\/p>\n<p>Auteur : CX<\/p>","protected":false},"excerpt":{"rendered":"<p>FMP-AG135 Lawnmower 135 deg gearbox 1:1 for Agricultural Specification ITEM FMP-AG135 135 deg gearbox Ratio 1:1 Teeth 20\/20 Module 6.0 Power\uff08HP\uff09 50 Rated Input 540rpm Input\/Output description \u00a01 3\/8 Z6 Cone base aequilate Spline Shaft Weight\uff08N.W\uff09 16.5Kg Features of Lawn Mower Gearbox Lawn mower gearboxes are essential components that drive the cutting blades, ensuring efficient [&hellip;]<\/p>","protected":false},"featured_media":2078,"comment_status":"open","ping_status":"closed","template":"","meta":{"_et_pb_use_builder":"","_et_pb_old_content":"","_et_gb_content_width":""},"product_brand":[],"product_cat":[52],"product_tag":[],"class_list":{"0":"post-1983","1":"product","2":"type-product","3":"status-publish","4":"has-post-thumbnail","6":"product_cat-lawn-mower-gearbox","8":"first","9":"instock","10":"shipping-taxable","11":"product-type-simple"},"_links":{"self":[{"href":"https:\/\/fmp-components.com\/fr\/wp-json\/wp\/v2\/product\/1983","targetHints":{"allow":["GET"]}}],"collection":[{"href":"https:\/\/fmp-components.com\/fr\/wp-json\/wp\/v2\/product"}],"about":[{"href":"https:\/\/fmp-components.com\/fr\/wp-json\/wp\/v2\/types\/product"}],"replies":[{"embeddable":true,"href":"https:\/\/fmp-components.com\/fr\/wp-json\/wp\/v2\/comments?post=1983"}],"wp:featuredmedia":[{"embeddable":true,"href":"https:\/\/fmp-components.com\/fr\/wp-json\/wp\/v2\/media\/2078"}],"wp:attachment":[{"href":"https:\/\/fmp-components.com\/fr\/wp-json\/wp\/v2\/media?parent=1983"}],"wp:term":[{"taxonomy":"product_brand","embeddable":true,"href":"https:\/\/fmp-components.com\/fr\/wp-json\/wp\/v2\/product_brand?post=1983"},{"taxonomy":"product_cat","embeddable":true,"href":"https:\/\/fmp-components.com\/fr\/wp-json\/wp\/v2\/product_cat?post=1983"},{"taxonomy":"product_tag","embeddable":true,"href":"https:\/\/fmp-components.com\/fr\/wp-json\/wp\/v2\/product_tag?post=1983"}],"curies":[{"name":"wp","href":"https:\/\/api.w.org\/{rel}","templated":true}]}}