{"id":1973,"date":"2024-12-26T05:53:04","date_gmt":"2024-12-26T05:53:04","guid":{"rendered":"https:\/\/fmp-components.com\/?page_id=8"},"modified":"2024-12-26T07:47:18","modified_gmt":"2024-12-26T07:47:18","slug":"mower-gearboxes-replacement-of-comer-code-tl-312d","status":"publish","type":"product","link":"https:\/\/fmp-components.com\/fr\/product\/mower-gearboxes-replacement-of-comer-code-tl-312d\/","title":{"rendered":"Bo\u00eetes de vitesses pour tondeuses \u2013 Remplacement du code Comer TL-312D"},"content":{"rendered":"<p><img loading=\"lazy\" decoding=\"async\" class=\"size-full wp-image-1974 aligncenter\" src=\"https:\/\/fmp-components.com\/wp-content\/uploads\/2024\/12\/Mower-Gearboxes-\u2013-Replacement-of-Comer-Code-TL-312D.webp\" alt=\"Bo\u00eetes de vitesses pour tondeuses \u2013 Remplacement du code Comer TL-312D\" width=\"500\" height=\"500\" title=\"\" srcset=\"https:\/\/fmp-components.com\/wp-content\/uploads\/2024\/12\/Mower-Gearboxes-\u2013-Replacement-of-Comer-Code-TL-312D.webp 500w, https:\/\/fmp-components.com\/wp-content\/uploads\/2024\/12\/Mower-Gearboxes-\u2013-Replacement-of-Comer-Code-TL-312D-300x300.webp 300w, https:\/\/fmp-components.com\/wp-content\/uploads\/2024\/12\/Mower-Gearboxes-\u2013-Replacement-of-Comer-Code-TL-312D-150x150.webp 150w, https:\/\/fmp-components.com\/wp-content\/uploads\/2024\/12\/Mower-Gearboxes-\u2013-Replacement-of-Comer-Code-TL-312D-12x12.webp 12w, https:\/\/fmp-components.com\/wp-content\/uploads\/2024\/12\/Mower-Gearboxes-\u2013-Replacement-of-Comer-Code-TL-312D-480x480.webp 480w, https:\/\/fmp-components.com\/wp-content\/uploads\/2024\/12\/Mower-Gearboxes-\u2013-Replacement-of-Comer-Code-TL-312D-100x100.webp 100w\" sizes=\"(max-width: 500px) 100vw, 500px\" \/><\/p>\n<h2>Bo\u00eetes de vitesses pour tondeuses \u2013 Remplacement des sp\u00e9cifications du mod\u00e8le Comer TL-312D<\/h2>\n<table style=\"width: 100%;\" border=\"1\" width=\"100%\" cellspacing=\"0\" cellpadding=\"0\">\n<tbody>\n<tr>\n<th>Description<\/th>\n<td>Bo\u00eetes de vitesses pour tondeuses \u2013 Remplacement de la bo\u00eete de vitesses Comer Code TL-312D<\/td>\n<\/tr>\n<tr>\n<th>Application<\/th>\n<td>Tondeuses<\/td>\n<\/tr>\n<tr>\n<th>Se compose de<\/th>\n<td>Bo\u00eete de vitesse<\/td>\n<\/tr>\n<tr>\n<th>Sans huile<\/th>\n<td>Informations techniques<\/td>\n<\/tr>\n<tr>\n<th><\/th>\n<td>Si vous avez des questions concernant les performances \u00e0 diff\u00e9rentes vitesses, n&#039;h\u00e9sitez pas \u00e0 nous contacter.<\/td>\n<\/tr>\n<tr>\n<th><\/th>\n<td>Lors de la premi\u00e8re utilisation, remplacez l'huile apr\u00e8s 50 heures de fonctionnement.<\/td>\n<\/tr>\n<tr>\n<th>Contient de l&#039;huile<\/th>\n<td>Non<\/td>\n<\/tr>\n<tr>\n<th>Capacit\u00e9 d&#039;huile maximale<\/th>\n<td>1,5 l<\/td>\n<\/tr>\n<tr>\n<th>Intervalle maximal de vidange d'huile<\/th>\n<td>500 h<\/td>\n<\/tr>\n<tr>\n<th>Grade de viscosit\u00e9 SAE de l&#039;huile<\/th>\n<td>80W-90<\/td>\n<\/tr>\n<tr>\n<th>Mat\u00e9riau du bo\u00eetier<\/th>\n<td>Fonte GG25<\/td>\n<\/tr>\n<tr>\n<th>Poids<\/th>\n<td>27 kg<\/td>\n<\/tr>\n<tr>\n<th>Augmentation de la disposition des engrenages<\/th>\n<td>21-22<\/td>\n<\/tr>\n<tr>\n<th>Puissance d&#039;entr\u00e9e kW \/ CV croissante<\/th>\n<td>76,5 \/ 104 kW\/ch<\/td>\n<\/tr>\n<tr>\n<th>Augmentation de l&#039;arbre d&#039;entr\u00e9e<\/th>\n<td>X<\/td>\n<\/tr>\n<tr>\n<th>Couple de sortie DaNm croissant<\/th>\n<td>42,7 daNm<\/td>\n<\/tr>\n<tr>\n<th>Ratio croissant<\/th>\n<td>1 : 1.6<\/td>\n<\/tr>\n<tr>\n<th>R\u00e9duction du rapport<\/th>\n<td>1.6 : 1<\/td>\n<\/tr>\n<tr>\n<th>Arbre X<\/th>\n<td>1 3\/8\u2033 (6) (A)<\/td>\n<\/tr>\n<tr>\n<th>Arbre Z<\/th>\n<td>33 h7 (B)<\/td>\n<\/tr>\n<\/tbody>\n<\/table>\n<h3>Avantages des bo\u00eetes de vitesses pour tondeuses<\/h3>\n<p>Les bo\u00eetes de vitesses sont des composants essentiels des tondeuses \u00e0 gazon, assurant la transmission de la puissance du tracteur ou du moteur aux lames. Elles jouent un r\u00f4le crucial pour garantir le bon fonctionnement et la fiabilit\u00e9 des tondeuses. Voici quelques-uns des principaux avantages de l'utilisation de bo\u00eetes de vitesses de haute qualit\u00e9\u00a0:<\/p>\n<h4>Transmission d&#039;\u00e9nergie efficace<\/h4>\n<p>Les bo\u00eetes de vitesses des tondeuses sont con\u00e7ues pour assurer une transmission efficace de la puissance du moteur du tracteur aux lames. Ce transfert de puissance optimal permet de maintenir la vitesse et le couple ad\u00e9quats pour les lames, garantissant ainsi une coupe nette et uniforme. Qu'il s'agisse d'une tondeuse rotative ou autoport\u00e9e, une transmission de puissance efficace assure une coupe uniforme, pour une finition impeccable.<\/p>\n<h4>Durabilit\u00e9 et long\u00e9vit\u00e9<\/h4>\n<p>Les r\u00e9ducteurs de tondeuses haut de gamme sont con\u00e7us pour r\u00e9sister aux conditions d'utilisation difficiles et \u00e0 un usage intensif. Fabriqu\u00e9s \u00e0 partir de mat\u00e9riaux durables tels que l'acier de haute qualit\u00e9 et les alliages d'aluminium, ils r\u00e9sistent \u00e0 l'usure, \u00e0 la corrosion et \u00e0 la chaleur. Ceci garantit un fonctionnement fluide et fiable des r\u00e9ducteurs de tondeuses sur le long terme, minimisant ainsi la fr\u00e9quence des r\u00e9parations et des remplacements. Leur robustesse est essentielle pour maintenir des performances optimales dans les applications agricoles, paysag\u00e8res et industrielles exigeantes.<\/p>\n<h4>Besoins de maintenance r\u00e9duits<\/h4>\n<p>Les bo\u00eetes de vitesses des tondeuses sont con\u00e7ues pour un fonctionnement n\u00e9cessitant peu d'entretien. Gr\u00e2ce \u00e0 une lubrification ad\u00e9quate et \u00e0 leur construction robuste, elles s'usent moins que les autres composants m\u00e9caniques. Il en r\u00e9sulte moins de pannes et une r\u00e9duction des co\u00fbts d'entretien. Avec un minimum d'entretien, ces bo\u00eetes de vitesses assurent le bon fonctionnement de la tondeuse, garantissant ainsi une disponibilit\u00e9 et une productivit\u00e9 accrues.<\/p>\n<h4>Performances de coupe am\u00e9lior\u00e9es<\/h4>\n<p>La bo\u00eete de vitesses joue un r\u00f4le crucial en assurant la rotation optimale des lames de la tondeuse, avec le couple ad\u00e9quat, indispensable \u00e0 une coupe efficace. Qu'il s'agisse d'herbes hautes, de mauvaises herbes ou de terrains accident\u00e9s, une bo\u00eete de vitesses bien con\u00e7ue garantit une performance de coupe constante. Il en r\u00e9sulte une coupe plus nette et uniforme, am\u00e9liorant l'esth\u00e9tique de la pelouse ou du champ tout en pr\u00e9venant l'endommagement du mat\u00e9riel.<\/p>\n<h4>Polyvalence et personnalisation<\/h4>\n<p>Les bo\u00eetes de vitesses pour tondeuses sont extr\u00eamement polyvalentes et s'adaptent \u00e0 une grande vari\u00e9t\u00e9 de mod\u00e8les et d'applications. Qu'il s'agisse d'une bo\u00eete \u00e0 une ou plusieurs vitesses, ou d'une solution sur mesure pour des besoins de coupe sp\u00e9cifiques, les bo\u00eetes de vitesses pour tondeuses offrent une grande flexibilit\u00e9. De nombreux fabricants, dont FMP, proposent des options de bo\u00eetes de vitesses adapt\u00e9es aux exigences de performance des diff\u00e9rentes t\u00e2ches de tonte, des petits travaux d'entretien de pelouses aux grandes exploitations agricoles.<\/p>\n<h4>S\u00e9curit\u00e9 et fiabilit\u00e9<\/h4>\n<p>Les bo\u00eetes de vitesses des tondeuses modernes sont \u00e9quip\u00e9es de dispositifs de s\u00e9curit\u00e9, tels que des embrayages \u00e0 roue libre ou des m\u00e9canismes de d\u00e9brayage, qui prot\u00e8gent \u00e0 la fois la tondeuse et l'utilisateur. Ces dispositifs pr\u00e9viennent les dommages \u00e0 la bo\u00eete de vitesses et aux lames en cas d'arr\u00eat ou de d\u00e9brayage brutal de la tondeuse. Ils contribuent \u00e9galement \u00e0 pr\u00e9venir les accidents, garantissant ainsi la s\u00e9curit\u00e9 de l'utilisateur et r\u00e9duisant les risques de pannes m\u00e9caniques pendant le fonctionnement.<\/p>\n<p>Les r\u00e9ducteurs de tondeuse sont des composants essentiels qui optimisent l'efficacit\u00e9, la durabilit\u00e9 et les performances des tondeuses \u00e0 gazon et agricoles. Leur capacit\u00e9 \u00e0 transmettre efficacement la puissance, \u00e0 am\u00e9liorer la qualit\u00e9 de coupe et \u00e0 r\u00e9duire les besoins d'entretien les rend indispensables au maintien d'un mat\u00e9riel de tonte performant. Gr\u00e2ce \u00e0 leurs nombreuses options de personnalisation, leur construction robuste et leur excellent rapport qualit\u00e9-prix, les r\u00e9ducteurs de tondeuse offrent un investissement rentable \u00e0 long terme, aussi bien pour les particuliers que pour les professionnels.<\/p>\n<p><img loading=\"lazy\" decoding=\"async\" class=\"alignnone wp-image-1951\" src=\"https:\/\/fmp-components.com\/wp-content\/uploads\/2024\/12\/Rotary-Mower-Gearbox-211.webp\" alt=\"Bo\u00eete de vitesses pour tondeuse rotative\" width=\"929\" height=\"697\" title=\"\" srcset=\"https:\/\/fmp-components.com\/wp-content\/uploads\/2024\/12\/Rotary-Mower-Gearbox-211.webp 929w, https:\/\/fmp-components.com\/wp-content\/uploads\/2024\/12\/Rotary-Mower-Gearbox-211-480x360.webp 480w\" sizes=\"(min-width: 0px) and (max-width: 480px) 480px, (min-width: 481px) 929px, 100vw\" \/><\/p>\n<h3>\u00c0 propos de FMP<\/h3>\n<p>FMP, entreprise italienne, est un fabricant de premier plan, reconnu pour la conception, le d\u00e9veloppement et la production de r\u00e9ducteurs haute performance destin\u00e9s aux machines agricoles. Ax\u00e9s sur l'ing\u00e9nierie de pr\u00e9cision, l'innovation et une fiabilit\u00e9 \u00e0 toute \u00e9preuve, nous proposons une gamme compl\u00e8te de r\u00e9ducteurs, notamment pour tondeuses \u00e0 gazon, ainsi que des composants essentiels comme les arbres de prise de force. Notre mission est de fournir des solutions sur mesure aux secteurs agricole et industriel, en proposant des produits individuels et des syst\u00e8mes enti\u00e8rement int\u00e9gr\u00e9s r\u00e9pondant aux besoins sp\u00e9cifiques de nos clients.<\/p>\n<p>Chez FMP, nous savons que chaque client a des exigences sp\u00e9cifiques. C'est pourquoi nous excellons dans la personnalisation de nos produits afin de r\u00e9pondre parfaitement \u00e0 ces besoins. Que vous recherchiez une bo\u00eete de vitesses sp\u00e9cialis\u00e9e ou un syst\u00e8me complet, nous collaborons \u00e9troitement avec vous pour d\u00e9velopper la solution la plus efficace et performante. Notre engagement envers la satisfaction client se traduit par des r\u00e9ponses rapides et professionnelles ainsi que par des conseils d'experts, garantissant que chaque demande est trait\u00e9e avec le plus grand soin et la plus grande pr\u00e9cision.<\/p>\n<p>Une communication ouverte et continue avec nos clients est essentielle, notamment pour le d\u00e9veloppement de nouveaux produits. Notre \u00e9quipe d\u00e9di\u00e9e travaille en \u00e9troite collaboration avec eux afin de comprendre leurs enjeux et de leur apporter des solutions pertinentes et optimales. Qu'il s'agisse de d\u00e9velopper de nouveaux produits ou d'honorer les commandes existantes, nous restons d\u00e9termin\u00e9s \u00e0 fournir des produits de haute qualit\u00e9, con\u00e7us avec pr\u00e9cision, dans les meilleurs d\u00e9lais et avec efficacit\u00e9.<\/p>\n<p>La qualit\u00e9 est au c\u0153ur de toutes nos activit\u00e9s. Chez FMP, nos processus de fabrication reposent sur des principes d'exigence, de pr\u00e9cision et de z\u00e9ro d\u00e9faut. Nous mettons en \u0153uvre des mesures de contr\u00f4le qualit\u00e9 rigoureuses afin de garantir que chaque produit respecte, voire d\u00e9passe, les normes de l'industrie. Cette exigence constante de qualit\u00e9, associ\u00e9e \u00e0 nos valeurs fondamentales d'int\u00e9grit\u00e9, de travail d'\u00e9quipe et de pers\u00e9v\u00e9rance, nous a permis d'\u00e9tablir des relations solides et durables avec nos clients dans pr\u00e8s de 30 pays \u00e0 travers le monde.<\/p>\n<p>FMP est toujours ouverte aux partenariats internationaux et se tient \u00e0 votre disposition pour vous offrir des conseils d'experts et des solutions sur mesure. Notre approche va bien au-del\u00e0 de la simple livraison de produits\u00a0: nous nous engageons \u00e0 b\u00e2tir des relations durables avec nos clients et \u00e0 garantir leur succ\u00e8s pour chaque projet. Que vous ayez besoin de solutions pour une nouvelle initiative ou d'un support pour un syst\u00e8me existant, FMP est l\u00e0 pour relever vos d\u00e9fis techniques et contribuer \u00e0 la p\u00e9rennit\u00e9 de votre r\u00e9ussite.<\/p>\n<p><img loading=\"lazy\" decoding=\"async\" class=\"alignnone size-full wp-image-1861\" src=\"https:\/\/fmp-components.com\/wp-content\/uploads\/2024\/12\/Other-Agricultural-Gearboxes.webp\" sizes=\"(min-width: 0px) and (max-width: 480px) 480px, (min-width: 481px) and (max-width: 980px) 980px, (min-width: 981px) 1200px, 100vw\" srcset=\"https:\/\/fmp-components.com\/wp-content\/uploads\/2024\/12\/Other-Agricultural-Gearboxes.webp 1200w, https:\/\/fmp-components.com\/wp-content\/uploads\/2024\/12\/Other-Agricultural-Gearboxes-980x1143.webp 980w, https:\/\/fmp-components.com\/wp-content\/uploads\/2024\/12\/Other-Agricultural-Gearboxes-480x560.webp 480w\" alt=\"Autres changements agricoles\" width=\"1200\" height=\"1400\" title=\"\"><\/p>\n<p>Auteur : CX<\/p>","protected":false},"excerpt":{"rendered":"<p>Mower Gearboxes \u2013 Replacement of Comer Code TL-312D Specification Description Mower Gearboxes &#8211; Replacement of Comer Code TL-312D Application Mowers Consists of Gearbox Without Oil Technical Information If you have any questions regarding performance at different speeds, please do not hesitate to contact us. When using for the first time, replace the oil after 50 [&hellip;]<\/p>","protected":false},"featured_media":1974,"comment_status":"open","ping_status":"closed","template":"","meta":{"_et_pb_use_builder":"","_et_pb_old_content":"","_et_gb_content_width":""},"product_brand":[],"product_cat":[52],"product_tag":[],"class_list":{"0":"post-1973","1":"product","2":"type-product","3":"status-publish","4":"has-post-thumbnail","6":"product_cat-lawn-mower-gearbox","8":"first","9":"instock","10":"shipping-taxable","11":"product-type-simple"},"_links":{"self":[{"href":"https:\/\/fmp-components.com\/fr\/wp-json\/wp\/v2\/product\/1973","targetHints":{"allow":["GET"]}}],"collection":[{"href":"https:\/\/fmp-components.com\/fr\/wp-json\/wp\/v2\/product"}],"about":[{"href":"https:\/\/fmp-components.com\/fr\/wp-json\/wp\/v2\/types\/product"}],"replies":[{"embeddable":true,"href":"https:\/\/fmp-components.com\/fr\/wp-json\/wp\/v2\/comments?post=1973"}],"wp:featuredmedia":[{"embeddable":true,"href":"https:\/\/fmp-components.com\/fr\/wp-json\/wp\/v2\/media\/1974"}],"wp:attachment":[{"href":"https:\/\/fmp-components.com\/fr\/wp-json\/wp\/v2\/media?parent=1973"}],"wp:term":[{"taxonomy":"product_brand","embeddable":true,"href":"https:\/\/fmp-components.com\/fr\/wp-json\/wp\/v2\/product_brand?post=1973"},{"taxonomy":"product_cat","embeddable":true,"href":"https:\/\/fmp-components.com\/fr\/wp-json\/wp\/v2\/product_cat?post=1973"},{"taxonomy":"product_tag","embeddable":true,"href":"https:\/\/fmp-components.com\/fr\/wp-json\/wp\/v2\/product_tag?post=1973"}],"curies":[{"name":"wp","href":"https:\/\/api.w.org\/{rel}","templated":true}]}}