{"id":1969,"date":"2024-12-26T05:22:40","date_gmt":"2024-12-26T05:22:40","guid":{"rendered":"https:\/\/fmp-components.com\/?page_id=8"},"modified":"2024-12-26T05:33:45","modified_gmt":"2024-12-26T05:33:45","slug":"mowers-gearboxes-replacement-of-comer-code-tl-311d","status":"publish","type":"product","link":"https:\/\/fmp-components.com\/fr\/product\/mowers-gearboxes-replacement-of-comer-code-tl-311d\/","title":{"rendered":"Bo\u00eetes de vitesses pour tondeuses \u2013 Remplacement du code Comer TL-311D"},"content":{"rendered":"<p><img loading=\"lazy\" decoding=\"async\" class=\"alignnone size-full wp-image-1971\" src=\"https:\/\/fmp-components.com\/wp-content\/uploads\/2024\/12\/Mowers-Gearboxes-\u2013-Replacement-of-Comer-Code-TL-311D.webp\" alt=\"Bo\u00eetes de vitesses pour tondeuses \u2013 Remplacement du code Comer TL-311D\" width=\"1000\" height=\"500\" title=\"\" srcset=\"https:\/\/fmp-components.com\/wp-content\/uploads\/2024\/12\/Mowers-Gearboxes-\u2013-Replacement-of-Comer-Code-TL-311D.webp 1000w, https:\/\/fmp-components.com\/wp-content\/uploads\/2024\/12\/Mowers-Gearboxes-\u2013-Replacement-of-Comer-Code-TL-311D-300x150.webp 300w, https:\/\/fmp-components.com\/wp-content\/uploads\/2024\/12\/Mowers-Gearboxes-\u2013-Replacement-of-Comer-Code-TL-311D-768x384.webp 768w, https:\/\/fmp-components.com\/wp-content\/uploads\/2024\/12\/Mowers-Gearboxes-\u2013-Replacement-of-Comer-Code-TL-311D-18x9.webp 18w, https:\/\/fmp-components.com\/wp-content\/uploads\/2024\/12\/Mowers-Gearboxes-\u2013-Replacement-of-Comer-Code-TL-311D-980x490.webp 980w, https:\/\/fmp-components.com\/wp-content\/uploads\/2024\/12\/Mowers-Gearboxes-\u2013-Replacement-of-Comer-Code-TL-311D-480x240.webp 480w, https:\/\/fmp-components.com\/wp-content\/uploads\/2024\/12\/Mowers-Gearboxes-\u2013-Replacement-of-Comer-Code-TL-311D-600x300.webp 600w\" sizes=\"(max-width: 1000px) 100vw, 1000px\" \/><\/p>\n<h2>Bo\u00eetes de vitesses pour tondeuses \u2013 Remplacement de la sp\u00e9cification Comer Code TL-311D<\/h2>\n<table style=\"width: 100%;\" border=\"1\" width=\"100%\" cellspacing=\"0\" cellpadding=\"0\">\n<tbody>\n<tr>\n<th>Description<\/th>\n<td>Bo\u00eetes de vitesses pour tondeuses \u2013 Remplacement du code Comer TL-311D<\/td>\n<\/tr>\n<tr>\n<th>Application<\/th>\n<td>Tondeuses<\/td>\n<\/tr>\n<tr>\n<th>Se compose de<\/th>\n<td>Bo\u00eete de vitesse<\/td>\n<\/tr>\n<tr>\n<th>Commander l&#039;huile s\u00e9par\u00e9ment<\/th>\n<td>Informations techniques<\/td>\n<\/tr>\n<tr>\n<th><\/th>\n<td>Toutes les donn\u00e9es techniques correspondent aux normes ISO 6335 et ISO 281.<\/td>\n<\/tr>\n<tr>\n<th>Contient de l&#039;huile<\/th>\n<td>Non<\/td>\n<\/tr>\n<tr>\n<th>Capacit\u00e9 d&#039;huile maximale<\/th>\n<td>1,2 l<\/td>\n<\/tr>\n<tr>\n<th>Grade de viscosit\u00e9 SAE de l&#039;huile<\/th>\n<td>80W-90<\/td>\n<\/tr>\n<tr>\n<th>Poids<\/th>\n<td>23,5 kg<\/td>\n<\/tr>\n<tr>\n<th>Augmentation de la disposition des engrenages<\/th>\n<td>27-28<\/td>\n<\/tr>\n<tr>\n<th>Puissance d&#039;entr\u00e9e kW \/ CV croissante<\/th>\n<td>36,8 \/ 50 kW\/CV<\/td>\n<\/tr>\n<tr>\n<th>Augmentation de l&#039;arbre d&#039;entr\u00e9e<\/th>\n<td>X<\/td>\n<\/tr>\n<tr>\n<th>Couple de sortie DaNm croissant<\/th>\n<td>21 daNm<\/td>\n<\/tr>\n<tr>\n<th>Ratio croissant<\/th>\n<td>1 : 3<\/td>\n<\/tr>\n<tr>\n<th>R\u00e9duction du rapport<\/th>\n<td>3 : 1<\/td>\n<\/tr>\n<tr>\n<th>Arbre X<\/th>\n<td>1 3\/8\u2033 (6) (A)<\/td>\n<\/tr>\n<tr>\n<th>Arbre Y<\/th>\n<td>1 3\/8\u2033 (6) (A)<\/td>\n<\/tr>\n<tr>\n<th>Arbre Z<\/th>\n<td>33 (B)<\/td>\n<\/tr>\n<\/tbody>\n<\/table>\n<h2>Arbre de prise de force pour bo\u00eete de vitesses de tondeuse \u00e0 gazon agricole<\/h2>\n<p>L&#039;arbre de prise de force (PDF) est un maillon essentiel reliant le moteur du tracteur ou d&#039;autres sources d&#039;\u00e9nergie au bo\u00eetier d&#039;engrenages de la tondeuse agricole. Ce composant joue un r\u00f4le essentiel dans le transfert de la puissance m\u00e9canique aux lames de coupe de la tondeuse, garantissant un fonctionnement efficace et fluide. Chez FMP, nous proposons une large gamme d&#039;arbres de prise de force de haute qualit\u00e9, con\u00e7us pour fonctionner parfaitement avec les bo\u00eetiers d&#039;engrenages de tondeuses, optimisant ainsi les performances, la fiabilit\u00e9 et la long\u00e9vit\u00e9.<\/p>\n<h3>Principales caract\u00e9ristiques des arbres de prise de force FMP pour bo\u00eetes de vitesses de tondeuses \u00e0 gazon\u00a0:<\/h3>\n<h4>Durabilit\u00e9 et r\u00e9sistance<\/h4>\n<p>Les arbres de prise de force FMP sont con\u00e7us pour r\u00e9sister aux rigueurs des travaux agricoles intensifs. Fabriqu\u00e9s \u00e0 partir de mat\u00e9riaux de haute qualit\u00e9, dont l&#039;acier, ces arbres sont con\u00e7us pour une fiabilit\u00e9 \u00e0 long terme. Que vous utilisiez des tondeuses rotatives, des tondeuses \u00e0 gazon ou d&#039;autres machines agricoles, nos arbres de prise de force offrent une usure minimale et une durabilit\u00e9 exceptionnelle, m\u00eame dans des conditions difficiles.<\/p>\n<h4>Haute performance<\/h4>\n<p>Les arbres de prise de force FMP sont con\u00e7us pour assurer une transmission de puissance optimale, permettant aux lames de la tondeuse de tourner \u00e0 la vitesse et au couple id\u00e9aux pour une coupe efficace. Cela garantit des performances constantes et une tonte performante, m\u00eame dans les environnements difficiles. Que ce soit pour tondre dans l&#039;herbe \u00e9paisse ou sur terrain accident\u00e9, les arbres de prise de force FMP garantissent des r\u00e9sultats de coupe exceptionnels.<\/p>\n<h4>Options de personnalisation<\/h4>\n<p>Nous comprenons que chaque op\u00e9ration est unique, c&#039;est pourquoi nous proposons des arbres de prise de force adaptables \u00e0 vos besoins sp\u00e9cifiques. Que des ajustements soient n\u00e9cessaires en termes de longueur, de capacit\u00e9 de couple ou de type d&#039;accouplement, FMP travaille en \u00e9troite collaboration avec ses clients pour garantir que l&#039;arbre de prise de force s&#039;adapte parfaitement \u00e0 votre machine, offrant des performances et une fiabilit\u00e9 optimales.<\/p>\n<h4>S\u00e9curit\u00e9 et facilit\u00e9 d&#039;utilisation<\/h4>\n<p>La s\u00e9curit\u00e9 est une priorit\u00e9 pour les \u00e9quipements agricoles, et les arbres de prise de force FMP sont con\u00e7us avec des dispositifs de s\u00e9curit\u00e9 int\u00e9gr\u00e9s. Ceux-ci incluent des embrayages \u00e0 roue libre et des m\u00e9canismes de d\u00e9brayage qui pr\u00e9viennent les dommages lors du d\u00e9brayage. De plus, nos arbres de prise de force sont faciles \u00e0 installer et \u00e0 entretenir, offrant confort et tranquillit\u00e9 d&#039;esprit aux op\u00e9rateurs.<\/p>\n<h4>Versatilit\u00e9<\/h4>\n<p>Les arbres de prise de force FMP sont polyvalents et compatibles avec une grande vari\u00e9t\u00e9 de bo\u00eetes de vitesses de tondeuses \u00e0 gazon et autres machines agricoles. Que vous ayez besoin d&#039;un arbre de prise de force standard ou d&#039;une solution sur mesure, nous proposons des produits adapt\u00e9s \u00e0 toutes les \u00e9chelles d&#039;exploitation, des petites exploitations agricoles aux grandes exploitations industrielles.<\/p>\n<h4>Rentable<\/h4>\n<p>En proposant des arbres de prise de force durables et performants, FMP contribue \u00e0 r\u00e9duire les co\u00fbts de maintenance et les temps d&#039;arr\u00eat. Con\u00e7us pour une performance durable, nos arbres de prise de force garantissent un fonctionnement fluide et efficace de votre \u00e9quipement, r\u00e9duisant ainsi les co\u00fbts de r\u00e9paration et de remplacement. De plus, nos prix comp\u00e9titifs offrent un excellent rapport qualit\u00e9-prix.<\/p>\n<h3>Pourquoi choisir les arbres de prise de force FMP pour la bo\u00eete de vitesses de votre tondeuse \u00e0 gazon\u00a0?<\/h3>\n<ul>\n<li><strong>Assurance qualit\u00e9:<\/strong> Chez FMP, nous respectons les normes de qualit\u00e9 les plus \u00e9lev\u00e9es dans chaque produit que nous fabriquons, garantissant que votre arbre de prise de force fonctionne de mani\u00e8re optimale et dure plus longtemps.<\/li>\n<li><strong>Personnalisation et support :<\/strong> Nous offrons des conseils d&#039;experts et des solutions sur mesure pour r\u00e9pondre aux besoins sp\u00e9cifiques de vos machines et de votre exploitation, garantissant que vous obtenez exactement ce dont vous avez besoin.<\/li>\n<li><strong>Port\u00e9e mondiale :<\/strong> Avec des clients dans pr\u00e8s de 30 pays, FMP s&#039;est b\u00e2ti une solide r\u00e9putation en fournissant des composants performants et fiables au secteur agricole.<\/li>\n<\/ul>\n<p>Pour plus d&#039;informations ou pour vous renseigner sur les arbres de prise de force personnalis\u00e9s pour votre bo\u00eete de vitesses de tondeuse agricole, contactez FMP d\u00e8s aujourd&#039;hui. Nous nous engageons \u00e0 vous fournir les meilleures solutions pour vos machines, garantissant ainsi l&#039;efficacit\u00e9 et la fiabilit\u00e9 de vos op\u00e9rations.<\/p>\n<p><img loading=\"lazy\" decoding=\"async\" class=\"alignnone size-full wp-image-1873\" src=\"https:\/\/fmp-components.com\/wp-content\/uploads\/2024\/12\/PTO-Shaft-for-Rotary-Mower-Gearboxes-15.webp\" sizes=\"(min-width: 0px) and (max-width: 480px) 480px, (min-width: 481px) and (max-width: 980px) 980px, (min-width: 981px) 1000px, 100vw\" srcset=\"https:\/\/fmp-components.com\/wp-content\/uploads\/2024\/12\/PTO-Shaft-for-Rotary-Mower-Gearboxes-15.webp 1000w, https:\/\/fmp-components.com\/wp-content\/uploads\/2024\/12\/PTO-Shaft-for-Rotary-Mower-Gearboxes-15-980x980.webp 980w, https:\/\/fmp-components.com\/wp-content\/uploads\/2024\/12\/PTO-Shaft-for-Rotary-Mower-Gearboxes-15-480x480.webp 480w\" alt=\"Arbre de prise de force pour bo\u00eetes de vitesses de tondeuses rotatives 15\" width=\"1000\" height=\"1000\" title=\"\"><\/p>\n<h3>\u00c0 propos de FMP<\/h3>\n<p>Bas\u00e9 en Italie, FMP est un fabricant leader sp\u00e9cialis\u00e9 dans la conception, le d\u00e9veloppement et la production de bo\u00eetes de vitesses hautes performances pour machines agricoles. Nous nous engageons \u00e0 fournir des solutions de pr\u00e9cision, en mettant l&#039;accent sur la qualit\u00e9, l&#039;innovation et la fiabilit\u00e9. Notre vaste gamme de produits comprend une grande vari\u00e9t\u00e9 de bo\u00eetes de vitesses, comme celles pour tondeuses \u00e0 gazon, et des composants essentiels comme les arbres de prise de force. La mission de FMP est de fournir des solutions personnalis\u00e9es r\u00e9pondant aux besoins sp\u00e9cifiques des secteurs agricole et industriel, en proposant des produits individuels et des syst\u00e8mes enti\u00e8rement int\u00e9gr\u00e9s.<\/p>\n<p>Chez FMP, nous comprenons que chaque client a des exigences uniques. C&#039;est pourquoi notre force r\u00e9side dans notre capacit\u00e9 \u00e0 proposer des produits sur mesure qui r\u00e9pondent parfaitement \u00e0 ces besoins. Que vous ayez besoin d&#039;une bo\u00eete de vitesses sp\u00e9cialis\u00e9e ou d&#039;un syst\u00e8me complet, nous travaillons en \u00e9troite collaboration avec vous pour vous garantir la solution la plus efficace et performante. Notre engagement envers la satisfaction client se traduit par des r\u00e9ponses rapides et professionnelles et des conseils d&#039;experts, garantissant que chaque demande est trait\u00e9e avec soin et pr\u00e9cision.<\/p>\n<p>Nous accordons une importance primordiale \u00e0 une communication ouverte et continue avec nos clients, notamment pour le d\u00e9veloppement de nouveaux produits. Notre \u00e9quipe d\u00e9di\u00e9e collabore \u00e9troitement avec eux afin de comprendre leurs d\u00e9fis sp\u00e9cifiques et de leur apporter des conseils pr\u00e9cieux pour cr\u00e9er des solutions optimales. Du d\u00e9veloppement de nouveaux produits \u00e0 l&#039;ex\u00e9cution des commandes existantes, nous nous engageons \u00e0 livrer des produits de haute qualit\u00e9 avec rapidit\u00e9 et pr\u00e9cision.<\/p>\n<p>La qualit\u00e9 est au c\u0153ur des activit\u00e9s de FMP. Nos processus de fabrication respectent des principes stricts d&#039;exigence, de pr\u00e9cision et de z\u00e9ro d\u00e9faut. Nous mettons en \u0153uvre des contr\u00f4les qualit\u00e9 rigoureux pour garantir que chaque produit surpasse les normes de l&#039;industrie. Cet engagement ind\u00e9fectible envers la qualit\u00e9, associ\u00e9 \u00e0 nos valeurs d&#039;int\u00e9grit\u00e9, d&#039;esprit d&#039;\u00e9quipe et de pers\u00e9v\u00e9rance, nous a permis de b\u00e2tir des partenariats durables et significatifs avec des clients dans pr\u00e8s de 30 pays \u00e0 travers le monde.<\/p>\n<p>FMP est toujours ouvert aux partenariats internationaux et est pr\u00eat \u00e0 offrir des conseils d&#039;experts et des solutions personnalis\u00e9es. Nous croyons en l&#039;importance de nouer des relations durables avec nos clients, garantissant leur r\u00e9ussite et leur satisfaction \u00e0 chaque projet. Que vous ayez besoin de solutions pour un nouveau projet ou d&#039;assistance pour un syst\u00e8me existant, FMP s&#039;engage \u00e0 relever vos d\u00e9fis techniques et \u00e0 assurer votre r\u00e9ussite durable.<\/p>\n<p><img loading=\"lazy\" decoding=\"async\" class=\"alignnone size-full wp-image-1861\" src=\"https:\/\/fmp-components.com\/wp-content\/uploads\/2024\/12\/Other-Agricultural-Gearboxes.webp\" sizes=\"(min-width: 0px) and (max-width: 480px) 480px, (min-width: 481px) and (max-width: 980px) 980px, (min-width: 981px) 1200px, 100vw\" srcset=\"https:\/\/fmp-components.com\/wp-content\/uploads\/2024\/12\/Other-Agricultural-Gearboxes.webp 1200w, https:\/\/fmp-components.com\/wp-content\/uploads\/2024\/12\/Other-Agricultural-Gearboxes-980x1143.webp 980w, https:\/\/fmp-components.com\/wp-content\/uploads\/2024\/12\/Other-Agricultural-Gearboxes-480x560.webp 480w\" alt=\"Autres changements agricoles\" width=\"1200\" height=\"1400\" title=\"\"><\/p>\n<p>Auteur : CX<\/p>","protected":false},"excerpt":{"rendered":"<p>Mowers Gearboxes \u2013 Replacement of Comer Code TL-311D Specification Description Mowers Gearboxes &#8211; Replacement of Comer Code TL-311D Application Mowers Consists of Gearbox Order Oil Separately Technical Information All technical data corresponds to ISO 6335 and ISO 281. Contains Oil No Max. Oil Capacity 1.2 l Oil SAE Viscosity Grade 80W-90 Weight 23.5 kg Gear [&hellip;]<\/p>","protected":false},"featured_media":1972,"comment_status":"open","ping_status":"closed","template":"","meta":{"_et_pb_use_builder":"","_et_pb_old_content":"","_et_gb_content_width":""},"product_brand":[],"product_cat":[52],"product_tag":[],"class_list":{"0":"post-1969","1":"product","2":"type-product","3":"status-publish","4":"has-post-thumbnail","6":"product_cat-lawn-mower-gearbox","8":"first","9":"instock","10":"shipping-taxable","11":"product-type-simple"},"_links":{"self":[{"href":"https:\/\/fmp-components.com\/fr\/wp-json\/wp\/v2\/product\/1969","targetHints":{"allow":["GET"]}}],"collection":[{"href":"https:\/\/fmp-components.com\/fr\/wp-json\/wp\/v2\/product"}],"about":[{"href":"https:\/\/fmp-components.com\/fr\/wp-json\/wp\/v2\/types\/product"}],"replies":[{"embeddable":true,"href":"https:\/\/fmp-components.com\/fr\/wp-json\/wp\/v2\/comments?post=1969"}],"wp:featuredmedia":[{"embeddable":true,"href":"https:\/\/fmp-components.com\/fr\/wp-json\/wp\/v2\/media\/1972"}],"wp:attachment":[{"href":"https:\/\/fmp-components.com\/fr\/wp-json\/wp\/v2\/media?parent=1969"}],"wp:term":[{"taxonomy":"product_brand","embeddable":true,"href":"https:\/\/fmp-components.com\/fr\/wp-json\/wp\/v2\/product_brand?post=1969"},{"taxonomy":"product_cat","embeddable":true,"href":"https:\/\/fmp-components.com\/fr\/wp-json\/wp\/v2\/product_cat?post=1969"},{"taxonomy":"product_tag","embeddable":true,"href":"https:\/\/fmp-components.com\/fr\/wp-json\/wp\/v2\/product_tag?post=1969"}],"curies":[{"name":"wp","href":"https:\/\/api.w.org\/{rel}","templated":true}]}}