{"id":1956,"date":"2024-12-26T03:32:54","date_gmt":"2024-12-26T03:32:54","guid":{"rendered":"https:\/\/fmp-components.com\/?page_id=8"},"modified":"2024-12-26T03:46:48","modified_gmt":"2024-12-26T03:46:48","slug":"agricultural-lawnmower-gearbox-fmp-lf205","status":"publish","type":"product","link":"https:\/\/fmp-components.com\/fr\/product\/agricultural-lawnmower-gearbox-fmp-lf205\/","title":{"rendered":"Bo\u00eete de vitesses pour tondeuse \u00e0 gazon agricole FMP-LF205"},"content":{"rendered":"<h2>Sp\u00e9cifications de la bo\u00eete de vitesses pour tondeuse agricole\u00a0:<\/h2>\n<p><img loading=\"lazy\" decoding=\"async\" class=\"alignnone size-full wp-image-1959\" src=\"https:\/\/fmp-components.com\/wp-content\/uploads\/2024\/12\/FMP_agricultural-gearbox-1.webp\" alt=\"FMP_bo\u00eete de vitesses agricole-1\" width=\"1000\" height=\"500\" title=\"\" srcset=\"https:\/\/fmp-components.com\/wp-content\/uploads\/2024\/12\/FMP_agricultural-gearbox-1.webp 1000w, https:\/\/fmp-components.com\/wp-content\/uploads\/2024\/12\/FMP_agricultural-gearbox-1-980x490.webp 980w, https:\/\/fmp-components.com\/wp-content\/uploads\/2024\/12\/FMP_agricultural-gearbox-1-480x240.webp 480w\" sizes=\"(min-width: 0px) and (max-width: 480px) 480px, (min-width: 481px) and (max-width: 980px) 980px, (min-width: 981px) 1000px, 100vw\" \/><\/p>\n<table style=\"width: 100.31%; height: 347px;\" border=\"1\">\n<tbody>\n<tr>\n<td style=\"width: 30.4957%;\"><strong>ARTICLE<\/strong><\/td>\n<td style=\"width: 68.8578%;\">FMP-LF205<\/td>\n<\/tr>\n<tr>\n<td style=\"width: 30.4957%;\"><strong>Rapport<\/strong><\/td>\n<td style=\"width: 68.8578%;\">1:1.93\/1:1.46<\/td>\n<\/tr>\n<tr>\n<td style=\"width: 30.4957%;\"><strong>Dents<\/strong><\/td>\n<td style=\"width: 68.8578%;\">23\/12 22\/15<\/td>\n<\/tr>\n<tr>\n<td style=\"width: 30.4957%;\"><strong>Module<\/strong><\/td>\n<td style=\"width: 68.8578%;\">5.0 \/ 5.0<\/td>\n<\/tr>\n<tr>\n<td style=\"width: 30.4957%;\"><strong>Puissance (CV)<\/strong><\/td>\n<td style=\"width: 68.8578%;\">30<\/td>\n<\/tr>\n<tr>\n<td style=\"width: 30.4957%;\"><strong>Entr\u00e9e nominale<\/strong><\/td>\n<td style=\"width: 68.8578%;\">540 tr\/min<\/td>\n<\/tr>\n<tr>\n<td style=\"width: 30.4957%;\"><strong>Description des entr\u00e9es\/sorties<\/strong><\/td>\n<td style=\"width: 68.8578%;\">Axe optique 1-3\/8 Z6<\/p>\n<p>Cannelure conique<\/td>\n<\/tr>\n<tr>\n<td style=\"width: 30.4957%;\"><strong>Poids (NW)<\/strong><\/td>\n<td style=\"width: 68.8578%;\">19 kg<\/td>\n<\/tr>\n<\/tbody>\n<\/table>\n<h2>Compatible avec les marques et mod\u00e8les suivants<\/h2>\n<p>Remplacement de la tondeuse de finition Comer : LF-205-J<\/p>\n<div class=\"rNotes\"><strong>R\u00e9f\u00e9rences crois\u00e9es\u00a0:<\/strong><\/div>\n<p><strong>Remplace :<\/strong>\u00a0ARRIVANT<strong><br \/>\n<\/strong>U9.135.808.10, U9.205.808.00, U913580810, 9.135.029.00, 913502900<\/p>\n<h3>Caract\u00e9ristiques de la bo\u00eete de vitesses d'une tondeuse agricole<\/h3>\n<p>Les bo\u00eetes de vitesses des tondeuses agricoles sont des composants essentiels qui permettent aux tondeuses rotatives de couper efficacement l'herbe, les mauvaises herbes et autres v\u00e9g\u00e9taux. Con\u00e7ues pour r\u00e9sister aux exigences rigoureuses des applications agricoles, elles garantissent un fonctionnement fluide et performant. Voici les principales caract\u00e9ristiques des bo\u00eetes de vitesses pour tondeuses agricoles\u00a0:<\/p>\n<h4>Transmission d&#039;\u00e9nergie efficace<\/h4>\n<p>La bo\u00eete de vitesses d'une tondeuse \u00e0 gazon joue un r\u00f4le essentiel dans la transmission de la puissance du moteur du tracteur aux lames. Elle garantit une rotation optimale des lames, avec un couple maximal, permettant une coupe efficace m\u00eame dans les herbes hautes ou denses. Une transmission de puissance ad\u00e9quate contribue \u00e0 une performance de coupe constante, r\u00e9duisant ainsi la sollicitation du moteur et am\u00e9liorant l'efficacit\u00e9 globale.<\/p>\n<h4>Construction durable<\/h4>\n<p>Les bo\u00eetes de vitesses des tondeuses agricoles sont con\u00e7ues pour r\u00e9sister \u00e0 une utilisation intensive dans des environnements difficiles. Fabriqu\u00e9es \u00e0 partir de mat\u00e9riaux de haute qualit\u00e9 tels que la fonte ou les alliages d'aluminium, elles r\u00e9sistent \u00e0 l'usure, \u00e0 la corrosion et aux chocs. Leur construction robuste leur permet de supporter les contraintes et les charges d'un fonctionnement continu et prolong\u00e9, ce qui am\u00e9liore leur fiabilit\u00e9 et leur dur\u00e9e de vie.<\/p>\n<h4>Fonctionnement fluide et vibrations r\u00e9duites<\/h4>\n<p>Une bo\u00eete de vitesses de tondeuse bien con\u00e7ue garantit un fonctionnement fluide en minimisant les vibrations et les contraintes m\u00e9caniques. Ce r\u00e9sultat est obtenu gr\u00e2ce \u00e0 une ing\u00e9nierie de pr\u00e9cision et \u00e0 l'utilisation de roulements, d'engrenages et d'une lubrification de haute qualit\u00e9. Un fonctionnement fluide prolonge non seulement la dur\u00e9e de vie de la bo\u00eete de vitesses, mais r\u00e9duit \u00e9galement l'usure des autres composants de la tondeuse, tels que les lames et le moteur.<\/p>\n<h4>Polyvalence dans les t\u00e2ches de tonte<\/h4>\n<p>Les bo\u00eetes de vitesses des tondeuses \u00e0 gazon sont polyvalentes et peuvent \u00eatre con\u00e7ues pour r\u00e9pondre \u00e0 divers besoins de tonte. Certaines offrent des vitesses r\u00e9glables, permettant diff\u00e9rents modes de coupe selon le type de v\u00e9g\u00e9tation ou le terrain. Les bo\u00eetes de vitesses \u00e0 plusieurs vitesses sont souvent privil\u00e9gi\u00e9es pour g\u00e9rer des t\u00e2ches vari\u00e9es, de la tonte du gazon au d\u00e9broussaillage de v\u00e9g\u00e9tation plus dense comme les mauvaises herbes et les broussailles.<\/p>\n<h4>Personnalisation pour des besoins sp\u00e9cifiques<\/h4>\n<p>De nombreux fabricants, dont FMP, proposent des bo\u00eetes de vitesses sur mesure pour tondeuses \u00e0 gazon, con\u00e7ues pour r\u00e9pondre aux besoins sp\u00e9cifiques de chaque client. Qu'il s'agisse d'ajuster la hauteur de coupe, de fournir un couple plus important pour les travaux plus exigeants ou d'int\u00e9grer la bo\u00eete de vitesses \u00e0 un syst\u00e8me de tondeuse plus complexe, les solutions personnalis\u00e9es garantissent un fonctionnement optimal de la bo\u00eete de vitesses avec l'ensemble de la machine.<\/p>\n<p>Les bo\u00eetes de vitesses des tondeuses agricoles sont con\u00e7ues pour offrir des performances fiables, efficaces et durables, m\u00eame dans des conditions difficiles. Leur robustesse, leur polyvalence et leur faible besoin d'entretien les rendent indispensables aux agriculteurs, aux paysagistes et aux professionnels de l'entretien des espaces verts qui exigent un mat\u00e9riel fiable pour l'entretien de vastes surfaces de gazon et de v\u00e9g\u00e9tation.<\/p>\n<p><img loading=\"lazy\" decoding=\"async\" class=\"alignnone wp-image-1961\" src=\"https:\/\/fmp-components.com\/wp-content\/uploads\/2024\/12\/Lawn-Mower-Gearbox-1.webp\" alt=\"Bo\u00eete de vitesses de tondeuse \u00e0 gazon\" width=\"943\" height=\"630\" title=\"\" srcset=\"https:\/\/fmp-components.com\/wp-content\/uploads\/2024\/12\/Lawn-Mower-Gearbox-1.webp 943w, https:\/\/fmp-components.com\/wp-content\/uploads\/2024\/12\/Lawn-Mower-Gearbox-1-480x321.webp 480w\" sizes=\"(min-width: 0px) and (max-width: 480px) 480px, (min-width: 481px) 943px, 100vw\" \/><\/p>\n<h3>\u00c0 propos de FMP<\/h3>\n<p>FMP est un fabricant italien de premier plan de r\u00e9ducteurs, sp\u00e9cialis\u00e9 dans la conception et la production de r\u00e9ducteurs pour machines agricoles. Forts d'une exigence de qualit\u00e9 et de pr\u00e9cision, nous proposons une large gamme de r\u00e9ducteurs, notamment pour tondeuses \u00e0 gazon, ainsi que des produits compl\u00e9mentaires tels que des arbres de prise de force. Notre objectif est d'offrir des solutions sur mesure aux march\u00e9s agricoles et industriels, r\u00e9pondant aux besoins sp\u00e9cifiques de nos clients gr\u00e2ce \u00e0 des produits individuels et des syst\u00e8mes complets.<\/p>\n<p>Chez FMP, nous savons que chaque client a des exigences sp\u00e9cifiques et nous sommes fiers de notre capacit\u00e9 \u00e0 personnaliser nos solutions pour y r\u00e9pondre. Que vous recherchiez une bo\u00eete de vitesses particuli\u00e8re ou une solution enti\u00e8rement int\u00e9gr\u00e9e, nous collaborons \u00e9troitement avec vous pour d\u00e9velopper les produits les plus performants. Notre engagement envers la satisfaction client se traduit par des r\u00e9ponses rapides et professionnelles \u00e0 vos demandes, garantissant ainsi \u00e0 chaque client les meilleurs conseils et le meilleur accompagnement.<\/p>\n<p>Nous privil\u00e9gions une communication ouverte et continue avec nos clients, notamment en mati\u00e8re de d\u00e9veloppement de nouveaux produits. Notre \u00e9quipe d'experts collabore \u00e9troitement avec eux afin de comprendre leurs enjeux et leur apporte une contribution pr\u00e9cieuse pour concevoir les solutions les plus efficaces. Qu'il s'agisse d'un nouveau projet ou d'une commande en cours, nous nous engageons \u00e0 fournir des produits de la plus haute qualit\u00e9, rapidement et efficacement.<\/p>\n<p>La qualit\u00e9 est au c\u0153ur de toutes nos activit\u00e9s. Notre strat\u00e9gie de production repose sur le principe \u00ab\u00a0exigence, pr\u00e9cision et z\u00e9ro d\u00e9faut\u00a0\u00bb. Nous appliquons des proc\u00e9dures de contr\u00f4le qualit\u00e9 rigoureuses afin de garantir que chaque produit livr\u00e9 r\u00e9ponde aux normes les plus \u00e9lev\u00e9es du secteur. Cette priorit\u00e9 accord\u00e9e \u00e0 la qualit\u00e9, conjugu\u00e9e \u00e0 notre engagement envers le travail d'\u00e9quipe, l'int\u00e9grit\u00e9 et la pers\u00e9v\u00e9rance, nous a permis de nouer des partenariats durables avec des clients dans pr\u00e8s de 30 pays.<\/p>\n<p>Nous invitons les clients du monde entier \u00e0 collaborer avec nous et nous sommes toujours pr\u00eats \u00e0 leur fournir des conseils d'experts et des solutions personnalis\u00e9es. Chez FMP, nous nous engageons \u00e0 relever vos d\u00e9fis techniques et \u00e0 contribuer \u00e0 votre r\u00e9ussite. Notre service ne se limite pas \u00e0 la fourniture de produits\u00a0; il s'agit de b\u00e2tir des relations qui m\u00e8nent \u00e0 un succ\u00e8s partag\u00e9.<\/p>\n<p><img loading=\"lazy\" decoding=\"async\" class=\"alignnone size-full wp-image-1861\" src=\"https:\/\/fmp-components.com\/wp-content\/uploads\/2024\/12\/Other-Agricultural-Gearboxes.webp\" sizes=\"(min-width: 0px) and (max-width: 480px) 480px, (min-width: 481px) and (max-width: 980px) 980px, (min-width: 981px) 1200px, 100vw\" srcset=\"https:\/\/fmp-components.com\/wp-content\/uploads\/2024\/12\/Other-Agricultural-Gearboxes.webp 1200w, https:\/\/fmp-components.com\/wp-content\/uploads\/2024\/12\/Other-Agricultural-Gearboxes-980x1143.webp 980w, https:\/\/fmp-components.com\/wp-content\/uploads\/2024\/12\/Other-Agricultural-Gearboxes-480x560.webp 480w\" alt=\"Autres changements agricoles\" width=\"1200\" height=\"1400\" title=\"\"><\/p>\n<p>Auteur : CX<\/p>","protected":false},"excerpt":{"rendered":"<p>Agricultural Lawnmower Gearbox Specifications: ITEM FMP-LF205 Ratio 1:1.93\/1:1.46 Teeth 23\/12 22\/15 Module 5.0 \/ 5.0 Power(HP) 30 Rated Input 540rpm Input\/Output Description 1-3\/8 Z6 Optic Axis Taper Spline Weight(N.W) 19KG Fits the Following Makes and Models Replacement of Comer FINISHING MOWER: LF-205-J Cross References: Replaces:\u00a0COMER U9.135.808.10, U9.205.808.00 , U913580810 , 9.135.029.00 , 913502900 Features of [&hellip;]<\/p>","protected":false},"featured_media":1960,"comment_status":"open","ping_status":"closed","template":"","meta":{"_et_pb_use_builder":"","_et_pb_old_content":"","_et_gb_content_width":""},"product_brand":[],"product_cat":[52],"product_tag":[],"class_list":{"0":"post-1956","1":"product","2":"type-product","3":"status-publish","4":"has-post-thumbnail","6":"product_cat-lawn-mower-gearbox","8":"first","9":"instock","10":"shipping-taxable","11":"product-type-simple"},"_links":{"self":[{"href":"https:\/\/fmp-components.com\/fr\/wp-json\/wp\/v2\/product\/1956","targetHints":{"allow":["GET"]}}],"collection":[{"href":"https:\/\/fmp-components.com\/fr\/wp-json\/wp\/v2\/product"}],"about":[{"href":"https:\/\/fmp-components.com\/fr\/wp-json\/wp\/v2\/types\/product"}],"replies":[{"embeddable":true,"href":"https:\/\/fmp-components.com\/fr\/wp-json\/wp\/v2\/comments?post=1956"}],"wp:featuredmedia":[{"embeddable":true,"href":"https:\/\/fmp-components.com\/fr\/wp-json\/wp\/v2\/media\/1960"}],"wp:attachment":[{"href":"https:\/\/fmp-components.com\/fr\/wp-json\/wp\/v2\/media?parent=1956"}],"wp:term":[{"taxonomy":"product_brand","embeddable":true,"href":"https:\/\/fmp-components.com\/fr\/wp-json\/wp\/v2\/product_brand?post=1956"},{"taxonomy":"product_cat","embeddable":true,"href":"https:\/\/fmp-components.com\/fr\/wp-json\/wp\/v2\/product_cat?post=1956"},{"taxonomy":"product_tag","embeddable":true,"href":"https:\/\/fmp-components.com\/fr\/wp-json\/wp\/v2\/product_tag?post=1956"}],"curies":[{"name":"wp","href":"https:\/\/api.w.org\/{rel}","templated":true}]}}