{"id":1952,"date":"2024-12-26T02:38:39","date_gmt":"2024-12-26T02:38:39","guid":{"rendered":"https:\/\/fmp-components.com\/?page_id=8"},"modified":"2024-12-26T02:54:44","modified_gmt":"2024-12-26T02:54:44","slug":"rotary-mower-gearbox-replacement-of-comer-code-t-305j","status":"publish","type":"product","link":"https:\/\/fmp-components.com\/fr\/product\/rotary-mower-gearbox-replacement-of-comer-code-t-305j\/","title":{"rendered":"Bo\u00eete de vitesses pour tondeuse rotative \u2013 Remplacement du mod\u00e8le Comer Code T-305J"},"content":{"rendered":"<p><img loading=\"lazy\" decoding=\"async\" class=\"size-full wp-image-1955 aligncenter\" src=\"https:\/\/fmp-components.com\/wp-content\/uploads\/2024\/12\/rotary-mower-gearbox-t305j.webp\" alt=\"bo\u00eete de vitesses pour tondeuse rotative t305j\" width=\"300\" height=\"300\" title=\"\" srcset=\"https:\/\/fmp-components.com\/wp-content\/uploads\/2024\/12\/rotary-mower-gearbox-t305j.webp 300w, https:\/\/fmp-components.com\/wp-content\/uploads\/2024\/12\/rotary-mower-gearbox-t305j-150x150.webp 150w, https:\/\/fmp-components.com\/wp-content\/uploads\/2024\/12\/rotary-mower-gearbox-t305j-12x12.webp 12w, https:\/\/fmp-components.com\/wp-content\/uploads\/2024\/12\/rotary-mower-gearbox-t305j-100x100.webp 100w\" sizes=\"(max-width: 300px) 100vw, 300px\" \/><\/p>\n<h2>Sp\u00e9cifications de la bo\u00eete de vitesses de la tondeuse rotative T-305J<\/h2>\n<p><img loading=\"lazy\" decoding=\"async\" class=\"alignnone wp-image-1954\" src=\"https:\/\/fmp-components.com\/wp-content\/uploads\/2024\/12\/rotary-mower-gearbox-specifications-t305j.webp\" alt=\"Sp\u00e9cifications de la bo\u00eete de vitesses de la tondeuse rotative T305J\" width=\"932\" height=\"785\" title=\"\" srcset=\"https:\/\/fmp-components.com\/wp-content\/uploads\/2024\/12\/rotary-mower-gearbox-specifications-t305j.webp 932w, https:\/\/fmp-components.com\/wp-content\/uploads\/2024\/12\/rotary-mower-gearbox-specifications-t305j-480x404.webp 480w\" sizes=\"(min-width: 0px) and (max-width: 480px) 480px, (min-width: 481px) 932px, 100vw\" \/><\/p>\n<table style=\"width: 101.273%; height: 159px;\" border=\"1\">\n<tbody>\n<tr>\n<td rowspan=\"2\"><strong>je<\/strong><\/td>\n<td rowspan=\"2\"><strong>N<sub>1<\/sub>[tr\/min]<\/strong><\/td>\n<td rowspan=\"2\"><strong>P<sub>1<\/sub>[kW]<\/strong><\/td>\n<td rowspan=\"2\"><strong>M<sub>2<\/sub>[Nm]<\/strong><\/td>\n<td colspan=\"3\"><strong>Type d'arbre<\/strong><\/td>\n<td rowspan=\"2\"><strong>Saisir<\/strong><\/td>\n<\/tr>\n<tr>\n<td><strong>X<\/strong><\/td>\n<td><strong>Oui<\/strong><\/td>\n<td><strong>Z<\/strong><\/td>\n<\/tr>\n<tr>\n<td>1.35<\/td>\n<td>540<\/td>\n<td>183.8<\/td>\n<td>2335<\/td>\n<td>\u201d 3\/4 Z20<\/td>\n<td>1\u201d 3\/4 Z20<\/td>\n<td>\u201d 3\/4 Z20<\/td>\n<td>X<\/td>\n<\/tr>\n<tr>\n<td>1.20<\/td>\n<td>1000<\/td>\n<td>183.8<\/td>\n<td>2043<\/td>\n<td>\u201d 3\/4 Z20<\/td>\n<td>\u201d 3\/4 Z20<\/td>\n<td>\u201d 3\/4 Z20<\/td>\n<td>X<\/td>\n<\/tr>\n<tr>\n<td>1.35<\/td>\n<td>1000<\/td>\n<td>183.8<\/td>\n<td>2298<\/td>\n<td>\u201d 3\/4 Z20<\/td>\n<td>\u201d 3\/4 Z20<\/td>\n<td>\u201d 3\/4 Z20<\/td>\n<td>X<\/td>\n<\/tr>\n<\/tbody>\n<\/table>\n<h3>Caract\u00e9ristiques de la bo\u00eete de vitesses de la tondeuse rotative<\/h3>\n<h4>1. Transmission d'\u00e9nergie efficace<\/h4>\n<p>La bo\u00eete de vitesses joue un r\u00f4le essentiel dans la transmission de la puissance du moteur du tracteur aux lames de la tondeuse. Cette transmission efficace garantit une vitesse et un couple de rotation optimaux, permettant ainsi \u00e0 la tondeuse de tondre l'herbe et les autres v\u00e9g\u00e9taux en douceur. La capacit\u00e9 de la bo\u00eete de vitesses \u00e0 maintenir un transfert de puissance constant assure une tonte efficace m\u00eame dans des conditions difficiles, comme une herbe dense ou un terrain accident\u00e9.<\/p>\n<h4>2. Durabilit\u00e9 et long\u00e9vit\u00e9<\/h4>\n<p>Les bo\u00eetiers d'engrenages pour tondeuses rotatives sont con\u00e7us pour r\u00e9sister \u00e0 une utilisation intensive et \u00e0 des conditions difficiles. Fabriqu\u00e9s \u00e0 partir de mat\u00e9riaux de haute qualit\u00e9 comme la fonte, l'acier ou les alliages d'aluminium, ils offrent une r\u00e9sistance \u00e0 l'usure, \u00e0 la corrosion et \u00e0 la fatigue. Cette construction robuste assure un fonctionnement efficace sur de longues p\u00e9riodes, r\u00e9duisant ainsi les r\u00e9parations ou remplacements fr\u00e9quents et garantissant une utilisation fiable et durable.<\/p>\n<h4>3. Besoins de maintenance r\u00e9duits<\/h4>\n<p>Gr\u00e2ce \u00e0 leur conception robuste et \u00e0 leurs composants internes performants, les bo\u00eetes d'engrenages pour tondeuses rotatives n\u00e9cessitent moins d'entretien que les autres syst\u00e8mes d'entra\u00eenement. L'utilisation de mat\u00e9riaux et d'une lubrification de qualit\u00e9 minimise les frottements et l'usure, diminuant ainsi la fr\u00e9quence des r\u00e9parations et des remplacements. Il en r\u00e9sulte des co\u00fbts d'exploitation r\u00e9duits et une disponibilit\u00e9 accrue de la tondeuse, ce qui en fait une option plus \u00e9conomique pour les petites et grandes exploitations.<\/p>\n<h4>4. Performances de coupe am\u00e9lior\u00e9es<\/h4>\n<p>Le bo\u00eetier d'engrenages de pr\u00e9cision garantit un fonctionnement optimal des lames \u00e0 la vitesse et au couple ad\u00e9quats, pour une coupe nette et uniforme \u00e0 chaque fois. Qu'il s'agisse d'herbe, de mauvaises herbes ou de petits broussailles, le bo\u00eetier d'engrenages permet \u00e0 la tondeuse de g\u00e9rer plus efficacement la v\u00e9g\u00e9tation dense et les terrains accident\u00e9s. Cette performance de coupe constante est particuli\u00e8rement avantageuse pour les travaux d'am\u00e9nagement paysager et agricoles, o\u00f9 la qualit\u00e9 des r\u00e9sultats est primordiale.<\/p>\n<h4>5. Polyvalence et personnalisation<\/h4>\n<p>Les bo\u00eetes de vitesses pour tondeuses rotatives sont disponibles dans une vari\u00e9t\u00e9 de configurations, notamment des mod\u00e8les \u00e0 une ou plusieurs vitesses, pour s'adapter \u00e0 diff\u00e9rentes applications. De nombreux fabricants, dont FMP, proposent des options de personnalisation permettant d'adapter la bo\u00eete de vitesses \u00e0 des t\u00e2ches sp\u00e9cifiques, comme le r\u00e9glage de la hauteur de coupe ou l'ajout d'un couple suppl\u00e9mentaire pour les conditions de tonte difficiles. Cette flexibilit\u00e9 rend la bo\u00eete de vitesses adapt\u00e9e \u00e0 un large \u00e9ventail de secteurs, de l'agriculture \u00e0 l'am\u00e9nagement paysager municipal.<\/p>\n<p>Le bo\u00eetier d'engrenages de tondeuse rotative est un composant essentiel qui am\u00e9liore consid\u00e9rablement les performances, la fiabilit\u00e9 et la rentabilit\u00e9 de votre \u00e9quipement de tonte. En transf\u00e9rant efficacement la puissance, en r\u00e9duisant les besoins d'entretien et en am\u00e9liorant les performances de coupe, ces bo\u00eetiers assurent un fonctionnement optimal dans les applications agricoles, industrielles et paysag\u00e8res. Qu'il s'agisse d'entretien courant des pelouses ou de travaux agricoles exigeants, un bo\u00eetier d'engrenages de haute qualit\u00e9 est essentiel pour garantir un fonctionnement fluide et efficace de la tondeuse.<\/p>\n<p><img loading=\"lazy\" decoding=\"async\" class=\"alignnone  wp-image-1951\" src=\"https:\/\/fmp-components.com\/wp-content\/uploads\/2024\/12\/Rotary-Mower-Gearbox-211.webp\" alt=\"Bo\u00eete de vitesses pour tondeuse rotative\" width=\"923\" height=\"692\" title=\"\" srcset=\"https:\/\/fmp-components.com\/wp-content\/uploads\/2024\/12\/Rotary-Mower-Gearbox-211.webp 923w, https:\/\/fmp-components.com\/wp-content\/uploads\/2024\/12\/Rotary-Mower-Gearbox-211-480x360.webp 480w\" sizes=\"(min-width: 0px) and (max-width: 480px) 480px, (min-width: 481px) 923px, 100vw\" \/><\/p>\n<h3>\u00c0 propos de FMP<\/h3>\n<p>Bas\u00e9e en Italie, FMP est une entreprise innovante de premier plan dans la conception, le d\u00e9veloppement et la fabrication de bo\u00eetes de vitesses, de r\u00e9ducteurs et de machines d'ing\u00e9nierie de haute qualit\u00e9. Ax\u00e9e sur le d\u00e9veloppement des talents, l'innovation continue et l'excellence, FMP s'est impos\u00e9e comme une r\u00e9f\u00e9rence dans le secteur de la construction m\u00e9canique, b\u00e9n\u00e9ficiant d'une reconnaissance locale et internationale.<\/p>\n<p><strong>Vaste gamme de produits<\/strong><\/p>\n<p>FMP propose une gamme diversifi\u00e9e de produits d'ing\u00e9nierie de pr\u00e9cision, notamment :<\/p>\n<ul>\n<li>R\u00e9ducteurs \u00e0 engrenages coniques spiro-coniques<\/li>\n<li>Bo\u00eetes de vitesses \u00e0 engrenages droits<\/li>\n<li>R\u00e9ducteurs \u00e0 vis sans fin<\/li>\n<li>Bo\u00eetes de vitesses cylindriques<\/li>\n<li>Corps et bo\u00eetiers de vannes moul\u00e9s sous haute pression<\/li>\n<\/ul>\n<p>Chacun de ces produits est m\u00e9ticuleusement con\u00e7u pour r\u00e9pondre aux normes de performance et de fiabilit\u00e9 les plus \u00e9lev\u00e9es dans une large gamme d'applications industrielles.<\/p>\n<p><strong>Applications \u00e9tendues dans tous les secteurs<\/strong><\/p>\n<p>Les produits FMP s'adressent \u00e0 divers secteurs d'activit\u00e9 et offrent des solutions polyvalentes pour les besoins industriels et agricoles. Parmi les principales applications\u00a0:<\/p>\n<ul>\n<li><strong>Agriculture:<\/strong> Les bo\u00eetes de vitesses FMP sont utilis\u00e9es dans des machines telles que les tondeuses rotatives, les balayeuses \u00e0 neige, les \u00e9pandeurs d'engrais et les convoyeurs \u00e0 grains.<\/li>\n<li><strong>\u00c9quipement industriel:<\/strong> Les bo\u00eetes de vitesses et composants de FMP prennent \u00e9galement en charge les machines dans des secteurs tels que l'extraction p\u00e9troli\u00e8re, les applications marines et les projets d'ing\u00e9nierie hydraulique.<\/li>\n<\/ul>\n<p>Cette large gamme d\u2019applications d\u00e9montre la capacit\u00e9 de FMP \u00e0 fournir des solutions sur mesure qui am\u00e9liorent l\u2019efficacit\u00e9 et la productivit\u00e9 dans diff\u00e9rents secteurs.<\/p>\n<p><strong>Capacit\u00e9s de fabrication avanc\u00e9es<\/strong><\/p>\n<p>Le processus de fabrication de FMP allie technologie de pointe et savoir-faire artisanal. Chaque produit est fabriqu\u00e9 selon une s\u00e9rie d'\u00e9tapes rigoureuses\u00a0:<\/p>\n<ul>\n<li><strong>Conception du produit :<\/strong> Des sp\u00e9cifications personnalis\u00e9es sont \u00e9labor\u00e9es, y compris la s\u00e9lection des types de bo\u00eetes de vitesses, des mat\u00e9riaux et des dimensions.<\/li>\n<li><strong>S\u00e9lection des mat\u00e9riaux :<\/strong> FMP utilise des mat\u00e9riaux de haute qualit\u00e9 comme la fonte et les alliages d'aluminium pour garantir la durabilit\u00e9 et des performances optimales.<\/li>\n<li><strong>Usinage de pr\u00e9cision :<\/strong> Des techniques de pointe telles que le tournage et le fraisage sont utilis\u00e9es pour fabriquer des composants avec une grande pr\u00e9cision.<\/li>\n<li><strong>Assembl\u00e9e:<\/strong> Les composants tels que les engrenages, les roulements et les arbres sont m\u00e9ticuleusement assembl\u00e9s dans le bo\u00eetier pour assurer un alignement et une lubrification appropri\u00e9s.<\/li>\n<li><strong>Traitement thermique :<\/strong> Les bo\u00eetes de vitesses subissent un traitement thermique pour am\u00e9liorer la r\u00e9sistance et la r\u00e9sistance \u00e0 l'usure, garantissant ainsi une durabilit\u00e9 \u00e0 long terme.<\/li>\n<li><strong>Traitement de surface :<\/strong> Des proc\u00e9d\u00e9s tels que le polissage et le rev\u00eatement en poudre sont utilis\u00e9s pour am\u00e9liorer l'esth\u00e9tique et la r\u00e9sistance \u00e0 la corrosion des bo\u00eetes de vitesses.<\/li>\n<li><strong>Contr\u00f4le de qualit\u00e9:<\/strong> FMP adh\u00e8re \u00e0 des normes de contr\u00f4le qualit\u00e9 strictes, effectuant des inspections et des tests approfondis pour garantir que chaque produit r\u00e9pond aux crit\u00e8res de performance requis.<\/li>\n<\/ul>\n<p><strong>R\u00e9putation de l'industrie<\/strong><\/p>\n<p>L'engagement de FMP envers la qualit\u00e9, l'innovation et la satisfaction client lui a valu une solide r\u00e9putation de partenaire de confiance dans le secteur manufacturier. Son approche allie technologie de pointe et savoir-faire artisanal pour offrir une valeur ajout\u00e9e durable \u00e0 ses clients. FMP continue de repousser les limites de l'innovation tout en maintenant son cap sur la fiabilit\u00e9 et l'excellence.<\/p>\n<p><strong>Devenez notre partenaire<\/strong><\/p>\n<p>FMP est toujours ouvert aux opportunit\u00e9s de collaboration avec des clients et partenaires internationaux. Que vous recherchiez des produits de haute qualit\u00e9 ou des solutions sur mesure, nous nous engageons \u00e0 vous fournir l'expertise et le service n\u00e9cessaires pour r\u00e9pondre \u00e0 vos besoins sp\u00e9cifiques. Pour plus d'informations ou pour explorer des partenariats potentiels, veuillez nous contacter par t\u00e9l\u00e9phone ou par e-mail. Nous sommes impatients de collaborer avec vous pour vous proposer des solutions performantes et adapt\u00e9es \u00e0 vos besoins.<\/p>\n<p><img loading=\"lazy\" decoding=\"async\" class=\"alignnone size-full wp-image-1861\" src=\"https:\/\/fmp-components.com\/wp-content\/uploads\/2024\/12\/Other-Agricultural-Gearboxes.webp\" alt=\"Autres bo\u00eetes de vitesses agricoles\" width=\"1200\" height=\"1400\" title=\"\" srcset=\"https:\/\/fmp-components.com\/wp-content\/uploads\/2024\/12\/Other-Agricultural-Gearboxes.webp 1200w, https:\/\/fmp-components.com\/wp-content\/uploads\/2024\/12\/Other-Agricultural-Gearboxes-980x1143.webp 980w, https:\/\/fmp-components.com\/wp-content\/uploads\/2024\/12\/Other-Agricultural-Gearboxes-480x560.webp 480w\" sizes=\"(min-width: 0px) and (max-width: 480px) 480px, (min-width: 481px) and (max-width: 980px) 980px, (min-width: 981px) 1200px, 100vw\" \/><\/p>\n<p>Auteur : CX<\/p>","protected":false},"excerpt":{"rendered":"<p>Specifications of\u00a0Rotary Mower Gearbox\u00a0T-305J i N1[rpm] P1[kW] M2[Nm] Shaft Type Input X Y Z 1.35 540 183.8 2335 &#8221; 3\/4 Z20 1&#8221; 3\/4 Z20 &#8221; 3\/4 Z20 X 1.20 1000 183.8 2043 &#8221; 3\/4 Z20 &#8221; 3\/4 Z20 &#8221; 3\/4 Z20 X 1.35 1000 183.8 2298 &#8221; 3\/4 Z20 &#8221; 3\/4 Z20 &#8221; 3\/4 Z20 [&hellip;]<\/p>","protected":false},"featured_media":1955,"comment_status":"open","ping_status":"closed","template":"","meta":{"_et_pb_use_builder":"","_et_pb_old_content":"","_et_gb_content_width":""},"product_brand":[],"product_cat":[51],"product_tag":[],"class_list":{"0":"post-1952","1":"product","2":"type-product","3":"status-publish","4":"has-post-thumbnail","6":"product_cat-rotary-mower-gearbox","8":"first","9":"instock","10":"shipping-taxable","11":"product-type-simple"},"_links":{"self":[{"href":"https:\/\/fmp-components.com\/fr\/wp-json\/wp\/v2\/product\/1952","targetHints":{"allow":["GET"]}}],"collection":[{"href":"https:\/\/fmp-components.com\/fr\/wp-json\/wp\/v2\/product"}],"about":[{"href":"https:\/\/fmp-components.com\/fr\/wp-json\/wp\/v2\/types\/product"}],"replies":[{"embeddable":true,"href":"https:\/\/fmp-components.com\/fr\/wp-json\/wp\/v2\/comments?post=1952"}],"wp:featuredmedia":[{"embeddable":true,"href":"https:\/\/fmp-components.com\/fr\/wp-json\/wp\/v2\/media\/1955"}],"wp:attachment":[{"href":"https:\/\/fmp-components.com\/fr\/wp-json\/wp\/v2\/media?parent=1952"}],"wp:term":[{"taxonomy":"product_brand","embeddable":true,"href":"https:\/\/fmp-components.com\/fr\/wp-json\/wp\/v2\/product_brand?post=1952"},{"taxonomy":"product_cat","embeddable":true,"href":"https:\/\/fmp-components.com\/fr\/wp-json\/wp\/v2\/product_cat?post=1952"},{"taxonomy":"product_tag","embeddable":true,"href":"https:\/\/fmp-components.com\/fr\/wp-json\/wp\/v2\/product_tag?post=1952"}],"curies":[{"name":"wp","href":"https:\/\/api.w.org\/{rel}","templated":true}]}}