{"id":1943,"date":"2024-12-26T02:18:14","date_gmt":"2024-12-26T02:18:14","guid":{"rendered":"https:\/\/fmp-components.com\/?page_id=8"},"modified":"2024-12-26T02:21:11","modified_gmt":"2024-12-26T02:21:11","slug":"rotary-mower-gearbox-replacement-of-comer-code-tf-285b","status":"publish","type":"product","link":"https:\/\/fmp-components.com\/fr\/product\/rotary-mower-gearbox-replacement-of-comer-code-tf-285b\/","title":{"rendered":"Bo\u00eete de vitesses pour tondeuse rotative \u2013 Remplacement du mod\u00e8le Comer Code TF-285B"},"content":{"rendered":"<p><img loading=\"lazy\" decoding=\"async\" class=\"size-full wp-image-1946 aligncenter\" src=\"https:\/\/fmp-components.com\/wp-content\/uploads\/2024\/12\/rotary-mower-gearbox-tf285b.webp\" alt=\"bo\u00eete de vitesses de tondeuse rotative\" width=\"300\" height=\"300\" title=\"\" srcset=\"https:\/\/fmp-components.com\/wp-content\/uploads\/2024\/12\/rotary-mower-gearbox-tf285b.webp 300w, https:\/\/fmp-components.com\/wp-content\/uploads\/2024\/12\/rotary-mower-gearbox-tf285b-150x150.webp 150w, https:\/\/fmp-components.com\/wp-content\/uploads\/2024\/12\/rotary-mower-gearbox-tf285b-12x12.webp 12w, https:\/\/fmp-components.com\/wp-content\/uploads\/2024\/12\/rotary-mower-gearbox-tf285b-100x100.webp 100w\" sizes=\"(max-width: 300px) 100vw, 300px\" \/><\/p>\n<h2>Sp\u00e9cifications de la bo\u00eete de vitesses pour tondeuse rotative TF-285B<\/h2>\n<p><img loading=\"lazy\" decoding=\"async\" class=\"alignnone size-full wp-image-1944\" src=\"https:\/\/fmp-components.com\/wp-content\/uploads\/2024\/12\/rotary-mower-gearbox-specifications-tf285b.webp\" alt=\"bo\u00eete de vitesses de tondeuse rotative\" width=\"851\" height=\"449\" title=\"\" srcset=\"https:\/\/fmp-components.com\/wp-content\/uploads\/2024\/12\/rotary-mower-gearbox-specifications-tf285b.webp 851w, https:\/\/fmp-components.com\/wp-content\/uploads\/2024\/12\/rotary-mower-gearbox-specifications-tf285b-480x253.webp 480w\" sizes=\"(min-width: 0px) and (max-width: 480px) 480px, (min-width: 481px) 851px, 100vw\" \/><\/p>\n<table style=\"width: 91.8919%; height: 108px;\" border=\"1\">\n<tbody>\n<tr>\n<td rowspan=\"2\"><strong>je<\/strong><\/td>\n<td rowspan=\"2\"><strong>N<sub>1<\/sub>[tr\/min]<\/strong><\/td>\n<td rowspan=\"2\"><strong>P<sub>1<\/sub>[kW]<\/strong><\/td>\n<td rowspan=\"2\"><strong>M<sub>2<\/sub>[Nm]<\/strong><\/td>\n<td colspan=\"3\"><strong>Type d'arbre<\/strong><\/td>\n<td rowspan=\"2\"><strong>Saisir<\/strong><\/td>\n<\/tr>\n<tr>\n<td><strong>X<\/strong><\/td>\n<td><strong>Oui<\/strong><\/td>\n<td><strong>Z<\/strong><\/td>\n<\/tr>\n<tr>\n<td>1.86<\/td>\n<td>1000<\/td>\n<td>91.9<\/td>\n<td>709<\/td>\n<td>1\u201d 3\/8 Z21<\/td>\n<td>1\u201d 3\/4 Z20<\/td>\n<td>Connexion au concentrateur<\/td>\n<td>Oui<\/td>\n<\/tr>\n<\/tbody>\n<\/table>\n<h2>Avantages de la bo\u00eete de vitesses de la tondeuse rotative<\/h2>\n<p>Les tondeuses rotatives \u00e9quip\u00e9es d'un bo\u00eetier d'engrenages de haute qualit\u00e9 offrent de nombreux avantages, ce qui en fait un outil essentiel pour l'am\u00e9nagement paysager, l'agriculture et l'entretien des espaces verts. Ces avantages d\u00e9coulent de la capacit\u00e9 du bo\u00eetier d'engrenages \u00e0 transf\u00e9rer efficacement la puissance, \u00e0 r\u00e9duire l'usure et \u00e0 am\u00e9liorer les performances globales de la tondeuse. Voici quelques avantages cl\u00e9s de l'utilisation d'un bo\u00eetier d'engrenages pour tondeuses rotatives\u00a0:<\/p>\n<ol>\n<li><strong>Transmission d&#039;\u00e9nergie efficace<\/strong><br \/>\nLe bo\u00eetier d'engrenages d'une tondeuse rotative joue un r\u00f4le crucial dans la transmission de la puissance du moteur du tracteur aux lames. Cette transmission efficace garantit une vitesse et un couple de rotation optimaux, permettant \u00e0 la tondeuse de tondre efficacement, m\u00eame dans des conditions difficiles. Ceci est particuli\u00e8rement important pour les grandes exploitations o\u00f9 la r\u00e9gularit\u00e9 et l'efficacit\u00e9 sont essentielles.<\/li>\n<li><strong>Durabilit\u00e9 et long\u00e9vit\u00e9<\/strong><br \/>\nLes bo\u00eetes de vitesses pour tondeuses rotatives sont con\u00e7ues pour r\u00e9sister \u00e0 une utilisation intensive et \u00e0 des conditions difficiles. De construction robuste, souvent fabriqu\u00e9es \u00e0 partir de mat\u00e9riaux de haute qualit\u00e9 comme la fonte ou les alliages d'aluminium, ces bo\u00eetes de vitesses r\u00e9sistent \u00e0 l'usure, \u00e0 la corrosion et aux contraintes. Cette durabilit\u00e9 garantit un fonctionnement fluide et prolong\u00e9, r\u00e9duisant ainsi les r\u00e9parations et les remplacements fr\u00e9quents.<\/li>\n<li><strong>Co\u00fbts de maintenance et d'exploitation r\u00e9duits<\/strong><br \/>\nGr\u00e2ce \u00e0 leur conception robuste et \u00e0 leur transmission de puissance efficace, les bo\u00eetes d'engrenages pour tondeuses rotatives n\u00e9cessitent moins d'entretien que les autres types d'entra\u00eenements. Une lubrification ad\u00e9quate des composants internes, tels que les engrenages et les roulements, contribue \u00e0 minimiser les frottements, l'usure et la surchauffe, ce qui se traduit par une r\u00e9duction des co\u00fbts d'exploitation et des interventions de maintenance. Cela se traduit par une disponibilit\u00e9 accrue et moins d'interruptions pour r\u00e9paration.<\/li>\n<li><strong>Performances de coupe am\u00e9lior\u00e9es<\/strong><br \/>\nUn bo\u00eetier d'engrenages bien con\u00e7u garantit que les lames de la tondeuse atteignent la vitesse et le couple ad\u00e9quats, pour une coupe nette et uniforme. Qu'il s'agisse d'herbe, de mauvaises herbes ou de petits broussailles, le bo\u00eetier d'engrenages garantit des performances de coupe sup\u00e9rieures, m\u00eame dans des conditions difficiles. Il permet \u00e0 la tondeuse de g\u00e9rer plus efficacement la v\u00e9g\u00e9tation dense et dense et les terrains accident\u00e9s.<\/li>\n<li><strong>Polyvalence et personnalisation<\/strong><br \/>\nLes bo\u00eetes de vitesses pour tondeuses rotatives sont disponibles en diff\u00e9rentes configurations, notamment \u00e0 une ou plusieurs vitesses, offrant une grande flexibilit\u00e9 pour diff\u00e9rentes applications. De nombreux fabricants, dont FMP, proposent des solutions personnalis\u00e9es pour r\u00e9pondre \u00e0 des exigences de performance sp\u00e9cifiques, comme le r\u00e9glage de la hauteur de coupe ou l'ajout d'un couple suppl\u00e9mentaire pour les travaux de tonte difficiles. Cette polyvalence permet aux bo\u00eetes de vitesses de convenir \u00e0 un large \u00e9ventail de secteurs, de l'agriculture \u00e0 l'am\u00e9nagement paysager municipal.<\/li>\n<li><strong>Caract\u00e9ristiques de s\u00e9curit\u00e9<\/strong><br \/>\nDe nombreuses bo\u00eetes de vitesses de tondeuses rotatives sont \u00e9quip\u00e9es de dispositifs de s\u00e9curit\u00e9, tels que des embrayages \u00e0 roue libre ou des m\u00e9canismes de d\u00e9brayage, qui pr\u00e9viennent tout dommage \u00e0 la bo\u00eete de vitesses et aux lames de la tondeuse lorsque le moteur est arr\u00eat\u00e9. Ces dispositifs contribuent \u00e9galement \u00e0 prot\u00e9ger l'op\u00e9rateur des accidents et \u00e0 r\u00e9duire le risque de panne m\u00e9canique.<\/li>\n<li><strong>Compact et facile \u00e0 installer<\/strong><br \/>\nLes bo\u00eetes de vitesses pour tondeuses rotatives sont g\u00e9n\u00e9ralement con\u00e7ues pour \u00eatre compactes et faciles \u00e0 installer sur diff\u00e9rents types de tondeuses et de machines. Leur conception garantit non seulement une transmission de puissance efficace, mais aussi une int\u00e9gration ais\u00e9e \u00e0 diff\u00e9rents syst\u00e8mes, ce qui en fait un excellent choix pour les constructeurs OEM comme pour les utilisateurs finaux.<\/li>\n<\/ol>\n<p>En conclusion, le bo\u00eetier d'engrenages des tondeuses rotatives est un composant essentiel qui am\u00e9liore les performances, la fiabilit\u00e9 et la rentabilit\u00e9 des \u00e9quipements de tonte. Sa capacit\u00e9 \u00e0 transf\u00e9rer efficacement la puissance, \u00e0 r\u00e9duire la maintenance et \u00e0 am\u00e9liorer les performances de coupe en fait un \u00e9l\u00e9ment indispensable des tondeuses rotatives modernes utilis\u00e9es dans les applications agricoles, industrielles et paysag\u00e8res.<\/p>\n<p><img loading=\"lazy\" decoding=\"async\" class=\"alignnone size-full wp-image-1940\" src=\"https:\/\/fmp-components.com\/wp-content\/uploads\/2024\/12\/Rotary-Mower-Gearbox23.webp\" alt=\"Bo\u00eete de vitesses de tondeuse rotative\" width=\"1000\" height=\"1000\" title=\"\" srcset=\"https:\/\/fmp-components.com\/wp-content\/uploads\/2024\/12\/Rotary-Mower-Gearbox23.webp 1000w, https:\/\/fmp-components.com\/wp-content\/uploads\/2024\/12\/Rotary-Mower-Gearbox23-980x980.webp 980w, https:\/\/fmp-components.com\/wp-content\/uploads\/2024\/12\/Rotary-Mower-Gearbox23-480x480.webp 480w\" sizes=\"(min-width: 0px) and (max-width: 480px) 480px, (min-width: 481px) and (max-width: 980px) 980px, (min-width: 981px) 1000px, 100vw\" \/><\/p>\n<h3>\u00c0 propos de FMP<\/h3>\n<p>Bas\u00e9e en Italie, FMP est une entreprise innovante de premier plan dans la recherche, le d\u00e9veloppement et la fabrication de bo\u00eetes de vitesses, de r\u00e9ducteurs et de machines d'ing\u00e9nierie. Reconnue pour son engagement envers la qualit\u00e9, l'am\u00e9lioration continue et le d\u00e9veloppement des talents, FMP jouit d'une renomm\u00e9e locale et internationale. Forte d'une solide r\u00e9putation dans le secteur de l'ing\u00e9nierie m\u00e9canique, l'entreprise est un partenaire de confiance dans de nombreux secteurs.<\/p>\n<p>FMP propose une vaste gamme de produits hautes performances, notamment des r\u00e9ducteurs \u00e0 couple conique, des r\u00e9ducteurs \u00e0 engrenages droits, des r\u00e9ducteurs \u00e0 vis sans fin, des r\u00e9ducteurs cylindriques, ainsi que des corps et bo\u00eetiers de vannes moul\u00e9s haute pression. Ces produits sont con\u00e7us avec pr\u00e9cision pour r\u00e9pondre aux divers besoins des applications industrielles et agricoles, offrant fiabilit\u00e9 et durabilit\u00e9.<\/p>\n<p>Les bo\u00eetes de vitesses et composants de l'entreprise sont utilis\u00e9s dans de nombreux secteurs, tels que l'agriculture, l'extraction p\u00e9troli\u00e8re, les syst\u00e8mes marins et l'ing\u00e9nierie hydraulique. Dans l'agriculture, FMP \u00e9quipe des machines essentielles comme les tondeuses rotatives, les balayeuses \u00e0 neige, les \u00e9pandeurs d'engrais et les convoyeurs \u00e0 grains. Cette large gamme d'applications souligne la polyvalence de FMP et sa capacit\u00e9 \u00e0 proposer des solutions am\u00e9liorant l'efficacit\u00e9 op\u00e9rationnelle dans tous les secteurs.<\/p>\n<p>Le processus de fabrication de FMP repose sur des techniques avanc\u00e9es et des normes de contr\u00f4le qualit\u00e9 rigoureuses. De la conception \u00e0 l'assemblage final, chaque pi\u00e8ce est fabriqu\u00e9e avec des mat\u00e9riaux haut de gamme tels que la fonte et les alliages d'aluminium. Des m\u00e9thodes d'usinage de pr\u00e9cision garantissent une grande pr\u00e9cision, tandis que des inspections rigoureuses garantissent fiabilit\u00e9 et performance \u00e0 long terme. L'accent mis par FMP sur la qualit\u00e9, l'alignement et la r\u00e9sistance \u00e0 l'usure garantit que ses produits continuent de r\u00e9pondre aux normes les plus strictes.<\/p>\n<p>Entreprise avant-gardiste, FMP s'engage \u00e0 satisfaire ses clients et \u00e0 innover en permanence. Ouverte aux partenariats internationaux, elle propose des solutions sur mesure adapt\u00e9es \u00e0 leurs besoins. Pour en savoir plus sur les produits FMP ou explorer des opportunit\u00e9s de collaboration, les partenaires potentiels peuvent facilement la contacter par t\u00e9l\u00e9phone ou par e-mail, confirmant ainsi l'engagement de FMP envers un service exceptionnel et des solutions de haute qualit\u00e9.<\/p>\n<p><img loading=\"lazy\" decoding=\"async\" class=\"alignnone size-full wp-image-1861\" src=\"https:\/\/fmp-components.com\/wp-content\/uploads\/2024\/12\/Other-Agricultural-Gearboxes.webp\" alt=\"Autres bo\u00eetes de vitesses agricoles\" width=\"1200\" height=\"1400\" title=\"\" srcset=\"https:\/\/fmp-components.com\/wp-content\/uploads\/2024\/12\/Other-Agricultural-Gearboxes.webp 1200w, https:\/\/fmp-components.com\/wp-content\/uploads\/2024\/12\/Other-Agricultural-Gearboxes-980x1143.webp 980w, https:\/\/fmp-components.com\/wp-content\/uploads\/2024\/12\/Other-Agricultural-Gearboxes-480x560.webp 480w\" sizes=\"(min-width: 0px) and (max-width: 480px) 480px, (min-width: 481px) and (max-width: 980px) 980px, (min-width: 981px) 1200px, 100vw\" \/><\/p>\n<p>Auteur : CX<\/p>\n<p>&nbsp;<\/p>","protected":false},"excerpt":{"rendered":"<p>Rotary Mower Gearbox\u00a0TF-285B Specifications i N1[rpm] P1[kW] M2[Nm] Shaft Type Input X Y Z 1.86 1000 91.9 709 1&#8221; 3\/8 Z21 1&#8221; 3\/4 Z20 Hub connection Y Advantages of Rotary Mower Gearbox Rotary mowers equipped with a high-quality gearbox offer numerous advantages, making them an essential tool for landscaping, agriculture, and grounds maintenance. These advantages [&hellip;]<\/p>","protected":false},"featured_media":1946,"comment_status":"open","ping_status":"closed","template":"","meta":{"_et_pb_use_builder":"","_et_pb_old_content":"","_et_gb_content_width":""},"product_brand":[],"product_cat":[51],"product_tag":[],"class_list":{"0":"post-1943","1":"product","2":"type-product","3":"status-publish","4":"has-post-thumbnail","6":"product_cat-rotary-mower-gearbox","8":"first","9":"instock","10":"shipping-taxable","11":"product-type-simple"},"_links":{"self":[{"href":"https:\/\/fmp-components.com\/fr\/wp-json\/wp\/v2\/product\/1943","targetHints":{"allow":["GET"]}}],"collection":[{"href":"https:\/\/fmp-components.com\/fr\/wp-json\/wp\/v2\/product"}],"about":[{"href":"https:\/\/fmp-components.com\/fr\/wp-json\/wp\/v2\/types\/product"}],"replies":[{"embeddable":true,"href":"https:\/\/fmp-components.com\/fr\/wp-json\/wp\/v2\/comments?post=1943"}],"wp:featuredmedia":[{"embeddable":true,"href":"https:\/\/fmp-components.com\/fr\/wp-json\/wp\/v2\/media\/1946"}],"wp:attachment":[{"href":"https:\/\/fmp-components.com\/fr\/wp-json\/wp\/v2\/media?parent=1943"}],"wp:term":[{"taxonomy":"product_brand","embeddable":true,"href":"https:\/\/fmp-components.com\/fr\/wp-json\/wp\/v2\/product_brand?post=1943"},{"taxonomy":"product_cat","embeddable":true,"href":"https:\/\/fmp-components.com\/fr\/wp-json\/wp\/v2\/product_cat?post=1943"},{"taxonomy":"product_tag","embeddable":true,"href":"https:\/\/fmp-components.com\/fr\/wp-json\/wp\/v2\/product_tag?post=1943"}],"curies":[{"name":"wp","href":"https:\/\/api.w.org\/{rel}","templated":true}]}}