{"id":1915,"date":"2024-12-26T00:50:23","date_gmt":"2024-12-26T00:50:23","guid":{"rendered":"https:\/\/fmp-components.com\/?page_id=8"},"modified":"2024-12-26T00:50:23","modified_gmt":"2024-12-26T00:50:23","slug":"rotary-mower-gearbox-replacement-of-comer-code-lf-139a","status":"publish","type":"product","link":"https:\/\/fmp-components.com\/fr\/product\/rotary-mower-gearbox-replacement-of-comer-code-lf-139a\/","title":{"rendered":"Bo\u00eete de vitesses pour tondeuse rotative \u2013 Remplacement du code Comer LF-139A"},"content":{"rendered":"<h2>Sp\u00e9cifications de la bo\u00eete de vitesses pour tondeuse rotative LF-139A<\/h2>\n<p><img loading=\"lazy\" decoding=\"async\" class=\"alignnone size-full wp-image-1920\" src=\"https:\/\/fmp-components.com\/wp-content\/uploads\/2024\/12\/rotary-mower-gearbox-specification-1.webp\" alt=\"sp\u00e9cifications de la bo\u00eete de vitesses d&#039;une tondeuse rotative\" width=\"947\" height=\"492\" title=\"\" srcset=\"https:\/\/fmp-components.com\/wp-content\/uploads\/2024\/12\/rotary-mower-gearbox-specification-1.webp 947w, https:\/\/fmp-components.com\/wp-content\/uploads\/2024\/12\/rotary-mower-gearbox-specification-1-480x249.webp 480w\" sizes=\"(min-width: 0px) and (max-width: 480px) 480px, (min-width: 481px) 947px, 100vw\" \/><\/p>\n<table style=\"width: 100%; height: 137px;\" border=\"1\" width=\"100%\" cellspacing=\"0\" cellpadding=\"0\">\n<tbody>\n<tr style=\"height: 23px;\">\n<td style=\"height: 46px;\" rowspan=\"2\"><strong>je<\/strong><\/td>\n<td style=\"height: 46px;\" rowspan=\"2\"><strong>N<sub>1<\/sub>[tr\/min]<\/strong><\/td>\n<td style=\"height: 46px;\" rowspan=\"2\"><strong>P<sub>1<\/sub>[kW]<\/strong><\/td>\n<td style=\"height: 46px;\" rowspan=\"2\"><strong>M<sub>2<\/sub>[Nm]<\/strong><\/td>\n<td style=\"height: 23px;\" colspan=\"2\"><strong>Type d'arbre<\/strong><\/td>\n<td style=\"height: 46px;\" rowspan=\"2\"><strong>Saisir<\/strong><\/td>\n<\/tr>\n<tr style=\"height: 23px;\">\n<td style=\"height: 23px;\"><strong>X<\/strong><\/td>\n<td style=\"height: 23px;\"><strong>Z<\/strong><\/td>\n<\/tr>\n<tr style=\"height: 68px;\">\n<td style=\"height: 68px;\">1.50<\/td>\n<td style=\"height: 68px;\">540<\/td>\n<td style=\"height: 68px;\">66<\/td>\n<td style=\"height: 68px;\">755<\/td>\n<td style=\"height: 68px;\">1\u201d 3\/8 Z6<\/p>\n<p>1\u201d 3\/4 Z20<\/td>\n<td style=\"height: 68px;\">Connexion au concentrateur<\/td>\n<td style=\"height: 68px;\">X<\/td>\n<\/tr>\n<tr style=\"height: 23px;\">\n<td style=\"height: 23px;\">1.20<\/td>\n<td style=\"height: 23px;\">1000<\/td>\n<td style=\"height: 23px;\">66<\/td>\n<td style=\"height: 23px;\">509<\/td>\n<td style=\"height: 23px;\">1\u201d 3\/4 Z20<\/td>\n<td style=\"height: 23px;\">Connexion au concentrateur<\/td>\n<td style=\"height: 23px;\">X<\/td>\n<\/tr>\n<\/tbody>\n<\/table>\n<h3>Inspection et entretien de la bo\u00eete de vitesses d'une tondeuse rotative<\/h3>\n<ol>\n<li><strong>Contr\u00f4le du niveau d'huile (pour les bo\u00eetes de vitesses avec bouchons de niveau d'huile)<\/strong> Il est essentiel de v\u00e9rifier r\u00e9guli\u00e8rement le niveau d'huile de la bo\u00eete de vitesses de la tondeuse rotative pour assurer une lubrification optimale. Commencez par v\u00e9rifier que le niveau d'huile est correct et que la qualit\u00e9 de l'huile est satisfaisante. Si le niveau d'huile est bas, faites l'appoint avec l'huile recommand\u00e9e. Apr\u00e8s la v\u00e9rification, remettez fermement le bouchon de niveau d'huile en place pour \u00e9viter toute fuite ou contamination.<\/li>\n<li><strong>Remplacement de l'huile<\/strong> La vidange de l'huile de bo\u00eete de vitesses est essentielle au bon fonctionnement et \u00e0 la long\u00e9vit\u00e9 du v\u00e9hicule. Effectuez toujours la vidange lorsque la bo\u00eete de vitesses est \u00e0 temp\u00e9rature de fonctionnement afin d'assurer une vidange compl\u00e8te. Avant de commencer, coupez l'alimentation \u00e9lectrique pour \u00e9viter tout risque d'\u00e9lectrocution. Une fois la bo\u00eete de vitesses refroidie et manipulable en toute s\u00e9curit\u00e9, la viscosit\u00e9 de l'huile augmente, ce qui rend la vidange plus difficile. Laissez donc la bo\u00eete de vitesses refroidir compl\u00e8tement avant de retirer le bouchon de vidange et de proc\u00e9der \u00e0 la vidange. Utilisez l'huile recommand\u00e9e par le constructeur pour des performances optimales.<\/li>\n<li><strong>Inspection du niveau d'huile<\/strong> Pour v\u00e9rifier le niveau d'huile de la bo\u00eete de vitesses, assurez-vous d'abord que l'alimentation est coup\u00e9e afin d'\u00e9viter tout risque d'\u00e9lectrocution. Attendez que la bo\u00eete de vitesses refroidisse, puis retirez le bouchon de niveau d'huile pour en v\u00e9rifier le niveau. Si le niveau est bas, faites l'appoint en suivant les instructions du fabricant. Une fois le niveau d'huile correct, refermez soigneusement le bouchon pour \u00e9viter toute fuite pendant le fonctionnement.<\/li>\n<li><strong>Inspection de la qualit\u00e9 du p\u00e9trole<\/strong> Un contr\u00f4le r\u00e9gulier de la qualit\u00e9 de l'huile est essentiel pour d\u00e9tecter tout signe de contamination ou de d\u00e9gradation. Apr\u00e8s avoir coup\u00e9 l'alimentation et laiss\u00e9 la bo\u00eete de vitesses refroidir, retirez le bouchon de vidange et pr\u00e9levez un \u00e9chantillon d'huile. V\u00e9rifiez l'absence de d\u00e9coloration, de turbidit\u00e9 ou de pr\u00e9sence de particules. Si l'huile est trouble ou pr\u00e9sente des signes d'usure excessive, il est crucial de la remplacer imm\u00e9diatement afin d'\u00e9viter d'endommager la bo\u00eete de vitesses. Le contr\u00f4le de l'indice de viscosit\u00e9 et des autres propri\u00e9t\u00e9s de l'huile garantit un fonctionnement optimal et minimise les risques de panne de la bo\u00eete de vitesses.<\/li>\n<\/ol>\n<h2>Arbres de prise de force et bo\u00eetes de vitesses de tondeuses rotatives<\/h2>\n<p>Lors du choix d'un arbre de prise de force (PDF) pour une bo\u00eete de vitesses de tondeuse rotative, plusieurs facteurs cl\u00e9s doivent \u00eatre pris en compte pour garantir un fonctionnement optimal et une longue dur\u00e9e de vie. Il faut d'abord v\u00e9rifier que la longueur de l'arbre de PDF est adapt\u00e9e \u00e0 la configuration. Mesurez la distance entre le centre de la cannelure de la PDF sur le tracteur et le centre de la cannelure d'entr\u00e9e sur la bo\u00eete de vitesses pour assurer un alignement correct.<\/p>\n<p>Le diam\u00e8tre de l'arbre de prise de force doit correspondre \u00e0 la puissance du tracteur et au couple requis par la bo\u00eete de vitesses. Ces informations figurent g\u00e9n\u00e9ralement dans les sp\u00e9cifications du constructeur, qui vous guideront dans le choix du diam\u00e8tre d'arbre appropri\u00e9. L'utilisation d'un arbre de prise de force de diam\u00e8tre inadapt\u00e9 peut entra\u00eener un fonctionnement inefficace, une usure excessive, voire une panne m\u00e9canique.<\/p>\n<p>Outre le choix de la taille appropri\u00e9e, il est important d'inspecter r\u00e9guli\u00e8rement l'arbre de prise de force afin de d\u00e9tecter tout signe d'usure, de dommage ou de d\u00e9salignement. V\u00e9rifiez l'absence de fissures, de d\u00e9formations ou de pertes excessives de lubrification, et assurez-vous que les fixations sont bien serr\u00e9es. Un entretien r\u00e9gulier permet de pr\u00e9venir les temps d'arr\u00eat et garantit le fonctionnement s\u00fbr et efficace de l'arbre de prise de force et du r\u00e9ducteur de la tondeuse rotative.<\/p>\n<p>FMP propose une gamme de r\u00e9ducteurs pour faucheuses rotatives et d'arbres de prise de force, notamment le mod\u00e8le LF 139A, ainsi que de nombreux autres produits haute performance con\u00e7us pour les applications agricoles. Un entretien r\u00e9gulier et le choix des composants adapt\u00e9s optimiseront l'efficacit\u00e9 et la dur\u00e9e de vie de votre mat\u00e9riel, simplifiant et r\u00e9duisant les co\u00fbts d'entretien des terres.<\/p>\n<p><img loading=\"lazy\" decoding=\"async\" class=\"alignnone size-full wp-image-1921\" src=\"https:\/\/fmp-components.com\/wp-content\/uploads\/2024\/12\/pto-and-rotary-mower-gearbox-1.webp\" alt=\"bo\u00eete de vitesses de prise de force et de tondeuse rotative\" width=\"920\" height=\"690\" title=\"\" srcset=\"https:\/\/fmp-components.com\/wp-content\/uploads\/2024\/12\/pto-and-rotary-mower-gearbox-1.webp 920w, https:\/\/fmp-components.com\/wp-content\/uploads\/2024\/12\/pto-and-rotary-mower-gearbox-1-480x360.webp 480w\" sizes=\"(min-width: 0px) and (max-width: 480px) 480px, (min-width: 481px) 920px, 100vw\" \/><\/p>\n<h3>\u00c0 propos de FMP<\/h3>\n<p>FMP, entreprise italienne de premier plan, est reconnue pour son expertise dans la recherche, le d\u00e9veloppement et la fabrication de r\u00e9ducteurs, de bo\u00eetes de vitesses et de machines-outils. Forte de son engagement envers l'innovation, la qualit\u00e9 et le d\u00e9veloppement des talents, FMP s'est impos\u00e9e comme un acteur majeur de l'industrie m\u00e9canique. Son d\u00e9vouement \u00e0 l'am\u00e9lioration continue et \u00e0 l'excellence lui a valu une solide r\u00e9putation sur les march\u00e9s nationaux et internationaux.<\/p>\n<p><strong>Gamme de produits compl\u00e8te<\/strong><\/p>\n<p>FMP propose une gamme diversifi\u00e9e de produits haute performance con\u00e7us pour r\u00e9pondre aux besoins de diff\u00e9rents secteurs industriels. Son portefeuille de produits comprend\u00a0:<\/p>\n<ul>\n<li>R\u00e9ducteurs \u00e0 engrenages coniques spiro-coniques<\/li>\n<li>Bo\u00eetes de vitesses \u00e0 engrenages droits<\/li>\n<li>R\u00e9ducteurs \u00e0 vis sans fin<\/li>\n<li>Bo\u00eetes de vitesses cylindriques<\/li>\n<li>Corps et bo\u00eetiers de vannes moul\u00e9s sous haute pression<\/li>\n<\/ul>\n<p>Chaque produit est con\u00e7u avec pr\u00e9cision, garantissant des performances fiables et efficaces. Qu'il s'agisse d'applications industrielles intensives ou d'applications sp\u00e9cialis\u00e9es, les r\u00e9ducteurs et composants FMP sont con\u00e7us pour offrir des r\u00e9sultats optimaux.<\/p>\n<p><strong>Applications \u00e9tendues dans tous les secteurs<\/strong><\/p>\n<p>La polyvalence des produits FMP les rend adapt\u00e9s \u00e0 un large \u00e9ventail de secteurs industriels. Dans le secteur agricole, leurs r\u00e9ducteurs alimentent des machines essentielles telles que les faucheuses rotatives, les balayeuses \u00e0 neige, les \u00e9pandeurs d'engrais et les convoyeurs \u00e0 grains. Outre l'agriculture, FMP fournit des composants de machines industrielles pour des applications dans l'extraction p\u00e9troli\u00e8re, les syst\u00e8mes maritimes et les projets d'ing\u00e9nierie hydraulique. Cette large gamme d'utilisations t\u00e9moigne de l'adaptabilit\u00e9 et de l'attrait g\u00e9n\u00e9ral des produits FMP.<\/p>\n<p><strong>Excellence en fabrication avanc\u00e9e<\/strong><\/p>\n<p>L'engagement de FMP envers la qualit\u00e9 se manifeste dans ses proc\u00e9d\u00e9s de fabrication de pointe. De la conception initiale \u00e0 l'assemblage final, chaque produit est fabriqu\u00e9 avec pr\u00e9cision. L'entreprise utilise exclusivement des mat\u00e9riaux haut de gamme, tels que la fonte et les alliages d'aluminium, pour garantir durabilit\u00e9 et performance. Des techniques d'usinage avanc\u00e9es, notamment le tournage et le fraisage, sont employ\u00e9es pour fabriquer chaque composant selon des normes rigoureuses. Le processus d'assemblage est ax\u00e9 sur un alignement et une lubrification optimaux pour un fonctionnement fluide, tandis que les traitements thermiques et les rev\u00eatements de surface am\u00e9liorent la r\u00e9sistance, la durabilit\u00e9 et l'esth\u00e9tique. Des proc\u00e9dures de contr\u00f4le qualit\u00e9 strictes garantissent que chaque produit r\u00e9pond aux normes de performance les plus exigeantes en mati\u00e8re de stabilit\u00e9, de fiabilit\u00e9 et de long\u00e9vit\u00e9.<\/p>\n<p><strong>R\u00e9putation dans l'industrie et partenariats mondiaux<\/strong><\/p>\n<p>L'engagement de FMP \u00e0 fournir des produits de qualit\u00e9 sup\u00e9rieure et un service client exceptionnel lui a valu une r\u00e9putation remarquable dans le secteur manufacturier. Son succ\u00e8s continu repose sur son savoir-faire, son esprit d'innovation et la satisfaction de ses clients. FMP est ouverte aux partenariats internationaux et s'engage \u00e0 proposer des solutions personnalis\u00e9es r\u00e9pondant aux besoins sp\u00e9cifiques de ses clients \u00e0 travers le monde. Pour plus d'informations sur ses produits et services, les partenaires potentiels peuvent facilement contacter FMP par t\u00e9l\u00e9phone ou par e-mail, ce qui t\u00e9moigne de l'engagement de l'entreprise envers l'excellence au service du client.<\/p>\n<p><img loading=\"lazy\" decoding=\"async\" class=\"alignnone size-full wp-image-1861\" src=\"https:\/\/fmp-components.com\/wp-content\/uploads\/2024\/12\/Other-Agricultural-Gearboxes.webp\" sizes=\"(min-width: 0px) and (max-width: 480px) 480px, (min-width: 481px) and (max-width: 980px) 980px, (min-width: 981px) 1200px, 100vw\" srcset=\"https:\/\/fmp-components.com\/wp-content\/uploads\/2024\/12\/Other-Agricultural-Gearboxes.webp 1200w, https:\/\/fmp-components.com\/wp-content\/uploads\/2024\/12\/Other-Agricultural-Gearboxes-980x1143.webp 980w, https:\/\/fmp-components.com\/wp-content\/uploads\/2024\/12\/Other-Agricultural-Gearboxes-480x560.webp 480w\" alt=\"Autres bo\u00eetes de vitesses agricoles\" width=\"1200\" height=\"1400\" title=\"\"><\/p>\n<p>Auteur : CX<\/p>","protected":false},"excerpt":{"rendered":"<p>Rotary Mower Gearbox LF-139A\u00a0Specifications i N1[rpm] P1[kW] M2[Nm] Shaft Type Input X Z 1.50 540 66 755 1&#8221; 3\/8 Z6 1&#8221; 3\/4 Z20 Hub connection X 1.20 1000 66 509 1&#8221; 3\/4 Z20 Hub connection X Rotary Mower Gearbox Inspection and Maintenance Oil Level Check (For Gearboxes with Oil Level Plugs) It is essential to [&hellip;]<\/p>","protected":false},"featured_media":1922,"comment_status":"open","ping_status":"closed","template":"","meta":{"_et_pb_use_builder":"","_et_pb_old_content":"","_et_gb_content_width":""},"product_brand":[],"product_cat":[51],"product_tag":[],"class_list":{"0":"post-1915","1":"product","2":"type-product","3":"status-publish","4":"has-post-thumbnail","6":"product_cat-rotary-mower-gearbox","8":"first","9":"instock","10":"shipping-taxable","11":"product-type-simple"},"_links":{"self":[{"href":"https:\/\/fmp-components.com\/fr\/wp-json\/wp\/v2\/product\/1915","targetHints":{"allow":["GET"]}}],"collection":[{"href":"https:\/\/fmp-components.com\/fr\/wp-json\/wp\/v2\/product"}],"about":[{"href":"https:\/\/fmp-components.com\/fr\/wp-json\/wp\/v2\/types\/product"}],"replies":[{"embeddable":true,"href":"https:\/\/fmp-components.com\/fr\/wp-json\/wp\/v2\/comments?post=1915"}],"wp:featuredmedia":[{"embeddable":true,"href":"https:\/\/fmp-components.com\/fr\/wp-json\/wp\/v2\/media\/1922"}],"wp:attachment":[{"href":"https:\/\/fmp-components.com\/fr\/wp-json\/wp\/v2\/media?parent=1915"}],"wp:term":[{"taxonomy":"product_brand","embeddable":true,"href":"https:\/\/fmp-components.com\/fr\/wp-json\/wp\/v2\/product_brand?post=1915"},{"taxonomy":"product_cat","embeddable":true,"href":"https:\/\/fmp-components.com\/fr\/wp-json\/wp\/v2\/product_cat?post=1915"},{"taxonomy":"product_tag","embeddable":true,"href":"https:\/\/fmp-components.com\/fr\/wp-json\/wp\/v2\/product_tag?post=1915"}],"curies":[{"name":"wp","href":"https:\/\/api.w.org\/{rel}","templated":true}]}}