{"id":1910,"date":"2024-12-26T00:29:38","date_gmt":"2024-12-26T00:29:38","guid":{"rendered":"https:\/\/fmp-components.com\/?page_id=8"},"modified":"2024-12-26T00:48:00","modified_gmt":"2024-12-26T00:48:00","slug":"rotary-mower-gearboxes-replacement-of-comer-code-lf-149b-11","status":"publish","type":"product","link":"https:\/\/fmp-components.com\/fr\/product\/rotary-mower-gearboxes-replacement-of-comer-code-lf-149b-11\/","title":{"rendered":"Bo\u00eetes de vitesses pour tondeuses rotatives \u2013 Remplacement du code Comer LF-149B 1:1"},"content":{"rendered":"<p><img loading=\"lazy\" decoding=\"async\" class=\"alignnone size-full wp-image-1918\" src=\"https:\/\/fmp-components.com\/wp-content\/uploads\/2024\/12\/Rotary-Mower-Gearbox19.webp\" alt=\"Bo\u00eete de vitesses de tondeuse rotative\" width=\"773\" height=\"766\" title=\"\" srcset=\"https:\/\/fmp-components.com\/wp-content\/uploads\/2024\/12\/Rotary-Mower-Gearbox19.webp 773w, https:\/\/fmp-components.com\/wp-content\/uploads\/2024\/12\/Rotary-Mower-Gearbox19-480x476.webp 480w\" sizes=\"(min-width: 0px) and (max-width: 480px) 480px, (min-width: 481px) 773px, 100vw\" \/><\/p>\n<h2>Sp\u00e9cifications de la bo\u00eete de vitesses pour tondeuse rotative LF-149B (1:1)<\/h2>\n<p><img loading=\"lazy\" decoding=\"async\" class=\"alignnone size-full wp-image-1917\" src=\"https:\/\/fmp-components.com\/wp-content\/uploads\/2024\/12\/Rotary-Mower-Gearbox-LF-149B-Specifications.webp\" alt=\"Sp\u00e9cifications de la bo\u00eete de vitesses pour tondeuse rotative LF-149B\" width=\"1307\" height=\"872\" title=\"\" srcset=\"https:\/\/fmp-components.com\/wp-content\/uploads\/2024\/12\/Rotary-Mower-Gearbox-LF-149B-Specifications.webp 1307w, https:\/\/fmp-components.com\/wp-content\/uploads\/2024\/12\/Rotary-Mower-Gearbox-LF-149B-Specifications-1280x854.webp 1280w, https:\/\/fmp-components.com\/wp-content\/uploads\/2024\/12\/Rotary-Mower-Gearbox-LF-149B-Specifications-980x654.webp 980w, https:\/\/fmp-components.com\/wp-content\/uploads\/2024\/12\/Rotary-Mower-Gearbox-LF-149B-Specifications-480x320.webp 480w\" sizes=\"(min-width: 0px) and (max-width: 480px) 480px, (min-width: 481px) and (max-width: 980px) 980px, (min-width: 981px) and (max-width: 1280px) 1280px, (min-width: 1281px) 1307px, 100vw\" \/><\/p>\n<p><img loading=\"lazy\" decoding=\"async\" class=\"alignnone size-full wp-image-1916\" src=\"https:\/\/fmp-components.com\/wp-content\/uploads\/2024\/12\/Rotary-Mower-Gearbox-LF-149B-Specifications-1.webp\" alt=\"Sp\u00e9cifications de la bo\u00eete de vitesses pour tondeuse rotative LF-149B\" width=\"1331\" height=\"316\" title=\"\" srcset=\"https:\/\/fmp-components.com\/wp-content\/uploads\/2024\/12\/Rotary-Mower-Gearbox-LF-149B-Specifications-1.webp 1331w, https:\/\/fmp-components.com\/wp-content\/uploads\/2024\/12\/Rotary-Mower-Gearbox-LF-149B-Specifications-1-1280x304.webp 1280w, https:\/\/fmp-components.com\/wp-content\/uploads\/2024\/12\/Rotary-Mower-Gearbox-LF-149B-Specifications-1-980x233.webp 980w, https:\/\/fmp-components.com\/wp-content\/uploads\/2024\/12\/Rotary-Mower-Gearbox-LF-149B-Specifications-1-480x114.webp 480w\" sizes=\"(min-width: 0px) and (max-width: 480px) 480px, (min-width: 481px) and (max-width: 980px) 980px, (min-width: 981px) and (max-width: 1280px) 1280px, (min-width: 1281px) 1331px, 100vw\" \/><\/p>\n<table class=\"kh-1xzm1su\" border=\"1\" cellspacing=\"0\" cellpadding=\"0\" data-intent=\"lists-product-attributes\" data-test-id=\"attributes-list\">\n<tbody class=\"kh-1ago99h\">\n<tr id=\"alexis#custom#item-id\" class=\"kh-bwvum6\" data-test-id=\"attribute-row\">\n<th class=\"kh-10oizfy\">Description du produit<\/th>\n<td class=\"kh-1f5nhat\">\n<div class=\"kh-pkx4zo\">Bo\u00eetes de vitesses pour tondeuses rotatives \u2013 Remplacement de la bo\u00eete de vitesses Comer LF-149B 1:1<\/div>\n<\/td>\n<\/tr>\n<tr id=\"attProductDetails\" class=\"kh-bwvum6\" data-test-id=\"attribute-row\">\n<th class=\"kh-10oizfy\">D\u00e9tails du produit<\/th>\n<td class=\"kh-1f5nhat\">\n<ul>\n<li class=\"kh-16zd49f\">Toutes les bo\u00eetes de vitesses sont fournies sans huile.<\/li>\n<li class=\"kh-16zd49f\">Premi\u00e8re vidange d&#039;huile apr\u00e8s 50 \u00e0 70 heures de fonctionnement, puis apr\u00e8s 500 \u00e0 700 heures de fonctionnement ou au moins une fois par an.<\/li>\n<li class=\"kh-16zd49f\">Contactez-nous pour une alimentation \u00e0 un r\u00e9gime diff\u00e9rent.<\/li>\n<\/ul>\n<\/td>\n<\/tr>\n<tr id=\"taMaxInputPowerKw\" class=\"kh-bwvum6\" data-test-id=\"attribute-row\">\n<th class=\"kh-10oizfy\">Puissance d'entr\u00e9e max.<\/th>\n<td class=\"kh-1f5nhat\">\n<div class=\"kh-pkx4zo\">47 kW<\/div>\n<\/td>\n<\/tr>\n<tr id=\"taContainsOil\" class=\"kh-bwvum6\" data-test-id=\"attribute-row\">\n<th class=\"kh-10oizfy\">Contient de l&#039;huile<\/th>\n<td class=\"kh-1f5nhat\">\n<div class=\"kh-pkx4zo\">Non<\/div>\n<\/td>\n<\/tr>\n<tr id=\"taMaxOilCapacityL\" class=\"kh-bwvum6\" data-test-id=\"attribute-row\">\n<th class=\"kh-10oizfy\">Capacit\u00e9 d&#039;huile maximale<\/th>\n<td class=\"kh-1f5nhat\">\n<div class=\"kh-pkx4zo\">0,8 l<\/div>\n<\/td>\n<\/tr>\n<tr id=\"taMaxOilChangeIntervalH\" class=\"kh-bwvum6\" data-test-id=\"attribute-row\">\n<th class=\"kh-10oizfy\">Intervalle maximal de vidange d&#039;huile<\/th>\n<td class=\"kh-1f5nhat\">\n<div class=\"kh-pkx4zo\">500 h<\/div>\n<\/td>\n<\/tr>\n<tr id=\"taOilSAEViscosityGrade\" class=\"kh-bwvum6\" data-test-id=\"attribute-row\">\n<th class=\"kh-10oizfy\">Grade de viscosit\u00e9 de l&#039;huile SAE<\/th>\n<td class=\"kh-1f5nhat\">\n<div class=\"kh-pkx4zo\">80W-90<\/div>\n<\/td>\n<\/tr>\n<tr id=\"taHousingMaterial_16\" class=\"kh-bwvum6\" data-test-id=\"attribute-row\">\n<th class=\"kh-10oizfy\">Mat\u00e9riau du bo\u00eetier<\/th>\n<td class=\"kh-1f5nhat\">\n<div class=\"kh-pkx4zo\">Fonte GGG40<\/div>\n<\/td>\n<\/tr>\n<tr id=\"taWeightKg_75\" class=\"kh-bwvum6\" data-test-id=\"attribute-row\">\n<th class=\"kh-10oizfy\">Poids<\/th>\n<td class=\"kh-1f5nhat\">\n<div class=\"kh-pkx4zo\">33,4 kg<\/div>\n<\/td>\n<\/tr>\n<tr id=\"taGearArrangementInc\" class=\"kh-bwvum6\" data-test-id=\"attribute-row\">\n<th class=\"kh-10oizfy\">Disposition des engrenages Croissante<\/th>\n<td class=\"kh-1f5nhat\">\n<div class=\"kh-pkx4zo\">3<\/div>\n<\/td>\n<\/tr>\n<tr id=\"taGearRatio\" class=\"kh-bwvum6\" data-test-id=\"attribute-row\">\n<th class=\"kh-10oizfy\">Rapport de d\u00e9multiplication<\/th>\n<td class=\"kh-1f5nhat\">\n<div class=\"kh-pkx4zo\">1:1<\/div>\n<\/td>\n<\/tr>\n<tr id=\"taInputPowerKwHpInc\" class=\"kh-bwvum6\" data-test-id=\"attribute-row\">\n<th class=\"kh-10oizfy\">Puissance d&#039;entr\u00e9e kW \/ CV Croissante<\/th>\n<td class=\"kh-1f5nhat\">\n<div class=\"kh-pkx4zo\">47 \/ 55 kW\/ch<\/div>\n<\/td>\n<\/tr>\n<tr id=\"taInputShaftIncreasi\" class=\"kh-bwvum6\" data-test-id=\"attribute-row\">\n<th class=\"kh-10oizfy\">Arbre d&#039;entr\u00e9e croissant<\/th>\n<td class=\"kh-1f5nhat\">\n<div class=\"kh-pkx4zo\">Z<\/div>\n<\/td>\n<\/tr>\n<tr id=\"taNSOutputTorqueDaNm_1\" class=\"kh-bwvum6\" data-test-id=\"attribute-row\">\n<th class=\"kh-10oizfy\">Couple de sortie DaNm croissant<\/th>\n<td class=\"kh-1f5nhat\">\n<div class=\"kh-pkx4zo\">81 daNm<\/div>\n<\/td>\n<\/tr>\n<tr id=\"taRatioIncreasing\" class=\"kh-bwvum6\" data-test-id=\"attribute-row\">\n<th class=\"kh-10oizfy\">Ratio croissant<\/th>\n<td class=\"kh-1f5nhat\">\n<div class=\"kh-pkx4zo\">1: 1<\/div>\n<\/td>\n<\/tr>\n<tr id=\"taRatioReducing\" class=\"kh-bwvum6\" data-test-id=\"attribute-row\">\n<th class=\"kh-10oizfy\">R\u00e9duction du rapport<\/th>\n<td class=\"kh-1f5nhat\">\n<div class=\"kh-pkx4zo\">1: 1<\/div>\n<\/td>\n<\/tr>\n<tr id=\"taShaftX\" class=\"kh-bwvum6\" data-test-id=\"attribute-row\">\n<th class=\"kh-10oizfy\">Arbre Z<\/th>\n<td class=\"kh-1f5nhat\">\n<div class=\"kh-pkx4zo\">1 3\/8&#8243; (21)<\/div>\n<\/td>\n<\/tr>\n<\/tbody>\n<\/table>\n<h3>Arbre de prise de force agricole et bo\u00eete de vitesses de tondeuse rotative<\/h3>\n<p>L'arbre de prise de force (PDF) agricole est un composant m\u00e9canique essentiel qui permet de transmettre la puissance du moteur du tracteur \u00e0 divers outils qui y sont rattach\u00e9s, comme les bo\u00eetes de vitesses des faucheuses rotatives. Cet arbre est directement reli\u00e9 \u00e0 la sortie du moteur du tracteur, transmettant ainsi la puissance et le couple \u00e0 l'\u00e9quipement auquel il est connect\u00e9. Ceci assure le fonctionnement efficace des machines agricoles lourdes, telles que les faucheuses, les motoculteurs et autres outils agricoles.<\/p>\n<p>La bo\u00eete de vitesses de la tondeuse rotative joue un r\u00f4le essentiel dans le processus de tonte en convertissant la rotation \u00e0 grande vitesse de la prise de force en une rotation plus lente, mais \u00e0 couple \u00e9lev\u00e9, n\u00e9cessaire \u00e0 l'actionnement des lames. Cette transformation permet aux lames de g\u00e9n\u00e9rer la force n\u00e9cessaire pour couper efficacement l'herbe dense et la v\u00e9g\u00e9tation. En augmentant le couple et en r\u00e9duisant la vitesse, la bo\u00eete de vitesses optimise la puissance transmise par le moteur, assurant ainsi une tonte fluide et performante.<\/p>\n<p>L'association d'une prise de force agricole et d'une bo\u00eete de vitesses de tondeuse rotative est une m\u00e9thode courante pour l'entretien de vastes surfaces, telles que les exploitations agricoles, les p\u00e2turages et les champs. Ce syst\u00e8me offre une solution performante et efficace pour la tonte de grandes \u00e9tendues de terrain, facilitant ainsi la gestion des propri\u00e9t\u00e9s par les agriculteurs, les paysagistes et les propri\u00e9taires fonciers.<\/p>\n<h3>Comment \u00e7a marche\u00a0:<\/h3>\n<p>Pour faire fonctionner le syst\u00e8me de prise de force et de bo\u00eete de vitesses de la tondeuse rotative, l'arbre de prise de force est d'abord connect\u00e9 \u00e0 la sortie de prise de force du tracteur. L'autre extr\u00e9mit\u00e9 de l'arbre est fix\u00e9e \u00e0 l'entr\u00e9e de la bo\u00eete de vitesses de la tondeuse rotative. Une fois enclench\u00e9e, la prise de force transmet la puissance de rotation \u00e0 la bo\u00eete de vitesses. Celle-ci augmente alors le couple tout en r\u00e9duisant la vitesse de rotation, ce qui entra\u00eene les lames de la tondeuse \u00e0 la vitesse optimale de coupe. Les lames, tournant rapidement, coupent l'herbe, et l'ensemble du syst\u00e8me continue de travailler sur le terrain, assurant une coupe nette et efficace.<\/p>\n<h3>Principaux avantages\u00a0:<\/h3>\n<ol>\n<li><strong>Entretien efficace des terres<\/strong>Ce syst\u00e8me permet une tonte rapide et efficace des grandes surfaces, ce qui en fait un outil essentiel pour l'entretien agricole.<\/li>\n<li><strong>Performances puissantes<\/strong>La combinaison de la puissance de la prise de force et de la bo\u00eete de vitesses \u00e0 couple accru garantit que m\u00eame les herbes hautes et denses peuvent \u00eatre coup\u00e9es facilement, assurant des performances constantes dans diverses conditions.<\/li>\n<li><strong>Durabilit\u00e9 et fiabilit\u00e9<\/strong>L'arbre de prise de force et la bo\u00eete de vitesses de la tondeuse rotative sont tous deux con\u00e7us pour r\u00e9sister aux environnements exigeants de l'agriculture, garantissant une durabilit\u00e9 \u00e0 long terme et des performances fiables.<\/li>\n<li><strong>Gain de temps<\/strong>L'utilisation d'un arbre de prise de force et d'une bo\u00eete de vitesses de tondeuse rotative permet une tonte plus rapide que les m\u00e9thodes traditionnelles, r\u00e9duisant ainsi le temps consacr\u00e9 \u00e0 l'entretien des terres.<\/li>\n<\/ol>\n<p>De mani\u00e8re g\u00e9n\u00e9rale, la prise de force agricole et la bo\u00eete de vitesses de la faucheuse rotative sont des outils indispensables \u00e0 une gestion efficace des terres. Elles fournissent la puissance n\u00e9cessaire pour les travaux de fauche \u00e0 grande \u00e9chelle, permettant ainsi aux agriculteurs et aux propri\u00e9taires fonciers de maintenir leurs propri\u00e9t\u00e9s en parfait \u00e9tat avec un minimum d'efforts et de temps. Ce syst\u00e8me robuste am\u00e9liore consid\u00e9rablement la productivit\u00e9, r\u00e9duit les co\u00fbts d'exploitation et permet un entretien r\u00e9gulier des terres, notamment dans les zones \u00e0 v\u00e9g\u00e9tation dense.<\/p>\n<table style=\"width: 100%; height: 284px;\" border=\"1\" width=\"100%\" cellspacing=\"0\" cellpadding=\"0\">\n<tbody>\n<tr style=\"height: 284px;\">\n<td style=\"width: 49.784%; height: 284px;\" width=\"110\"><img loading=\"lazy\" decoding=\"async\" class=\"alignnone wp-image-1914\" src=\"https:\/\/fmp-components.com\/wp-content\/uploads\/2024\/12\/Agricultural-PTO-Shaft-and-Rotary-Mower-Gearbox-32.webp\" alt=\"Bo\u00eete de vitesses pour arbre de prise de force agricole et tondeuse rotative\" width=\"462\" height=\"286\" title=\"\"><\/td>\n<td style=\"width: 50%; height: 284px;\" width=\"98\"><img loading=\"lazy\" decoding=\"async\" class=\"alignnone wp-image-1913\" src=\"https:\/\/fmp-components.com\/wp-content\/uploads\/2024\/12\/Agricultural-PTO-Shaft-and-Rotary-Mower-Gearbox-31.webp\" alt=\"Bo\u00eete de vitesses pour arbre de prise de force agricole et tondeuse rotative\" width=\"463\" height=\"287\" title=\"\"><\/td>\n<\/tr>\n<\/tbody>\n<\/table>\n<h3>\u00c0 propos de FMP<\/h3>\n<p>FMP, entreprise italienne de renom, est sp\u00e9cialis\u00e9e dans la recherche, le d\u00e9veloppement et la fabrication de r\u00e9ducteurs, de bo\u00eetes de vitesses et de machines-outils. Leader incontest\u00e9 du secteur, FMP a b\u00e2ti sa r\u00e9putation sur l'innovation, la qualit\u00e9 et un engagement fort en faveur du d\u00e9veloppement des talents, se positionnant ainsi comme un acteur majeur de l'ing\u00e9nierie m\u00e9canique.<\/p>\n<p><strong>Gamme de produits compl\u00e8te<\/strong><\/p>\n<p>FMP propose une vaste gamme de produits haute performance con\u00e7us pour r\u00e9pondre aux besoins vari\u00e9s de l'industrie. Son catalogue comprend des r\u00e9ducteurs \u00e0 engrenages coniques h\u00e9lico\u00efdaux, des r\u00e9ducteurs \u00e0 engrenages droits, des r\u00e9ducteurs \u00e0 vis sans fin, des r\u00e9ducteurs cylindriques, ainsi que des corps et carters de vannes moul\u00e9s sous haute pression. Chaque produit est fabriqu\u00e9 avec pr\u00e9cision pour garantir des performances fiables et efficaces dans de nombreuses applications.<\/p>\n<p><strong>Applications \u00e9tendues dans tous les secteurs<\/strong><\/p>\n<p>Les produits FMP sont polyvalents et s'adressent \u00e0 un large \u00e9ventail de secteurs, notamment l'agriculture, o\u00f9 ils alimentent des \u00e9quipements tels que des faucheuses rotatives, des balayeuses \u00e0 neige, des \u00e9pandeurs d'engrais et des convoyeurs \u00e0 grains. FMP fournit \u00e9galement des machines industrielles pour l'extraction p\u00e9troli\u00e8re, des applications marines et des composants hydrauliques, illustrant ainsi l'adaptabilit\u00e9 et l'\u00e9tendue de sa gamme de produits.<\/p>\n<p><strong>Excellence en fabrication avanc\u00e9e<\/strong><\/p>\n<p>Le processus de fabrication de FMP t\u00e9moigne de son engagement envers la qualit\u00e9 et la pr\u00e9cision. De la conception du produit au choix des mat\u00e9riaux, l'entreprise veille \u00e0 ce que chaque \u00e9tape soit adapt\u00e9e aux besoins sp\u00e9cifiques de ses clients. Des mat\u00e9riaux haut de gamme, tels que la fonte et les alliages d'aluminium, sont s\u00e9lectionn\u00e9s pour leur durabilit\u00e9, tandis que des techniques d'usinage avanc\u00e9es, notamment le tournage et le fraisage, garantissent la pr\u00e9cision de chaque composant. L'assemblage est r\u00e9alis\u00e9 avec minutie, en accordant une attention particuli\u00e8re \u00e0 l'alignement et \u00e0 la lubrification, tandis que les traitements thermiques et de surface am\u00e9liorent la r\u00e9sistance, la durabilit\u00e9 et l'esth\u00e9tique. Des contr\u00f4les qualit\u00e9 rigoureux assurent que chaque produit r\u00e9pond aux normes de performance en mati\u00e8re de stabilit\u00e9 et de fiabilit\u00e9.<\/p>\n<p><strong>R\u00e9putation dans l'industrie et partenariats mondiaux<\/strong><\/p>\n<p>L'engagement de FMP envers la qualit\u00e9, l'innovation et la satisfaction client lui a valu une excellente r\u00e9putation dans le secteur manufacturier. L'entreprise continue de b\u00e2tir sur son h\u00e9ritage en s'appuyant sur des technologies de pointe et un savoir-faire artisanal. FMP est ouverte aux partenariats et collaborations internationaux et s'engage \u00e0 fournir des solutions sur mesure r\u00e9pondant aux besoins sp\u00e9cifiques de ses clients \u00e0 travers le monde. Pour plus d'informations sur ses produits et services, les partenaires potentiels peuvent facilement la contacter par t\u00e9l\u00e9phone ou par courriel, ce qui t\u00e9moigne de l'engagement de FMP envers l'excellence ax\u00e9e sur le client.<\/p>\n<p><img loading=\"lazy\" decoding=\"async\" class=\"alignnone size-full wp-image-1861\" src=\"https:\/\/fmp-components.com\/wp-content\/uploads\/2024\/12\/Other-Agricultural-Gearboxes.webp\" alt=\"Autres bo\u00eetes de vitesses agricoles\" width=\"1200\" height=\"1400\" title=\"\" srcset=\"https:\/\/fmp-components.com\/wp-content\/uploads\/2024\/12\/Other-Agricultural-Gearboxes.webp 1200w, https:\/\/fmp-components.com\/wp-content\/uploads\/2024\/12\/Other-Agricultural-Gearboxes-980x1143.webp 980w, https:\/\/fmp-components.com\/wp-content\/uploads\/2024\/12\/Other-Agricultural-Gearboxes-480x560.webp 480w\" sizes=\"(min-width: 0px) and (max-width: 480px) 480px, (min-width: 481px) and (max-width: 980px) 980px, (min-width: 981px) 1200px, 100vw\" \/><\/p>\n<p>Auteur : CX<\/p>\n<p>&nbsp;<\/p>","protected":false},"excerpt":{"rendered":"<p>Specifications of Rotary Mower Gearbox LF-149B (1:1) Product Description Rotary Mower Gearboxes &#8211; Replacement of Comer Gearbox LF-149B 1:1 Product details All gearboxes are supplied without oil. First oil change after 50-70 operating hours, then after 500-700 operating hours or at least once a year. Contact us for power at a different RPM. Max. input [&hellip;]<\/p>","protected":false},"featured_media":1918,"comment_status":"open","ping_status":"closed","template":"","meta":{"_et_pb_use_builder":"","_et_pb_old_content":"","_et_gb_content_width":""},"product_brand":[],"product_cat":[51],"product_tag":[],"class_list":{"0":"post-1910","1":"product","2":"type-product","3":"status-publish","4":"has-post-thumbnail","6":"product_cat-rotary-mower-gearbox","8":"first","9":"instock","10":"shipping-taxable","11":"product-type-simple"},"_links":{"self":[{"href":"https:\/\/fmp-components.com\/fr\/wp-json\/wp\/v2\/product\/1910","targetHints":{"allow":["GET"]}}],"collection":[{"href":"https:\/\/fmp-components.com\/fr\/wp-json\/wp\/v2\/product"}],"about":[{"href":"https:\/\/fmp-components.com\/fr\/wp-json\/wp\/v2\/types\/product"}],"replies":[{"embeddable":true,"href":"https:\/\/fmp-components.com\/fr\/wp-json\/wp\/v2\/comments?post=1910"}],"wp:featuredmedia":[{"embeddable":true,"href":"https:\/\/fmp-components.com\/fr\/wp-json\/wp\/v2\/media\/1918"}],"wp:attachment":[{"href":"https:\/\/fmp-components.com\/fr\/wp-json\/wp\/v2\/media?parent=1910"}],"wp:term":[{"taxonomy":"product_brand","embeddable":true,"href":"https:\/\/fmp-components.com\/fr\/wp-json\/wp\/v2\/product_brand?post=1910"},{"taxonomy":"product_cat","embeddable":true,"href":"https:\/\/fmp-components.com\/fr\/wp-json\/wp\/v2\/product_cat?post=1910"},{"taxonomy":"product_tag","embeddable":true,"href":"https:\/\/fmp-components.com\/fr\/wp-json\/wp\/v2\/product_tag?post=1910"}],"curies":[{"name":"wp","href":"https:\/\/api.w.org\/{rel}","templated":true}]}}