{"id":1895,"date":"2024-12-24T08:55:37","date_gmt":"2024-12-24T08:55:37","guid":{"rendered":"https:\/\/fmp-components.com\/?page_id=8"},"modified":"2024-12-24T08:55:37","modified_gmt":"2024-12-24T08:55:37","slug":"rotary-mower-gearbox-replacement-of-comer-code-lf-32j","status":"publish","type":"product","link":"https:\/\/fmp-components.com\/fr\/product\/rotary-mower-gearbox-replacement-of-comer-code-lf-32j\/","title":{"rendered":"Bo\u00eete de vitesses pour tondeuse rotative \u2013 Remplacement du mod\u00e8le Comer Code LF-32J"},"content":{"rendered":"<h2>Sp\u00e9cifications de la bo\u00eete de vitesses de la tondeuse rotative LF-32J<\/h2>\n<p><img loading=\"lazy\" decoding=\"async\" class=\"alignnone size-full wp-image-1899\" src=\"https:\/\/fmp-components.com\/wp-content\/uploads\/2024\/12\/rotary-mower-gearbox-specification-lf32a.webp\" alt=\"bo\u00eete de vitesses de tondeuse rotative\" width=\"964\" height=\"434\" title=\"\" srcset=\"https:\/\/fmp-components.com\/wp-content\/uploads\/2024\/12\/rotary-mower-gearbox-specification-lf32a.webp 964w, https:\/\/fmp-components.com\/wp-content\/uploads\/2024\/12\/rotary-mower-gearbox-specification-lf32a-480x216.webp 480w\" sizes=\"(min-width: 0px) and (max-width: 480px) 480px, (min-width: 481px) 964px, 100vw\" \/><\/p>\n<table style=\"width: 98.6462%; height: 209px;\" border=\"1\">\n<tbody>\n<tr>\n<td><strong>je<\/strong><\/td>\n<td>1.93<\/td>\n<\/tr>\n<tr>\n<td><strong>N<sub>1<\/sub>[tr\/min]<\/strong><\/td>\n<td>540<\/td>\n<\/tr>\n<tr>\n<td><strong>P<sub>1<\/sub>[kW]<\/strong><\/td>\n<td>44.1<\/td>\n<\/tr>\n<tr>\n<td><strong>M<sub>2<\/sub>[Nm]<\/strong><\/td>\n<td>393<\/td>\n<\/tr>\n<tr>\n<td><strong>Type d'arbre X<\/strong><\/td>\n<td>1\u201d 3\/8 Z6<\/td>\n<\/tr>\n<tr>\n<td><strong>Type d'arbre Z<\/strong><\/td>\n<td>Connexion au concentrateur<\/td>\n<\/tr>\n<tr>\n<td><strong>Saisir<\/strong><\/td>\n<td>X<\/td>\n<\/tr>\n<\/tbody>\n<\/table>\n<h3>Arbres de prise de force pour bo\u00eetes de vitesses de tondeuses rotatives<\/h3>\n<p>Lors du choix d'un arbre de prise de force (PDF) pour un bo\u00eetier de transmission de tondeuse rotative, il est crucial de s\u00e9lectionner les sp\u00e9cifications appropri\u00e9es pour garantir des performances et une s\u00e9curit\u00e9 optimales. L'arbre de prise de force assure la liaison entre le moteur du tracteur et le bo\u00eetier de transmission, transmettant la puissance n\u00e9cessaire au fonctionnement efficace des lames de la tondeuse.<\/p>\n<h4>Consid\u00e9rations cl\u00e9s pour choisir le bon arbre de prise de force<\/h4>\n<ol>\n<li><strong>Longueur et diam\u00e8tre corrects :<\/strong> La longueur de l'arbre de prise de force doit \u00eatre mesur\u00e9e avec soin pour correspondre \u00e0 votre application sp\u00e9cifique. Mesurez la distance entre le centre de la cannelure de la prise de force du tracteur et le centre de la cannelure d'entr\u00e9e de la bo\u00eete de vitesses. Une longueur correcte est essentielle pour un alignement correct, \u00e9viter toute contrainte excessive sur la transmission et assurer une transmission de puissance fluide. Le diam\u00e8tre de l'arbre de prise de force est g\u00e9n\u00e9ralement d\u00e9termin\u00e9 par la puissance du tracteur et la taille de la bo\u00eete de vitesses. Un arbre trop petit pour la puissance requise peut entra\u00eener une surchauffe ou une rupture, tandis qu'un arbre trop grand peut entra\u00eener un fonctionnement inefficace.<\/li>\n<li><strong>Puissance et couple nominaux :<\/strong> Le choix d'un arbre de prise de force avec la puissance et le couple appropri\u00e9s est essentiel pour un fonctionnement s\u00fbr et efficace du bo\u00eetier d'engrenages de la tondeuse rotative. Chaque bo\u00eetier d'engrenages a des exigences sp\u00e9cifiques en mati\u00e8re de couple et de puissance, g\u00e9n\u00e9ralement indiqu\u00e9es dans les sp\u00e9cifications du fabricant. Il est essentiel de respecter les sp\u00e9cifications de l'arbre de prise de force afin d'\u00e9viter toute surcharge du bo\u00eetier d'engrenages ou de l'arbre de prise de force lui-m\u00eame.<\/li>\n<li><strong>Compatibilit\u00e9 avec l'\u00e9quipement :<\/strong> Il est important de s'assurer que l'arbre de prise de force est compatible avec le tracteur et la bo\u00eete de vitesses de la tondeuse rotative. Les arbres de prise de force sont disponibles en diff\u00e9rentes tailles, avec diff\u00e9rents types et configurations de cannelures. Assurez-vous que l'arbre de prise de force correspond au type de cannelures de l'arbre de sortie de la prise de force du tracteur et de l'arbre d'entr\u00e9e de la bo\u00eete de vitesses.<\/li>\n<li><strong>Caract\u00e9ristiques de s\u00e9curit\u00e9 :<\/strong> De nombreux arbres de prise de force sont \u00e9quip\u00e9s de dispositifs de s\u00e9curit\u00e9, tels qu'une goupille de cisaillement ou un limiteur de couple, con\u00e7us pour prot\u00e9ger l'\u00e9quipement et l'op\u00e9rateur en cas de surcharge ou de blocage. Ces dispositifs permettent d'\u00e9viter des dommages co\u00fbteux \u00e0 la bo\u00eete de vitesses ou \u00e0 d'autres pi\u00e8ces de la machine, et am\u00e9liorent la s\u00e9curit\u00e9 pendant le fonctionnement. Choisissez toujours un arbre de prise de force dot\u00e9 de ces dispositifs de s\u00e9curit\u00e9 pour r\u00e9duire les risques d'accident ou de panne.<\/li>\n<\/ol>\n<h4>Entretien r\u00e9gulier pour la long\u00e9vit\u00e9 et l'efficacit\u00e9<\/h4>\n<p>Pour garantir la long\u00e9vit\u00e9 et les performances optimales de votre arbre de prise de force, un entretien r\u00e9gulier est n\u00e9cessaire. Cela comprend\u00a0:<\/p>\n<ul>\n<li><strong>Lubrification:<\/strong> Assurez-vous que l'arbre de prise de force et ses fixations sont correctement lubrifi\u00e9s. Une lubrification r\u00e9guli\u00e8re minimise les frottements, ce qui r\u00e9duit l'usure des composants et contribue \u00e0 prolonger leur dur\u00e9e de vie.<\/li>\n<li><strong>Inspection de l'usure et des dommages :<\/strong> Inspectez r\u00e9guli\u00e8rement l'arbre de prise de force pour d\u00e9tecter tout signe d'usure, comme des arbres tordus, des cannelures endommag\u00e9es ou un jeu excessif. Tout composant endommag\u00e9 doit \u00eatre remplac\u00e9 imm\u00e9diatement afin d'\u00e9viter d'autres dommages \u00e0 l'\u00e9quipement ou des dysfonctionnements dangereux pendant le fonctionnement.<\/li>\n<li><strong>Stockage appropri\u00e9 :<\/strong> Lorsqu'il n'est pas utilis\u00e9, rangez l'arbre de prise de force dans un endroit sec et propre pour le prot\u00e9ger des intemp\u00e9ries. Cela permet d'\u00e9viter la formation de rouille ou de corrosion, qui peuvent nuire \u00e0 son bon fonctionnement et \u00e0 sa long\u00e9vit\u00e9.<\/li>\n<\/ul>\n<p>En s\u00e9lectionnant l'arbre de prise de force appropri\u00e9 et en l'entretenant correctement, vous pouvez assurer un transfert de puissance efficace, prolonger la dur\u00e9e de vie de l'arbre de prise de force et de la bo\u00eete de vitesses de la tondeuse rotative, et am\u00e9liorer les performances globales et la s\u00e9curit\u00e9 de votre \u00e9quipement.<\/p>\n<h4>Arbres de prise de force et bo\u00eetes de vitesses pour tondeuses rotatives \u2013 Disponibles \u00e0 l'achat<\/h4>\n<p>Nous proposons des arbres de prise de force de haute qualit\u00e9, compatibles avec une large gamme de bo\u00eetes de vitesses de tondeuses rotatives. Nos arbres de prise de force sont con\u00e7us pour r\u00e9pondre aux exigences rigoureuses des applications agricoles et industrielles. Que vous souhaitiez remplacer un arbre de prise de force existant ou \u00e9quiper un nouvel \u00e9quipement, nous proposons des solutions fiables et durables. Contactez-nous pour plus d'informations sur nos arbres de prise de force ou pour passer commande.<\/p>\n<p><img loading=\"lazy\" decoding=\"async\" class=\"alignnone size-full wp-image-1898\" src=\"https:\/\/fmp-components.com\/wp-content\/uploads\/2024\/12\/pto-and-rotary-mower-gearbox.webp\" alt=\"bo\u00eete de vitesses de tondeuse rotative\" width=\"920\" height=\"690\" title=\"\" srcset=\"https:\/\/fmp-components.com\/wp-content\/uploads\/2024\/12\/pto-and-rotary-mower-gearbox.webp 920w, https:\/\/fmp-components.com\/wp-content\/uploads\/2024\/12\/pto-and-rotary-mower-gearbox-480x360.webp 480w\" sizes=\"(min-width: 0px) and (max-width: 480px) 480px, (min-width: 481px) 920px, 100vw\" \/><\/p>\n<h3>\u00c0 propos de FMP<\/h3>\n<p>Bas\u00e9e en Italie, FMP est une entreprise renomm\u00e9e sp\u00e9cialis\u00e9e dans la recherche, le d\u00e9veloppement et la fabrication de bo\u00eetes de vitesses, de r\u00e9ducteurs et de machines d'ing\u00e9nierie. Forte de son engagement envers le d\u00e9veloppement des talents et l'innovation, FMP est devenue un leader dans son secteur.<\/p>\n<h3>Portefeuille de produits diversifi\u00e9<\/h3>\n<p>La gamme de produits de la soci\u00e9t\u00e9 comprend :<\/p>\n<ul>\n<li><strong>R\u00e9ducteurs \u00e0 engrenages coniques spiro-coniques<\/strong><\/li>\n<li><strong>Bo\u00eetes de vitesses \u00e0 engrenages droits<\/strong><\/li>\n<li><strong>R\u00e9ducteurs \u00e0 vis sans fin<\/strong><\/li>\n<li><strong>Bo\u00eetes de vitesses cylindriques<\/strong><\/li>\n<li><strong>Corps et bo\u00eetiers de vannes moul\u00e9s sous haute pression<\/strong><\/li>\n<\/ul>\n<h3>Applications \u00e0 large port\u00e9e<\/h3>\n<p>Les produits FMP sont tr\u00e8s polyvalents et servent de nombreuses industries, notamment :<\/p>\n<ul>\n<li><strong>Agriculture<\/strong>:Utilis\u00e9 dans les tondeuses rotatives, les balayeuses \u00e0 neige, les \u00e9pandeurs d'engrais et les convoyeurs \u00e0 grains.<\/li>\n<li><strong>\u00c9quipement industriel<\/strong>:Machines de soutien pour l'extraction p\u00e9troli\u00e8re, applications marines et composants hydrauliques pour projets d'ing\u00e9nierie.<\/li>\n<\/ul>\n<h3>Proc\u00e9d\u00e9s de fabrication avanc\u00e9s<\/h3>\n<p>FMP est fi\u00e8re de ses solides capacit\u00e9s techniques et de R&amp;D, produisant des produits fiables et de haute qualit\u00e9 gr\u00e2ce \u00e0 un processus de production m\u00e9ticuleux :<\/p>\n<ol>\n<li><strong>Conception de produits<\/strong>:Des sp\u00e9cifications personnalis\u00e9es sont \u00e9labor\u00e9es, notamment le type de bo\u00eete de vitesses, le mat\u00e9riau et les dimensions.<\/li>\n<li><strong>Pr\u00e9paration du mat\u00e9riel<\/strong>:Des mat\u00e9riaux de haute qualit\u00e9 tels que la fonte et les alliages d\u2019aluminium sont s\u00e9lectionn\u00e9s et pr\u00e9par\u00e9s.<\/li>\n<li><strong>Usinage de pr\u00e9cision<\/strong>:Les composants tels que les arbres d'engrenages et les bo\u00eetiers sont usin\u00e9s \u00e0 l'aide de techniques avanc\u00e9es telles que le tournage et le fraisage.<\/li>\n<li><strong>Assembl\u00e9e<\/strong>:Les engrenages, les roulements et les arbres sont assembl\u00e9s dans le bo\u00eetier, garantissant un alignement pr\u00e9cis et une lubrification ad\u00e9quate.<\/li>\n<li><strong>Traitement thermique<\/strong>:Les bo\u00eetes de vitesses subissent un traitement thermique pour am\u00e9liorer la r\u00e9sistance et la r\u00e9sistance \u00e0 l'usure.<\/li>\n<li><strong>Traitement de surface<\/strong>:Des proc\u00e9d\u00e9s tels que le polissage et le rev\u00eatement en poudre am\u00e9liorent l\u2019apparence et la r\u00e9sistance \u00e0 la corrosion.<\/li>\n<li><strong>Contr\u00f4le de qualit\u00e9<\/strong>:Des inspections et des tests rigoureux garantissent la stabilit\u00e9, la pr\u00e9cision et la conformit\u00e9 aux normes de performance.<\/li>\n<\/ol>\n<h3>R\u00e9putation de l'industrie<\/h3>\n<p>L'engagement de FMP envers la qualit\u00e9, l'innovation et la satisfaction client lui a valu une excellente r\u00e9putation dans le secteur manufacturier. L'entreprise adh\u00e8re \u00e0 une philosophie ax\u00e9e sur le savoir-faire, les technologies de pointe et la cr\u00e9ation de valeur durable.<\/p>\n<h3>Devenez notre partenaire<\/h3>\n<p>FMP est ouvert aux opportunit\u00e9s de collaboration avec des clients et partenaires internationaux. Pour toute question concernant nos produits et services, veuillez nous contacter par t\u00e9l\u00e9phone ou par courriel. Nous nous engageons \u00e0 vous proposer des solutions sur mesure qui r\u00e9pondent \u00e0 vos besoins.<\/p>\n<p><img loading=\"lazy\" decoding=\"async\" class=\"alignnone size-full wp-image-1861\" src=\"https:\/\/fmp-components.com\/wp-content\/uploads\/2024\/12\/Other-Agricultural-Gearboxes.webp\" alt=\"Autres bo\u00eetes de vitesses agricoles\" width=\"1200\" height=\"1400\" title=\"\" srcset=\"https:\/\/fmp-components.com\/wp-content\/uploads\/2024\/12\/Other-Agricultural-Gearboxes.webp 1200w, https:\/\/fmp-components.com\/wp-content\/uploads\/2024\/12\/Other-Agricultural-Gearboxes-980x1143.webp 980w, https:\/\/fmp-components.com\/wp-content\/uploads\/2024\/12\/Other-Agricultural-Gearboxes-480x560.webp 480w\" sizes=\"(min-width: 0px) and (max-width: 480px) 480px, (min-width: 481px) and (max-width: 980px) 980px, (min-width: 981px) 1200px, 100vw\" \/><\/p>\n<p>Auteur : CX<\/p>","protected":false},"excerpt":{"rendered":"<p>Specifications of Rotary Mower Gearbox LF-32J i 1.93 N1[rpm] 540 P1[kW] 44.1 M2[Nm] 393 Shaft Type X 1&#8221; 3\/8 Z6 Shaft Type Z Hub connection Input X PTO Shafts for Rotary Mower Gearboxes When choosing a PTO (Power Take-Off) shaft for a rotary mower gearbox, it&#8217;s crucial to select the correct specifications to ensure optimal [&hellip;]<\/p>","protected":false},"featured_media":1901,"comment_status":"open","ping_status":"closed","template":"","meta":{"_et_pb_use_builder":"","_et_pb_old_content":"","_et_gb_content_width":""},"product_brand":[],"product_cat":[51],"product_tag":[],"class_list":{"0":"post-1895","1":"product","2":"type-product","3":"status-publish","4":"has-post-thumbnail","6":"product_cat-rotary-mower-gearbox","8":"first","9":"instock","10":"shipping-taxable","11":"product-type-simple"},"_links":{"self":[{"href":"https:\/\/fmp-components.com\/fr\/wp-json\/wp\/v2\/product\/1895","targetHints":{"allow":["GET"]}}],"collection":[{"href":"https:\/\/fmp-components.com\/fr\/wp-json\/wp\/v2\/product"}],"about":[{"href":"https:\/\/fmp-components.com\/fr\/wp-json\/wp\/v2\/types\/product"}],"replies":[{"embeddable":true,"href":"https:\/\/fmp-components.com\/fr\/wp-json\/wp\/v2\/comments?post=1895"}],"wp:featuredmedia":[{"embeddable":true,"href":"https:\/\/fmp-components.com\/fr\/wp-json\/wp\/v2\/media\/1901"}],"wp:attachment":[{"href":"https:\/\/fmp-components.com\/fr\/wp-json\/wp\/v2\/media?parent=1895"}],"wp:term":[{"taxonomy":"product_brand","embeddable":true,"href":"https:\/\/fmp-components.com\/fr\/wp-json\/wp\/v2\/product_brand?post=1895"},{"taxonomy":"product_cat","embeddable":true,"href":"https:\/\/fmp-components.com\/fr\/wp-json\/wp\/v2\/product_cat?post=1895"},{"taxonomy":"product_tag","embeddable":true,"href":"https:\/\/fmp-components.com\/fr\/wp-json\/wp\/v2\/product_tag?post=1895"}],"curies":[{"name":"wp","href":"https:\/\/api.w.org\/{rel}","templated":true}]}}