{"id":1853,"date":"2024-12-24T07:33:41","date_gmt":"2024-12-24T07:33:41","guid":{"rendered":"https:\/\/fmp-components.com\/?page_id=8"},"modified":"2025-05-07T14:12:19","modified_gmt":"2025-05-07T14:12:19","slug":"rotary-mower-gearboxes-replacement-of-comer-code-lf-211j","status":"publish","type":"product","link":"https:\/\/fmp-components.com\/fr\/product\/rotary-mower-gearboxes-replacement-of-comer-code-lf-211j\/","title":{"rendered":"Bo\u00eetes de vitesses pour tondeuses rotatives \u2013 Remplacement du mod\u00e8le Comer Code LF-211J"},"content":{"rendered":"<p><img loading=\"lazy\" decoding=\"async\" class=\"alignnone size-full wp-image-1856\" src=\"https:\/\/fmp-components.com\/wp-content\/uploads\/2024\/12\/Rotary-Mower-Gearbox2.webp\" alt=\"Bo\u00eete de vitesses de tondeuse rotative\" width=\"1261\" height=\"655\" title=\"\" srcset=\"https:\/\/fmp-components.com\/wp-content\/uploads\/2024\/12\/Rotary-Mower-Gearbox2.webp 1261w, https:\/\/fmp-components.com\/wp-content\/uploads\/2024\/12\/Rotary-Mower-Gearbox2-980x509.webp 980w, https:\/\/fmp-components.com\/wp-content\/uploads\/2024\/12\/Rotary-Mower-Gearbox2-480x249.webp 480w\" sizes=\"(min-width: 0px) and (max-width: 480px) 480px, (min-width: 481px) and (max-width: 980px) 980px, (min-width: 981px) 1261px, 100vw\" \/><\/p>\n<p><img loading=\"lazy\" decoding=\"async\" class=\"alignnone size-full wp-image-1854\" src=\"https:\/\/fmp-components.com\/wp-content\/uploads\/2024\/12\/Specifications-of-Rotary-Mower-Gearbox-LF-211J.webp\" alt=\"Sp\u00e9cifications de la bo\u00eete de vitesses pour tondeuse rotative LF-211J\" width=\"1000\" height=\"590\" title=\"\" srcset=\"https:\/\/fmp-components.com\/wp-content\/uploads\/2024\/12\/Specifications-of-Rotary-Mower-Gearbox-LF-211J.webp 1000w, https:\/\/fmp-components.com\/wp-content\/uploads\/2024\/12\/Specifications-of-Rotary-Mower-Gearbox-LF-211J-980x578.webp 980w, https:\/\/fmp-components.com\/wp-content\/uploads\/2024\/12\/Specifications-of-Rotary-Mower-Gearbox-LF-211J-480x283.webp 480w\" sizes=\"(min-width: 0px) and (max-width: 480px) 480px, (min-width: 481px) and (max-width: 980px) 980px, (min-width: 981px) 1000px, 100vw\" \/><\/p>\n<h2>Sp\u00e9cifications du produit<\/h2>\n<table class=\"kh-1xzm1su\" style=\"width: 100.272%; height: 542px;\" border=\"1\" cellspacing=\"0\" cellpadding=\"0\" data-intent=\"lists-product-attributes\" data-test-id=\"attributes-list\">\n<tbody class=\"kh-1ago99h\">\n<tr id=\"alexis#custom#item-id\" class=\"kh-bwvum6\" style=\"height: 23px;\" data-test-id=\"attribute-row\">\n<th class=\"kh-10oizfy\" style=\"width: 23.4341%; height: 23px;\">Description du produit<\/th>\n<td class=\"kh-1f5nhat\" style=\"width: 76.3499%; height: 23px;\">\n<div class=\"kh-pkx4zo\"><a href=\"https:\/\/fmp-components.com\/fr\/product-category\/agricultural-gearbox\/rotary-mower-gearbox\/\">Bo\u00eetes de vitesses pour tondeuses rotatives<\/a> \u2013 Remplacement de la bo\u00eete de vitesses Comer LF-211J<\/div>\n<\/td>\n<\/tr>\n<tr id=\"attProductDetails\" class=\"kh-bwvum6\" style=\"height: 99px;\" data-test-id=\"attribute-row\">\n<th class=\"kh-10oizfy\" style=\"width: 23.4341%; height: 99px;\">D\u00e9tails du produit<\/th>\n<td class=\"kh-1f5nhat\" style=\"width: 76.3499%; height: 99px;\">\n<ul>\n<li class=\"kh-16zd49f\">Toutes les bo\u00eetes de vitesses sont fournies sans huile.<\/li>\n<li class=\"kh-16zd49f\">Tout d&#039;abord, la vidange d&#039;huile apr\u00e8s 50 \u00e0 70 heures de fonctionnement, puis apr\u00e8s 500 \u00e0 700 heures de fonctionnement ou au moins une fois par an.<\/li>\n<li class=\"kh-16zd49f\">Contactez-nous pour une alimentation \u00e0 un r\u00e9gime diff\u00e9rent.<\/li>\n<\/ul>\n<\/td>\n<\/tr>\n<tr id=\"attApplicationRange\" class=\"kh-bwvum6\" style=\"height: 23px;\" data-test-id=\"attribute-row\">\n<th class=\"kh-10oizfy\" style=\"width: 23.4341%; height: 23px;\">Domaine d&#039;application<\/th>\n<td class=\"kh-1f5nhat\" style=\"width: 76.3499%; height: 23px;\">\n<div class=\"kh-pkx4zo\">Tondeuses<\/div>\n<\/td>\n<\/tr>\n<tr id=\"attConsistsOf\" class=\"kh-bwvum6\" style=\"height: 75px;\" data-test-id=\"attribute-row\">\n<th class=\"kh-10oizfy\" style=\"width: 23.4341%; height: 75px;\">Se compose de<\/th>\n<td class=\"kh-1f5nhat\" style=\"width: 76.3499%; height: 75px;\">\n<ul>\n<li class=\"kh-16zd49f\">Bo\u00eete de vitesse<\/li>\n<li class=\"kh-16zd49f\">Sans huile<\/li>\n<\/ul>\n<\/td>\n<\/tr>\n<tr id=\"taContainsOil\" class=\"kh-bwvum6\" style=\"height: 23px;\" data-test-id=\"attribute-row\">\n<th class=\"kh-10oizfy\" style=\"width: 23.4341%; height: 23px;\">Contient de l&#039;huile<\/th>\n<td class=\"kh-1f5nhat\" style=\"width: 76.3499%; height: 23px;\">\n<div class=\"kh-pkx4zo\">Non<\/div>\n<\/td>\n<\/tr>\n<tr id=\"taMaxOilCapacityL\" class=\"kh-bwvum6\" style=\"height: 23px;\" data-test-id=\"attribute-row\">\n<th class=\"kh-10oizfy\" style=\"width: 23.4341%; height: 23px;\">Capacit\u00e9 d&#039;huile maximale<\/th>\n<td class=\"kh-1f5nhat\" style=\"width: 76.3499%; height: 23px;\">\n<div class=\"kh-pkx4zo\">0,8 l<\/div>\n<\/td>\n<\/tr>\n<tr id=\"taMaxOilChangeIntervalH\" class=\"kh-bwvum6\" style=\"height: 23px;\" data-test-id=\"attribute-row\">\n<th class=\"kh-10oizfy\" style=\"width: 23.4341%; height: 23px;\">Intervalle maximal de vidange d&#039;huile<\/th>\n<td class=\"kh-1f5nhat\" style=\"width: 76.3499%; height: 23px;\">\n<div class=\"kh-pkx4zo\">500 h<\/div>\n<\/td>\n<\/tr>\n<tr id=\"taOilSAEViscosityGrade\" class=\"kh-bwvum6\" style=\"height: 23px;\" data-test-id=\"attribute-row\">\n<th class=\"kh-10oizfy\" style=\"width: 23.4341%; height: 23px;\">Grade de viscosit\u00e9 de l&#039;huile SAE<\/th>\n<td class=\"kh-1f5nhat\" style=\"width: 76.3499%; height: 23px;\">\n<div class=\"kh-pkx4zo\">80W-90<\/div>\n<\/td>\n<\/tr>\n<tr id=\"taHousingMaterial_16\" class=\"kh-bwvum6\" style=\"height: 23px;\" data-test-id=\"attribute-row\">\n<th class=\"kh-10oizfy\" style=\"width: 23.4341%; height: 23px;\">Mat\u00e9riau du bo\u00eetier<\/th>\n<td class=\"kh-1f5nhat\" style=\"width: 76.3499%; height: 23px;\">\n<div class=\"kh-pkx4zo\"><a href=\"https:\/\/fmp-components.com\/fr\/cast-iron\/\">Fonte<\/a> GGG40<\/div>\n<\/td>\n<\/tr>\n<tr id=\"taWeightKg_75\" class=\"kh-bwvum6\" style=\"height: 23px;\" data-test-id=\"attribute-row\">\n<th class=\"kh-10oizfy\" style=\"width: 23.4341%; height: 23px;\">Poids<\/th>\n<td class=\"kh-1f5nhat\" style=\"width: 76.3499%; height: 23px;\">\n<div class=\"kh-pkx4zo\">14 kg<\/div>\n<\/td>\n<\/tr>\n<tr id=\"taGearArrangementInc\" class=\"kh-bwvum6\" style=\"height: 23px;\" data-test-id=\"attribute-row\">\n<th class=\"kh-10oizfy\" style=\"width: 23.4341%; height: 23px;\">Disposition des engrenages Croissante<\/th>\n<td class=\"kh-1f5nhat\" style=\"width: 76.3499%; height: 23px;\">\n<div class=\"kh-pkx4zo\">3<\/div>\n<\/td>\n<\/tr>\n<tr id=\"taInputPowerKwHpInc\" class=\"kh-bwvum6\" style=\"height: 23px;\" data-test-id=\"attribute-row\">\n<th class=\"kh-10oizfy\" style=\"width: 23.4341%; height: 23px;\">Puissance d&#039;entr\u00e9e kW \/ CV Croissante<\/th>\n<td class=\"kh-1f5nhat\" style=\"width: 76.3499%; height: 23px;\">\n<div class=\"kh-pkx4zo\">14,7 \/ 20 kW\/ch<\/div>\n<\/td>\n<\/tr>\n<tr id=\"taInputShaftIncreasi\" class=\"kh-bwvum6\" style=\"height: 23px;\" data-test-id=\"attribute-row\">\n<th class=\"kh-10oizfy\" style=\"width: 23.4341%; height: 23px;\">Arbre d&#039;entr\u00e9e croissant<\/th>\n<td class=\"kh-1f5nhat\" style=\"width: 76.3499%; height: 23px;\">\n<div class=\"kh-pkx4zo\">X<\/div>\n<\/td>\n<\/tr>\n<tr id=\"taNSOutputTorqueDaNm_1\" class=\"kh-bwvum6\" style=\"height: 23px;\" data-test-id=\"attribute-row\">\n<th class=\"kh-10oizfy\" style=\"width: 23.4341%; height: 23px;\">Couple de sortie DaNm croissant<\/th>\n<td class=\"kh-1f5nhat\" style=\"width: 76.3499%; height: 23px;\">\n<div class=\"kh-pkx4zo\">8,9 daNm<\/div>\n<\/td>\n<\/tr>\n<tr id=\"taRatioIncreasing\" class=\"kh-bwvum6\" style=\"height: 23px;\" data-test-id=\"attribute-row\">\n<th class=\"kh-10oizfy\" style=\"width: 23.4341%; height: 23px;\">Ratio croissant<\/th>\n<td class=\"kh-1f5nhat\" style=\"width: 76.3499%; height: 23px;\">\n<div class=\"kh-pkx4zo\">1: 2.83<\/div>\n<\/td>\n<\/tr>\n<tr id=\"taRatioReducing\" class=\"kh-bwvum6\" style=\"height: 23px;\" data-test-id=\"attribute-row\">\n<th class=\"kh-10oizfy\" style=\"width: 23.4341%; height: 23px;\">R\u00e9duction du rapport<\/th>\n<td class=\"kh-1f5nhat\" style=\"width: 76.3499%; height: 23px;\">\n<div class=\"kh-pkx4zo\">2.83 : 1<\/div>\n<\/td>\n<\/tr>\n<tr id=\"taShaftX\" class=\"kh-bwvum6\" style=\"height: 23px;\" data-test-id=\"attribute-row\">\n<th class=\"kh-10oizfy\" style=\"width: 23.4341%; height: 23px;\">Arbre X<\/th>\n<td class=\"kh-1f5nhat\" style=\"width: 76.3499%; height: 23px;\">\n<div class=\"kh-pkx4zo\">1 3\/8&#8243; (6)<\/div>\n<\/td>\n<\/tr>\n<tr id=\"taShaftZ\" class=\"kh-bwvum6\" style=\"height: 23px;\" data-test-id=\"attribute-row\">\n<th class=\"kh-10oizfy\" style=\"width: 23.4341%; height: 23px;\">Arbre Z<\/th>\n<td class=\"kh-1f5nhat\" style=\"width: 76.3499%; height: 23px;\">\n<div class=\"kh-pkx4zo\">33 h7<\/div>\n<\/td>\n<\/tr>\n<\/tbody>\n<\/table>\n<h2>Caract\u00e9ristiques de la bo\u00eete de vitesses de la tondeuse rotative LF-211J<\/h2>\n<p>Le LF-211J est un r\u00e9ducteur haute performance pour tondeuses rotatives, con\u00e7u pour les applications agricoles et industrielles. Il assure une transmission de puissance fiable et efficace. Ses principales caract\u00e9ristiques sont les suivantes\u00a0:<\/p>\n<ul>\n<li><strong>Rapport de d\u00e9multiplication<\/strong>La bo\u00eete de vitesses a un rapport de transmission de 1:2,83, ce qui signifie que la vitesse de sortie est environ 2,83 fois la vitesse d'entr\u00e9e.<\/li>\n<li><strong>Capacit\u00e9 de puissance<\/strong>: Il peut g\u00e9rer une puissance d'entr\u00e9e maximale de 14,7 kW (20 CV) et d\u00e9livre un couple de sortie maximal de 8,9 daNm.<\/li>\n<li><strong>Construction<\/strong>Le bo\u00eetier est fabriqu\u00e9 en fonte GGG40, reconnue pour sa durabilit\u00e9 et sa robustesse, assurant ainsi long\u00e9vit\u00e9 et r\u00e9sistance \u00e0 l'usure.<\/li>\n<li><strong>Capacit\u00e9 et entretien de l'huile<\/strong>La bo\u00eete de vitesses a une capacit\u00e9 d'huile maximale de 0,8 litre et utilise une huile pour engrenages SAE 80W-90. Il est recommand\u00e9 d'effectuer la premi\u00e8re vidange apr\u00e8s 50 \u00e0 70 heures de fonctionnement, puis les vidanges suivantes toutes les 500 \u00e0 700 heures ou au moins une fois par an.<\/li>\n<li><strong>Poids<\/strong>L'appareil p\u00e8se environ 14 kg, ce qui le rend relativement facile \u00e0 manipuler et \u00e0 installer.<\/li>\n<li><strong>Sp\u00e9cifications de l'arbre<\/strong>L'arbre d'entr\u00e9e est con\u00e7u pour accueillir une connexion de 1 3\/8\u2033 (6 cannelures), tandis que l'arbre de sortie a un diam\u00e8tre de 33 mm, assurant la compatibilit\u00e9 avec les composants standard des tondeuses rotatives.<\/li>\n<\/ul>\n<p>Ces caract\u00e9ristiques font de la bo\u00eete de vitesses LF-211J un choix fiable pour am\u00e9liorer les performances et l'efficacit\u00e9 des faucheuses rotatives dans divers contextes agricoles.<\/p>\n<p><img loading=\"lazy\" decoding=\"async\" class=\"alignnone size-full wp-image-1855\" src=\"https:\/\/fmp-components.com\/wp-content\/uploads\/2024\/12\/PTO-Shaft-for-Rotary-Mower-Gearbox-35.webp\" alt=\"Arbre de prise de force pour bo\u00eete de vitesses de tondeuse rotative\" width=\"2200\" height=\"1100\" title=\"\" srcset=\"https:\/\/fmp-components.com\/wp-content\/uploads\/2024\/12\/PTO-Shaft-for-Rotary-Mower-Gearbox-35.webp 2200w, https:\/\/fmp-components.com\/wp-content\/uploads\/2024\/12\/PTO-Shaft-for-Rotary-Mower-Gearbox-35-1280x640.webp 1280w, https:\/\/fmp-components.com\/wp-content\/uploads\/2024\/12\/PTO-Shaft-for-Rotary-Mower-Gearbox-35-980x490.webp 980w, https:\/\/fmp-components.com\/wp-content\/uploads\/2024\/12\/PTO-Shaft-for-Rotary-Mower-Gearbox-35-480x240.webp 480w\" sizes=\"(min-width: 0px) and (max-width: 480px) 480px, (min-width: 481px) and (max-width: 980px) 980px, (min-width: 981px) and (max-width: 1280px) 1280px, (min-width: 1281px) 2200px, 100vw\" \/><\/p>\n<h3>Comment d\u00e9monter la bo\u00eete de vitesses d'une tondeuse rotative<\/h3>\n<p>Le d\u00e9montage de la bo\u00eete de vitesses d'une tondeuse rotative est une op\u00e9ration simple si elle est effectu\u00e9e avec soin et m\u00e9thode. Suivez ces \u00e9tapes pour garantir s\u00e9curit\u00e9 et efficacit\u00e9\u00a0:<\/p>\n<h4>1. D\u00e9branchez la source d'alimentation.<\/h4>\n<p>Avant de commencer, d\u00e9branchez la tondeuse pour \u00e9viter toute mise en marche accidentelle. Cela peut impliquer d'\u00e9teindre le moteur, de d\u00e9brancher le cordon d'alimentation ou de d\u00e9connecter la batterie.<\/p>\n<h4>2. Retirez les lames de coupe<\/h4>\n<p>D\u00e9tachez les lames de coupe du plateau de coupe pour acc\u00e9der \u00e0 la bo\u00eete de vitesses. Assurez-vous que la tondeuse est stable et utilisez les outils appropri\u00e9s pour retirer les lames en toute s\u00e9curit\u00e9.<\/p>\n<h4>3. Desserrez les boulons de fixation de la bo\u00eete de vitesses<\/h4>\n<p>Rep\u00e9rez les boulons de fixation qui maintiennent la bo\u00eete de vitesses sur le plateau de coupe. \u00c0 l'aide d'une cl\u00e9 ou d'une douille, desserrez et retirez ces boulons.<\/p>\n<h4>4. D\u00e9tachez les arbres d'entr\u00e9e et de sortie<\/h4>\n<p>D\u00e9connectez les arbres d'entr\u00e9e et de sortie reli\u00e9s \u00e0 la bo\u00eete de vitesses. Il vous faudra peut-\u00eatre retirer les accouplements, les goupilles ou autres fixations. Notez le sch\u00e9ma de connexion des arbres pour faciliter le remontage.<\/p>\n<h4>5. Retirez la bo\u00eete de vitesses du pont<\/h4>\n<p>Soulevez d\u00e9licatement la bo\u00eete de vitesses du plateau de coupe. Selon sa taille et son poids, l'aide d'une autre personne peut \u00eatre n\u00e9cessaire pour une manipulation en toute s\u00e9curit\u00e9.<\/p>\n<h4>6. Inspectez la bo\u00eete de vitesses<\/h4>\n<p>Examinez la bo\u00eete de vitesses afin de d\u00e9celer tout signe d'usure ou de dommage, comme des engrenages us\u00e9s, des joints endommag\u00e9s ou des roulements d\u00e9fectueux. Cette \u00e9tape est cruciale pour d\u00e9terminer si la bo\u00eete de vitesses est r\u00e9parable ou si elle doit \u00eatre remplac\u00e9e.<\/p>\n<h4>7. R\u00e9parer ou remplacer la bo\u00eete de vitesses<\/h4>\n<p>Si la bo\u00eete de vitesses est endommag\u00e9e, suivez les instructions du fabricant pour la r\u00e9paration ou le remplacement. Assurez-vous que tous les composants sont en bon \u00e9tat de fonctionnement avant de les r\u00e9installer.<\/p>\n<h4>8. R\u00e9installez la bo\u00eete de vitesses<\/h4>\n<p>Pour r\u00e9installer, suivez les \u00e9tapes de d\u00e9sinstallation dans l'ordre inverse\u00a0:<\/p>\n<ul>\n<li>Positionnez la bo\u00eete de vitesses sur le plateau de coupe.<\/li>\n<li>Fixez les boulons de fixation en les serrant au couple recommand\u00e9 par le fabricant.<\/li>\n<li>Rebranchez les arbres d'entr\u00e9e et de sortie en veillant \u00e0 ce que tous les accouplements et accessoires soient correctement align\u00e9s.<\/li>\n<li>R\u00e9installez correctement les lames de coupe.<\/li>\n<\/ul>\n<h4>9. Tester la tondeuse<\/h4>\n<p>Apr\u00e8s la r\u00e9installation, testez la tondeuse pour vous assurer que la bo\u00eete de vitesses fonctionne correctement et qu'il n'y a pas de bruits ou de vibrations inhabituels.<\/p>\n<h3>Conseils de s\u00e9curit\u00e9<\/h3>\n<ul>\n<li>Portez toujours des gants de protection et des lunettes de s\u00e9curit\u00e9 pendant toute la dur\u00e9e de l'op\u00e9ration.<\/li>\n<li>Utilisez des supports stables pour \u00e9viter que la tondeuse ne se renverse.<\/li>\n<li>Suivez les instructions sp\u00e9cifiques du manuel d'utilisation de votre tondeuse pour garantir la compatibilit\u00e9 et la s\u00e9curit\u00e9.<\/li>\n<\/ul>\n<p>En suivant attentivement ces \u00e9tapes et en respectant les consignes de s\u00e9curit\u00e9, vous pourrez retirer, inspecter, remplacer ou r\u00e9parer avec succ\u00e8s la bo\u00eete de vitesses de la tondeuse rotative, selon les besoins.<\/p>\n<p><img loading=\"lazy\" decoding=\"async\" class=\"alignnone size-full wp-image-1857\" src=\"https:\/\/fmp-components.com\/wp-content\/uploads\/2024\/12\/Rotary-Mower-Gearbox1.webp\" alt=\"Bo\u00eete de vitesses de tondeuse rotative\" width=\"1275\" height=\"428\" title=\"\" srcset=\"https:\/\/fmp-components.com\/wp-content\/uploads\/2024\/12\/Rotary-Mower-Gearbox1.webp 1275w, https:\/\/fmp-components.com\/wp-content\/uploads\/2024\/12\/Rotary-Mower-Gearbox1-980x329.webp 980w, https:\/\/fmp-components.com\/wp-content\/uploads\/2024\/12\/Rotary-Mower-Gearbox1-480x161.webp 480w\" sizes=\"(min-width: 0px) and (max-width: 480px) 480px, (min-width: 481px) and (max-width: 980px) 980px, (min-width: 981px) 1275px, 100vw\" \/><\/p>\n<h3>\u00c0 propos de FMP<\/h3>\n<p>FMP est une entreprise italienne de premier plan, sp\u00e9cialis\u00e9e dans la recherche, le d\u00e9veloppement et la fabrication de r\u00e9ducteurs, de bo\u00eetes de vitesses et de machines-outils. Elle s'engage \u00e9galement \u00e0 former des talents techniques afin de stimuler l'innovation et l'excellence dans son secteur. La gamme de produits FMP comprend des r\u00e9ducteurs \u00e0 engrenages coniques h\u00e9lico\u00efdaux et des r\u00e9ducteurs \u00e0 engrenages droits. <a href=\"https:\/\/fmp-components.com\/fr\/worm-gearbox\/\">r\u00e9ducteurs \u00e0 vis sans fin<\/a>, des bo\u00eetes de vitesses cylindriques, ainsi que des corps et des bo\u00eetiers de vannes moul\u00e9s sous haute pression.<\/p>\n<h4>Applications \u00e9tendues<\/h4>\n<p>Les produits FMP sont largement utilis\u00e9s dans diverses applications, notamment\u00a0:<\/p>\n<ul>\n<li>Machines agricoles telles que tondeuses rotatives, balayeuses \u00e0 neige, \u00e9pandeurs d'engrais et convoyeurs \u00e0 grains.<\/li>\n<li>\u00c9quipements industriels, machines d'extraction p\u00e9troli\u00e8re, dispositifs industriels marins et composants hydrauliques pour projets d'ing\u00e9nierie.<\/li>\n<\/ul>\n<h4>Fabrication et technologie de pointe<\/h4>\n<p>FMP est fi\u00e8re de ses solides capacit\u00e9s techniques et de R&amp;D, garantissant des produits fiables et de haute qualit\u00e9 r\u00e9pondant aux exigences des industries modernes. L'entreprise adopte un processus de fabrication rigoureux et sophistiqu\u00e9, comprenant\u00a0:<\/p>\n<ol>\n<li><strong>Conception de produits<\/strong>\u00c9laboration de sp\u00e9cifications, de mat\u00e9riaux et de dimensions personnalis\u00e9s pour r\u00e9pondre aux besoins du client.<\/li>\n<li><strong>Pr\u00e9paration du mat\u00e9riel<\/strong>: Utilisation de mat\u00e9riaux de premi\u00e8re qualit\u00e9 tels que la fonte ou les alliages d'aluminium.<\/li>\n<li><strong>Usinage de pr\u00e9cision<\/strong>: Utilisation de techniques d'usinage avanc\u00e9es telles que le tournage, le fraisage et d'autres proc\u00e9d\u00e9s pour produire des composants cl\u00e9s comme les engrenages et les carters.<\/li>\n<li><strong>Assembl\u00e9e<\/strong>: Assemblage des engrenages, des roulements et des arbres dans le bo\u00eetier avec un alignement pr\u00e9cis, un \u00e9talonnage et une lubrification appropri\u00e9e.<\/li>\n<li><strong>Traitement des processus<\/strong>: R\u00e9aliser un traitement thermique pour am\u00e9liorer la r\u00e9sistance et la durabilit\u00e9.<\/li>\n<li><strong>Traitement de surface<\/strong>Application de polissage, de rev\u00eatement en poudre et d'autres traitements de surface pour am\u00e9liorer l'apparence et la r\u00e9sistance \u00e0 la corrosion.<\/li>\n<li><strong>Contr\u00f4le de qualit\u00e9<\/strong>Mise en \u0153uvre d'inspections et de tests rigoureux portant sur les dimensions, la pr\u00e9cision, le bruit et les vibrations afin de garantir la stabilit\u00e9, la s\u00e9curit\u00e9 et une qualit\u00e9 constante.<\/li>\n<\/ol>\n<h4>R\u00e9putation de l'industrie<\/h4>\n<p>L'engagement de FMP envers la qualit\u00e9, l'innovation et la satisfaction client lui a valu une excellente r\u00e9putation dans le secteur manufacturier. L'entreprise adh\u00e8re \u00e0 une philosophie d'entreprise unique qui met l'accent sur la fiabilit\u00e9, le savoir-faire et l'excellence.<\/p>\n<p>Nous sommes ouverts aux demandes de renseignements et aux propositions de collaboration de clients et partenaires du monde entier. N'h\u00e9sitez pas \u00e0 nous contacter par t\u00e9l\u00e9phone ou par courriel pour obtenir plus d'informations sur nos produits et services.<\/p>\n<p><img loading=\"lazy\" decoding=\"async\" class=\"alignnone size-full wp-image-1861\" src=\"https:\/\/fmp-components.com\/wp-content\/uploads\/2024\/12\/Other-Agricultural-Gearboxes.webp\" alt=\"Autres bo\u00eetes de vitesses agricoles\" width=\"1200\" height=\"1400\" title=\"\" srcset=\"https:\/\/fmp-components.com\/wp-content\/uploads\/2024\/12\/Other-Agricultural-Gearboxes.webp 1200w, https:\/\/fmp-components.com\/wp-content\/uploads\/2024\/12\/Other-Agricultural-Gearboxes-980x1143.webp 980w, https:\/\/fmp-components.com\/wp-content\/uploads\/2024\/12\/Other-Agricultural-Gearboxes-480x560.webp 480w\" sizes=\"(min-width: 0px) and (max-width: 480px) 480px, (min-width: 481px) and (max-width: 980px) 980px, (min-width: 981px) 1200px, 100vw\" \/><\/p>\n<p>Auteur : CX<\/p>","protected":false},"excerpt":{"rendered":"<p>Product Specification Product Description Rotary Mower Gearboxes &#8211; Replacement of Comer Gearbox LF-211J Product details All gearboxes are supplied without oil. First, the oil change after 50-70 operating hours, then after 500-700 operating hours or at least once a year. Contact us for power at a different RPM. Application range Mowers Consists of Gearbox Without [&hellip;]<\/p>","protected":false},"featured_media":1858,"comment_status":"open","ping_status":"closed","template":"","meta":{"_et_pb_use_builder":"","_et_pb_old_content":"","_et_gb_content_width":""},"product_brand":[],"product_cat":[51],"product_tag":[],"class_list":{"0":"post-1853","1":"product","2":"type-product","3":"status-publish","4":"has-post-thumbnail","6":"product_cat-rotary-mower-gearbox","8":"first","9":"instock","10":"shipping-taxable","11":"product-type-simple"},"_links":{"self":[{"href":"https:\/\/fmp-components.com\/fr\/wp-json\/wp\/v2\/product\/1853","targetHints":{"allow":["GET"]}}],"collection":[{"href":"https:\/\/fmp-components.com\/fr\/wp-json\/wp\/v2\/product"}],"about":[{"href":"https:\/\/fmp-components.com\/fr\/wp-json\/wp\/v2\/types\/product"}],"replies":[{"embeddable":true,"href":"https:\/\/fmp-components.com\/fr\/wp-json\/wp\/v2\/comments?post=1853"}],"wp:featuredmedia":[{"embeddable":true,"href":"https:\/\/fmp-components.com\/fr\/wp-json\/wp\/v2\/media\/1858"}],"wp:attachment":[{"href":"https:\/\/fmp-components.com\/fr\/wp-json\/wp\/v2\/media?parent=1853"}],"wp:term":[{"taxonomy":"product_brand","embeddable":true,"href":"https:\/\/fmp-components.com\/fr\/wp-json\/wp\/v2\/product_brand?post=1853"},{"taxonomy":"product_cat","embeddable":true,"href":"https:\/\/fmp-components.com\/fr\/wp-json\/wp\/v2\/product_cat?post=1853"},{"taxonomy":"product_tag","embeddable":true,"href":"https:\/\/fmp-components.com\/fr\/wp-json\/wp\/v2\/product_tag?post=1853"}],"curies":[{"name":"wp","href":"https:\/\/api.w.org\/{rel}","templated":true}]}}