{"id":1845,"date":"2024-12-24T06:38:50","date_gmt":"2024-12-24T06:38:50","guid":{"rendered":"https:\/\/fmp-components.com\/?page_id=8"},"modified":"2024-12-24T06:52:40","modified_gmt":"2024-12-24T06:52:40","slug":"post-hole-digger-gearbox-replacement-of-comer-code-t-22f","status":"publish","type":"product","link":"https:\/\/fmp-components.com\/fr\/product\/post-hole-digger-gearbox-replacement-of-comer-code-t-22f\/","title":{"rendered":"Bo\u00eete de vitesses pour tari\u00e8re \u2013 Remplacement du mod\u00e8le Comer Code T-22F"},"content":{"rendered":"<p>Notre r\u00e9ducteur pour tari\u00e8re, sp\u00e9cialement con\u00e7u pour remplacer le Comer Code T-22F, est un mod\u00e8le haute performance con\u00e7u pour r\u00e9pondre aux exigences de diverses applications de forage, garantissant efficacit\u00e9 et fiabilit\u00e9.<\/p>\n<h3>Caract\u00e9ristiques principales :<\/h3>\n<ul>\n<li><strong>Capacit\u00e9 de couple \u00e9lev\u00e9<\/strong>Cette bo\u00eete de vitesses est con\u00e7ue pour supporter des couples \u00e9lev\u00e9s, transf\u00e9rant efficacement la puissance du tracteur \u00e0 la tari\u00e8re pour des performances de forage optimales dans des conditions de sol difficiles.<\/li>\n<li><strong>Construction durable<\/strong>Fabriqu\u00e9e \u00e0 partir de mat\u00e9riaux de premi\u00e8re qualit\u00e9, notre bo\u00eete de vitesses offre une r\u00e9sistance et une solidit\u00e9 exceptionnelles, garantissant une longue dur\u00e9e de vie m\u00eame en cas d'utilisation intensive.<\/li>\n<li><strong>Ing\u00e9nierie de pr\u00e9cision<\/strong>Chaque unit\u00e9 est usin\u00e9e avec pr\u00e9cision pour garantir un fonctionnement fluide et des performances pr\u00e9cises, minimisant les pertes d'\u00e9nergie et am\u00e9liorant l'efficacit\u00e9 globale.<\/li>\n<li><strong>Conception compacte<\/strong>Sa taille compacte permet une installation facile et une compatibilit\u00e9 avec diff\u00e9rentes configurations de tari\u00e8res, ce qui en fait un choix polyvalent pour diff\u00e9rentes applications.<\/li>\n<li><strong>Compatibilit\u00e9 polyvalente<\/strong>Con\u00e7ue pour s'adapter \u00e0 une gamme de tracteurs et d'outils de terrassement, cette bo\u00eete de vitesses convient aux projets agricoles, d'am\u00e9nagement paysager et de construction.<\/li>\n<li><strong>Syst\u00e8me d'\u00e9tanch\u00e9it\u00e9 efficace<\/strong>Les joints int\u00e9gr\u00e9s emp\u00eachent la poussi\u00e8re et l'humidit\u00e9 de p\u00e9n\u00e9trer dans la bo\u00eete de vitesses, assurant ainsi la lubrification et prolongeant la dur\u00e9e de vie des composants internes.<\/li>\n<li><strong>Faibles besoins d'entretien<\/strong>:Con\u00e7ue pour durer, cette bo\u00eete de vitesses n\u00e9cessite un entretien minimal, permettant aux utilisateurs de se concentrer sur leur travail sans interruptions fr\u00e9quentes.<\/li>\n<\/ul>\n<p>Notre r\u00e9ducteur pour tari\u00e8re, con\u00e7u pour remplacer le mod\u00e8le Comer Code T-22F, allie robustesse et pr\u00e9cision, ce qui en fait la solution id\u00e9ale pour tous vos besoins de forage. Pour plus d'informations ou pour passer commande, contactez-nous d\u00e8s aujourd'hui\u00a0!<\/p>\n<h2>Sp\u00e9cifications du produit :<\/h2>\n<table style=\"width: 100%;\" border=\"1\" width=\"100%\" cellspacing=\"0\" cellpadding=\"0\">\n<tbody>\n<tr>\n<th>Description<\/th>\n<td>Bo\u00eete de vitesses pour tari\u00e8re \u2013 Remplacement du r\u00e9ducteur de vitesse Comer Code T-22F<\/td>\n<\/tr>\n<tr>\n<th>Application<\/th>\n<td>Applications diverses (agricoles), fraises rotatives multi-rangs, tari\u00e8re<\/td>\n<\/tr>\n<tr>\n<th>Se compose de<\/th>\n<td>Bo\u00eete de vitesse<\/td>\n<\/tr>\n<tr>\n<th>Sans huile<\/th>\n<td>Informations techniques<\/td>\n<\/tr>\n<tr>\n<th>Contient de l&#039;huile<\/th>\n<td>Non<\/td>\n<\/tr>\n<tr>\n<th>Capacit\u00e9 et type d'huile<\/th>\n<td>3,3 GL-5 80W-90 l<\/td>\n<\/tr>\n<tr>\n<th>Augmentation de la disposition des engrenages<\/th>\n<td>23 &#8211; 24<\/td>\n<\/tr>\n<tr>\n<th>Disposition des engrenages r\u00e9ducteurs<\/th>\n<td>3 &#8211; 4<\/td>\n<\/tr>\n<tr>\n<th>Puissance d&#039;entr\u00e9e kW \/ CV croissante<\/th>\n<td>72,1 \/ 98 kW\/ch<\/td>\n<\/tr>\n<tr>\n<th>Saisir<\/th>\n<td>540 tr\/min<\/td>\n<\/tr>\n<tr>\n<th>Augmentation de l&#039;arbre d&#039;entr\u00e9e<\/th>\n<td>Oui<\/td>\n<\/tr>\n<tr>\n<th>R\u00e9ducteur d'arbre d'entr\u00e9e<\/th>\n<td>Z<\/td>\n<\/tr>\n<tr>\n<th>Mat\u00e9riau du logement<\/th>\n<td>Fonte GG25<\/td>\n<\/tr>\n<tr>\n<th>Puissance d'entr\u00e9e KW \/ HP R\u00e9duction<\/th>\n<td>60,4 \/ 82 kW\/CV<\/td>\n<\/tr>\n<tr>\n<th>Couple de sortie DaNm<\/th>\n<td>199,5 daNm<\/td>\n<\/tr>\n<tr>\n<th>Couple de sortie DaNm croissant<\/th>\n<td>64 daNm<\/td>\n<\/tr>\n<tr>\n<th>Intervalle de vidange d'huile<\/th>\n<td>500 h<\/td>\n<\/tr>\n<tr>\n<th>Ratio croissant<\/th>\n<td>1 : 1.93<\/td>\n<\/tr>\n<tr>\n<th>R\u00e9duction du rapport<\/th>\n<td>1.93 : 1<\/td>\n<\/tr>\n<tr>\n<th>Arbre Y<\/th>\n<td>1 3\/8\u2033 (6) (B)<\/td>\n<\/tr>\n<tr>\n<th>Arbre Z<\/th>\n<td>1 3\/8\u2033 (6) (D)<\/td>\n<\/tr>\n<tr>\n<th>Poids<\/th>\n<td>29 kg<\/td>\n<\/tr>\n<\/tbody>\n<\/table>\n<h2>\u00c0 propos de FMP<\/h2>\n<p>FMP, dont le si\u00e8ge social est en Italie, est un acteur majeur de l'innovation dans la recherche, le d\u00e9veloppement et la fabrication d'une gamme diversifi\u00e9e de r\u00e9ducteurs, de bo\u00eetes de vitesses et de machines-outils. Notre engagement envers l'excellence et l'innovation nous a permis de cr\u00e9er une gamme de produits \u00e9tendue qui comprend\u00a0:<\/p>\n<ul>\n<li><strong>R\u00e9ducteurs \u00e0 engrenages coniques spiro-coniques<\/strong><\/li>\n<li><strong>Bo\u00eetes de vitesses droites<\/strong><\/li>\n<li><strong>R\u00e9ducteurs \u00e0 vis sans fin<\/strong><\/li>\n<li><strong>Bo\u00eetes de vitesses cylindriques<\/strong><\/li>\n<li><strong>Corps et bo\u00eetiers de vannes moul\u00e9s sous haute pression<\/strong><\/li>\n<\/ul>\n<p>Nos produits sont con\u00e7us pour une grande vari\u00e9t\u00e9 d'applications dans de nombreux secteurs, notamment l'agriculture, la construction et le secteur maritime. Ils sont couramment utilis\u00e9s dans les tondeuses agricoles, les chasse-neige, les \u00e9pandeurs d'engrais, les convoyeurs \u00e0 grains, les machines industrielles, les \u00e9quipements d'extraction p\u00e9troli\u00e8re et les syst\u00e8mes hydrauliques.<\/p>\n<p>Chez FMP, nous sommes fiers de notre solide expertise technique et de nos capacit\u00e9s de recherche. Notre engagement \u00e0 fabriquer des produits fiables et de haute qualit\u00e9 nous a permis de nous imposer comme un acteur de confiance dans le secteur manufacturier. Notre philosophie d'entreprise unique, ax\u00e9e sur l'innovation, la qualit\u00e9 et la satisfaction client, nous permet de r\u00e9pondre efficacement aux besoins \u00e9volutifs de nos clients.<\/p>\n<p><img loading=\"lazy\" decoding=\"async\" class=\"alignnone wp-image-1840\" src=\"https:\/\/fmp-components.com\/wp-content\/uploads\/2024\/12\/Post-Hole-Digger-Gearbox-6.webp\" alt=\"Bo\u00eete de vitesses pour tari\u00e8re\" width=\"884\" height=\"582\" title=\"\" srcset=\"https:\/\/fmp-components.com\/wp-content\/uploads\/2024\/12\/Post-Hole-Digger-Gearbox-6.webp 884w, https:\/\/fmp-components.com\/wp-content\/uploads\/2024\/12\/Post-Hole-Digger-Gearbox-6-480x316.webp 480w\" sizes=\"(min-width: 0px) and (max-width: 480px) 480px, (min-width: 481px) 884px, 100vw\" \/><\/p>\n<h3>Proc\u00e9d\u00e9 de fabrication des bo\u00eetes de vitesses agricoles<\/h3>\n<p>La production de bo\u00eetes de vitesses agricoles est un processus complexe qui comprend plusieurs \u00e9tapes cl\u00e9s, chacune visant \u00e0 garantir la plus haute qualit\u00e9 et les meilleures performances\u00a0:<\/p>\n<p><strong>Conception de produits<\/strong><br \/>\nDans un premier temps, nous nous attachons \u00e0 d\u00e9finir les sp\u00e9cifications, \u00e0 s\u00e9lectionner les mat\u00e9riaux et \u00e0 d\u00e9terminer les dimensions adapt\u00e9es aux besoins sp\u00e9cifiques de chaque application. Notre \u00e9quipe de conception collabore \u00e9troitement avec les clients afin de comprendre leurs exigences et d'int\u00e9grer les derni\u00e8res avanc\u00e9es technologiques.<\/p>\n<p><strong>Pr\u00e9paration des mati\u00e8res premi\u00e8res<\/strong><br \/>\nNous s\u00e9lectionnons avec soin les mati\u00e8res premi\u00e8res essentielles, principalement la fonte et l'alliage d'aluminium, en veillant \u00e0 ce qu'elles r\u00e9pondent \u00e0 nos normes de qualit\u00e9 rigoureuses. Chaque lot fait l'objet d'un contr\u00f4le approfondi afin de garantir des performances optimales de nos produits.<\/p>\n<p><strong>Usinage de pr\u00e9cision<\/strong><br \/>\nLes mati\u00e8res premi\u00e8res sont soumises \u00e0 des op\u00e9rations d'usinage de pr\u00e9cision, notamment le tournage et le fraisage, afin de cr\u00e9er des engrenages, des arbres et des carters d'une pr\u00e9cision exceptionnelle. Nos machines de pointe et nos techniciens qualifi\u00e9s garantissent que chaque composant est fabriqu\u00e9 selon les normes les plus exigeantes.<\/p>\n<p><strong>Assembl\u00e9e<\/strong><br \/>\nLors de l'assemblage, les composants tels que les engrenages, les roulements et les arbres sont soigneusement assembl\u00e9s \u00e0 l'int\u00e9rieur du carter. Ce processus comprend des contr\u00f4les de pr\u00e9cision et des \u00e9talonnages rigoureux, ainsi que l'application de lubrifiants appropri\u00e9s pour garantir un fonctionnement fluide et efficace.<\/p>\n<p><strong>Traitement des processus<\/strong><br \/>\nPour une r\u00e9sistance et une durabilit\u00e9 accrues, nos r\u00e9ducteurs sont soumis \u00e0 des traitements thermiques de pointe. Cette \u00e9tape cruciale garantit que nos produits r\u00e9pondent aux exigences des applications les plus difficiles.<\/p>\n<p><strong>Traitement de surface<\/strong><br \/>\nNous appliquons des traitements de surface tels que le polissage et le rev\u00eatement en poudre afin d'am\u00e9liorer l'esth\u00e9tique et la r\u00e9sistance \u00e0 la corrosion de nos bo\u00eetes de vitesses. Ces traitements renforcent leur durabilit\u00e9 et prolongent leur dur\u00e9e de vie dans divers environnements.<\/p>\n<p><strong>Contr\u00f4le de qualit\u00e9<\/strong><br \/>\nDes contr\u00f4les complets sont effectu\u00e9s \u00e0 chaque \u00e9tape de la production, portant sur les dimensions, la pr\u00e9cision, le bruit et les vibrations. Ce processus rigoureux de contr\u00f4le qualit\u00e9 garantit que nos r\u00e9ducteurs r\u00e9pondent aux normes de s\u00e9curit\u00e9 et de performance les plus strictes.<\/p>\n<p>La production de r\u00e9ducteurs agricoles chez FMP est un processus complexe qui exige un savoir-faire pointu, des technologies de fabrication de pointe et un syst\u00e8me de contr\u00f4le qualit\u00e9 rigoureux. Notre approche m\u00e9ticuleuse nous permet de fournir des r\u00e9ducteurs aux performances et \u00e0 la fiabilit\u00e9 exceptionnelles, r\u00e9pondant ainsi aux exigences \u00e9lev\u00e9es de nos clients.<\/p>\n<p>Auteur : CX<\/p>","protected":false},"excerpt":{"rendered":"<p>Our Post Hole Digger Gearbox, specifically designed as a replacement for the Comer Code T-22F. This high-performance gearbox is engineered to meet the demands of various drilling applications, ensuring efficiency and reliability. Key Features: High Torque Capability: This gearbox is built to handle high torque outputs, effectively transferring power from the tractor to the auger [&hellip;]<\/p>","protected":false},"featured_media":1846,"comment_status":"open","ping_status":"closed","template":"","meta":{"_et_pb_use_builder":"","_et_pb_old_content":"","_et_gb_content_width":""},"product_brand":[],"product_cat":[50],"product_tag":[],"class_list":{"0":"post-1845","1":"product","2":"type-product","3":"status-publish","4":"has-post-thumbnail","6":"product_cat-post-hole-digger-gearbox","8":"first","9":"instock","10":"shipping-taxable","11":"product-type-simple"},"_links":{"self":[{"href":"https:\/\/fmp-components.com\/fr\/wp-json\/wp\/v2\/product\/1845","targetHints":{"allow":["GET"]}}],"collection":[{"href":"https:\/\/fmp-components.com\/fr\/wp-json\/wp\/v2\/product"}],"about":[{"href":"https:\/\/fmp-components.com\/fr\/wp-json\/wp\/v2\/types\/product"}],"replies":[{"embeddable":true,"href":"https:\/\/fmp-components.com\/fr\/wp-json\/wp\/v2\/comments?post=1845"}],"wp:featuredmedia":[{"embeddable":true,"href":"https:\/\/fmp-components.com\/fr\/wp-json\/wp\/v2\/media\/1846"}],"wp:attachment":[{"href":"https:\/\/fmp-components.com\/fr\/wp-json\/wp\/v2\/media?parent=1845"}],"wp:term":[{"taxonomy":"product_brand","embeddable":true,"href":"https:\/\/fmp-components.com\/fr\/wp-json\/wp\/v2\/product_brand?post=1845"},{"taxonomy":"product_cat","embeddable":true,"href":"https:\/\/fmp-components.com\/fr\/wp-json\/wp\/v2\/product_cat?post=1845"},{"taxonomy":"product_tag","embeddable":true,"href":"https:\/\/fmp-components.com\/fr\/wp-json\/wp\/v2\/product_tag?post=1845"}],"curies":[{"name":"wp","href":"https:\/\/api.w.org\/{rel}","templated":true}]}}