{"id":1843,"date":"2024-12-24T06:35:24","date_gmt":"2024-12-24T06:35:24","guid":{"rendered":"https:\/\/fmp-components.com\/?page_id=8"},"modified":"2024-12-24T06:51:56","modified_gmt":"2024-12-24T06:51:56","slug":"post-hole-digger-gearbox-replacement-of-comer-code-t-290f","status":"publish","type":"product","link":"https:\/\/fmp-components.com\/fr\/product\/post-hole-digger-gearbox-replacement-of-comer-code-t-290f\/","title":{"rendered":"Bo\u00eete de vitesses pour tari\u00e8re \u2013 Remplacement du mod\u00e8le Comer Code T-290F"},"content":{"rendered":"<p>Notre bo\u00eete de vitesses pour tari\u00e8re, sp\u00e9cialement con\u00e7ue pour remplacer la Comer Code T-290F, garantit des performances et une durabilit\u00e9 exceptionnelles pour diverses applications de forage.<\/p>\n<h3>Caract\u00e9ristiques principales :<\/h3>\n<ul>\n<li><strong>Couple de sortie \u00e9lev\u00e9<\/strong>:Con\u00e7ue pour fournir un couple exceptionnel, cette bo\u00eete de vitesses transf\u00e8re efficacement la puissance du tracteur \u00e0 la tari\u00e8re, ce qui la rend id\u00e9ale pour les conditions de sol difficiles.<\/li>\n<li><strong>Construction robuste<\/strong>:Construite avec des mat\u00e9riaux de haute qualit\u00e9, notre bo\u00eete de vitesses offre une r\u00e9sistance et une r\u00e9sistance \u00e0 l'usure sup\u00e9rieures, garantissant une longue dur\u00e9e de vie.<\/li>\n<li><strong>Usinage de pr\u00e9cision<\/strong>:Chaque unit\u00e9 est fabriqu\u00e9e avec pr\u00e9cision pour garantir un fonctionnement fluide et des performances optimales, minimisant les pertes d'\u00e9nergie pendant l'utilisation.<\/li>\n<li><strong>Conception compacte<\/strong>:Les dimensions compactes permettent une installation facile et une compatibilit\u00e9 avec divers syst\u00e8mes de tari\u00e8re sans ajouter de volume suppl\u00e9mentaire.<\/li>\n<li><strong>Compatibilit\u00e9 polyvalente<\/strong>:Con\u00e7u pour s'adapter \u00e0 une gamme de tracteurs et d'outils d'excavation, ce qui le rend adapt\u00e9 \u00e0 de multiples applications agricoles et de construction.<\/li>\n<li><strong>Syst\u00e8me d'\u00e9tanch\u00e9it\u00e9 efficace<\/strong>:Les joints int\u00e9gr\u00e9s emp\u00eachent les contaminants de p\u00e9n\u00e9trer dans la bo\u00eete de vitesses, contribuant ainsi \u00e0 maintenir la lubrification et \u00e0 am\u00e9liorer la dur\u00e9e de vie des composants internes.<\/li>\n<li><strong>Faibles besoins d'entretien<\/strong>:Con\u00e7ue pour durer, cette bo\u00eete de vitesses n\u00e9cessite un entretien minimal, permettant aux utilisateurs de se concentrer sur leurs t\u00e2ches sans temps d'arr\u00eat fr\u00e9quents.<\/li>\n<\/ul>\n<p>Notre bo\u00eete de vitesses pour tari\u00e8re, rempla\u00e7ant la Comer Code T-290F, est con\u00e7ue pour offrir des performances et une fiabilit\u00e9 \u00e9lev\u00e9es. Gr\u00e2ce \u00e0 sa conception robuste et \u00e0 sa conception pr\u00e9cise, elle constitue la solution id\u00e9ale pour tous vos besoins de forage. Pour plus d'informations ou pour passer commande, contactez-nous d\u00e8s aujourd'hui\u00a0!<\/p>\n<h2>Sp\u00e9cifications du produit :<\/h2>\n<table style=\"width: 100%;\" border=\"1\" width=\"100%\" cellspacing=\"0\" cellpadding=\"0\">\n<tbody>\n<tr>\n<th>Description<\/th>\n<td>Bo\u00eete de vitesses pour tari\u00e8re \u2013 Remplacement du mod\u00e8le Comer Code T-290F<\/td>\n<\/tr>\n<tr>\n<th>Application<\/th>\n<td>Diverses applications (agricoles)<\/td>\n<\/tr>\n<tr>\n<th>Se compose de<\/th>\n<td>Bo\u00eete de vitesse<\/td>\n<\/tr>\n<tr>\n<th>Sans huile<\/th>\n<td>Informations techniques<\/td>\n<\/tr>\n<tr>\n<th>Puissance d'entr\u00e9e max.<\/th>\n<td>66,2 kW<\/td>\n<\/tr>\n<tr>\n<th>Couple de sortie max.<\/th>\n<td>1135 nm<\/td>\n<\/tr>\n<tr>\n<th>Contient de l&#039;huile<\/th>\n<td>Non<\/td>\n<\/tr>\n<tr>\n<th>Capacit\u00e9 d&#039;huile maximale<\/th>\n<td>2,3 l<\/td>\n<\/tr>\n<tr>\n<th>Intervalle maximal de vidange d'huile<\/th>\n<td>500 h<\/td>\n<\/tr>\n<tr>\n<th>Grade de viscosit\u00e9 SAE de l&#039;huile<\/th>\n<td>80W-90<\/td>\n<\/tr>\n<tr>\n<th>Mat\u00e9riau du bo\u00eetier<\/th>\n<td>Fonte GG25<\/td>\n<\/tr>\n<tr>\n<th>Poids<\/th>\n<td>30 kg<\/td>\n<\/tr>\n<tr>\n<th>Disposition des engrenages<\/th>\n<td>5 &#8211; 6<\/td>\n<\/tr>\n<tr>\n<th>Rapport<\/th>\n<td>1: 1<\/td>\n<\/tr>\n<tr>\n<th>arbre d'entr\u00e9e<\/th>\n<td>Z<\/td>\n<\/tr>\n<tr>\n<th>Arbre X<\/th>\n<td>1 3\/8\u2033 (6) (A)<\/td>\n<\/tr>\n<tr>\n<th>Arbre Y<\/th>\n<td>1 3\/8\u2033 (6) (A)<\/td>\n<\/tr>\n<tr>\n<th>Arbre Z<\/th>\n<td>1 3\/8\u2033 (6) (B)<\/td>\n<\/tr>\n<\/tbody>\n<\/table>\n<h2>\u00c0 propos de FMP<\/h2>\n<p>Bas\u00e9e en Italie, FMP est un leader dans la recherche, le d\u00e9veloppement et la fabrication d'une grande vari\u00e9t\u00e9 de bo\u00eetes de vitesses, de r\u00e9ducteurs et de machines d'ing\u00e9nierie. Forts de notre engagement envers l'innovation et l'excellence, nous proposons une vaste gamme de produits comprenant\u00a0:<\/p>\n<ul>\n<li><strong>R\u00e9ducteurs \u00e0 engrenages coniques spiro-coniques<\/strong><\/li>\n<li><strong>Bo\u00eetes de vitesses droites<\/strong><\/li>\n<li><strong>R\u00e9ducteurs \u00e0 vis sans fin<\/strong><\/li>\n<li><strong>Bo\u00eetes de vitesses cylindriques<\/strong><\/li>\n<li><strong>Corps et bo\u00eetiers de vannes moul\u00e9s sous haute pression<\/strong><\/li>\n<\/ul>\n<p>Nos produits sont con\u00e7us pour une multitude d'applications, au service de secteurs tels que l'agriculture, la construction et la marine. Ils sont couramment utilis\u00e9s dans les tondeuses agricoles, les chasse-neige, les \u00e9pandeurs d'engrais, les convoyeurs \u00e0 grains, les machines industrielles, les \u00e9quipements d'extraction p\u00e9troli\u00e8re et les syst\u00e8mes hydrauliques.<\/p>\n<p>Chez FMP, nous sommes fiers de nos solides capacit\u00e9s techniques et de recherche. Notre engagement ind\u00e9fectible \u00e0 produire des produits fiables et de haute qualit\u00e9 nous a permis de nous positionner comme une r\u00e9f\u00e9rence dans le secteur manufacturier. Notre philosophie d'entreprise unique privil\u00e9gie l'innovation, la qualit\u00e9 et la satisfaction client, nous permettant ainsi de nous adapter \u00e0 l'\u00e9volution de leurs besoins.<\/p>\n<p><img loading=\"lazy\" decoding=\"async\" class=\"alignnone wp-image-1840\" src=\"https:\/\/fmp-components.com\/wp-content\/uploads\/2024\/12\/Post-Hole-Digger-Gearbox-6.webp\" alt=\"Bo\u00eete de vitesses pour tari\u00e8re\" width=\"884\" height=\"582\" title=\"\" srcset=\"https:\/\/fmp-components.com\/wp-content\/uploads\/2024\/12\/Post-Hole-Digger-Gearbox-6.webp 884w, https:\/\/fmp-components.com\/wp-content\/uploads\/2024\/12\/Post-Hole-Digger-Gearbox-6-480x316.webp 480w\" sizes=\"(min-width: 0px) and (max-width: 480px) 480px, (min-width: 481px) 884px, 100vw\" \/><\/p>\n<h3>Proc\u00e9d\u00e9 de fabrication des bo\u00eetes de vitesses agricoles<\/h3>\n<p>La production de bo\u00eetes de vitesses agricoles est un processus m\u00e9ticuleux qui implique plusieurs \u00e9tapes critiques, chacune con\u00e7ue pour garantir la plus haute qualit\u00e9 et les meilleures performances :<\/p>\n<p><strong>Conception de produits<\/strong><br \/>\nLa premi\u00e8re \u00e9tape consiste \u00e0 d\u00e9finir les sp\u00e9cifications, \u00e0 s\u00e9lectionner les mat\u00e9riaux et \u00e0 d\u00e9terminer les dimensions adapt\u00e9es aux exigences sp\u00e9cifiques de l'application. Notre \u00e9quipe de conception collabore \u00e9troitement avec nos clients pour comprendre leurs besoins et int\u00e9grer les derni\u00e8res avanc\u00e9es technologiques.<\/p>\n<p><strong>Pr\u00e9paration des mati\u00e8res premi\u00e8res<\/strong><br \/>\nNous s\u00e9lectionnons avec soin les mat\u00e9riaux essentiels, principalement la fonte et l'alliage d'aluminium, afin de garantir leur conformit\u00e9 \u00e0 nos normes de qualit\u00e9 rigoureuses. Chaque lot est soigneusement inspect\u00e9 avant utilisation afin de garantir les performances optimales de nos produits.<\/p>\n<p><strong>Usinage de pr\u00e9cision<\/strong><br \/>\nLes mati\u00e8res premi\u00e8res sont soumises \u00e0 des op\u00e9rations d'usinage de pr\u00e9cision, notamment le tournage et le fraisage, pour cr\u00e9er des engrenages, des arbres et des carters d'une pr\u00e9cision exceptionnelle. Nos machines de pointe et nos techniciens qualifi\u00e9s garantissent la perfection de chaque composant.<\/p>\n<p><strong>Assembl\u00e9e<\/strong><br \/>\nLors de l'assemblage, les composants tels que les engrenages, les roulements et les arbres sont m\u00e9ticuleusement assembl\u00e9s dans le bo\u00eetier. Cette \u00e9tape implique des contr\u00f4les et des \u00e9talonnages de pr\u00e9cision rigoureux, ainsi que l'application de lubrifiants appropri\u00e9s pour garantir un fonctionnement fluide et efficace.<\/p>\n<p><strong>Traitement des processus<\/strong><br \/>\nPour am\u00e9liorer leur robustesse et leur r\u00e9sistance \u00e0 l'usure, les r\u00e9ducteurs sont soumis \u00e0 des traitements thermiques avanc\u00e9s. Cette \u00e9tape cruciale garantit la r\u00e9sistance de nos produits aux rigueurs des applications exigeantes.<\/p>\n<p><strong>Traitement de surface<\/strong><br \/>\nNous appliquons des traitements de surface tels que le polissage et le thermolaquage, am\u00e9liorant ainsi l'esth\u00e9tique et la r\u00e9sistance \u00e0 la corrosion des r\u00e9ducteurs. Cela am\u00e9liore non seulement la durabilit\u00e9, mais prolonge \u00e9galement la dur\u00e9e de vie de nos produits dans divers environnements.<\/p>\n<p><strong>Contr\u00f4le de qualit\u00e9<\/strong><br \/>\nDes inspections compl\u00e8tes sont effectu\u00e9es \u00e0 chaque \u00e9tape de la production, mesurant les dimensions, la pr\u00e9cision, le bruit et les vibrations. Ce contr\u00f4le qualit\u00e9 rigoureux garantit que nos r\u00e9ducteurs r\u00e9pondent \u00e0 des normes de s\u00e9curit\u00e9 et de performance strictes.<\/p>\n<p>Globalement, la production de bo\u00eetes de vitesses agricoles chez FMP est une entreprise complexe qui requiert un savoir-faire artisanal, une technologie de fabrication de pointe et un syst\u00e8me de contr\u00f4le qualit\u00e9 rigoureux. Notre approche m\u00e9ticuleuse nous permet de fournir des bo\u00eetes de vitesses offrant des performances et une fiabilit\u00e9 exceptionnelles, r\u00e9pondant aux exigences \u00e9lev\u00e9es de nos clients.<\/p>\n<p>Auteur : CX<\/p>","protected":false},"excerpt":{"rendered":"<p>Our Post Hole Digger Gearbox, designed specifically as a replacement for the Comer Code T-290F. This gearbox ensures outstanding performance and durability for various drilling applications. Key Features: High Torque Output: Engineered to provide exceptional torque, this gearbox effectively transfers power from the tractor to the auger, making it ideal for tough soil conditions. Robust [&hellip;]<\/p>","protected":false},"featured_media":1844,"comment_status":"open","ping_status":"closed","template":"","meta":{"_et_pb_use_builder":"","_et_pb_old_content":"","_et_gb_content_width":""},"product_brand":[],"product_cat":[15],"product_tag":[],"class_list":{"0":"post-1843","1":"product","2":"type-product","3":"status-publish","4":"has-post-thumbnail","6":"product_cat-uncategorized","8":"first","9":"instock","10":"shipping-taxable","11":"product-type-simple"},"_links":{"self":[{"href":"https:\/\/fmp-components.com\/fr\/wp-json\/wp\/v2\/product\/1843","targetHints":{"allow":["GET"]}}],"collection":[{"href":"https:\/\/fmp-components.com\/fr\/wp-json\/wp\/v2\/product"}],"about":[{"href":"https:\/\/fmp-components.com\/fr\/wp-json\/wp\/v2\/types\/product"}],"replies":[{"embeddable":true,"href":"https:\/\/fmp-components.com\/fr\/wp-json\/wp\/v2\/comments?post=1843"}],"wp:featuredmedia":[{"embeddable":true,"href":"https:\/\/fmp-components.com\/fr\/wp-json\/wp\/v2\/media\/1844"}],"wp:attachment":[{"href":"https:\/\/fmp-components.com\/fr\/wp-json\/wp\/v2\/media?parent=1843"}],"wp:term":[{"taxonomy":"product_brand","embeddable":true,"href":"https:\/\/fmp-components.com\/fr\/wp-json\/wp\/v2\/product_brand?post=1843"},{"taxonomy":"product_cat","embeddable":true,"href":"https:\/\/fmp-components.com\/fr\/wp-json\/wp\/v2\/product_cat?post=1843"},{"taxonomy":"product_tag","embeddable":true,"href":"https:\/\/fmp-components.com\/fr\/wp-json\/wp\/v2\/product_tag?post=1843"}],"curies":[{"name":"wp","href":"https:\/\/api.w.org\/{rel}","templated":true}]}}