{"id":1841,"date":"2024-12-24T06:24:49","date_gmt":"2024-12-24T06:24:49","guid":{"rendered":"https:\/\/fmp-components.com\/?page_id=8"},"modified":"2024-12-24T06:51:07","modified_gmt":"2024-12-24T06:51:07","slug":"post-hole-diggers-gearboxes-replacement-of-comer-code-t-278a-11","status":"publish","type":"product","link":"https:\/\/fmp-components.com\/fr\/product\/post-hole-diggers-gearboxes-replacement-of-comer-code-t-278a-11\/","title":{"rendered":"Bo\u00eetes de vitesses pour tari\u00e8res \u2013 Remplacement du code Comer T-278A 1:1"},"content":{"rendered":"<p>Notre bo\u00eete de vitesses pour tari\u00e8res est con\u00e7ue pour remplacer directement la bo\u00eete de vitesses Comer Code T-278A 1:1. Elle est con\u00e7ue pour offrir des performances et une fiabilit\u00e9 exceptionnelles dans diverses applications de forage.<\/p>\n<h3>Caract\u00e9ristiques principales :<\/h3>\n<ul>\n<li><strong>Capacit\u00e9 de couple \u00e9lev\u00e9e<\/strong>:Capable de g\u00e9rer des t\u00e2ches de forage exigeantes, assurant un transfert de puissance efficace du tracteur \u00e0 la tari\u00e8re.<\/li>\n<li><strong>Construction durable<\/strong>:Fabriqu\u00e9e \u00e0 partir de mat\u00e9riaux de haute qualit\u00e9, notre bo\u00eete de vitesses offre une r\u00e9sistance et une r\u00e9sistance \u00e0 l'usure sup\u00e9rieures, garantissant une longue dur\u00e9e de vie.<\/li>\n<li><strong>Ing\u00e9nierie de pr\u00e9cision<\/strong>:Chaque bo\u00eete de vitesses est usin\u00e9e avec pr\u00e9cision pour garantir un fonctionnement fluide et des performances optimales, r\u00e9duisant ainsi les pertes d'\u00e9nergie pendant l'utilisation.<\/li>\n<li><strong>Conception compacte<\/strong>:Le format compact permet une installation et une int\u00e9gration faciles avec les configurations de tari\u00e8re existantes sans encombrement suppl\u00e9mentaire.<\/li>\n<li><strong>Compatibilit\u00e9 polyvalente<\/strong>:Con\u00e7u pour s'adapter \u00e0 une gamme de tracteurs et d'outils d'excavation, ce qui le rend adapt\u00e9 \u00e0 diverses applications agricoles et de construction.<\/li>\n<li><strong>\u00c9tanch\u00e9it\u00e9 efficace<\/strong>:Les joints int\u00e9gr\u00e9s emp\u00eachent la salet\u00e9 et l'humidit\u00e9 de p\u00e9n\u00e9trer dans la bo\u00eete de vitesses, maintenant ainsi la lubrification et prolongeant la dur\u00e9e de vie des composants internes.<\/li>\n<li><strong>Faible entretien<\/strong>:Con\u00e7ue pour durer, cette bo\u00eete de vitesses n\u00e9cessite un entretien minimal, permettant aux utilisateurs de se concentrer sur leur travail sans interruptions fr\u00e9quentes.<\/li>\n<\/ul>\n<h2>Sp\u00e9cifications du produit :<\/h2>\n<table style=\"width: 100%;\" border=\"1\" width=\"100%\" cellspacing=\"0\" cellpadding=\"0\">\n<tbody>\n<tr>\n<th>Description<\/th>\n<td>Bo\u00eetes de vitesses pour tari\u00e8res \u2013 Remplacement du code Comer T-278A 1:1<\/td>\n<\/tr>\n<tr>\n<th>Application<\/th>\n<td>Diverses applications (agricoles)<\/td>\n<\/tr>\n<tr>\n<th>Se compose de<\/th>\n<td>Bo\u00eete de vitesse<\/td>\n<\/tr>\n<tr>\n<th>Sans huile<\/th>\n<td>Informations techniques<\/td>\n<\/tr>\n<tr>\n<th>Puissance d'entr\u00e9e max.<\/th>\n<td>40,5 kW<\/td>\n<\/tr>\n<tr>\n<th>Couple de sortie max.<\/th>\n<td>693 nm<\/td>\n<\/tr>\n<tr>\n<th>Contient de l&#039;huile<\/th>\n<td>Non<\/td>\n<\/tr>\n<tr>\n<th>Capacit\u00e9 d&#039;huile maximale<\/th>\n<td>1,7 l<\/td>\n<\/tr>\n<tr>\n<th>Intervalle maximal de vidange d'huile<\/th>\n<td>500 h<\/td>\n<\/tr>\n<tr>\n<th>Grade de viscosit\u00e9 SAE de l&#039;huile<\/th>\n<td>80W-90<\/td>\n<\/tr>\n<tr>\n<th>Mat\u00e9riau du bo\u00eetier<\/th>\n<td>Fonte GG25<\/td>\n<\/tr>\n<tr>\n<th>Poids<\/th>\n<td>23,5 kg<\/td>\n<\/tr>\n<tr>\n<th>Disposition des engrenages<\/th>\n<td>1 &#8211; 2<\/td>\n<\/tr>\n<tr>\n<th>Rapport<\/th>\n<td>1 : 1<\/td>\n<\/tr>\n<tr>\n<th>arbre d'entr\u00e9e<\/th>\n<td>Z<\/td>\n<\/tr>\n<tr>\n<th>Arbre X<\/th>\n<td>1 3\/8\u2033 (6) (A)<\/td>\n<\/tr>\n<tr>\n<th>Arbre Z<\/th>\n<td>1 3\/8\u2033 (6) (B)<\/td>\n<\/tr>\n<\/tbody>\n<\/table>\n<h2>\u00c0 propos de FMP<\/h2>\n<p>FMP, situ\u00e9e en Italie, est sp\u00e9cialis\u00e9e dans la recherche, le d\u00e9veloppement et la fabrication d'une gamme diversifi\u00e9e de bo\u00eetes de vitesses, de r\u00e9ducteurs et de machines d'ing\u00e9nierie. Notre vaste gamme de produits comprend\u00a0:<\/p>\n<ul>\n<li><strong>R\u00e9ducteurs \u00e0 engrenages coniques spiro-coniques<\/strong><\/li>\n<li><strong>Bo\u00eetes de vitesses droites<\/strong><\/li>\n<li><strong>R\u00e9ducteurs \u00e0 vis sans fin<\/strong><\/li>\n<li><strong>Bo\u00eetes de vitesses cylindriques<\/strong><\/li>\n<li><strong>Corps et bo\u00eetiers de vannes moul\u00e9s sous haute pression<\/strong><\/li>\n<\/ul>\n<p>Ces produits sont con\u00e7us pour diverses applications, notamment les tondeuses agricoles, les chasse-neige, les \u00e9pandeurs d'engrais, les convoyeurs \u00e0 grains, les machines industrielles, les \u00e9quipements d'extraction de p\u00e9trole, les composants de l'industrie maritime et les syst\u00e8mes hydrauliques pour l'ing\u00e9nierie.<\/p>\n<p>Chez FMP, nous sommes fiers de nos solides capacit\u00e9s techniques et de recherche. Notre engagement \u00e0 produire des produits fiables et de haute qualit\u00e9 nous a permis de nous imposer comme un leader reconnu du secteur manufacturier. Nous adh\u00e9rons \u00e0 une philosophie d'entreprise unique qui privil\u00e9gie l'innovation, la qualit\u00e9 et la satisfaction client, afin de r\u00e9pondre efficacement \u00e0 l'\u00e9volution de leurs besoins.<\/p>\n<p><img loading=\"lazy\" decoding=\"async\" class=\"alignnone wp-image-1840\" src=\"https:\/\/fmp-components.com\/wp-content\/uploads\/2024\/12\/Post-Hole-Digger-Gearbox-6.webp\" alt=\"Bo\u00eete de vitesses pour tari\u00e8re\" width=\"884\" height=\"582\" title=\"\" srcset=\"https:\/\/fmp-components.com\/wp-content\/uploads\/2024\/12\/Post-Hole-Digger-Gearbox-6.webp 884w, https:\/\/fmp-components.com\/wp-content\/uploads\/2024\/12\/Post-Hole-Digger-Gearbox-6-480x316.webp 480w\" sizes=\"(min-width: 0px) and (max-width: 480px) 480px, (min-width: 481px) 884px, 100vw\" \/><\/p>\n<h3>Proc\u00e9d\u00e9 de fabrication des bo\u00eetes de vitesses agricoles<\/h3>\n<p>La production de bo\u00eetes de vitesses agricoles est un processus d\u00e9taill\u00e9 qui implique plusieurs \u00e9tapes critiques :<\/p>\n<p><strong>Conception de produits<\/strong><br \/>\nLa phase initiale se concentre sur la s\u00e9lection des sp\u00e9cifications, des mat\u00e9riaux et des dimensions adapt\u00e9s aux besoins sp\u00e9cifiques de l\u2019application.<\/p>\n<p><strong>Pr\u00e9paration des mati\u00e8res premi\u00e8res<\/strong><br \/>\nNous nous approvisionnons en mat\u00e9riaux essentiels, principalement en fonte et en alliage d'aluminium, en veillant \u00e0 ce qu'ils r\u00e9pondent \u00e0 nos normes de qualit\u00e9 rigoureuses.<\/p>\n<p><strong>Usinage de pr\u00e9cision<\/strong><br \/>\nLes mati\u00e8res premi\u00e8res subissent des op\u00e9rations d\u2019usinage de pr\u00e9cision, notamment le tournage et le fraisage, pour cr\u00e9er des engrenages, des arbres et des bo\u00eetiers avec une pr\u00e9cision exceptionnelle.<\/p>\n<p><strong>Assembl\u00e9e<\/strong><br \/>\nLes composants tels que les engrenages, les roulements et les arbres sont soigneusement assembl\u00e9s dans le bo\u00eetier. Au cours de cette \u00e9tape, des contr\u00f4les de pr\u00e9cision et des \u00e9talonnages sont effectu\u00e9s, ainsi que l'application de lubrifiants appropri\u00e9s pour un fonctionnement optimal.<\/p>\n<p><strong>Traitement des processus<\/strong><br \/>\nLes bo\u00eetes de vitesses sont soumises \u00e0 un traitement thermique pour am\u00e9liorer leur r\u00e9sistance et leur r\u00e9sistance \u00e0 l'usure, garantissant des performances durables.<\/p>\n<p><strong>Traitement de surface<\/strong><br \/>\nNous utilisons des traitements de surface tels que le polissage et le rev\u00eatement en poudre pour am\u00e9liorer \u00e0 la fois l'attrait esth\u00e9tique et la r\u00e9sistance \u00e0 la corrosion des bo\u00eetes de vitesses.<\/p>\n<p><strong>Contr\u00f4le de qualit\u00e9<\/strong><br \/>\nDes inspections compl\u00e8tes sont effectu\u00e9es pour mesurer les dimensions, la pr\u00e9cision, le bruit et les vibrations, garantissant que nos bo\u00eetes de vitesses r\u00e9pondent \u00e0 des normes de s\u00e9curit\u00e9 et de performance strictes.<\/p>\n<p>Globalement, la production de bo\u00eetes de vitesses agricoles est une entreprise complexe qui exige un savoir-faire artisanal, une technologie de fabrication avanc\u00e9e et un syst\u00e8me de contr\u00f4le qualit\u00e9 rigoureux. Cette approche m\u00e9ticuleuse garantit des performances et une fiabilit\u00e9 exceptionnelles \u00e0 nos bo\u00eetes de vitesses.<\/p>\n<p>Auteur : CX<\/p>","protected":false},"excerpt":{"rendered":"<p>Our Post Hole Diggers Gearbox, designed as a direct replacement for the Comer Code T-278A 1:1. This gearbox is engineered to deliver exceptional performance and reliability in various drilling applications. Key Features: High Torque Capacity: Capable of handling demanding drilling tasks, ensuring efficient power transfer from the tractor to the auger. Durable Construction: Made from [&hellip;]<\/p>","protected":false},"featured_media":1842,"comment_status":"open","ping_status":"closed","template":"","meta":{"_et_pb_use_builder":"","_et_pb_old_content":"","_et_gb_content_width":""},"product_brand":[],"product_cat":[50],"product_tag":[],"class_list":{"0":"post-1841","1":"product","2":"type-product","3":"status-publish","4":"has-post-thumbnail","6":"product_cat-post-hole-digger-gearbox","8":"first","9":"instock","10":"shipping-taxable","11":"product-type-simple"},"_links":{"self":[{"href":"https:\/\/fmp-components.com\/fr\/wp-json\/wp\/v2\/product\/1841","targetHints":{"allow":["GET"]}}],"collection":[{"href":"https:\/\/fmp-components.com\/fr\/wp-json\/wp\/v2\/product"}],"about":[{"href":"https:\/\/fmp-components.com\/fr\/wp-json\/wp\/v2\/types\/product"}],"replies":[{"embeddable":true,"href":"https:\/\/fmp-components.com\/fr\/wp-json\/wp\/v2\/comments?post=1841"}],"wp:featuredmedia":[{"embeddable":true,"href":"https:\/\/fmp-components.com\/fr\/wp-json\/wp\/v2\/media\/1842"}],"wp:attachment":[{"href":"https:\/\/fmp-components.com\/fr\/wp-json\/wp\/v2\/media?parent=1841"}],"wp:term":[{"taxonomy":"product_brand","embeddable":true,"href":"https:\/\/fmp-components.com\/fr\/wp-json\/wp\/v2\/product_brand?post=1841"},{"taxonomy":"product_cat","embeddable":true,"href":"https:\/\/fmp-components.com\/fr\/wp-json\/wp\/v2\/product_cat?post=1841"},{"taxonomy":"product_tag","embeddable":true,"href":"https:\/\/fmp-components.com\/fr\/wp-json\/wp\/v2\/product_tag?post=1841"}],"curies":[{"name":"wp","href":"https:\/\/api.w.org\/{rel}","templated":true}]}}