{"id":1691,"date":"2024-12-23T07:01:59","date_gmt":"2024-12-23T07:01:59","guid":{"rendered":"https:\/\/fmp-components.com\/product\/chinese-factory-dump-truck-4-stage-long-stroke-hydraulic-cylinder\/"},"modified":"2025-03-18T02:15:29","modified_gmt":"2025-03-18T02:15:29","slug":"italy-factory-dump-truck-4-stage-long-stroke-hydraulic-cylinder","status":"publish","type":"product","link":"https:\/\/fmp-components.com\/fr\/product\/italy-factory-dump-truck-4-stage-long-stroke-hydraulic-cylinder\/","title":{"rendered":"Camion-benne d'usine en Italie, v\u00e9rin hydraulique \u00e0 course longue \u00e0 4 \u00e9tages"},"content":{"rendered":"<h2>Pr\u00e9sentation du v\u00e9rin hydraulique \u00e0 course longue \u00e0 4 \u00e9tages pour camion-benne d'usine italien\u00a0:<\/h2>\n<p>Le v\u00e9rin hydraulique \u00e0 course longue 4 \u00e9tages pour camions-bennes, fabriqu\u00e9 en Italie, est un v\u00e9rin extr\u00eamement polyvalent et robuste, con\u00e7u sp\u00e9cifiquement pour les camions-bennes. Gr\u00e2ce \u00e0 sa technologie de pointe et \u00e0 sa conception de pr\u00e9cision, ce v\u00e9rin hydraulique offre des performances et une fiabilit\u00e9 exceptionnelles pour diverses applications.<\/p>\n<p>Dot\u00e9 d'une conception \u00e0 quatre \u00e9tages et \u00e0 longue course, ce v\u00e9rin hydraulique offre une port\u00e9e et une capacit\u00e9 de levage accrues, ce qui le rend id\u00e9al pour les tombereaux lourds. Sa construction robuste garantit une r\u00e9sistance sup\u00e9rieure \u00e0 l'usure et aux chocs, permettant un fonctionnement efficace et s\u00fbr m\u00eame dans des conditions de travail exigeantes.<\/p>\n<p>Dot\u00e9 de composants hydrauliques de pointe, ce v\u00e9rin assure des mouvements fluides et pr\u00e9cis, garantissant un contr\u00f4le optimal du processus de d\u00e9versement. Sa haute pression permet un levage et un d\u00e9versement rapides et efficaces des mat\u00e9riaux, augmentant ainsi la productivit\u00e9 et r\u00e9duisant les temps d'arr\u00eat.<\/p>\n<p>Le v\u00e9rin hydraulique \u00e0 course longue \u00e0 4 \u00e9tages pour camions-bennes, fabriqu\u00e9 en Italie, est con\u00e7u avec des mat\u00e9riaux de haute qualit\u00e9 et soumis \u00e0 des contr\u00f4les qualit\u00e9 rigoureux, garantissant ainsi d'excellentes performances et une grande long\u00e9vit\u00e9. Il est soumis \u00e0 des tests rigoureux afin de garantir sa conformit\u00e9, voire son d\u00e9passement, aux normes industrielles, ce qui en fait un choix fiable pour les conducteurs de camions-bennes.<\/p>\n<p>En conclusion, le v\u00e9rin hydraulique \u00e0 course longue \u00e0 4 \u00e9tages pour camions-bennes d'usine italienne est un v\u00e9rin haut de gamme alliant durabilit\u00e9, efficacit\u00e9 et pr\u00e9cision. Gr\u00e2ce \u00e0 ses performances et \u00e0 sa fiabilit\u00e9 exceptionnelles, il constitue un composant essentiel pour les camions-bennes, permettant des op\u00e9rations de d\u00e9chargement fluides et efficaces dans divers secteurs d'activit\u00e9.<\/p>\n<h2>Pr\u00e9sentation du v\u00e9rin hydraulique \u00e0 quatre \u00e9tages et \u00e0 longue course pour camions-bennes<\/h2>\n<p>L'usine italienne a r\u00e9cemment lanc\u00e9 un tout nouveau v\u00e9rin hydraulique adapt\u00e9 \u00e0 divers secteurs d'activit\u00e9, notamment les usines de fabrication, les ateliers de r\u00e9paration de machines, les exploitations agricoles, l'\u00e9nergie et les mines, la construction m\u00e9canique et les usines de machines. Ce v\u00e9rin hydraulique est garanti un an et est accompagn\u00e9 d'un rapport d'essai, gage de sa qualit\u00e9. Ses composants principaux, dont un roulement et un piston, sont standard et en acier, ce qui lui conf\u00e8re robustesse et durabilit\u00e9. Le v\u00e9rin hydraulique p\u00e8se 43 kg et fait l'objet d'un contr\u00f4le vid\u00e9o avant exp\u00e9dition.<\/p>\n<h2>Caract\u00e9ristiques du v\u00e9rin hydraulique \u00e0 course longue \u00e0 4 \u00e9tages<\/h2>\n<p>Ce v\u00e9rin hydraulique poss\u00e8de plusieurs caract\u00e9ristiques exceptionnelles, notamment\u00a0:<\/p>\n<ol>\n<li>Le bo\u00eetier est en acier, ce qui garantit robustesse et durabilit\u00e9.<\/li>\n<li>Il s'agit d'un v\u00e9rin \u00e0 piston standard \u00e0 commande hydraulique, offrant un fonctionnement fiable.<\/li>\n<li>La pouss\u00e9e maximale du v\u00e9rin hydraulique est de 3000 et il peut tirer jusqu'\u00e0 20 tonnes.<\/li>\n<li>Le v\u00e9rin est dot\u00e9 de v\u00e9rins t\u00e9lescopiques invers\u00e9s, ce qui contribue \u00e0 sa conception compacte et \u00e0 son rendement \u00e9lev\u00e9.<\/li>\n<li>Le cylindre est de couleur noire et est certifi\u00e9 ISO9001:2000, ce qui atteste de sa qualit\u00e9.<\/li>\n<\/ol>\n<p><img decoding=\"async\" src=\"https:\/\/hzpt.com\/wp-content\/uploads\/2023\/11\/Inverted-Telescopic-Cylinder-5.webp\" alt=\"\" title=\"\"><\/p>\n<h2>Applications du v\u00e9rin hydraulique \u00e0 course longue \u00e0 4 \u00e9tages<\/h2>\n<p>Ce v\u00e9rin hydraulique trouve son utilisation dans diverses applications, notamment\u00a0:<\/p>\n<ol>\n<li>Usines de fabrication : Utilis\u00e9 dans diverses machines et \u00e9quipements.<\/li>\n<li>Ateliers de r\u00e9paration de machines : indispensables pour l'entretien et la r\u00e9paration des machines.<\/li>\n<li>Exploitations agricoles : Utilis\u00e9 dans les machines et \u00e9quipements agricoles lourds.<\/li>\n<li>\u00c9nergie et exploitation mini\u00e8re : Utilis\u00e9 dans les \u00e9quipements miniers lourds et les machines de production d'\u00e9nergie.<\/li>\n<li>Usines de machines : Essentielles \u00e0 la production et au fonctionnement des machines.<\/li>\n<\/ol>\n<p><img decoding=\"async\" src=\"https:\/\/hzpt.com\/wp-content\/uploads\/2023\/11\/Inverted-Telescopic-Cylinder-Applications.webp\" alt=\"Applications du v\u00e9rin t\u00e9lescopique invers\u00e9\" title=\"\"><\/p>\n<h2>Principe de fonctionnement et entretien du v\u00e9rin hydraulique \u00e0 course longue \u00e0 4 \u00e9tages<\/h2>\n<p>Ce v\u00e9rin hydraulique fonctionne selon les principes de l'hydraulique\u00a0: un piston et un cylindre rempli d'huile hydraulique produisent une force lorsque l'huile est pomp\u00e9e dans le cylindre. L'entretien r\u00e9gulier comprend l'inspection, le nettoyage, la lubrification, les contr\u00f4les et r\u00e9parations p\u00e9riodiques, le remplacement des joints et le respect du manuel d'utilisation.<br \/>\n<img decoding=\"async\" src=\"https:\/\/hzpt.com\/wp-content\/uploads\/2023\/11\/Inverted-Telescopic-Cylinder-17.webp\" alt=\"\" title=\"\"><\/p>\n<h2>V\u00e9rin t\u00e9lescopique invers\u00e9<\/h2>\n<h3>Introduction<\/h3>\n<p>Le v\u00e9rin t\u00e9lescopique invers\u00e9, \u00e9galement appel\u00e9 \u00ab v\u00e9rin t\u00e9lescopique simple effet \u00bb ou \u00ab v\u00e9rin t\u00e9lescopique \u00e0 action inverse \u00bb, est couramment utilis\u00e9 dans les applications de camions-bennes. C'est un actionneur hydraulique qui fournit un mouvement lin\u00e9aire et une force gr\u00e2ce \u00e0 un fluide hydraulique. Ce v\u00e9rin se caract\u00e9rise par sa conception unique, compos\u00e9e d'une s\u00e9rie de tubes embo\u00eet\u00e9s qui s'\u00e9tendent les uns hors des autres pour offrir une course maximale.<\/p>\n<h3>Conception et construction<\/h3>\n<p>Le v\u00e9rin t\u00e9lescopique invers\u00e9 est con\u00e7u pour r\u00e9sister aux charges importantes et aux conditions d'utilisation difficiles. Il se compose g\u00e9n\u00e9ralement d'un tube de base, fix\u00e9 au ch\u00e2ssis du camion, et de plusieurs tubes suppl\u00e9mentaires embo\u00eet\u00e9s \u00e0 l'int\u00e9rieur. Ces tubes, de diam\u00e8tres diff\u00e9rents, peuvent s'embo\u00eeter les uns dans les autres, offrant ainsi une course maximale.<\/p>\n<p>Le v\u00e9rin est actionn\u00e9 par un fluide hydraulique, pomp\u00e9 dans le tube de base par une conduite hydraulique. La pression du fluide provoque l'\u00e9cartement des tubes, g\u00e9n\u00e9rant ainsi le mouvement lin\u00e9aire et la force n\u00e9cessaires au levage et au d\u00e9chargement de charges lourdes. L'\u00e9tanch\u00e9it\u00e9 du v\u00e9rin est g\u00e9n\u00e9ralement assur\u00e9e par des joints toriques ou des joints \u00e0 l\u00e8vres afin d'\u00e9viter toute fuite.<\/p>\n<h3>Avantages<\/h3>\n<p>Le v\u00e9rin t\u00e9lescopique invers\u00e9 pr\u00e9sente plusieurs avantages par rapport aux autres types de v\u00e9rins hydrauliques. Premi\u00e8rement, sa course est plus longue que celle des v\u00e9rins de taille similaire, ce qui le rend id\u00e9al pour les applications exigeant une hauteur de levage maximale. Deuxi\u00e8mement, sa conception lui permet de r\u00e9sister \u00e0 des charges importantes et \u00e0 des conditions d'utilisation difficiles, garantissant ainsi sa durabilit\u00e9 et sa fiabilit\u00e9. Troisi\u00e8mement, sa conception tubulaire embo\u00eet\u00e9e unique lui conf\u00e8re une compacit\u00e9 sup\u00e9rieure \u00e0 celle des autres types de v\u00e9rins, un atout majeur dans les espaces restreints.<\/p>\n<h3>Applications<\/h3>\n<p>Le v\u00e9rin t\u00e9lescopique invers\u00e9 est couramment utilis\u00e9 dans les camions-bennes pour lever et d\u00e9charger de lourdes charges de mat\u00e9riaux. Il est \u00e9galement employ\u00e9 dans d'autres applications exigeantes, comme les engins de chantier, o\u00f9 il fournit le mouvement lin\u00e9aire et la force n\u00e9cessaires au d\u00e9placement de charges importantes.<\/p>\n<p>Le v\u00e9rin t\u00e9lescopique invers\u00e9 est un actionneur hydraulique hautement sp\u00e9cialis\u00e9 offrant une course et une force de levage maximales pour les camions-bennes et autres applications lourdes. Sa conception et sa fabrication uniques lui conf\u00e8rent durabilit\u00e9, fiabilit\u00e9 et efficacit\u00e9. Fabricant italien sp\u00e9cialis\u00e9 dans les v\u00e9rins hydrauliques, nous proposons des v\u00e9rins hydrauliques \u00e0 longue course \u00e0 4 \u00e9tages de haute qualit\u00e9 pour diverses applications lourdes, notamment les camions-bennes. Pour vos applications lourdes, contactez-nous d\u00e8s aujourd'hui\u00a0!<\/p>\n<h3>\u00c0 propos de FMP<\/h3>\n<p>FMP est une entreprise sp\u00e9cialis\u00e9e dans la production et la vente de v\u00e9rins hydrauliques. Fournisseur fiable et exp\u00e9riment\u00e9 de pi\u00e8ces d\u00e9tach\u00e9es pour engins de chantier et de solutions compl\u00e8tes, nous nous engageons \u00e0 offrir \u00e0 nos clients des produits de haute qualit\u00e9 et un service irr\u00e9prochable.<\/p>\n<p><img decoding=\"async\" src=\"https:\/\/fmp-components.com\/wp-content\/uploads\/2024\/12\/Adjustable-Clevis-Type-Cylinders-6.webp\" alt=\"V\u00e9rin \u00e0 chape r\u00e9glable\" width=\"847\" title=\"\"><\/p>\n<h4>1. Large gamme de produits<\/h4>\n<p>Chez FMP, nous proposons une gamme compl\u00e8te de v\u00e9rins hydrauliques adapt\u00e9s \u00e0 diverses applications dans le secteur des engins de construction. Notre gamme de produits comprend des v\u00e9rins \u00e0 chape r\u00e9glable, des v\u00e9rins t\u00e9lescopiques, des v\u00e9rins soud\u00e9s, et bien plus encore. Quels que soient vos besoins sp\u00e9cifiques, nous avons le v\u00e9rin hydraulique qu'il vous faut.<\/p>\n<h4>2. Qualit\u00e9 sup\u00e9rieure<\/h4>\n<p>Nous comprenons l'importance de pi\u00e8ces fiables et durables pour les engins de chantier. C'est pourquoi tous nos v\u00e9rins hydrauliques sont fabriqu\u00e9s \u00e0 partir de mat\u00e9riaux de haute qualit\u00e9 et soumis \u00e0 des contr\u00f4les qualit\u00e9 rigoureux. Ainsi, nos produits sont capables de r\u00e9sister aux conditions exigeantes des chantiers et offrent une performance durable.<\/p>\n<h4>3. Options de personnalisation<\/h4>\n<p>Nous savons que chaque projet peut n\u00e9cessiter des sp\u00e9cifications uniques pour les v\u00e9rins hydrauliques. C'est pourquoi nous proposons des options de personnalisation afin d'adapter nos produits \u00e0 vos besoins sp\u00e9cifiques. Notre \u00e9quipe exp\u00e9riment\u00e9e travaillera en \u00e9troite collaboration avec vous pour concevoir et fabriquer des v\u00e9rins hydrauliques parfaitement adapt\u00e9s \u00e0 vos exigences.<\/p>\n<h4>4. Une \u00e9quipe de vente comp\u00e9tente<\/h4>\n<p>Notre \u00e9quipe commerciale est compos\u00e9e de professionnels experts du secteur des engins de construction. Ils ma\u00eetrisent parfaitement les derni\u00e8res tendances et les besoins des clients sur le march\u00e9. En choisissant FMP, vous b\u00e9n\u00e9ficiez de conseils produits personnalis\u00e9s et de recommandations d'achat judicieuses pour vous aider \u00e0 prendre des d\u00e9cisions \u00e9clair\u00e9es.<\/p>\n<h4>5. Distribution logistique efficace<\/h4>\n<p>Dans le secteur des engins de chantier, le respect des d\u00e9lais de livraison est crucial, et nous privil\u00e9gions une distribution logistique efficace. Gr\u00e2ce \u00e0 notre syst\u00e8me \u00e9prouv\u00e9, nous vous garantissons une livraison rapide et pr\u00e9cise de vos v\u00e9rins hydrauliques. Vous minimisez ainsi les temps d'arr\u00eat et assurez le bon d\u00e9roulement de vos projets.<\/p>\n<p>Auteur : CX<\/p>","protected":false},"excerpt":{"rendered":"<p>Introducing the Italian Factory Dump Truck 4 Stage Long Stroke Hydraulic Cylinder: The Italian Factory Dump Truck 4 Stage Long Stroke Hydraulic Cylinder is a highly versatile and durable hydraulic cylinder designed specifically for dump trucks. With its advanced technology and precision engineering, this hydraulic cylinder offers exceptional performance and reliability for various applications. Featuring [&hellip;]<\/p>","protected":false},"featured_media":1692,"comment_status":"closed","ping_status":"closed","template":"","meta":{"_et_pb_use_builder":"","_et_pb_old_content":"","_et_gb_content_width":""},"product_brand":[],"product_cat":[45],"product_tag":[34,48],"class_list":{"0":"post-1691","1":"product","2":"type-product","3":"status-publish","4":"has-post-thumbnail","6":"product_cat-inverted-telescopic-cylinder","7":"product_tag-hydraulic-cylinder","8":"product_tag-inverted-telescopic-cylinder","10":"first","11":"instock","12":"product-type-simple"},"_links":{"self":[{"href":"https:\/\/fmp-components.com\/fr\/wp-json\/wp\/v2\/product\/1691","targetHints":{"allow":["GET"]}}],"collection":[{"href":"https:\/\/fmp-components.com\/fr\/wp-json\/wp\/v2\/product"}],"about":[{"href":"https:\/\/fmp-components.com\/fr\/wp-json\/wp\/v2\/types\/product"}],"replies":[{"embeddable":true,"href":"https:\/\/fmp-components.com\/fr\/wp-json\/wp\/v2\/comments?post=1691"}],"wp:featuredmedia":[{"embeddable":true,"href":"https:\/\/fmp-components.com\/fr\/wp-json\/wp\/v2\/media\/1692"}],"wp:attachment":[{"href":"https:\/\/fmp-components.com\/fr\/wp-json\/wp\/v2\/media?parent=1691"}],"wp:term":[{"taxonomy":"product_brand","embeddable":true,"href":"https:\/\/fmp-components.com\/fr\/wp-json\/wp\/v2\/product_brand?post=1691"},{"taxonomy":"product_cat","embeddable":true,"href":"https:\/\/fmp-components.com\/fr\/wp-json\/wp\/v2\/product_cat?post=1691"},{"taxonomy":"product_tag","embeddable":true,"href":"https:\/\/fmp-components.com\/fr\/wp-json\/wp\/v2\/product_tag?post=1691"}],"curies":[{"name":"wp","href":"https:\/\/api.w.org\/{rel}","templated":true}]}}