{"id":1685,"date":"2024-12-23T07:01:59","date_gmt":"2024-12-23T07:01:59","guid":{"rendered":"https:\/\/fmp-components.com\/product\/hot-sale-dump-truck-hydraulic-cylinder-customized-hydraulic-cylinder\/"},"modified":"2025-03-11T06:05:38","modified_gmt":"2025-03-11T06:05:38","slug":"hot-sale-dump-truck-hydraulic-cylinder-customized-hydraulic-cylinder","status":"publish","type":"product","link":"https:\/\/fmp-components.com\/fr\/product\/hot-sale-dump-truck-hydraulic-cylinder-customized-hydraulic-cylinder\/","title":{"rendered":"Vente chaude Cylindre hydraulique pour camion \u00e0 benne basculante Cylindre hydraulique personnalis\u00e9"},"content":{"rendered":"<h2>Pr\u00e9sentation du v\u00e9rin hydraulique pour camion-benne en promotion\u00a0: v\u00e9rin hydraulique personnalis\u00e9<\/h2>\n<p>Le v\u00e9rin hydraulique pour camion-benne, actuellement en promotion, est un v\u00e9rin hydraulique extr\u00eamement fiable et performant, con\u00e7u sp\u00e9cifiquement pour les camions-bennes. Gr\u00e2ce \u00e0 ses caract\u00e9ristiques personnalis\u00e9es et \u00e0 ses performances exceptionnelles, il constitue la solution id\u00e9ale pour tous vos besoins hydrauliques.<\/p>\n<p>Ce v\u00e9rin hydraulique est fabriqu\u00e9 avec soin \u00e0 partir de mat\u00e9riaux de premi\u00e8re qualit\u00e9 et gr\u00e2ce \u00e0 une technologie de pointe, garantissant ainsi sa durabilit\u00e9 et sa long\u00e9vit\u00e9. Con\u00e7u pour r\u00e9sister aux charges lourdes et aux conditions de travail difficiles, il est id\u00e9al pour les camions-bennes utilis\u00e9s dans les secteurs de la construction, des mines et du transport.<\/p>\n<p>Le v\u00e9rin hydraulique pour camion-benne, actuellement en promotion, offre une capacit\u00e9 de levage exceptionnelle, facilitant le d\u00e9chargement des mat\u00e9riaux. Son syst\u00e8me de commande pr\u00e9cis garantit des mouvements fluides et pr\u00e9cis, optimisant ainsi l'efficacit\u00e9 op\u00e9rationnelle globale de votre camion-benne.<\/p>\n<p><img decoding=\"async\" src=\"https:\/\/hzpt.com\/wp-content\/uploads\/2023\/11\/Inverted-Telescopic-Cylinder-2.webp\" alt=\"\" title=\"\"><\/p>\n<p>L'un des atouts majeurs de ce v\u00e9rin hydraulique r\u00e9side dans ses options de personnalisation. Il peut \u00eatre con\u00e7u sur mesure pour r\u00e9pondre aux exigences sp\u00e9cifiques de votre camion-benne, garantissant ainsi un ajustement parfait et des performances optimales. Que vous ayez besoin d'une course, d'un type de montage ou d'une pression nominale particuli\u00e8re, ce v\u00e9rin hydraulique peut \u00eatre personnalis\u00e9 en cons\u00e9quence.<\/p>\n<p>De plus, le v\u00e9rin hydraulique pour camion-benne, tr\u00e8s demand\u00e9, est facile \u00e0 installer et \u00e0 entretenir. Il est fourni avec des instructions claires et son entretien ne n\u00e9cessite qu'un temps d'arr\u00eat minimal, ce qui contribue \u00e0 une productivit\u00e9 accrue et \u00e0 des co\u00fbts d'exploitation r\u00e9duits.<\/p>\n<table style=\"width: 100%;\" border=\"1\" width=\"100%\" cellspacing=\"0\" cellpadding=\"0\">\n<tbody>\n<tr>\n<th>Nom du produit<\/th>\n<td>Cylindre hydraulique pour camion-benne en promotion<\/td>\n<\/tr>\n<tr>\n<th>Condition<\/th>\n<td>Nouveau<\/td>\n<\/tr>\n<tr>\n<th>Garantie<\/th>\n<td>1 an<\/td>\n<\/tr>\n<tr>\n<th>Poids (KG)<\/th>\n<td>48<\/td>\n<\/tr>\n<tr>\n<th>Pouss\u00e9e maximale<\/th>\n<td>3000<\/td>\n<\/tr>\n<tr>\n<th>Traction maximale<\/th>\n<td>20 tonnes<\/td>\n<\/tr>\n<tr>\n<th>Taille de l&#039;al\u00e9sage<\/th>\n<td>2 \u00e0 6 pouces<\/td>\n<\/tr>\n<tr>\n<th>Taille de la tige<\/th>\n<td>1,125 \u2013 4 pouces<\/td>\n<\/tr>\n<tr>\n<th>Taille de la course<\/th>\n<td>6 \u00e0 48 pouces<\/td>\n<\/tr>\n<tr>\n<th>Taille de la broche<\/th>\n<td>0,5 \u00e0 2 pouces<\/td>\n<\/tr>\n<tr>\n<th>Mat\u00e9riel<\/th>\n<td>Acier<\/td>\n<\/tr>\n<tr>\n<th>Conception<\/th>\n<td>Structure standard<\/td>\n<\/tr>\n<tr>\n<th>Certification<\/th>\n<td>ISO 9001:2000<\/td>\n<\/tr>\n<tr>\n<th>Couleur<\/th>\n<td>Noir \u00e9l\u00e9gant<\/td>\n<\/tr>\n<tr>\n<th>Industries concern\u00e9es<\/th>\n<td>Usine de fabrication, Ateliers de r\u00e9paration de machines, Exploitations agricoles, \u00c9nergie et mines, Fabrication de machines, Usine de machines<\/td>\n<\/tr>\n<\/tbody>\n<\/table>\n<h2>Caract\u00e9ristiques du v\u00e9rin hydraulique<\/h2>\n<p>Ce v\u00e9rin hydraulique poss\u00e8de plusieurs caract\u00e9ristiques\u00a0:<\/p>\n<ol>\n<li>Structure standard piston-cylindre : assure une puissance hydraulique stable et fiable.<\/li>\n<li>Mat\u00e9riau du corps : Acier. Offre durabilit\u00e9 et r\u00e9sistance.<\/li>\n<li>Cylindres t\u00e9lescopiques invers\u00e9s\u00a0: offrent une plus grande polyvalence et une meilleure efficacit\u00e9.<\/li>\n<li>Certification ISO9001:2000 : Garantie qualit\u00e9 et fiabilit\u00e9.<\/li>\n<li>Ports personnalisables\u00a0: ports G\/SAE\/NPT\/M disponibles pour une personnalisation.<\/li>\n<\/ol>\n<h2>Applications du v\u00e9rin hydraulique<\/h2>\n<p>Ce v\u00e9rin hydraulique trouve de multiples applications dans\u00a0:<\/p>\n<ol>\n<li>Usines de fabrication : Facilite le fonctionnement efficace des machines.<\/li>\n<li>Ateliers de r\u00e9paration de machines : Assistance \u00e0 la r\u00e9paration de machines lourdes.<\/li>\n<li>Exploitations agricoles\u00a0: Utilis\u00e9 dans les machines agricoles pour diverses op\u00e9rations.<\/li>\n<li>\u00c9nergie et exploitation mini\u00e8re : essentiel pour les \u00e9quipements miniers lourds.<\/li>\n<li>Usines de machines : Favorise l'efficacit\u00e9 op\u00e9rationnelle dans la production de machines.<\/li>\n<\/ol>\n<p><img decoding=\"async\" src=\"https:\/\/hzpt.com\/wp-content\/uploads\/2023\/11\/Inverted-Telescopic-Cylinder-Applications.webp\" alt=\"Applications du v\u00e9rin t\u00e9lescopique invers\u00e9\" title=\"\"><\/p>\n<h2>Principe de fonctionnement et entretien du v\u00e9rin hydraulique<\/h2>\n<p>Le v\u00e9rin hydraulique fonctionne selon un principe simple\u00a0: l\u2019entr\u00e9e d\u2019un fluide hydraulique g\u00e9n\u00e8re une force de sortie. L\u2019entretien r\u00e9gulier comprend l\u2019inspection, le nettoyage, la lubrification et le remplacement des joints. Les inspections et les r\u00e9parations r\u00e9guli\u00e8res doivent \u00eatre effectu\u00e9es conform\u00e9ment au manuel d\u2019utilisation.<\/p>\n<p><img decoding=\"async\" src=\"https:\/\/hzpt.com\/wp-content\/uploads\/2023\/11\/Inverted-Telescopic-Cylinder-8.webp\" alt=\"\" title=\"\"><\/p>\n<h2>V\u00e9rin t\u00e9lescopique invers\u00e9<\/h2>\n<p>Un v\u00e9rin t\u00e9lescopique invers\u00e9 est un type de v\u00e9rin hydraulique couramment utilis\u00e9 sur les camions-bennes et autres engins de chantier. Con\u00e7u pour offrir une force de levage et une stabilit\u00e9 \u00e9lev\u00e9es, il est id\u00e9al pour la manutention de charges lourdes dans diverses applications. Ce type de v\u00e9rin se compose de plusieurs \u00e9tages qui s'\u00e9tendent et se r\u00e9tractent pour fournir la force de levage n\u00e9cessaire.<\/p>\n<p>Voici quelques caract\u00e9ristiques et avantages cl\u00e9s du cylindre t\u00e9lescopique invers\u00e9\u00a0:<\/p>\n<ol>\n<li>Capacit\u00e9 de levage \u00e9lev\u00e9e\u00a0: Le v\u00e9rin t\u00e9lescopique invers\u00e9 est reconnu pour sa capacit\u00e9 de levage exceptionnelle. Il est con\u00e7u pour supporter des charges lourdes sans compromettre ses performances ni sa stabilit\u00e9.<\/li>\n<li>Conception compacte\u00a0: Malgr\u00e9 sa capacit\u00e9 de levage \u00e9lev\u00e9e, le v\u00e9rin t\u00e9lescopique invers\u00e9 pr\u00e9sente une conception compacte qui permet une installation et une int\u00e9gration faciles dans diff\u00e9rents types de machines.<\/li>\n<li>Fonctionnement fluide\u00a0: Ce type de v\u00e9rin offre un fonctionnement fluide et pr\u00e9cis, garantissant une lev\u00e9e et une descente efficaces des charges. Il est con\u00e7u pour minimiser les vibrations et les \u00e0-coups, offrant ainsi un contr\u00f4le et une s\u00e9curit\u00e9 accrus.<\/li>\n<li>Construction robuste\u00a0: les v\u00e9rins t\u00e9lescopiques invers\u00e9s sont con\u00e7us pour r\u00e9sister aux conditions de travail les plus difficiles. Ils sont g\u00e9n\u00e9ralement fabriqu\u00e9s \u00e0 partir de mat\u00e9riaux de haute qualit\u00e9, comme l\u2019acier tremp\u00e9, ce qui garantit leur durabilit\u00e9 et leur long\u00e9vit\u00e9.<\/li>\n<li>Personnalisation\u00a0: Le v\u00e9rin t\u00e9lescopique invers\u00e9 peut \u00eatre personnalis\u00e9 pour r\u00e9pondre \u00e0 des exigences sp\u00e9cifiques. Il peut \u00eatre adapt\u00e9 en termes de course, d\u2019options de montage et d\u2019autres param\u00e8tres afin de convenir \u00e0 diff\u00e9rentes applications.<\/li>\n<li>V\u00e9rin hydraulique pour camion-benne en promotion\u00a0: Notre entreprise est sp\u00e9cialis\u00e9e dans la fabrication et la fourniture de v\u00e9rins hydrauliques de haute qualit\u00e9 pour camions-bennes, notamment des v\u00e9rins t\u00e9lescopiques invers\u00e9s. Nos v\u00e9rins sont reconnus pour leur fiabilit\u00e9, leurs performances et leur prix comp\u00e9titif. Nous proposons une gamme d'options pour r\u00e9pondre aux besoins vari\u00e9s de nos clients.<\/li>\n<li>V\u00e9rin hydraulique sur mesure\u00a0: Nous savons que chaque application peut n\u00e9cessiter une solution hydraulique unique. C\u2019est pourquoi nous proposons des v\u00e9rins hydrauliques sur mesure, adapt\u00e9s \u00e0 vos besoins sp\u00e9cifiques. Notre \u00e9quipe d\u2019experts travaille en \u00e9troite collaboration avec vous pour concevoir et fabriquer des v\u00e9rins parfaitement adapt\u00e9s \u00e0 vos exigences.<\/li>\n<\/ol>\n<p>En conclusion, le v\u00e9rin t\u00e9lescopique invers\u00e9 est un v\u00e9rin hydraulique polyvalent et fiable offrant une capacit\u00e9 de levage exceptionnelle, un fonctionnement fluide et une grande durabilit\u00e9. Que vous ayez besoin d'un v\u00e9rin hydraulique standard pour camion-benne ou d'une solution sur mesure, nous poss\u00e9dons l'expertise et les ressources n\u00e9cessaires pour r\u00e9pondre \u00e0 vos exigences. Contactez-nous d\u00e8s aujourd'hui pour en savoir plus sur nos produits et services.<\/p>\n<h3>\u00c0 propos de FMP \u2013 Votre fournisseur professionnel de v\u00e9rins hydrauliques<\/h3>\n<p>Chez FMP, nous sommes sp\u00e9cialis\u00e9s dans la vente et l'entretien de pi\u00e8ces d\u00e9tach\u00e9es et de machines compl\u00e8tes pour engins de chantier. Nous sommes fiers d'\u00eatre un fournisseur de premier plan de v\u00e9rins hydrauliques fiables et de haute qualit\u00e9. Voici quelques raisons pour lesquelles nous pensons que nos v\u00e9rins hydrauliques sont les meilleurs du march\u00e9\u00a0:<\/p>\n<p>1. Ing\u00e9nierie de pr\u00e9cision \u2013 Nos v\u00e9rins hydrauliques sont con\u00e7us avec une ing\u00e9nierie de pr\u00e9cision, ce qui garantit leur durabilit\u00e9 et leur fiabilit\u00e9 m\u00eame dans les conditions les plus difficiles.<\/p>\n<p>2. Large gamme d'applications \u2013 Nos v\u00e9rins hydrauliques peuvent \u00eatre utilis\u00e9s dans une large gamme d'applications, notamment les machines agricoles, les \u00e9quipements industriels et les engins de chantier.<\/p>\n<p>3. Conception personnalis\u00e9e \u2013 Nous pouvons personnaliser la conception de nos v\u00e9rins hydrauliques pour r\u00e9pondre aux besoins sp\u00e9cifiques de nos clients, en leur garantissant les meilleures performances possibles de nos produits.<\/p>\n<p>4. Mat\u00e9riaux de haute qualit\u00e9 \u2013 Nous utilisons uniquement des mat\u00e9riaux de la plus haute qualit\u00e9 dans la production de nos v\u00e9rins hydrauliques, ce qui leur permet de r\u00e9sister \u00e0 l'usure au fil du temps.<\/p>\n<p>5. Un service client exceptionnel \u2013 Chez FMP, nous sommes fiers d'offrir un service client exceptionnel \u00e0 tous nos clients. De la consultation produit aux suggestions d'achat judicieuses, notre \u00e9quipe de vente exp\u00e9riment\u00e9e est toujours l\u00e0 pour vous aider.<\/p>\n<p>Si vous recherchez un fournisseur de v\u00e9rins hydrauliques fiable et durable, ne cherchez plus\u00a0! Contactez FMP d\u00e8s aujourd'hui pour en savoir plus sur nos produits et services, et d\u00e9couvrir comment nous pouvons vous aider \u00e0 r\u00e9pondre \u00e0 vos besoins en engins de chantier.<\/p>\n<p><img decoding=\"async\" src=\"https:\/\/fmp-components.com\/wp-content\/uploads\/2024\/12\/Adjustable-Clevis-Type-Cylinders-6.webp\" alt=\"V\u00e9rin \u00e0 chape r\u00e9glable\" width=\"844\" title=\"\"><br \/>\nAuteur : CX<\/p>","protected":false},"excerpt":{"rendered":"<p>Introducing Hot Sale Dump Truck Hydraulic Cylinder Customized Hydraulic Cylinder: Hot Sale Dump Truck Hydraulic Cylinder is a highly reliable and efficient hydraulic cylinder designed specifically for dump trucks. With its customized features and exceptional performance, it is the perfect solution for all your hydraulic needs. This hydraulic cylinder is meticulously crafted using top-quality materials [&hellip;]<\/p>","protected":false},"featured_media":1686,"comment_status":"closed","ping_status":"closed","template":"","meta":{"_et_pb_use_builder":"","_et_pb_old_content":"","_et_gb_content_width":""},"product_brand":[],"product_cat":[45],"product_tag":[34,48],"class_list":{"0":"post-1685","1":"product","2":"type-product","3":"status-publish","4":"has-post-thumbnail","6":"product_cat-inverted-telescopic-cylinder","7":"product_tag-hydraulic-cylinder","8":"product_tag-inverted-telescopic-cylinder","10":"first","11":"instock","12":"product-type-simple"},"_links":{"self":[{"href":"https:\/\/fmp-components.com\/fr\/wp-json\/wp\/v2\/product\/1685","targetHints":{"allow":["GET"]}}],"collection":[{"href":"https:\/\/fmp-components.com\/fr\/wp-json\/wp\/v2\/product"}],"about":[{"href":"https:\/\/fmp-components.com\/fr\/wp-json\/wp\/v2\/types\/product"}],"replies":[{"embeddable":true,"href":"https:\/\/fmp-components.com\/fr\/wp-json\/wp\/v2\/comments?post=1685"}],"wp:featuredmedia":[{"embeddable":true,"href":"https:\/\/fmp-components.com\/fr\/wp-json\/wp\/v2\/media\/1686"}],"wp:attachment":[{"href":"https:\/\/fmp-components.com\/fr\/wp-json\/wp\/v2\/media?parent=1685"}],"wp:term":[{"taxonomy":"product_brand","embeddable":true,"href":"https:\/\/fmp-components.com\/fr\/wp-json\/wp\/v2\/product_brand?post=1685"},{"taxonomy":"product_cat","embeddable":true,"href":"https:\/\/fmp-components.com\/fr\/wp-json\/wp\/v2\/product_cat?post=1685"},{"taxonomy":"product_tag","embeddable":true,"href":"https:\/\/fmp-components.com\/fr\/wp-json\/wp\/v2\/product_tag?post=1685"}],"curies":[{"name":"wp","href":"https:\/\/api.w.org\/{rel}","templated":true}]}}